{"id":41571,"date":"2018-04-16T10:56:17","date_gmt":"2018-04-16T10:56:17","guid":{"rendered":"https:\/\/business.roovi.com\/puzzle-adulti-1000-piese-gustav-klimt-the-virginfecioara\/p\/"},"modified":"2023-02-15T08:03:19","modified_gmt":"2023-02-15T08:03:19","slug":"1000-darab-gustav-klimt-felnott-puzzle-a-szuz-fecioara","status":"publish","type":"product","link":"https:\/\/business.roovi.com\/hu\/1000-darab-gustav-klimt-felnott-puzzle-a-szuz-fecioara\/p\/","title":{"rendered":"1000 darab Gustav Klimt feln\u0151tt puzzle &#8211; A sz\u0171z"},"content":{"rendered":"<p><span style=\"font-weight: 400;\">Rakd \u00f6ssze az 1000 darabos kirak\u00f3sokat, \u00e9s csod\u00e1ld meg a saj\u00e1t kezeddel k\u00e9sz\u00edtett remekm\u0171veket!<\/span><\/p>\n<p><span style=\"font-weight: 400;\">Az egyik ilyen m\u0171alkot\u00e1s lehet az 1000 darabos puzzle Gustav Klimt &#8211; A sz\u0171z\/Feucioara. A festm\u00e9ny k\u00fcl\u00f6nb\u00f6z\u0151 t\u00e9m\u00e1kat dolgoz fel ciklikus form\u00e1ban: szerelem, szexualit\u00e1s, meg\u00fajul\u00e1s. Hat n\u0151t \u00e1br\u00e1zolnak egym\u00e1ssal \u00f6sszefon\u00f3dva, mindegyik\u00fck az \u00e9let egy-egy szakasz\u00e1t k\u00e9pviseli <\/span><\/p>\n<p><span style=\"font-weight: 400;\">Neh\u00e9znek t\u0171nik 1000 darabb\u00f3l \u00fajraalkotni ezt az eml\u00e9kezetes festm\u00e9nyt? Egy\u00e1ltal\u00e1n nem, ha kitart\u00e1sodat pr\u00f3b\u00e1ra teszed, \u00e9s t\u00f6k\u00e9letes strat\u00e9gi\u00e1t \u00e1ll\u00edtasz fel. H\u00fazza k\u00f6zel a nappali doh\u00e1nyz\u00f3asztal\u00e1t &#8211; az t\u00f6k\u00e9letesen megfelel az 50 x 70 cm-es festm\u00e9nynek, amelyet ebb\u0151l a sz\u00ednes, 1000 darabos kirak\u00f3sb\u00f3l kap &#8211; \u00e9s l\u00e1sson munk\u00e1hoz!<\/span><\/p>\n<p><span style=\"font-weight: 400;\">Olvasson t\u00f6bbet a Gustav Klimt &#8211; A sz\u0171z m\u0171v\u00e9szeti kirak\u00f3sr\u00f3l az al\u00e1bbiakban<\/span><\/p>\n<p><strong>Puzzle anyag <\/strong><\/p>\n<p><strong>kiv\u00e1l\u00f3 min\u0151s\u00e9g\u0171 k\u00e9k karton<\/strong><\/p>\n<p><strong>fenntarthat\u00f3, \u00fajrahasznos\u00edthat\u00f3 anyagok<\/strong><\/p>\n<p><strong>f\u00e9lf\u00e9nyes kivitel, \u00e9l\u00e9nk sz\u00ednek<\/strong><\/p>\n<p><strong>A kirak\u00f3s darabok sz\u00e1ma: 1000<\/strong><\/p>\n<p><strong>Aj\u00e1nlott \u00e9letkor: 14+<\/strong><\/p>\n<p><strong>A kirak\u00f3s j\u00e1t\u00e9kok sz\u00e1mos lehet\u0151s\u00e9get k\u00edn\u00e1lnak a kikapcsol\u00f3d\u00e1sra \u00e9s a fejl\u0151d\u00e9sre<\/strong><\/p>\n<p><span style=\"font-weight: 400;\">A feln\u0151tteknek sz\u00f3l\u00f3 rejtv\u00e9nyek nagyszer\u0171 m\u00f3dja a kikapcsol\u00f3d\u00e1snak \u00e9s a laz\u00edt\u00e1snak. Emellett sz\u00e1mos egy\u00e9b el\u0151nyt is biztos\u00edtanak, t\u00f6bbek k\u00f6z\u00f6tt:<\/span><\/p>\n<ul>\n<li><span style=\"font-weight: 400;\">A k\u00e9pzelet fejleszt\u00e9se<\/span><\/li>\n<li><span style=\"font-weight: 400;\">A mem\u00f3ria \u00e9s az \u00e9rz\u00e9kel\u00e9s jav\u00edt\u00e1sa<\/span><\/li>\n<li><span style=\"font-weight: 400;\">Logikai fejleszt\u00e9s<\/span><\/li>\n<li><span style=\"font-weight: 400;\">A vizu\u00e1lis t\u00e9rbeli intelligencia fejleszt\u00e9se<\/span><\/li>\n<li><span style=\"font-weight: 400;\">Figyelemfelkelt\u00e9s.<\/span><\/li>\n<\/ul>\n<p><strong>A oldalr\u00f3l <\/strong><strong><em>&#8222;<\/em><\/strong><strong><em>Sz\u0171z<\/em><\/strong><strong><em>&#8222;<\/em><\/strong><strong> klimt &#8222;A sz\u0171z&#8221; c\u00edm\u0171 m\u0171v\u00e9t tudtad?<\/strong><\/p>\n<p><span style=\"font-weight: 400;\">A szecesszi\u00f3s st\u00edlust t\u00fckr\u00f6z\u0151 festm\u00e9ny leny\u0171g\u00f6z\u0151, 200 x 190 cm-es m\u00e9retekkel rendelkezik.<\/span><\/p>\n<p><span style=\"font-weight: 400;\">A festm\u00e9ny k\u00fcl\u00f6nb\u00f6z\u0151 szimb\u00f3lumokat \u00e1br\u00e1zol, mint p\u00e9ld\u00e1ul a term\u00e9kenys\u00e9g, a n\u0151 t\u00f6bb \u00e9letszakaszban, a vil\u00e1g folyamatos fejl\u0151d\u00e9se. Egyes szerz\u0151k szerint a szexu\u00e1lis v\u00e1gy \u00e9s \u00e9lvezet l\u00e1tv\u00e1nya, ahogyan az ebben a m\u0171ben megjelenik, t\u00e1rsadalmi, politikai \u00e9s kultur\u00e1lis er\u0151nek tekinthet\u0151 <\/span><\/p>\n<p><span style=\"font-weight: 400;\">Gustav Klimt olyan m\u0171v\u00e9sz, aki rendk\u00edv\u00fcli m\u00f3don j\u00e1rult hozz\u00e1 a n\u0151k felszabad\u00edt\u00e1s\u00e1hoz \u00e9s az elveszett erotikus alap \u00fajra el\u0151t\u00e9rbe helyez\u00e9s\u00e9hez. A fest\u0151 m\u00e1r \u00e9let\u00e9ben b\u00edr\u00e1lta a t\u00e1rsadalom elavult kultur\u00e1lis erk\u00f6lcseit.<\/span><\/p>\n<p><span style=\"font-weight: 400;\">Egy osztr\u00e1k \u00e9kszergy\u00e1rt\u00f3 c\u00e9get a festm\u00e9ny ihlette <\/span><em><span style=\"font-weight: 400;\">&#8222;<\/span><\/em><em><span style=\"font-weight: 400;\">Virgin<\/span><\/em><em><span style=\"font-weight: 400;\">&#8221; <\/span><\/em><span style=\"font-weight: 400;\">\u00e9s a m\u0171v\u00e9sz munk\u00e1ss\u00e1ga el\u0151tt tisztelegve \u00e9kszerkollekci\u00f3t hozott l\u00e9tre.<\/span><\/p>\n<p><span style=\"font-weight: 400;\">Gustav Klimt mai h\u00edrneve ellen\u00e9re a m\u0171v\u00e9sz \u00e9let\u00e9ben sok vit\u00e1t v\u00e1ltott ki. Kort\u00e1rsai obszc\u00e9nnek tartott\u00e1k m\u0171veit, \u00e9s sz\u00e1mos festm\u00e9ny\u00e9t betiltott\u00e1k erotikus tartalmuk miatt.<\/span><\/p>\n<p><strong>A puzzle j\u00e1t\u00e9kok \u00f6sszek\u00f6tik az embereket<\/strong><\/p>\n<p><span style=\"font-weight: 400;\">A kirak\u00f3s j\u00e1t\u00e9kok egyik csod\u00e1latos el\u0151nye, hogy \u00f6sszehozz\u00e1k az embereket. T\u00e1rsasj\u00e1t\u00e9kk\u00e1 alak\u00edthatsz egy 1000 darabos kirak\u00f3t, \u00e9s szeretteiddel egy\u00fctt egy figyelemre m\u00e9lt\u00f3 alkot\u00e1st hozhatsz l\u00e9tre. Egy\u00fctt er\u0151sebbek vagytok, \u00e9s az egy\u00fctt t\u00f6lt\u00f6tt id\u0151 eml\u00e9kezetes \u00e9lm\u00e9ny lesz.<\/span><\/p>\n<p><span style=\"font-weight: 400;\">L\u00e9pj ki a komfortz\u00f3n\u00e1db\u00f3l, \u00e9s l\u00e9pj a relax\u00e1ci\u00f3 csod\u00e1latos \u00e1llapot\u00e1ba a Gustav Klimt &#8211; A sz\u0171z m\u0171v\u00e9szeti puzzle seg\u00edts\u00e9g\u00e9vel. V\u00e1s\u00e1rolja meg ezt az 1000 darabos puzzle-t, \u00e9s k\u00e9sz\u00edtse el saj\u00e1t m\u0171alkot\u00e1s\u00e1t \u00e9l\u00e9nk sz\u00ednekben. Aj\u00e1nd\u00e9kozd ezt a kirak\u00f3s j\u00e1t\u00e9kot egy k\u00f6zeli bar\u00e1todnak vagy egy szerettednek a csal\u00e1dodban<\/span><\/p>\n","protected":false},"excerpt":{"rendered":"<p>Rakd \u00f6ssze az 1000 darabos kirak\u00f3sokat, \u00e9s csod\u00e1ld meg a saj\u00e1t kezeddel k\u00e9sz\u00edtett remekm\u0171veket! Az egyik ilyen m\u0171alkot\u00e1s lehet az<\/p>\n","protected":false},"featured_media":34303,"template":"","meta":[],"product_brand":[],"product_cat":[1920,1919,1881],"product_tag":[],"class_list":{"0":"post-41571","1":"product","2":"type-product","3":"status-publish","4":"has-post-thumbnail","6":"product_cat-1000-darabos-kirakos-jatek","7":"product_cat-felnott-kirakos-jatekok","8":"product_cat-kirakos-jatekok","9":"pa_bax-10-hu","10":"pa_brand-d_toys-hu","11":"pa_country_of_manufacture-ro-hu","12":"pa_filter_age-14-hu","13":"pa_painter-gustavklimt-hu","14":"pa_tip_ambalaj-doboz","15":"pa_tip_puzzle-klasszikus","17":"first","18":"instock","19":"taxable","20":"shipping-taxable","21":"product-type-simple"},"yoast_head":"<!-- This site is optimized with the Yoast SEO plugin v20.1 - https:\/\/yoast.com\/wordpress\/plugins\/seo\/ -->\n<title>1000 darab Gustav Klimt feln\u0151tt puzzle - A sz\u0171z\/Fecioara<\/title>\n<meta name=\"description\" content=\"1000 darab Gustav Klimt feln\u0151tt puzzle - A sz\u0171z\/Fecioara\" \/>\n<meta name=\"robots\" content=\"index, follow, max-snippet:-1, max-image-preview:large, max-video-preview:-1\" \/>\n<link rel=\"canonical\" href=\"https:\/\/business.roovi.com\/hu\/1000-darab-gustav-klimt-felnott-puzzle-a-szuz-fecioara\/p\/\" \/>\n<meta property=\"og:locale\" content=\"hu_HU\" \/>\n<meta property=\"og:type\" content=\"article\" \/>\n<meta property=\"og:title\" content=\"1000 darab Gustav Klimt feln\u0151tt puzzle - A sz\u0171z\/Fecioara\" \/>\n<meta property=\"og:description\" content=\"1000 darab Gustav Klimt feln\u0151tt puzzle - A sz\u0171z\/Fecioara\" \/>\n<meta property=\"og:url\" content=\"https:\/\/business.roovi.com\/hu\/1000-darab-gustav-klimt-felnott-puzzle-a-szuz-fecioara\/p\/\" \/>\n<meta property=\"og:site_name\" content=\"Roovi B2B\" \/>\n<meta property=\"article:publisher\" content=\"https:\/\/www.facebook.com\/wwwjucariero\" \/>\n<meta property=\"article:modified_time\" content=\"2023-02-15T08:03:19+00:00\" \/>\n<meta property=\"og:image\" content=\"https:\/\/business.roovi.com\/wp-content\/uploads\/2018\/04\/66923-05_ansamblu_dimensiuni_cutie_cm_1200x1200.png\" \/>\n\t<meta property=\"og:image:width\" content=\"1200\" \/>\n\t<meta property=\"og:image:height\" content=\"1200\" \/>\n\t<meta property=\"og:image:type\" content=\"image\/png\" \/>\n<meta name=\"twitter:label1\" content=\"Becs\u00fclt olvas\u00e1si id\u0151\" \/>\n\t<meta name=\"twitter:data1\" content=\"3 perc\" \/>\n<script type=\"application\/ld+json\" class=\"yoast-schema-graph\">{\"@context\":\"https:\/\/schema.org\",\"@graph\":[{\"@type\":\"WebPage\",\"@id\":\"https:\/\/business.roovi.com\/hu\/1000-darab-gustav-klimt-felnott-puzzle-a-szuz-fecioara\/p\/\",\"url\":\"https:\/\/business.roovi.com\/hu\/1000-darab-gustav-klimt-felnott-puzzle-a-szuz-fecioara\/p\/\",\"name\":\"1000 darab Gustav Klimt feln\u0151tt puzzle - A sz\u0171z\/Fecioara\",\"isPartOf\":{\"@id\":\"https:\/\/business.roovi.com\/hu\/#website\"},\"datePublished\":\"2018-04-16T10:56:17+00:00\",\"dateModified\":\"2023-02-15T08:03:19+00:00\",\"description\":\"1000 darab Gustav Klimt feln\u0151tt puzzle - A sz\u0171z\/Fecioara\",\"breadcrumb\":{\"@id\":\"https:\/\/business.roovi.com\/hu\/1000-darab-gustav-klimt-felnott-puzzle-a-szuz-fecioara\/p\/#breadcrumb\"},\"inLanguage\":\"hu\",\"potentialAction\":[{\"@type\":\"ReadAction\",\"target\":[\"https:\/\/business.roovi.com\/hu\/1000-darab-gustav-klimt-felnott-puzzle-a-szuz-fecioara\/p\/\"]}]},{\"@type\":\"BreadcrumbList\",\"@id\":\"https:\/\/business.roovi.com\/hu\/1000-darab-gustav-klimt-felnott-puzzle-a-szuz-fecioara\/p\/#breadcrumb\",\"itemListElement\":[{\"@type\":\"ListItem\",\"position\":1,\"name\":\"Home\",\"item\":\"https:\/\/business.roovi.com\/hu\/\"},{\"@type\":\"ListItem\",\"position\":2,\"name\":\"Shop\",\"item\":\"https:\/\/business.roovi.com\/hu\/shop\/\"},{\"@type\":\"ListItem\",\"position\":3,\"name\":\"1000 darab Gustav Klimt feln\u0151tt puzzle &#8211; A sz\u0171z\"}]},{\"@type\":\"WebSite\",\"@id\":\"https:\/\/business.roovi.com\/hu\/#website\",\"url\":\"https:\/\/business.roovi.com\/hu\/\",\"name\":\"Roovi B2B\",\"description\":\"Roovi Business Website\",\"potentialAction\":[{\"@type\":\"SearchAction\",\"target\":{\"@type\":\"EntryPoint\",\"urlTemplate\":\"https:\/\/business.roovi.com\/hu\/?s={search_term_string}\"},\"query-input\":\"required name=search_term_string\"}],\"inLanguage\":\"hu\"}]}<\/script>\n<!-- \/ Yoast SEO plugin. -->","yoast_head_json":{"title":"1000 darab Gustav Klimt feln\u0151tt puzzle - A sz\u0171z\/Fecioara","description":"1000 darab Gustav Klimt feln\u0151tt puzzle - A sz\u0171z\/Fecioara","robots":{"index":"index","follow":"follow","max-snippet":"max-snippet:-1","max-image-preview":"max-image-preview:large","max-video-preview":"max-video-preview:-1"},"canonical":"https:\/\/business.roovi.com\/hu\/1000-darab-gustav-klimt-felnott-puzzle-a-szuz-fecioara\/p\/","og_locale":"hu_HU","og_type":"article","og_title":"1000 darab Gustav Klimt feln\u0151tt puzzle - A sz\u0171z\/Fecioara","og_description":"1000 darab Gustav Klimt feln\u0151tt puzzle - A sz\u0171z\/Fecioara","og_url":"https:\/\/business.roovi.com\/hu\/1000-darab-gustav-klimt-felnott-puzzle-a-szuz-fecioara\/p\/","og_site_name":"Roovi B2B","article_publisher":"https:\/\/www.facebook.com\/wwwjucariero","article_modified_time":"2023-02-15T08:03:19+00:00","og_image":[{"width":1200,"height":1200,"url":"https:\/\/business.roovi.com\/wp-content\/uploads\/2018\/04\/66923-05_ansamblu_dimensiuni_cutie_cm_1200x1200.png","type":"image\/png"}],"twitter_misc":{"Becs\u00fclt olvas\u00e1si id\u0151":"3 perc"},"schema":{"@context":"https:\/\/schema.org","@graph":[{"@type":"WebPage","@id":"https:\/\/business.roovi.com\/hu\/1000-darab-gustav-klimt-felnott-puzzle-a-szuz-fecioara\/p\/","url":"https:\/\/business.roovi.com\/hu\/1000-darab-gustav-klimt-felnott-puzzle-a-szuz-fecioara\/p\/","name":"1000 darab Gustav Klimt feln\u0151tt puzzle - A sz\u0171z\/Fecioara","isPartOf":{"@id":"https:\/\/business.roovi.com\/hu\/#website"},"datePublished":"2018-04-16T10:56:17+00:00","dateModified":"2023-02-15T08:03:19+00:00","description":"1000 darab Gustav Klimt feln\u0151tt puzzle - A sz\u0171z\/Fecioara","breadcrumb":{"@id":"https:\/\/business.roovi.com\/hu\/1000-darab-gustav-klimt-felnott-puzzle-a-szuz-fecioara\/p\/#breadcrumb"},"inLanguage":"hu","potentialAction":[{"@type":"ReadAction","target":["https:\/\/business.roovi.com\/hu\/1000-darab-gustav-klimt-felnott-puzzle-a-szuz-fecioara\/p\/"]}]},{"@type":"BreadcrumbList","@id":"https:\/\/business.roovi.com\/hu\/1000-darab-gustav-klimt-felnott-puzzle-a-szuz-fecioara\/p\/#breadcrumb","itemListElement":[{"@type":"ListItem","position":1,"name":"Home","item":"https:\/\/business.roovi.com\/hu\/"},{"@type":"ListItem","position":2,"name":"Shop","item":"https:\/\/business.roovi.com\/hu\/shop\/"},{"@type":"ListItem","position":3,"name":"1000 darab Gustav Klimt feln\u0151tt puzzle &#8211; A sz\u0171z"}]},{"@type":"WebSite","@id":"https:\/\/business.roovi.com\/hu\/#website","url":"https:\/\/business.roovi.com\/hu\/","name":"Roovi B2B","description":"Roovi Business Website","potentialAction":[{"@type":"SearchAction","target":{"@type":"EntryPoint","urlTemplate":"https:\/\/business.roovi.com\/hu\/?s={search_term_string}"},"query-input":"required name=search_term_string"}],"inLanguage":"hu"}]}},"_links":{"self":[{"href":"https:\/\/business.roovi.com\/hu\/wp-json\/wp\/v2\/product\/41571","targetHints":{"allow":["GET"]}}],"collection":[{"href":"https:\/\/business.roovi.com\/hu\/wp-json\/wp\/v2\/product"}],"about":[{"href":"https:\/\/business.roovi.com\/hu\/wp-json\/wp\/v2\/types\/product"}],"version-history":[{"count":0,"href":"https:\/\/business.roovi.com\/hu\/wp-json\/wp\/v2\/product\/41571\/revisions"}],"wp:featuredmedia":[{"embeddable":true,"href":"https:\/\/business.roovi.com\/hu\/wp-json\/wp\/v2\/media\/34303"}],"wp:attachment":[{"href":"https:\/\/business.roovi.com\/hu\/wp-json\/wp\/v2\/media?parent=41571"}],"wp:term":[{"taxonomy":"product_brand","embeddable":true,"href":"https:\/\/business.roovi.com\/hu\/wp-json\/wp\/v2\/product_brand?post=41571"},{"taxonomy":"product_cat","embeddable":true,"href":"https:\/\/business.roovi.com\/hu\/wp-json\/wp\/v2\/product_cat?post=41571"},{"taxonomy":"product_tag","embeddable":true,"href":"https:\/\/business.roovi.com\/hu\/wp-json\/wp\/v2\/product_tag?post=41571"}],"curies":[{"name":"wp","href":"https:\/\/api.w.org\/{rel}","templated":true}]}}