{"id":41575,"date":"2018-04-16T10:56:17","date_gmt":"2018-04-16T10:56:17","guid":{"rendered":"https:\/\/business.roovi.com\/puzzle-adulti-1000-piese-gustav-klimt-adele-bloch-bauer-i\/p\/"},"modified":"2022-07-06T17:29:15","modified_gmt":"2022-07-06T17:29:15","slug":"felnott-1000-darabos-gustav-klimt-puzzle-adele-bloch-bauer-i","status":"publish","type":"product","link":"https:\/\/business.roovi.com\/hu\/felnott-1000-darabos-gustav-klimt-puzzle-adele-bloch-bauer-i\/p\/","title":{"rendered":"Feln\u0151tt 1000 darabos Gustav Klimt puzzle &#8211; Adele Bloch-Bauer I."},"content":{"rendered":"<p><span style=\"font-weight: 400\">M\u0171v\u00e9szeti rejtv\u00e9nyek gy\u0171jtem\u00e9ny\u00fcnkben olyan feln\u0151tteknek sz\u00f3l\u00f3 rejtv\u00e9nyek tal\u00e1lhat\u00f3k, amelyek az \u00f6sszerak\u00e1s ut\u00e1n az \u00e9rz\u00e9kek \u00f6r\u00f6m\u00e9re szolg\u00e1lnak. Fogadd el a kih\u00edv\u00e1st, rekonstru\u00e1ld a k\u00e9peket \u00e9s \u00e9lvezd a csod\u00e1latos festm\u00e9nyeket!<\/span><\/p>\n<p><span style=\"font-weight: 400\">Egy \u00e9rz\u00e9ki, aranyozott h\u00f6lgy Gustav Klimt m\u0171v\u00e9sz leny\u0171g\u00f6z\u0151 festm\u00e9ny\u00e9n, 1000 darabos kirak\u00f3ss\u00e1 transzpon\u00e1lva &#8211; ezt aj\u00e1nljuk \u00d6nnek. Az I. Adele Bloch-Bauer portr\u00e9ja az osztr\u00e1k m\u0171v\u00e9sz egyik legh\u00edresebb festm\u00e9nye. Adele \u00e1ll\u00edt\u00f3lag Klimt szeret\u0151je volt, \u00e9s \u00fagy t\u0171nik, hogy a m\u0171v\u00e9sz t\u00f6bbet k\u00e9sz\u00fclt erre a m\u0171v\u00e9re, mint b\u00e1rmelyik m\u00e1sikra. \u00c9s amivel el\u0151\u00e1llt, az a vil\u00e1g nagy fest\u0151i k\u00f6z\u00e9 emelte a nev\u00e9t <\/span><\/p>\n<p><span style=\"font-weight: 400\">Most lehet\u0151s\u00e9ge van arra, hogy Klimt csod\u00e1latos festm\u00e9ny\u00e9nek egy leny\u0171g\u00f6z\u0151 m\u00e1solat\u00e1t birtokolja. K\u00e9sz\u00edtse \u00fajra a Gustav Klimt &#8211; Adele Bloch-Bauer I. portr\u00e9ja c\u00edm\u0171 1000 darabos puzzle k\u00e9p\u00e9t, \u00e9s d\u00edsz\u00edtse otthon\u00e1t egy k\u00fcl\u00f6nleges d\u00edszt\u00e1rggyal. \u00d6ssze\u00e1ll\u00edt\u00e1s\u00e1hoz egy hagyom\u00e1nyos doh\u00e1nyz\u00f3asztalt is haszn\u00e1lhat, mivel a v\u00e9gs\u0151 k\u00e9p m\u00e9rete 50 x 70 cm.<\/span><\/p>\n<p><span style=\"font-weight: 400\">A Gustav Klimt &#8211; Adele Bloch-Bauer I. portr\u00e9ja puzzle egy\u00e9b jellemz\u0151i:<\/span><\/p>\n<p><strong>Puzzle anyag <\/strong><\/p>\n<p><strong>kiv\u00e1l\u00f3 min\u0151s\u00e9g\u0171 k\u00e9k karton<\/strong><\/p>\n<p><strong>fenntarthat\u00f3, \u00fajrahasznos\u00edthat\u00f3 anyagok<\/strong><\/p>\n<p><strong>f\u00e9lf\u00e9nyes kivitel, \u00e9l\u00e9nk sz\u00ednek<\/strong><\/p>\n<p><strong>A kirak\u00f3s darabok sz\u00e1ma: 1000<\/strong><\/p>\n<p><strong>Aj\u00e1nlott \u00e9letkor: 14+<\/strong><\/p>\n<p><strong>A kirak\u00f3s j\u00e1t\u00e9kok csod\u00e1latos el\u0151nyei<\/strong><\/p>\n<p><span style=\"font-weight: 400\">Tudjuk, hogy szereted a feln\u0151tteknek sz\u00f3l\u00f3 rejtv\u00e9nyeket, \u00e9s szeretn\u00e9nk egy kicsit mes\u00e9lni neked arr\u00f3l, milyen el\u0151ny\u00f6kkel j\u00e1rhat ez a hobbi:<\/span><\/p>\n<p><strong>Seg\u00edt fejleszteni a probl\u00e9mamegold\u00f3 k\u00e9szs\u00e9g\u00e9t<\/strong><span style=\"font-weight: 400\">. Az 1000 darabos rejtv\u00e9nyek csak ilyenek&#8230; probl\u00e9m\u00e1k. A pihentet\u0151 \u00e9s intuit\u00edv j\u00e1t\u00e9kok seg\u00edtenek abban, hogy minden k\u00e9pess\u00e9gedet pr\u00f3b\u00e1ra tedd, \u00e9s megtal\u00e1ld a megold\u00e1st. Ez a gyakorlat m\u00e1s probl\u00e9m\u00e1s helyzetekben is seg\u00edteni fog, amelyekb\u0151l sokkal k\u00f6nnyebb kijutni.<\/span><\/p>\n<p><strong>Ez edzi az agyadat.<\/strong><span style=\"font-weight: 400\"> A kirak\u00f3s j\u00e1t\u00e9k \u00f6ssze\u00e1ll\u00edt\u00e1sa a jobb \u00e9s a bal agyf\u00e9ltek\u00e9t is ig\u00e9nybe veszi, \u00e9s teljes m\u00e9rt\u00e9kben megmozgatja az agyat.<\/span><\/p>\n<p><strong>Jav\u00edtj\u00e1k a mem\u00f3ri\u00e1t <\/strong><span style=\"font-weight: 400\">A darabok form\u00e1j\u00e1nak megjegyz\u00e9se, valamint az 1000 darab puzzle-darab megfelel\u0151 hely\u00e9nek kiv\u00e1laszt\u00e1sa j\u00f3 mem\u00f3riagyakorlat.<\/span><\/p>\n<p><strong>Seg\u00edt a szocializ\u00e1l\u00f3d\u00e1sban <\/strong><span style=\"font-weight: 400\">A kirak\u00f3s j\u00e1t\u00e9kok t\u00e1rsasj\u00e1t\u00e9kokk\u00e1 alak\u00edthat\u00f3k, amelyeket a csal\u00e1ddal vagy a bar\u00e1tokkal egy\u00fctt \u00e9lvezhet. Ha csapatk\u00e9nt dolgoztok, \u00e9s k\u00f6z\u00f6s c\u00e9lt t\u0171zt\u00f6k ki, sokkal jobban fogtok kommunik\u00e1lni \u00e9s jobban meg\u00e9rtitek egym\u00e1st, \u00e9s ez a tev\u00e9kenys\u00e9g nagyszer\u0171 ahhoz, hogy jobban \u00f6sszekov\u00e1csol\u00f3djatok \u00e9s jobban meg\u00e9rts\u00e9tek szeretteiteket.<\/span><\/p>\n<p><strong>7 \u00e9rdekes t\u00e9ny Adele Bloch-Bauer I. portr\u00e9j\u00e1r\u00f3l.<\/strong><\/p>\n<p><span style=\"font-weight: 400\">1. A festm\u00e9ny m\u00e1s n\u00e9ven is ismert <\/span><span style=\"font-weight: 400\">&#8222;Lady in Gold&#8221; vagy &#8222;Woman in Gold&#8221;.<\/span><\/p>\n<p><span style=\"font-weight: 400\">2. Ez Gustav Klimt aranykor\u00e1nak utols\u00f3 m\u0171ve \u00e9s remekm\u0171ve.<\/span><\/p>\n<p><span style=\"font-weight: 400\">3. A m\u0171vet Ferdinand Bloch-Bauer, Adele f\u00e9rje, Ferdinand Bloch-Bauer k\u00e9r\u00e9s\u00e9re k\u00e9sz\u00edtett\u00e9k.<\/span><\/p>\n<p><span style=\"font-weight: 400\">4. Klimt t\u00f6bb mint 100 el\u0151k\u00e9sz\u00edt\u0151 v\u00e1zlatot k\u00e9sz\u00edtett a portr\u00e9hoz, amelyek k\u00f6z\u00fcl sokat Ferdin\u00e1nd megv\u00e1s\u00e1rolt.<\/span><\/p>\n<p><span style=\"font-weight: 400\">5. Adele Bloch-Bauer az egyetlen szem\u00e9ly, akit Klimt k\u00e9tszer festett meg.<\/span><\/p>\n<p><span style=\"font-weight: 400\">6. 1941-ben a festm\u00e9nyt a n\u00e1cik ellopt\u00e1k, \u00e9s az \u00d6sterreichische Galerie Belvedere-ben \u00e1ll\u00edtott\u00e1k ki.<\/span><\/p>\n<p><span style=\"font-weight: 400\">7. 2006-ban mes\u00e9s 135 milli\u00f3 doll\u00e1r\u00e9rt adt\u00e1k el.<\/span><\/p>\n<p><strong>Puzzle j\u00e1t\u00e9kok \u00e9s&#8230;. boldogs\u00e1g<\/strong><\/p>\n<p><span style=\"font-weight: 400\">A feln\u0151tt rejtv\u00e9nyek \u00f6sszerak\u00e1sa ellaz\u00edt \u00e9s boldogabb\u00e1 tesz. \u00c9s ez nem csak egy sz\u00f3fordulat, hanem tudom\u00e1nyos bizony\u00edt\u00e9k: a tev\u00e9kenys\u00e9g sor\u00e1n az agy t\u00f6bb dopamint v\u00e1laszt ki, amely a j\u00f3 k\u00f6z\u00e9rzet\u00e9rt, az optimizmus\u00e9rt \u00e9s a boldogs\u00e1g\u00e9rt felel\u0151s anyag. Sz\u00f3val, rakd \u00f6ssze a kirak\u00f3s j\u00e1t\u00e9kokat \u00e9s l\u00e9gy boldog!<\/span><\/p>\n<p><span style=\"font-weight: 400\">V\u00e1s\u00e1roljon most Gustav Klimt Art Puzzle &#8211; Adele Bloch-Bauer I. portr\u00e9ja, \u00e9s tapasztalja meg a b\u00e9k\u00e9t \u00e9s a boldogs\u00e1got! Rakd \u00f6ssze ezt a csod\u00e1latos 1000 darabos puzzle-t a m\u0171v\u00e9szeti puzzle gy\u0171jtem\u00e9nyb\u0151l, \u00e9s alkoss egy t\u00f6k\u00e9letes m\u0171v\u00e9szeti remekm\u0171vet. Ha aj\u00e1nd\u00e9kot keresel egy puzzle-rajong\u00f3nak, ny\u0171g\u00f6zd le \u0151ket ezzel a Gustav Klimt &#8211; Adele Bloch-Bauer I. portr\u00e9ja feln\u0151tt puzzle-vel.<\/span><\/p><\/p>\n","protected":false},"excerpt":{"rendered":"<p>M\u0171v\u00e9szeti rejtv\u00e9nyek gy\u0171jtem\u00e9ny\u00fcnkben olyan feln\u0151tteknek sz\u00f3l\u00f3 rejtv\u00e9nyek tal\u00e1lhat\u00f3k, amelyek az \u00f6sszerak\u00e1s ut\u00e1n az \u00e9rz\u00e9kek \u00f6r\u00f6m\u00e9re szolg\u00e1lnak. Fogadd el a kih\u00edv\u00e1st,<\/p>\n","protected":false},"featured_media":34317,"template":"","meta":[],"product_brand":[],"product_cat":[1920,1919,1881],"product_tag":[],"class_list":{"0":"post-41575","1":"product","2":"type-product","3":"status-publish","4":"has-post-thumbnail","6":"product_cat-1000-darabos-kirakos-jatek","7":"product_cat-felnott-kirakos-jatekok","8":"product_cat-kirakos-jatekok","9":"pa_bax-10-hu","10":"pa_brand-d_toys-hu","11":"pa_country_of_manufacture-ro-hu","12":"pa_filter_age-14-hu","13":"pa_painter-gustavklimt-hu","14":"pa_tip_ambalaj-doboz","15":"pa_tip_puzzle-klasszikus","17":"first","18":"instock","19":"taxable","20":"shipping-taxable","21":"product-type-simple"},"yoast_head":"<!-- This site is optimized with the Yoast SEO plugin v20.1 - https:\/\/yoast.com\/wordpress\/plugins\/seo\/ -->\n<title>Feln\u0151tt 1000 darabos Gustav Klimt puzzle - Adele Bloch-Bauer I.<\/title>\n<meta name=\"description\" content=\"Feln\u0151tt 1000 darabos Gustav Klimt puzzle - Adele Bloch-Bauer I.\" \/>\n<meta name=\"robots\" content=\"index, follow, max-snippet:-1, max-image-preview:large, max-video-preview:-1\" \/>\n<link rel=\"canonical\" href=\"https:\/\/business.roovi.com\/hu\/felnott-1000-darabos-gustav-klimt-puzzle-adele-bloch-bauer-i\/p\/\" \/>\n<meta property=\"og:locale\" content=\"hu_HU\" \/>\n<meta property=\"og:type\" content=\"article\" \/>\n<meta property=\"og:title\" content=\"Feln\u0151tt 1000 darabos Gustav Klimt puzzle - Adele Bloch-Bauer I.\" \/>\n<meta property=\"og:description\" content=\"Feln\u0151tt 1000 darabos Gustav Klimt puzzle - Adele Bloch-Bauer I.\" \/>\n<meta property=\"og:url\" content=\"https:\/\/business.roovi.com\/hu\/felnott-1000-darabos-gustav-klimt-puzzle-adele-bloch-bauer-i\/p\/\" \/>\n<meta property=\"og:site_name\" content=\"Roovi B2B\" \/>\n<meta property=\"article:publisher\" content=\"https:\/\/www.facebook.com\/wwwjucariero\" \/>\n<meta property=\"article:modified_time\" content=\"2022-07-06T17:29:15+00:00\" \/>\n<meta property=\"og:image\" content=\"https:\/\/business.roovi.com\/wp-content\/uploads\/2018\/04\/66923-06_ansamblu_dimensiuni_cutie_cm_1200x1200.png\" \/>\n\t<meta property=\"og:image:width\" content=\"1200\" \/>\n\t<meta property=\"og:image:height\" content=\"1200\" \/>\n\t<meta property=\"og:image:type\" content=\"image\/png\" \/>\n<meta name=\"twitter:label1\" content=\"Becs\u00fclt olvas\u00e1si id\u0151\" \/>\n\t<meta name=\"twitter:data1\" content=\"4 perc\" \/>\n<script type=\"application\/ld+json\" class=\"yoast-schema-graph\">{\"@context\":\"https:\/\/schema.org\",\"@graph\":[{\"@type\":\"WebPage\",\"@id\":\"https:\/\/business.roovi.com\/hu\/felnott-1000-darabos-gustav-klimt-puzzle-adele-bloch-bauer-i\/p\/\",\"url\":\"https:\/\/business.roovi.com\/hu\/felnott-1000-darabos-gustav-klimt-puzzle-adele-bloch-bauer-i\/p\/\",\"name\":\"Feln\u0151tt 1000 darabos Gustav Klimt puzzle - Adele Bloch-Bauer I.\",\"isPartOf\":{\"@id\":\"https:\/\/business.roovi.com\/hu\/#website\"},\"datePublished\":\"2018-04-16T10:56:17+00:00\",\"dateModified\":\"2022-07-06T17:29:15+00:00\",\"description\":\"Feln\u0151tt 1000 darabos Gustav Klimt puzzle - Adele Bloch-Bauer I.\",\"breadcrumb\":{\"@id\":\"https:\/\/business.roovi.com\/hu\/felnott-1000-darabos-gustav-klimt-puzzle-adele-bloch-bauer-i\/p\/#breadcrumb\"},\"inLanguage\":\"hu\",\"potentialAction\":[{\"@type\":\"ReadAction\",\"target\":[\"https:\/\/business.roovi.com\/hu\/felnott-1000-darabos-gustav-klimt-puzzle-adele-bloch-bauer-i\/p\/\"]}]},{\"@type\":\"BreadcrumbList\",\"@id\":\"https:\/\/business.roovi.com\/hu\/felnott-1000-darabos-gustav-klimt-puzzle-adele-bloch-bauer-i\/p\/#breadcrumb\",\"itemListElement\":[{\"@type\":\"ListItem\",\"position\":1,\"name\":\"Home\",\"item\":\"https:\/\/business.roovi.com\/hu\/\"},{\"@type\":\"ListItem\",\"position\":2,\"name\":\"Shop\",\"item\":\"https:\/\/business.roovi.com\/hu\/shop\/\"},{\"@type\":\"ListItem\",\"position\":3,\"name\":\"Feln\u0151tt 1000 darabos Gustav Klimt puzzle &#8211; Adele Bloch-Bauer I.\"}]},{\"@type\":\"WebSite\",\"@id\":\"https:\/\/business.roovi.com\/hu\/#website\",\"url\":\"https:\/\/business.roovi.com\/hu\/\",\"name\":\"Roovi B2B\",\"description\":\"Roovi Business Website\",\"potentialAction\":[{\"@type\":\"SearchAction\",\"target\":{\"@type\":\"EntryPoint\",\"urlTemplate\":\"https:\/\/business.roovi.com\/hu\/?s={search_term_string}\"},\"query-input\":\"required name=search_term_string\"}],\"inLanguage\":\"hu\"}]}<\/script>\n<!-- \/ Yoast SEO plugin. -->","yoast_head_json":{"title":"Feln\u0151tt 1000 darabos Gustav Klimt puzzle - Adele Bloch-Bauer I.","description":"Feln\u0151tt 1000 darabos Gustav Klimt puzzle - Adele Bloch-Bauer I.","robots":{"index":"index","follow":"follow","max-snippet":"max-snippet:-1","max-image-preview":"max-image-preview:large","max-video-preview":"max-video-preview:-1"},"canonical":"https:\/\/business.roovi.com\/hu\/felnott-1000-darabos-gustav-klimt-puzzle-adele-bloch-bauer-i\/p\/","og_locale":"hu_HU","og_type":"article","og_title":"Feln\u0151tt 1000 darabos Gustav Klimt puzzle - Adele Bloch-Bauer I.","og_description":"Feln\u0151tt 1000 darabos Gustav Klimt puzzle - Adele Bloch-Bauer I.","og_url":"https:\/\/business.roovi.com\/hu\/felnott-1000-darabos-gustav-klimt-puzzle-adele-bloch-bauer-i\/p\/","og_site_name":"Roovi B2B","article_publisher":"https:\/\/www.facebook.com\/wwwjucariero","article_modified_time":"2022-07-06T17:29:15+00:00","og_image":[{"width":1200,"height":1200,"url":"https:\/\/business.roovi.com\/wp-content\/uploads\/2018\/04\/66923-06_ansamblu_dimensiuni_cutie_cm_1200x1200.png","type":"image\/png"}],"twitter_misc":{"Becs\u00fclt olvas\u00e1si id\u0151":"4 perc"},"schema":{"@context":"https:\/\/schema.org","@graph":[{"@type":"WebPage","@id":"https:\/\/business.roovi.com\/hu\/felnott-1000-darabos-gustav-klimt-puzzle-adele-bloch-bauer-i\/p\/","url":"https:\/\/business.roovi.com\/hu\/felnott-1000-darabos-gustav-klimt-puzzle-adele-bloch-bauer-i\/p\/","name":"Feln\u0151tt 1000 darabos Gustav Klimt puzzle - Adele Bloch-Bauer I.","isPartOf":{"@id":"https:\/\/business.roovi.com\/hu\/#website"},"datePublished":"2018-04-16T10:56:17+00:00","dateModified":"2022-07-06T17:29:15+00:00","description":"Feln\u0151tt 1000 darabos Gustav Klimt puzzle - Adele Bloch-Bauer I.","breadcrumb":{"@id":"https:\/\/business.roovi.com\/hu\/felnott-1000-darabos-gustav-klimt-puzzle-adele-bloch-bauer-i\/p\/#breadcrumb"},"inLanguage":"hu","potentialAction":[{"@type":"ReadAction","target":["https:\/\/business.roovi.com\/hu\/felnott-1000-darabos-gustav-klimt-puzzle-adele-bloch-bauer-i\/p\/"]}]},{"@type":"BreadcrumbList","@id":"https:\/\/business.roovi.com\/hu\/felnott-1000-darabos-gustav-klimt-puzzle-adele-bloch-bauer-i\/p\/#breadcrumb","itemListElement":[{"@type":"ListItem","position":1,"name":"Home","item":"https:\/\/business.roovi.com\/hu\/"},{"@type":"ListItem","position":2,"name":"Shop","item":"https:\/\/business.roovi.com\/hu\/shop\/"},{"@type":"ListItem","position":3,"name":"Feln\u0151tt 1000 darabos Gustav Klimt puzzle &#8211; Adele Bloch-Bauer I."}]},{"@type":"WebSite","@id":"https:\/\/business.roovi.com\/hu\/#website","url":"https:\/\/business.roovi.com\/hu\/","name":"Roovi B2B","description":"Roovi Business Website","potentialAction":[{"@type":"SearchAction","target":{"@type":"EntryPoint","urlTemplate":"https:\/\/business.roovi.com\/hu\/?s={search_term_string}"},"query-input":"required name=search_term_string"}],"inLanguage":"hu"}]}},"_links":{"self":[{"href":"https:\/\/business.roovi.com\/hu\/wp-json\/wp\/v2\/product\/41575","targetHints":{"allow":["GET"]}}],"collection":[{"href":"https:\/\/business.roovi.com\/hu\/wp-json\/wp\/v2\/product"}],"about":[{"href":"https:\/\/business.roovi.com\/hu\/wp-json\/wp\/v2\/types\/product"}],"version-history":[{"count":0,"href":"https:\/\/business.roovi.com\/hu\/wp-json\/wp\/v2\/product\/41575\/revisions"}],"wp:featuredmedia":[{"embeddable":true,"href":"https:\/\/business.roovi.com\/hu\/wp-json\/wp\/v2\/media\/34317"}],"wp:attachment":[{"href":"https:\/\/business.roovi.com\/hu\/wp-json\/wp\/v2\/media?parent=41575"}],"wp:term":[{"taxonomy":"product_brand","embeddable":true,"href":"https:\/\/business.roovi.com\/hu\/wp-json\/wp\/v2\/product_brand?post=41575"},{"taxonomy":"product_cat","embeddable":true,"href":"https:\/\/business.roovi.com\/hu\/wp-json\/wp\/v2\/product_cat?post=41575"},{"taxonomy":"product_tag","embeddable":true,"href":"https:\/\/business.roovi.com\/hu\/wp-json\/wp\/v2\/product_tag?post=41575"}],"curies":[{"name":"wp","href":"https:\/\/api.w.org\/{rel}","templated":true}]}}