{"id":41587,"date":"2018-04-16T10:56:17","date_gmt":"2018-04-16T10:56:17","guid":{"rendered":"https:\/\/business.roovi.com\/puzzle-adulti-vincent-van-gogh-the-starry-nightnoapte-instelata-1000-piese\/p\/"},"modified":"2022-10-18T09:37:26","modified_gmt":"2022-10-18T09:37:26","slug":"felnott-1000-darab-vincent-van-gogh-csillagos-ejszaka-puzzle","status":"publish","type":"product","link":"https:\/\/business.roovi.com\/hu\/felnott-1000-darab-vincent-van-gogh-csillagos-ejszaka-puzzle\/p\/","title":{"rendered":"Feln\u0151tt 1000 darab Vincent van Gogh &#8211; Csillagos \u00e9jszaka puzzle"},"content":{"rendered":"<p><span style=\"font-weight: 400;\">Csod\u00e1latos \u00e9rz\u00e9s egy m\u00fazeumban megcsod\u00e1lni a m\u0171alkot\u00e1sokat, de mi lenne, ha a festm\u00e9nyek gyan\u00fatlan szimb\u00f3lumait a saj\u00e1t otthonodban fedezhetn\u00e9d fel? A m\u0171v\u00e9szeti rejtv\u00e9nyek legnagyobb v\u00e1laszt\u00e9k\u00e1val pontosan ezt teheti. B\u00fajj a vil\u00e1g nagy fest\u0151inek b\u0151r\u00e9be, \u00e9s rekonstru\u00e1ld a m\u0171v\u00e9szvil\u00e1got ural\u00f3 h\u00edres k\u00e9peket! Gy\u0171jtem\u00e9ny\u00fcnk 1000 darabos kirak\u00f3s j\u00e1t\u00e9kokat tartalmaz a barokk, a rokok\u00f3, a szecesszi\u00f3, a neoklasszicizmus \u00e9s m\u00e1s m\u0171v\u00e9szeti \u00e1gak reprezentat\u00edv k\u00e9peivel.<\/span><\/p>\n<p><span style=\"font-weight: 400;\">Az 1000 darabos Vincent van Gogh &#8211; A csillagos \u00e9jszaka puzzle a m\u0171v\u00e9sz egyik legh\u00edresebb festm\u00e9ny\u00e9nek k\u00e9p\u00e9t \u00e1br\u00e1zolja. A kompoz\u00edci\u00f3t az \u00e9gbolt vibr\u00e1l\u00f3 l\u00e1tv\u00e1nya uralja, a f\u00f6l\u00f6tte tornyosul\u00f3 holddal \u00e9s csillagokkal. A m\u0171v\u00e9sz leny\u0171g\u00f6z\u0151 term\u00e9szetl\u00e1t\u00e1sa t\u00fckr\u00f6z\u0151dik ebben a figyelemre m\u00e9lt\u00f3 festm\u00e9nyben. Fedezd fel a m\u0171v\u00e9sz egyedi st\u00edlus\u00e1t r\u00e9szletesen ezzel a feln\u0151tteknek sz\u00f3l\u00f3 kirak\u00f3s j\u00e1t\u00e9kkal a m\u0171v\u00e9szeti kirak\u00f3s kollekci\u00f3nkb\u00f3l! H\u00fazza fel a doh\u00e1nyz\u00f3asztalt a nappaliban &#8211; ennyi kell az 50 x 70 cm-es festm\u00e9ny \u00fajraalkot\u00e1s\u00e1hoz -, k\u00e9sz\u00edtse el\u0151 kedvenc te\u00e1j\u00e1t, \u00e9s l\u00e1sson munk\u00e1hoz <\/span><\/p>\n<p><span style=\"font-weight: 400;\">Az 1000 darabos Vincent van Gogh &#8211; Csillagos \u00e9jszaka puzzle jellemz\u0151ir\u0151l itt olvashatsz b\u0151vebben:<\/span><\/p>\n<p><strong>Puzzle anyag <\/strong><\/p>\n<p><strong>kiv\u00e1l\u00f3 min\u0151s\u00e9g\u0171 k\u00e9k karton<\/strong><\/p>\n<p><strong>fenntarthat\u00f3, \u00fajrahasznos\u00edthat\u00f3 anyagok<\/strong><\/p>\n<p><strong>f\u00e9lf\u00e9nyes kivitel, \u00e9l\u00e9nk sz\u00ednek<\/strong><\/p>\n<p><strong>A kirak\u00f3s darabok sz\u00e1ma: 1000<\/strong><\/p>\n<p><strong>Aj\u00e1nlott \u00e9letkor: 14+<\/strong><\/p>\n<p><strong>Mi\u00e9rt eg\u00e9szs\u00e9ges az 1000 darabos kirak\u00f3s j\u00e1t\u00e9k?<\/strong><\/p>\n<p><span style=\"font-weight: 400;\">A feln\u0151tteknek sz\u00f3l\u00f3 kirak\u00f3s j\u00e1t\u00e9k \u00f6ssze\u00e1ll\u00edt\u00e1sa sz\u00e1mos eg\u00e9szs\u00e9g\u00fcgyi el\u0151nnyel j\u00e1r. Ezek k\u00f6z\u00e9 tartoznak:<\/span><\/p>\n<p><span style=\"font-weight: 400;\">Jav\u00edtott mem\u00f3ria.<\/span><\/p>\n<p><span style=\"font-weight: 400;\">A stressz szintj\u00e9nek cs\u00f6kkent\u00e9se.<\/span><\/p>\n<p><span style=\"font-weight: 400;\">Jav\u00edtott kognit\u00edv k\u00e9pess\u00e9gek.<\/span><\/p>\n<p><span style=\"font-weight: 400;\">Jav\u00edtott probl\u00e9mamegold\u00f3 k\u00e9szs\u00e9g.<\/span><\/p>\n<p><span style=\"font-weight: 400;\">Az \u00e1lmatlans\u00e1g cs\u00f6kkent\u00e9se.<\/span><\/p>\n<p><span style=\"font-weight: 400;\">Fokozott figyelem a r\u00e9szletekre.<\/span><\/p>\n<p><span style=\"font-weight: 400;\">Gyakorolja a kitart\u00e1st.<\/span><\/p>\n<p><strong>Milyen szimb\u00f3lumok vannak elrejtve a k\u00e9pen <\/strong><strong><em>Csillagos \u00e9jszaka<\/em><\/strong><strong> a m\u0171v\u00e9szeti rejtv\u00e9nyben?<\/strong><\/p>\n<p><span style=\"font-weight: 400;\">A l\u00e1tv\u00e1nyt a Saint R\u00e9my de Provence-i elmegy\u00f3gyint\u00e9zetben t\u00f6lt\u00f6tt id\u0151 alatt a m\u0171v\u00e9sz h\u00e1l\u00f3szob\u00e1j\u00e1nak ablak\u00e1b\u00f3l ny\u00edl\u00f3 kil\u00e1t\u00e1sk\u00e9nt azonos\u00edtott\u00e1k, amelyet Van Gogh nem kevesebb, mint 21 v\u00e1ltozatban festett meg.<\/span><\/p>\n<p><span style=\"font-weight: 400;\">Sokan Van Gogh csillag\u00e1szat ir\u00e1nti szenved\u00e9ly\u00e9hez k\u00f6tik e festm\u00e9ny jelent\u0151s\u00e9g\u00e9t. Ezt a hipot\u00e9zist er\u0151s\u00edti Jean-Pierre Luminet asztrofizikus \u00e1ll\u00edt\u00e1sa, miszerint a k\u00e9p a Saint R\u00e9myben 1889. m\u00e1jus 25-\u00e9n hajnali 4.40-kor l\u00e1tott \u00e9gi konfigur\u00e1ci\u00f3t \u00e1br\u00e1zolja.<\/span><\/p>\n<p><span style=\"font-weight: 400;\">Egyesek bibliai szimb\u00f3lumokat is felfedeztek a festm\u00e9nyen: a 11 csillag \u00e1ll\u00edt\u00f3lag hasonl\u00edt az 1M\u00f3zes 37:9-ben szerepl\u0151h\u00f6z, ahol J\u00f3zsef elmondja testv\u00e9reinek az \u00e1lm\u00e1t <\/span><em><span style=\"font-weight: 400;\">&#8222;\u00dajabb \u00e1lmot \u00e1lmodtam! A nap, a hold \u00e9s tizenegy csillag vetette le mag\u00e1t el\u0151ttem.&#8221;<\/span><\/em><\/p>\n<p><span style=\"font-weight: 400;\">A festm\u00e9ny k\u00f6zep\u00e9n l\u00e9v\u0151 \u00f6rv\u00e9nyr\u0151l egyesek \u00fagy v\u00e9lik, hogy a m\u0171v\u00e9sz zaklatott elm\u00e9j\u00e9t jelk\u00e9pezi. M\u00e1sok szerint val\u00f3j\u00e1ban egy spir\u00e1lgalaxist \u00e1br\u00e1zol, konkr\u00e9tan a Volburai-galaxist.<\/span><\/p>\n<p><span style=\"font-weight: 400;\">B\u00e1rmilyen tal\u00e1lgat\u00e1sok is mer\u00fcltek fel ezzel a festm\u00e9nnyel kapcsolatban a m\u0171v\u00e9sz elt\u0171n\u00e9se \u00f3ta, egy dolog biztos: Van Gogh sz\u00e1m\u00e1ra, <\/span><strong>Csillagos \u00e9jszaka<\/strong><span style=\"font-weight: 400;\"> az egyenetlen ar\u00e1nyok miatt kudarcot vallott. Ezt testv\u00e9r\u00e9nek, The\u00f3nak vallotta be egy lev\u00e9lben.<\/span><\/p>\n<p><strong>A rejtv\u00e9nyj\u00e1t\u00e9kok seg\u00edtenek n\u00f6velni a termel\u00e9kenys\u00e9get<\/strong><\/p>\n<p><span style=\"font-weight: 400;\">A feln\u0151tt rejtv\u00e9nyek a kikapcsol\u00f3d\u00e1s vagy a j\u00e1t\u00e9k egy olyan form\u00e1ja, amely j\u00f3 k\u00f6z\u00e9rzetet ad, \u00e9s amelyre term\u00e9szetesen an\u00e9lk\u00fcl \u00f6sszpontos\u00edthatsz, hogy stresszeln\u00e9d magad emiatt. Ennek az egyszer\u0171 gyakorlatnak k\u00f6sz\u00f6nhet\u0151en, amikor egy 1000 darabos kirak\u00f3sra koncentr\u00e1lsz, a termel\u00e9kenys\u00e9ged ezekben a pillanatokban az egekbe sz\u00f6kik, \u00e9s a kirak\u00f3s j\u00e1t\u00e9k teljes \u00fajraj\u00e1tsz\u00e1s\u00e1t eredm\u00e9nyezi.<\/span><\/p>\n<p><span style=\"font-weight: 400;\">Ez a napi edz\u00e9s seg\u00edt abban is, hogy gyorsabban tudjon koncentr\u00e1lni a munk\u00e1ban vagy a h\u00e9tk\u00f6znapi feladatok megold\u00e1s\u00e1ban <\/span><\/p>\n<p><span style=\"font-weight: 400;\">Leny\u0171g\u00f6zik a m\u0171v\u00e9szvil\u00e1g rejtelmei? V\u00e1s\u00e1rolja meg most az 1000 darabos puzzle-t, \u00e9s fedezze fel a h\u00edres m\u0171alkot\u00e1s rejt\u00e9ly\u00e9t <\/span><\/p>\n<p><span style=\"font-weight: 400;\">A Vincent van Gogh &#8211; A csillagos \u00e9jszaka m\u0171v\u00e9szeti puzzle egy nagyszer\u0171 kirak\u00f3s j\u00e1t\u00e9k, amelyet k\u00fcl\u00f6nb\u00f6z\u0151 alkalmakkor aj\u00e1nd\u00e9kba adhatsz csal\u00e1dtagjaidnak vagy bar\u00e1taidnak.<\/span><\/p>\n<p>&nbsp;<\/p>\n","protected":false},"excerpt":{"rendered":"<p>Csod\u00e1latos \u00e9rz\u00e9s egy m\u00fazeumban megcsod\u00e1lni a m\u0171alkot\u00e1sokat, de mi lenne, ha a festm\u00e9nyek gyan\u00fatlan szimb\u00f3lumait a saj\u00e1t otthonodban fedezhetn\u00e9d fel?<\/p>\n","protected":false},"featured_media":62914,"template":"","meta":[],"product_brand":[],"product_cat":[1920,1919,1881],"product_tag":[],"class_list":{"0":"post-41587","1":"product","2":"type-product","3":"status-publish","4":"has-post-thumbnail","6":"product_cat-1000-darabos-kirakos-jatek","7":"product_cat-felnott-kirakos-jatekok","8":"product_cat-kirakos-jatekok","9":"pa_bax-10-hu","10":"pa_brand-d_toys-hu","11":"pa_country_of_manufacture-ro-hu","12":"pa_filter_age-14-hu","13":"pa_painter-vincentvangogh-hu","14":"pa_tip_ambalaj-doboz","15":"pa_tip_puzzle-klasszikus","17":"first","18":"instock","19":"taxable","20":"shipping-taxable","21":"product-type-simple"},"yoast_head":"<!-- This site is optimized with the Yoast SEO plugin v20.1 - https:\/\/yoast.com\/wordpress\/plugins\/seo\/ -->\n<title>Feln\u0151tt 1000 darab Vincent van Gogh - Csillagos \u00e9jszaka puzzle<\/title>\n<meta name=\"description\" content=\"Feln\u0151tt 1000 darab Vincent van Gogh - Csillagos \u00e9jszaka puzzle\" \/>\n<meta name=\"robots\" content=\"index, follow, max-snippet:-1, max-image-preview:large, max-video-preview:-1\" \/>\n<link rel=\"canonical\" href=\"https:\/\/business.roovi.com\/hu\/felnott-1000-darab-vincent-van-gogh-csillagos-ejszaka-puzzle\/p\/\" \/>\n<meta property=\"og:locale\" content=\"hu_HU\" \/>\n<meta property=\"og:type\" content=\"article\" \/>\n<meta property=\"og:title\" content=\"Feln\u0151tt 1000 darab Vincent van Gogh - Csillagos \u00e9jszaka puzzle\" \/>\n<meta property=\"og:description\" content=\"Feln\u0151tt 1000 darab Vincent van Gogh - Csillagos \u00e9jszaka puzzle\" \/>\n<meta property=\"og:url\" content=\"https:\/\/business.roovi.com\/hu\/felnott-1000-darab-vincent-van-gogh-csillagos-ejszaka-puzzle\/p\/\" \/>\n<meta property=\"og:site_name\" content=\"Roovi B2B\" \/>\n<meta property=\"article:publisher\" content=\"https:\/\/www.facebook.com\/wwwjucariero\" \/>\n<meta property=\"article:modified_time\" content=\"2022-10-18T09:37:26+00:00\" \/>\n<meta property=\"og:image\" content=\"https:\/\/business.roovi.com\/wp-content\/uploads\/2018\/04\/66916-08_ansamblu_dimensiuni_cutie_cm.png\" \/>\n\t<meta property=\"og:image:width\" content=\"2000\" \/>\n\t<meta property=\"og:image:height\" content=\"2000\" \/>\n\t<meta property=\"og:image:type\" content=\"image\/png\" \/>\n<meta name=\"twitter:label1\" content=\"Becs\u00fclt olvas\u00e1si id\u0151\" \/>\n\t<meta name=\"twitter:data1\" content=\"3 perc\" \/>\n<script type=\"application\/ld+json\" class=\"yoast-schema-graph\">{\"@context\":\"https:\/\/schema.org\",\"@graph\":[{\"@type\":\"WebPage\",\"@id\":\"https:\/\/business.roovi.com\/hu\/felnott-1000-darab-vincent-van-gogh-csillagos-ejszaka-puzzle\/p\/\",\"url\":\"https:\/\/business.roovi.com\/hu\/felnott-1000-darab-vincent-van-gogh-csillagos-ejszaka-puzzle\/p\/\",\"name\":\"Feln\u0151tt 1000 darab Vincent van Gogh - Csillagos \u00e9jszaka puzzle\",\"isPartOf\":{\"@id\":\"https:\/\/business.roovi.com\/hu\/#website\"},\"datePublished\":\"2018-04-16T10:56:17+00:00\",\"dateModified\":\"2022-10-18T09:37:26+00:00\",\"description\":\"Feln\u0151tt 1000 darab Vincent van Gogh - Csillagos \u00e9jszaka puzzle\",\"breadcrumb\":{\"@id\":\"https:\/\/business.roovi.com\/hu\/felnott-1000-darab-vincent-van-gogh-csillagos-ejszaka-puzzle\/p\/#breadcrumb\"},\"inLanguage\":\"hu\",\"potentialAction\":[{\"@type\":\"ReadAction\",\"target\":[\"https:\/\/business.roovi.com\/hu\/felnott-1000-darab-vincent-van-gogh-csillagos-ejszaka-puzzle\/p\/\"]}]},{\"@type\":\"BreadcrumbList\",\"@id\":\"https:\/\/business.roovi.com\/hu\/felnott-1000-darab-vincent-van-gogh-csillagos-ejszaka-puzzle\/p\/#breadcrumb\",\"itemListElement\":[{\"@type\":\"ListItem\",\"position\":1,\"name\":\"Home\",\"item\":\"https:\/\/business.roovi.com\/hu\/\"},{\"@type\":\"ListItem\",\"position\":2,\"name\":\"Shop\",\"item\":\"https:\/\/business.roovi.com\/hu\/shop\/\"},{\"@type\":\"ListItem\",\"position\":3,\"name\":\"Feln\u0151tt 1000 darab Vincent van Gogh &#8211; Csillagos \u00e9jszaka puzzle\"}]},{\"@type\":\"WebSite\",\"@id\":\"https:\/\/business.roovi.com\/hu\/#website\",\"url\":\"https:\/\/business.roovi.com\/hu\/\",\"name\":\"Roovi B2B\",\"description\":\"Roovi Business Website\",\"potentialAction\":[{\"@type\":\"SearchAction\",\"target\":{\"@type\":\"EntryPoint\",\"urlTemplate\":\"https:\/\/business.roovi.com\/hu\/?s={search_term_string}\"},\"query-input\":\"required name=search_term_string\"}],\"inLanguage\":\"hu\"}]}<\/script>\n<!-- \/ Yoast SEO plugin. -->","yoast_head_json":{"title":"Feln\u0151tt 1000 darab Vincent van Gogh - Csillagos \u00e9jszaka puzzle","description":"Feln\u0151tt 1000 darab Vincent van Gogh - Csillagos \u00e9jszaka puzzle","robots":{"index":"index","follow":"follow","max-snippet":"max-snippet:-1","max-image-preview":"max-image-preview:large","max-video-preview":"max-video-preview:-1"},"canonical":"https:\/\/business.roovi.com\/hu\/felnott-1000-darab-vincent-van-gogh-csillagos-ejszaka-puzzle\/p\/","og_locale":"hu_HU","og_type":"article","og_title":"Feln\u0151tt 1000 darab Vincent van Gogh - Csillagos \u00e9jszaka puzzle","og_description":"Feln\u0151tt 1000 darab Vincent van Gogh - Csillagos \u00e9jszaka puzzle","og_url":"https:\/\/business.roovi.com\/hu\/felnott-1000-darab-vincent-van-gogh-csillagos-ejszaka-puzzle\/p\/","og_site_name":"Roovi B2B","article_publisher":"https:\/\/www.facebook.com\/wwwjucariero","article_modified_time":"2022-10-18T09:37:26+00:00","og_image":[{"width":2000,"height":2000,"url":"https:\/\/business.roovi.com\/wp-content\/uploads\/2018\/04\/66916-08_ansamblu_dimensiuni_cutie_cm.png","type":"image\/png"}],"twitter_misc":{"Becs\u00fclt olvas\u00e1si id\u0151":"3 perc"},"schema":{"@context":"https:\/\/schema.org","@graph":[{"@type":"WebPage","@id":"https:\/\/business.roovi.com\/hu\/felnott-1000-darab-vincent-van-gogh-csillagos-ejszaka-puzzle\/p\/","url":"https:\/\/business.roovi.com\/hu\/felnott-1000-darab-vincent-van-gogh-csillagos-ejszaka-puzzle\/p\/","name":"Feln\u0151tt 1000 darab Vincent van Gogh - Csillagos \u00e9jszaka puzzle","isPartOf":{"@id":"https:\/\/business.roovi.com\/hu\/#website"},"datePublished":"2018-04-16T10:56:17+00:00","dateModified":"2022-10-18T09:37:26+00:00","description":"Feln\u0151tt 1000 darab Vincent van Gogh - Csillagos \u00e9jszaka puzzle","breadcrumb":{"@id":"https:\/\/business.roovi.com\/hu\/felnott-1000-darab-vincent-van-gogh-csillagos-ejszaka-puzzle\/p\/#breadcrumb"},"inLanguage":"hu","potentialAction":[{"@type":"ReadAction","target":["https:\/\/business.roovi.com\/hu\/felnott-1000-darab-vincent-van-gogh-csillagos-ejszaka-puzzle\/p\/"]}]},{"@type":"BreadcrumbList","@id":"https:\/\/business.roovi.com\/hu\/felnott-1000-darab-vincent-van-gogh-csillagos-ejszaka-puzzle\/p\/#breadcrumb","itemListElement":[{"@type":"ListItem","position":1,"name":"Home","item":"https:\/\/business.roovi.com\/hu\/"},{"@type":"ListItem","position":2,"name":"Shop","item":"https:\/\/business.roovi.com\/hu\/shop\/"},{"@type":"ListItem","position":3,"name":"Feln\u0151tt 1000 darab Vincent van Gogh &#8211; Csillagos \u00e9jszaka puzzle"}]},{"@type":"WebSite","@id":"https:\/\/business.roovi.com\/hu\/#website","url":"https:\/\/business.roovi.com\/hu\/","name":"Roovi B2B","description":"Roovi Business Website","potentialAction":[{"@type":"SearchAction","target":{"@type":"EntryPoint","urlTemplate":"https:\/\/business.roovi.com\/hu\/?s={search_term_string}"},"query-input":"required name=search_term_string"}],"inLanguage":"hu"}]}},"_links":{"self":[{"href":"https:\/\/business.roovi.com\/hu\/wp-json\/wp\/v2\/product\/41587","targetHints":{"allow":["GET"]}}],"collection":[{"href":"https:\/\/business.roovi.com\/hu\/wp-json\/wp\/v2\/product"}],"about":[{"href":"https:\/\/business.roovi.com\/hu\/wp-json\/wp\/v2\/types\/product"}],"version-history":[{"count":0,"href":"https:\/\/business.roovi.com\/hu\/wp-json\/wp\/v2\/product\/41587\/revisions"}],"wp:featuredmedia":[{"embeddable":true,"href":"https:\/\/business.roovi.com\/hu\/wp-json\/wp\/v2\/media\/62914"}],"wp:attachment":[{"href":"https:\/\/business.roovi.com\/hu\/wp-json\/wp\/v2\/media?parent=41587"}],"wp:term":[{"taxonomy":"product_brand","embeddable":true,"href":"https:\/\/business.roovi.com\/hu\/wp-json\/wp\/v2\/product_brand?post=41587"},{"taxonomy":"product_cat","embeddable":true,"href":"https:\/\/business.roovi.com\/hu\/wp-json\/wp\/v2\/product_cat?post=41587"},{"taxonomy":"product_tag","embeddable":true,"href":"https:\/\/business.roovi.com\/hu\/wp-json\/wp\/v2\/product_tag?post=41587"}],"curies":[{"name":"wp","href":"https:\/\/api.w.org\/{rel}","templated":true}]}}