{"id":41591,"date":"2018-04-16T10:56:17","date_gmt":"2018-04-16T10:56:17","guid":{"rendered":"https:\/\/business.roovi.com\/puzzle-adulti-1000-piese-vincent-van-gogh-cafe-terrace-at-night\/p\/"},"modified":"2022-07-06T17:29:48","modified_gmt":"2022-07-06T17:29:48","slug":"felnott-1000-darabos-vincent-van-gogh-puzzle-cafe-terrace-at-night","status":"publish","type":"product","link":"https:\/\/business.roovi.com\/hu\/felnott-1000-darabos-vincent-van-gogh-puzzle-cafe-terrace-at-night\/p\/","title":{"rendered":"Feln\u0151tt 1000 darabos Vincent van Gogh puzzle &#8211; Caf\u00e9 Terrace at Night"},"content":{"rendered":"<p><span style=\"font-weight: 400\">Itt 1000 darabos rejtv\u00e9nyeket tal\u00e1lsz minden id\u0151k legh\u00edresebb festm\u00e9nyeinek k\u00e9peivel. Tegyen egy virtu\u00e1lis s\u00e9t\u00e1t a legnagyobb m\u0171v\u00e9szeti rejtv\u00e9nyek gal\u00e9ri\u00e1j\u00e1ban, \u00e9s tegye kosar\u00e1ba a k\u00edv\u00e1nt festm\u00e9nyeket!<\/span><\/p>\n<p><span style=\"font-weight: 400\">1000 darab Vincent van Gogh puzzle &#8211; <\/span><span style=\"font-weight: 400\">A Caf\u00e9 Terrace at Night elrep\u00edt az 1888-as Arlens k\u00e1v\u00e9h\u00e1zba, amelyet Van Gogh olyan sz\u00ednesen \u00f6r\u00f6k\u00edtett meg. \u00c1ll\u00edtsa \u00f6ssze ezt a gy\u00f6ny\u00f6r\u0171 m\u0171v\u00e9szeti puzzle-t, \u00e9s hozzon l\u00e9tre egy k\u00fcl\u00f6nleges festm\u00e9nyt, amely k\u00fcl\u00f6nleges \u00e9s kifinomult jelleget k\u00f6lcs\u00f6n\u00f6z otthon\u00e1nak.<\/span><\/p>\n<p><span style=\"font-weight: 400\">Art puzzle funkci\u00f3k <\/span><span style=\"font-weight: 400\">Vincent van Gogh &#8211; <\/span><span style=\"font-weight: 400\">K\u00e1v\u00e9h\u00e1zi terasz \u00e9jszaka:<\/span><\/p>\n<p><strong>A rekonstru\u00e1lt k\u00e9p m\u00e9retei: 50 x 70 cm.<\/strong><span style=\"font-weight: 400\"> Egy k\u00f6z\u00f6ns\u00e9ges doh\u00e1nyz\u00f3asztalt is haszn\u00e1lhatsz a k\u00e9p \u00fajraalkot\u00e1s\u00e1hoz.<\/span><\/p>\n<p><strong>Puzzle anyag <\/strong><\/p>\n<p><strong>kiv\u00e1l\u00f3 min\u0151s\u00e9g\u0171 k\u00e9k karton<\/strong><\/p>\n<p><strong>fenntarthat\u00f3, \u00fajrahasznos\u00edthat\u00f3 anyagok<\/strong><\/p>\n<p><strong>f\u00e9lf\u00e9nyes kivitel, \u00e9l\u00e9nk sz\u00ednek<\/strong><\/p>\n<p><strong>A kirak\u00f3s darabok sz\u00e1ma: 1000<\/strong><\/p>\n<p><strong>Aj\u00e1nlott \u00e9letkor: 14+<\/strong><\/p>\n<p><strong>A feln\u0151tt rejtv\u00e9nyek seg\u00edtenek az \u00f6nbecs\u00fcl\u00e9sed n\u00f6vel\u00e9s\u00e9ben<\/strong><\/p>\n<p><span style=\"font-weight: 400\">Egy k\u00e9pet \u00f6sszerakni t\u00f6bb sz\u00e1z puzzle-darabb\u00f3l olyan munka, amely nagy kitart\u00e1st ig\u00e9nyel. De a v\u00e9gs\u0151 el\u00e9gedetts\u00e9g meg\u00e9ri. R\u00e1ad\u00e1sul minden egyes kirak\u00f3s j\u00e1t\u00e9k, amit \u00f6sszeraksz, magabiztosabb\u00e1 tesz a saj\u00e1t er\u0151ss\u00e9geidben <\/span><\/p>\n<p><strong> A kirak\u00f3s j\u00e1t\u00e9kok seg\u00edtenek a szoci\u00e1lis k\u00e9szs\u00e9gek fejleszt\u00e9s\u00e9ben<\/strong><\/p>\n<p><span style=\"font-weight: 400\">Az 1000 darabos kirak\u00f3sok \u00f6sszerak\u00e1sa csal\u00e1di vagy csoportos tev\u00e9kenys\u00e9g is lehet, amely el\u0151seg\u00edti a k\u00f6t\u0151d\u00e9st. T\u00f6lts\u00f6n min\u0151s\u00e9gi id\u0151t, pihenjen \u00e9s kommunik\u00e1ljon hat\u00e9konyan szeretteivel a puzzle-j\u00e1t\u00e9kok csod\u00e1latos k\u00e9peinek \u00f6sszerak\u00e1s\u00e1val. Egy\u00fctt el\u00e9ritek a k\u00f6z\u00f6s c\u00e9lt, \u00e9s j\u00f3l fogj\u00e1tok \u00e9rezni magatokat.<\/span><\/p>\n<p><span style=\"font-weight: 400\">A  oldalr\u00f3l <\/span><strong>K\u00e1v\u00e9h\u00e1zi terasz \u00e9jszaka <\/strong><span style=\"font-weight: 400\">tudtad&#8230;<\/span><\/p>\n<p><span style=\"font-weight: 400\">Van Gogh-t Guy de Maupassant Bel-Ami c\u00edm\u0171 reg\u00e9ny\u00e9nek egy jelenete inspir\u00e1lta ehhez a festm\u00e9nyhez.<\/span><\/p>\n<p><em><span style=\"font-weight: 400\">K\u00e1v\u00e9h\u00e1zi terasz  <\/span><\/em><span style=\"font-weight: 400\">van Gogh festm\u00e9ny\u00e9n meg\u00f6r\u00f6k\u00edtett, m\u00e9g ma is m\u0171k\u00f6dik a franciaorsz\u00e1gi Arles-ban. Fel\u00faj\u00edtott\u00e1k \u00e9s s\u00e1rg\u00e1ra festett\u00e9k, \u00e9s a m\u0171v\u00e9sz nev\u00e9t viseli  <\/span><em><span style=\"font-weight: 400\">&#8222;Caf\u00e9 van Gogh&#8221;.<\/span><\/em><\/p>\n<p><span style=\"font-weight: 400\">A csillagk\u00e9pek olyan pontosan vannak megfestve, hogy a festm\u00e9ny pontos d\u00e1tum\u00e1t is meg lehetett hat\u00e1rozni: 1888. szeptember 16-17. \u00e9jszak\u00e1ja.<\/span><\/p>\n<p><span style=\"font-weight: 400\">A festm\u00e9nyt \u00e9s a k\u00e1v\u00e9z\u00f3t az \u00e9vek sor\u00e1n sz\u00e1mos filmben \u00e1br\u00e1zolt\u00e1k: a Lust for Life (1956) Kirk Douglas f\u0151szerepl\u00e9s\u00e9vel, a Loving Vincent (2017) \u00e9s m\u00e1sok.<\/span><\/p>\n<p><strong>5 h\u00edres szem\u00e9lyis\u00e9g, aki szereti a puzzle j\u00e1t\u00e9kokat<\/strong><\/p>\n<p><span style=\"font-weight: 400\">Tudtad, hogy m\u00e9g n\u00e9h\u00e1ny h\u00edres ember is feln\u0151tt rejtv\u00e9nyek megold\u00e1s\u00e1val pihen? \u00cdme, csak 5 k\u00f6z\u00fcl\u00fck:<\/span><\/p>\n<p><strong>1. II. Erzs\u00e9bet kir\u00e1lyn\u0151 <\/strong><span style=\"font-weight: 400\">Nemcsak k\u00e9pk\u00e9nt jelenik meg sz\u00e1mos feln\u0151tt rejtv\u00e9nyen, hanem a k\u00fcl\u00f6nb\u00f6z\u0151 kirak\u00f3s j\u00e1t\u00e9ktervek \u00f6ssze\u00e1ll\u00edt\u00e1s\u00e1val is kikapcsol\u00f3dik.<\/span><\/p>\n<p><strong>2. Bill Gates.<\/strong><span style=\"font-weight: 400\"> A Microsoft alap\u00edt\u00f3ja t\u00f6bbsz\u00f6r is elmondta, hogy mindig puzzle-j\u00e1t\u00e9kokat csomagol a nyaral\u00f3t\u00e1sk\u00e1j\u00e1ba.<\/span><\/p>\n<p><strong>3. Hugh Jackman <\/strong><span style=\"font-weight: 400\">A sz\u00edn\u00e9sz szenz\u00e1ci\u00f3t keltett a k\u00f6z\u00f6ss\u00e9gi m\u00e9di\u00e1ban, amikor n\u00e9gy h\u00f3nap kem\u00e9ny munka ut\u00e1n egy feln\u0151tteknek sz\u00e1nt kirak\u00f3s j\u00e1t\u00e9kon dolgozott, \u00e9s lefilmezte mag\u00e1t, amint \u00f6sszerakja a k\u00e9p utols\u00f3 darabj\u00e1t.<\/span><\/p>\n<p><strong>4. Patrick Stewart <\/strong><span style=\"font-weight: 400\">egy m\u00e1sik h\u00edres sz\u00edn\u00e9sz, aki a nyilv\u00e1noss\u00e1g el\u00e9 \u00e1llt a puzzle-j\u00e1t\u00e9kok ir\u00e1nti szenved\u00e9ly\u00e9vel.<\/span><\/p>\n<p><strong>5. Ronnie Wood.<\/strong><span style=\"font-weight: 400\"> A Rolling Stones legend\u00e1s git\u00e1rosa elmondta, hogy turn\u00e9z\u00e1s k\u00f6zben kirak\u00f3s j\u00e1t\u00e9kokkal laz\u00edt. A Rolling Stonesnak is van egy Jigsaw Puzzle c\u00edm\u0171 dala.<\/span><\/p>\n<p><span style=\"font-weight: 400\">Vincent van Gogh 1000 darabos puzzle &#8211; <\/span><span style=\"font-weight: 400\">K\u00e1v\u00e9h\u00e1zi terasz \u00e9jszaka <\/span><span style=\"font-weight: 400\">seg\u00edt ellazulni! V\u00e1s\u00e1rolja meg ezt a csod\u00e1latos m\u0171v\u00e9szeti kirak\u00f3j\u00e1t\u00e9kot most, \u00e9s \u00e9lvezze a kirak\u00f3s j\u00e1t\u00e9kok ny\u00fajtotta \u00f6sszes el\u0151nyt <\/span><\/p>\n<p><span style=\"font-weight: 400\">Vincent van Gogh m\u0171v\u00e9szeti puzzle &#8211; <\/span><span style=\"font-weight: 400\">A Caf\u00e9 Terrace at Night remek aj\u00e1nd\u00e9k lehet akkor is, ha egy kedves bar\u00e1tj\u00e1t szeretn\u00e9 kellemesen meglepni egy \u00e9vfordul\u00f3 alkalm\u00e1b\u00f3l.<\/span><\/p>\n","protected":false},"excerpt":{"rendered":"<p>Itt 1000 darabos rejtv\u00e9nyeket tal\u00e1lsz minden id\u0151k legh\u00edresebb festm\u00e9nyeinek k\u00e9peivel. Tegyen egy virtu\u00e1lis s\u00e9t\u00e1t a legnagyobb m\u0171v\u00e9szeti rejtv\u00e9nyek gal\u00e9ri\u00e1j\u00e1ban, \u00e9s<\/p>\n","protected":false},"featured_media":62908,"template":"","meta":[],"product_brand":[],"product_cat":[1920,1919,1881],"product_tag":[],"class_list":{"0":"post-41591","1":"product","2":"type-product","3":"status-publish","4":"has-post-thumbnail","6":"product_cat-1000-darabos-kirakos-jatek","7":"product_cat-felnott-kirakos-jatekok","8":"product_cat-kirakos-jatekok","9":"pa_bax-10-hu","10":"pa_brand-d_toys-hu","11":"pa_country_of_manufacture-ro-hu","12":"pa_filter_age-14-hu","13":"pa_painter-vincentvangogh-hu","14":"pa_tip_ambalaj-doboz","15":"pa_tip_puzzle-klasszikus","17":"first","18":"instock","19":"taxable","20":"shipping-taxable","21":"product-type-simple"},"yoast_head":"<!-- This site is optimized with the Yoast SEO plugin v20.1 - https:\/\/yoast.com\/wordpress\/plugins\/seo\/ -->\n<title>Feln\u0151tt 1000 darabos Vincent van Gogh puzzle - Caf\u00e9 Terrace at Night<\/title>\n<meta name=\"description\" content=\"Feln\u0151tt 1000 darabos Vincent van Gogh puzzle - Caf\u00e9 Terrace at Night\" \/>\n<meta name=\"robots\" content=\"index, follow, max-snippet:-1, max-image-preview:large, max-video-preview:-1\" \/>\n<link rel=\"canonical\" href=\"https:\/\/business.roovi.com\/hu\/felnott-1000-darabos-vincent-van-gogh-puzzle-cafe-terrace-at-night\/p\/\" \/>\n<meta property=\"og:locale\" content=\"hu_HU\" \/>\n<meta property=\"og:type\" content=\"article\" \/>\n<meta property=\"og:title\" content=\"Feln\u0151tt 1000 darabos Vincent van Gogh puzzle - Caf\u00e9 Terrace at Night\" \/>\n<meta property=\"og:description\" content=\"Feln\u0151tt 1000 darabos Vincent van Gogh puzzle - Caf\u00e9 Terrace at Night\" \/>\n<meta property=\"og:url\" content=\"https:\/\/business.roovi.com\/hu\/felnott-1000-darabos-vincent-van-gogh-puzzle-cafe-terrace-at-night\/p\/\" \/>\n<meta property=\"og:site_name\" content=\"Roovi B2B\" \/>\n<meta property=\"article:publisher\" content=\"https:\/\/www.facebook.com\/wwwjucariero\" \/>\n<meta property=\"article:modified_time\" content=\"2022-07-06T17:29:48+00:00\" \/>\n<meta property=\"og:image\" content=\"https:\/\/business.roovi.com\/wp-content\/uploads\/2018\/04\/66916-09_ansamblu_dimensiuni_cutie_cm_1200x1200.png\" \/>\n\t<meta property=\"og:image:width\" content=\"1200\" \/>\n\t<meta property=\"og:image:height\" content=\"1200\" \/>\n\t<meta property=\"og:image:type\" content=\"image\/png\" \/>\n<meta name=\"twitter:label1\" content=\"Becs\u00fclt olvas\u00e1si id\u0151\" \/>\n\t<meta name=\"twitter:data1\" content=\"4 perc\" \/>\n<script type=\"application\/ld+json\" class=\"yoast-schema-graph\">{\"@context\":\"https:\/\/schema.org\",\"@graph\":[{\"@type\":\"WebPage\",\"@id\":\"https:\/\/business.roovi.com\/hu\/felnott-1000-darabos-vincent-van-gogh-puzzle-cafe-terrace-at-night\/p\/\",\"url\":\"https:\/\/business.roovi.com\/hu\/felnott-1000-darabos-vincent-van-gogh-puzzle-cafe-terrace-at-night\/p\/\",\"name\":\"Feln\u0151tt 1000 darabos Vincent van Gogh puzzle - Caf\u00e9 Terrace at Night\",\"isPartOf\":{\"@id\":\"https:\/\/business.roovi.com\/hu\/#website\"},\"datePublished\":\"2018-04-16T10:56:17+00:00\",\"dateModified\":\"2022-07-06T17:29:48+00:00\",\"description\":\"Feln\u0151tt 1000 darabos Vincent van Gogh puzzle - Caf\u00e9 Terrace at Night\",\"breadcrumb\":{\"@id\":\"https:\/\/business.roovi.com\/hu\/felnott-1000-darabos-vincent-van-gogh-puzzle-cafe-terrace-at-night\/p\/#breadcrumb\"},\"inLanguage\":\"hu\",\"potentialAction\":[{\"@type\":\"ReadAction\",\"target\":[\"https:\/\/business.roovi.com\/hu\/felnott-1000-darabos-vincent-van-gogh-puzzle-cafe-terrace-at-night\/p\/\"]}]},{\"@type\":\"BreadcrumbList\",\"@id\":\"https:\/\/business.roovi.com\/hu\/felnott-1000-darabos-vincent-van-gogh-puzzle-cafe-terrace-at-night\/p\/#breadcrumb\",\"itemListElement\":[{\"@type\":\"ListItem\",\"position\":1,\"name\":\"Home\",\"item\":\"https:\/\/business.roovi.com\/hu\/\"},{\"@type\":\"ListItem\",\"position\":2,\"name\":\"Shop\",\"item\":\"https:\/\/business.roovi.com\/hu\/shop\/\"},{\"@type\":\"ListItem\",\"position\":3,\"name\":\"Feln\u0151tt 1000 darabos Vincent van Gogh puzzle &#8211; Caf\u00e9 Terrace at Night\"}]},{\"@type\":\"WebSite\",\"@id\":\"https:\/\/business.roovi.com\/hu\/#website\",\"url\":\"https:\/\/business.roovi.com\/hu\/\",\"name\":\"Roovi B2B\",\"description\":\"Roovi Business Website\",\"potentialAction\":[{\"@type\":\"SearchAction\",\"target\":{\"@type\":\"EntryPoint\",\"urlTemplate\":\"https:\/\/business.roovi.com\/hu\/?s={search_term_string}\"},\"query-input\":\"required name=search_term_string\"}],\"inLanguage\":\"hu\"}]}<\/script>\n<!-- \/ Yoast SEO plugin. -->","yoast_head_json":{"title":"Feln\u0151tt 1000 darabos Vincent van Gogh puzzle - Caf\u00e9 Terrace at Night","description":"Feln\u0151tt 1000 darabos Vincent van Gogh puzzle - Caf\u00e9 Terrace at Night","robots":{"index":"index","follow":"follow","max-snippet":"max-snippet:-1","max-image-preview":"max-image-preview:large","max-video-preview":"max-video-preview:-1"},"canonical":"https:\/\/business.roovi.com\/hu\/felnott-1000-darabos-vincent-van-gogh-puzzle-cafe-terrace-at-night\/p\/","og_locale":"hu_HU","og_type":"article","og_title":"Feln\u0151tt 1000 darabos Vincent van Gogh puzzle - Caf\u00e9 Terrace at Night","og_description":"Feln\u0151tt 1000 darabos Vincent van Gogh puzzle - Caf\u00e9 Terrace at Night","og_url":"https:\/\/business.roovi.com\/hu\/felnott-1000-darabos-vincent-van-gogh-puzzle-cafe-terrace-at-night\/p\/","og_site_name":"Roovi B2B","article_publisher":"https:\/\/www.facebook.com\/wwwjucariero","article_modified_time":"2022-07-06T17:29:48+00:00","og_image":[{"width":1200,"height":1200,"url":"https:\/\/business.roovi.com\/wp-content\/uploads\/2018\/04\/66916-09_ansamblu_dimensiuni_cutie_cm_1200x1200.png","type":"image\/png"}],"twitter_misc":{"Becs\u00fclt olvas\u00e1si id\u0151":"4 perc"},"schema":{"@context":"https:\/\/schema.org","@graph":[{"@type":"WebPage","@id":"https:\/\/business.roovi.com\/hu\/felnott-1000-darabos-vincent-van-gogh-puzzle-cafe-terrace-at-night\/p\/","url":"https:\/\/business.roovi.com\/hu\/felnott-1000-darabos-vincent-van-gogh-puzzle-cafe-terrace-at-night\/p\/","name":"Feln\u0151tt 1000 darabos Vincent van Gogh puzzle - Caf\u00e9 Terrace at Night","isPartOf":{"@id":"https:\/\/business.roovi.com\/hu\/#website"},"datePublished":"2018-04-16T10:56:17+00:00","dateModified":"2022-07-06T17:29:48+00:00","description":"Feln\u0151tt 1000 darabos Vincent van Gogh puzzle - Caf\u00e9 Terrace at Night","breadcrumb":{"@id":"https:\/\/business.roovi.com\/hu\/felnott-1000-darabos-vincent-van-gogh-puzzle-cafe-terrace-at-night\/p\/#breadcrumb"},"inLanguage":"hu","potentialAction":[{"@type":"ReadAction","target":["https:\/\/business.roovi.com\/hu\/felnott-1000-darabos-vincent-van-gogh-puzzle-cafe-terrace-at-night\/p\/"]}]},{"@type":"BreadcrumbList","@id":"https:\/\/business.roovi.com\/hu\/felnott-1000-darabos-vincent-van-gogh-puzzle-cafe-terrace-at-night\/p\/#breadcrumb","itemListElement":[{"@type":"ListItem","position":1,"name":"Home","item":"https:\/\/business.roovi.com\/hu\/"},{"@type":"ListItem","position":2,"name":"Shop","item":"https:\/\/business.roovi.com\/hu\/shop\/"},{"@type":"ListItem","position":3,"name":"Feln\u0151tt 1000 darabos Vincent van Gogh puzzle &#8211; Caf\u00e9 Terrace at Night"}]},{"@type":"WebSite","@id":"https:\/\/business.roovi.com\/hu\/#website","url":"https:\/\/business.roovi.com\/hu\/","name":"Roovi B2B","description":"Roovi Business Website","potentialAction":[{"@type":"SearchAction","target":{"@type":"EntryPoint","urlTemplate":"https:\/\/business.roovi.com\/hu\/?s={search_term_string}"},"query-input":"required name=search_term_string"}],"inLanguage":"hu"}]}},"_links":{"self":[{"href":"https:\/\/business.roovi.com\/hu\/wp-json\/wp\/v2\/product\/41591","targetHints":{"allow":["GET"]}}],"collection":[{"href":"https:\/\/business.roovi.com\/hu\/wp-json\/wp\/v2\/product"}],"about":[{"href":"https:\/\/business.roovi.com\/hu\/wp-json\/wp\/v2\/types\/product"}],"version-history":[{"count":0,"href":"https:\/\/business.roovi.com\/hu\/wp-json\/wp\/v2\/product\/41591\/revisions"}],"wp:featuredmedia":[{"embeddable":true,"href":"https:\/\/business.roovi.com\/hu\/wp-json\/wp\/v2\/media\/62908"}],"wp:attachment":[{"href":"https:\/\/business.roovi.com\/hu\/wp-json\/wp\/v2\/media?parent=41591"}],"wp:term":[{"taxonomy":"product_brand","embeddable":true,"href":"https:\/\/business.roovi.com\/hu\/wp-json\/wp\/v2\/product_brand?post=41591"},{"taxonomy":"product_cat","embeddable":true,"href":"https:\/\/business.roovi.com\/hu\/wp-json\/wp\/v2\/product_cat?post=41591"},{"taxonomy":"product_tag","embeddable":true,"href":"https:\/\/business.roovi.com\/hu\/wp-json\/wp\/v2\/product_tag?post=41591"}],"curies":[{"name":"wp","href":"https:\/\/api.w.org\/{rel}","templated":true}]}}