{"id":41619,"date":"2018-04-16T10:56:17","date_gmt":"2018-04-16T10:56:17","guid":{"rendered":"https:\/\/business.roovi.com\/puzzle-adulti-alphonse-mucha-moet-chandon-imperial-and-white-star-1000-piese\/p\/"},"modified":"2022-07-06T17:34:48","modified_gmt":"2022-07-06T17:34:48","slug":"alphonse-mucha-felnott-puzzle-moet-chandon-imperial-es-white-star-1000-darab-1000-db","status":"publish","type":"product","link":"https:\/\/business.roovi.com\/hu\/alphonse-mucha-felnott-puzzle-moet-chandon-imperial-es-white-star-1000-darab-1000-db\/p\/","title":{"rendered":"Alphonse Mucha feln\u0151tt puzzle &#8211; Mo\u00ebt &amp; Chandon &#8211; Imperial \u00e9s White Star &#8211; 1000 darab &#8211; 1000 db"},"content":{"rendered":"<p><span style=\"font-weight: 400\">K\u00e9pezze az eg\u00e9sz csal\u00e1dot erre a pihentet\u0151 tev\u00e9kenys\u00e9gre, \u00e9s \u00e9lvezze a min\u0151s\u00e9gi egy\u00fctt t\u00f6lt\u00f6tt id\u0151t, amikor 1000 darabos kirak\u00f3sokb\u00f3l val\u00f3di festm\u00e9nyeket raknak \u00f6ssze <\/span><\/p>\n<p><span style=\"font-weight: 400\">Kezdje gy\u0171jtem\u00e9ny\u00e9t az Alphonse Mucha Mo\u00ebt &amp; Chandon &#8211; Imperial and White Star 1000 darabos kirak\u00f3s j\u00e1t\u00e9kkal, amely egy \u00e9rz\u00e9ki pasztellsz\u00edn\u0171 festm\u00e9ny. Az 1000 darabos kirak\u00f3s j\u00e1t\u00e9kban haszn\u00e1lt k\u00e9pek plak\u00e1tokr\u00f3l sz\u00e1rmaznak <\/span><span style=\"font-weight: 400\"> alphonse Mucha tervezte a Mo\u00ebt et Chandon pezsg\u0151gy\u00e1rt\u00f3 sz\u00e1m\u00e1ra. A k\u00e9pek k\u00e9t fiatal n\u0151t \u00e1br\u00e1zolnak, akik g\u0151z\u00f6lg\u0151, neoklasszikus st\u00edlus\u00fa ruh\u00e1kat viselnek, k\u00f6r\u00fcl\u00f6tt\u00fck pedig buja vir\u00e1gok alkotnak gl\u00f3ri\u00e1t. Az Art Puzzle Collection 1000 darabos puzzle kiv\u00e1l\u00f3 min\u0151s\u00e9g\u0171, 2 mm vastag k\u00e9k kartonb\u00f3l k\u00e9sz\u00fclt, ami hossz\u00fa \u00e9lettartamot biztos\u00edt. A darabok form\u00e1i a prec\u00edz v\u00e1g\u00e1snak k\u00f6sz\u00f6nhet\u0151en t\u00f6k\u00e9letesen illeszkednek egym\u00e1shoz.<\/span><\/p>\n<p><span style=\"font-weight: 400\">Az 1000 darabos puzzle jellemz\u0151ir\u0151l b\u0151vebben itt olvashat <\/span><span style=\"font-weight: 400\">Alphonse Mucha Mo\u00ebt &amp; Chandon &#8211; Imperial \u00e9s White Star:<\/span><\/p>\n<p><strong>A rekonstru\u00e1lt k\u00e9p m\u00e9retei: 50&#215;70 cm. Az \u00f6sszeszerel\u00e9shez haszn\u00e1lhat egy k\u00f6z\u00f6ns\u00e9ges doh\u00e1nyz\u00f3asztalt.<\/strong><\/p>\n<p><strong>Puzzle anyag <\/strong><\/p>\n<p><strong>kiv\u00e1l\u00f3 min\u0151s\u00e9g\u0171 k\u00e9k karton<\/strong><\/p>\n<p><strong>fenntarthat\u00f3, \u00fajrahasznos\u00edthat\u00f3 anyagok<\/strong><\/p>\n<p><strong>f\u00e9lf\u00e9nyes kivitel, \u00e9l\u00e9nk sz\u00ednek<\/strong><\/p>\n<p><strong>A kirak\u00f3s darabok sz\u00e1ma: 1000<\/strong><\/p>\n<p><strong>Aj\u00e1nlott \u00e9letkor: 14+<\/strong><\/p>\n<p><strong>Az 1000 darabos rejtv\u00e9nyek \u00e1lland\u00f3 szellemi kih\u00edv\u00e1st jelentenek<\/strong><\/p>\n<p><span style=\"font-weight: 400\">A feln\u0151tt kirak\u00f3sok nap mint nap kih\u00edv\u00e1st jelentenek az elm\u00e9dnek, \u00e9s ugyanakkor seg\u00edtenek kikapcsol\u00f3dni. Amikor egy 1000 darabos kirak\u00f3j\u00e1t\u00e9kra koncentr\u00e1lsz, az agyad &#8222;alfa&#8221; \u00e1llapotba ker\u00fcl, ami egy olyan relax\u00e1ci\u00f3s \u00e1llapot, mint amikor \u00e1lmodsz.<\/span><\/p>\n<p><strong>4 tov\u00e1bbi fontos el\u0151ny, amit az 1000 darabos kirak\u00f3sok \u00f6ssze\u00e1ll\u00edt\u00e1sa ny\u00fajt:<\/strong><\/p>\n<ol>\n<li><span style=\"font-weight: 400\">Ez a tudatv\u00e1lt\u00e1s sz\u00e1mos el\u0151nnyel j\u00e1r, t\u00f6bbek k\u00f6z\u00f6tt:<\/span><\/li>\n<li><span style=\"font-weight: 400\">Ez megk\u00f6nny\u00edti a m\u00e9lyebb kapcsolatok kialak\u00edt\u00e1s\u00e1nak k\u00e9pess\u00e9g\u00e9t.<\/span><\/li>\n<li><span style=\"font-weight: 400\">Ez seg\u00edt abban, hogy jobban b\u00edzz magadban.<\/span><\/li>\n<li><span style=\"font-weight: 400\">Megszabad\u00edt a stresszt\u0151l.<\/span><\/li>\n<\/ol>\n<p><strong>Alphonse Mucha &#8211; egy kiv\u00e1l\u00f3 marketinges<\/strong><\/p>\n<p><span style=\"font-weight: 400\">Ma is elk\u00e9peszt\u0151, hogy Alphonse Mucha milyen zseni\u00e1lisan alkotta meg ezeket a pezsg\u0151plak\u00e1tokat. M\u0171vei tele vannak szimb\u00f3lumokkal, amelyek nagyon vonz\u00f3ak a potenci\u00e1lis v\u00e1s\u00e1rl\u00f3k sz\u00e1m\u00e1ra. \u00cdme n\u00e9h\u00e1ny k\u00f6z\u00fcl\u00fck:<\/span><\/p>\n<p><span style=\"font-weight: 400\">a l\u00e1nyok teste \u00edvesen, hull\u00e1mosan, kiss\u00e9 buja m\u00f3don van megrajzolva, hogy a n\u00e9z\u0151ben a pezsg\u0151s\u00fcveg form\u00e1j\u00e1ra asszoci\u00e1ljon.<\/span><\/p>\n<p><span style=\"font-weight: 400\">a pasztellsz\u00ednek a pezsg\u0151t szimboliz\u00e1lj\u00e1k, amelyet a plak\u00e1t k\u00e9pvisel.<\/span><\/p>\n<p><span style=\"font-weight: 400\">a White Starban a l\u00e1ny ruh\u00e1ja arra eml\u00e9keztet, ahogyan a pezsg\u0151s\u00fcvegeket a t\u00f6r\u00fclk\u00f6z\u0151ben tartj\u00e1k, amikor kinyitj\u00e1k \u0151ket.<\/span><\/p>\n<p><span style=\"font-weight: 400\">Azt mondj\u00e1k, <\/span><span style=\"font-weight: 400\">a White Star pezsg\u0151 illusztr\u00e1l\u00e1s\u00e1ra a m\u0171v\u00e9sz a 19. sz\u00e1zadi P\u00e1rizs egyik prostitu\u00e1ltj\u00e1t v\u00e1lasztotta modellnek, mivel azok megfizethet\u0151ek \u00e9s el\u00e9rhet\u0151ek voltak.<\/span><\/p>\n<p><strong>A kirak\u00f3s j\u00e1t\u00e9kok egy\u00e9ni tev\u00e9kenys\u00e9get \u00e9s nagyszer\u0171 sz\u00f3rakoz\u00e1st jelentenek a csal\u00e1d vagy a bar\u00e1tok sz\u00e1m\u00e1ra. Mindegy, hogy 1000 darabos feln\u0151tt m\u0171v\u00e9szi puzzle-t, kirak\u00f3s j\u00e1t\u00e9kot vagy 3D-s puzzle-t v\u00e1laszt, egy dolog k\u00f6z\u00f6s benn\u00fck: stimul\u00e1lj\u00e1k az agyat.<\/strong><\/p>\n<p><span style=\"font-weight: 400\">Ha \u00fagy d\u00f6nt\u00f6tt\u00e9l, hogy v\u00e1llalod a kih\u00edv\u00e1st, \u00e9s megalkotod a saj\u00e1t leny\u0171g\u00f6z\u0151 m\u0171alkot\u00e1sodat, kirakod\u00f3j\u00e1t\u00e9kot<\/span> <span style=\"font-weight: 400\">1000 darab Alphonse Mucha Mo\u00ebt &amp; Chandon &#8211; Imperial \u00e9s White Star, amire sz\u00fcks\u00e9ge van, hogy val\u00f3ra v\u00e1ltsa \u00e1lmait. V\u00e1s\u00e1rolja meg ezt az 1000 darabos puzzle-t most a m\u0171v\u00e9szi puzzle gy\u0171jtem\u00e9nyb\u0151l, vagy aj\u00e1nd\u00e9kozza meg egy j\u00f3 bar\u00e1tj\u00e1nak.<\/span><\/p><\/p>\n","protected":false},"excerpt":{"rendered":"<p>K\u00e9pezze az eg\u00e9sz csal\u00e1dot erre a pihentet\u0151 tev\u00e9kenys\u00e9gre, \u00e9s \u00e9lvezze a min\u0151s\u00e9gi egy\u00fctt t\u00f6lt\u00f6tt id\u0151t, amikor 1000 darabos kirak\u00f3sokb\u00f3l val\u00f3di<\/p>\n","protected":false},"featured_media":63050,"template":"","meta":[],"product_brand":[],"product_cat":[1920,1919,1881],"product_tag":[],"class_list":{"0":"post-41619","1":"product","2":"type-product","3":"status-publish","4":"has-post-thumbnail","6":"product_cat-1000-darabos-kirakos-jatek","7":"product_cat-felnott-kirakos-jatekok","8":"product_cat-kirakos-jatekok","9":"pa_bax-10-hu","10":"pa_brand-d_toys-hu","11":"pa_country_of_manufacture-ro-hu","12":"pa_filter_age-14-hu","13":"pa_painter-alphonsemucha-hu","14":"pa_tip_ambalaj-doboz","15":"pa_tip_puzzle-klasszikus","17":"first","18":"instock","19":"taxable","20":"shipping-taxable","21":"product-type-simple"},"yoast_head":"<!-- This site is optimized with the Yoast SEO plugin v20.1 - https:\/\/yoast.com\/wordpress\/plugins\/seo\/ -->\n<title>Alphonse Mucha feln\u0151tt puzzle - Mo\u00ebt &amp; Chandon - Imperial \u00e9s White Star - 1000 darab - 1000 db<\/title>\n<meta name=\"description\" content=\"Alphonse Mucha feln\u0151tt puzzle - Mo\u00ebt &amp; Chandon - Imperial \u00e9s White Star - 1000 darab - 1000 db\" \/>\n<meta name=\"robots\" content=\"index, follow, max-snippet:-1, max-image-preview:large, max-video-preview:-1\" \/>\n<link rel=\"canonical\" href=\"https:\/\/business.roovi.com\/hu\/alphonse-mucha-felnott-puzzle-moet-chandon-imperial-es-white-star-1000-darab-1000-db\/p\/\" \/>\n<meta property=\"og:locale\" content=\"hu_HU\" \/>\n<meta property=\"og:type\" content=\"article\" \/>\n<meta property=\"og:title\" content=\"Alphonse Mucha feln\u0151tt puzzle - Mo\u00ebt &amp; Chandon - Imperial \u00e9s White Star - 1000 darab - 1000 db\" \/>\n<meta property=\"og:description\" content=\"Alphonse Mucha feln\u0151tt puzzle - Mo\u00ebt &amp; Chandon - Imperial \u00e9s White Star - 1000 darab - 1000 db\" \/>\n<meta property=\"og:url\" content=\"https:\/\/business.roovi.com\/hu\/alphonse-mucha-felnott-puzzle-moet-chandon-imperial-es-white-star-1000-darab-1000-db\/p\/\" \/>\n<meta property=\"og:site_name\" content=\"Roovi B2B\" \/>\n<meta property=\"article:publisher\" content=\"https:\/\/www.facebook.com\/wwwjucariero\" \/>\n<meta property=\"article:modified_time\" content=\"2022-07-06T17:34:48+00:00\" \/>\n<meta property=\"og:image\" content=\"https:\/\/business.roovi.com\/wp-content\/uploads\/2018\/04\/66930-05_ansamblu_dimensiuni_cutie_cm.png\" \/>\n\t<meta property=\"og:image:width\" content=\"1200\" \/>\n\t<meta property=\"og:image:height\" content=\"1200\" \/>\n\t<meta property=\"og:image:type\" content=\"image\/png\" \/>\n<meta name=\"twitter:label1\" content=\"Becs\u00fclt olvas\u00e1si id\u0151\" \/>\n\t<meta name=\"twitter:data1\" content=\"3 perc\" \/>\n<script type=\"application\/ld+json\" class=\"yoast-schema-graph\">{\"@context\":\"https:\/\/schema.org\",\"@graph\":[{\"@type\":\"WebPage\",\"@id\":\"https:\/\/business.roovi.com\/hu\/alphonse-mucha-felnott-puzzle-moet-chandon-imperial-es-white-star-1000-darab-1000-db\/p\/\",\"url\":\"https:\/\/business.roovi.com\/hu\/alphonse-mucha-felnott-puzzle-moet-chandon-imperial-es-white-star-1000-darab-1000-db\/p\/\",\"name\":\"Alphonse Mucha feln\u0151tt puzzle - Mo\u00ebt &amp; Chandon - Imperial \u00e9s White Star - 1000 darab - 1000 db\",\"isPartOf\":{\"@id\":\"https:\/\/business.roovi.com\/hu\/#website\"},\"datePublished\":\"2018-04-16T10:56:17+00:00\",\"dateModified\":\"2022-07-06T17:34:48+00:00\",\"description\":\"Alphonse Mucha feln\u0151tt puzzle - Mo\u00ebt &amp; Chandon - Imperial \u00e9s White Star - 1000 darab - 1000 db\",\"breadcrumb\":{\"@id\":\"https:\/\/business.roovi.com\/hu\/alphonse-mucha-felnott-puzzle-moet-chandon-imperial-es-white-star-1000-darab-1000-db\/p\/#breadcrumb\"},\"inLanguage\":\"hu\",\"potentialAction\":[{\"@type\":\"ReadAction\",\"target\":[\"https:\/\/business.roovi.com\/hu\/alphonse-mucha-felnott-puzzle-moet-chandon-imperial-es-white-star-1000-darab-1000-db\/p\/\"]}]},{\"@type\":\"BreadcrumbList\",\"@id\":\"https:\/\/business.roovi.com\/hu\/alphonse-mucha-felnott-puzzle-moet-chandon-imperial-es-white-star-1000-darab-1000-db\/p\/#breadcrumb\",\"itemListElement\":[{\"@type\":\"ListItem\",\"position\":1,\"name\":\"Home\",\"item\":\"https:\/\/business.roovi.com\/hu\/\"},{\"@type\":\"ListItem\",\"position\":2,\"name\":\"Shop\",\"item\":\"https:\/\/business.roovi.com\/hu\/shop\/\"},{\"@type\":\"ListItem\",\"position\":3,\"name\":\"Alphonse Mucha feln\u0151tt puzzle &#8211; Mo\u00ebt &amp; Chandon &#8211; Imperial \u00e9s White Star &#8211; 1000 darab &#8211; 1000 db\"}]},{\"@type\":\"WebSite\",\"@id\":\"https:\/\/business.roovi.com\/hu\/#website\",\"url\":\"https:\/\/business.roovi.com\/hu\/\",\"name\":\"Roovi B2B\",\"description\":\"Roovi Business Website\",\"potentialAction\":[{\"@type\":\"SearchAction\",\"target\":{\"@type\":\"EntryPoint\",\"urlTemplate\":\"https:\/\/business.roovi.com\/hu\/?s={search_term_string}\"},\"query-input\":\"required name=search_term_string\"}],\"inLanguage\":\"hu\"}]}<\/script>\n<!-- \/ Yoast SEO plugin. -->","yoast_head_json":{"title":"Alphonse Mucha feln\u0151tt puzzle - Mo\u00ebt &amp; Chandon - Imperial \u00e9s White Star - 1000 darab - 1000 db","description":"Alphonse Mucha feln\u0151tt puzzle - Mo\u00ebt &amp; Chandon - Imperial \u00e9s White Star - 1000 darab - 1000 db","robots":{"index":"index","follow":"follow","max-snippet":"max-snippet:-1","max-image-preview":"max-image-preview:large","max-video-preview":"max-video-preview:-1"},"canonical":"https:\/\/business.roovi.com\/hu\/alphonse-mucha-felnott-puzzle-moet-chandon-imperial-es-white-star-1000-darab-1000-db\/p\/","og_locale":"hu_HU","og_type":"article","og_title":"Alphonse Mucha feln\u0151tt puzzle - Mo\u00ebt &amp; Chandon - Imperial \u00e9s White Star - 1000 darab - 1000 db","og_description":"Alphonse Mucha feln\u0151tt puzzle - Mo\u00ebt &amp; Chandon - Imperial \u00e9s White Star - 1000 darab - 1000 db","og_url":"https:\/\/business.roovi.com\/hu\/alphonse-mucha-felnott-puzzle-moet-chandon-imperial-es-white-star-1000-darab-1000-db\/p\/","og_site_name":"Roovi B2B","article_publisher":"https:\/\/www.facebook.com\/wwwjucariero","article_modified_time":"2022-07-06T17:34:48+00:00","og_image":[{"width":1200,"height":1200,"url":"https:\/\/business.roovi.com\/wp-content\/uploads\/2018\/04\/66930-05_ansamblu_dimensiuni_cutie_cm.png","type":"image\/png"}],"twitter_misc":{"Becs\u00fclt olvas\u00e1si id\u0151":"3 perc"},"schema":{"@context":"https:\/\/schema.org","@graph":[{"@type":"WebPage","@id":"https:\/\/business.roovi.com\/hu\/alphonse-mucha-felnott-puzzle-moet-chandon-imperial-es-white-star-1000-darab-1000-db\/p\/","url":"https:\/\/business.roovi.com\/hu\/alphonse-mucha-felnott-puzzle-moet-chandon-imperial-es-white-star-1000-darab-1000-db\/p\/","name":"Alphonse Mucha feln\u0151tt puzzle - Mo\u00ebt &amp; Chandon - Imperial \u00e9s White Star - 1000 darab - 1000 db","isPartOf":{"@id":"https:\/\/business.roovi.com\/hu\/#website"},"datePublished":"2018-04-16T10:56:17+00:00","dateModified":"2022-07-06T17:34:48+00:00","description":"Alphonse Mucha feln\u0151tt puzzle - Mo\u00ebt &amp; Chandon - Imperial \u00e9s White Star - 1000 darab - 1000 db","breadcrumb":{"@id":"https:\/\/business.roovi.com\/hu\/alphonse-mucha-felnott-puzzle-moet-chandon-imperial-es-white-star-1000-darab-1000-db\/p\/#breadcrumb"},"inLanguage":"hu","potentialAction":[{"@type":"ReadAction","target":["https:\/\/business.roovi.com\/hu\/alphonse-mucha-felnott-puzzle-moet-chandon-imperial-es-white-star-1000-darab-1000-db\/p\/"]}]},{"@type":"BreadcrumbList","@id":"https:\/\/business.roovi.com\/hu\/alphonse-mucha-felnott-puzzle-moet-chandon-imperial-es-white-star-1000-darab-1000-db\/p\/#breadcrumb","itemListElement":[{"@type":"ListItem","position":1,"name":"Home","item":"https:\/\/business.roovi.com\/hu\/"},{"@type":"ListItem","position":2,"name":"Shop","item":"https:\/\/business.roovi.com\/hu\/shop\/"},{"@type":"ListItem","position":3,"name":"Alphonse Mucha feln\u0151tt puzzle &#8211; Mo\u00ebt &amp; Chandon &#8211; Imperial \u00e9s White Star &#8211; 1000 darab &#8211; 1000 db"}]},{"@type":"WebSite","@id":"https:\/\/business.roovi.com\/hu\/#website","url":"https:\/\/business.roovi.com\/hu\/","name":"Roovi B2B","description":"Roovi Business Website","potentialAction":[{"@type":"SearchAction","target":{"@type":"EntryPoint","urlTemplate":"https:\/\/business.roovi.com\/hu\/?s={search_term_string}"},"query-input":"required name=search_term_string"}],"inLanguage":"hu"}]}},"_links":{"self":[{"href":"https:\/\/business.roovi.com\/hu\/wp-json\/wp\/v2\/product\/41619","targetHints":{"allow":["GET"]}}],"collection":[{"href":"https:\/\/business.roovi.com\/hu\/wp-json\/wp\/v2\/product"}],"about":[{"href":"https:\/\/business.roovi.com\/hu\/wp-json\/wp\/v2\/types\/product"}],"version-history":[{"count":0,"href":"https:\/\/business.roovi.com\/hu\/wp-json\/wp\/v2\/product\/41619\/revisions"}],"wp:featuredmedia":[{"embeddable":true,"href":"https:\/\/business.roovi.com\/hu\/wp-json\/wp\/v2\/media\/63050"}],"wp:attachment":[{"href":"https:\/\/business.roovi.com\/hu\/wp-json\/wp\/v2\/media?parent=41619"}],"wp:term":[{"taxonomy":"product_brand","embeddable":true,"href":"https:\/\/business.roovi.com\/hu\/wp-json\/wp\/v2\/product_brand?post=41619"},{"taxonomy":"product_cat","embeddable":true,"href":"https:\/\/business.roovi.com\/hu\/wp-json\/wp\/v2\/product_cat?post=41619"},{"taxonomy":"product_tag","embeddable":true,"href":"https:\/\/business.roovi.com\/hu\/wp-json\/wp\/v2\/product_tag?post=41619"}],"curies":[{"name":"wp","href":"https:\/\/api.w.org\/{rel}","templated":true}]}}