{"id":41623,"date":"2018-04-16T10:56:17","date_gmt":"2018-04-16T10:56:17","guid":{"rendered":"https:\/\/business.roovi.com\/puzzle-adulti-alphonse-mucha-fruit-and-flowerfructe-si-flori-1000-piese\/p\/"},"modified":"2023-02-15T06:56:55","modified_gmt":"2023-02-15T06:56:55","slug":"alphonse-mucha-1000-darabos-felnott-puzzle-gyumolcs-es-virag-frute-si-flori","status":"publish","type":"product","link":"https:\/\/business.roovi.com\/hu\/alphonse-mucha-1000-darabos-felnott-puzzle-gyumolcs-es-virag-frute-si-flori\/p\/","title":{"rendered":"Alphonse Mucha 1000 darabos feln\u0151tt puzzle &#8211; Gy\u00fcm\u00f6lcs \u00e9s vir\u00e1g"},"content":{"rendered":"<p><span style=\"font-weight: 400;\">Gy\u0171jtem\u00e9ny\u00fcnk 1000 darabos kirak\u00f3s j\u00e1t\u00e9kokat tartalmaz, amelyek minden id\u0151k legszebb m\u0171v\u00e9szi festm\u00e9nyeit \u00e1br\u00e1zolj\u00e1k. V\u00e1lasszon most a kiv\u00e1l\u00f3 min\u0151s\u00e9g\u0171 feln\u0151tt puzzle-k sz\u00e9les v\u00e1laszt\u00e9k\u00e1b\u00f3l, \u00e9s l\u00e9pjen be a festm\u00e9nyek var\u00e1zslatos vil\u00e1g\u00e1ba.<\/span><\/p>\n<p><span style=\"font-weight: 400;\">Az Alphonse Mucha &#8211; Gy\u00fcm\u00f6lcs \u00e9s vir\u00e1g\/Frute et Flori feln\u0151tt puzzle a h\u00edres m\u0171v\u00e9sz sz\u00ednes \u00e9s harmonikus litogr\u00e1fi\u00e1it \u00e1br\u00e1zolja. A c\u00edmr\u0151l <\/span><strong>Gy\u00fcm\u00f6lcs<\/strong><span style=\"font-weight: 400;\"> n\u00e9z r\u00e1d dacosan, magabiztosan, egy b\u00e1jos n\u0151, k\u00f3cos, sz\u00ednes hajjal, kez\u00e9ben rengeteg gy\u00fcm\u00f6lccsel. A c\u00edmr\u0151l <\/span><strong>Vir\u00e1gok<\/strong><span style=\"font-weight: 400;\"> k\u00f6veti a n\u0151 melankolikus tekintet\u00e9t \u00e9s a festm\u00e9nyen l\u00e1that\u00f3 rengeteg vir\u00e1got: a haj\u00e1ban, a karjaiban \u00e9s k\u00f6r\u00fcl\u00f6tte. \u00c1ll\u00edtsd \u00fajra \u00f6ssze a gy\u00fcm\u00f6lcs\u00f6k, vir\u00e1gok \u00e9s sz\u00e9ps\u00e9g e gazdags\u00e1g\u00e1t az 1000 darabos kirak\u00f3sb\u00f3l, \u00e9s gy\u00f6ny\u00f6rk\u00f6dj egy kiv\u00e9teles festm\u00e9nyben <\/span><\/p>\n<p><span style=\"font-weight: 400;\">Alphonse Mucha 1000 darabos puzzle &#8211; Gy\u00fcm\u00f6lcs \u00e9s vir\u00e1g\/Frute et Flori:<\/span><\/p>\n<p><strong>A rekonstru\u00e1lt k\u00e9p m\u00e9rete: 50 x 70 cm<\/strong><span style=\"font-weight: 400;\"> &#8211; a feln\u0151tteknek sz\u00f3l\u00f3 puzzle festm\u00e9ny elk\u00e9sz\u00edt\u00e9s\u00e9hez egy hagyom\u00e1nyos doh\u00e1nyz\u00f3asztalra lesz sz\u00fcks\u00e9ged.<\/span><\/p>\n<p><strong>Puzzle anyag <\/strong><\/p>\n<p><strong>kiv\u00e1l\u00f3 min\u0151s\u00e9g\u0171 k\u00e9k karton<\/strong><\/p>\n<p><strong>fenntarthat\u00f3, \u00fajrahasznos\u00edthat\u00f3 anyagok<\/strong><\/p>\n<p><strong>f\u00e9lf\u00e9nyes kivitel, \u00e9l\u00e9nk sz\u00ednek<\/strong><\/p>\n<p><strong>A kirak\u00f3s darabok sz\u00e1ma: 1000<\/strong><\/p>\n<p><strong>Aj\u00e1nlott \u00e9letkor: 14+<\/strong><\/p>\n<p><strong>Az 1000 darabos rejtv\u00e9nyek rengeteg energi\u00e1val t\u00f6ltik fel az akkumul\u00e1torokat!<\/strong><\/p>\n<p><span style=\"font-weight: 400;\">Ha kimer\u00fcltnek \u00e9rzed magad, vegy\u00e9l fel egy 1000 darabos puzzle-t, \u00e9s \u00f6sszpontos\u00edtsd r\u00e1 a figyelmedet. Ha a mindennapi tev\u00e9kenys\u00e9gekt\u0151l elt\u00e9r\u0151 szellemi feladatot old meg, az seg\u00edt reaktiv\u00e1lni az \u00e1ltal\u00e1nos energi\u00e1j\u00e1t. A m\u0171v\u00e9szi puzzle remek v\u00e1laszt\u00e1s, mert a v\u00e9g\u00e9n percekig pihenhet \u00e9s szeml\u00e9l\u0151dhet egy harmonikus m\u0171v\u00e9szi k\u00e9pen.<\/span><\/p>\n<p><strong>5 egy\u00e9b el\u0151nye a feln\u0151tt rejtv\u00e9nyek \u00f6ssze\u00e1ll\u00edt\u00e1s\u00e1nak<\/strong><\/p>\n<ol>\n<li><span style=\"font-weight: 400;\">Serkenti az agyadat \u00e9s seg\u00edt a tal\u00e1l\u00e9konys\u00e1gban<\/span><\/li>\n<li><span style=\"font-weight: 400;\">Seg\u00edt gyorsan gondolkodni<\/span><\/li>\n<li><span style=\"font-weight: 400;\">Jav\u00edtja a mem\u00f3ri\u00e1t<\/span><\/li>\n<li><span style=\"font-weight: 400;\">Seg\u00edt ellazulni <\/span><\/li>\n<li><span style=\"font-weight: 400;\">A tud\u00e1s \u00e9s a koncentr\u00e1ci\u00f3 csod\u00e1latos \u00e9lm\u00e9ny\u00e9t ny\u00fajtja.<\/span><\/li>\n<\/ol>\n<p><strong>Fedezze fel Alphonse Mucha m\u0171veinek csod\u00e1latos szimbolik\u00e1j\u00e1t az 1000 darabos puzzle seg\u00edts\u00e9g\u00e9vel<\/strong><\/p>\n<p><span style=\"font-weight: 400;\">A m\u0171vek \u00fczenete a b\u0151s\u00e9gt\u0151l kezdve a sz\u00e9ps\u00e9gen \u00e1t az eg\u00e9szs\u00e9gig b\u00e1rmi lehet. A Fucte r\u00e9v\u00e9n tal\u00e1n a m\u0171v\u00e9sz \u00edgy akarja eml\u00e9keztetni \u00d6nt arra, hogy minden nap egyen gy\u00fcm\u00f6lcs\u00f6t. Vir\u00e1gokon kereszt\u00fcl tal\u00e1n azt sugallja, hogy sz\u00e9pen \u00e9lj. Rakd \u00f6ssze ezt a csod\u00e1latos 1000 darabos kirak\u00f3t, \u00e9s fedezz fel m\u00e1s \u00e9rdekes szimb\u00f3lumokat. L\u00e9gy m\u0171v\u00e9sz \u00e9s m\u0171kritikus egyar\u00e1nt! Ezzel a m\u0171v\u00e9szi kirak\u00f3val a k\u00e9pzeletbeli lehet\u0151s\u00e9gek v\u00e9gtelenek!<\/span><\/p>\n<p><span style=\"font-weight: 400;\">B\u00e1r a m\u0171vek <\/span><strong>Gy\u00fcm\u00f6lcs <\/strong><span style=\"font-weight: 400;\">\u00e9s<\/span><strong> Vir\u00e1gok <\/strong><span style=\"font-weight: 400;\">nem a m\u0171v\u00e9sz legreprezentat\u00edvabb m\u0171vei, mindkett\u0151 nagy m\u0171v\u00e9szi jelent\u0151s\u00e9ggel b\u00edr. A m\u0171v\u00e9sz n\u00e9ha szimbolizmust haszn\u00e1lt kompoz\u00edci\u00f3iban, \u00e9s ez itt is megtal\u00e1lhat\u00f3. Az er\u0151teljes szimb\u00f3lumok \u00e1br\u00e1zol\u00e1s\u00e1nak k\u00e9pess\u00e9g\u00e9re akkoriban felfigyeltek, \u00e9s megb\u00edz\u00e1st kapott egy sor rekl\u00e1mplak\u00e1t elk\u00e9sz\u00edt\u00e9s\u00e9re, amelyeken bizonyos term\u00e9kek egy k\u00edv\u00e1natos \u00e9letst\u00edlusba illeszkedtek.<\/span><\/p>\n<p><strong>T\u00f6lts\u00f6n legal\u00e1bb 25 percet az 1000 darabos kirak\u00f3val, \u00e9s tartsa t\u00e1vol a neurodegenerat\u00edv betegs\u00e9geket!<\/strong><\/p>\n<p><span style=\"font-weight: 400;\">A kirak\u00f3s j\u00e1t\u00e9kok egyik csod\u00e1latos el\u0151nye, hogy kiv\u00e1l\u00f3 agytorna. Tanulm\u00e1nyok azt mutatj\u00e1k, hogy a feln\u0151ttek napi legal\u00e1bb 25 percig tart\u00f3 kirak\u00f3s j\u00e1t\u00e9ktev\u00e9kenys\u00e9ge jelent\u0151sen cs\u00f6kkenti a neurodegenerat\u00edv betegs\u00e9gek, p\u00e9ld\u00e1ul az Alzheimer-k\u00f3r kialakul\u00e1s\u00e1nak kock\u00e1zat\u00e1t, \u00e9s a jelek szerint jav\u00edtja az IQ-t is.<\/span><\/p>\n<p><span style=\"font-weight: 400;\">\u00c9lvezze mindezen el\u0151ny\u00f6ket az Alphonse Mucha Gy\u00fcm\u00f6lcs \u00e9s vir\u00e1g 1000 darabos puzzle kirak\u00e1s\u00e1val! V\u00e1s\u00e1rolja meg most ezt a csod\u00e1latos kirak\u00f3s j\u00e1t\u00e9kot a m\u0171v\u00e9szeti kirak\u00f3s gy\u0171jtem\u00e9nyb\u0151l, \u00e9s hozza l\u00e9tre saj\u00e1t val\u00f3di festm\u00e9ny\u00e9t, amely felt\u0171n\u0151en hasonl\u00edt Alphonse Mucha m\u0171v\u00e9sz munk\u00e1ira <\/span><\/p>\n<p><span style=\"font-weight: 400;\">Nem tudja, milyen aj\u00e1nd\u00e9kkal lepje meg csal\u00e1dtagj\u00e1t vagy j\u00f3 bar\u00e1tj\u00e1t? Az Alphonse Mucha Gy\u00fcm\u00f6lcs \u00e9s vir\u00e1g 1000 darabos puzzle t\u00f6k\u00e9letes v\u00e1laszt\u00e1s <\/span><\/p>\n","protected":false},"excerpt":{"rendered":"<p>Gy\u0171jtem\u00e9ny\u00fcnk 1000 darabos kirak\u00f3s j\u00e1t\u00e9kokat tartalmaz, amelyek minden id\u0151k legszebb m\u0171v\u00e9szi festm\u00e9nyeit \u00e1br\u00e1zolj\u00e1k. V\u00e1lasszon most a kiv\u00e1l\u00f3 min\u0151s\u00e9g\u0171 feln\u0151tt puzzle-k<\/p>\n","protected":false},"featured_media":63078,"template":"","meta":[],"product_brand":[],"product_cat":[1881,1919,1920],"product_tag":[],"class_list":{"0":"post-41623","1":"product","2":"type-product","3":"status-publish","4":"has-post-thumbnail","6":"product_cat-kirakos-jatekok","7":"product_cat-felnott-kirakos-jatekok","8":"product_cat-1000-darabos-kirakos-jatek","9":"pa_bax-10-hu","10":"pa_brand-d_toys-hu","11":"pa_country_of_manufacture-ro-hu","12":"pa_filter_age-14-hu","13":"pa_painter-alphonsemucha-hu","14":"pa_tip_ambalaj-doboz","15":"pa_tip_puzzle-klasszikus","17":"first","18":"instock","19":"taxable","20":"shipping-taxable","21":"product-type-simple"},"yoast_head":"<!-- This site is optimized with the Yoast SEO plugin v20.1 - https:\/\/yoast.com\/wordpress\/plugins\/seo\/ -->\n<title>Alphonse Mucha 1000 darabos feln\u0151tt puzzle - Gy\u00fcm\u00f6lcs \u00e9s vir\u00e1g\/Frute \u0219i Flori<\/title>\n<meta name=\"description\" content=\"Alphonse Mucha 1000 darabos feln\u0151tt puzzle - Gy\u00fcm\u00f6lcs \u00e9s vir\u00e1g\/Frute \u0219i Flori\" \/>\n<meta name=\"robots\" content=\"index, follow, max-snippet:-1, max-image-preview:large, max-video-preview:-1\" \/>\n<link rel=\"canonical\" href=\"https:\/\/business.roovi.com\/hu\/alphonse-mucha-1000-darabos-felnott-puzzle-gyumolcs-es-virag-frute-si-flori\/p\/\" \/>\n<meta property=\"og:locale\" content=\"hu_HU\" \/>\n<meta property=\"og:type\" content=\"article\" \/>\n<meta property=\"og:title\" content=\"Alphonse Mucha 1000 darabos feln\u0151tt puzzle - Gy\u00fcm\u00f6lcs \u00e9s vir\u00e1g\/Frute \u0219i Flori\" \/>\n<meta property=\"og:description\" content=\"Alphonse Mucha 1000 darabos feln\u0151tt puzzle - Gy\u00fcm\u00f6lcs \u00e9s vir\u00e1g\/Frute \u0219i Flori\" \/>\n<meta property=\"og:url\" content=\"https:\/\/business.roovi.com\/hu\/alphonse-mucha-1000-darabos-felnott-puzzle-gyumolcs-es-virag-frute-si-flori\/p\/\" \/>\n<meta property=\"og:site_name\" content=\"Roovi B2B\" \/>\n<meta property=\"article:publisher\" content=\"https:\/\/www.facebook.com\/wwwjucariero\" \/>\n<meta property=\"article:modified_time\" content=\"2023-02-15T06:56:55+00:00\" \/>\n<meta property=\"og:image\" content=\"https:\/\/business.roovi.com\/wp-content\/uploads\/2018\/04\/66930-06_ansamblu_dimensiuni_cutie_cm.png\" \/>\n\t<meta property=\"og:image:width\" content=\"1200\" \/>\n\t<meta property=\"og:image:height\" content=\"1200\" \/>\n\t<meta property=\"og:image:type\" content=\"image\/png\" \/>\n<meta name=\"twitter:label1\" content=\"Becs\u00fclt olvas\u00e1si id\u0151\" \/>\n\t<meta name=\"twitter:data1\" content=\"3 perc\" \/>\n<script type=\"application\/ld+json\" class=\"yoast-schema-graph\">{\"@context\":\"https:\/\/schema.org\",\"@graph\":[{\"@type\":\"WebPage\",\"@id\":\"https:\/\/business.roovi.com\/hu\/alphonse-mucha-1000-darabos-felnott-puzzle-gyumolcs-es-virag-frute-si-flori\/p\/\",\"url\":\"https:\/\/business.roovi.com\/hu\/alphonse-mucha-1000-darabos-felnott-puzzle-gyumolcs-es-virag-frute-si-flori\/p\/\",\"name\":\"Alphonse Mucha 1000 darabos feln\u0151tt puzzle - Gy\u00fcm\u00f6lcs \u00e9s vir\u00e1g\/Frute \u0219i Flori\",\"isPartOf\":{\"@id\":\"https:\/\/business.roovi.com\/hu\/#website\"},\"datePublished\":\"2018-04-16T10:56:17+00:00\",\"dateModified\":\"2023-02-15T06:56:55+00:00\",\"description\":\"Alphonse Mucha 1000 darabos feln\u0151tt puzzle - Gy\u00fcm\u00f6lcs \u00e9s vir\u00e1g\/Frute \u0219i Flori\",\"breadcrumb\":{\"@id\":\"https:\/\/business.roovi.com\/hu\/alphonse-mucha-1000-darabos-felnott-puzzle-gyumolcs-es-virag-frute-si-flori\/p\/#breadcrumb\"},\"inLanguage\":\"hu\",\"potentialAction\":[{\"@type\":\"ReadAction\",\"target\":[\"https:\/\/business.roovi.com\/hu\/alphonse-mucha-1000-darabos-felnott-puzzle-gyumolcs-es-virag-frute-si-flori\/p\/\"]}]},{\"@type\":\"BreadcrumbList\",\"@id\":\"https:\/\/business.roovi.com\/hu\/alphonse-mucha-1000-darabos-felnott-puzzle-gyumolcs-es-virag-frute-si-flori\/p\/#breadcrumb\",\"itemListElement\":[{\"@type\":\"ListItem\",\"position\":1,\"name\":\"Home\",\"item\":\"https:\/\/business.roovi.com\/hu\/\"},{\"@type\":\"ListItem\",\"position\":2,\"name\":\"Shop\",\"item\":\"https:\/\/business.roovi.com\/hu\/shop\/\"},{\"@type\":\"ListItem\",\"position\":3,\"name\":\"Alphonse Mucha 1000 darabos feln\u0151tt puzzle &#8211; Gy\u00fcm\u00f6lcs \u00e9s vir\u00e1g\"}]},{\"@type\":\"WebSite\",\"@id\":\"https:\/\/business.roovi.com\/hu\/#website\",\"url\":\"https:\/\/business.roovi.com\/hu\/\",\"name\":\"Roovi B2B\",\"description\":\"Roovi Business Website\",\"potentialAction\":[{\"@type\":\"SearchAction\",\"target\":{\"@type\":\"EntryPoint\",\"urlTemplate\":\"https:\/\/business.roovi.com\/hu\/?s={search_term_string}\"},\"query-input\":\"required name=search_term_string\"}],\"inLanguage\":\"hu\"}]}<\/script>\n<!-- \/ Yoast SEO plugin. -->","yoast_head_json":{"title":"Alphonse Mucha 1000 darabos feln\u0151tt puzzle - Gy\u00fcm\u00f6lcs \u00e9s vir\u00e1g\/Frute \u0219i Flori","description":"Alphonse Mucha 1000 darabos feln\u0151tt puzzle - Gy\u00fcm\u00f6lcs \u00e9s vir\u00e1g\/Frute \u0219i Flori","robots":{"index":"index","follow":"follow","max-snippet":"max-snippet:-1","max-image-preview":"max-image-preview:large","max-video-preview":"max-video-preview:-1"},"canonical":"https:\/\/business.roovi.com\/hu\/alphonse-mucha-1000-darabos-felnott-puzzle-gyumolcs-es-virag-frute-si-flori\/p\/","og_locale":"hu_HU","og_type":"article","og_title":"Alphonse Mucha 1000 darabos feln\u0151tt puzzle - Gy\u00fcm\u00f6lcs \u00e9s vir\u00e1g\/Frute \u0219i Flori","og_description":"Alphonse Mucha 1000 darabos feln\u0151tt puzzle - Gy\u00fcm\u00f6lcs \u00e9s vir\u00e1g\/Frute \u0219i Flori","og_url":"https:\/\/business.roovi.com\/hu\/alphonse-mucha-1000-darabos-felnott-puzzle-gyumolcs-es-virag-frute-si-flori\/p\/","og_site_name":"Roovi B2B","article_publisher":"https:\/\/www.facebook.com\/wwwjucariero","article_modified_time":"2023-02-15T06:56:55+00:00","og_image":[{"width":1200,"height":1200,"url":"https:\/\/business.roovi.com\/wp-content\/uploads\/2018\/04\/66930-06_ansamblu_dimensiuni_cutie_cm.png","type":"image\/png"}],"twitter_misc":{"Becs\u00fclt olvas\u00e1si id\u0151":"3 perc"},"schema":{"@context":"https:\/\/schema.org","@graph":[{"@type":"WebPage","@id":"https:\/\/business.roovi.com\/hu\/alphonse-mucha-1000-darabos-felnott-puzzle-gyumolcs-es-virag-frute-si-flori\/p\/","url":"https:\/\/business.roovi.com\/hu\/alphonse-mucha-1000-darabos-felnott-puzzle-gyumolcs-es-virag-frute-si-flori\/p\/","name":"Alphonse Mucha 1000 darabos feln\u0151tt puzzle - Gy\u00fcm\u00f6lcs \u00e9s vir\u00e1g\/Frute \u0219i Flori","isPartOf":{"@id":"https:\/\/business.roovi.com\/hu\/#website"},"datePublished":"2018-04-16T10:56:17+00:00","dateModified":"2023-02-15T06:56:55+00:00","description":"Alphonse Mucha 1000 darabos feln\u0151tt puzzle - Gy\u00fcm\u00f6lcs \u00e9s vir\u00e1g\/Frute \u0219i Flori","breadcrumb":{"@id":"https:\/\/business.roovi.com\/hu\/alphonse-mucha-1000-darabos-felnott-puzzle-gyumolcs-es-virag-frute-si-flori\/p\/#breadcrumb"},"inLanguage":"hu","potentialAction":[{"@type":"ReadAction","target":["https:\/\/business.roovi.com\/hu\/alphonse-mucha-1000-darabos-felnott-puzzle-gyumolcs-es-virag-frute-si-flori\/p\/"]}]},{"@type":"BreadcrumbList","@id":"https:\/\/business.roovi.com\/hu\/alphonse-mucha-1000-darabos-felnott-puzzle-gyumolcs-es-virag-frute-si-flori\/p\/#breadcrumb","itemListElement":[{"@type":"ListItem","position":1,"name":"Home","item":"https:\/\/business.roovi.com\/hu\/"},{"@type":"ListItem","position":2,"name":"Shop","item":"https:\/\/business.roovi.com\/hu\/shop\/"},{"@type":"ListItem","position":3,"name":"Alphonse Mucha 1000 darabos feln\u0151tt puzzle &#8211; Gy\u00fcm\u00f6lcs \u00e9s vir\u00e1g"}]},{"@type":"WebSite","@id":"https:\/\/business.roovi.com\/hu\/#website","url":"https:\/\/business.roovi.com\/hu\/","name":"Roovi B2B","description":"Roovi Business Website","potentialAction":[{"@type":"SearchAction","target":{"@type":"EntryPoint","urlTemplate":"https:\/\/business.roovi.com\/hu\/?s={search_term_string}"},"query-input":"required name=search_term_string"}],"inLanguage":"hu"}]}},"_links":{"self":[{"href":"https:\/\/business.roovi.com\/hu\/wp-json\/wp\/v2\/product\/41623","targetHints":{"allow":["GET"]}}],"collection":[{"href":"https:\/\/business.roovi.com\/hu\/wp-json\/wp\/v2\/product"}],"about":[{"href":"https:\/\/business.roovi.com\/hu\/wp-json\/wp\/v2\/types\/product"}],"version-history":[{"count":0,"href":"https:\/\/business.roovi.com\/hu\/wp-json\/wp\/v2\/product\/41623\/revisions"}],"wp:featuredmedia":[{"embeddable":true,"href":"https:\/\/business.roovi.com\/hu\/wp-json\/wp\/v2\/media\/63078"}],"wp:attachment":[{"href":"https:\/\/business.roovi.com\/hu\/wp-json\/wp\/v2\/media?parent=41623"}],"wp:term":[{"taxonomy":"product_brand","embeddable":true,"href":"https:\/\/business.roovi.com\/hu\/wp-json\/wp\/v2\/product_brand?post=41623"},{"taxonomy":"product_cat","embeddable":true,"href":"https:\/\/business.roovi.com\/hu\/wp-json\/wp\/v2\/product_cat?post=41623"},{"taxonomy":"product_tag","embeddable":true,"href":"https:\/\/business.roovi.com\/hu\/wp-json\/wp\/v2\/product_tag?post=41623"}],"curies":[{"name":"wp","href":"https:\/\/api.w.org\/{rel}","templated":true}]}}