{"id":41627,"date":"2018-04-16T10:56:17","date_gmt":"2018-04-16T10:56:17","guid":{"rendered":"https:\/\/business.roovi.com\/puzzle-adulti-alphonse-mucha-the-precious-stonespietre-pretioase-1000-piese\/p\/"},"modified":"2022-07-06T17:39:10","modified_gmt":"2022-07-06T17:39:10","slug":"alphonse-mucha-1000-darabos-felnott-puzzle-a-dragakovek","status":"publish","type":"product","link":"https:\/\/business.roovi.com\/hu\/alphonse-mucha-1000-darabos-felnott-puzzle-a-dragakovek\/p\/","title":{"rendered":"Alphonse Mucha 1000 darabos feln\u0151tt puzzle &#8211; A dr\u00e1gak\u00f6vek"},"content":{"rendered":"<h3><span style=\"font-weight: 400;font-size: 14px\">Fedezze fel a m\u0171v\u00e9szeti kirak\u00f3sok k\u00edn\u00e1lat\u00e1t, amelyek 1000 darabos kirak\u00f3sokat tartalmaznak a t\u00f6rt\u00e9nelem legfontosabb m\u0171v\u00e9szeti korszakainak alkot\u00e1sait \u00e1br\u00e1zol\u00f3 k\u00e9pekkel. V\u00e1s\u00e1rolj feln\u0151tt rejtv\u00e9nyeket \u00e9s hozd l\u00e9tre saj\u00e1t m\u0171v\u00e9szeti gal\u00e9ri\u00e1dat! <\/span><\/h3>\n<h3><span style=\"font-weight: 400;font-size: 14px\">Kiterjedt k\u00edn\u00e1latunkban Alphonse Mucha, a szecesszi\u00f3s fest\u00e9szet legnagyobb k\u00e9pvisel\u0151je is megtal\u00e1lhat\u00f3 puzzle j\u00e1t\u00e9kaink k\u00f6z\u00f6tt. Alphonse Mucha &#8211; A dr\u00e1gak\u00f6vek a m\u0171v\u00e9sz egyik legreprezentat\u00edvabb m\u0171ve, amely 4 n\u0151t \u00e1br\u00e1zol, akik 4 dr\u00e1gak\u00f6vet testes\u00edtenek meg: top\u00e1z, rubin, ametiszt \u00e9s smaragd. A kompoz\u00edci\u00f3 fels\u0151 r\u00e9sz\u00e9t a n\u0151i alak uralja, az als\u00f3 r\u00e9szt pedig az \u00e1ltala k\u00e9pviselt dr\u00e1gak\u0151 sz\u00edn\u00e9ben pomp\u00e1z\u00f3 vir\u00e1g <\/span><\/h3>\n<h3><span style=\"font-weight: 400;font-size: 14px\">Az 1000 darabos puzzle a legmagasabb min\u0151s\u00e9g\u0171 kartonb\u00f3l k\u00e9sz\u00fclt, ami hossz\u00fa \u00e9lettartamot biztos\u00edt. Ennek a csod\u00e1latos kirak\u00f3snak a darabjai nagy pontoss\u00e1ggal vannak kiv\u00e1gva, \u00edgy az 1000 darabos puzzle t\u00f6k\u00e9letesen illeszkedik egym\u00e1shoz, \u00e9s a v\u00e9gs\u0151 k\u00e9p szinte t\u00f6k\u00e9letes m\u00e1solata az eredetinek <\/span><\/h3>\n<p><span style=\"font-size: 14px\"><strong>Az Alphonse Mucha &#8211; A dr\u00e1gak\u00f6vek 1000 darabos puzzle jellemz\u0151i:<\/strong><\/span><\/p>\n<p><span style=\"font-size: 14px\"><strong>Puzzle m\u00e9rete 1000 darab: 50 x 70 cm &#8211; az \u00f6sszerak\u00e1shoz egy nappali doh\u00e1nyz\u00f3asztalra van sz\u00fcks\u00e9g<\/strong><\/span><\/p>\n<p><span style=\"font-size: 14px\"><strong>1000 darab puzzle anyag <\/strong><\/span><\/p>\n<p><span style=\"font-size: 14px\"><strong>2 mm vastag k\u00e9k karton<\/strong><\/span><\/p>\n<p><span style=\"font-size: 14px\"><strong>fenntarthat\u00f3, \u00fajrahasznos\u00edthat\u00f3 anyagok<\/strong><\/span><\/p>\n<p><span style=\"font-size: 14px\"><strong>f\u00e9lf\u00e9nyes kivitel, \u00e9l\u00e9nk sz\u00ednek<\/strong><\/span><\/p>\n<p><span style=\"font-size: 14px\"><strong>A kirak\u00f3s darabok sz\u00e1ma: 1000<\/strong><\/span><\/p>\n<p><span style=\"font-size: 14px\"><strong>Aj\u00e1nlott \u00e9letkor: 14+<\/strong><\/span><\/p>\n<p><span style=\"font-size: 14px\"><strong>Rakj \u00f6ssze 1000 darabot, \u00e9s j\u00f3l leszel!<\/strong><\/span><\/p>\n<p><span style=\"font-weight: 400;font-size: 14px\">Harm\u00f3nia, kifinomults\u00e1g, sz\u00edn. B\u00e9ke \u00e9s nyugalom. Mindent \u00e9rezni fogsz, ahogy szeml\u00e9l\u0151dsz a k\u00e9pen ebben a leny\u0171g\u00f6z\u0151 m\u0171v\u00e9szi kirak\u00f3sban. L\u00e1sson munk\u00e1hoz, rakja \u00f6ssze az 1000 darabos dr\u00e1gak\u00f6ves puzzle-t, keretezze be a k\u00e9pet \u00e9s \u00e9lvezze az \u00e9rz\u00e9keit!<\/span><\/p>\n<p><span style=\"font-size: 14px\"><strong>Az 1000 darabos puzzle sz\u00e1mos egy\u00e9b el\u0151nnyel j\u00e1r:<\/strong><\/span><\/p>\n<p><span style=\"font-weight: 400;font-size: 14px\">Megszabad\u00edt a stresszt\u0151l<\/span><\/p>\n<p><span style=\"font-weight: 400;font-size: 14px\">Serkenti az agyi aktivit\u00e1st<\/span><\/p>\n<p><span style=\"font-weight: 400;font-size: 14px\">Seg\u00edt vil\u00e1gos c\u00e9lokat kit\u0171zni<\/span><\/p>\n<p><span style=\"font-weight: 400;font-size: 14px\">Ez egy j\u00f3 gyakorlat a koncentr\u00e1ci\u00f3 jav\u00edt\u00e1s\u00e1ra.<\/span><\/p>\n<p><span style=\"font-size: 14px\"><strong>5 \u00e9rdekes t\u00e9ny Alphonse Much\u00e1r\u00f3l <\/strong><\/span><\/p>\n<ol>\n<li><span style=\"font-weight: 400;font-size: 14px\">A szecesszi\u00f3t s\u00e9rt\u00e9snek tartotta, \u00e9s nem akarta, hogy kapcsolatba hozz\u00e1k vele.<\/span><\/li>\n<li><span style=\"font-weight: 400;font-size: 14px\">Azt akarta, hogy a m\u0171v\u00e9szi festm\u00e9nyek eljussanak a szeg\u00e9nyekhez, akik nem engedhetik meg maguknak, hogy megv\u00e1s\u00e1rolj\u00e1k \u0151ket.<\/span><\/li>\n<li><span style=\"font-weight: 400;font-size: 14px\">Gyermekkor\u00e1ban megr\u00e1zta egy l\u00e1ny hirtelen hal\u00e1la, akit szeretett. \u00dagy t\u0171nik, neki k\u00f6sz\u00f6nheti az id\u0151tlen angyali arcok kifejez\u00e9s\u00e9t minden m\u0171v\u00e9ben.<\/span><\/li>\n<li><span style=\"font-weight: 400;font-size: 14px\">\u0150 tervezte Csehszlov\u00e1kia bankjegyeit \u00e9s b\u00e9lyegeit az els\u0151 vil\u00e1gh\u00e1bor\u00fat k\u00f6vet\u0151en, amikor Csehszlov\u00e1kia elnyerte f\u00fcggetlens\u00e9g\u00e9t.<\/span><\/li>\n<li><span style=\"font-weight: 400;font-size: 14px\">A Gestapo letart\u00f3ztatta, szl\u00e1v nacionalizmus\u00e1r\u00f3l ismert.<\/span><\/li>\n<\/ol>\n<p><span style=\"font-size: 14px\"><strong>Fejezd be a csod\u00e1latos 1000 darabos puzzle k\u00e9peket \u00e9s fejleszd a probl\u00e9mamegold\u00f3 k\u00e9pess\u00e9gedet!<\/strong><\/span><\/p>\n<p><span style=\"font-weight: 400;font-size: 14px\">Egy 1000 darabos puzzle \u00f6ssze\u00e1ll\u00edt\u00e1sa alapvet\u0151 probl\u00e9m\u00e1t jelent. A feln\u0151ttek puzzle-darabk\u00e1i \u00f6ssze vannak kusz\u00e1lva, \u00e9s azokat rendezni \u00e9s \u00f6sszerakni kell. A helyes kirak\u00f3s elrendez\u00e9s lehet\u0151s\u00e9get teremt a probl\u00e9mamegold\u00f3 k\u00e9szs\u00e9g gyakorl\u00e1s\u00e1ra. Minden egyes befejezett 1000 darabos kirak\u00f3s j\u00e1t\u00e9kkal egyre jobban \u00e9s jobban oldod meg a neh\u00e9z helyzeteket.<\/span><\/p>\n<p><span style=\"font-size: 14px\"><strong>L\u00e9gy te az a m\u0171v\u00e9sz, aki az 1000 darabos kirak\u00f3sb\u00f3l egy gy\u00f6ny\u00f6r\u0171 festm\u00e9nyt k\u00e9sz\u00edt!<\/strong><\/span><\/p>\n<p><span style=\"font-weight: 400;font-size: 14px\">Nem vagy fest\u0151, de \u00e1lmodhatsz arr\u00f3l, hogy mester leszel. Fejezd be ezt a csod\u00e1latos m\u0171v\u00e9szeti kirak\u00f3t, \u00e9s l\u00e9pj be a h\u00edres Alphonse Mucha csod\u00e1latos vil\u00e1g\u00e1ba.<\/span><\/p>\n<p><span style=\"font-size: 14px\"><span style=\"font-weight: 400\">Szenved\u00e9lyesen szereted az 1000 darabos kirak\u00f3s j\u00e1t\u00e9kokat? V\u00e1s\u00e1rolja Alphonse Mucha &#8211; A dr\u00e1gak\u00f6vek 1000 darabos puzzle-t<\/span><span style=\"font-weight: 400\"> \u00e9s hozza l\u00e9tre saj\u00e1t m\u0171v\u00e9szeti gy\u0171jtem\u00e9ny\u00e9t. Ez a csod\u00e1latos kirak\u00f3s j\u00e1t\u00e9k ak\u00e1r 30 \u00f3r\u00e1nyi kikapcsol\u00f3d\u00e1st k\u00edn\u00e1l a saj\u00e1t otthonodban.<\/span><\/span><\/p>\n<p><span style=\"font-weight: 400;font-size: 14px\">Gyorsan kell aj\u00e1nd\u00e9kot vennie egy szerett\u00e9nek? Rendeld meg gyorsan ezt a feln\u0151tt puzzle-t \u00e9s szerezz \u00f6r\u00f6met bar\u00e1todnak!<\/span><\/p><\/p>\n","protected":false},"excerpt":{"rendered":"<p>Fedezze fel a m\u0171v\u00e9szeti kirak\u00f3sok k\u00edn\u00e1lat\u00e1t, amelyek 1000 darabos kirak\u00f3sokat tartalmaznak a t\u00f6rt\u00e9nelem legfontosabb m\u0171v\u00e9szeti korszakainak alkot\u00e1sait \u00e1br\u00e1zol\u00f3 k\u00e9pekkel. V\u00e1s\u00e1rolj<\/p>\n","protected":false},"featured_media":63056,"template":"","meta":[],"product_brand":[],"product_cat":[1920,1919,1881],"product_tag":[],"class_list":{"0":"post-41627","1":"product","2":"type-product","3":"status-publish","4":"has-post-thumbnail","6":"product_cat-1000-darabos-kirakos-jatek","7":"product_cat-felnott-kirakos-jatekok","8":"product_cat-kirakos-jatekok","9":"pa_bax-10-hu","10":"pa_brand-d_toys-hu","11":"pa_country_of_manufacture-ro-hu","12":"pa_filter_age-14-hu","13":"pa_painter-alphonsemucha-hu","14":"pa_tip_ambalaj-doboz","15":"pa_tip_puzzle-klasszikus","17":"first","18":"instock","19":"taxable","20":"shipping-taxable","21":"product-type-simple"},"yoast_head":"<!-- This site is optimized with the Yoast SEO plugin v20.1 - https:\/\/yoast.com\/wordpress\/plugins\/seo\/ -->\n<title>Alphonse Mucha 1000 darabos feln\u0151tt puzzle - A dr\u00e1gak\u00f6vek<\/title>\n<meta name=\"description\" content=\"Alphonse Mucha 1000 darabos feln\u0151tt puzzle - A dr\u00e1gak\u00f6vek\" \/>\n<meta name=\"robots\" content=\"index, follow, max-snippet:-1, max-image-preview:large, max-video-preview:-1\" \/>\n<link rel=\"canonical\" href=\"https:\/\/business.roovi.com\/hu\/alphonse-mucha-1000-darabos-felnott-puzzle-a-dragakovek\/p\/\" \/>\n<meta property=\"og:locale\" content=\"hu_HU\" \/>\n<meta property=\"og:type\" content=\"article\" \/>\n<meta property=\"og:title\" content=\"Alphonse Mucha 1000 darabos feln\u0151tt puzzle - A dr\u00e1gak\u00f6vek\" \/>\n<meta property=\"og:description\" content=\"Alphonse Mucha 1000 darabos feln\u0151tt puzzle - A dr\u00e1gak\u00f6vek\" \/>\n<meta property=\"og:url\" content=\"https:\/\/business.roovi.com\/hu\/alphonse-mucha-1000-darabos-felnott-puzzle-a-dragakovek\/p\/\" \/>\n<meta property=\"og:site_name\" content=\"Roovi B2B\" \/>\n<meta property=\"article:publisher\" content=\"https:\/\/www.facebook.com\/wwwjucariero\" \/>\n<meta property=\"article:modified_time\" content=\"2022-07-06T17:39:10+00:00\" \/>\n<meta property=\"og:image\" content=\"https:\/\/business.roovi.com\/wp-content\/uploads\/2018\/04\/66930-07_ansamblu_dimensiuni_cutie_cm_orizontal.png\" \/>\n\t<meta property=\"og:image:width\" content=\"1200\" \/>\n\t<meta property=\"og:image:height\" content=\"1200\" \/>\n\t<meta property=\"og:image:type\" content=\"image\/png\" \/>\n<meta name=\"twitter:label1\" content=\"Becs\u00fclt olvas\u00e1si id\u0151\" \/>\n\t<meta name=\"twitter:data1\" content=\"3 perc\" \/>\n<script type=\"application\/ld+json\" class=\"yoast-schema-graph\">{\"@context\":\"https:\/\/schema.org\",\"@graph\":[{\"@type\":\"WebPage\",\"@id\":\"https:\/\/business.roovi.com\/hu\/alphonse-mucha-1000-darabos-felnott-puzzle-a-dragakovek\/p\/\",\"url\":\"https:\/\/business.roovi.com\/hu\/alphonse-mucha-1000-darabos-felnott-puzzle-a-dragakovek\/p\/\",\"name\":\"Alphonse Mucha 1000 darabos feln\u0151tt puzzle - A dr\u00e1gak\u00f6vek\",\"isPartOf\":{\"@id\":\"https:\/\/business.roovi.com\/hu\/#website\"},\"datePublished\":\"2018-04-16T10:56:17+00:00\",\"dateModified\":\"2022-07-06T17:39:10+00:00\",\"description\":\"Alphonse Mucha 1000 darabos feln\u0151tt puzzle - A dr\u00e1gak\u00f6vek\",\"breadcrumb\":{\"@id\":\"https:\/\/business.roovi.com\/hu\/alphonse-mucha-1000-darabos-felnott-puzzle-a-dragakovek\/p\/#breadcrumb\"},\"inLanguage\":\"hu\",\"potentialAction\":[{\"@type\":\"ReadAction\",\"target\":[\"https:\/\/business.roovi.com\/hu\/alphonse-mucha-1000-darabos-felnott-puzzle-a-dragakovek\/p\/\"]}]},{\"@type\":\"BreadcrumbList\",\"@id\":\"https:\/\/business.roovi.com\/hu\/alphonse-mucha-1000-darabos-felnott-puzzle-a-dragakovek\/p\/#breadcrumb\",\"itemListElement\":[{\"@type\":\"ListItem\",\"position\":1,\"name\":\"Home\",\"item\":\"https:\/\/business.roovi.com\/hu\/\"},{\"@type\":\"ListItem\",\"position\":2,\"name\":\"Shop\",\"item\":\"https:\/\/business.roovi.com\/hu\/shop\/\"},{\"@type\":\"ListItem\",\"position\":3,\"name\":\"Alphonse Mucha 1000 darabos feln\u0151tt puzzle &#8211; A dr\u00e1gak\u00f6vek\"}]},{\"@type\":\"WebSite\",\"@id\":\"https:\/\/business.roovi.com\/hu\/#website\",\"url\":\"https:\/\/business.roovi.com\/hu\/\",\"name\":\"Roovi B2B\",\"description\":\"Roovi Business Website\",\"potentialAction\":[{\"@type\":\"SearchAction\",\"target\":{\"@type\":\"EntryPoint\",\"urlTemplate\":\"https:\/\/business.roovi.com\/hu\/?s={search_term_string}\"},\"query-input\":\"required name=search_term_string\"}],\"inLanguage\":\"hu\"}]}<\/script>\n<!-- \/ Yoast SEO plugin. -->","yoast_head_json":{"title":"Alphonse Mucha 1000 darabos feln\u0151tt puzzle - A dr\u00e1gak\u00f6vek","description":"Alphonse Mucha 1000 darabos feln\u0151tt puzzle - A dr\u00e1gak\u00f6vek","robots":{"index":"index","follow":"follow","max-snippet":"max-snippet:-1","max-image-preview":"max-image-preview:large","max-video-preview":"max-video-preview:-1"},"canonical":"https:\/\/business.roovi.com\/hu\/alphonse-mucha-1000-darabos-felnott-puzzle-a-dragakovek\/p\/","og_locale":"hu_HU","og_type":"article","og_title":"Alphonse Mucha 1000 darabos feln\u0151tt puzzle - A dr\u00e1gak\u00f6vek","og_description":"Alphonse Mucha 1000 darabos feln\u0151tt puzzle - A dr\u00e1gak\u00f6vek","og_url":"https:\/\/business.roovi.com\/hu\/alphonse-mucha-1000-darabos-felnott-puzzle-a-dragakovek\/p\/","og_site_name":"Roovi B2B","article_publisher":"https:\/\/www.facebook.com\/wwwjucariero","article_modified_time":"2022-07-06T17:39:10+00:00","og_image":[{"width":1200,"height":1200,"url":"https:\/\/business.roovi.com\/wp-content\/uploads\/2018\/04\/66930-07_ansamblu_dimensiuni_cutie_cm_orizontal.png","type":"image\/png"}],"twitter_misc":{"Becs\u00fclt olvas\u00e1si id\u0151":"3 perc"},"schema":{"@context":"https:\/\/schema.org","@graph":[{"@type":"WebPage","@id":"https:\/\/business.roovi.com\/hu\/alphonse-mucha-1000-darabos-felnott-puzzle-a-dragakovek\/p\/","url":"https:\/\/business.roovi.com\/hu\/alphonse-mucha-1000-darabos-felnott-puzzle-a-dragakovek\/p\/","name":"Alphonse Mucha 1000 darabos feln\u0151tt puzzle - A dr\u00e1gak\u00f6vek","isPartOf":{"@id":"https:\/\/business.roovi.com\/hu\/#website"},"datePublished":"2018-04-16T10:56:17+00:00","dateModified":"2022-07-06T17:39:10+00:00","description":"Alphonse Mucha 1000 darabos feln\u0151tt puzzle - A dr\u00e1gak\u00f6vek","breadcrumb":{"@id":"https:\/\/business.roovi.com\/hu\/alphonse-mucha-1000-darabos-felnott-puzzle-a-dragakovek\/p\/#breadcrumb"},"inLanguage":"hu","potentialAction":[{"@type":"ReadAction","target":["https:\/\/business.roovi.com\/hu\/alphonse-mucha-1000-darabos-felnott-puzzle-a-dragakovek\/p\/"]}]},{"@type":"BreadcrumbList","@id":"https:\/\/business.roovi.com\/hu\/alphonse-mucha-1000-darabos-felnott-puzzle-a-dragakovek\/p\/#breadcrumb","itemListElement":[{"@type":"ListItem","position":1,"name":"Home","item":"https:\/\/business.roovi.com\/hu\/"},{"@type":"ListItem","position":2,"name":"Shop","item":"https:\/\/business.roovi.com\/hu\/shop\/"},{"@type":"ListItem","position":3,"name":"Alphonse Mucha 1000 darabos feln\u0151tt puzzle &#8211; A dr\u00e1gak\u00f6vek"}]},{"@type":"WebSite","@id":"https:\/\/business.roovi.com\/hu\/#website","url":"https:\/\/business.roovi.com\/hu\/","name":"Roovi B2B","description":"Roovi Business Website","potentialAction":[{"@type":"SearchAction","target":{"@type":"EntryPoint","urlTemplate":"https:\/\/business.roovi.com\/hu\/?s={search_term_string}"},"query-input":"required name=search_term_string"}],"inLanguage":"hu"}]}},"_links":{"self":[{"href":"https:\/\/business.roovi.com\/hu\/wp-json\/wp\/v2\/product\/41627","targetHints":{"allow":["GET"]}}],"collection":[{"href":"https:\/\/business.roovi.com\/hu\/wp-json\/wp\/v2\/product"}],"about":[{"href":"https:\/\/business.roovi.com\/hu\/wp-json\/wp\/v2\/types\/product"}],"version-history":[{"count":0,"href":"https:\/\/business.roovi.com\/hu\/wp-json\/wp\/v2\/product\/41627\/revisions"}],"wp:featuredmedia":[{"embeddable":true,"href":"https:\/\/business.roovi.com\/hu\/wp-json\/wp\/v2\/media\/63056"}],"wp:attachment":[{"href":"https:\/\/business.roovi.com\/hu\/wp-json\/wp\/v2\/media?parent=41627"}],"wp:term":[{"taxonomy":"product_brand","embeddable":true,"href":"https:\/\/business.roovi.com\/hu\/wp-json\/wp\/v2\/product_brand?post=41627"},{"taxonomy":"product_cat","embeddable":true,"href":"https:\/\/business.roovi.com\/hu\/wp-json\/wp\/v2\/product_cat?post=41627"},{"taxonomy":"product_tag","embeddable":true,"href":"https:\/\/business.roovi.com\/hu\/wp-json\/wp\/v2\/product_tag?post=41627"}],"curies":[{"name":"wp","href":"https:\/\/api.w.org\/{rel}","templated":true}]}}