{"id":41631,"date":"2018-04-16T10:56:17","date_gmt":"2018-04-16T10:56:17","guid":{"rendered":"https:\/\/business.roovi.com\/puzzle-adulti-alphonse-mucha-the-time-of-the-dayorele-zilei-1000-piese\/p\/"},"modified":"2022-07-06T17:39:18","modified_gmt":"2022-07-06T17:39:18","slug":"alphonse-mucha-1000-darabos-felnott-puzzle-a-nap-ideje","status":"publish","type":"product","link":"https:\/\/business.roovi.com\/hu\/alphonse-mucha-1000-darabos-felnott-puzzle-a-nap-ideje\/p\/","title":{"rendered":"Alphonse Mucha 1000 darabos feln\u0151tt puzzle &#8211; A nap ideje"},"content":{"rendered":"<p><span style=\"font-weight: 400\">A m\u0171v\u00e9szi rejtv\u00e9nyek legnagyobb v\u00e1laszt\u00e9k\u00e1val most megvan ez a lehet\u0151s\u00e9g. V\u00e1lasszon 1000 darabos kirak\u00f3s j\u00e1t\u00e9kokat h\u00edres festm\u00e9nyek k\u00e9peivel, \u00e9s \u00e9p\u00edtsen irigyl\u00e9sre m\u00e9lt\u00f3 m\u0171v\u00e9szeti gy\u0171jtem\u00e9nyt.<\/span><\/p>\n<p><span style=\"font-weight: 400\">Alphonse Mucha feln\u0151tt puzzle &#8211; A napszak remek v\u00e1laszt\u00e1s lehet a csod\u00e1latos sz\u00edneknek k\u00f6sz\u00f6nhet\u0151en, amelyek a b\u00e9ke \u00e9s a harm\u00f3nia \u00e1llapot\u00e1t id\u00e9zik el\u0151. Ez az 1000 darabos puzzle a nap n\u00e9gy id\u0151szak\u00e1t \u00e1br\u00e1zolja: a reggeli \u00e9bred\u00e9st, az esti \u00e1lmodoz\u00e1st, a d\u00e9li ragyog\u00e1st \u00e9s az \u00e9jszakai pihen\u00e9st. Minden egyes pillanatot vonz\u00f3 n\u0151k szimboliz\u00e1lnak egy g\u00f3tikus ablakra eml\u00e9keztet\u0151 d\u00edszes keretben. A friss, finom sz\u00ednek \u00e9s a buja vir\u00e1gmot\u00edvumok a nap minden pillanat\u00e1nak hangulat\u00e1t t\u00fckr\u00f6zik.<\/span><\/p>\n<p><span style=\"font-weight: 400\">A bor\u00fas vagy nem t\u00fal j\u00f3 napokon ez az 1000 darabos kirak\u00f3s k\u00e9p igazi \u00f6r\u00f6m. Ha r\u00e1n\u00e9zel, feldobja a napodat \u00e9s a hangulatodat. A term\u00e9k min\u0151s\u00e9gi, 2 mm vastags\u00e1g\u00fa kartonb\u00f3l k\u00e9sz\u00fclt, ami t\u00f6bbsz\u00f6ri haszn\u00e1latra is tart\u00f3s <\/span><\/p>\n<p><span style=\"font-weight: 400\">Kombin\u00e1lja az 1000 darabos puzzle t\u00f6k\u00e9letesen kiv\u00e1gott form\u00e1it a nappali k\u00e9nyelm\u00e9ben a doh\u00e1nyz\u00f3asztalon, \u00e9s kap egy k\u00fcl\u00f6nleges, 50 x 70 cm-es festm\u00e9nyt.<\/span><\/p>\n<p><span style=\"font-weight: 400\">Az Alphonse Mucha 1000 darabos puzzle jellemz\u0151i &#8211; A napszak:<\/span><\/p>\n<p><strong>Puzzle anyag <\/strong><\/p>\n<p><strong>kiv\u00e1l\u00f3 min\u0151s\u00e9g\u0171 k\u00e9k karton<\/strong><\/p>\n<p><strong>fenntarthat\u00f3, \u00fajrahasznos\u00edthat\u00f3 anyagok<\/strong><\/p>\n<p><strong>f\u00e9lf\u00e9nyes kivitel, \u00e9l\u00e9nk sz\u00ednek<\/strong><\/p>\n<p><strong>A kirak\u00f3s darabok sz\u00e1ma: 1000<\/strong><\/p>\n<p><strong>Aj\u00e1nlott \u00e9letkor: 14+<\/strong><\/p>\n<p><strong>Ha megoldja az 1000 darabos kirak\u00f3st, legal\u00e1bb 3 el\u0151nyben r\u00e9szes\u00fclhet<\/strong><\/p>\n<ol>\n<li><strong> Jobb lesz a r\u00f6vid t\u00e1v\u00fa mem\u00f3ri\u00e1ja <\/strong><span style=\"font-weight: 400\">Ha sok alakzatra \u00e9s sz\u00ednre kell eml\u00e9keznie, valamint vizualiz\u00e1lni kell, hogy a darabok hova illeszkednek egy feln\u0151tt kirak\u00f3s j\u00e1t\u00e9kban, az edzi \u00e9s jav\u00edtja a mem\u00f3ri\u00e1j\u00e1t<\/span><\/li>\n<li><strong> Jav\u00edtani fogod a probl\u00e9mamegold\u00f3 k\u00e9szs\u00e9gedet.<\/strong><span style=\"font-weight: 400\"> A rejtv\u00e9nyek lej\u00e1tsz\u00e1sa neh\u00e9z probl\u00e9m\u00e1nak t\u0171nhet. A gy\u00f6ny\u00f6r\u0171 k\u00e9p rekonstru\u00e1l\u00e1s\u00e1hoz minden fegyveredet pr\u00f3b\u00e1ra teszed: t\u00fcrelem, kitart\u00e1s, motiv\u00e1ci\u00f3, \u00e9s v\u00e9g\u00fcl megtal\u00e1lod a megold\u00e1st, \u00e9s k\u00e9sz a k\u00e9p. Ez a gyakorlat seg\u00edt abban, hogy a mindennapi probl\u00e9m\u00e1kra is k\u00f6nnyebben tal\u00e1ljon megold\u00e1st.<\/span><\/li>\n<li><strong> Min\u0151s\u00e9gi id\u0151t fogsz t\u00f6lteni a digit\u00e1lis vil\u00e1gt\u00f3l t\u00e1vol<\/strong><span style=\"font-weight: 400\">. A feln\u0151tt rejtv\u00e9nyek seg\u00edtenek elszakadni a k\u00e9perny\u0151kt\u0151l. Ezek egy konkr\u00e9t c\u00e9lhoz, egy k\u00e9prejtv\u00e9ny megold\u00e1s\u00e1hoz k\u00f6tik az embert, \u00e9s a mindennap v\u00e1gyott pihen\u00e9s pillanatait biztos\u00edtj\u00e1k.<\/span><\/li>\n<\/ol>\n<p><strong>Alphonse Mucha &#8211; egy m\u0171v\u00e9sz nagy hittel<\/strong><\/p>\n<p>Mucha \u00fagy v\u00e9lte, hogy a sz\u00e9p m\u0171alkot\u00e1sok l\u00e9trehoz\u00e1s\u00e1val javul az \u00e9letmin\u0151s\u00e9g <\/p>\n<p>A m\u0171v\u00e9sz \u00fagy v\u00e9lte, hogy k\u00f6teless\u00e9ge a m\u0171v\u00e9szet n\u00e9pszer\u0171s\u00edt\u00e9se a h\u00e9tk\u00f6znapi emberek sz\u00e1m\u00e1ra <\/p>\n<p><span style=\"font-weight: 400\">Mindk\u00e9t c\u00e9lt \u00fagy \u00e9rte el, hogy mindenki sz\u00e1m\u00e1ra el\u00e9rhet\u0151v\u00e9 tette a leny\u0171g\u00f6z\u0151 dekorat\u00edv paneleket. A m\u0171v\u00e9sz egyszer azt mondta a paneljeir\u0151l <\/span><em><strong> &#8222;Boldog voltam, hogy m\u0171v\u00e9szettel foglalkozhatok az emberek sz\u00e1m\u00e1ra, \u00e9s nem a priv\u00e1t szalonok sz\u00e1m\u00e1ra. Olcs\u00f3 volt, a nagyk\u00f6z\u00f6ns\u00e9g sz\u00e1m\u00e1ra is el\u00e9rhet\u0151, \u00e9s a szeg\u00e9ny csal\u00e1dokban \u00e9s a tehet\u0151sebb k\u00f6r\u00f6kben egyar\u00e1nt meg\u00e1llta a hely\u00e9t.&#8221;<\/strong><\/em><\/p>\n<p><strong>A puzzle j\u00e1t\u00e9kok eg\u00e9szs\u00e9gesen tartj\u00e1k az agyat<\/strong><\/p>\n<p><span style=\"font-weight: 400\">Szeretn\u00e9l egy \u00e9lvezetes edz\u00e9st, hogy eg\u00e9szs\u00e9ges maradjon az agyad? Fejezd be az 1000 darabos puzzle-t \u00e9s \u00e9rd el ezt a c\u00e9lt! A kirak\u00f3s j\u00e1t\u00e9kok \u00f6sszerak\u00e1sa egyar\u00e1nt edzi a jobb agyf\u00e9ltek\u00e9t, amely az \u00e9rzelmeket \u00e9s a kreativit\u00e1st ir\u00e1ny\u00edtja, \u00e9s a bal agyf\u00e9ltek\u00e9t, amely a logikus gondolkod\u00e1s\u00e9rt felel\u0151s.<\/span><\/p>\n<p><strong>A puzzle j\u00e1t\u00e9kok jav\u00edtj\u00e1k a r\u00e9szletekre val\u00f3 figyelmet<\/strong><\/p>\n<p><span style=\"font-weight: 400\">J\u00f3 megfigyel\u0151nek lenni \u00e9s a r\u00e9szletekre figyelni olyan tulajdons\u00e1g, amellyel nem mindenki rendelkezik. Ez a k\u00e9pess\u00e9g k\u00fcl\u00f6n\u00f6sen fontos sz\u00e1mos szakember sz\u00e1m\u00e1ra: seb\u00e9szek, tan\u00e1rok, tervez\u0151k stb. A j\u00f3 h\u00edr az, hogy k\u00fcl\u00f6nb\u00f6z\u0151 gyakorlatok seg\u00edts\u00e9g\u00e9vel gyakorolhat\u00f3. Az 1000 darabos rejtv\u00e9nyek megold\u00e1sa az egyik ilyen feladat, \u00e9s seg\u00edt abban, hogy ezt a k\u00e9pess\u00e9get t\u00f6k\u00e9letes\u00edtsd.<\/span><\/p>\n<p><span style=\"font-weight: 400\">V\u00e1s\u00e1rolja meg most ezt a csod\u00e1latos 1000 darabos puzzle-t, \u00e9s a nap n\u00e9gy csod\u00e1latos pillanata lesz otthon\u00e1ban, kiv\u00e9teles m\u0171v\u00e9szi \u00e1br\u00e1zol\u00e1sban! L\u00e9gy te az a m\u0171v\u00e9sz, aki Alphonse Much\u00e1t ut\u00e1nozza, \u00e9s egy feln\u0151tt puzzle-b\u00f3l kiv\u00e1l\u00f3 k\u00e9pet k\u00e9sz\u00edt. Ezt a kirak\u00f3s j\u00e1t\u00e9kot megv\u00e1s\u00e1rolhatod magadnak, hogy gy\u00f6ny\u00f6rk\u00f6dhess benne, vagy aj\u00e1nd\u00e9kba adhatod egy szerettednek, aki szereti az 1000 darabos kirak\u00f3s j\u00e1t\u00e9kokat.<\/span><\/p>\n","protected":false},"excerpt":{"rendered":"<p>A m\u0171v\u00e9szi rejtv\u00e9nyek legnagyobb v\u00e1laszt\u00e9k\u00e1val most megvan ez a lehet\u0151s\u00e9g. V\u00e1lasszon 1000 darabos kirak\u00f3s j\u00e1t\u00e9kokat h\u00edres festm\u00e9nyek k\u00e9peivel, \u00e9s \u00e9p\u00edtsen<\/p>\n","protected":false},"featured_media":63072,"template":"","meta":[],"product_brand":[],"product_cat":[1920,1919,1881],"product_tag":[],"class_list":{"0":"post-41631","1":"product","2":"type-product","3":"status-publish","4":"has-post-thumbnail","6":"product_cat-1000-darabos-kirakos-jatek","7":"product_cat-felnott-kirakos-jatekok","8":"product_cat-kirakos-jatekok","9":"pa_bax-10-hu","10":"pa_brand-d_toys-hu","11":"pa_country_of_manufacture-ro-hu","12":"pa_filter_age-14-hu","13":"pa_painter-alphonsemucha-hu","14":"pa_tip_ambalaj-doboz","15":"pa_tip_puzzle-klasszikus","17":"first","18":"instock","19":"taxable","20":"shipping-taxable","21":"product-type-simple"},"yoast_head":"<!-- This site is optimized with the Yoast SEO plugin v20.1 - https:\/\/yoast.com\/wordpress\/plugins\/seo\/ -->\n<title>Alphonse Mucha 1000 darabos feln\u0151tt puzzle - A nap ideje<\/title>\n<meta name=\"description\" content=\"Alphonse Mucha 1000 darabos feln\u0151tt puzzle - A nap ideje\" \/>\n<meta name=\"robots\" content=\"index, follow, max-snippet:-1, max-image-preview:large, max-video-preview:-1\" \/>\n<link rel=\"canonical\" href=\"https:\/\/business.roovi.com\/hu\/alphonse-mucha-1000-darabos-felnott-puzzle-a-nap-ideje\/p\/\" \/>\n<meta property=\"og:locale\" content=\"hu_HU\" \/>\n<meta property=\"og:type\" content=\"article\" \/>\n<meta property=\"og:title\" content=\"Alphonse Mucha 1000 darabos feln\u0151tt puzzle - A nap ideje\" \/>\n<meta property=\"og:description\" content=\"Alphonse Mucha 1000 darabos feln\u0151tt puzzle - A nap ideje\" \/>\n<meta property=\"og:url\" content=\"https:\/\/business.roovi.com\/hu\/alphonse-mucha-1000-darabos-felnott-puzzle-a-nap-ideje\/p\/\" \/>\n<meta property=\"og:site_name\" content=\"Roovi B2B\" \/>\n<meta property=\"article:publisher\" content=\"https:\/\/www.facebook.com\/wwwjucariero\" \/>\n<meta property=\"article:modified_time\" content=\"2022-07-06T17:39:18+00:00\" \/>\n<meta property=\"og:image\" content=\"https:\/\/business.roovi.com\/wp-content\/uploads\/2018\/04\/66930-08_ansamblu_dimensiuni_cutie_cm.png\" \/>\n\t<meta property=\"og:image:width\" content=\"1200\" \/>\n\t<meta property=\"og:image:height\" content=\"1200\" \/>\n\t<meta property=\"og:image:type\" content=\"image\/png\" \/>\n<meta name=\"twitter:label1\" content=\"Becs\u00fclt olvas\u00e1si id\u0151\" \/>\n\t<meta name=\"twitter:data1\" content=\"4 perc\" \/>\n<script type=\"application\/ld+json\" class=\"yoast-schema-graph\">{\"@context\":\"https:\/\/schema.org\",\"@graph\":[{\"@type\":\"WebPage\",\"@id\":\"https:\/\/business.roovi.com\/hu\/alphonse-mucha-1000-darabos-felnott-puzzle-a-nap-ideje\/p\/\",\"url\":\"https:\/\/business.roovi.com\/hu\/alphonse-mucha-1000-darabos-felnott-puzzle-a-nap-ideje\/p\/\",\"name\":\"Alphonse Mucha 1000 darabos feln\u0151tt puzzle - A nap ideje\",\"isPartOf\":{\"@id\":\"https:\/\/business.roovi.com\/hu\/#website\"},\"datePublished\":\"2018-04-16T10:56:17+00:00\",\"dateModified\":\"2022-07-06T17:39:18+00:00\",\"description\":\"Alphonse Mucha 1000 darabos feln\u0151tt puzzle - A nap ideje\",\"breadcrumb\":{\"@id\":\"https:\/\/business.roovi.com\/hu\/alphonse-mucha-1000-darabos-felnott-puzzle-a-nap-ideje\/p\/#breadcrumb\"},\"inLanguage\":\"hu\",\"potentialAction\":[{\"@type\":\"ReadAction\",\"target\":[\"https:\/\/business.roovi.com\/hu\/alphonse-mucha-1000-darabos-felnott-puzzle-a-nap-ideje\/p\/\"]}]},{\"@type\":\"BreadcrumbList\",\"@id\":\"https:\/\/business.roovi.com\/hu\/alphonse-mucha-1000-darabos-felnott-puzzle-a-nap-ideje\/p\/#breadcrumb\",\"itemListElement\":[{\"@type\":\"ListItem\",\"position\":1,\"name\":\"Home\",\"item\":\"https:\/\/business.roovi.com\/hu\/\"},{\"@type\":\"ListItem\",\"position\":2,\"name\":\"Shop\",\"item\":\"https:\/\/business.roovi.com\/hu\/shop\/\"},{\"@type\":\"ListItem\",\"position\":3,\"name\":\"Alphonse Mucha 1000 darabos feln\u0151tt puzzle &#8211; A nap ideje\"}]},{\"@type\":\"WebSite\",\"@id\":\"https:\/\/business.roovi.com\/hu\/#website\",\"url\":\"https:\/\/business.roovi.com\/hu\/\",\"name\":\"Roovi B2B\",\"description\":\"Roovi Business Website\",\"potentialAction\":[{\"@type\":\"SearchAction\",\"target\":{\"@type\":\"EntryPoint\",\"urlTemplate\":\"https:\/\/business.roovi.com\/hu\/?s={search_term_string}\"},\"query-input\":\"required name=search_term_string\"}],\"inLanguage\":\"hu\"}]}<\/script>\n<!-- \/ Yoast SEO plugin. -->","yoast_head_json":{"title":"Alphonse Mucha 1000 darabos feln\u0151tt puzzle - A nap ideje","description":"Alphonse Mucha 1000 darabos feln\u0151tt puzzle - A nap ideje","robots":{"index":"index","follow":"follow","max-snippet":"max-snippet:-1","max-image-preview":"max-image-preview:large","max-video-preview":"max-video-preview:-1"},"canonical":"https:\/\/business.roovi.com\/hu\/alphonse-mucha-1000-darabos-felnott-puzzle-a-nap-ideje\/p\/","og_locale":"hu_HU","og_type":"article","og_title":"Alphonse Mucha 1000 darabos feln\u0151tt puzzle - A nap ideje","og_description":"Alphonse Mucha 1000 darabos feln\u0151tt puzzle - A nap ideje","og_url":"https:\/\/business.roovi.com\/hu\/alphonse-mucha-1000-darabos-felnott-puzzle-a-nap-ideje\/p\/","og_site_name":"Roovi B2B","article_publisher":"https:\/\/www.facebook.com\/wwwjucariero","article_modified_time":"2022-07-06T17:39:18+00:00","og_image":[{"width":1200,"height":1200,"url":"https:\/\/business.roovi.com\/wp-content\/uploads\/2018\/04\/66930-08_ansamblu_dimensiuni_cutie_cm.png","type":"image\/png"}],"twitter_misc":{"Becs\u00fclt olvas\u00e1si id\u0151":"4 perc"},"schema":{"@context":"https:\/\/schema.org","@graph":[{"@type":"WebPage","@id":"https:\/\/business.roovi.com\/hu\/alphonse-mucha-1000-darabos-felnott-puzzle-a-nap-ideje\/p\/","url":"https:\/\/business.roovi.com\/hu\/alphonse-mucha-1000-darabos-felnott-puzzle-a-nap-ideje\/p\/","name":"Alphonse Mucha 1000 darabos feln\u0151tt puzzle - A nap ideje","isPartOf":{"@id":"https:\/\/business.roovi.com\/hu\/#website"},"datePublished":"2018-04-16T10:56:17+00:00","dateModified":"2022-07-06T17:39:18+00:00","description":"Alphonse Mucha 1000 darabos feln\u0151tt puzzle - A nap ideje","breadcrumb":{"@id":"https:\/\/business.roovi.com\/hu\/alphonse-mucha-1000-darabos-felnott-puzzle-a-nap-ideje\/p\/#breadcrumb"},"inLanguage":"hu","potentialAction":[{"@type":"ReadAction","target":["https:\/\/business.roovi.com\/hu\/alphonse-mucha-1000-darabos-felnott-puzzle-a-nap-ideje\/p\/"]}]},{"@type":"BreadcrumbList","@id":"https:\/\/business.roovi.com\/hu\/alphonse-mucha-1000-darabos-felnott-puzzle-a-nap-ideje\/p\/#breadcrumb","itemListElement":[{"@type":"ListItem","position":1,"name":"Home","item":"https:\/\/business.roovi.com\/hu\/"},{"@type":"ListItem","position":2,"name":"Shop","item":"https:\/\/business.roovi.com\/hu\/shop\/"},{"@type":"ListItem","position":3,"name":"Alphonse Mucha 1000 darabos feln\u0151tt puzzle &#8211; A nap ideje"}]},{"@type":"WebSite","@id":"https:\/\/business.roovi.com\/hu\/#website","url":"https:\/\/business.roovi.com\/hu\/","name":"Roovi B2B","description":"Roovi Business Website","potentialAction":[{"@type":"SearchAction","target":{"@type":"EntryPoint","urlTemplate":"https:\/\/business.roovi.com\/hu\/?s={search_term_string}"},"query-input":"required name=search_term_string"}],"inLanguage":"hu"}]}},"_links":{"self":[{"href":"https:\/\/business.roovi.com\/hu\/wp-json\/wp\/v2\/product\/41631","targetHints":{"allow":["GET"]}}],"collection":[{"href":"https:\/\/business.roovi.com\/hu\/wp-json\/wp\/v2\/product"}],"about":[{"href":"https:\/\/business.roovi.com\/hu\/wp-json\/wp\/v2\/types\/product"}],"version-history":[{"count":0,"href":"https:\/\/business.roovi.com\/hu\/wp-json\/wp\/v2\/product\/41631\/revisions"}],"wp:featuredmedia":[{"embeddable":true,"href":"https:\/\/business.roovi.com\/hu\/wp-json\/wp\/v2\/media\/63072"}],"wp:attachment":[{"href":"https:\/\/business.roovi.com\/hu\/wp-json\/wp\/v2\/media?parent=41631"}],"wp:term":[{"taxonomy":"product_brand","embeddable":true,"href":"https:\/\/business.roovi.com\/hu\/wp-json\/wp\/v2\/product_brand?post=41631"},{"taxonomy":"product_cat","embeddable":true,"href":"https:\/\/business.roovi.com\/hu\/wp-json\/wp\/v2\/product_cat?post=41631"},{"taxonomy":"product_tag","embeddable":true,"href":"https:\/\/business.roovi.com\/hu\/wp-json\/wp\/v2\/product_tag?post=41631"}],"curies":[{"name":"wp","href":"https:\/\/api.w.org\/{rel}","templated":true}]}}