{"id":41639,"date":"2018-04-16T10:56:17","date_gmt":"2018-04-16T10:56:17","guid":{"rendered":"https:\/\/business.roovi.com\/puzzle-adulti-1000-piese-vintage-posters-chocolat-ph-suchard\/p\/"},"modified":"2022-07-06T17:39:36","modified_gmt":"2022-07-06T17:39:36","slug":"felnott-1000-darabos-vintage-plakat-puzzle-chocolat-ph-suchard","status":"publish","type":"product","link":"https:\/\/business.roovi.com\/hu\/felnott-1000-darabos-vintage-plakat-puzzle-chocolat-ph-suchard\/p\/","title":{"rendered":"Feln\u0151tt 1000 darabos vintage plak\u00e1t puzzle &#8211; Chocolat Ph. Suchard"},"content":{"rendered":"<p><span style=\"font-weight: 400\">Szeretne szem\u00e9lyis\u00e9get adni otthon\u00e1nak n\u00e9h\u00e1ny kis helyis\u00e9g\u00e9nek? A vintage illusztr\u00e1lt kirak\u00f3s j\u00e1t\u00e9kok gy\u0171jtem\u00e9nye lehet\u0151s\u00e9get ad arra, hogy k\u00fcl\u00f6nleges k\u00e9peket hozzon l\u00e9tre, amelyekkel megsz\u00e9p\u00edtheti otthon\u00e1t.<\/span><\/p>\n<p><span style=\"font-weight: 400\">Szereted a csokol\u00e1d\u00e9t? Mi a helyzet a puzzle j\u00e1t\u00e9kokkal? Ha mindk\u00e9t k\u00e9rd\u00e9sre IGEN a v\u00e1lasz, akkor \u00f6r\u00f6mmel fogod megtal\u00e1lni a j\u00e1t\u00e9kok \u00e9s \u00e9dess\u00e9gek ir\u00e1nti szenved\u00e9lyedet egy k\u00fcl\u00f6nleges kivitelez\u00e9s\u0171 1000 darabos kirak\u00f3s j\u00e1t\u00e9kban <\/span><\/p>\n<p><span style=\"font-weight: 400\">Puzzle 1000 darab Chocolat Ph. A Suchard reproduk\u00e1lja a 19. sz\u00e1zadb\u00f3l sz\u00e1rmaz\u00f3 h\u00edres illusztr\u00e1ci\u00f3t, amely a Suchard m\u00e1rk\u00e1j\u00fa csokol\u00e1d\u00e9 egyik els\u0151 rekl\u00e1mj\u00e1t \u00e1br\u00e1zolja. A plak\u00e1t 3 kisl\u00e1nyt \u00e1br\u00e1zol a h\u00f3viharban, akik Suchard csokol\u00e1d\u00e9val teli dobozokat cipelnek <\/span><\/p>\n<p><span style=\"font-weight: 400\">A Chocolat Suchard egy sv\u00e1jci csal\u00e1di v\u00e1llalkoz\u00e1sk\u00e9nt indult, amelyet 1825-ben alap\u00edtott a csokol\u00e1d\u00e9gy\u00e1rt\u00f3 <\/span><span style=\"font-weight: 400\">Philippe Suchard <\/span><span style=\"font-weight: 400\">l. Suchard v\u00e1llalkoz\u00e1sa kezdetben nem volt sikeres, mert akkoriban a csokol\u00e1d\u00e9 nem volt mindenki sz\u00e1m\u00e1ra el\u00e9rhet\u0151 term\u00e9k. De a szenved\u00e9lyt\u0151l \u00e9s az innov\u00e1ci\u00f3t\u00f3l vez\u00e9relve siker\u00fclt nevet szereznie mag\u00e1nak a&#8230; \u00e9desek vil\u00e1g\u00e1ban.<\/span><\/p>\n<p><span style=\"font-weight: 400\">Az 1000 darabos puzzle t\u00e1bl\u00e1ja b\u00e1jt k\u00f6lcs\u00f6n\u00f6zhet a konyh\u00e1nak, a nappalinak vagy ak\u00e1r a gyerekszob\u00e1nak. A k\u00e9pet \u00f6ssze\u00e1ll\u00edthatja egy k\u00f6z\u00f6ns\u00e9ges doh\u00e1nyz\u00f3asztalon egyed\u00fcl vagy szeretteivel. Nagyszer\u0171 lehet\u0151s\u00e9g lesz a kikapcsol\u00f3d\u00e1sra \u00e9s a kellemes id\u0151t\u00f6lt\u00e9sre.<\/span><\/p>\n<p><span style=\"font-weight: 400\">Olvasson t\u00f6bbet az 1000 Chocolat Suchard rejtv\u00e9nyr\u0151l az al\u00e1bbiakban:<\/span><\/p>\n<p><strong>A rekonstru\u00e1lt k\u00e9p m\u00e9rete: 50 x 70 cm.<\/strong><\/p>\n<p><strong>Puzzle anyag <\/strong><\/p>\n<p><strong>kiv\u00e1l\u00f3 min\u0151s\u00e9g\u0171 k\u00e9k karton<\/strong><\/p>\n<p><strong>fenntarthat\u00f3, \u00fajrahasznos\u00edthat\u00f3 anyagok<\/strong><\/p>\n<p><strong>f\u00e9lf\u00e9nyes kivitel, \u00e9l\u00e9nk sz\u00ednek<\/strong><\/p>\n<p><strong>A kirak\u00f3s darabok sz\u00e1ma: 1000<\/strong><\/p>\n<p><strong>Aj\u00e1nlott \u00e9letkor: 14+<\/strong><\/p>\n<p><span style=\"font-weight: 400\">Rakj \u00f6ssze 1000 vintage puzzle-darabot, \u00e9s \u00e9lvezd a tev\u00e9kenys\u00e9ggel j\u00e1r\u00f3 sz\u00e1mos el\u0151nyt:<\/span><\/p>\n<p><span style=\"font-weight: 400\">N\u00f6veli a r\u00e9szletekre val\u00f3 figyelmet.<\/span><\/p>\n<p><span style=\"font-weight: 400\">Seg\u00edt a k\u00e9z\u00fcgyess\u00e9ged edz\u00e9s\u00e9ben.<\/span><\/p>\n<p><span style=\"font-weight: 400\">Seg\u00edt egyetlen feladatra koncentr\u00e1lni.<\/span><\/p>\n<p><span style=\"font-weight: 400\">Seg\u00edt abban, hogy kitart\u00f3v\u00e1 v\u00e1ljon, \u00e9s ne adja fel c\u00e9ljai el\u00e9r\u00e9s\u00e9ben.<\/span><\/p>\n<p><span style=\"font-weight: 400\">Jav\u00edtja a r\u00f6vid t\u00e1v\u00fa mem\u00f3ri\u00e1t.<\/span><\/p>\n<p><span style=\"font-weight: 400\">Ez egy lehet\u0151s\u00e9g a kikapcsol\u00f3d\u00e1sra \u00e9s a mindennapi \u00e9letb\u0151l val\u00f3 kiszakad\u00e1sra.<\/span><\/p>\n<p><strong>Tudtad, hogy&#8230;?<\/strong><\/p>\n<p><span style=\"font-weight: 400\">Philippe Suchard sikere a csokol\u00e1d\u00e9 \u00e9rt\u00e9kes\u00edt\u00e9s\u00e9ben annak a csokol\u00e1d\u00e9 megrendel\u00e9snek volt k\u00f6sz\u00f6nhet\u0151, amelyet a k\u00f6vetkez\u0151kt\u0151l kapott <\/span><span style=\"font-weight: 400\"> IV. Vilmos Frigyes porosz kir\u00e1ly.<\/span><\/p>\n<p><span style=\"font-weight: 400\">M\u00e1s h\u00edres uralkod\u00f3knak is volt gyeng\u00e9je ez az \u00e9dess\u00e9g. Nap\u00f3leon p\u00e9ld\u00e1ul szerette a csokol\u00e1d\u00e9t, mert energi\u00e1t adott neki.<\/span><\/p>\n<p><span style=\"font-weight: 400\">A csokol\u00e1d\u00e9 azonban sokkal t\u00e1volabbi m\u00faltra tekint vissza, mint a Suchard-pillanat. T\u00f6bb mint 4000 \u00e9ves m\u00faltra tekint vissza, \u00e9s eredetileg erjesztett ital volt.<\/span><\/p>\n<p><span style=\"font-weight: 400\">Az els\u0151 t\u00e1bla csokol\u00e1d\u00e9t 1847-ben Joseph Fry angol csokol\u00e1d\u00e9k\u00e9sz\u00edt\u0151 k\u00e9sz\u00edtette.<\/span><\/p>\n<p><span style=\"font-weight: 400\">A kaka\u00f3bab olyan anyagokat tartalmaz, amelyek elpuszt\u00edtj\u00e1k a fogszuvasod\u00e1st okoz\u00f3 bakt\u00e9riumokat <\/span><\/p>\n<p><span style=\"font-weight: 400\">A legnagyobb mennyis\u00e9g\u0171 csokol\u00e1d\u00e9t a br\u00fcsszeli rep\u00fcl\u0151t\u00e9ren adj\u00e1k el, \u00e9vente mintegy 800 tonn\u00e1t.<\/span><\/p>\n<p><strong>Vintage 1000 darabos puzzle Chocolat Ph. Suchard a csal\u00e1di sz\u00f3rakoz\u00e1shoz<\/strong><\/p>\n<p><span style=\"font-weight: 400\">A kirak\u00f3s j\u00e1t\u00e9k \u00f6ssze\u00e1ll\u00edt\u00e1sa lehet\u0151s\u00e9get adhat arra, hogy a szeretteinkkel kellemesen t\u00f6lts\u00fck el az id\u0151t. 1000 darabos vintage puzzle Chocolat Ph. Suchard megmutatja a gyerekeknek az egyik legr\u00e9gebbi csokol\u00e1d\u00e9rekl\u00e1m illusztr\u00e1ci\u00f3j\u00e1t. K\u00e9sz\u00edtsen m\u00e9g n\u00e9h\u00e1ny egyedi inform\u00e1ci\u00f3t err\u0151l a mindenki \u00e1ltal kedvelt finoms\u00e1gr\u00f3l, rakja \u00f6ssze az 1000 darabos vintage puzzle-t, \u00e9s dobja fel szabadidej\u00e9nek n\u00e9h\u00e1ny monoton pillanat\u00e1t.<\/span><\/p>\n<p><span style=\"font-weight: 400\">Puzzle 1000 darab Chocolat Ph. A Suchard nem csak egy vintage m\u0171v\u00e9szeti festm\u00e9nyt, hanem eml\u00e9kezetes \u00e9lm\u00e9nyeket \u00e9s eml\u00e9keket is seg\u00edt l\u00e9trehozni szeretteivel.<\/span><\/p>\n<p><span style=\"font-weight: 400\">V\u00e1s\u00e1roljon most 1000 darab Chocolat Ph. Suchard \u00e9s \u00e9lvezze a sok \u00f3r\u00e1nyi sz\u00f3rakoz\u00e1st \u00e9s kikapcsol\u00f3d\u00e1st a szabadidej\u00e9ben. Ak\u00e1r egyed\u00fcl, ak\u00e1r gyermekeivel vagy bar\u00e1taival rakja \u00f6ssze a k\u00e9pet, ez a csod\u00e1latos feln\u0151tt puzzle remek m\u00f3dja annak, hogy kreat\u00edvan t\u00f6ltse el az idej\u00e9t.<\/span><\/p><\/p>\n","protected":false},"excerpt":{"rendered":"<p>Szeretne szem\u00e9lyis\u00e9get adni otthon\u00e1nak n\u00e9h\u00e1ny kis helyis\u00e9g\u00e9nek? A vintage illusztr\u00e1lt kirak\u00f3s j\u00e1t\u00e9kok gy\u0171jtem\u00e9nye lehet\u0151s\u00e9get ad arra, hogy k\u00fcl\u00f6nleges k\u00e9peket hozzon<\/p>\n","protected":false},"featured_media":34541,"template":"","meta":[],"product_brand":[],"product_cat":[1920,1919,1881],"product_tag":[],"class_list":{"0":"post-41639","1":"product","2":"type-product","3":"status-publish","4":"has-post-thumbnail","6":"product_cat-1000-darabos-kirakos-jatek","7":"product_cat-felnott-kirakos-jatekok","8":"product_cat-kirakos-jatekok","9":"pa_bax-10-hu","10":"pa_brand-d_toys-hu","11":"pa_country_of_manufacture-ro-hu","12":"pa_filter_age-14-hu","13":"pa_painter-vintage-posters-hu","14":"pa_tip_ambalaj-doboz","15":"pa_tip_puzzle-klasszikus","17":"first","18":"instock","19":"taxable","20":"shipping-taxable","21":"product-type-simple"},"yoast_head":"<!-- This site is optimized with the Yoast SEO plugin v20.1 - https:\/\/yoast.com\/wordpress\/plugins\/seo\/ -->\n<title>Feln\u0151tt 1000 darabos vintage plak\u00e1t puzzle - Chocolat Ph. Suchard<\/title>\n<meta name=\"description\" content=\"Feln\u0151tt 1000 darabos vintage plak\u00e1t puzzle - Chocolat Ph. Suchard\" \/>\n<meta name=\"robots\" content=\"index, follow, max-snippet:-1, max-image-preview:large, max-video-preview:-1\" \/>\n<link rel=\"canonical\" href=\"https:\/\/business.roovi.com\/hu\/felnott-1000-darabos-vintage-plakat-puzzle-chocolat-ph-suchard\/p\/\" \/>\n<meta property=\"og:locale\" content=\"hu_HU\" \/>\n<meta property=\"og:type\" content=\"article\" \/>\n<meta property=\"og:title\" content=\"Feln\u0151tt 1000 darabos vintage plak\u00e1t puzzle - Chocolat Ph. Suchard\" \/>\n<meta property=\"og:description\" content=\"Feln\u0151tt 1000 darabos vintage plak\u00e1t puzzle - Chocolat Ph. Suchard\" \/>\n<meta property=\"og:url\" content=\"https:\/\/business.roovi.com\/hu\/felnott-1000-darabos-vintage-plakat-puzzle-chocolat-ph-suchard\/p\/\" \/>\n<meta property=\"og:site_name\" content=\"Roovi B2B\" \/>\n<meta property=\"article:publisher\" content=\"https:\/\/www.facebook.com\/wwwjucariero\" \/>\n<meta property=\"article:modified_time\" content=\"2022-07-06T17:39:36+00:00\" \/>\n<meta property=\"og:image\" content=\"https:\/\/business.roovi.com\/wp-content\/uploads\/2018\/04\/67555-4_ansamblu_dimensiuni_cutie_cm_vertical_1200x1200.png\" \/>\n\t<meta property=\"og:image:width\" content=\"1200\" \/>\n\t<meta property=\"og:image:height\" content=\"1200\" \/>\n\t<meta property=\"og:image:type\" content=\"image\/png\" \/>\n<meta name=\"twitter:label1\" content=\"Becs\u00fclt olvas\u00e1si id\u0151\" \/>\n\t<meta name=\"twitter:data1\" content=\"4 perc\" \/>\n<script type=\"application\/ld+json\" class=\"yoast-schema-graph\">{\"@context\":\"https:\/\/schema.org\",\"@graph\":[{\"@type\":\"WebPage\",\"@id\":\"https:\/\/business.roovi.com\/hu\/felnott-1000-darabos-vintage-plakat-puzzle-chocolat-ph-suchard\/p\/\",\"url\":\"https:\/\/business.roovi.com\/hu\/felnott-1000-darabos-vintage-plakat-puzzle-chocolat-ph-suchard\/p\/\",\"name\":\"Feln\u0151tt 1000 darabos vintage plak\u00e1t puzzle - Chocolat Ph. Suchard\",\"isPartOf\":{\"@id\":\"https:\/\/business.roovi.com\/hu\/#website\"},\"datePublished\":\"2018-04-16T10:56:17+00:00\",\"dateModified\":\"2022-07-06T17:39:36+00:00\",\"description\":\"Feln\u0151tt 1000 darabos vintage plak\u00e1t puzzle - Chocolat Ph. Suchard\",\"breadcrumb\":{\"@id\":\"https:\/\/business.roovi.com\/hu\/felnott-1000-darabos-vintage-plakat-puzzle-chocolat-ph-suchard\/p\/#breadcrumb\"},\"inLanguage\":\"hu\",\"potentialAction\":[{\"@type\":\"ReadAction\",\"target\":[\"https:\/\/business.roovi.com\/hu\/felnott-1000-darabos-vintage-plakat-puzzle-chocolat-ph-suchard\/p\/\"]}]},{\"@type\":\"BreadcrumbList\",\"@id\":\"https:\/\/business.roovi.com\/hu\/felnott-1000-darabos-vintage-plakat-puzzle-chocolat-ph-suchard\/p\/#breadcrumb\",\"itemListElement\":[{\"@type\":\"ListItem\",\"position\":1,\"name\":\"Home\",\"item\":\"https:\/\/business.roovi.com\/hu\/\"},{\"@type\":\"ListItem\",\"position\":2,\"name\":\"Shop\",\"item\":\"https:\/\/business.roovi.com\/hu\/shop\/\"},{\"@type\":\"ListItem\",\"position\":3,\"name\":\"Feln\u0151tt 1000 darabos vintage plak\u00e1t puzzle &#8211; Chocolat Ph. Suchard\"}]},{\"@type\":\"WebSite\",\"@id\":\"https:\/\/business.roovi.com\/hu\/#website\",\"url\":\"https:\/\/business.roovi.com\/hu\/\",\"name\":\"Roovi B2B\",\"description\":\"Roovi Business Website\",\"potentialAction\":[{\"@type\":\"SearchAction\",\"target\":{\"@type\":\"EntryPoint\",\"urlTemplate\":\"https:\/\/business.roovi.com\/hu\/?s={search_term_string}\"},\"query-input\":\"required name=search_term_string\"}],\"inLanguage\":\"hu\"}]}<\/script>\n<!-- \/ Yoast SEO plugin. -->","yoast_head_json":{"title":"Feln\u0151tt 1000 darabos vintage plak\u00e1t puzzle - Chocolat Ph. Suchard","description":"Feln\u0151tt 1000 darabos vintage plak\u00e1t puzzle - Chocolat Ph. Suchard","robots":{"index":"index","follow":"follow","max-snippet":"max-snippet:-1","max-image-preview":"max-image-preview:large","max-video-preview":"max-video-preview:-1"},"canonical":"https:\/\/business.roovi.com\/hu\/felnott-1000-darabos-vintage-plakat-puzzle-chocolat-ph-suchard\/p\/","og_locale":"hu_HU","og_type":"article","og_title":"Feln\u0151tt 1000 darabos vintage plak\u00e1t puzzle - Chocolat Ph. Suchard","og_description":"Feln\u0151tt 1000 darabos vintage plak\u00e1t puzzle - Chocolat Ph. Suchard","og_url":"https:\/\/business.roovi.com\/hu\/felnott-1000-darabos-vintage-plakat-puzzle-chocolat-ph-suchard\/p\/","og_site_name":"Roovi B2B","article_publisher":"https:\/\/www.facebook.com\/wwwjucariero","article_modified_time":"2022-07-06T17:39:36+00:00","og_image":[{"width":1200,"height":1200,"url":"https:\/\/business.roovi.com\/wp-content\/uploads\/2018\/04\/67555-4_ansamblu_dimensiuni_cutie_cm_vertical_1200x1200.png","type":"image\/png"}],"twitter_misc":{"Becs\u00fclt olvas\u00e1si id\u0151":"4 perc"},"schema":{"@context":"https:\/\/schema.org","@graph":[{"@type":"WebPage","@id":"https:\/\/business.roovi.com\/hu\/felnott-1000-darabos-vintage-plakat-puzzle-chocolat-ph-suchard\/p\/","url":"https:\/\/business.roovi.com\/hu\/felnott-1000-darabos-vintage-plakat-puzzle-chocolat-ph-suchard\/p\/","name":"Feln\u0151tt 1000 darabos vintage plak\u00e1t puzzle - Chocolat Ph. Suchard","isPartOf":{"@id":"https:\/\/business.roovi.com\/hu\/#website"},"datePublished":"2018-04-16T10:56:17+00:00","dateModified":"2022-07-06T17:39:36+00:00","description":"Feln\u0151tt 1000 darabos vintage plak\u00e1t puzzle - Chocolat Ph. Suchard","breadcrumb":{"@id":"https:\/\/business.roovi.com\/hu\/felnott-1000-darabos-vintage-plakat-puzzle-chocolat-ph-suchard\/p\/#breadcrumb"},"inLanguage":"hu","potentialAction":[{"@type":"ReadAction","target":["https:\/\/business.roovi.com\/hu\/felnott-1000-darabos-vintage-plakat-puzzle-chocolat-ph-suchard\/p\/"]}]},{"@type":"BreadcrumbList","@id":"https:\/\/business.roovi.com\/hu\/felnott-1000-darabos-vintage-plakat-puzzle-chocolat-ph-suchard\/p\/#breadcrumb","itemListElement":[{"@type":"ListItem","position":1,"name":"Home","item":"https:\/\/business.roovi.com\/hu\/"},{"@type":"ListItem","position":2,"name":"Shop","item":"https:\/\/business.roovi.com\/hu\/shop\/"},{"@type":"ListItem","position":3,"name":"Feln\u0151tt 1000 darabos vintage plak\u00e1t puzzle &#8211; Chocolat Ph. Suchard"}]},{"@type":"WebSite","@id":"https:\/\/business.roovi.com\/hu\/#website","url":"https:\/\/business.roovi.com\/hu\/","name":"Roovi B2B","description":"Roovi Business Website","potentialAction":[{"@type":"SearchAction","target":{"@type":"EntryPoint","urlTemplate":"https:\/\/business.roovi.com\/hu\/?s={search_term_string}"},"query-input":"required name=search_term_string"}],"inLanguage":"hu"}]}},"_links":{"self":[{"href":"https:\/\/business.roovi.com\/hu\/wp-json\/wp\/v2\/product\/41639","targetHints":{"allow":["GET"]}}],"collection":[{"href":"https:\/\/business.roovi.com\/hu\/wp-json\/wp\/v2\/product"}],"about":[{"href":"https:\/\/business.roovi.com\/hu\/wp-json\/wp\/v2\/types\/product"}],"version-history":[{"count":0,"href":"https:\/\/business.roovi.com\/hu\/wp-json\/wp\/v2\/product\/41639\/revisions"}],"wp:featuredmedia":[{"embeddable":true,"href":"https:\/\/business.roovi.com\/hu\/wp-json\/wp\/v2\/media\/34541"}],"wp:attachment":[{"href":"https:\/\/business.roovi.com\/hu\/wp-json\/wp\/v2\/media?parent=41639"}],"wp:term":[{"taxonomy":"product_brand","embeddable":true,"href":"https:\/\/business.roovi.com\/hu\/wp-json\/wp\/v2\/product_brand?post=41639"},{"taxonomy":"product_cat","embeddable":true,"href":"https:\/\/business.roovi.com\/hu\/wp-json\/wp\/v2\/product_cat?post=41639"},{"taxonomy":"product_tag","embeddable":true,"href":"https:\/\/business.roovi.com\/hu\/wp-json\/wp\/v2\/product_tag?post=41639"}],"curies":[{"name":"wp","href":"https:\/\/api.w.org\/{rel}","templated":true}]}}