{"id":41643,"date":"2018-04-16T10:56:17","date_gmt":"2018-04-16T10:56:17","guid":{"rendered":"https:\/\/business.roovi.com\/puzzle-adulti-1000-piese-vintage-posters-biscuits-champagne-lefevre-utile\/p\/"},"modified":"2022-07-06T17:39:46","modified_gmt":"2022-07-06T17:39:46","slug":"felnott-puzzle-1000-darab-vintage-poszterek-kekszek-champagne-lefevre-utile","status":"publish","type":"product","link":"https:\/\/business.roovi.com\/hu\/felnott-puzzle-1000-darab-vintage-poszterek-kekszek-champagne-lefevre-utile\/p\/","title":{"rendered":"Feln\u0151tt puzzle 1000 darab Vintage poszterek &#8211; kekszek Champagne Lef\u00e8vre-Utile"},"content":{"rendered":"<p><span style=\"font-weight: 400\">Fedezze fel Rom\u00e1nia legnagyobb sz\u00fcreti kirak\u00f3s j\u00e1t\u00e9kk\u00edn\u00e1lat\u00e1t, \u00e9s k\u00e9sz\u00edtse el saj\u00e1t gy\u00f6ny\u00f6r\u0171, szem\u00e9lyes 1000 darabos kirak\u00f3s k\u00e9peit. Tal\u00e1ld meg a klasszikus rekl\u00e1mplak\u00e1tok egyedi k\u00e9peit \u00e9s a 19. sz\u00e1zadi kult\u00fara szimbolikus illusztr\u00e1ci\u00f3it leny\u0171g\u00f6z\u0151 kirak\u00f3s j\u00e1t\u00e9kokban.<\/span><\/p>\n<p><span style=\"font-weight: 400\">\u00dagy t\u0171nik, hogy a vintage m\u0171v\u00e9szet visszat\u00e9r, \u00e9s aktu\u00e1lisabb, mint valaha. Egy vintage festm\u00e9ny mindig \u00e9letre kelti az otthonod egy kihaszn\u00e1latlan hely\u00e9t <\/span><\/p>\n<p><span style=\"font-weight: 400\">Az 1000 darabos Biscuits Champagne Lef\u00e8vre-Utile puzzle az Alphonse Mucha m\u0171v\u00e9sz \u00e1ltal a francia c\u00e9g sz\u00e1m\u00e1ra 1896-ban k\u00e9sz\u00edtett rekl\u00e1millusztr\u00e1ci\u00f3 reprodukci\u00f3ja. Az eredeti k\u00e9pen az el\u0151t\u00e9rben eleg\u00e1ns figur\u00e1k l\u00e1that\u00f3k, ami jelzi, hogy a term\u00e9kek a fels\u0151bb k\u00f6r\u00f6knek sz\u00f3ltak.<\/span><\/p>\n<p><span style=\"font-weight: 400\">Alphonse Mucha \u00f6sszet\u00e9veszthetetlen st\u00edlusa kiemelte \u0151t kor\u00e1nak m\u0171v\u00e9szei k\u00f6z\u00fcl, \u00e9s p\u00e1lyafut\u00e1sa sor\u00e1n sz\u00e1mos rekl\u00e1m\u00fczenetet tartalmaz\u00f3 litogr\u00e1fi\u00e1t k\u00e9sz\u00edtett kereskedelmi c\u00e9gek sz\u00e1m\u00e1ra.<\/span><\/p>\n<p><span style=\"font-weight: 400\">A Biscuits Champagne Lef\u00e8vre-Utile 1000 darabos puzzle k\u00e9pe a szecesszi\u00f3 korszak\u00e1t id\u00e9zi, azzal az eleganci\u00e1val \u00e9s saj\u00e1tos st\u00edlussal, amelyben Mucha eg\u00e9sz \u00e9let\u00e9ben jeleskedett <\/span><\/p>\n<p><span style=\"font-weight: 400\">Jellemz\u0151k 1000 darabos vintage puzzle &#8211; Biscuits Champagne Lef\u00e8vre-Utile:<\/span><\/p>\n<p><strong>A rekonstru\u00e1lt k\u00e9p m\u00e9rete: 50 x 70 cm <\/strong><span style=\"font-weight: 400\">Az \u00f6sszeszerel\u00e9shez haszn\u00e1lhat egy hagyom\u00e1nyos doh\u00e1nyz\u00f3asztalt.<\/span><\/p>\n<p><strong>Puzzle anyag <\/strong><\/p>\n<p><strong>kiv\u00e1l\u00f3 min\u0151s\u00e9g\u0171 k\u00e9k karton<\/strong><\/p>\n<p><strong>fenntarthat\u00f3, \u00fajrahasznos\u00edthat\u00f3 anyagok<\/strong><\/p>\n<p><strong>f\u00e9lf\u00e9nyes kivitel, \u00e9l\u00e9nk sz\u00ednek<\/strong><\/p>\n<p><strong>A kirak\u00f3s darabok sz\u00e1ma: 1000<\/strong><\/p>\n<p><strong>Aj\u00e1nlott \u00e9letkor: 14+<\/strong><\/p>\n<p><strong>M\u0171v\u00e9szeti kirak\u00f3s j\u00e1t\u00e9kok \u00e9s az \u00e1ltaluk fejlesztett 5 k\u00e9szs\u00e9g:<\/strong><\/p>\n<ul>\n<li><span style=\"font-weight: 400\">Eszt\u00e9tikai \u00e9rz\u00e9k<\/span><\/li>\n<li><span style=\"font-weight: 400\">Kreativit\u00e1s<\/span><\/li>\n<li><span style=\"font-weight: 400\">Figyelem a r\u00e9szletekre<\/span><\/li>\n<li><span style=\"font-weight: 400\">Kitart\u00e1s<\/span><\/li>\n<li><span style=\"font-weight: 400\">Koncentr\u00e1ci\u00f3s k\u00e9pess\u00e9g.<\/span><\/li>\n<\/ul>\n<p><strong>Tudtad, hogy&#8230;?<\/strong><\/p>\n<p><span style=\"font-weight: 400\">Alfons Maria Mucha cseh fest\u0151 \u00e9s dekorat\u0151r volt, a szecesszi\u00f3 egyik vezet\u0151 k\u00e9pvisel\u0151je.<\/span><\/p>\n<p><span style=\"font-weight: 400\">A m\u0171v\u00e9sz m\u00e9g \u00e9let\u00e9ben igyekezett elhat\u00e1rol\u00f3dni a szecesszi\u00f3s st\u00edlust\u00f3l, saj\u00e1t m\u0171v\u00e9szet\u00e9t egy spiritu\u00e1lis \u00fczenet k\u00f6zvet\u00edt\u00e9sek\u00e9nt \u00e9rtelmezve.<\/span><\/p>\n<p><span style=\"font-weight: 400\">Meggy\u0151z\u0151d\u00e9ses szl\u00e1v nacionalista volt. Egy ideig New Yorkban \u00e9lt, \u00e9s megpr\u00f3b\u00e1lt p\u00e9nzt keresni, hogy finansz\u00edrozni tudja nacionalista projektjeit.<\/span><\/p>\n<p><span style=\"font-weight: 400\">\u0150 k\u00e9sz\u00edtette az els\u0151 vil\u00e1gh\u00e1bor\u00fa v\u00e9g\u00e9n kiki\u00e1ltott f\u00fcggetlen Csehszlov\u00e1ki\u00e1ban kibocs\u00e1tott b\u00e9lyegeken \u00e9s bankjegyeken szerepl\u0151 k\u00e9peket.<\/span><\/p>\n<p><strong>A m\u0171v\u00e9szeti rejtv\u00e9nyek a kikapcsol\u00f3d\u00e1s \u00e9s a laz\u00edt\u00e1s egyik m\u00f3dja<\/strong><\/p>\n<p><span style=\"font-weight: 400\">Ha a b\u00e9ke pillanatait \u00e9s a mindennapi probl\u00e9m\u00e1kt\u00f3l val\u00f3 elvonatkoztat\u00e1st keresed, akkor az 1000 darabos Vintage Puzzle &#8211; Kekszek Champagne Lef\u00e8vre-Utile Champagne elj\u00f6n hozz\u00e1d. Garant\u00e1ltan ak\u00e1r 30 \u00f3r\u00e1nyi pihentet\u0151 sz\u00f3rakoz\u00e1sban lesz r\u00e9szed ezzel a csod\u00e1latos kirak\u00f3s j\u00e1t\u00e9kkal.<\/span><\/p>\n<p><span style=\"font-weight: 400\">A Lef\u00e8vre-Utile 1000 darabos Biscuits Champagne puzzle-je lev\u00e1lasztja \u00d6nt az okoseszk\u00f6z\u00f6k k\u00e9perny\u0151j\u00e9r\u0151l, \u00e9s a m\u0171v\u00e9szet vil\u00e1g\u00e1ba rep\u00edti, tele sz\u00e9ps\u00e9ggel \u00e9s magas vibr\u00e1l\u00e1ssal. Engedd, hogy a k\u00e9pzelet \u00f6sv\u00e9nyein j\u00e1rj, \u00e9s fedezd fel a 19. sz\u00e1zad v\u00e9g\u00e9nek m\u0171v\u00e9szi szimb\u00f3lumait ezzel a csod\u00e1latos kirak\u00f3s j\u00e1t\u00e9kkal.<\/span><\/p>\n<p><span style=\"font-weight: 400\">V\u00e1lassza az 1000 darabos Vintage puzzle-t &#8211; Biscuits Champagne Lef\u00e8vre-Util, hogy el\u0171zze a napok monot\u00f3ni\u00e1j\u00e1t, amikor a nap nem akar megmutatkozni. Ebben a feln\u0151tteknek sz\u00f3l\u00f3 kirak\u00f3sban egyed\u00fcl vagy a bar\u00e1taiddal egy\u00fctt t\u00f6ltheted ki a k\u00e9pet. B\u00e1rmelyik lehet\u0151s\u00e9get is v\u00e1lasztja, k\u00fcl\u00f6nleges pillanatokban lesz r\u00e9sze, amelyek felejthetetlen eml\u00e9kekk\u00e9 \u00e1llnak \u00f6ssze.<\/span><\/p>\n<p><span style=\"font-weight: 400\">Fedezze fel a vintage illusztr\u00e1lt feln\u0151tt kirak\u00f3sok teljes gy\u0171jtem\u00e9ny\u00e9t, \u00e9s hozza l\u00e9tre saj\u00e1t, egyedi kirak\u00f3s j\u00e1t\u00e9kk\u00e9peinek kiv\u00e9teles mint\u00e1kat.<\/span><\/p><\/p>\n","protected":false},"excerpt":{"rendered":"<p>Fedezze fel Rom\u00e1nia legnagyobb sz\u00fcreti kirak\u00f3s j\u00e1t\u00e9kk\u00edn\u00e1lat\u00e1t, \u00e9s k\u00e9sz\u00edtse el saj\u00e1t gy\u00f6ny\u00f6r\u0171, szem\u00e9lyes 1000 darabos kirak\u00f3s k\u00e9peit. Tal\u00e1ld meg a<\/p>\n","protected":false},"featured_media":34555,"template":"","meta":[],"product_brand":[],"product_cat":[1920,1919,1881],"product_tag":[],"class_list":{"0":"post-41643","1":"product","2":"type-product","3":"status-publish","4":"has-post-thumbnail","6":"product_cat-1000-darabos-kirakos-jatek","7":"product_cat-felnott-kirakos-jatekok","8":"product_cat-kirakos-jatekok","9":"pa_bax-10-hu","10":"pa_brand-d_toys-hu","11":"pa_country_of_manufacture-ro-hu","12":"pa_filter_age-14-hu","13":"pa_painter-vintage-posters-hu","14":"pa_tip_ambalaj-doboz","15":"pa_tip_puzzle-klasszikus","17":"first","18":"instock","19":"taxable","20":"shipping-taxable","21":"product-type-simple"},"yoast_head":"<!-- This site is optimized with the Yoast SEO plugin v20.1 - https:\/\/yoast.com\/wordpress\/plugins\/seo\/ -->\n<title>Feln\u0151tt puzzle 1000 darab Vintage poszterek - kekszek Champagne Lef\u00e8vre-Utile<\/title>\n<meta name=\"description\" content=\"Feln\u0151tt puzzle 1000 darab Vintage poszterek - kekszek Champagne Lef\u00e8vre-Utile\" \/>\n<meta name=\"robots\" content=\"index, follow, max-snippet:-1, max-image-preview:large, max-video-preview:-1\" \/>\n<link rel=\"canonical\" href=\"https:\/\/business.roovi.com\/hu\/felnott-puzzle-1000-darab-vintage-poszterek-kekszek-champagne-lefevre-utile\/p\/\" \/>\n<meta property=\"og:locale\" content=\"hu_HU\" \/>\n<meta property=\"og:type\" content=\"article\" \/>\n<meta property=\"og:title\" content=\"Feln\u0151tt puzzle 1000 darab Vintage poszterek - kekszek Champagne Lef\u00e8vre-Utile\" \/>\n<meta property=\"og:description\" content=\"Feln\u0151tt puzzle 1000 darab Vintage poszterek - kekszek Champagne Lef\u00e8vre-Utile\" \/>\n<meta property=\"og:url\" content=\"https:\/\/business.roovi.com\/hu\/felnott-puzzle-1000-darab-vintage-poszterek-kekszek-champagne-lefevre-utile\/p\/\" \/>\n<meta property=\"og:site_name\" content=\"Roovi B2B\" \/>\n<meta property=\"article:publisher\" content=\"https:\/\/www.facebook.com\/wwwjucariero\" \/>\n<meta property=\"article:modified_time\" content=\"2022-07-06T17:39:46+00:00\" \/>\n<meta property=\"og:image\" content=\"https:\/\/business.roovi.com\/wp-content\/uploads\/2018\/04\/a67555-5_nsamblu_dimensiuni_cutie_cm_vertical_1200x1200.png\" \/>\n\t<meta property=\"og:image:width\" content=\"1200\" \/>\n\t<meta property=\"og:image:height\" content=\"1200\" \/>\n\t<meta property=\"og:image:type\" content=\"image\/png\" \/>\n<meta name=\"twitter:label1\" content=\"Becs\u00fclt olvas\u00e1si id\u0151\" \/>\n\t<meta name=\"twitter:data1\" content=\"3 perc\" \/>\n<script type=\"application\/ld+json\" class=\"yoast-schema-graph\">{\"@context\":\"https:\/\/schema.org\",\"@graph\":[{\"@type\":\"WebPage\",\"@id\":\"https:\/\/business.roovi.com\/hu\/felnott-puzzle-1000-darab-vintage-poszterek-kekszek-champagne-lefevre-utile\/p\/\",\"url\":\"https:\/\/business.roovi.com\/hu\/felnott-puzzle-1000-darab-vintage-poszterek-kekszek-champagne-lefevre-utile\/p\/\",\"name\":\"Feln\u0151tt puzzle 1000 darab Vintage poszterek - kekszek Champagne Lef\u00e8vre-Utile\",\"isPartOf\":{\"@id\":\"https:\/\/business.roovi.com\/hu\/#website\"},\"datePublished\":\"2018-04-16T10:56:17+00:00\",\"dateModified\":\"2022-07-06T17:39:46+00:00\",\"description\":\"Feln\u0151tt puzzle 1000 darab Vintage poszterek - kekszek Champagne Lef\u00e8vre-Utile\",\"breadcrumb\":{\"@id\":\"https:\/\/business.roovi.com\/hu\/felnott-puzzle-1000-darab-vintage-poszterek-kekszek-champagne-lefevre-utile\/p\/#breadcrumb\"},\"inLanguage\":\"hu\",\"potentialAction\":[{\"@type\":\"ReadAction\",\"target\":[\"https:\/\/business.roovi.com\/hu\/felnott-puzzle-1000-darab-vintage-poszterek-kekszek-champagne-lefevre-utile\/p\/\"]}]},{\"@type\":\"BreadcrumbList\",\"@id\":\"https:\/\/business.roovi.com\/hu\/felnott-puzzle-1000-darab-vintage-poszterek-kekszek-champagne-lefevre-utile\/p\/#breadcrumb\",\"itemListElement\":[{\"@type\":\"ListItem\",\"position\":1,\"name\":\"Home\",\"item\":\"https:\/\/business.roovi.com\/hu\/\"},{\"@type\":\"ListItem\",\"position\":2,\"name\":\"Shop\",\"item\":\"https:\/\/business.roovi.com\/hu\/shop\/\"},{\"@type\":\"ListItem\",\"position\":3,\"name\":\"Feln\u0151tt puzzle 1000 darab Vintage poszterek &#8211; kekszek Champagne Lef\u00e8vre-Utile\"}]},{\"@type\":\"WebSite\",\"@id\":\"https:\/\/business.roovi.com\/hu\/#website\",\"url\":\"https:\/\/business.roovi.com\/hu\/\",\"name\":\"Roovi B2B\",\"description\":\"Roovi Business Website\",\"potentialAction\":[{\"@type\":\"SearchAction\",\"target\":{\"@type\":\"EntryPoint\",\"urlTemplate\":\"https:\/\/business.roovi.com\/hu\/?s={search_term_string}\"},\"query-input\":\"required name=search_term_string\"}],\"inLanguage\":\"hu\"}]}<\/script>\n<!-- \/ Yoast SEO plugin. -->","yoast_head_json":{"title":"Feln\u0151tt puzzle 1000 darab Vintage poszterek - kekszek Champagne Lef\u00e8vre-Utile","description":"Feln\u0151tt puzzle 1000 darab Vintage poszterek - kekszek Champagne Lef\u00e8vre-Utile","robots":{"index":"index","follow":"follow","max-snippet":"max-snippet:-1","max-image-preview":"max-image-preview:large","max-video-preview":"max-video-preview:-1"},"canonical":"https:\/\/business.roovi.com\/hu\/felnott-puzzle-1000-darab-vintage-poszterek-kekszek-champagne-lefevre-utile\/p\/","og_locale":"hu_HU","og_type":"article","og_title":"Feln\u0151tt puzzle 1000 darab Vintage poszterek - kekszek Champagne Lef\u00e8vre-Utile","og_description":"Feln\u0151tt puzzle 1000 darab Vintage poszterek - kekszek Champagne Lef\u00e8vre-Utile","og_url":"https:\/\/business.roovi.com\/hu\/felnott-puzzle-1000-darab-vintage-poszterek-kekszek-champagne-lefevre-utile\/p\/","og_site_name":"Roovi B2B","article_publisher":"https:\/\/www.facebook.com\/wwwjucariero","article_modified_time":"2022-07-06T17:39:46+00:00","og_image":[{"width":1200,"height":1200,"url":"https:\/\/business.roovi.com\/wp-content\/uploads\/2018\/04\/a67555-5_nsamblu_dimensiuni_cutie_cm_vertical_1200x1200.png","type":"image\/png"}],"twitter_misc":{"Becs\u00fclt olvas\u00e1si id\u0151":"3 perc"},"schema":{"@context":"https:\/\/schema.org","@graph":[{"@type":"WebPage","@id":"https:\/\/business.roovi.com\/hu\/felnott-puzzle-1000-darab-vintage-poszterek-kekszek-champagne-lefevre-utile\/p\/","url":"https:\/\/business.roovi.com\/hu\/felnott-puzzle-1000-darab-vintage-poszterek-kekszek-champagne-lefevre-utile\/p\/","name":"Feln\u0151tt puzzle 1000 darab Vintage poszterek - kekszek Champagne Lef\u00e8vre-Utile","isPartOf":{"@id":"https:\/\/business.roovi.com\/hu\/#website"},"datePublished":"2018-04-16T10:56:17+00:00","dateModified":"2022-07-06T17:39:46+00:00","description":"Feln\u0151tt puzzle 1000 darab Vintage poszterek - kekszek Champagne Lef\u00e8vre-Utile","breadcrumb":{"@id":"https:\/\/business.roovi.com\/hu\/felnott-puzzle-1000-darab-vintage-poszterek-kekszek-champagne-lefevre-utile\/p\/#breadcrumb"},"inLanguage":"hu","potentialAction":[{"@type":"ReadAction","target":["https:\/\/business.roovi.com\/hu\/felnott-puzzle-1000-darab-vintage-poszterek-kekszek-champagne-lefevre-utile\/p\/"]}]},{"@type":"BreadcrumbList","@id":"https:\/\/business.roovi.com\/hu\/felnott-puzzle-1000-darab-vintage-poszterek-kekszek-champagne-lefevre-utile\/p\/#breadcrumb","itemListElement":[{"@type":"ListItem","position":1,"name":"Home","item":"https:\/\/business.roovi.com\/hu\/"},{"@type":"ListItem","position":2,"name":"Shop","item":"https:\/\/business.roovi.com\/hu\/shop\/"},{"@type":"ListItem","position":3,"name":"Feln\u0151tt puzzle 1000 darab Vintage poszterek &#8211; kekszek Champagne Lef\u00e8vre-Utile"}]},{"@type":"WebSite","@id":"https:\/\/business.roovi.com\/hu\/#website","url":"https:\/\/business.roovi.com\/hu\/","name":"Roovi B2B","description":"Roovi Business Website","potentialAction":[{"@type":"SearchAction","target":{"@type":"EntryPoint","urlTemplate":"https:\/\/business.roovi.com\/hu\/?s={search_term_string}"},"query-input":"required name=search_term_string"}],"inLanguage":"hu"}]}},"_links":{"self":[{"href":"https:\/\/business.roovi.com\/hu\/wp-json\/wp\/v2\/product\/41643","targetHints":{"allow":["GET"]}}],"collection":[{"href":"https:\/\/business.roovi.com\/hu\/wp-json\/wp\/v2\/product"}],"about":[{"href":"https:\/\/business.roovi.com\/hu\/wp-json\/wp\/v2\/types\/product"}],"version-history":[{"count":0,"href":"https:\/\/business.roovi.com\/hu\/wp-json\/wp\/v2\/product\/41643\/revisions"}],"wp:featuredmedia":[{"embeddable":true,"href":"https:\/\/business.roovi.com\/hu\/wp-json\/wp\/v2\/media\/34555"}],"wp:attachment":[{"href":"https:\/\/business.roovi.com\/hu\/wp-json\/wp\/v2\/media?parent=41643"}],"wp:term":[{"taxonomy":"product_brand","embeddable":true,"href":"https:\/\/business.roovi.com\/hu\/wp-json\/wp\/v2\/product_brand?post=41643"},{"taxonomy":"product_cat","embeddable":true,"href":"https:\/\/business.roovi.com\/hu\/wp-json\/wp\/v2\/product_cat?post=41643"},{"taxonomy":"product_tag","embeddable":true,"href":"https:\/\/business.roovi.com\/hu\/wp-json\/wp\/v2\/product_tag?post=41643"}],"curies":[{"name":"wp","href":"https:\/\/api.w.org\/{rel}","templated":true}]}}