{"id":41647,"date":"2018-04-16T10:56:17","date_gmt":"2018-04-16T10:56:17","guid":{"rendered":"https:\/\/business.roovi.com\/puzzle-adulti-1000-piese-vintage-posters-champagne-pommery\/p\/"},"modified":"2022-07-06T17:39:53","modified_gmt":"2022-07-06T17:39:53","slug":"felnott-1000-darabos-vintage-plakatok-puzzle-champagne-pommery","status":"publish","type":"product","link":"https:\/\/business.roovi.com\/hu\/felnott-1000-darabos-vintage-plakatok-puzzle-champagne-pommery\/p\/","title":{"rendered":"Feln\u0151tt 1000 darabos vintage plak\u00e1tok puzzle &#8211; Champagne Pommery"},"content":{"rendered":"<p><span style=\"font-weight: 400\">Szenved\u00e9lyesen szereted a vintage st\u00edlust, vagy egyszer\u0171en csak szeretn\u00e9d feldobni a szabadid\u0151det? Kih\u00edvunk t\u00e9ged, hogy a vintage puzzle gy\u0171jtem\u00e9nyben \u00f6sszegy\u0171jt\u00f6tt, kiv\u00e9teles illusztr\u00e1ci\u00f3kkal ell\u00e1tott 1000 darabos rejtv\u00e9nyeket \u00fajraalkoss.<\/span><\/p>\n<p><span style=\"font-weight: 400\">Az 1000 darabos Champagne Pommery puzzle egy r\u00e9gi pezsg\u0151rekl\u00e1m plak\u00e1tj\u00e1t \u00e1br\u00e1zolja. A k\u00e9p egy szecesszi\u00f3s st\u00edlus\u00fa illusztr\u00e1ci\u00f3, amely egy gy\u00f6ny\u00f6r\u0171 n\u0151t \u00e1br\u00e1zol egy buja k\u00f6rnyezetben. A 19. sz\u00e1zadi rekl\u00e1mplak\u00e1tokon gyakori a n\u0151i k\u00e9p \u00e9s a pezsg\u0151ital t\u00e1rs\u00edt\u00e1sa.<\/span><\/p>\n<p><span style=\"font-weight: 400\">Friss\u00edtse fel a k\u00e9pet a vintage puzzle kollekci\u00f3 1000 darabos Champagne Pommery kirak\u00f3j\u00e1ban, \u00e9s szerezzen egy olyan m\u0171alkot\u00e1st, amely kihozza otthon\u00e1b\u00f3l a szem\u00e9lyis\u00e9g n\u00e9lk\u00fcli t\u00e9r n\u00e9vtelens\u00e9g\u00e9t.<\/span><\/p>\n<p><span style=\"font-weight: 400\">Az \u00f6sszeszerel\u00e9shez haszn\u00e1lhat egy k\u00f6z\u00f6ns\u00e9ges doh\u00e1nyz\u00f3asztalt. A rekonstru\u00e1lt festm\u00e9ny m\u00e9rete 50 x 70 cm. A megfelel\u0151 keretbe helyezve leny\u0171g\u00f6z\u0151en fog kin\u00e9zni, \u00e9s eredeti d\u00edszt\u00e1rgy lesz.<\/span><\/p>\n<p><span style=\"font-weight: 400\">1000 darabos vintage Champagne Pommery puzzle:<\/span><\/p>\n<p><strong>Puzzle anyag <\/strong><\/p>\n<p><strong>kiv\u00e1l\u00f3 min\u0151s\u00e9g\u0171 k\u00e9k karton<\/strong><\/p>\n<p><strong>fenntarthat\u00f3, \u00fajrahasznos\u00edthat\u00f3 anyagok<\/strong><\/p>\n<p><strong>f\u00e9lf\u00e9nyes kivitel, \u00e9l\u00e9nk sz\u00ednek<\/strong><\/p>\n<p><strong>A kirak\u00f3s darabok sz\u00e1ma: 1000<\/strong><\/p>\n<p><strong>Aj\u00e1nlott \u00e9letkor: 14+<\/strong><\/p>\n<p><strong>Mi\u00e9rt k\u00fcl\u00f6nleges 1000 darabos vintage puzzle Champagne Pommery? <\/strong><\/p>\n<p><span style=\"font-weight: 400\">Ez egy nagyszer\u0171 m\u00f3dja annak, hogy bel\u00e9pj a m\u0171v\u00e9szet vil\u00e1g\u00e1ba, \u00e9s meg\u00e9p\u00edtsd egy m\u0171v\u00e9szi festm\u00e9ny leny\u0171g\u00f6z\u0151 m\u00e1solat\u00e1t.<\/span><\/p>\n<p><span style=\"font-weight: 400\">Seg\u00edt fejleszteni a r\u00e9szletekre val\u00f3 figyelmet.<\/span><\/p>\n<p><span style=\"font-weight: 400\">Fokozza a koncentr\u00e1ci\u00f3t \u00e9s a kitart\u00e1st.<\/span><\/p>\n<p><span style=\"font-weight: 400\">Ez a ment\u00e1lis tr\u00e9ning egy \u00e9lvezetes form\u00e1ja, amely j\u00f3t\u00e9kony hat\u00e1ssal van a mem\u00f3ri\u00e1ra.<\/span><\/p>\n<p><span style=\"font-weight: 400\">J\u00f3 \u00e9rz\u00e9st \u00e9s optimizmust ad.<\/span><\/p>\n<p><strong>Tudtad, hogy&#8230;?<\/strong><\/p>\n<p><span style=\"font-weight: 400\">A r\u00f3maiak telep\u00edtettek el\u0151sz\u00f6r sz\u0151l\u0151t a h\u00edres \u00e9szakkelet-franciaorsz\u00e1gi Champagne r\u00e9gi\u00f3ban.<\/span><\/p>\n<p><span style=\"font-weight: 400\">A Champagne Pommery volt az els\u0151 pezsg\u0151gy\u00e1rt\u00f3, amely a brut pezsg\u0151fajt\u00e1t forgalmazta.<\/span><\/p>\n<p><span style=\"font-weight: 400\">Az elm\u00falt \u00e9vsz\u00e1zadokban (17., 18. \u00e9s 19. sz\u00e1zad) a pezsg\u0151t a nemess\u00e9ggel \u00e9s a kir\u00e1lyi csal\u00e1dokkal hozt\u00e1k kapcsolatba.<\/span><\/p>\n<p><span style=\"font-weight: 400\">Az ital n\u00e9pszer\u0171s\u00e9ge a k\u00f6z\u00e9poszt\u00e1ly k\u00f6r\u00e9ben a csomagol\u00e1snak \u00e9s a rekl\u00e1mnak volt k\u00f6sz\u00f6nhet\u0151, amelybe a gy\u00e1rt\u00f3k sokat fektettek.<\/span><\/p>\n<p><span style=\"font-weight: 400\">Az egyik h\u00edres pezsg\u0151iv\u00f3nak Winston Churchillt tartj\u00e1k. \u00c1ll\u00edt\u00f3lag 1908 \u00e9s 1965 k\u00f6z\u00f6tt mintegy 42 000 palackot ivott meg <\/span><\/p>\n<p><strong>A Champagne Pommery 1000 darabos puzzle megtan\u00edt a t\u00fcrelem leck\u00e9j\u00e9re<\/strong><\/p>\n<p><span style=\"font-weight: 400\">A sebess\u00e9g kor\u00e1ban \u00e9l\u00fcnk, \u00e9s mindent most akarunk. Annyi v\u00e1gy \u00e9s gondolat j\u00e1r az agyunkban \u00e1lland\u00f3an, hogy \u00e1lland\u00f3an f\u00e1radtak vagyunk, \u00e9s \u00fagy t\u0171nik, hogy m\u00e1r semmi sem el\u00e9g\u00edt ki minket. Puzzle 1000 darab<\/span> <span style=\"font-weight: 400\">A Champagne Pommery seg\u00edt megtal\u00e1lni \u00f6nmag\u00e1t egy olyan tev\u00e9kenys\u00e9gen kereszt\u00fcl, amely t\u00fcrelmet \u00e9s kitart\u00e1st ig\u00e9nyel.<\/span><\/p>\n<p><span style=\"font-weight: 400\">Ha szeretn\u00e9l egy kis sz\u00fcnetet tartani a mindennapok ny\u00fczsg\u00e9s\u00e9ben, ez az eredeti diz\u00e1jnnal \u00e9s \u00e9l\u00e9nk sz\u00ednekkel rendelkez\u0151 kirak\u00f3s j\u00e1t\u00e9k lehet\u0151s\u00e9get ny\u00fajt arra, hogy l\u00e9legzethez juss \u00e9s \u00e9lvezd az egyszer\u0171 szenved\u00e9lyeket.<\/span><\/p>\n<p><span style=\"font-weight: 400\">Tov\u00e1bb\u00e1, ha a szabadidej\u00e9t a csal\u00e1dj\u00e1val vagy bar\u00e1taival szeretn\u00e9 \u00e9lvezni, fontolja meg a Champagne Pommery feln\u0151tt puzzle-t. Garant\u00e1ltan ak\u00e1r 30 \u00f3r\u00e1nyi pihentet\u0151 sz\u00f3rakoz\u00e1st \u00e9s rengeteg eml\u00e9ket szerezhet, amelyeket m\u00e9g \u00e9vekig \u00e9lvezhet.<\/span><\/p>\n<p><span style=\"font-weight: 400\">Ak\u00e1r egyed\u00fcl, ak\u00e1r szeretteiddel rakod \u00f6ssze az 1000 darabos Champagne Pommery puzzle-t, ez a kirak\u00f3s j\u00e1t\u00e9k kiz\u00f6kkent a mindennapi rutinb\u00f3l. Haszn\u00e1lja ki a kirak\u00f3s j\u00e1t\u00e9kok ny\u00fajtotta el\u0151ny\u00f6ket, \u00e9s v\u00e1s\u00e1roljon m\u00e1s modelleket is a honlapon el\u00e9rhet\u0151 vintage kirak\u00f3s gy\u0171jtem\u00e9nyb\u0151l.<\/span><\/p><\/p>\n","protected":false},"excerpt":{"rendered":"<p>Szenved\u00e9lyesen szereted a vintage st\u00edlust, vagy egyszer\u0171en csak szeretn\u00e9d feldobni a szabadid\u0151det? Kih\u00edvunk t\u00e9ged, hogy a vintage puzzle gy\u0171jtem\u00e9nyben \u00f6sszegy\u0171jt\u00f6tt,<\/p>\n","protected":false},"featured_media":34569,"template":"","meta":[],"product_brand":[],"product_cat":[1920,1919,1881],"product_tag":[],"class_list":{"0":"post-41647","1":"product","2":"type-product","3":"status-publish","4":"has-post-thumbnail","6":"product_cat-1000-darabos-kirakos-jatek","7":"product_cat-felnott-kirakos-jatekok","8":"product_cat-kirakos-jatekok","9":"pa_bax-10-hu","10":"pa_brand-d_toys-hu","11":"pa_country_of_manufacture-ro-hu","12":"pa_filter_age-14-hu","13":"pa_painter-vintage-posters-hu","14":"pa_tip_ambalaj-doboz","15":"pa_tip_puzzle-klasszikus","17":"first","18":"instock","19":"taxable","20":"shipping-taxable","21":"product-type-simple"},"yoast_head":"<!-- This site is optimized with the Yoast SEO plugin v20.1 - https:\/\/yoast.com\/wordpress\/plugins\/seo\/ -->\n<title>Feln\u0151tt 1000 darabos vintage plak\u00e1tok puzzle - Champagne Pommery<\/title>\n<meta name=\"description\" content=\"Feln\u0151tt 1000 darabos vintage plak\u00e1tok puzzle - Champagne Pommery\" \/>\n<meta name=\"robots\" content=\"index, follow, max-snippet:-1, max-image-preview:large, max-video-preview:-1\" \/>\n<link rel=\"canonical\" href=\"https:\/\/business.roovi.com\/hu\/felnott-1000-darabos-vintage-plakatok-puzzle-champagne-pommery\/p\/\" \/>\n<meta property=\"og:locale\" content=\"hu_HU\" \/>\n<meta property=\"og:type\" content=\"article\" \/>\n<meta property=\"og:title\" content=\"Feln\u0151tt 1000 darabos vintage plak\u00e1tok puzzle - Champagne Pommery\" \/>\n<meta property=\"og:description\" content=\"Feln\u0151tt 1000 darabos vintage plak\u00e1tok puzzle - Champagne Pommery\" \/>\n<meta property=\"og:url\" content=\"https:\/\/business.roovi.com\/hu\/felnott-1000-darabos-vintage-plakatok-puzzle-champagne-pommery\/p\/\" \/>\n<meta property=\"og:site_name\" content=\"Roovi B2B\" \/>\n<meta property=\"article:publisher\" content=\"https:\/\/www.facebook.com\/wwwjucariero\" \/>\n<meta property=\"article:modified_time\" content=\"2022-07-06T17:39:53+00:00\" \/>\n<meta property=\"og:image\" content=\"https:\/\/business.roovi.com\/wp-content\/uploads\/2018\/04\/67555-6_ansamblu_dimensiuni_cutie_cm_vertical_1200x1200.png\" \/>\n\t<meta property=\"og:image:width\" content=\"1200\" \/>\n\t<meta property=\"og:image:height\" content=\"1200\" \/>\n\t<meta property=\"og:image:type\" content=\"image\/png\" \/>\n<meta name=\"twitter:label1\" content=\"Becs\u00fclt olvas\u00e1si id\u0151\" \/>\n\t<meta name=\"twitter:data1\" content=\"3 perc\" \/>\n<script type=\"application\/ld+json\" class=\"yoast-schema-graph\">{\"@context\":\"https:\/\/schema.org\",\"@graph\":[{\"@type\":\"WebPage\",\"@id\":\"https:\/\/business.roovi.com\/hu\/felnott-1000-darabos-vintage-plakatok-puzzle-champagne-pommery\/p\/\",\"url\":\"https:\/\/business.roovi.com\/hu\/felnott-1000-darabos-vintage-plakatok-puzzle-champagne-pommery\/p\/\",\"name\":\"Feln\u0151tt 1000 darabos vintage plak\u00e1tok puzzle - Champagne Pommery\",\"isPartOf\":{\"@id\":\"https:\/\/business.roovi.com\/hu\/#website\"},\"datePublished\":\"2018-04-16T10:56:17+00:00\",\"dateModified\":\"2022-07-06T17:39:53+00:00\",\"description\":\"Feln\u0151tt 1000 darabos vintage plak\u00e1tok puzzle - Champagne Pommery\",\"breadcrumb\":{\"@id\":\"https:\/\/business.roovi.com\/hu\/felnott-1000-darabos-vintage-plakatok-puzzle-champagne-pommery\/p\/#breadcrumb\"},\"inLanguage\":\"hu\",\"potentialAction\":[{\"@type\":\"ReadAction\",\"target\":[\"https:\/\/business.roovi.com\/hu\/felnott-1000-darabos-vintage-plakatok-puzzle-champagne-pommery\/p\/\"]}]},{\"@type\":\"BreadcrumbList\",\"@id\":\"https:\/\/business.roovi.com\/hu\/felnott-1000-darabos-vintage-plakatok-puzzle-champagne-pommery\/p\/#breadcrumb\",\"itemListElement\":[{\"@type\":\"ListItem\",\"position\":1,\"name\":\"Home\",\"item\":\"https:\/\/business.roovi.com\/hu\/\"},{\"@type\":\"ListItem\",\"position\":2,\"name\":\"Shop\",\"item\":\"https:\/\/business.roovi.com\/hu\/shop\/\"},{\"@type\":\"ListItem\",\"position\":3,\"name\":\"Feln\u0151tt 1000 darabos vintage plak\u00e1tok puzzle &#8211; Champagne Pommery\"}]},{\"@type\":\"WebSite\",\"@id\":\"https:\/\/business.roovi.com\/hu\/#website\",\"url\":\"https:\/\/business.roovi.com\/hu\/\",\"name\":\"Roovi B2B\",\"description\":\"Roovi Business Website\",\"potentialAction\":[{\"@type\":\"SearchAction\",\"target\":{\"@type\":\"EntryPoint\",\"urlTemplate\":\"https:\/\/business.roovi.com\/hu\/?s={search_term_string}\"},\"query-input\":\"required name=search_term_string\"}],\"inLanguage\":\"hu\"}]}<\/script>\n<!-- \/ Yoast SEO plugin. -->","yoast_head_json":{"title":"Feln\u0151tt 1000 darabos vintage plak\u00e1tok puzzle - Champagne Pommery","description":"Feln\u0151tt 1000 darabos vintage plak\u00e1tok puzzle - Champagne Pommery","robots":{"index":"index","follow":"follow","max-snippet":"max-snippet:-1","max-image-preview":"max-image-preview:large","max-video-preview":"max-video-preview:-1"},"canonical":"https:\/\/business.roovi.com\/hu\/felnott-1000-darabos-vintage-plakatok-puzzle-champagne-pommery\/p\/","og_locale":"hu_HU","og_type":"article","og_title":"Feln\u0151tt 1000 darabos vintage plak\u00e1tok puzzle - Champagne Pommery","og_description":"Feln\u0151tt 1000 darabos vintage plak\u00e1tok puzzle - Champagne Pommery","og_url":"https:\/\/business.roovi.com\/hu\/felnott-1000-darabos-vintage-plakatok-puzzle-champagne-pommery\/p\/","og_site_name":"Roovi B2B","article_publisher":"https:\/\/www.facebook.com\/wwwjucariero","article_modified_time":"2022-07-06T17:39:53+00:00","og_image":[{"width":1200,"height":1200,"url":"https:\/\/business.roovi.com\/wp-content\/uploads\/2018\/04\/67555-6_ansamblu_dimensiuni_cutie_cm_vertical_1200x1200.png","type":"image\/png"}],"twitter_misc":{"Becs\u00fclt olvas\u00e1si id\u0151":"3 perc"},"schema":{"@context":"https:\/\/schema.org","@graph":[{"@type":"WebPage","@id":"https:\/\/business.roovi.com\/hu\/felnott-1000-darabos-vintage-plakatok-puzzle-champagne-pommery\/p\/","url":"https:\/\/business.roovi.com\/hu\/felnott-1000-darabos-vintage-plakatok-puzzle-champagne-pommery\/p\/","name":"Feln\u0151tt 1000 darabos vintage plak\u00e1tok puzzle - Champagne Pommery","isPartOf":{"@id":"https:\/\/business.roovi.com\/hu\/#website"},"datePublished":"2018-04-16T10:56:17+00:00","dateModified":"2022-07-06T17:39:53+00:00","description":"Feln\u0151tt 1000 darabos vintage plak\u00e1tok puzzle - Champagne Pommery","breadcrumb":{"@id":"https:\/\/business.roovi.com\/hu\/felnott-1000-darabos-vintage-plakatok-puzzle-champagne-pommery\/p\/#breadcrumb"},"inLanguage":"hu","potentialAction":[{"@type":"ReadAction","target":["https:\/\/business.roovi.com\/hu\/felnott-1000-darabos-vintage-plakatok-puzzle-champagne-pommery\/p\/"]}]},{"@type":"BreadcrumbList","@id":"https:\/\/business.roovi.com\/hu\/felnott-1000-darabos-vintage-plakatok-puzzle-champagne-pommery\/p\/#breadcrumb","itemListElement":[{"@type":"ListItem","position":1,"name":"Home","item":"https:\/\/business.roovi.com\/hu\/"},{"@type":"ListItem","position":2,"name":"Shop","item":"https:\/\/business.roovi.com\/hu\/shop\/"},{"@type":"ListItem","position":3,"name":"Feln\u0151tt 1000 darabos vintage plak\u00e1tok puzzle &#8211; Champagne Pommery"}]},{"@type":"WebSite","@id":"https:\/\/business.roovi.com\/hu\/#website","url":"https:\/\/business.roovi.com\/hu\/","name":"Roovi B2B","description":"Roovi Business Website","potentialAction":[{"@type":"SearchAction","target":{"@type":"EntryPoint","urlTemplate":"https:\/\/business.roovi.com\/hu\/?s={search_term_string}"},"query-input":"required name=search_term_string"}],"inLanguage":"hu"}]}},"_links":{"self":[{"href":"https:\/\/business.roovi.com\/hu\/wp-json\/wp\/v2\/product\/41647","targetHints":{"allow":["GET"]}}],"collection":[{"href":"https:\/\/business.roovi.com\/hu\/wp-json\/wp\/v2\/product"}],"about":[{"href":"https:\/\/business.roovi.com\/hu\/wp-json\/wp\/v2\/types\/product"}],"version-history":[{"count":0,"href":"https:\/\/business.roovi.com\/hu\/wp-json\/wp\/v2\/product\/41647\/revisions"}],"wp:featuredmedia":[{"embeddable":true,"href":"https:\/\/business.roovi.com\/hu\/wp-json\/wp\/v2\/media\/34569"}],"wp:attachment":[{"href":"https:\/\/business.roovi.com\/hu\/wp-json\/wp\/v2\/media?parent=41647"}],"wp:term":[{"taxonomy":"product_brand","embeddable":true,"href":"https:\/\/business.roovi.com\/hu\/wp-json\/wp\/v2\/product_brand?post=41647"},{"taxonomy":"product_cat","embeddable":true,"href":"https:\/\/business.roovi.com\/hu\/wp-json\/wp\/v2\/product_cat?post=41647"},{"taxonomy":"product_tag","embeddable":true,"href":"https:\/\/business.roovi.com\/hu\/wp-json\/wp\/v2\/product_tag?post=41647"}],"curies":[{"name":"wp","href":"https:\/\/api.w.org\/{rel}","templated":true}]}}