{"id":41651,"date":"2018-04-16T10:56:17","date_gmt":"2018-04-16T10:56:17","guid":{"rendered":"https:\/\/business.roovi.com\/puzzle-vintage-posters-1000-piese-7\/p\/"},"modified":"2022-07-06T17:44:06","modified_gmt":"2022-07-06T17:44:06","slug":"felnott-1000-darab-vintage-plakatok-puzzle-parfumeriak","status":"publish","type":"product","link":"https:\/\/business.roovi.com\/hu\/felnott-1000-darab-vintage-plakatok-puzzle-parfumeriak\/p\/","title":{"rendered":"Feln\u0151tt 1000 darab Vintage plak\u00e1tok puzzle &#8211; parf\u00fcm\u00e9ri\u00e1k"},"content":{"rendered":"<p>Az 1000 Piece Posters Collector&#8217;s Puzzle sorozat kifejezetten a vintage st\u00edlus kedvel\u0151i sz\u00e1m\u00e1ra tervezett pomp\u00e1s kirak\u00f3sokat tartalmaz.<\/p>\n","protected":false},"excerpt":{"rendered":"<p>Az 1000 Piece Posters Collector&#8217;s Puzzle sorozat kifejezetten a vintage st\u00edlus kedvel\u0151i sz\u00e1m\u00e1ra tervezett pomp\u00e1s kirak\u00f3sokat tartalmaz.<\/p>\n","protected":false},"featured_media":34583,"template":"","meta":[],"product_brand":[],"product_cat":[1607,1608,1610],"product_tag":[],"class_list":{"0":"post-41651","1":"product","2":"type-product","3":"status-publish","4":"has-post-thumbnail","6":"product_cat-puzzles","7":"product_cat-adult-jigsaw-puzzles","8":"product_cat-1000-piece-jigsaw-puzzles","9":"pa_bax-10-en","10":"pa_brand-d_toys-en","11":"pa_country_of_manufacture-ro-en","12":"pa_filter_age-14-en","13":"pa_painter-vintageposters-en","14":"pa_tip_ambalaj-box","15":"pa_tip_puzzle-classic","17":"first","18":"instock","19":"taxable","20":"shipping-taxable","21":"product-type-simple"},"yoast_head":"<!-- This site is optimized with the Yoast SEO plugin v20.1 - https:\/\/yoast.com\/wordpress\/plugins\/seo\/ -->\n<title>Feln\u0151tt 1000 darab Vintage plak\u00e1tok puzzle - parf\u00fcm\u00e9ri\u00e1k<\/title>\n<meta name=\"description\" content=\"Feln\u0151tt 1000 darab Vintage plak\u00e1tok puzzle - parf\u00fcm\u00e9ri\u00e1k\" \/>\n<meta name=\"robots\" content=\"index, follow, max-snippet:-1, max-image-preview:large, max-video-preview:-1\" \/>\n<link rel=\"canonical\" href=\"https:\/\/business.roovi.com\/hu\/felnott-1000-darab-vintage-plakatok-puzzle-parfumeriak\/p\/\" \/>\n<meta property=\"og:locale\" content=\"hu_HU\" \/>\n<meta property=\"og:type\" content=\"article\" \/>\n<meta property=\"og:title\" content=\"Feln\u0151tt 1000 darab Vintage plak\u00e1tok puzzle - parf\u00fcm\u00e9ri\u00e1k\" \/>\n<meta property=\"og:description\" content=\"Feln\u0151tt 1000 darab Vintage plak\u00e1tok puzzle - parf\u00fcm\u00e9ri\u00e1k\" \/>\n<meta property=\"og:url\" content=\"https:\/\/business.roovi.com\/hu\/felnott-1000-darab-vintage-plakatok-puzzle-parfumeriak\/p\/\" \/>\n<meta property=\"og:site_name\" content=\"Roovi B2B\" \/>\n<meta property=\"article:publisher\" content=\"https:\/\/www.facebook.com\/wwwjucariero\" \/>\n<meta property=\"article:modified_time\" content=\"2022-07-06T17:44:06+00:00\" \/>\n<meta property=\"og:image\" content=\"https:\/\/business.roovi.com\/wp-content\/uploads\/2018\/04\/67555_07.jpg\" \/>\n\t<meta property=\"og:image:width\" content=\"1200\" \/>\n\t<meta property=\"og:image:height\" content=\"1200\" \/>\n\t<meta property=\"og:image:type\" content=\"image\/jpeg\" \/>\n<script type=\"application\/ld+json\" class=\"yoast-schema-graph\">{\"@context\":\"https:\/\/schema.org\",\"@graph\":[{\"@type\":\"WebPage\",\"@id\":\"https:\/\/business.roovi.com\/hu\/felnott-1000-darab-vintage-plakatok-puzzle-parfumeriak\/p\/\",\"url\":\"https:\/\/business.roovi.com\/hu\/felnott-1000-darab-vintage-plakatok-puzzle-parfumeriak\/p\/\",\"name\":\"Feln\u0151tt 1000 darab Vintage plak\u00e1tok puzzle - parf\u00fcm\u00e9ri\u00e1k\",\"isPartOf\":{\"@id\":\"https:\/\/business.roovi.com\/hu\/#website\"},\"datePublished\":\"2018-04-16T10:56:17+00:00\",\"dateModified\":\"2022-07-06T17:44:06+00:00\",\"description\":\"Feln\u0151tt 1000 darab Vintage plak\u00e1tok puzzle - parf\u00fcm\u00e9ri\u00e1k\",\"breadcrumb\":{\"@id\":\"https:\/\/business.roovi.com\/hu\/felnott-1000-darab-vintage-plakatok-puzzle-parfumeriak\/p\/#breadcrumb\"},\"inLanguage\":\"hu\",\"potentialAction\":[{\"@type\":\"ReadAction\",\"target\":[\"https:\/\/business.roovi.com\/hu\/felnott-1000-darab-vintage-plakatok-puzzle-parfumeriak\/p\/\"]}]},{\"@type\":\"BreadcrumbList\",\"@id\":\"https:\/\/business.roovi.com\/hu\/felnott-1000-darab-vintage-plakatok-puzzle-parfumeriak\/p\/#breadcrumb\",\"itemListElement\":[{\"@type\":\"ListItem\",\"position\":1,\"name\":\"Home\",\"item\":\"https:\/\/business.roovi.com\/hu\/\"},{\"@type\":\"ListItem\",\"position\":2,\"name\":\"Shop\",\"item\":\"https:\/\/business.roovi.com\/hu\/shop\/\"},{\"@type\":\"ListItem\",\"position\":3,\"name\":\"Feln\u0151tt 1000 darab Vintage plak\u00e1tok puzzle &#8211; parf\u00fcm\u00e9ri\u00e1k\"}]},{\"@type\":\"WebSite\",\"@id\":\"https:\/\/business.roovi.com\/hu\/#website\",\"url\":\"https:\/\/business.roovi.com\/hu\/\",\"name\":\"Roovi B2B\",\"description\":\"Roovi Business Website\",\"potentialAction\":[{\"@type\":\"SearchAction\",\"target\":{\"@type\":\"EntryPoint\",\"urlTemplate\":\"https:\/\/business.roovi.com\/hu\/?s={search_term_string}\"},\"query-input\":\"required name=search_term_string\"}],\"inLanguage\":\"hu\"}]}<\/script>\n<!-- \/ Yoast SEO plugin. -->","yoast_head_json":{"title":"Feln\u0151tt 1000 darab Vintage plak\u00e1tok puzzle - parf\u00fcm\u00e9ri\u00e1k","description":"Feln\u0151tt 1000 darab Vintage plak\u00e1tok puzzle - parf\u00fcm\u00e9ri\u00e1k","robots":{"index":"index","follow":"follow","max-snippet":"max-snippet:-1","max-image-preview":"max-image-preview:large","max-video-preview":"max-video-preview:-1"},"canonical":"https:\/\/business.roovi.com\/hu\/felnott-1000-darab-vintage-plakatok-puzzle-parfumeriak\/p\/","og_locale":"hu_HU","og_type":"article","og_title":"Feln\u0151tt 1000 darab Vintage plak\u00e1tok puzzle - parf\u00fcm\u00e9ri\u00e1k","og_description":"Feln\u0151tt 1000 darab Vintage plak\u00e1tok puzzle - parf\u00fcm\u00e9ri\u00e1k","og_url":"https:\/\/business.roovi.com\/hu\/felnott-1000-darab-vintage-plakatok-puzzle-parfumeriak\/p\/","og_site_name":"Roovi B2B","article_publisher":"https:\/\/www.facebook.com\/wwwjucariero","article_modified_time":"2022-07-06T17:44:06+00:00","og_image":[{"width":1200,"height":1200,"url":"https:\/\/business.roovi.com\/wp-content\/uploads\/2018\/04\/67555_07.jpg","type":"image\/jpeg"}],"schema":{"@context":"https:\/\/schema.org","@graph":[{"@type":"WebPage","@id":"https:\/\/business.roovi.com\/hu\/felnott-1000-darab-vintage-plakatok-puzzle-parfumeriak\/p\/","url":"https:\/\/business.roovi.com\/hu\/felnott-1000-darab-vintage-plakatok-puzzle-parfumeriak\/p\/","name":"Feln\u0151tt 1000 darab Vintage plak\u00e1tok puzzle - parf\u00fcm\u00e9ri\u00e1k","isPartOf":{"@id":"https:\/\/business.roovi.com\/hu\/#website"},"datePublished":"2018-04-16T10:56:17+00:00","dateModified":"2022-07-06T17:44:06+00:00","description":"Feln\u0151tt 1000 darab Vintage plak\u00e1tok puzzle - parf\u00fcm\u00e9ri\u00e1k","breadcrumb":{"@id":"https:\/\/business.roovi.com\/hu\/felnott-1000-darab-vintage-plakatok-puzzle-parfumeriak\/p\/#breadcrumb"},"inLanguage":"hu","potentialAction":[{"@type":"ReadAction","target":["https:\/\/business.roovi.com\/hu\/felnott-1000-darab-vintage-plakatok-puzzle-parfumeriak\/p\/"]}]},{"@type":"BreadcrumbList","@id":"https:\/\/business.roovi.com\/hu\/felnott-1000-darab-vintage-plakatok-puzzle-parfumeriak\/p\/#breadcrumb","itemListElement":[{"@type":"ListItem","position":1,"name":"Home","item":"https:\/\/business.roovi.com\/hu\/"},{"@type":"ListItem","position":2,"name":"Shop","item":"https:\/\/business.roovi.com\/hu\/shop\/"},{"@type":"ListItem","position":3,"name":"Feln\u0151tt 1000 darab Vintage plak\u00e1tok puzzle &#8211; parf\u00fcm\u00e9ri\u00e1k"}]},{"@type":"WebSite","@id":"https:\/\/business.roovi.com\/hu\/#website","url":"https:\/\/business.roovi.com\/hu\/","name":"Roovi B2B","description":"Roovi Business Website","potentialAction":[{"@type":"SearchAction","target":{"@type":"EntryPoint","urlTemplate":"https:\/\/business.roovi.com\/hu\/?s={search_term_string}"},"query-input":"required name=search_term_string"}],"inLanguage":"hu"}]}},"_links":{"self":[{"href":"https:\/\/business.roovi.com\/hu\/wp-json\/wp\/v2\/product\/41651","targetHints":{"allow":["GET"]}}],"collection":[{"href":"https:\/\/business.roovi.com\/hu\/wp-json\/wp\/v2\/product"}],"about":[{"href":"https:\/\/business.roovi.com\/hu\/wp-json\/wp\/v2\/types\/product"}],"version-history":[{"count":0,"href":"https:\/\/business.roovi.com\/hu\/wp-json\/wp\/v2\/product\/41651\/revisions"}],"wp:featuredmedia":[{"embeddable":true,"href":"https:\/\/business.roovi.com\/hu\/wp-json\/wp\/v2\/media\/34583"}],"wp:attachment":[{"href":"https:\/\/business.roovi.com\/hu\/wp-json\/wp\/v2\/media?parent=41651"}],"wp:term":[{"taxonomy":"product_brand","embeddable":true,"href":"https:\/\/business.roovi.com\/hu\/wp-json\/wp\/v2\/product_brand?post=41651"},{"taxonomy":"product_cat","embeddable":true,"href":"https:\/\/business.roovi.com\/hu\/wp-json\/wp\/v2\/product_cat?post=41651"},{"taxonomy":"product_tag","embeddable":true,"href":"https:\/\/business.roovi.com\/hu\/wp-json\/wp\/v2\/product_tag?post=41651"}],"curies":[{"name":"wp","href":"https:\/\/api.w.org\/{rel}","templated":true}]}}