{"id":41655,"date":"2018-04-16T10:56:17","date_gmt":"2018-04-16T10:56:17","guid":{"rendered":"https:\/\/business.roovi.com\/puzzle-adulti-1000-piese-vintage-posters-le-chat-noir\/p\/"},"modified":"2022-07-06T17:44:15","modified_gmt":"2022-07-06T17:44:15","slug":"felnott-1000-darabos-vintage-plakatok-puzzle-le-chat-noir","status":"publish","type":"product","link":"https:\/\/business.roovi.com\/hu\/felnott-1000-darabos-vintage-plakatok-puzzle-le-chat-noir\/p\/","title":{"rendered":"Feln\u0151tt 1000 darabos vintage plak\u00e1tok puzzle &#8211; Le Chat Noir"},"content":{"rendered":"<p><span style=\"font-weight: 400\">Szenved\u00e9lyesen szereted a kirak\u00f3s j\u00e1t\u00e9kokat \u00e9s a vintage m\u0171v\u00e9szetet? Egyed\u00fcl\u00e1ll\u00f3 1000 darabos kirak\u00f3s j\u00e1t\u00e9kgy\u0171jtem\u00e9nyt k\u00edn\u00e1lunk \u00d6nnek h\u00edres illusztr\u00e1ci\u00f3kkal, amelyek be\u00edrt\u00e1k a m\u0171v\u00e9szett\u00f6rt\u00e9nelmet. Fedezze fel a teljes k\u00edn\u00e1latot, \u00e9s hozza l\u00e9tre saj\u00e1t, egyedi 1000 darabos m\u0171v\u00e9szi kirak\u00f3s gy\u0171jtem\u00e9ny\u00e9t.<\/span><\/p>\n<p><span style=\"font-weight: 400\">A 19. sz\u00e1zad v\u00e9g\u00e9n a <\/span><span style=\"font-weight: 400\">Montmartre<\/span><span style=\"font-weight: 400\"> Le Chat Noir &#8211; az els\u0151 modern kabar\u00e9 a t\u00f6rt\u00e9nelemben, egy olyan hely, amely nemcsak arr\u00f3l h\u00edres, hogy illeg\u00e1lisan zongor\u00e1zott, hanem arr\u00f3l is, hogy a korabeli m\u0171v\u00e9szek tal\u00e1lkoz\u00f3helye volt.<\/span><\/p>\n<p><span style=\"font-weight: 400\">Az 1000 darabos Le Chat Noir \/ The Black Cat puzzle a vintage kirak\u00f3s gy\u0171jtem\u00e9nyb\u0151l a francia grafikusm\u0171v\u00e9sz azonos c\u00edm\u0171 illusztr\u00e1ci\u00f3ja alapj\u00e1n k\u00e9sz\u00fclt <\/span><span style=\"font-weight: 400\">Th\u00e9ophile Steinlen. A hely az azonos nev\u0171 magazinnak k\u00f6sz\u00f6nhet\u0151en v\u00e1lt ilyen h\u00edress\u00e9, amely er\u0151sen rekl\u00e1mozta <\/span><\/p>\n<p><span style=\"font-weight: 400\">A Le Chat Noir a 19. sz\u00e1zad v\u00e9g\u00e9nek \u00e9rt\u00e9keit szimboliz\u00e1lta, \u00e9s a vil\u00e1g minden t\u00e1j\u00e1r\u00f3l \u00e9rkez\u0151 h\u00edres embereket \u00e9s utaz\u00f3kat hozott \u00f6ssze. Ha nagyra \u00e9rt\u00e9keli a m\u00falt \u00e9rt\u00e9keit, \u00e9s szeretne egy egyedi p\u00e9ld\u00e1nyt birtokolni Steinlen illusztr\u00e1ci\u00f3j\u00e1val, a Le Chat Noir 1000 darabos puzzle t\u00f6k\u00e9letes alkalom.<\/span><\/p>\n<p><span style=\"font-weight: 400\">Fedezze fel a francia m\u0171v\u00e9sz munk\u00e1ss\u00e1g\u00e1nak leny\u0171g\u00f6z\u0151 r\u00e9szleteit egy kifog\u00e1stalan min\u0151s\u00e9g\u0171 kirak\u00f3s j\u00e1t\u00e9kban. Adjon mag\u00e1nak egy percet a pihen\u00e9sre, \u00e9s hagyja mag\u00e1t elragadtatni a 19. sz\u00e1zad m\u0171v\u00e9szi b\u00e1j\u00e1val.<\/span><\/p>\n<p><span style=\"font-weight: 400\">Jellemz\u0151k 1000 darab Vintage puzzle &#8211; Le Chat Noir:<\/span><\/p>\n<p><strong>A rekonstru\u00e1lt k\u00e9p m\u00e9rete: 50 x 70 cm.<\/strong><\/p>\n<p><strong>Puzzle anyag <\/strong><\/p>\n<p><strong>kiv\u00e1l\u00f3 min\u0151s\u00e9g\u0171 k\u00e9k karton<\/strong><\/p>\n<p><strong>fenntarthat\u00f3, \u00fajrahasznos\u00edthat\u00f3 anyagok<\/strong><\/p>\n<p><strong>f\u00e9lf\u00e9nyes kivitel, \u00e9l\u00e9nk sz\u00ednek<\/strong><\/p>\n<p><strong>A kirak\u00f3s darabok sz\u00e1ma: 1000<\/strong><\/p>\n<p><strong>Aj\u00e1nlott \u00e9letkor: 14+<\/strong><\/p>\n<p><strong>Mi\u00e9rt v\u00e1lasszon vintage m\u0171v\u00e9szeti puzzle-t?<\/strong><\/p>\n<p><span style=\"font-weight: 400\">Lehet\u0151s\u00e9ge van arra, hogy saj\u00e1t maga hozzon l\u00e9tre egy egyedi festm\u00e9nyt, ami a 19. sz\u00e1zad v\u00e9gi vintage st\u00edlus egyik jellemz\u0151je.<\/span><\/p>\n<p><span style=\"font-weight: 400\">Ha a festm\u00e9ny elk\u00e9sz\u00fclt, nyugodtan megcsod\u00e1lhatja a h\u00edres Le Chat Noir illusztr\u00e1ci\u00f3 minden r\u00e9szlet\u00e9t.<\/span><\/p>\n<p><span style=\"font-weight: 400\">Ez a pihen\u00e9s \u00e9s a mindennapi rutint\u00f3l val\u00f3 elszakad\u00e1s pillanata.<\/span><\/p>\n<p><span style=\"font-weight: 400\">Hagyja, hogy k\u00e9pzelete megteremtse azt a ment\u00e1lis forgat\u00f3k\u00f6nyvet, amelyben \u00d6n is a h\u00edres kabar\u00e9 egyik vend\u00e9ge lehet.<\/span><\/p>\n<p><span style=\"font-weight: 400\">J\u00f3 alkalom arra, hogy fejlessze eszt\u00e9tikai \u00e9rz\u00e9k\u00e9t, \u00e9s meg\u00e9rtse a let\u0171nt id\u0151k m\u0171v\u00e9szi szimb\u00f3lumait.<\/span><\/p>\n<p><strong>Tudtad, hogy&#8230;? <\/strong><\/p>\n<p><span style=\"font-weight: 400\">A Le Chat Noir-t Rodolphe Salis alap\u00edtotta egy halad\u00f3 szellem\u0171 \u00edr\u00f3kb\u00f3l \u00e1ll\u00f3 csoporttal, a 19. sz\u00e1zadi populista \u00e9s cenz\u00far\u00e1zott k\u00e1v\u00e9h\u00e1zi koncertekre adott reakci\u00f3k\u00e9nt.<\/span><\/p>\n<p><span style=\"font-weight: 400\">A kabar\u00e9 bel\u00e9p\u0151jegye dr\u00e1g\u00e1bb volt, mint a kor m\u00e1s sz\u00f3rakoz\u00f3helyein, de intellektu\u00e1lis \u00e9s provokat\u00edv hangv\u00e9tel\u0171 el\u0151ad\u00e1sokat k\u00edn\u00e1lt.<\/span><\/p>\n<p><span style=\"font-weight: 400\">A hely nev\u00e9t egy fekete macsk\u00e1r\u00f3l kapta, amelyet Salis a k\u00f6zelben tal\u00e1lt munka k\u00f6zben.<\/span><\/p>\n<p><span style=\"font-weight: 400\">Steinlen plak\u00e1tja a kabar\u00e9ban megrendezett el\u0151ad\u00e1sok rekl\u00e1mjak\u00e9nt k\u00e9sz\u00fclt, \u00e9s hamarosan a 19. sz\u00e1zad v\u00e9gi nyomtat\u00e1s \u00e9s sz\u00f3rakoztat\u00e1s jelk\u00e9p\u00e9v\u00e9 v\u00e1lt.<\/span><\/p>\n<p><strong>Vintage 1000 darabos puzzle &#8211; Fekete macska &#8211; egy kis kikapcsol\u00f3d\u00e1s a szeretteinkkel<\/strong><\/p>\n<p><span style=\"font-weight: 400\">Ha szeretn\u00e9d el\u0171zni a monotonit\u00e1st a csal\u00e1dodb\u00f3l, fontold meg ennek az egyedi feln\u0151tt puzzle-nek az \u00f6ssze\u00e1ll\u00edt\u00e1s\u00e1t. Remek alkalom lehet arra, hogy a csal\u00e1dban \u00e9l\u0151 tin\u00e9dzserekkel a 19. sz\u00e1zadi m\u0171v\u00e9szetr\u0151l \u00e9s kult\u00far\u00e1r\u00f3l besz\u00e9lgessenek <\/span><\/p>\n<p><span style=\"font-weight: 400\">Mi lehetne leny\u0171g\u00f6z\u0151bb a mai, digit\u00e1lisan \u00f6sszekapcsolt fiatalabb gener\u00e1ci\u00f3 sz\u00e1m\u00e1ra, mint egy olyan el\u0151ad\u00e1s, amely arr\u00f3l sz\u00f3l, hogyan \u00e9rz\u00e9kelt\u00e9k \u00e9s \u00e9lt\u00e9k meg a sz\u00f3rakoz\u00e1st k\u00e9t \u00e9vsz\u00e1zaddal ezel\u0151tt?<\/span><\/p>\n<p><span style=\"font-weight: 400\">A Le Chat Noir 1000 darabos kirak\u00f3ja seg\u00edt elszak\u00edtani a gyerekeket a k\u00e9perny\u0151kt\u0151l, \u00e9s egy\u00fctt elindulni egy k\u00e9pzeletbeli id\u0151utaz\u00e1sra egy olyan vil\u00e1gba, ahol az emberek \u00e9rt\u00e9kelt\u00e9k a min\u0151s\u00e9gi m\u0171sorokat, k\u00f6nyveket \u00e9s m\u0171v\u00e9szetet.<\/span><\/p>\n<p><span style=\"font-weight: 400\">V\u00e1lassza a Vintage 1000 darabos puzzle-t &#8211; Fekete macska, hogy egyedi pillanatokat \u00e9ljen \u00e1t szeretteivel, vagy hogy eml\u00e9kezetes m\u0171alkot\u00e1st hozzon l\u00e9tre. Ha vannak olyan bar\u00e1tai, akik szenved\u00e9lyesen rajonganak a m\u0171v\u00e9szeti festm\u00e9nyek\u00e9rt, akkor ez a kiv\u00e9teles tervez\u00e9s\u0171 feln\u0151tt puzzle olyan aj\u00e1nd\u00e9k lehet, amelyet \u00e9rdemes megfontolni.<\/span><\/p><\/p>\n","protected":false},"excerpt":{"rendered":"<p>Szenved\u00e9lyesen szereted a kirak\u00f3s j\u00e1t\u00e9kokat \u00e9s a vintage m\u0171v\u00e9szetet? Egyed\u00fcl\u00e1ll\u00f3 1000 darabos kirak\u00f3s j\u00e1t\u00e9kgy\u0171jtem\u00e9nyt k\u00edn\u00e1lunk \u00d6nnek h\u00edres illusztr\u00e1ci\u00f3kkal, amelyek be\u00edrt\u00e1k<\/p>\n","protected":false},"featured_media":34587,"template":"","meta":[],"product_brand":[],"product_cat":[1920,1919,1881],"product_tag":[],"class_list":{"0":"post-41655","1":"product","2":"type-product","3":"status-publish","4":"has-post-thumbnail","6":"product_cat-1000-darabos-kirakos-jatek","7":"product_cat-felnott-kirakos-jatekok","8":"product_cat-kirakos-jatekok","9":"pa_bax-10-hu","10":"pa_brand-d_toys-hu","11":"pa_country_of_manufacture-ro-hu","12":"pa_filter_age-14-hu","13":"pa_painter-vintage-posters-hu","14":"pa_tip_ambalaj-doboz","15":"pa_tip_puzzle-klasszikus","17":"first","18":"instock","19":"taxable","20":"shipping-taxable","21":"product-type-simple"},"yoast_head":"<!-- This site is optimized with the Yoast SEO plugin v20.1 - https:\/\/yoast.com\/wordpress\/plugins\/seo\/ -->\n<title>Feln\u0151tt 1000 darabos vintage plak\u00e1tok puzzle - Le Chat Noir<\/title>\n<meta name=\"description\" content=\"Feln\u0151tt 1000 darabos vintage plak\u00e1tok puzzle - Le Chat Noir\" \/>\n<meta name=\"robots\" content=\"index, follow, max-snippet:-1, max-image-preview:large, max-video-preview:-1\" \/>\n<link rel=\"canonical\" href=\"https:\/\/business.roovi.com\/hu\/felnott-1000-darabos-vintage-plakatok-puzzle-le-chat-noir\/p\/\" \/>\n<meta property=\"og:locale\" content=\"hu_HU\" \/>\n<meta property=\"og:type\" content=\"article\" \/>\n<meta property=\"og:title\" content=\"Feln\u0151tt 1000 darabos vintage plak\u00e1tok puzzle - Le Chat Noir\" \/>\n<meta property=\"og:description\" content=\"Feln\u0151tt 1000 darabos vintage plak\u00e1tok puzzle - Le Chat Noir\" \/>\n<meta property=\"og:url\" content=\"https:\/\/business.roovi.com\/hu\/felnott-1000-darabos-vintage-plakatok-puzzle-le-chat-noir\/p\/\" \/>\n<meta property=\"og:site_name\" content=\"Roovi B2B\" \/>\n<meta property=\"article:publisher\" content=\"https:\/\/www.facebook.com\/wwwjucariero\" \/>\n<meta property=\"article:modified_time\" content=\"2022-07-06T17:44:15+00:00\" \/>\n<meta property=\"og:image\" content=\"https:\/\/business.roovi.com\/wp-content\/uploads\/2018\/04\/67555-9_ansamblu_dimensiuni_cutie_cm_vertical_1200x1200.png\" \/>\n\t<meta property=\"og:image:width\" content=\"1200\" \/>\n\t<meta property=\"og:image:height\" content=\"1200\" \/>\n\t<meta property=\"og:image:type\" content=\"image\/png\" \/>\n<meta name=\"twitter:label1\" content=\"Becs\u00fclt olvas\u00e1si id\u0151\" \/>\n\t<meta name=\"twitter:data1\" content=\"4 perc\" \/>\n<script type=\"application\/ld+json\" class=\"yoast-schema-graph\">{\"@context\":\"https:\/\/schema.org\",\"@graph\":[{\"@type\":\"WebPage\",\"@id\":\"https:\/\/business.roovi.com\/hu\/felnott-1000-darabos-vintage-plakatok-puzzle-le-chat-noir\/p\/\",\"url\":\"https:\/\/business.roovi.com\/hu\/felnott-1000-darabos-vintage-plakatok-puzzle-le-chat-noir\/p\/\",\"name\":\"Feln\u0151tt 1000 darabos vintage plak\u00e1tok puzzle - Le Chat Noir\",\"isPartOf\":{\"@id\":\"https:\/\/business.roovi.com\/hu\/#website\"},\"datePublished\":\"2018-04-16T10:56:17+00:00\",\"dateModified\":\"2022-07-06T17:44:15+00:00\",\"description\":\"Feln\u0151tt 1000 darabos vintage plak\u00e1tok puzzle - Le Chat Noir\",\"breadcrumb\":{\"@id\":\"https:\/\/business.roovi.com\/hu\/felnott-1000-darabos-vintage-plakatok-puzzle-le-chat-noir\/p\/#breadcrumb\"},\"inLanguage\":\"hu\",\"potentialAction\":[{\"@type\":\"ReadAction\",\"target\":[\"https:\/\/business.roovi.com\/hu\/felnott-1000-darabos-vintage-plakatok-puzzle-le-chat-noir\/p\/\"]}]},{\"@type\":\"BreadcrumbList\",\"@id\":\"https:\/\/business.roovi.com\/hu\/felnott-1000-darabos-vintage-plakatok-puzzle-le-chat-noir\/p\/#breadcrumb\",\"itemListElement\":[{\"@type\":\"ListItem\",\"position\":1,\"name\":\"Home\",\"item\":\"https:\/\/business.roovi.com\/hu\/\"},{\"@type\":\"ListItem\",\"position\":2,\"name\":\"Shop\",\"item\":\"https:\/\/business.roovi.com\/hu\/shop\/\"},{\"@type\":\"ListItem\",\"position\":3,\"name\":\"Feln\u0151tt 1000 darabos vintage plak\u00e1tok puzzle &#8211; Le Chat Noir\"}]},{\"@type\":\"WebSite\",\"@id\":\"https:\/\/business.roovi.com\/hu\/#website\",\"url\":\"https:\/\/business.roovi.com\/hu\/\",\"name\":\"Roovi B2B\",\"description\":\"Roovi Business Website\",\"potentialAction\":[{\"@type\":\"SearchAction\",\"target\":{\"@type\":\"EntryPoint\",\"urlTemplate\":\"https:\/\/business.roovi.com\/hu\/?s={search_term_string}\"},\"query-input\":\"required name=search_term_string\"}],\"inLanguage\":\"hu\"}]}<\/script>\n<!-- \/ Yoast SEO plugin. -->","yoast_head_json":{"title":"Feln\u0151tt 1000 darabos vintage plak\u00e1tok puzzle - Le Chat Noir","description":"Feln\u0151tt 1000 darabos vintage plak\u00e1tok puzzle - Le Chat Noir","robots":{"index":"index","follow":"follow","max-snippet":"max-snippet:-1","max-image-preview":"max-image-preview:large","max-video-preview":"max-video-preview:-1"},"canonical":"https:\/\/business.roovi.com\/hu\/felnott-1000-darabos-vintage-plakatok-puzzle-le-chat-noir\/p\/","og_locale":"hu_HU","og_type":"article","og_title":"Feln\u0151tt 1000 darabos vintage plak\u00e1tok puzzle - Le Chat Noir","og_description":"Feln\u0151tt 1000 darabos vintage plak\u00e1tok puzzle - Le Chat Noir","og_url":"https:\/\/business.roovi.com\/hu\/felnott-1000-darabos-vintage-plakatok-puzzle-le-chat-noir\/p\/","og_site_name":"Roovi B2B","article_publisher":"https:\/\/www.facebook.com\/wwwjucariero","article_modified_time":"2022-07-06T17:44:15+00:00","og_image":[{"width":1200,"height":1200,"url":"https:\/\/business.roovi.com\/wp-content\/uploads\/2018\/04\/67555-9_ansamblu_dimensiuni_cutie_cm_vertical_1200x1200.png","type":"image\/png"}],"twitter_misc":{"Becs\u00fclt olvas\u00e1si id\u0151":"4 perc"},"schema":{"@context":"https:\/\/schema.org","@graph":[{"@type":"WebPage","@id":"https:\/\/business.roovi.com\/hu\/felnott-1000-darabos-vintage-plakatok-puzzle-le-chat-noir\/p\/","url":"https:\/\/business.roovi.com\/hu\/felnott-1000-darabos-vintage-plakatok-puzzle-le-chat-noir\/p\/","name":"Feln\u0151tt 1000 darabos vintage plak\u00e1tok puzzle - Le Chat Noir","isPartOf":{"@id":"https:\/\/business.roovi.com\/hu\/#website"},"datePublished":"2018-04-16T10:56:17+00:00","dateModified":"2022-07-06T17:44:15+00:00","description":"Feln\u0151tt 1000 darabos vintage plak\u00e1tok puzzle - Le Chat Noir","breadcrumb":{"@id":"https:\/\/business.roovi.com\/hu\/felnott-1000-darabos-vintage-plakatok-puzzle-le-chat-noir\/p\/#breadcrumb"},"inLanguage":"hu","potentialAction":[{"@type":"ReadAction","target":["https:\/\/business.roovi.com\/hu\/felnott-1000-darabos-vintage-plakatok-puzzle-le-chat-noir\/p\/"]}]},{"@type":"BreadcrumbList","@id":"https:\/\/business.roovi.com\/hu\/felnott-1000-darabos-vintage-plakatok-puzzle-le-chat-noir\/p\/#breadcrumb","itemListElement":[{"@type":"ListItem","position":1,"name":"Home","item":"https:\/\/business.roovi.com\/hu\/"},{"@type":"ListItem","position":2,"name":"Shop","item":"https:\/\/business.roovi.com\/hu\/shop\/"},{"@type":"ListItem","position":3,"name":"Feln\u0151tt 1000 darabos vintage plak\u00e1tok puzzle &#8211; Le Chat Noir"}]},{"@type":"WebSite","@id":"https:\/\/business.roovi.com\/hu\/#website","url":"https:\/\/business.roovi.com\/hu\/","name":"Roovi B2B","description":"Roovi Business Website","potentialAction":[{"@type":"SearchAction","target":{"@type":"EntryPoint","urlTemplate":"https:\/\/business.roovi.com\/hu\/?s={search_term_string}"},"query-input":"required name=search_term_string"}],"inLanguage":"hu"}]}},"_links":{"self":[{"href":"https:\/\/business.roovi.com\/hu\/wp-json\/wp\/v2\/product\/41655","targetHints":{"allow":["GET"]}}],"collection":[{"href":"https:\/\/business.roovi.com\/hu\/wp-json\/wp\/v2\/product"}],"about":[{"href":"https:\/\/business.roovi.com\/hu\/wp-json\/wp\/v2\/types\/product"}],"version-history":[{"count":0,"href":"https:\/\/business.roovi.com\/hu\/wp-json\/wp\/v2\/product\/41655\/revisions"}],"wp:featuredmedia":[{"embeddable":true,"href":"https:\/\/business.roovi.com\/hu\/wp-json\/wp\/v2\/media\/34587"}],"wp:attachment":[{"href":"https:\/\/business.roovi.com\/hu\/wp-json\/wp\/v2\/media?parent=41655"}],"wp:term":[{"taxonomy":"product_brand","embeddable":true,"href":"https:\/\/business.roovi.com\/hu\/wp-json\/wp\/v2\/product_brand?post=41655"},{"taxonomy":"product_cat","embeddable":true,"href":"https:\/\/business.roovi.com\/hu\/wp-json\/wp\/v2\/product_cat?post=41655"},{"taxonomy":"product_tag","embeddable":true,"href":"https:\/\/business.roovi.com\/hu\/wp-json\/wp\/v2\/product_tag?post=41655"}],"curies":[{"name":"wp","href":"https:\/\/api.w.org\/{rel}","templated":true}]}}