{"id":41659,"date":"2018-04-16T10:56:17","date_gmt":"2018-04-16T10:56:17","guid":{"rendered":"https:\/\/business.roovi.com\/puzzle-adulti-1000-piese-vintage-posters-marlene-dietrich-the-devil-is-a-woman\/p\/"},"modified":"2022-07-06T17:44:24","modified_gmt":"2022-07-06T17:44:24","slug":"felnott-1000-darabos-vintage-plakat-puzzle-marlene-dietrich-az-ordog-egy-no","status":"publish","type":"product","link":"https:\/\/business.roovi.com\/hu\/felnott-1000-darabos-vintage-plakat-puzzle-marlene-dietrich-az-ordog-egy-no\/p\/","title":{"rendered":"Feln\u0151tt 1000 darabos vintage plak\u00e1t puzzle &#8211; Marlene Dietrich, Az \u00f6rd\u00f6g egy n\u0151"},"content":{"rendered":"<p><span style=\"font-weight: 400\">Tudtad, hogy a vintage az \u00faj men\u0151? Mit sz\u00f3ln\u00e1l egy eg\u00e9sz sorozat 1000 darabos vintage kirak\u00f3s j\u00e1t\u00e9khoz? \u00c1ll\u00edtsa \u00f6ssze a feln\u0151tteknek sz\u00f3l\u00f3 kirak\u00f3s j\u00e1t\u00e9kokat a 19. \u00e9s 20. sz\u00e1zad nevezetes jeleneteit \u00e1br\u00e1zol\u00f3 leny\u0171g\u00f6z\u0151 k\u00e9pekkel, \u00e9s hozza l\u00e9tre saj\u00e1t, egyedi gy\u0171jtem\u00e9ny\u00e9t eredeti, vintage st\u00edlus\u00fa festm\u00e9nyekb\u0151l.<\/span><\/p>\n<p><em><span style=\"font-weight: 400\">Az \u00f6rd\u00f6g egy n\u0151<\/span><\/em><span style=\"font-weight: 400\"> az egyik h\u00edres film a k\u00fcl\u00f6nc Marlene Dietrich f\u0151szerepl\u00e9s\u00e9vel. Vintage Marlene Dietrich 1000 darabos puzzle, Az \u00f6rd\u00f6g egy n\u0151 az 1935-ben mozikba ker\u00fclt film egyik prom\u00f3ci\u00f3s plak\u00e1tj\u00e1nak reprodukci\u00f3ja.<\/span><\/p>\n<p><span style=\"font-weight: 400\">A film nem \u00f6rvendett nagy n\u00e9pszer\u0171s\u00e9gnek, amikor megjelent, \u00e9s v\u00e1ratlanul alacsony elad\u00e1sokat produk\u00e1lt. M\u00e9gis, a film az amerikai filmm\u0171v\u00e9szet ikonikus alkot\u00e1sa, \u00e9s Dietrich maga is azt mondta, hogy ez volt a kedvenc k\u00f6z\u00f6s munk\u00e1ja Sternberg rendez\u0151vel <\/span><\/p>\n<p><span style=\"font-weight: 400\">Egy t\u00f6rt\u00e9net, amely egy id\u0151s f\u00e9rfi \u00e9let\u00e9t vizsg\u00e1lja, aki vakon szerelmes egy femme fatale-ba, aki k\u00f6z\u00f6mb\u00f6s az \u00e9rz\u00e9sei ir\u00e1nt. Dietrich egy \u00f6rd\u00f6gi spanyolt alak\u00edt, aki Don Pasqual szenved\u00e9s\u00e9n \u00e9lvezi a sz\u00e1nalmas figur\u00e1t, aki a viszonzatlan szenved\u00e9ly rabj\u00e1v\u00e1 v\u00e1lik.<\/span><\/p>\n<p><span style=\"font-weight: 400\">Ha l\u00e1ttad a filmet, vagy ha szereted a klasszikus filmeket, ez az 1000 darabos kirak\u00f3j\u00e1t\u00e9k beavat a h\u00edres film t\u00f6rt\u00e9net\u00e9be. Az \u00f6sszeszerel\u00e9shez haszn\u00e1lhat egy hagyom\u00e1nyos doh\u00e1nyz\u00f3asztalt. F\u0151zz\u00f6n mag\u00e1nak egy cs\u00e9sze te\u00e1t vagy egy cs\u00e9sze j\u00f3 k\u00e1v\u00e9t, \u00e9s induljon el egy leny\u0171g\u00f6z\u0151 kalandra Marlene Dietrich t\u00e1rsas\u00e1g\u00e1ban.<\/span><\/p>\n<p><span style=\"font-weight: 400\">Marlene Dietrich, Az \u00f6rd\u00f6g egy n\u0151 1000 darabos puzzle:<\/span><\/p>\n<p><strong>A rekonstru\u00e1lt k\u00e9p m\u00e9rete: 50 x 70 cm.<\/strong><\/p>\n<p><strong>Puzzle anyag <\/strong><\/p>\n<p><strong>kiv\u00e1l\u00f3 min\u0151s\u00e9g\u0171 k\u00e9k karton<\/strong><\/p>\n<p><strong>fenntarthat\u00f3, \u00fajrahasznos\u00edthat\u00f3 anyagok<\/strong><\/p>\n<p><strong>f\u00e9lf\u00e9nyes kivitel, \u00e9l\u00e9nk sz\u00ednek<\/strong><\/p>\n<p><strong>A kirak\u00f3s darabok sz\u00e1ma: 1000<\/strong><\/p>\n<p><strong>Aj\u00e1nlott \u00e9letkor: 14+<\/strong><\/p>\n<p><span style=\"font-weight: 400\">A Marlene Dietrich 1000 darabos puzzle, A n\u0151 egy \u00f6rd\u00f6g seg\u00edt fejleszteni azokat a k\u00e9szs\u00e9geket, amelyeket mindennap haszn\u00e1lsz a mindennapi tev\u00e9kenys\u00e9geid sor\u00e1n:<\/span><\/p>\n<ul>\n<li><span style=\"font-weight: 400\">Figyelem a r\u00e9szletekre<\/span><\/li>\n<li><span style=\"font-weight: 400\">Kitart\u00e1s<\/span><\/li>\n<li><span style=\"font-weight: 400\">Koordin\u00e1ci\u00f3s k\u00e9pess\u00e9gek <\/span><\/li>\n<li><span style=\"font-weight: 400\">Finommotoros k\u00e9szs\u00e9gek<\/span><\/li>\n<li><span style=\"font-weight: 400\">Logikus gondolkod\u00e1s<\/span><\/li>\n<li><span style=\"font-weight: 400\">Probl\u00e9mamegold\u00f3 k\u00e9pess\u00e9g.<\/span><\/li>\n<\/ul>\n<p><strong>Tudtad, hogy&#8230;?<\/strong><\/p>\n<p><span style=\"font-weight: 400\">Az 1935-\u00f6s bemutat\u00f3 ut\u00e1n a spanyol nagyk\u00f6vets\u00e9g k\u00e9rte az amerikai korm\u00e1nyt, hogy vonja vissza a filmet <\/span><em><span style=\"font-weight: 400\">Az \u00f6rd\u00f6g egy n\u0151<\/span><\/em><span style=\"font-weight: 400\"> a piacr\u00f3l, mert egyes jeleneteket a spanyol polg\u00e1r\u0151rs\u00e9g s\u00e9rt\u0151nek \u00edt\u00e9lt <\/span><\/p>\n<p><span style=\"font-weight: 400\">Marlene Dietrich <\/span><span style=\"font-weight: 400\">volt az els\u0151 n\u00e9met sz\u00edn\u00e9szn\u0151, aki sikeres karriert futott be Hollywoodban.<\/span><\/p>\n<p><span style=\"font-weight: 400\">Eml\u00e9kezetes filmszerepein t\u00fal Marlene lelkes t\u00e1mogat\u00f3ja volt a n\u00e1cizmus elleni k\u00fczdelemnek.<\/span><\/p>\n<p><span style=\"font-weight: 400\">A II. vil\u00e1gh\u00e1bor\u00fa alatti katon\u00e1kat t\u00e1mogat\u00f3 munk\u00e1j\u00e1\u00e9rt olyan orsz\u00e1gok, mint az Egyes\u00fclt \u00c1llamok, Franciaorsz\u00e1g \u00e9s Izrael sz\u00e1mos kit\u00fcntet\u00e9st adom\u00e1nyoztak neki.<\/span><\/p>\n<p><span style=\"font-weight: 400\">A Harmadik Birodalom idej\u00e9n a sz\u00edn\u00e9szn\u0151 azt mondta egy interj\u00faban, hogy <\/span><em><span style=\"font-weight: 400\">&#8222;Hitler egy idi\u00f3ta&#8221;<\/span><\/em><span style=\"font-weight: 400\">ami nem tetszett neki, \u00e9s haza\u00e1rul\u00f3nak nyilv\u00e1n\u00edtott\u00e1k.<\/span><\/p>\n<p><strong>Vintage 1000 darabos puzzle &#8211; egyed\u00fcl\u00e1ll\u00f3 lehet\u0151s\u00e9g a m\u0171v\u00e9szet vil\u00e1g\u00e1ba val\u00f3 bel\u00e9p\u00e9sre<\/strong><\/p>\n<p><span style=\"font-weight: 400\">Egy vintage m\u0171v\u00e9szeti kirak\u00f3s \u00fajragondol\u00e1sa kih\u00edv\u00e1s az elme sz\u00e1m\u00e1ra, de egyben lehet\u0151s\u00e9g a m\u0171v\u00e9szi sz\u00e9ps\u00e9g felfedez\u00e9s\u00e9re is. \u00cdme n\u00e9h\u00e1ny el\u0151nye az ilyen kirak\u00f3sok \u00f6ssze\u00e1ll\u00edt\u00e1s\u00e1nak:<\/span><\/p>\n<p><span style=\"font-weight: 400\">Ak\u00e1r 30 \u00f3r\u00e1nyi pihentet\u0151 sz\u00f3rakoz\u00e1st biztos\u00edtanak.<\/span><\/p>\n<p><span style=\"font-weight: 400\">Egy k\u00fcl\u00f6nleges m\u0171alkot\u00e1st hozol l\u00e9tre, amely dekorat\u00edv t\u00e1rgyk\u00e9nt szem\u00e9lyis\u00e9get k\u00f6lcs\u00f6n\u00f6z otthonod egy unalmas hely\u00e9nek.<\/span><\/p>\n<p><span style=\"font-weight: 400\">Fejleszti a k\u00e9pzel\u0151erej\u00e9t az\u00e1ltal, hogy belemer\u00fcl a k\u00e9p t\u00f6rt\u00e9net\u00e9be, \u00e9s saj\u00e1t forgat\u00f3k\u00f6nyveket dolgoz ki, amelyek seg\u00edtenek kil\u00e9pni a rutinb\u00f3l.<\/span><\/p>\n<p><span style=\"font-weight: 400\">Ez egy j\u00f3 lehet\u0151s\u00e9g a kikapcsol\u00f3d\u00e1sra \u00e9s a mindennapi probl\u00e9m\u00e1kt\u00f3l val\u00f3 elszakad\u00e1sra.<\/span><\/p>\n<p><span style=\"font-weight: 400\">\u00dagy \u00e9rzed magad, mint egy igazi detekt\u00edv, aki olyan r\u00e9szleteket keres, amelyek seg\u00edtenek megoldani a rejt\u00e9lyes \u00fcgyet a kirak\u00f3s j\u00e1t\u00e9kban.<\/span><\/p>\n<p><span style=\"font-weight: 400\">Marlene Dietrich 1000 darabos puzzle-ja, A n\u0151 egy \u00f6rd\u00f6g, egyed\u00fcl\u00e1ll\u00f3 lehet\u0151s\u00e9g arra, hogy \u00fajraalkossa \u00e9s birtokba vegye a szemet gy\u00f6ny\u00f6rk\u00f6dtet\u0151 eml\u00e9kezetes k\u00e9pet. Ha jobban \u00e9rt\u00e9keled a kirak\u00f3s j\u00e1t\u00e9k kreat\u00edv oldal\u00e1t, \u00e9s szeretsz \u00fajra \u00e9s \u00fajra \u00fajrak\u00e9sz\u00edteni egy k\u00e9pet, vedd meg ezt az 1000 darabos kirak\u00f3t, \u00e9s tartsd otthon.<\/span><\/p>\n<p><span style=\"font-weight: 400\">Tov\u00e1bb\u00e1, ha aj\u00e1nd\u00e9kkeres\u00e9s k\u00f6zben kev\u00e9s az inspir\u00e1ci\u00f3, a Marlene Dietrich, The Woman is a Devil 1000 darabos puzzle a Vintage Puzzle Collectionb\u0151l kih\u00fazza a bajb\u00f3l.<\/span><\/p><\/p>\n","protected":false},"excerpt":{"rendered":"<p>Tudtad, hogy a vintage az \u00faj men\u0151? Mit sz\u00f3ln\u00e1l egy eg\u00e9sz sorozat 1000 darabos vintage kirak\u00f3s j\u00e1t\u00e9khoz? \u00c1ll\u00edtsa \u00f6ssze a<\/p>\n","protected":false},"featured_media":34601,"template":"","meta":[],"product_brand":[],"product_cat":[1920,1919,1881],"product_tag":[],"class_list":{"0":"post-41659","1":"product","2":"type-product","3":"status-publish","4":"has-post-thumbnail","6":"product_cat-1000-darabos-kirakos-jatek","7":"product_cat-felnott-kirakos-jatekok","8":"product_cat-kirakos-jatekok","9":"pa_bax-10-hu","10":"pa_brand-d_toys-hu","11":"pa_country_of_manufacture-ro-hu","12":"pa_filter_age-14-hu","13":"pa_painter-vintage-posters-hu","14":"pa_tip_ambalaj-doboz","15":"pa_tip_puzzle-klasszikus","17":"first","18":"instock","19":"taxable","20":"shipping-taxable","21":"product-type-simple"},"yoast_head":"<!-- This site is optimized with the Yoast SEO plugin v20.1 - https:\/\/yoast.com\/wordpress\/plugins\/seo\/ -->\n<title>Feln\u0151tt 1000 darabos vintage plak\u00e1t puzzle - Marlene Dietrich, Az \u00f6rd\u00f6g egy n\u0151<\/title>\n<meta name=\"description\" content=\"Feln\u0151tt 1000 darabos vintage plak\u00e1t puzzle - Marlene Dietrich, Az \u00f6rd\u00f6g egy n\u0151\" \/>\n<meta name=\"robots\" content=\"index, follow, max-snippet:-1, max-image-preview:large, max-video-preview:-1\" \/>\n<link rel=\"canonical\" href=\"https:\/\/business.roovi.com\/hu\/felnott-1000-darabos-vintage-plakat-puzzle-marlene-dietrich-az-ordog-egy-no\/p\/\" \/>\n<meta property=\"og:locale\" content=\"hu_HU\" \/>\n<meta property=\"og:type\" content=\"article\" \/>\n<meta property=\"og:title\" content=\"Feln\u0151tt 1000 darabos vintage plak\u00e1t puzzle - Marlene Dietrich, Az \u00f6rd\u00f6g egy n\u0151\" \/>\n<meta property=\"og:description\" content=\"Feln\u0151tt 1000 darabos vintage plak\u00e1t puzzle - Marlene Dietrich, Az \u00f6rd\u00f6g egy n\u0151\" \/>\n<meta property=\"og:url\" content=\"https:\/\/business.roovi.com\/hu\/felnott-1000-darabos-vintage-plakat-puzzle-marlene-dietrich-az-ordog-egy-no\/p\/\" \/>\n<meta property=\"og:site_name\" content=\"Roovi B2B\" \/>\n<meta property=\"article:publisher\" content=\"https:\/\/www.facebook.com\/wwwjucariero\" \/>\n<meta property=\"article:modified_time\" content=\"2022-07-06T17:44:24+00:00\" \/>\n<meta property=\"og:image\" content=\"https:\/\/business.roovi.com\/wp-content\/uploads\/2018\/04\/67555-10_ansamblu_dimensiuni_cutie_cm_vertical_1200x1200.png\" \/>\n\t<meta property=\"og:image:width\" content=\"1200\" \/>\n\t<meta property=\"og:image:height\" content=\"1200\" \/>\n\t<meta property=\"og:image:type\" content=\"image\/png\" \/>\n<meta name=\"twitter:label1\" content=\"Becs\u00fclt olvas\u00e1si id\u0151\" \/>\n\t<meta name=\"twitter:data1\" content=\"4 perc\" \/>\n<script type=\"application\/ld+json\" class=\"yoast-schema-graph\">{\"@context\":\"https:\/\/schema.org\",\"@graph\":[{\"@type\":\"WebPage\",\"@id\":\"https:\/\/business.roovi.com\/hu\/felnott-1000-darabos-vintage-plakat-puzzle-marlene-dietrich-az-ordog-egy-no\/p\/\",\"url\":\"https:\/\/business.roovi.com\/hu\/felnott-1000-darabos-vintage-plakat-puzzle-marlene-dietrich-az-ordog-egy-no\/p\/\",\"name\":\"Feln\u0151tt 1000 darabos vintage plak\u00e1t puzzle - Marlene Dietrich, Az \u00f6rd\u00f6g egy n\u0151\",\"isPartOf\":{\"@id\":\"https:\/\/business.roovi.com\/hu\/#website\"},\"datePublished\":\"2018-04-16T10:56:17+00:00\",\"dateModified\":\"2022-07-06T17:44:24+00:00\",\"description\":\"Feln\u0151tt 1000 darabos vintage plak\u00e1t puzzle - Marlene Dietrich, Az \u00f6rd\u00f6g egy n\u0151\",\"breadcrumb\":{\"@id\":\"https:\/\/business.roovi.com\/hu\/felnott-1000-darabos-vintage-plakat-puzzle-marlene-dietrich-az-ordog-egy-no\/p\/#breadcrumb\"},\"inLanguage\":\"hu\",\"potentialAction\":[{\"@type\":\"ReadAction\",\"target\":[\"https:\/\/business.roovi.com\/hu\/felnott-1000-darabos-vintage-plakat-puzzle-marlene-dietrich-az-ordog-egy-no\/p\/\"]}]},{\"@type\":\"BreadcrumbList\",\"@id\":\"https:\/\/business.roovi.com\/hu\/felnott-1000-darabos-vintage-plakat-puzzle-marlene-dietrich-az-ordog-egy-no\/p\/#breadcrumb\",\"itemListElement\":[{\"@type\":\"ListItem\",\"position\":1,\"name\":\"Home\",\"item\":\"https:\/\/business.roovi.com\/hu\/\"},{\"@type\":\"ListItem\",\"position\":2,\"name\":\"Shop\",\"item\":\"https:\/\/business.roovi.com\/hu\/shop\/\"},{\"@type\":\"ListItem\",\"position\":3,\"name\":\"Feln\u0151tt 1000 darabos vintage plak\u00e1t puzzle &#8211; Marlene Dietrich, Az \u00f6rd\u00f6g egy n\u0151\"}]},{\"@type\":\"WebSite\",\"@id\":\"https:\/\/business.roovi.com\/hu\/#website\",\"url\":\"https:\/\/business.roovi.com\/hu\/\",\"name\":\"Roovi B2B\",\"description\":\"Roovi Business Website\",\"potentialAction\":[{\"@type\":\"SearchAction\",\"target\":{\"@type\":\"EntryPoint\",\"urlTemplate\":\"https:\/\/business.roovi.com\/hu\/?s={search_term_string}\"},\"query-input\":\"required name=search_term_string\"}],\"inLanguage\":\"hu\"}]}<\/script>\n<!-- \/ Yoast SEO plugin. -->","yoast_head_json":{"title":"Feln\u0151tt 1000 darabos vintage plak\u00e1t puzzle - Marlene Dietrich, Az \u00f6rd\u00f6g egy n\u0151","description":"Feln\u0151tt 1000 darabos vintage plak\u00e1t puzzle - Marlene Dietrich, Az \u00f6rd\u00f6g egy n\u0151","robots":{"index":"index","follow":"follow","max-snippet":"max-snippet:-1","max-image-preview":"max-image-preview:large","max-video-preview":"max-video-preview:-1"},"canonical":"https:\/\/business.roovi.com\/hu\/felnott-1000-darabos-vintage-plakat-puzzle-marlene-dietrich-az-ordog-egy-no\/p\/","og_locale":"hu_HU","og_type":"article","og_title":"Feln\u0151tt 1000 darabos vintage plak\u00e1t puzzle - Marlene Dietrich, Az \u00f6rd\u00f6g egy n\u0151","og_description":"Feln\u0151tt 1000 darabos vintage plak\u00e1t puzzle - Marlene Dietrich, Az \u00f6rd\u00f6g egy n\u0151","og_url":"https:\/\/business.roovi.com\/hu\/felnott-1000-darabos-vintage-plakat-puzzle-marlene-dietrich-az-ordog-egy-no\/p\/","og_site_name":"Roovi B2B","article_publisher":"https:\/\/www.facebook.com\/wwwjucariero","article_modified_time":"2022-07-06T17:44:24+00:00","og_image":[{"width":1200,"height":1200,"url":"https:\/\/business.roovi.com\/wp-content\/uploads\/2018\/04\/67555-10_ansamblu_dimensiuni_cutie_cm_vertical_1200x1200.png","type":"image\/png"}],"twitter_misc":{"Becs\u00fclt olvas\u00e1si id\u0151":"4 perc"},"schema":{"@context":"https:\/\/schema.org","@graph":[{"@type":"WebPage","@id":"https:\/\/business.roovi.com\/hu\/felnott-1000-darabos-vintage-plakat-puzzle-marlene-dietrich-az-ordog-egy-no\/p\/","url":"https:\/\/business.roovi.com\/hu\/felnott-1000-darabos-vintage-plakat-puzzle-marlene-dietrich-az-ordog-egy-no\/p\/","name":"Feln\u0151tt 1000 darabos vintage plak\u00e1t puzzle - Marlene Dietrich, Az \u00f6rd\u00f6g egy n\u0151","isPartOf":{"@id":"https:\/\/business.roovi.com\/hu\/#website"},"datePublished":"2018-04-16T10:56:17+00:00","dateModified":"2022-07-06T17:44:24+00:00","description":"Feln\u0151tt 1000 darabos vintage plak\u00e1t puzzle - Marlene Dietrich, Az \u00f6rd\u00f6g egy n\u0151","breadcrumb":{"@id":"https:\/\/business.roovi.com\/hu\/felnott-1000-darabos-vintage-plakat-puzzle-marlene-dietrich-az-ordog-egy-no\/p\/#breadcrumb"},"inLanguage":"hu","potentialAction":[{"@type":"ReadAction","target":["https:\/\/business.roovi.com\/hu\/felnott-1000-darabos-vintage-plakat-puzzle-marlene-dietrich-az-ordog-egy-no\/p\/"]}]},{"@type":"BreadcrumbList","@id":"https:\/\/business.roovi.com\/hu\/felnott-1000-darabos-vintage-plakat-puzzle-marlene-dietrich-az-ordog-egy-no\/p\/#breadcrumb","itemListElement":[{"@type":"ListItem","position":1,"name":"Home","item":"https:\/\/business.roovi.com\/hu\/"},{"@type":"ListItem","position":2,"name":"Shop","item":"https:\/\/business.roovi.com\/hu\/shop\/"},{"@type":"ListItem","position":3,"name":"Feln\u0151tt 1000 darabos vintage plak\u00e1t puzzle &#8211; Marlene Dietrich, Az \u00f6rd\u00f6g egy n\u0151"}]},{"@type":"WebSite","@id":"https:\/\/business.roovi.com\/hu\/#website","url":"https:\/\/business.roovi.com\/hu\/","name":"Roovi B2B","description":"Roovi Business Website","potentialAction":[{"@type":"SearchAction","target":{"@type":"EntryPoint","urlTemplate":"https:\/\/business.roovi.com\/hu\/?s={search_term_string}"},"query-input":"required name=search_term_string"}],"inLanguage":"hu"}]}},"_links":{"self":[{"href":"https:\/\/business.roovi.com\/hu\/wp-json\/wp\/v2\/product\/41659","targetHints":{"allow":["GET"]}}],"collection":[{"href":"https:\/\/business.roovi.com\/hu\/wp-json\/wp\/v2\/product"}],"about":[{"href":"https:\/\/business.roovi.com\/hu\/wp-json\/wp\/v2\/types\/product"}],"version-history":[{"count":0,"href":"https:\/\/business.roovi.com\/hu\/wp-json\/wp\/v2\/product\/41659\/revisions"}],"wp:featuredmedia":[{"embeddable":true,"href":"https:\/\/business.roovi.com\/hu\/wp-json\/wp\/v2\/media\/34601"}],"wp:attachment":[{"href":"https:\/\/business.roovi.com\/hu\/wp-json\/wp\/v2\/media?parent=41659"}],"wp:term":[{"taxonomy":"product_brand","embeddable":true,"href":"https:\/\/business.roovi.com\/hu\/wp-json\/wp\/v2\/product_brand?post=41659"},{"taxonomy":"product_cat","embeddable":true,"href":"https:\/\/business.roovi.com\/hu\/wp-json\/wp\/v2\/product_cat?post=41659"},{"taxonomy":"product_tag","embeddable":true,"href":"https:\/\/business.roovi.com\/hu\/wp-json\/wp\/v2\/product_tag?post=41659"}],"curies":[{"name":"wp","href":"https:\/\/api.w.org\/{rel}","templated":true}]}}