{"id":41663,"date":"2018-04-16T10:56:17","date_gmt":"2018-04-16T10:56:17","guid":{"rendered":"https:\/\/business.roovi.com\/puzzle-adulti-1000-piese-hans-andersen-brendekilde-spring-a-young-couple-in-a-rowing-boat-on-odense\/p\/"},"modified":"2022-07-06T17:44:34","modified_gmt":"2022-07-06T17:44:34","slug":"hans-andersen-brendekilde-puzzle-tavasz-egy-fiatal-par-egy-evezos-csonakban-odense-szigeten-felnott-puzzle-1000-darab","status":"publish","type":"product","link":"https:\/\/business.roovi.com\/hu\/hans-andersen-brendekilde-puzzle-tavasz-egy-fiatal-par-egy-evezos-csonakban-odense-szigeten-felnott-puzzle-1000-darab\/p\/","title":{"rendered":"Hans Andersen Brendekilde Puzzle &#8211; Tavasz. Egy fiatal p\u00e1r egy evez\u0151s cs\u00f3nakban Odense sziget\u00e9n &#8211; Feln\u0151tt puzzle 1000 darab"},"content":{"rendered":"<p><span style=\"font-weight: 400\">Fedezd fel minden id\u0151k legtehets\u00e9gesebb fest\u0151it m\u0171v\u00e9szeti rejtv\u00e9nyek seg\u00edts\u00e9g\u00e9vel! Ismerd meg Leonardo da Vincit, Vincent van Goghot \u00e9s sok m\u00e1st h\u00edres festm\u00e9nyeik k\u00e9peinek \u00f6sszerak\u00e1s\u00e1val. Keretezd be az 1000 darabos puzzle festm\u00e9nyeit, \u00e9s hozd l\u00e9tre saj\u00e1t mes\u00e9s m\u0171v\u00e9szeti gy\u0171jtem\u00e9nyedet <\/span><\/p>\n<p><span style=\"font-weight: 400\">Hans Andersen Brendekilde D\u00e1nia egyik legh\u00edresebb fest\u0151je. Naturalista m\u0171veit t\u00f6k\u00e9letes fest\u00e9szeti technik\u00e1juk \u00e9s az \u00e1ltaluk k\u00f6zvet\u00edtett \u00e9rzelmek miatt \u00e9rt\u00e9kelik. Az 1000 darabos kirak\u00f3s j\u00e1t\u00e9kban Hans Andersen Brendekilde &#8211; Tavasz. A Fiatal p\u00e1r egy evez\u0151s cs\u00f3nakban Odense sziget\u00e9n egy b\u00e9k\u00e9s vid\u00e9ki vil\u00e1g k\u00e9p\u00e9t fedezheti fel, amely a nyugalom \u00e9s a pihen\u00e9s \u00e9rz\u00e9s\u00e9t k\u00f6zvet\u00edti <\/span><\/p>\n<p><span style=\"font-weight: 400\">Egy fiatal p\u00e1r \u00e9lvezi a naps\u00fct\u00e9ses tavaszi napot, cs\u00f3nak\u00e1znak egy csendes foly\u00f3n Odense k\u00f6zel\u00e9ben. \u00c9l\u00e9nk sz\u00ednekben pomp\u00e1z\u00f3 festm\u00e9ny, amelyet saj\u00e1t kez\u0171leg k\u00e9sz\u00edtesz. D\u0151lj h\u00e1tra, \u00e9s l\u00e9gy te a mester, aki egy 1000 darabos kirak\u00f3sb\u00f3l m\u0171alkot\u00e1st k\u00e9sz\u00edt <\/span><\/p>\n<p><span style=\"font-weight: 400\">Hans Andersen Brendekilde m\u0171v\u00e9szeti puzzle &#8211; Tavasz. A Fiatal p\u00e1r egy evez\u0151s cs\u00f3nakban Odense sziget\u00e9n kiv\u00e9teles min\u0151s\u00e9g\u0171 anyagokb\u00f3l k\u00e9sz\u00fcl, amelyek ellen\u00e1ll\u00f3v\u00e1 teszik a t\u00f6bbsz\u00f6r\u00f6s \u00f6sszeszerel\u00e9ssel szemben. \u00cdgy az eredm\u00e9ny\u00fcl kapott festm\u00e9ny minden alkalommal hib\u00e1tlan.<\/span><\/p>\n<p><span style=\"font-weight: 400\">A Hans Andersen m\u0171v\u00e9szeti puzzle Brendekilde &#8211; Tavasz jellemz\u0151i. Egy fiatal p\u00e1r egy evez\u0151s cs\u00f3nakban Odense v\u00e1ros\u00e1ban<\/span><\/p>\n<p><strong>A retus\u00e1lt k\u00e9p m\u00e9rete: 50 x 70 cm &#8211;<\/strong><span style=\"font-weight: 400\"> az \u00f6sszeszerel\u00e9shez egy k\u00f6z\u00f6ns\u00e9ges doh\u00e1nyz\u00f3asztalt is haszn\u00e1lhat.<\/span><\/p>\n<p><strong>Puzzle anyag <\/strong><\/p>\n<p><strong>kiv\u00e1l\u00f3 min\u0151s\u00e9g\u0171 k\u00e9k karton<\/strong><\/p>\n<p><strong>fenntarthat\u00f3, \u00fajrahasznos\u00edthat\u00f3 anyagok<\/strong><\/p>\n<p><strong>f\u00e9lf\u00e9nyes kivitel, \u00e9l\u00e9nk sz\u00ednek<\/strong><\/p>\n<p><strong>A kirak\u00f3s darabok sz\u00e1ma: 1000<\/strong><\/p>\n<p><strong>Aj\u00e1nlott \u00e9letkor: 14+<\/strong><\/p>\n<p><strong>Feln\u0151tt rejtv\u00e9nyek \u00e9s az \u00e1ltaluk fejlesztett k\u00e9szs\u00e9gek<\/strong><\/p>\n<p><strong>Kitart\u00e1s <\/strong><span style=\"font-weight: 400\">N\u00e9ha \u00fagy t\u0171nik, hogy lehetetlen megtal\u00e1lni minden egyes darab hely\u00e9t az 1000 kirak\u00f3s j\u00e1t\u00e9kban. De elsz\u00e1ntan v\u00e9gigviszed a munk\u00e1t a v\u00e9g\u00e9ig, \u00e9s siker\u00fcl befejezned a k\u00e9pet, ha t\u00e9nyleg ezt t\u0171zted ki c\u00e9lul. Ez a kitart\u00e1sgyakorlat sikeres tapasztalatokat fog eredm\u00e9nyezni az \u00e9leted m\u00e1s ter\u00fcletein is.<\/span><\/p>\n<p><strong>Mem\u00f3ria <\/strong><span style=\"font-weight: 400\">Az egyes kirak\u00f3sok megold\u00e1sa sor\u00e1n a mem\u00f3ri\u00e1dat edzheted az\u00e1ltal, hogy eml\u00e9kszel a form\u00e1kra, sz\u00ednekre \u00e9s a kirak\u00f3s darabok hely\u00e9re. Ez a gyakorlat seg\u00edt jav\u00edtani a r\u00f6vid t\u00e1v\u00fa mem\u00f3ri\u00e1t.<\/span><\/p>\n<p><strong>Csapatmunka \u00e9s szoci\u00e1lis k\u00e9szs\u00e9gek <\/strong><span style=\"font-weight: 400\">\u00c1ll\u00edtson \u00f6ssze 1000 darabos kirak\u00f3s j\u00e1t\u00e9kokat gyermekeivel. Ez egy j\u00f3 lehet\u0151s\u00e9g arra, hogy megtan\u00edtsd \u0151ket a csapatmunk\u00e1ra \u00e9s fejleszd a szoci\u00e1lis k\u00e9szs\u00e9geidet. Te is \u00e9lvezheted ezeket az el\u0151ny\u00f6ket, \u00e9s m\u00e9g jobban k\u00f6t\u0151dsz majd egym\u00e1shoz.<\/span><\/p>\n<p><strong>\u00c9rdekess\u00e9gek Hans Andersen Brendekilde fest\u0151r\u0151l<\/strong><\/p>\n<ul>\n<li><span style=\"font-weight: 400\">Hans Christian Andersen t\u00e1voli rokona volt.<\/span><\/li>\n<li><span style=\"font-weight: 400\">D\u00e1nia kev\u00e9s impresszionista fest\u0151j\u00e9nek egyike.<\/span><\/li>\n<li><span style=\"font-weight: 400\">Szeg\u00e9ny csal\u00e1db\u00f3l sz\u00e1rmazott, \u00e9s gyermekkor\u00e1ban p\u00e1sztork\u00e9nt kereste a kenyer\u00e9t.<\/span><\/li>\n<li><span style=\"font-weight: 400\">Gyermekkor\u00e1ban \u00e1llatokat faragott f\u00e1ba.<\/span><\/li>\n<li><span style=\"font-weight: 400\">Festm\u00e9nyein szeg\u00e9ny embereket \u00e1br\u00e1zolt, \u00e9s a kem\u00e9ny d\u00e1niai vid\u00e9ki \u00e9letet \u00e1br\u00e1zolta.<\/span><\/li>\n<li><span style=\"font-weight: 400\">Kereteket tervezett \u00e9s k\u00e9sz\u00edtett a festm\u00e9nyei k\u00f6r\u00e9, a keretek a festm\u00e9nyek \u00e9s azok t\u00f6rt\u00e9net\u00e9nek r\u00e9szei voltak <\/span><\/li>\n<\/ul>\n<p><strong>A puzzle j\u00e1t\u00e9kok fiatalon \u00e9s eg\u00e9szs\u00e9gesen tartanak<\/strong><\/p>\n<p><span style=\"font-weight: 400\">Tudta, hogy a j\u00e1t\u00e9k lass\u00edtja az \u00f6reged\u00e9si folyamatot? A feln\u0151tteknek sz\u00f3l\u00f3 rejtv\u00e9nyek egy m\u00e1sik t\u00edpus\u00fa j\u00e1t\u00e9k. A rejtv\u00e9nyek \u00f6sszerak\u00e1sa \u00e1ltal ny\u00fajtott el\u0151ny\u00f6k k\u00f6z\u00fcl az egyik az \u00f6reged\u00e9si folyamat lass\u00edt\u00e1sa. Konkr\u00e9tan a kirak\u00f3s j\u00e1t\u00e9kok seg\u00edtenek lass\u00edtani az agysejtek le\u00e9p\u00fcl\u00e9s\u00e9t. \u00cdgy eg\u00e9szs\u00e9gesen \u00e9s fiatalon tartj\u00e1k az agyadat, \u00e9s megadj\u00e1k a napi adag energi\u00e1t \u00e9s vitalit\u00e1st.<\/span><\/p>\n<p><span style=\"font-weight: 400\">V\u00e1s\u00e1rolja meg most a Hans Andersen Brendekilde &#8211; Tavasz 1000 darabos puzzle-t. Egy fiatal p\u00e1r egy evez\u0151s cs\u00f3nakban Odense sziget\u00e9n, \u00e9s k\u00e9sz\u00edtsd el \u00fajra a m\u0171alkot\u00e1st a csal\u00e1doddal vagy a bar\u00e1taiddal. T\u00f6ltse kreat\u00edvan szabadidej\u00e9t, \u00e9s \u00e9lvezze az 1000 darabos kirak\u00f3sb\u00f3l k\u00e9sz\u00fclt d\u00edszt\u00e1rgyat.<\/span><\/p>\n<p><span style=\"font-weight: 400\">Hans Andersen Brendekilde &#8211; Tavasz 1000 darabos puzzle. A Fiatal p\u00e1r egy evez\u0151s cs\u00f3nakban Odense sziget\u00e9n a m\u0171v\u00e9szeti puzzle gy\u0171jtem\u00e9nyb\u0151l t\u00f6k\u00e9letes aj\u00e1nd\u00e9k a puzzle vagy a m\u0171v\u00e9szeti alkot\u00e1sok szerelmeseinek.<\/span><\/p><\/p>\n","protected":false},"excerpt":{"rendered":"<p>Fedezd fel minden id\u0151k legtehets\u00e9gesebb fest\u0151it m\u0171v\u00e9szeti rejtv\u00e9nyek seg\u00edts\u00e9g\u00e9vel! Ismerd meg Leonardo da Vincit, Vincent van Goghot \u00e9s sok m\u00e1st<\/p>\n","protected":false},"featured_media":63449,"template":"","meta":[],"product_brand":[],"product_cat":[1920,1919,1881],"product_tag":[],"class_list":{"0":"post-41663","1":"product","2":"type-product","3":"status-publish","4":"has-post-thumbnail","6":"product_cat-1000-darabos-kirakos-jatek","7":"product_cat-felnott-kirakos-jatekok","8":"product_cat-kirakos-jatekok","9":"pa_bax-10-hu","10":"pa_brand-d_toys-hu","11":"pa_country_of_manufacture-ro-hu","12":"pa_filter_age-14-hu","13":"pa_painter-hans-andersen-brendekilde-hu","14":"pa_tip_ambalaj-doboz","15":"pa_tip_puzzle-klasszikus","17":"first","18":"instock","19":"taxable","20":"shipping-taxable","21":"product-type-simple"},"yoast_head":"<!-- This site is optimized with the Yoast SEO plugin v20.1 - https:\/\/yoast.com\/wordpress\/plugins\/seo\/ -->\n<title>Hans Andersen Brendekilde Puzzle - Tavasz. Egy fiatal p\u00e1r egy evez\u0151s cs\u00f3nakban Odense sziget\u00e9n - Feln\u0151tt puzzle 1000 darab<\/title>\n<meta name=\"description\" content=\"Hans Andersen Brendekilde Puzzle - Tavasz. Egy fiatal p\u00e1r egy evez\u0151s cs\u00f3nakban Odense sziget\u00e9n - Feln\u0151tt puzzle 1000 darab\" \/>\n<meta name=\"robots\" content=\"index, follow, max-snippet:-1, max-image-preview:large, max-video-preview:-1\" \/>\n<link rel=\"canonical\" href=\"https:\/\/business.roovi.com\/hu\/hans-andersen-brendekilde-puzzle-tavasz-egy-fiatal-par-egy-evezos-csonakban-odense-szigeten-felnott-puzzle-1000-darab\/p\/\" \/>\n<meta property=\"og:locale\" content=\"hu_HU\" \/>\n<meta property=\"og:type\" content=\"article\" \/>\n<meta property=\"og:title\" content=\"Hans Andersen Brendekilde Puzzle - Tavasz. Egy fiatal p\u00e1r egy evez\u0151s cs\u00f3nakban Odense sziget\u00e9n - Feln\u0151tt puzzle 1000 darab\" \/>\n<meta property=\"og:description\" content=\"Hans Andersen Brendekilde Puzzle - Tavasz. Egy fiatal p\u00e1r egy evez\u0151s cs\u00f3nakban Odense sziget\u00e9n - Feln\u0151tt puzzle 1000 darab\" \/>\n<meta property=\"og:url\" content=\"https:\/\/business.roovi.com\/hu\/hans-andersen-brendekilde-puzzle-tavasz-egy-fiatal-par-egy-evezos-csonakban-odense-szigeten-felnott-puzzle-1000-darab\/p\/\" \/>\n<meta property=\"og:site_name\" content=\"Roovi B2B\" \/>\n<meta property=\"article:publisher\" content=\"https:\/\/www.facebook.com\/wwwjucariero\" \/>\n<meta property=\"article:modified_time\" content=\"2022-07-06T17:44:34+00:00\" \/>\n<meta property=\"og:image\" content=\"https:\/\/business.roovi.com\/wp-content\/uploads\/2018\/04\/72795-01_ansamblu_dimensiuni_cutie_cm_orizontal_1200x1200.png\" \/>\n\t<meta property=\"og:image:width\" content=\"1200\" \/>\n\t<meta property=\"og:image:height\" content=\"1200\" \/>\n\t<meta property=\"og:image:type\" content=\"image\/png\" \/>\n<meta name=\"twitter:label1\" content=\"Becs\u00fclt olvas\u00e1si id\u0151\" \/>\n\t<meta name=\"twitter:data1\" content=\"4 perc\" \/>\n<script type=\"application\/ld+json\" class=\"yoast-schema-graph\">{\"@context\":\"https:\/\/schema.org\",\"@graph\":[{\"@type\":\"WebPage\",\"@id\":\"https:\/\/business.roovi.com\/hu\/hans-andersen-brendekilde-puzzle-tavasz-egy-fiatal-par-egy-evezos-csonakban-odense-szigeten-felnott-puzzle-1000-darab\/p\/\",\"url\":\"https:\/\/business.roovi.com\/hu\/hans-andersen-brendekilde-puzzle-tavasz-egy-fiatal-par-egy-evezos-csonakban-odense-szigeten-felnott-puzzle-1000-darab\/p\/\",\"name\":\"Hans Andersen Brendekilde Puzzle - Tavasz. Egy fiatal p\u00e1r egy evez\u0151s cs\u00f3nakban Odense sziget\u00e9n - Feln\u0151tt puzzle 1000 darab\",\"isPartOf\":{\"@id\":\"https:\/\/business.roovi.com\/hu\/#website\"},\"datePublished\":\"2018-04-16T10:56:17+00:00\",\"dateModified\":\"2022-07-06T17:44:34+00:00\",\"description\":\"Hans Andersen Brendekilde Puzzle - Tavasz. Egy fiatal p\u00e1r egy evez\u0151s cs\u00f3nakban Odense sziget\u00e9n - Feln\u0151tt puzzle 1000 darab\",\"breadcrumb\":{\"@id\":\"https:\/\/business.roovi.com\/hu\/hans-andersen-brendekilde-puzzle-tavasz-egy-fiatal-par-egy-evezos-csonakban-odense-szigeten-felnott-puzzle-1000-darab\/p\/#breadcrumb\"},\"inLanguage\":\"hu\",\"potentialAction\":[{\"@type\":\"ReadAction\",\"target\":[\"https:\/\/business.roovi.com\/hu\/hans-andersen-brendekilde-puzzle-tavasz-egy-fiatal-par-egy-evezos-csonakban-odense-szigeten-felnott-puzzle-1000-darab\/p\/\"]}]},{\"@type\":\"BreadcrumbList\",\"@id\":\"https:\/\/business.roovi.com\/hu\/hans-andersen-brendekilde-puzzle-tavasz-egy-fiatal-par-egy-evezos-csonakban-odense-szigeten-felnott-puzzle-1000-darab\/p\/#breadcrumb\",\"itemListElement\":[{\"@type\":\"ListItem\",\"position\":1,\"name\":\"Home\",\"item\":\"https:\/\/business.roovi.com\/hu\/\"},{\"@type\":\"ListItem\",\"position\":2,\"name\":\"Shop\",\"item\":\"https:\/\/business.roovi.com\/hu\/shop\/\"},{\"@type\":\"ListItem\",\"position\":3,\"name\":\"Hans Andersen Brendekilde Puzzle &#8211; Tavasz. Egy fiatal p\u00e1r egy evez\u0151s cs\u00f3nakban Odense sziget\u00e9n &#8211; Feln\u0151tt puzzle 1000 darab\"}]},{\"@type\":\"WebSite\",\"@id\":\"https:\/\/business.roovi.com\/hu\/#website\",\"url\":\"https:\/\/business.roovi.com\/hu\/\",\"name\":\"Roovi B2B\",\"description\":\"Roovi Business Website\",\"potentialAction\":[{\"@type\":\"SearchAction\",\"target\":{\"@type\":\"EntryPoint\",\"urlTemplate\":\"https:\/\/business.roovi.com\/hu\/?s={search_term_string}\"},\"query-input\":\"required name=search_term_string\"}],\"inLanguage\":\"hu\"}]}<\/script>\n<!-- \/ Yoast SEO plugin. -->","yoast_head_json":{"title":"Hans Andersen Brendekilde Puzzle - Tavasz. Egy fiatal p\u00e1r egy evez\u0151s cs\u00f3nakban Odense sziget\u00e9n - Feln\u0151tt puzzle 1000 darab","description":"Hans Andersen Brendekilde Puzzle - Tavasz. Egy fiatal p\u00e1r egy evez\u0151s cs\u00f3nakban Odense sziget\u00e9n - Feln\u0151tt puzzle 1000 darab","robots":{"index":"index","follow":"follow","max-snippet":"max-snippet:-1","max-image-preview":"max-image-preview:large","max-video-preview":"max-video-preview:-1"},"canonical":"https:\/\/business.roovi.com\/hu\/hans-andersen-brendekilde-puzzle-tavasz-egy-fiatal-par-egy-evezos-csonakban-odense-szigeten-felnott-puzzle-1000-darab\/p\/","og_locale":"hu_HU","og_type":"article","og_title":"Hans Andersen Brendekilde Puzzle - Tavasz. Egy fiatal p\u00e1r egy evez\u0151s cs\u00f3nakban Odense sziget\u00e9n - Feln\u0151tt puzzle 1000 darab","og_description":"Hans Andersen Brendekilde Puzzle - Tavasz. Egy fiatal p\u00e1r egy evez\u0151s cs\u00f3nakban Odense sziget\u00e9n - Feln\u0151tt puzzle 1000 darab","og_url":"https:\/\/business.roovi.com\/hu\/hans-andersen-brendekilde-puzzle-tavasz-egy-fiatal-par-egy-evezos-csonakban-odense-szigeten-felnott-puzzle-1000-darab\/p\/","og_site_name":"Roovi B2B","article_publisher":"https:\/\/www.facebook.com\/wwwjucariero","article_modified_time":"2022-07-06T17:44:34+00:00","og_image":[{"width":1200,"height":1200,"url":"https:\/\/business.roovi.com\/wp-content\/uploads\/2018\/04\/72795-01_ansamblu_dimensiuni_cutie_cm_orizontal_1200x1200.png","type":"image\/png"}],"twitter_misc":{"Becs\u00fclt olvas\u00e1si id\u0151":"4 perc"},"schema":{"@context":"https:\/\/schema.org","@graph":[{"@type":"WebPage","@id":"https:\/\/business.roovi.com\/hu\/hans-andersen-brendekilde-puzzle-tavasz-egy-fiatal-par-egy-evezos-csonakban-odense-szigeten-felnott-puzzle-1000-darab\/p\/","url":"https:\/\/business.roovi.com\/hu\/hans-andersen-brendekilde-puzzle-tavasz-egy-fiatal-par-egy-evezos-csonakban-odense-szigeten-felnott-puzzle-1000-darab\/p\/","name":"Hans Andersen Brendekilde Puzzle - Tavasz. Egy fiatal p\u00e1r egy evez\u0151s cs\u00f3nakban Odense sziget\u00e9n - Feln\u0151tt puzzle 1000 darab","isPartOf":{"@id":"https:\/\/business.roovi.com\/hu\/#website"},"datePublished":"2018-04-16T10:56:17+00:00","dateModified":"2022-07-06T17:44:34+00:00","description":"Hans Andersen Brendekilde Puzzle - Tavasz. Egy fiatal p\u00e1r egy evez\u0151s cs\u00f3nakban Odense sziget\u00e9n - Feln\u0151tt puzzle 1000 darab","breadcrumb":{"@id":"https:\/\/business.roovi.com\/hu\/hans-andersen-brendekilde-puzzle-tavasz-egy-fiatal-par-egy-evezos-csonakban-odense-szigeten-felnott-puzzle-1000-darab\/p\/#breadcrumb"},"inLanguage":"hu","potentialAction":[{"@type":"ReadAction","target":["https:\/\/business.roovi.com\/hu\/hans-andersen-brendekilde-puzzle-tavasz-egy-fiatal-par-egy-evezos-csonakban-odense-szigeten-felnott-puzzle-1000-darab\/p\/"]}]},{"@type":"BreadcrumbList","@id":"https:\/\/business.roovi.com\/hu\/hans-andersen-brendekilde-puzzle-tavasz-egy-fiatal-par-egy-evezos-csonakban-odense-szigeten-felnott-puzzle-1000-darab\/p\/#breadcrumb","itemListElement":[{"@type":"ListItem","position":1,"name":"Home","item":"https:\/\/business.roovi.com\/hu\/"},{"@type":"ListItem","position":2,"name":"Shop","item":"https:\/\/business.roovi.com\/hu\/shop\/"},{"@type":"ListItem","position":3,"name":"Hans Andersen Brendekilde Puzzle &#8211; Tavasz. Egy fiatal p\u00e1r egy evez\u0151s cs\u00f3nakban Odense sziget\u00e9n &#8211; Feln\u0151tt puzzle 1000 darab"}]},{"@type":"WebSite","@id":"https:\/\/business.roovi.com\/hu\/#website","url":"https:\/\/business.roovi.com\/hu\/","name":"Roovi B2B","description":"Roovi Business Website","potentialAction":[{"@type":"SearchAction","target":{"@type":"EntryPoint","urlTemplate":"https:\/\/business.roovi.com\/hu\/?s={search_term_string}"},"query-input":"required name=search_term_string"}],"inLanguage":"hu"}]}},"_links":{"self":[{"href":"https:\/\/business.roovi.com\/hu\/wp-json\/wp\/v2\/product\/41663","targetHints":{"allow":["GET"]}}],"collection":[{"href":"https:\/\/business.roovi.com\/hu\/wp-json\/wp\/v2\/product"}],"about":[{"href":"https:\/\/business.roovi.com\/hu\/wp-json\/wp\/v2\/types\/product"}],"version-history":[{"count":0,"href":"https:\/\/business.roovi.com\/hu\/wp-json\/wp\/v2\/product\/41663\/revisions"}],"wp:featuredmedia":[{"embeddable":true,"href":"https:\/\/business.roovi.com\/hu\/wp-json\/wp\/v2\/media\/63449"}],"wp:attachment":[{"href":"https:\/\/business.roovi.com\/hu\/wp-json\/wp\/v2\/media?parent=41663"}],"wp:term":[{"taxonomy":"product_brand","embeddable":true,"href":"https:\/\/business.roovi.com\/hu\/wp-json\/wp\/v2\/product_brand?post=41663"},{"taxonomy":"product_cat","embeddable":true,"href":"https:\/\/business.roovi.com\/hu\/wp-json\/wp\/v2\/product_cat?post=41663"},{"taxonomy":"product_tag","embeddable":true,"href":"https:\/\/business.roovi.com\/hu\/wp-json\/wp\/v2\/product_tag?post=41663"}],"curies":[{"name":"wp","href":"https:\/\/api.w.org\/{rel}","templated":true}]}}