{"id":41671,"date":"2018-04-16T10:56:17","date_gmt":"2018-04-16T10:56:17","guid":{"rendered":"https:\/\/business.roovi.com\/puzzle-adulti-1000-piese-james-tissot-on-the-thames-a-heron-pe-tamisa-un-starc\/p\/"},"modified":"2022-07-06T17:44:57","modified_gmt":"2022-07-06T17:44:57","slug":"james-tissot-1000-darabos-felnott-puzzle-a-temzen-egy-kocsag","status":"publish","type":"product","link":"https:\/\/business.roovi.com\/hu\/james-tissot-1000-darabos-felnott-puzzle-a-temzen-egy-kocsag\/p\/","title":{"rendered":"James Tissot 1000 darabos feln\u0151tt puzzle &#8211; A Temz\u00e9n, egy k\u00f3csag"},"content":{"rendered":"<p><span style=\"font-weight: 400\">Elk\u00e9pzelted m\u00e1r, milyen lenne, ha te magad lenn\u00e9l egy m\u0171alkot\u00e1s alkot\u00f3ja? Az a m\u0171v\u00e9sz lenni, aki ecsetvon\u00e1sr\u00f3l ecsetvon\u00e1sra, r\u00e9tegr\u0151l r\u00e9tegre olyan val\u00f3s\u00e1gh\u0171 k\u00e9peket rak a v\u00e1szonra, amelyek olyanok, mint a f\u00e9nyk\u00e9pek?<\/span><\/p>\n<p><span style=\"font-weight: 400\">Most lehet\u0151s\u00e9ged van megtapasztalni ezt az \u00e9rz\u00e9st egy 1000 darabos puzzle seg\u00edts\u00e9g\u00e9vel, amely azonnal a realista mozgalom hangulat\u00e1ba rep\u00edt, amelyet a h\u00edres francia fest\u0151, James Tissot mesterien \u00e1br\u00e1zolt <\/span><\/p>\n<p><span style=\"font-weight: 400\">A Temz\u00e9n, egy k\u00f3csag &#8211; James Tissot egyik els\u0151 festm\u00e9nye Angli\u00e1ba \u00e9rkez\u00e9se ut\u00e1n, amelyet 1871-ben k\u00e9sz\u00edtett, \u00e9s amelyet h\u0171en reproduk\u00e1l ez a leny\u0171g\u00f6z\u0151 m\u0171v\u00e9szi puzzle, izgalmas kih\u00edv\u00e1st jelent minden 1000 darabos puzzle szerelmes\u00e9nek.<\/span><\/p>\n<p><span style=\"font-weight: 400\">A sz\u00ednek egyenletess\u00e9g\u00e9nek \u00e9s a nagyon hasonl\u00f3 \u00e1rnyalatoknak k\u00f6sz\u00f6nhet\u0151en, amelyekkel James Tissot-nak siker\u00fcl reproduk\u00e1lnia egy igazi \u0151szi t\u00e1jat a Temz\u00e9n, a r\u00e9szletekre val\u00f3 odafigyel\u00e9sed pr\u00f3b\u00e1ra lesz t\u00e9ve minden egyes darabn\u00e1l, amelyet hozz\u00e1adsz, hogy \u00fajraalkosd ezt a puzzle-festm\u00e9nyt.<\/span><\/p>\n<p><span style=\"font-weight: 400\">A Temz\u00e9n egy k\u00f3csag c\u00edm\u0171 festm\u00e9ny, amelyet ez a m\u0171v\u00e9szi kirak\u00f3 reproduk\u00e1l, James Tissot francia fest\u0151 \u00e1tmenet\u00e9t is jelzi a francia fest\u00e9szeti st\u00edlusb\u00f3l a b\u00e1jos \u00e9s kedves viktori\u00e1nus st\u00edlusba <\/span><\/p>\n<p><span style=\"font-weight: 400\">Ami azonban a sz\u00edneken \u00e9s a st\u00edluson t\u00fal a legszembet\u0171n\u0151bb, az a s\u00edkok r\u00e9tegz\u00e9se, egy \u00e9rdekes kompoz\u00edci\u00f3ban, amely el\u0151t\u00e9rbe helyezi a rep\u00fcl\u0151 verebet &#8211; egy meglehet\u0151sen gyakori madarat a Temze partj\u00e1n, de er\u0151teljes szimb\u00f3luma annak a hat\u00e1snak, amelyet a jap\u00e1n st\u00edlus gyakorolt James Tissot akkori alkot\u00e1saira.<\/span><\/p>\n<p><span style=\"font-size: 18px\"><strong>Mi\u00e9rt v\u00e1lassza a James Tissot 1000 darabos feln\u0151tt puzzle-t?<\/strong><\/span><\/p>\n<ul>\n<li><span style=\"font-weight: 400\">Megkapja James Tissot A Temz\u00e9n, egy k\u00f3csag c\u00edm\u0171 festm\u00e9ny\u00e9nek leny\u0171g\u00f6z\u0151en r\u00e9szletes festm\u00e9ny\u00e9t<\/span><\/li>\n<li><span style=\"font-weight: 400\">M\u0171v\u00e9szeti puzzle m\u00e9rete 50 x 70 cm<\/span><\/li>\n<li><span style=\"font-weight: 400\">Kiv\u00e1l\u00f3 min\u0151s\u00e9g\u0171 kartonb\u00f3l k\u00e9sz\u00fclt darabok, t\u00f6bbsz\u00f6ri haszn\u00e1latnak is ellen\u00e1llnak<\/span><\/li>\n<li><span style=\"font-weight: 400\">Fenntarthat\u00f3 \u00e9s \u00fajrahasznos\u00edthat\u00f3 anyagokb\u00f3l k\u00e9sz\u00fclt<\/span><\/li>\n<li><span style=\"font-weight: 400\">A fel\u00fclet f\u00e9lig f\u00e9nyes, a sz\u00ednek \u00e9l\u00e9nkek \u00e9s \u00e9l\u00e9nkek<\/span><\/li>\n<li><span style=\"font-weight: 400\">14 \u00e9ves kort\u00f3l alkalmas &#8211; nagyszer\u0171 lehet\u0151s\u00e9g, hogy a tizen\u00e9vesek megismerkedjenek a m\u0171v\u00e9szet leny\u0171g\u00f6z\u0151 vil\u00e1g\u00e1val<\/span><\/li>\n<\/ul>\n<p><span style=\"font-weight: 400\">Egy m\u0171v\u00e9szeti puzzle \u00f6ssze\u00e1ll\u00edt\u00e1s\u00e1nak sz\u00e1mos el\u0151nye van, amelyek t\u00f6bb szinten is t\u00fckr\u00f6z\u0151dnek:<\/span><\/p>\n<ul>\n<li><span style=\"font-weight: 400\">N\u00f6veli a r\u00e9szletekre val\u00f3 figyelmet<\/span><\/li>\n<li><span style=\"font-weight: 400\">Ez edzi a k\u00e9z\u00fcgyess\u00e9get <\/span><\/li>\n<li><span style=\"font-weight: 400\">Ez egy pihentet\u0151 tev\u00e9kenys\u00e9g<\/span><\/li>\n<li><span style=\"font-weight: 400\">J\u00f3 alkalom lehet arra, hogy elszakadjunk a mindennapi \u00e9lett\u0151l<\/span><\/li>\n<li><span style=\"font-weight: 400\">Seg\u00edt egyetlen feladatra \u00f6sszpontos\u00edtani <\/span><\/li>\n<\/ul>\n<p><span style=\"font-size: 18px\"><strong>Tudtad, hogy&#8230;?<\/strong><\/span><\/p>\n<p><span style=\"font-weight: 400\">A Temz\u00e9n egy k\u00f3csag c\u00edm\u0171 festm\u00e9nye reprezent\u00e1lja azt a stil\u00e1ris \u00e1tmenetet, amelyet Tissot-nak meg kellett tennie, miut\u00e1n a francia-porosz h\u00e1bor\u00fat k\u00f6vet\u0151en Angli\u00e1ba menek\u00fclt <\/span><\/p>\n<p><span style=\"font-weight: 400\">\u00cdgy, mivel az angolok egy\u00e1ltal\u00e1n nem \u00e9rt\u00e9kelt\u00e9k a francia fest\u00e9szeti st\u00edlust, a t\u00f6rt\u00e9nelmi jelenetek fest\u00e9s\u00e9r\u0151l \u00e1tt\u00e9rt az angol nemess\u00e9g k\u00f6r\u00e9ben oly n\u00e9pszer\u0171 t\u00e1rsadalmi \u00e9letet \u00e1br\u00e1zol\u00f3 jelenetek fest\u00e9s\u00e9re <\/span><\/p>\n<p><span style=\"font-weight: 400\">James Tissot-t nagyra becs\u00fclt\u00e9k az\u00e9rt, mert k\u00e9pes volt az \u0151t megihlet\u0151 v\u00e1rosok t\u00e1jk\u00e9peit \u00e9s r\u00e9szleteit r\u00e9szletesen \u00e1br\u00e1zolni an\u00e9lk\u00fcl, hogy sok id\u0151t kellett volna az adott helyen t\u00f6ltenie.<\/span><\/p>\n<p><span style=\"font-weight: 400\">Az igazi neve <\/span><span style=\"font-weight: 400\">Jacques Joseph Tissot, de megv\u00e1ltoztatta, amikor Angli\u00e1ba k\u00f6lt\u00f6z\u00f6tt, k\u00f6vetve a kor divatj\u00e1t, amikor sok m\u0171v\u00e9sz megv\u00e1ltoztatta a nev\u00e9t, hogy beilleszkedjen bizonyos t\u00e1rsas\u00e1gokba.<\/span><\/p>\n<p><span style=\"font-size: 18px\"><strong>1000 darabos puzzle &#8211; az otthoni min\u0151s\u00e9gi id\u0151t\u00f6lt\u00e9s garanci\u00e1ja<\/strong><\/span><\/p>\n<p><span style=\"font-weight: 400\">V\u00e1lassza a James Tissot Feln\u0151tt puzzle &#8211; A Temz\u00e9n, egy k\u00f3csag c\u00edm\u0171 k\u00e9pet, \u00e9s d\u0151lj\u00f6n h\u00e1tra, helyezze mag\u00e1t k\u00e9nyelembe, mert a Tissot \u00e1ltal ezen a festm\u00e9nyen megjelen\u00edtett h\u00e1tt\u00e9r r\u00e9szleteinek finoms\u00e1ga mag\u00e1val ragadja majd.<\/span><\/p>\n<p><span style=\"font-weight: 400\">Ak\u00e1r \u00fagy d\u00f6ntesz, hogy magad rakod \u00f6ssze, ak\u00e1r \u00fagy, hogy kihaszn\u00e1lod a lehet\u0151s\u00e9get, hogy n\u00e9h\u00e1ny pihentet\u0151 \u00f3r\u00e1t t\u00f6lts a bar\u00e1taiddal vagy a csal\u00e1doddal, biztos, hogy \u00e9lvezni fogod a min\u0151s\u00e9gi id\u0151t, amikor \u00f6sszerakod a m\u0171v\u00e9szi puzzle darabjait.  <\/span><\/p>\n<p><span style=\"font-weight: 400\">Minden egyes feln\u0151tt puzzle-k\u00e9szlet a k\u00f6vetkez\u0151 mesterm\u0171v\u00e9 v\u00e1lhat, amellyel kieg\u00e9sz\u00edtheti gy\u0171jtem\u00e9ny\u00e9t, \u00e9s k\u00f6nnyen bekeretezhet\u0151 \u00e9s ki\u00e1ll\u00edthat\u00f3, hogy l\u00e9trehozza saj\u00e1t m\u0171v\u00e9szeti gal\u00e9ri\u00e1j\u00e1t a sz\u00ednek mestereinek m\u0171veib\u0151l.<\/span><\/p>\n<p><span style=\"font-weight: 400\">R\u00e1ad\u00e1sul egy olyan 1000 darabos puzzle, mint a Temz\u00e9n, egy k\u00f3csag, megfelel\u0151 aj\u00e1nd\u00e9k lehet egy szerettednek, ha nem tudod, mit vegy\u00e9l neki. B\u00e1rmilyen alkalomra alkalmas, az \u00e9vfordul\u00f3s aj\u00e1nd\u00e9kt\u00f3l kezdve a kar\u00e1csonyi aj\u00e1nd\u00e9kig.<\/span><\/p>\n","protected":false},"excerpt":{"rendered":"<p>Elk\u00e9pzelted m\u00e1r, milyen lenne, ha te magad lenn\u00e9l egy m\u0171alkot\u00e1s alkot\u00f3ja? Az a m\u0171v\u00e9sz lenni, aki ecsetvon\u00e1sr\u00f3l ecsetvon\u00e1sra, r\u00e9tegr\u0151l r\u00e9tegre<\/p>\n","protected":false},"featured_media":34643,"template":"","meta":[],"product_brand":[],"product_cat":[1920,1919,1881],"product_tag":[],"class_list":{"0":"post-41671","1":"product","2":"type-product","3":"status-publish","4":"has-post-thumbnail","6":"product_cat-1000-darabos-kirakos-jatek","7":"product_cat-felnott-kirakos-jatekok","8":"product_cat-kirakos-jatekok","9":"pa_bax-10-hu","10":"pa_brand-d_toys-hu","11":"pa_country_of_manufacture-ro-hu","12":"pa_filter_age-14-hu","13":"pa_painter-james-tissot-hu","14":"pa_tip_ambalaj-doboz","15":"pa_tip_puzzle-klasszikus","17":"first","18":"instock","19":"taxable","20":"shipping-taxable","21":"product-type-simple"},"yoast_head":"<!-- This site is optimized with the Yoast SEO plugin v20.1 - https:\/\/yoast.com\/wordpress\/plugins\/seo\/ -->\n<title>James Tissot 1000 darabos feln\u0151tt puzzle - A Temz\u00e9n, egy k\u00f3csag<\/title>\n<meta name=\"description\" content=\"James Tissot 1000 darabos feln\u0151tt puzzle - A Temz\u00e9n, egy k\u00f3csag\" \/>\n<meta name=\"robots\" content=\"index, follow, max-snippet:-1, max-image-preview:large, max-video-preview:-1\" \/>\n<link rel=\"canonical\" href=\"https:\/\/business.roovi.com\/hu\/james-tissot-1000-darabos-felnott-puzzle-a-temzen-egy-kocsag\/p\/\" \/>\n<meta property=\"og:locale\" content=\"hu_HU\" \/>\n<meta property=\"og:type\" content=\"article\" \/>\n<meta property=\"og:title\" content=\"James Tissot 1000 darabos feln\u0151tt puzzle - A Temz\u00e9n, egy k\u00f3csag\" \/>\n<meta property=\"og:description\" content=\"James Tissot 1000 darabos feln\u0151tt puzzle - A Temz\u00e9n, egy k\u00f3csag\" \/>\n<meta property=\"og:url\" content=\"https:\/\/business.roovi.com\/hu\/james-tissot-1000-darabos-felnott-puzzle-a-temzen-egy-kocsag\/p\/\" \/>\n<meta property=\"og:site_name\" content=\"Roovi B2B\" \/>\n<meta property=\"article:publisher\" content=\"https:\/\/www.facebook.com\/wwwjucariero\" \/>\n<meta property=\"article:modified_time\" content=\"2022-07-06T17:44:57+00:00\" \/>\n<meta property=\"og:image\" content=\"https:\/\/business.roovi.com\/wp-content\/uploads\/2018\/04\/p1000_tissot_72771ti01tissot_72771ti02_r700_64x88cm_no_stanc.jpg\" \/>\n\t<meta property=\"og:image:width\" content=\"1200\" \/>\n\t<meta property=\"og:image:height\" content=\"1200\" \/>\n\t<meta property=\"og:image:type\" content=\"image\/jpeg\" \/>\n<meta name=\"twitter:label1\" content=\"Becs\u00fclt olvas\u00e1si id\u0151\" \/>\n\t<meta name=\"twitter:data1\" content=\"4 perc\" \/>\n<script type=\"application\/ld+json\" class=\"yoast-schema-graph\">{\"@context\":\"https:\/\/schema.org\",\"@graph\":[{\"@type\":\"WebPage\",\"@id\":\"https:\/\/business.roovi.com\/hu\/james-tissot-1000-darabos-felnott-puzzle-a-temzen-egy-kocsag\/p\/\",\"url\":\"https:\/\/business.roovi.com\/hu\/james-tissot-1000-darabos-felnott-puzzle-a-temzen-egy-kocsag\/p\/\",\"name\":\"James Tissot 1000 darabos feln\u0151tt puzzle - A Temz\u00e9n, egy k\u00f3csag\",\"isPartOf\":{\"@id\":\"https:\/\/business.roovi.com\/hu\/#website\"},\"datePublished\":\"2018-04-16T10:56:17+00:00\",\"dateModified\":\"2022-07-06T17:44:57+00:00\",\"description\":\"James Tissot 1000 darabos feln\u0151tt puzzle - A Temz\u00e9n, egy k\u00f3csag\",\"breadcrumb\":{\"@id\":\"https:\/\/business.roovi.com\/hu\/james-tissot-1000-darabos-felnott-puzzle-a-temzen-egy-kocsag\/p\/#breadcrumb\"},\"inLanguage\":\"hu\",\"potentialAction\":[{\"@type\":\"ReadAction\",\"target\":[\"https:\/\/business.roovi.com\/hu\/james-tissot-1000-darabos-felnott-puzzle-a-temzen-egy-kocsag\/p\/\"]}]},{\"@type\":\"BreadcrumbList\",\"@id\":\"https:\/\/business.roovi.com\/hu\/james-tissot-1000-darabos-felnott-puzzle-a-temzen-egy-kocsag\/p\/#breadcrumb\",\"itemListElement\":[{\"@type\":\"ListItem\",\"position\":1,\"name\":\"Home\",\"item\":\"https:\/\/business.roovi.com\/hu\/\"},{\"@type\":\"ListItem\",\"position\":2,\"name\":\"Shop\",\"item\":\"https:\/\/business.roovi.com\/hu\/shop\/\"},{\"@type\":\"ListItem\",\"position\":3,\"name\":\"James Tissot 1000 darabos feln\u0151tt puzzle &#8211; A Temz\u00e9n, egy k\u00f3csag\"}]},{\"@type\":\"WebSite\",\"@id\":\"https:\/\/business.roovi.com\/hu\/#website\",\"url\":\"https:\/\/business.roovi.com\/hu\/\",\"name\":\"Roovi B2B\",\"description\":\"Roovi Business Website\",\"potentialAction\":[{\"@type\":\"SearchAction\",\"target\":{\"@type\":\"EntryPoint\",\"urlTemplate\":\"https:\/\/business.roovi.com\/hu\/?s={search_term_string}\"},\"query-input\":\"required name=search_term_string\"}],\"inLanguage\":\"hu\"}]}<\/script>\n<!-- \/ Yoast SEO plugin. -->","yoast_head_json":{"title":"James Tissot 1000 darabos feln\u0151tt puzzle - A Temz\u00e9n, egy k\u00f3csag","description":"James Tissot 1000 darabos feln\u0151tt puzzle - A Temz\u00e9n, egy k\u00f3csag","robots":{"index":"index","follow":"follow","max-snippet":"max-snippet:-1","max-image-preview":"max-image-preview:large","max-video-preview":"max-video-preview:-1"},"canonical":"https:\/\/business.roovi.com\/hu\/james-tissot-1000-darabos-felnott-puzzle-a-temzen-egy-kocsag\/p\/","og_locale":"hu_HU","og_type":"article","og_title":"James Tissot 1000 darabos feln\u0151tt puzzle - A Temz\u00e9n, egy k\u00f3csag","og_description":"James Tissot 1000 darabos feln\u0151tt puzzle - A Temz\u00e9n, egy k\u00f3csag","og_url":"https:\/\/business.roovi.com\/hu\/james-tissot-1000-darabos-felnott-puzzle-a-temzen-egy-kocsag\/p\/","og_site_name":"Roovi B2B","article_publisher":"https:\/\/www.facebook.com\/wwwjucariero","article_modified_time":"2022-07-06T17:44:57+00:00","og_image":[{"width":1200,"height":1200,"url":"https:\/\/business.roovi.com\/wp-content\/uploads\/2018\/04\/p1000_tissot_72771ti01tissot_72771ti02_r700_64x88cm_no_stanc.jpg","type":"image\/jpeg"}],"twitter_misc":{"Becs\u00fclt olvas\u00e1si id\u0151":"4 perc"},"schema":{"@context":"https:\/\/schema.org","@graph":[{"@type":"WebPage","@id":"https:\/\/business.roovi.com\/hu\/james-tissot-1000-darabos-felnott-puzzle-a-temzen-egy-kocsag\/p\/","url":"https:\/\/business.roovi.com\/hu\/james-tissot-1000-darabos-felnott-puzzle-a-temzen-egy-kocsag\/p\/","name":"James Tissot 1000 darabos feln\u0151tt puzzle - A Temz\u00e9n, egy k\u00f3csag","isPartOf":{"@id":"https:\/\/business.roovi.com\/hu\/#website"},"datePublished":"2018-04-16T10:56:17+00:00","dateModified":"2022-07-06T17:44:57+00:00","description":"James Tissot 1000 darabos feln\u0151tt puzzle - A Temz\u00e9n, egy k\u00f3csag","breadcrumb":{"@id":"https:\/\/business.roovi.com\/hu\/james-tissot-1000-darabos-felnott-puzzle-a-temzen-egy-kocsag\/p\/#breadcrumb"},"inLanguage":"hu","potentialAction":[{"@type":"ReadAction","target":["https:\/\/business.roovi.com\/hu\/james-tissot-1000-darabos-felnott-puzzle-a-temzen-egy-kocsag\/p\/"]}]},{"@type":"BreadcrumbList","@id":"https:\/\/business.roovi.com\/hu\/james-tissot-1000-darabos-felnott-puzzle-a-temzen-egy-kocsag\/p\/#breadcrumb","itemListElement":[{"@type":"ListItem","position":1,"name":"Home","item":"https:\/\/business.roovi.com\/hu\/"},{"@type":"ListItem","position":2,"name":"Shop","item":"https:\/\/business.roovi.com\/hu\/shop\/"},{"@type":"ListItem","position":3,"name":"James Tissot 1000 darabos feln\u0151tt puzzle &#8211; A Temz\u00e9n, egy k\u00f3csag"}]},{"@type":"WebSite","@id":"https:\/\/business.roovi.com\/hu\/#website","url":"https:\/\/business.roovi.com\/hu\/","name":"Roovi B2B","description":"Roovi Business Website","potentialAction":[{"@type":"SearchAction","target":{"@type":"EntryPoint","urlTemplate":"https:\/\/business.roovi.com\/hu\/?s={search_term_string}"},"query-input":"required name=search_term_string"}],"inLanguage":"hu"}]}},"_links":{"self":[{"href":"https:\/\/business.roovi.com\/hu\/wp-json\/wp\/v2\/product\/41671","targetHints":{"allow":["GET"]}}],"collection":[{"href":"https:\/\/business.roovi.com\/hu\/wp-json\/wp\/v2\/product"}],"about":[{"href":"https:\/\/business.roovi.com\/hu\/wp-json\/wp\/v2\/types\/product"}],"version-history":[{"count":0,"href":"https:\/\/business.roovi.com\/hu\/wp-json\/wp\/v2\/product\/41671\/revisions"}],"wp:featuredmedia":[{"embeddable":true,"href":"https:\/\/business.roovi.com\/hu\/wp-json\/wp\/v2\/media\/34643"}],"wp:attachment":[{"href":"https:\/\/business.roovi.com\/hu\/wp-json\/wp\/v2\/media?parent=41671"}],"wp:term":[{"taxonomy":"product_brand","embeddable":true,"href":"https:\/\/business.roovi.com\/hu\/wp-json\/wp\/v2\/product_brand?post=41671"},{"taxonomy":"product_cat","embeddable":true,"href":"https:\/\/business.roovi.com\/hu\/wp-json\/wp\/v2\/product_cat?post=41671"},{"taxonomy":"product_tag","embeddable":true,"href":"https:\/\/business.roovi.com\/hu\/wp-json\/wp\/v2\/product_tag?post=41671"}],"curies":[{"name":"wp","href":"https:\/\/api.w.org\/{rel}","templated":true}]}}