{"id":41683,"date":"2018-04-16T10:56:17","date_gmt":"2018-04-16T10:56:17","guid":{"rendered":"https:\/\/business.roovi.com\/puzzle-adulti-1000-piese-discover-europe-sighisoara-romania\/p\/"},"modified":"2022-07-06T17:49:24","modified_gmt":"2022-07-06T17:49:24","slug":"puzzle-sighisoara-romania-felnott-puzzle-1000-darab-discover-europe","status":"publish","type":"product","link":"https:\/\/business.roovi.com\/hu\/puzzle-sighisoara-romania-felnott-puzzle-1000-darab-discover-europe\/p\/","title":{"rendered":"Puzzle Sighisoara, Rom\u00e1nia &#8211; Feln\u0151tt puzzle 1000 darab &#8211; Discover Europe"},"content":{"rendered":"<p><strong><em>Fedezze fel Eur\u00f3p\u00e1t \u00faj m\u00f3don! Tedd darabr\u00f3l darabra, \u00e9s rekonstru\u00e1ld a kirak\u00f3s j\u00e1t\u00e9kok leny\u0171g\u00f6z\u0151 k\u00e9peit az \u00f6reg kontinens n\u00e9h\u00e1ny legh\u00edresebb l\u00e1tnival\u00f3j\u00e1r\u00f3l.<\/em><\/strong><\/p>\n<p><span style=\"font-weight: 400\">Az 1000 darabos Sighisoara puzzle a Discover Europe kollekci\u00f3b\u00f3l Eur\u00f3pa legnagyobb k\u00f6z\u00e9pkori er\u0151dj\u00e9be kalauzol el, amely a mai napig folyamatosan lakott.<\/span><\/p>\n<p><span style=\"font-weight: 400\">Sepsiszentgy\u00f6rgy k\u00e9ts\u00e9gtelen\u00fcl egy pezsg\u0151 k\u00f6z\u00e9pkori v\u00e1ros, macskak\u00f6ves utc\u00e1ival \u00e9s sz\u00ednes kis h\u00e1zaival, amelyek \u00e9letben tartj\u00e1k a let\u0171nt id\u0151k szellem\u00e9t <\/span><\/p>\n<p><span style=\"font-weight: 400\">Ha j\u00falius v\u00e9g\u00e9n l\u00e1togat el ide, j\u00f3 es\u00e9llyel l\u00e1that mesebeli jelmezekbe \u00f6lt\u00f6z\u00f6tt lovagokat \u00e9s le\u00e1nyokat s\u00e9t\u00e1lgatni az utc\u00e1kon, vagy szemtan\u00faja lehet k\u00f6z\u00e9pkori lovagok kardp\u00e1rbaj\u00e1nak. Itt az ideje a h\u00edres sepsiszentgy\u00f6rgyi k\u00f6z\u00e9pkori fesztiv\u00e1lnak, amely minden \u00e9vben a vil\u00e1g minden t\u00e1j\u00e1r\u00f3l vonzza a k\u00edv\u00e1ncsi turist\u00e1kat.<\/span><\/p>\n<p><span style=\"font-weight: 400\">Ha leny\u0171g\u00f6zi \u00d6nt Drakula legend\u00e1ja, lehet\u0151s\u00e9ge van arra, hogy ismeretlen r\u00e9szleteket fedezzen fel, amikor ell\u00e1togat a h\u00e1zba, ahol Vlad Tepes sz\u00fcletett. A v\u00e1ros leny\u0171g\u00f6z\u0151, m\u00edtoszokkal \u00e9s legend\u00e1kkal \u00e1tsz\u0151tt t\u00f6rt\u00e9nelm\u00e9t most egy k\u00fcl\u00f6nleges feln\u0151tt puzzle seg\u00edts\u00e9g\u00e9vel fedezheted fel.<\/span><\/p>\n<p><span style=\"font-weight: 400\">Ez\u00e9rt megh\u00edvjuk \u00d6nt Erd\u00e9ly sz\u00edv\u00e9be, hogy 1000 puzzle-darabb\u00f3l \u00fajraalkosson egy kiv\u00e1l\u00f3 k\u00e9pet, amelyet a k\u00f6z\u00e9pkori Sepsiszentgy\u00f6rgy v\u00e1r\u00e1ban r\u00f6gz\u00edtettek.<\/span><\/p>\n<p><strong>Mi\u00e9rt k\u00fcl\u00f6nleges 1000 darabos kirak\u00f3 Discover Europe &#8211; Sighisoara (Segesv\u00e1r)? <\/strong><\/p>\n<p><span style=\"font-weight: 400\">Ez egy pihentet\u0151 m\u00f3dja annak, hogy felfedezze egy figyelemre m\u00e9lt\u00f3 turisztikai l\u00e1tv\u00e1nyoss\u00e1g sz\u00e9ps\u00e9g\u00e9t.<\/span><\/p>\n<p><span style=\"font-weight: 400\">Egy 68 x 47 cm-es k\u00e9pet kap <\/span><span style=\"font-weight: 400\">egy macskak\u00f6ves utca Sepsiszentgy\u00f6rgy\u00f6n, a h\u00e1tt\u00e9rben az \u00d3ratoronnyal<\/span><span style=\"font-weight: 400\">.<\/span><\/p>\n<p><span style=\"font-weight: 400\">Kiv\u00e1l\u00f3 min\u0151s\u00e9g\u0171 k\u00e9k kartonb\u00f3l k\u00e9sz\u00fclt, nagyon ellen\u00e1ll\u00f3, \u00edgy ak\u00e1r t\u00f6bbsz\u00f6r is \u00f6ssze\u00e1ll\u00edthatja a k\u00e9pet an\u00e9lk\u00fcl, hogy a darabok megromlan\u00e1nak.<\/span><\/p>\n<p><span style=\"font-weight: 400\">Minden egyes kirak\u00f3s j\u00e1t\u00e9k k\u00e9sz\u00edt\u00e9s\u00e9hez \u00fajrahasznos\u00edthat\u00f3 \u00e9s fenntarthat\u00f3 anyagokat haszn\u00e1lunk.<\/span><\/p>\n<p><span style=\"font-weight: 400\">F\u00e9lf\u00e9nyes fel\u00fclet\u0171, kellemes sz\u00ednekben, amelyek tisztas\u00e1got k\u00f6lcs\u00f6n\u00f6znek a k\u00e9pnek.<\/span><\/p>\n<p><span style=\"font-weight: 400\">14 \u00e9v felettiek sz\u00e1m\u00e1ra alkalmas &#8211; ez egy lehet\u0151s\u00e9g arra, hogy a tizen\u00e9vesek megismerj\u00e9k Sepsiszentgy\u00f6rgy leny\u0171g\u00f6z\u0151 t\u00f6rt\u00e9nelm\u00e9t.<\/span><\/p>\n<p><span style=\"font-weight: 400\">Az 1000 darabos puzzle Eur\u00f3pa turisztikai l\u00e1tv\u00e1nyoss\u00e1gainak k\u00e9peivel t\u00f6bbf\u00e9le hasznot hoz\u00f3 szabadid\u0151s tev\u00e9kenys\u00e9g:<\/span><\/p>\n<ul>\n<li><span style=\"font-weight: 400\">Edzi a koordin\u00e1ci\u00f3t, a k\u00e9z\u00fcgyess\u00e9get \u00e9s a finommotoros k\u00e9szs\u00e9geket.<\/span><\/li>\n<li><span style=\"font-weight: 400\">Ez fejleszti a t\u00fcrelmedet.<\/span><\/li>\n<li><span style=\"font-weight: 400\">Kiv\u00e1l\u00f3 edz\u00e9s az agy sz\u00e1m\u00e1ra, eg\u00e9szs\u00e9gesen tartja azt.<\/span><\/li>\n<li><span style=\"font-weight: 400\">Optimista \u00e1llapotot biztos\u00edt, \u00e9s elvonatkoztat a mindennapi gondokt\u00f3l.<\/span><\/li>\n<\/ul>\n<p><strong>Tudtad, hogy&#8230;?<\/strong><\/p>\n<p><span style=\"font-weight: 400\">A szigligeti \u00f3ratorony 64 m\u00e9ter magas, \u00e9s az er\u0151d v\u00e9delm\u00e9re \u00e9p\u00fclt.<\/span><\/p>\n<p><span style=\"font-weight: 400\">A m\u00faltban Sepsiszentgy\u00f6rgy v\u00e1r\u00e1t 14 toronyb\u00f3l \u00e1ll\u00f3 fal vette k\u00f6r\u00fcl, amelyb\u0151l minden k\u00e9zm\u0171vesc\u00e9hnek volt egy-egy tornya. Ma m\u00e9g mindig 9 van bel\u0151l\u00fck, amelyeket a v\u00e1rosban tett l\u00e1togat\u00e1s sor\u00e1n lehet megcsod\u00e1lni <\/span><\/p>\n<p><em><span style=\"font-weight: 400\">Az iskol\u00e1s fi\u00fak l\u00e9pcs\u0151h\u00e1za<\/span><\/em><span style=\"font-weight: 400\"> vagy <\/span><em><span style=\"font-weight: 400\">A fedett l\u00e9pcs\u0151h\u00e1z<\/span><\/em><span style=\"font-weight: 400\"> eredetileg 300 l\u00e9pcs\u0151fok volt, ma 175. 1642-ben \u00e9p\u00edtett\u00e9k, hogy a tanul\u00f3k k\u00f6nnyebben eljuthassanak a dombon l\u00e9v\u0151 iskol\u00e1ba <\/span><\/p>\n<p><span style=\"font-weight: 400\">A m\u00e1sodik vil\u00e1gh\u00e1bor\u00faig Sepsiszentgy\u00f6rgynek volt szimfonikus zenekara. A v\u00e1ros prominens vend\u00e9ge volt ennek k\u00f6sz\u00f6nhet\u0151en a zen\u00e9sz <\/span><span style=\"font-weight: 400\">Johannes Brahms.<\/span><\/p>\n<p><strong>1000 darabos puzzle Sighisoara &#8211; egy kreat\u00edv \u00e9s tanul\u00e1si \u00e9lm\u00e9ny<\/strong><\/p>\n<p><span style=\"font-weight: 400\">Fedezd fel Eur\u00f3pa 1000 darabos puzzle &#8211; Sighisoara sok-sok \u00f3r\u00e1nyi b\u00e9k\u00e9t \u00e9s harm\u00f3ni\u00e1t k\u00edn\u00e1l, amire minden puzzle-rajong\u00f3nak sz\u00fcks\u00e9ge van. Ha szeretn\u00e9 megosztani a gyermekeivel az 1000 darabos puzzle \u00f6ssze\u00e1ll\u00edt\u00e1s\u00e1nak titkait, most itt a t\u00f6k\u00e9letes alkalom <\/span><\/p>\n<p><span style=\"font-weight: 400\">A mag\u00e1nyos tev\u00e9kenys\u00e9get alak\u00edtsd \u00e1t sz\u00f3rakoztat\u00f3 \u00e9lm\u00e9nny\u00e9 a tin\u00e9dzserekkel. Tal\u00e1lj ki innovat\u00edv strat\u00e9gi\u00e1kat, \u00e9s \u00e1ll\u00edtsd \u00f6ssze a leny\u0171g\u00f6z\u0151 k\u00f6z\u00e9pkori er\u0151d\u00edtm\u00e9ny k\u00e9p\u00e9t. A Sighisoara 1000 darabos kirak\u00f3s remek m\u00f3dja annak, hogy min\u0151s\u00e9gi id\u0151t t\u00f6lts\u00f6n el \u00e9s felejthetetlen eml\u00e9keket \u00e9p\u00edtsen szeretteivel <\/span><\/p>\n<p><span style=\"font-weight: 400\">Ez a feln\u0151tt puzzle megfelel\u0151 aj\u00e1nd\u00e9k lehet \u00fcnnepekre vagy \u00e9vfordul\u00f3kra is.<\/span><\/p><\/p>\n","protected":false},"excerpt":{"rendered":"<p>Fedezze fel Eur\u00f3p\u00e1t \u00faj m\u00f3don! Tedd darabr\u00f3l darabra, \u00e9s rekonstru\u00e1ld a kirak\u00f3s j\u00e1t\u00e9kok leny\u0171g\u00f6z\u0151 k\u00e9peit az \u00f6reg kontinens n\u00e9h\u00e1ny legh\u00edresebb<\/p>\n","protected":false},"featured_media":34665,"template":"","meta":[],"product_brand":[],"product_cat":[1920,1919,1881],"product_tag":[],"class_list":{"0":"post-41683","1":"product","2":"type-product","3":"status-publish","4":"has-post-thumbnail","6":"product_cat-1000-darabos-kirakos-jatek","7":"product_cat-felnott-kirakos-jatekok","8":"product_cat-kirakos-jatekok","9":"pa_bax-7-hu","10":"pa_brand-d_toys-hu","11":"pa_country_of_manufacture-ro-hu","12":"pa_filter_age-14-hu","13":"pa_painter-discover-europe-hu","14":"pa_tip_ambalaj-doboz","15":"pa_tip_puzzle-klasszikus","17":"first","18":"instock","19":"taxable","20":"shipping-taxable","21":"product-type-simple"},"yoast_head":"<!-- This site is optimized with the Yoast SEO plugin v20.1 - https:\/\/yoast.com\/wordpress\/plugins\/seo\/ -->\n<title>Puzzle Sighisoara, Rom\u00e1nia - Feln\u0151tt puzzle 1000 darab - Discover Europe<\/title>\n<meta name=\"description\" content=\"Puzzle Sighisoara, Rom\u00e1nia - Feln\u0151tt puzzle 1000 darab - Discover Europe\" \/>\n<meta name=\"robots\" content=\"index, follow, max-snippet:-1, max-image-preview:large, max-video-preview:-1\" \/>\n<link rel=\"canonical\" href=\"https:\/\/business.roovi.com\/hu\/puzzle-sighisoara-romania-felnott-puzzle-1000-darab-discover-europe\/p\/\" \/>\n<meta property=\"og:locale\" content=\"hu_HU\" \/>\n<meta property=\"og:type\" content=\"article\" \/>\n<meta property=\"og:title\" content=\"Puzzle Sighisoara, Rom\u00e1nia - Feln\u0151tt puzzle 1000 darab - Discover Europe\" \/>\n<meta property=\"og:description\" content=\"Puzzle Sighisoara, Rom\u00e1nia - Feln\u0151tt puzzle 1000 darab - Discover Europe\" \/>\n<meta property=\"og:url\" content=\"https:\/\/business.roovi.com\/hu\/puzzle-sighisoara-romania-felnott-puzzle-1000-darab-discover-europe\/p\/\" \/>\n<meta property=\"og:site_name\" content=\"Roovi B2B\" \/>\n<meta property=\"article:publisher\" content=\"https:\/\/www.facebook.com\/wwwjucariero\" \/>\n<meta property=\"article:modified_time\" content=\"2022-07-06T17:49:24+00:00\" \/>\n<meta property=\"og:image\" content=\"https:\/\/business.roovi.com\/wp-content\/uploads\/2018\/04\/65995-02-ansamblu_dimensiuni-cutie-22x22-cm.png\" \/>\n\t<meta property=\"og:image:width\" content=\"1200\" \/>\n\t<meta property=\"og:image:height\" content=\"1200\" \/>\n\t<meta property=\"og:image:type\" content=\"image\/png\" \/>\n<meta name=\"twitter:label1\" content=\"Becs\u00fclt olvas\u00e1si id\u0151\" \/>\n\t<meta name=\"twitter:data1\" content=\"4 perc\" \/>\n<script type=\"application\/ld+json\" class=\"yoast-schema-graph\">{\"@context\":\"https:\/\/schema.org\",\"@graph\":[{\"@type\":\"WebPage\",\"@id\":\"https:\/\/business.roovi.com\/hu\/puzzle-sighisoara-romania-felnott-puzzle-1000-darab-discover-europe\/p\/\",\"url\":\"https:\/\/business.roovi.com\/hu\/puzzle-sighisoara-romania-felnott-puzzle-1000-darab-discover-europe\/p\/\",\"name\":\"Puzzle Sighisoara, Rom\u00e1nia - Feln\u0151tt puzzle 1000 darab - Discover Europe\",\"isPartOf\":{\"@id\":\"https:\/\/business.roovi.com\/hu\/#website\"},\"datePublished\":\"2018-04-16T10:56:17+00:00\",\"dateModified\":\"2022-07-06T17:49:24+00:00\",\"description\":\"Puzzle Sighisoara, Rom\u00e1nia - Feln\u0151tt puzzle 1000 darab - Discover Europe\",\"breadcrumb\":{\"@id\":\"https:\/\/business.roovi.com\/hu\/puzzle-sighisoara-romania-felnott-puzzle-1000-darab-discover-europe\/p\/#breadcrumb\"},\"inLanguage\":\"hu\",\"potentialAction\":[{\"@type\":\"ReadAction\",\"target\":[\"https:\/\/business.roovi.com\/hu\/puzzle-sighisoara-romania-felnott-puzzle-1000-darab-discover-europe\/p\/\"]}]},{\"@type\":\"BreadcrumbList\",\"@id\":\"https:\/\/business.roovi.com\/hu\/puzzle-sighisoara-romania-felnott-puzzle-1000-darab-discover-europe\/p\/#breadcrumb\",\"itemListElement\":[{\"@type\":\"ListItem\",\"position\":1,\"name\":\"Home\",\"item\":\"https:\/\/business.roovi.com\/hu\/\"},{\"@type\":\"ListItem\",\"position\":2,\"name\":\"Shop\",\"item\":\"https:\/\/business.roovi.com\/hu\/shop\/\"},{\"@type\":\"ListItem\",\"position\":3,\"name\":\"Puzzle Sighisoara, Rom\u00e1nia &#8211; Feln\u0151tt puzzle 1000 darab &#8211; Discover Europe\"}]},{\"@type\":\"WebSite\",\"@id\":\"https:\/\/business.roovi.com\/hu\/#website\",\"url\":\"https:\/\/business.roovi.com\/hu\/\",\"name\":\"Roovi B2B\",\"description\":\"Roovi Business Website\",\"potentialAction\":[{\"@type\":\"SearchAction\",\"target\":{\"@type\":\"EntryPoint\",\"urlTemplate\":\"https:\/\/business.roovi.com\/hu\/?s={search_term_string}\"},\"query-input\":\"required name=search_term_string\"}],\"inLanguage\":\"hu\"}]}<\/script>\n<!-- \/ Yoast SEO plugin. -->","yoast_head_json":{"title":"Puzzle Sighisoara, Rom\u00e1nia - Feln\u0151tt puzzle 1000 darab - Discover Europe","description":"Puzzle Sighisoara, Rom\u00e1nia - Feln\u0151tt puzzle 1000 darab - Discover Europe","robots":{"index":"index","follow":"follow","max-snippet":"max-snippet:-1","max-image-preview":"max-image-preview:large","max-video-preview":"max-video-preview:-1"},"canonical":"https:\/\/business.roovi.com\/hu\/puzzle-sighisoara-romania-felnott-puzzle-1000-darab-discover-europe\/p\/","og_locale":"hu_HU","og_type":"article","og_title":"Puzzle Sighisoara, Rom\u00e1nia - Feln\u0151tt puzzle 1000 darab - Discover Europe","og_description":"Puzzle Sighisoara, Rom\u00e1nia - Feln\u0151tt puzzle 1000 darab - Discover Europe","og_url":"https:\/\/business.roovi.com\/hu\/puzzle-sighisoara-romania-felnott-puzzle-1000-darab-discover-europe\/p\/","og_site_name":"Roovi B2B","article_publisher":"https:\/\/www.facebook.com\/wwwjucariero","article_modified_time":"2022-07-06T17:49:24+00:00","og_image":[{"width":1200,"height":1200,"url":"https:\/\/business.roovi.com\/wp-content\/uploads\/2018\/04\/65995-02-ansamblu_dimensiuni-cutie-22x22-cm.png","type":"image\/png"}],"twitter_misc":{"Becs\u00fclt olvas\u00e1si id\u0151":"4 perc"},"schema":{"@context":"https:\/\/schema.org","@graph":[{"@type":"WebPage","@id":"https:\/\/business.roovi.com\/hu\/puzzle-sighisoara-romania-felnott-puzzle-1000-darab-discover-europe\/p\/","url":"https:\/\/business.roovi.com\/hu\/puzzle-sighisoara-romania-felnott-puzzle-1000-darab-discover-europe\/p\/","name":"Puzzle Sighisoara, Rom\u00e1nia - Feln\u0151tt puzzle 1000 darab - Discover Europe","isPartOf":{"@id":"https:\/\/business.roovi.com\/hu\/#website"},"datePublished":"2018-04-16T10:56:17+00:00","dateModified":"2022-07-06T17:49:24+00:00","description":"Puzzle Sighisoara, Rom\u00e1nia - Feln\u0151tt puzzle 1000 darab - Discover Europe","breadcrumb":{"@id":"https:\/\/business.roovi.com\/hu\/puzzle-sighisoara-romania-felnott-puzzle-1000-darab-discover-europe\/p\/#breadcrumb"},"inLanguage":"hu","potentialAction":[{"@type":"ReadAction","target":["https:\/\/business.roovi.com\/hu\/puzzle-sighisoara-romania-felnott-puzzle-1000-darab-discover-europe\/p\/"]}]},{"@type":"BreadcrumbList","@id":"https:\/\/business.roovi.com\/hu\/puzzle-sighisoara-romania-felnott-puzzle-1000-darab-discover-europe\/p\/#breadcrumb","itemListElement":[{"@type":"ListItem","position":1,"name":"Home","item":"https:\/\/business.roovi.com\/hu\/"},{"@type":"ListItem","position":2,"name":"Shop","item":"https:\/\/business.roovi.com\/hu\/shop\/"},{"@type":"ListItem","position":3,"name":"Puzzle Sighisoara, Rom\u00e1nia &#8211; Feln\u0151tt puzzle 1000 darab &#8211; Discover Europe"}]},{"@type":"WebSite","@id":"https:\/\/business.roovi.com\/hu\/#website","url":"https:\/\/business.roovi.com\/hu\/","name":"Roovi B2B","description":"Roovi Business Website","potentialAction":[{"@type":"SearchAction","target":{"@type":"EntryPoint","urlTemplate":"https:\/\/business.roovi.com\/hu\/?s={search_term_string}"},"query-input":"required name=search_term_string"}],"inLanguage":"hu"}]}},"_links":{"self":[{"href":"https:\/\/business.roovi.com\/hu\/wp-json\/wp\/v2\/product\/41683","targetHints":{"allow":["GET"]}}],"collection":[{"href":"https:\/\/business.roovi.com\/hu\/wp-json\/wp\/v2\/product"}],"about":[{"href":"https:\/\/business.roovi.com\/hu\/wp-json\/wp\/v2\/types\/product"}],"version-history":[{"count":0,"href":"https:\/\/business.roovi.com\/hu\/wp-json\/wp\/v2\/product\/41683\/revisions"}],"wp:featuredmedia":[{"embeddable":true,"href":"https:\/\/business.roovi.com\/hu\/wp-json\/wp\/v2\/media\/34665"}],"wp:attachment":[{"href":"https:\/\/business.roovi.com\/hu\/wp-json\/wp\/v2\/media?parent=41683"}],"wp:term":[{"taxonomy":"product_brand","embeddable":true,"href":"https:\/\/business.roovi.com\/hu\/wp-json\/wp\/v2\/product_brand?post=41683"},{"taxonomy":"product_cat","embeddable":true,"href":"https:\/\/business.roovi.com\/hu\/wp-json\/wp\/v2\/product_cat?post=41683"},{"taxonomy":"product_tag","embeddable":true,"href":"https:\/\/business.roovi.com\/hu\/wp-json\/wp\/v2\/product_tag?post=41683"}],"curies":[{"name":"wp","href":"https:\/\/api.w.org\/{rel}","templated":true}]}}