{"id":41687,"date":"2018-04-16T10:56:17","date_gmt":"2018-04-16T10:56:17","guid":{"rendered":"https:\/\/business.roovi.com\/puzzle-adulti-1000-piese-discover-europe-casa-batllo-barcelona\/p\/"},"modified":"2022-07-06T17:49:33","modified_gmt":"2022-07-06T17:49:33","slug":"puzzle-casa-batllo-barcelona-felnott-puzzle-1000-darab-discover-europe","status":"publish","type":"product","link":"https:\/\/business.roovi.com\/hu\/puzzle-casa-batllo-barcelona-felnott-puzzle-1000-darab-discover-europe\/p\/","title":{"rendered":"Puzzle Casa Batll\u00f3, Barcelona &#8211; Feln\u0151tt puzzle 1000 darab &#8211; Discover Europe"},"content":{"rendered":"<p><strong><em>Eur\u00f3pa leny\u0171g\u00f6z\u0151 l\u00e1tnival\u00f3i v\u00e1rnak r\u00e1d, hogy felfedezd az \u00faj, 1000 darabos Discover Europe feln\u0151tt puzzle kollekci\u00f3val.<\/em><\/strong><\/p>\n<p><span style=\"font-weight: 400\">Ez a leny\u0171g\u00f6z\u0151 gy\u0171jtem\u00e9ny nem hagyhatta ki Barcelona egyik ikonikus nevezetess\u00e9g\u00e9t: a Casa <\/span><span style=\"font-weight: 400\">Batll\u00f3<\/span><span style=\"font-weight: 400\">. A h\u00edres \u00e9p\u00fclet a <\/span><span style=\"font-weight: 400\">Antoni Gaud\u00ed, a katal\u00e1n \u00e9p\u00edt\u00e9sz, aki olyan egyedi \u00e9p\u00edt\u00e9szeti nyelvet teremtett, amely nem engedi a besorol\u00e1st <\/span><\/p>\n<p><span style=\"font-weight: 400\">Az \u00e9p\u00fclet kialak\u00edt\u00e1sa a zseni\u00e1lis Gaud\u00ed szabad \u00e9s kreat\u00edv szellem\u00e9t id\u00e9zi. A t\u00f6r\u00f6tt ker\u00e1miacsemp\u00e9kb\u0151l k\u00e9sz\u00fclt mozaikos homlokzat, a s\u00e1rk\u00e1ny h\u00e1t\u00e1t id\u00e9z\u0151 bolt\u00edves tet\u0151 \u00e9s a sz\u00ednek t\u00f6k\u00e9letes harm\u00f3ni\u00e1ja minden szeml\u00e9l\u0151t leny\u0171g\u00f6z, \u00e9s a j\u00e1r\u00f3kel\u0151k a nap b\u00e1rmely szak\u00e1ban meg\u00e1llnak, hogy megcsod\u00e1lj\u00e1k a csod\u00e1latos \u00e9p\u00fcletet.<\/span><\/p>\n<p><span style=\"font-weight: 400\">Engedje mag\u00e1t kreat\u00edv gondolatokra inspir\u00e1lni, \u00e9s alkossa \u00fajra a Batll\u00f3-h\u00e1z l\u00e1tv\u00e1nyos, 1000 darabos puzzle-homlokzat\u00e1t. Megtapasztalhatod egy olyan alkot\u00f3 \u00e9rz\u00e9seit, akinek a kez\u00e9b\u0151l igazi remekm\u0171 sz\u00fcletik <\/span><\/p>\n<p><span style=\"font-weight: 400\">A v\u00e9g\u00e9n a tenger ihlette, t\u00fal\u00e1rad\u00f3 homlokzat gy\u00f6ny\u00f6rk\u00f6dteti az \u00e9rz\u00e9keket, \u00e9s egyed\u00fcl\u00e1ll\u00f3 utaz\u00e1sra visz a tenger, a sz\u00e9ps\u00e9g \u00e9s a m\u0171v\u00e9szet vil\u00e1g\u00e1ba <\/span><\/p>\n<p><strong>Mi\u00e9rt v\u00e1lassza az 1000 darabos Casa Batll\u00f3 puzzle-t?<\/strong><\/p>\n<p><span style=\"font-weight: 400\">Lehet\u0151s\u00e9ge van arra, hogy egyedi k\u00e9pet alkosson, \u00e9s r\u00e9szletesen megcsod\u00e1lja a vil\u00e1gh\u00edr\u0171 m\u0171eml\u00e9k kiv\u00e9teles \u00e9p\u00edt\u00e9szeti elemeit.<\/span><\/p>\n<p><span style=\"font-weight: 400\">Egy 68 x 47 cm-es festm\u00e9nyt kapsz, amely kifinomult hangulatot k\u00f6lcs\u00f6n\u00f6z otthonod b\u00e1rmelyik unalmas hely\u00e9nek.<\/span><\/p>\n<p><span style=\"font-weight: 400\">Kiv\u00e1l\u00f3 min\u0151s\u00e9g\u0171 k\u00e9k kartonb\u00f3l k\u00e9sz\u00fclt, amely t\u00f6bbsz\u00f6ri \u00f6sszeszerel\u00e9s eset\u00e9n is er\u0151ss\u00e9 teszi a darabokat.<\/span><\/p>\n<p><span style=\"font-weight: 400\">Kirak\u00f3s j\u00e1t\u00e9kaink gy\u00e1rt\u00e1s\u00e1hoz kiz\u00e1r\u00f3lag fenntarthat\u00f3 \u00e9s \u00fajrahasznos\u00edthat\u00f3 anyagokat haszn\u00e1lunk.<\/span><\/p>\n<p><span style=\"font-weight: 400\">F\u00e9lf\u00e9nyes kivitel\u0171, \u00e9s \u00e9l\u00e9nk sz\u00ednekkel rendelkezik, amelyek kiemelik a k\u00e9p sz\u00e9ps\u00e9g\u00e9t.<\/span><\/p>\n<p><span style=\"font-weight: 400\">14 \u00e9v felettiek sz\u00e1m\u00e1ra alkalmas, egy extra ok arra, hogy a tizen\u00e9vesek is megismerkedjenek a nagy Gaud\u00ed munk\u00e1ss\u00e1g\u00e1val.<\/span><\/p>\n<p><span style=\"font-weight: 400\">A rejtv\u00e9nyj\u00e1t\u00e9kok t\u00f6bbf\u00e9le el\u0151nyt biztos\u00edtanak, ami a jelenlegi tev\u00e9kenys\u00e9geidben is megmutatkozik:<\/span><\/p>\n<ul>\n<li><span style=\"font-weight: 400\">Ezek a mindennapokt\u00f3l val\u00f3 elszakad\u00e1s eszk\u00f6zei.<\/span><\/li>\n<li><span style=\"font-weight: 400\">T\u00fcrelemre, kitart\u00e1sra \u00e9s a r\u00e9szletekre val\u00f3 odafigyel\u00e9sre nevelnek.<\/span><\/li>\n<li><span style=\"font-weight: 400\">Jav\u00edtj\u00e1k a probl\u00e9mamegold\u00f3 k\u00e9pess\u00e9get.<\/span><\/li>\n<li><span style=\"font-weight: 400\">Ezek n\u00f6velik a boldogs\u00e1ghormon dopamin szintj\u00e9t, \u00e9s el\u00e9gedetts\u00e9get \u00e9s optimizmust adnak.<\/span><\/li>\n<li><span style=\"font-weight: 400\">Seg\u00edtenek abban, hogy produkt\u00edvabb\u00e1 v\u00e1lj, mert hossz\u00fa ideig egyetlen feladatra koncentr\u00e1lsz.<\/span><\/li>\n<\/ul>\n<p><strong>Tudtad, hogy&#8230;?<\/strong><\/p>\n<p><span style=\"font-weight: 400\">N\u00e9v <\/span><em><span style=\"font-weight: 400\">Batll\u00f3 H\u00e1z <\/span><\/em><span style=\"font-weight: 400\">azt jelenti <\/span><em><span style=\"font-weight: 400\">A csontok h\u00e1za<\/span><\/em><span style=\"font-weight: 400\"> \u00e9s abb\u00f3l a t\u00e9nyb\u0151l ered, hogy a homlokzat r\u00e9szletei csontform\u00e1kat sugallnak. Ezek \u00e1ll\u00edt\u00f3lag a Szent Gy\u00f6rgy \u00e1ltal legy\u0151z\u00f6tt s\u00e1rk\u00e1ny \u00e1ldozatainak csontjai.<\/span><\/p>\n<p><span style=\"font-weight: 400\">Josep Batll\u00f3, az \u00fczletember, aki 1903-ban megv\u00e1s\u00e1rolta az \u00e9p\u00fcletet, le akarta bontani \u00e9s \u00faj h\u00e1zat \u00e9p\u00edteni. Gaud\u00ed azonban meggy\u0151zte \u0151t, hogy erre nincs sz\u00fcks\u00e9g, \u00fajragondolta a terv\u00e9t, \u00e9s az \u0151 \u00f6sszet\u00e9veszthetetlen szecesszi\u00f3s st\u00edlus\u00e1ban tervezte \u00fajra.<\/span><\/p>\n<p><span style=\"font-weight: 400\">A Batll\u00f3-h\u00e1z homlokzat\u00e1n egy olyan t\u00edpus\u00fa d\u00edsz\u00edt\u00e9s l\u00e1that\u00f3, amely mozaikk\u00e1 \u00f6ssze\u00e1ll\u00edtott t\u00f6r\u00f6tt \u00fcvegdarabokb\u00f3l k\u00e9sz\u00fclt, ez az elj\u00e1r\u00e1s az \u00fan <\/span><em><span style=\"font-weight: 400\">trencad\u00eds <\/span><\/em><span style=\"font-weight: 400\"> Ez volt az \u00e9p\u00edt\u00e9sz egyik kedvenc technik\u00e1ja a fenntarthat\u00f3s\u00e1g \u00e9s az eszt\u00e9tikai \u00e9rt\u00e9k miatt.<\/span><\/p>\n<p><strong>A stressz levezet\u00e9s\u00e9nek m\u00f3dj\u00e1t keresi? Az 1000 darabos kirak\u00f3s j\u00f6n a megment\u00e9sedre<\/strong><\/p>\n<p><span style=\"font-weight: 400\">Ha id\u0151t t\u00f6ltesz azzal, hogy \u00f6sszeraksz egy 1000 darabos kirak\u00f3t Gaud\u00ed egyik remekm\u0171v\u00e9r\u0151l, megszabadulsz a negat\u00edv gondolatokt\u00f3l \u00e9s a stresszt\u0151l. Egy m\u0171alkot\u00e1s el\u0151tt minden aggodalom elt\u0171nik. Olyan kreat\u00edv tev\u00e9kenys\u00e9get \u00e9s b\u00e9k\u00e9s \u00e1llapotot \u00e9lsz \u00e1t, amelyet csak a sz\u00e9ps\u00e9g \u00e9s a sz\u00ednek hozhatnak.<\/span><\/p>\n<p><span style=\"font-weight: 400\">Engedje, hogy mag\u00e1val ragadja a pozit\u00edv energia \u00e9s a kreat\u00edv optimizmus, amelyet a Casa Batll\u00f3 feln\u0151tt puzzle minden egyes darabja sug\u00e1roz, \u00e9s pihenjen egy kicsit a mindennapok ny\u00fczsg\u00e9s\u00e9b\u0151l.<\/span><\/p>\n<p><span style=\"font-weight: 400\">1000 darab Casa Batll\u00f3 puzzle<\/span> <span style=\"font-weight: 400\">megv\u00e1s\u00e1rolhatja, hogy \u00f6sszerakja, amikor \u00fagy \u00e9rzi, hogy el kell vonulnia a bels\u0151 vil\u00e1g\u00e1ba, hogy min\u0151s\u00e9gi id\u0151t t\u00f6lts\u00f6n a csal\u00e1dj\u00e1val vagy bar\u00e1taival, vagy ak\u00e1r aj\u00e1nd\u00e9kba is adhatja szeretteinek.<\/span><\/p>\n<p><span style=\"font-weight: 400\">Fedezze fel a Discover Europe term\u00e9kcsal\u00e1d \u00f6sszes kirak\u00f3s j\u00e1t\u00e9k\u00e1t, \u00e9s hozza l\u00e9tre saj\u00e1t 1000 darabos kirak\u00f3s gy\u0171jtem\u00e9ny\u00e9t <\/span><\/p><\/p>\n","protected":false},"excerpt":{"rendered":"<p>Eur\u00f3pa leny\u0171g\u00f6z\u0151 l\u00e1tnival\u00f3i v\u00e1rnak r\u00e1d, hogy felfedezd az \u00faj, 1000 darabos Discover Europe feln\u0151tt puzzle kollekci\u00f3val. Ez a leny\u0171g\u00f6z\u0151 gy\u0171jtem\u00e9ny<\/p>\n","protected":false},"featured_media":34679,"template":"","meta":[],"product_brand":[],"product_cat":[1920,1919,1881],"product_tag":[],"class_list":{"0":"post-41687","1":"product","2":"type-product","3":"status-publish","4":"has-post-thumbnail","6":"product_cat-1000-darabos-kirakos-jatek","7":"product_cat-felnott-kirakos-jatekok","8":"product_cat-kirakos-jatekok","9":"pa_bax-7-hu","10":"pa_brand-d_toys-hu","11":"pa_country_of_manufacture-ro-hu","12":"pa_filter_age-14-hu","13":"pa_painter-discover-europe-hu","14":"pa_tip_ambalaj-doboz","15":"pa_tip_puzzle-klasszikus","17":"first","18":"instock","19":"taxable","20":"shipping-taxable","21":"product-type-simple"},"yoast_head":"<!-- This site is optimized with the Yoast SEO plugin v20.1 - https:\/\/yoast.com\/wordpress\/plugins\/seo\/ -->\n<title>Puzzle Casa Batll\u00f3, Barcelona - Feln\u0151tt puzzle 1000 darab - Discover Europe<\/title>\n<meta name=\"description\" content=\"Puzzle Casa Batll\u00f3, Barcelona - Feln\u0151tt puzzle 1000 darab - Discover Europe\" \/>\n<meta name=\"robots\" content=\"index, follow, max-snippet:-1, max-image-preview:large, max-video-preview:-1\" \/>\n<link rel=\"canonical\" href=\"https:\/\/business.roovi.com\/hu\/puzzle-casa-batllo-barcelona-felnott-puzzle-1000-darab-discover-europe\/p\/\" \/>\n<meta property=\"og:locale\" content=\"hu_HU\" \/>\n<meta property=\"og:type\" content=\"article\" \/>\n<meta property=\"og:title\" content=\"Puzzle Casa Batll\u00f3, Barcelona - Feln\u0151tt puzzle 1000 darab - Discover Europe\" \/>\n<meta property=\"og:description\" content=\"Puzzle Casa Batll\u00f3, Barcelona - Feln\u0151tt puzzle 1000 darab - Discover Europe\" \/>\n<meta property=\"og:url\" content=\"https:\/\/business.roovi.com\/hu\/puzzle-casa-batllo-barcelona-felnott-puzzle-1000-darab-discover-europe\/p\/\" \/>\n<meta property=\"og:site_name\" content=\"Roovi B2B\" \/>\n<meta property=\"article:publisher\" content=\"https:\/\/www.facebook.com\/wwwjucariero\" \/>\n<meta property=\"article:modified_time\" content=\"2022-07-06T17:49:33+00:00\" \/>\n<meta property=\"og:image\" content=\"https:\/\/business.roovi.com\/wp-content\/uploads\/2018\/04\/65995-04-ansamblu_dimensiuni-cutie-22x22-cm.png\" \/>\n\t<meta property=\"og:image:width\" content=\"1140\" \/>\n\t<meta property=\"og:image:height\" content=\"1140\" \/>\n\t<meta property=\"og:image:type\" content=\"image\/png\" \/>\n<meta name=\"twitter:label1\" content=\"Becs\u00fclt olvas\u00e1si id\u0151\" \/>\n\t<meta name=\"twitter:data1\" content=\"4 perc\" \/>\n<script type=\"application\/ld+json\" class=\"yoast-schema-graph\">{\"@context\":\"https:\/\/schema.org\",\"@graph\":[{\"@type\":\"WebPage\",\"@id\":\"https:\/\/business.roovi.com\/hu\/puzzle-casa-batllo-barcelona-felnott-puzzle-1000-darab-discover-europe\/p\/\",\"url\":\"https:\/\/business.roovi.com\/hu\/puzzle-casa-batllo-barcelona-felnott-puzzle-1000-darab-discover-europe\/p\/\",\"name\":\"Puzzle Casa Batll\u00f3, Barcelona - Feln\u0151tt puzzle 1000 darab - Discover Europe\",\"isPartOf\":{\"@id\":\"https:\/\/business.roovi.com\/hu\/#website\"},\"datePublished\":\"2018-04-16T10:56:17+00:00\",\"dateModified\":\"2022-07-06T17:49:33+00:00\",\"description\":\"Puzzle Casa Batll\u00f3, Barcelona - Feln\u0151tt puzzle 1000 darab - Discover Europe\",\"breadcrumb\":{\"@id\":\"https:\/\/business.roovi.com\/hu\/puzzle-casa-batllo-barcelona-felnott-puzzle-1000-darab-discover-europe\/p\/#breadcrumb\"},\"inLanguage\":\"hu\",\"potentialAction\":[{\"@type\":\"ReadAction\",\"target\":[\"https:\/\/business.roovi.com\/hu\/puzzle-casa-batllo-barcelona-felnott-puzzle-1000-darab-discover-europe\/p\/\"]}]},{\"@type\":\"BreadcrumbList\",\"@id\":\"https:\/\/business.roovi.com\/hu\/puzzle-casa-batllo-barcelona-felnott-puzzle-1000-darab-discover-europe\/p\/#breadcrumb\",\"itemListElement\":[{\"@type\":\"ListItem\",\"position\":1,\"name\":\"Home\",\"item\":\"https:\/\/business.roovi.com\/hu\/\"},{\"@type\":\"ListItem\",\"position\":2,\"name\":\"Shop\",\"item\":\"https:\/\/business.roovi.com\/hu\/shop\/\"},{\"@type\":\"ListItem\",\"position\":3,\"name\":\"Puzzle Casa Batll\u00f3, Barcelona &#8211; Feln\u0151tt puzzle 1000 darab &#8211; Discover Europe\"}]},{\"@type\":\"WebSite\",\"@id\":\"https:\/\/business.roovi.com\/hu\/#website\",\"url\":\"https:\/\/business.roovi.com\/hu\/\",\"name\":\"Roovi B2B\",\"description\":\"Roovi Business Website\",\"potentialAction\":[{\"@type\":\"SearchAction\",\"target\":{\"@type\":\"EntryPoint\",\"urlTemplate\":\"https:\/\/business.roovi.com\/hu\/?s={search_term_string}\"},\"query-input\":\"required name=search_term_string\"}],\"inLanguage\":\"hu\"}]}<\/script>\n<!-- \/ Yoast SEO plugin. -->","yoast_head_json":{"title":"Puzzle Casa Batll\u00f3, Barcelona - Feln\u0151tt puzzle 1000 darab - Discover Europe","description":"Puzzle Casa Batll\u00f3, Barcelona - Feln\u0151tt puzzle 1000 darab - Discover Europe","robots":{"index":"index","follow":"follow","max-snippet":"max-snippet:-1","max-image-preview":"max-image-preview:large","max-video-preview":"max-video-preview:-1"},"canonical":"https:\/\/business.roovi.com\/hu\/puzzle-casa-batllo-barcelona-felnott-puzzle-1000-darab-discover-europe\/p\/","og_locale":"hu_HU","og_type":"article","og_title":"Puzzle Casa Batll\u00f3, Barcelona - Feln\u0151tt puzzle 1000 darab - Discover Europe","og_description":"Puzzle Casa Batll\u00f3, Barcelona - Feln\u0151tt puzzle 1000 darab - Discover Europe","og_url":"https:\/\/business.roovi.com\/hu\/puzzle-casa-batllo-barcelona-felnott-puzzle-1000-darab-discover-europe\/p\/","og_site_name":"Roovi B2B","article_publisher":"https:\/\/www.facebook.com\/wwwjucariero","article_modified_time":"2022-07-06T17:49:33+00:00","og_image":[{"width":1140,"height":1140,"url":"https:\/\/business.roovi.com\/wp-content\/uploads\/2018\/04\/65995-04-ansamblu_dimensiuni-cutie-22x22-cm.png","type":"image\/png"}],"twitter_misc":{"Becs\u00fclt olvas\u00e1si id\u0151":"4 perc"},"schema":{"@context":"https:\/\/schema.org","@graph":[{"@type":"WebPage","@id":"https:\/\/business.roovi.com\/hu\/puzzle-casa-batllo-barcelona-felnott-puzzle-1000-darab-discover-europe\/p\/","url":"https:\/\/business.roovi.com\/hu\/puzzle-casa-batllo-barcelona-felnott-puzzle-1000-darab-discover-europe\/p\/","name":"Puzzle Casa Batll\u00f3, Barcelona - Feln\u0151tt puzzle 1000 darab - Discover Europe","isPartOf":{"@id":"https:\/\/business.roovi.com\/hu\/#website"},"datePublished":"2018-04-16T10:56:17+00:00","dateModified":"2022-07-06T17:49:33+00:00","description":"Puzzle Casa Batll\u00f3, Barcelona - Feln\u0151tt puzzle 1000 darab - Discover Europe","breadcrumb":{"@id":"https:\/\/business.roovi.com\/hu\/puzzle-casa-batllo-barcelona-felnott-puzzle-1000-darab-discover-europe\/p\/#breadcrumb"},"inLanguage":"hu","potentialAction":[{"@type":"ReadAction","target":["https:\/\/business.roovi.com\/hu\/puzzle-casa-batllo-barcelona-felnott-puzzle-1000-darab-discover-europe\/p\/"]}]},{"@type":"BreadcrumbList","@id":"https:\/\/business.roovi.com\/hu\/puzzle-casa-batllo-barcelona-felnott-puzzle-1000-darab-discover-europe\/p\/#breadcrumb","itemListElement":[{"@type":"ListItem","position":1,"name":"Home","item":"https:\/\/business.roovi.com\/hu\/"},{"@type":"ListItem","position":2,"name":"Shop","item":"https:\/\/business.roovi.com\/hu\/shop\/"},{"@type":"ListItem","position":3,"name":"Puzzle Casa Batll\u00f3, Barcelona &#8211; Feln\u0151tt puzzle 1000 darab &#8211; Discover Europe"}]},{"@type":"WebSite","@id":"https:\/\/business.roovi.com\/hu\/#website","url":"https:\/\/business.roovi.com\/hu\/","name":"Roovi B2B","description":"Roovi Business Website","potentialAction":[{"@type":"SearchAction","target":{"@type":"EntryPoint","urlTemplate":"https:\/\/business.roovi.com\/hu\/?s={search_term_string}"},"query-input":"required name=search_term_string"}],"inLanguage":"hu"}]}},"_links":{"self":[{"href":"https:\/\/business.roovi.com\/hu\/wp-json\/wp\/v2\/product\/41687","targetHints":{"allow":["GET"]}}],"collection":[{"href":"https:\/\/business.roovi.com\/hu\/wp-json\/wp\/v2\/product"}],"about":[{"href":"https:\/\/business.roovi.com\/hu\/wp-json\/wp\/v2\/types\/product"}],"version-history":[{"count":0,"href":"https:\/\/business.roovi.com\/hu\/wp-json\/wp\/v2\/product\/41687\/revisions"}],"wp:featuredmedia":[{"embeddable":true,"href":"https:\/\/business.roovi.com\/hu\/wp-json\/wp\/v2\/media\/34679"}],"wp:attachment":[{"href":"https:\/\/business.roovi.com\/hu\/wp-json\/wp\/v2\/media?parent=41687"}],"wp:term":[{"taxonomy":"product_brand","embeddable":true,"href":"https:\/\/business.roovi.com\/hu\/wp-json\/wp\/v2\/product_brand?post=41687"},{"taxonomy":"product_cat","embeddable":true,"href":"https:\/\/business.roovi.com\/hu\/wp-json\/wp\/v2\/product_cat?post=41687"},{"taxonomy":"product_tag","embeddable":true,"href":"https:\/\/business.roovi.com\/hu\/wp-json\/wp\/v2\/product_tag?post=41687"}],"curies":[{"name":"wp","href":"https:\/\/api.w.org\/{rel}","templated":true}]}}