{"id":41703,"date":"2018-04-16T10:56:17","date_gmt":"2018-04-16T10:56:17","guid":{"rendered":"https:\/\/business.roovi.com\/mini-puzzle-1000-piese-w-a-bouguereau-the-chilly\/p\/"},"modified":"2022-07-06T17:49:54","modified_gmt":"2022-07-06T17:49:54","slug":"mini-puzzle-1000-darab-w-a-bouguereau-a-huvos","status":"publish","type":"product","link":"https:\/\/business.roovi.com\/hu\/mini-puzzle-1000-darab-w-a-bouguereau-a-huvos\/p\/","title":{"rendered":"Mini puzzle 1000 darab W. A. Bouguereau &#8211; A h\u0171v\u00f6s"},"content":{"rendered":"<p><strong><em>Unatkozik a rossz id\u0151j\u00e1r\u00e1s\u00fa napokon? Fedezze fel az 1000 darabos mini puzzle v\u00e1laszt\u00e9kot a m\u0171v\u00e9szi puzzle kollekci\u00f3b\u00f3l, \u00e9s t\u00f6ltse szabadidej\u00e9t kreat\u00edv \u00e9s sz\u00f3rakoztat\u00f3 m\u00f3don <\/em><\/strong><\/p>\n<p><span style=\"font-weight: 400\">1000 darabos puzzle <\/span><span style=\"font-weight: 400\">W. A. Bouguereau &#8211; A Chilly lehet\u0151s\u00e9get ad arra, hogy te magad is m\u0171v\u00e9sz legy\u00e9l, \u00e9s t\u00f6bb sz\u00e1z darabb\u00f3l alkoss egy-egy remekm\u0171vet.<\/span><\/p>\n<p><span style=\"font-weight: 400\">Az apr\u00f3, finom, prec\u00edzen kiv\u00e1gott darabok t\u00f6k\u00e9letesen illeszkednek egym\u00e1shoz, \u00edgy a v\u00e9gs\u0151 festm\u00e9nyt bekeretezheti, \u00e9s megcsod\u00e1lhatja a Chilly t\u00f6k\u00e9letes m\u00e1solat\u00e1t <\/span><\/p>\n<p><span style=\"font-weight: 400\">William-Adolphe Bouguereau h\u00edres francia fest\u0151, a m\u0171v\u00e9szi realizmus k\u00e9pvisel\u0151je, aki a 19. sz\u00e1zad v\u00e9g\u00e9n \u00e9rte el p\u00e1ly\u00e1ja cs\u00facs\u00e1t. A kor m\u0171v\u00e9szeti vil\u00e1ga k\u00fcl\u00f6n\u00f6sen a fot\u00f3festm\u00e9nyek k\u00e9sz\u00edt\u00e9s\u00e9ben val\u00f3 technikai k\u00e9pess\u00e9gei\u00e9rt \u00e9s a p\u00e1lyafut\u00e1sa sor\u00e1n mindv\u00e9gig meg\u0151rz\u00f6tt hagyom\u00e1nyos szeml\u00e9letm\u00f3dj\u00e1\u00e9rt nagyra \u00e9rt\u00e9kelte <\/span><\/p>\n<p><span style=\"font-weight: 400\">A kirak\u00f3s darabjait a megfelel\u0151 sorrendbe rakva \u00f6sszerakja Bouguereau egyik h\u00edres festm\u00e9ny\u00e9t. A rekonstru\u00e1lt k\u00e9pek m\u00e9rete &#8211; 48 x 34 cm &#8211; ide\u00e1lis egy visszafogott k\u00f6rnyezet kialak\u00edt\u00e1s\u00e1hoz, de az otthon b\u00e1rmelyik unalmas hely\u00e9t feldobja.<\/span><\/p>\n<p><strong>Mi\u00e9rt v\u00e1lasszon egy 1000 darabos mini kirak\u00f3st a m\u0171v\u00e9szi kirak\u00f3s kollekci\u00f3b\u00f3l?<\/strong><\/p>\n<p><span style=\"font-weight: 400\">Az 1000 darabos mini kirak\u00f3s egyed\u00fcl\u00e1ll\u00f3 m\u00f3dja annak, hogy egy eredeti festm\u00e9ny legapr\u00f3bb r\u00e9szleteit is r\u00e9szletesen megcsod\u00e1lhassa.<\/span><\/p>\n<p><span style=\"font-weight: 400\">Kev\u00e9s helyet foglal, praktikus \u00e9s k\u00f6nnyen \u00f6sszeszerelhet\u0151 b\u00e1rhol, ak\u00e1r nyaral\u00e1s k\u00f6zben is.<\/span><\/p>\n<p><span style=\"font-weight: 400\">A mini puzzle-darabk\u00e1k kezel\u00e9se kiv\u00e1l\u00f3 edz\u00e9s, amely minden \u00e9letkorban fenntartja a finom mozg\u00e9konys\u00e1got, a k\u00e9z\u00fcgyess\u00e9get \u00e9s a koordin\u00e1ci\u00f3t.<\/span><\/p>\n<p><span style=\"font-weight: 400\">Seg\u00edt t\u00fcrelmesebb\u00e9 v\u00e1lni, \u00e9s n\u00f6veli a r\u00e9szletekre val\u00f3 figyelmet.<\/span><\/p>\n<p><span style=\"font-weight: 400\">A puzzle-darabok kiv\u00e1l\u00f3 min\u0151s\u00e9g\u0171 kartonb\u00f3l k\u00e9sz\u00fcltek, \u00e9s ellen\u00e1llnak a t\u00f6bbsz\u00f6ri \u00f6sszeszerel\u00e9snek.<\/span><\/p>\n<p><span style=\"font-weight: 400\">Minden 1000 darabos puzzle \u00fajrahasznos\u00edthat\u00f3 \u00e9s fenntarthat\u00f3 anyagokb\u00f3l k\u00e9sz\u00fcl.<\/span><\/p>\n<p><span style=\"font-weight: 400\">F\u00e9lf\u00e9nyes, kellemes sz\u00ednekben pomp\u00e1z\u00f3 fel\u00fcletkezel\u00e9ssel rendelkezik, amely meg\u0151rzi az eredeti t\u00e1bla tisztas\u00e1g\u00e1t <\/span><\/p>\n<p><span style=\"font-weight: 400\">14 \u00e9ves kor felettiek sz\u00e1m\u00e1ra alkalmas, \u00edgy t\u00f6k\u00e9letes lehet\u0151s\u00e9g arra, hogy a tizen\u00e9veseket is bevezesse a m\u0171v\u00e9szeti alkot\u00e1sok leny\u0171g\u00f6z\u0151 vil\u00e1g\u00e1ba.<\/span><\/p>\n<p><strong>Tudtad, hogy&#8230;?<\/strong><\/p>\n<p><span style=\"font-weight: 400\">B\u00e1r \u00e9let\u00e9ben nagyra becs\u00fclt\u00e9k m\u0171v\u00e9szi tehets\u00e9g\u00e9t \u00e9s a kiv\u00e1l\u00f3 technik\u00e1t, amellyel m\u0171veit alkotta, William-Adolphe Bouguereau \u00e9lete v\u00e9g\u00e9n \u00e1rny\u00e9kba ker\u00fclt. Festm\u00e9nyeit t\u00fals\u00e1gosan hagyom\u00e1nyosnak tartj\u00e1k a 20. sz\u00e1zad elej\u00e9n <\/span><\/p>\n<p><span style=\"font-weight: 400\">R\u00e1ad\u00e1sul a nev\u00e9t n\u00e9gy \u00e9vtizeden \u00e1t nem is eml\u00edtik a m\u0171v\u00e9szeti lexikonokban. Munk\u00e1ss\u00e1ga ma m\u00e1r elismert, \u00e9s festm\u00e9nyei vil\u00e1gszerte 100 m\u00fazeum gy\u0171jtem\u00e9ny\u00e9t gazdag\u00edtj\u00e1k.<\/span><\/p>\n<p><strong>W. A. Bouguereau &#8211; The Chilly 1000 darabos mini puzzle a sok-sok \u00f3r\u00e1nyi kikapcsol\u00f3d\u00e1shoz <\/strong><\/p>\n<p><span style=\"font-weight: 400\">Egy hossz\u00fa h\u00e9tv\u00e9ge a szeretteiddel, egy vid\u00e1m este a bar\u00e1taiddal, vagy mi\u00e9rt ne, egy neked szentelt nap csak n\u00e9h\u00e1ny alkalom, amikor \u00f6ssze\u00e1ll\u00edthatod ezt a csod\u00e1latos m\u0171v\u00e9szi kirak\u00f3t <\/span><\/p>\n<p><span style=\"font-weight: 400\">Ahhoz, hogy felt\u00f6lt\u0151dj \u00e9s legyen energi\u00e1d a mindennapi feladatokhoz, a pihen\u00e9s pillanatai rendk\u00edv\u00fcl \u00e9rt\u00e9kesek. Az 1000 darabos mini puzzle t\u00f6bb, mint egyszer\u0171 szabadid\u0151s tev\u00e9kenys\u00e9g. Seg\u00edt elszakadni a mindennapi gondokt\u00f3l, \u00e9s bel\u00e9pni a sz\u00ednek leny\u0171g\u00f6z\u0151 vil\u00e1g\u00e1ba. A b\u00e9ke \u00e9s a boldogs\u00e1g \u00e1llapot\u00e1t \u00e9led \u00e1t, \u00e9s \u00e9rt\u00e9keled az \u00e9let egyszer\u0171 \u00f6r\u00f6meib\u0151l fakad\u00f3 \u00f6r\u00f6m\u00f6t.<\/span><\/p>\n<p><span style=\"font-weight: 400\">V\u00e1lassza a The Chilly 1000 darabos mini kirak\u00f3st a m\u0171v\u00e9szi kirak\u00f3s kollekci\u00f3b\u00f3l, \u00e9s tartsa otthon\u00e1ban, amikor \u00fagy \u00e9rzi, hogy sz\u00fcks\u00e9ge van egy kreat\u00edv kih\u00edv\u00e1sra, egyed\u00fcl vagy szeretteivel. Emellett ez a csod\u00e1latos feln\u0151tt puzzle remek aj\u00e1nd\u00e9k lehet k\u00fcl\u00f6nb\u00f6z\u0151 sz\u00fclet\u00e9snapi alkalmakra.<\/span><\/p><\/p>\n","protected":false},"excerpt":{"rendered":"<p>Unatkozik a rossz id\u0151j\u00e1r\u00e1s\u00fa napokon? Fedezze fel az 1000 darabos mini puzzle v\u00e1laszt\u00e9kot a m\u0171v\u00e9szi puzzle kollekci\u00f3b\u00f3l, \u00e9s t\u00f6ltse szabadidej\u00e9t<\/p>\n","protected":false},"featured_media":63210,"template":"","meta":[],"product_brand":[],"product_cat":[1920,1919,1881],"product_tag":[],"class_list":{"0":"post-41703","1":"product","2":"type-product","3":"status-publish","4":"has-post-thumbnail","6":"product_cat-1000-darabos-kirakos-jatek","7":"product_cat-felnott-kirakos-jatekok","8":"product_cat-kirakos-jatekok","9":"pa_bax-10-hu","10":"pa_brand-d_toys-hu","11":"pa_country_of_manufacture-ro-hu","12":"pa_filter_age-14-hu","13":"pa_painter-muveszeti-gyujtemeny","14":"pa_tip_ambalaj-doboz","15":"pa_tip_puzzle-klasszikus","17":"first","18":"instock","19":"taxable","20":"shipping-taxable","21":"product-type-simple"},"yoast_head":"<!-- This site is optimized with the Yoast SEO plugin v20.1 - https:\/\/yoast.com\/wordpress\/plugins\/seo\/ -->\n<title>Mini puzzle 1000 darab W. A. Bouguereau - A h\u0171v\u00f6s<\/title>\n<meta name=\"description\" content=\"Mini puzzle 1000 darab W. A. Bouguereau - A h\u0171v\u00f6s\" \/>\n<meta name=\"robots\" content=\"index, follow, max-snippet:-1, max-image-preview:large, max-video-preview:-1\" \/>\n<link rel=\"canonical\" href=\"https:\/\/business.roovi.com\/hu\/mini-puzzle-1000-darab-w-a-bouguereau-a-huvos\/p\/\" \/>\n<meta property=\"og:locale\" content=\"hu_HU\" \/>\n<meta property=\"og:type\" content=\"article\" \/>\n<meta property=\"og:title\" content=\"Mini puzzle 1000 darab W. A. Bouguereau - A h\u0171v\u00f6s\" \/>\n<meta property=\"og:description\" content=\"Mini puzzle 1000 darab W. A. Bouguereau - A h\u0171v\u00f6s\" \/>\n<meta property=\"og:url\" content=\"https:\/\/business.roovi.com\/hu\/mini-puzzle-1000-darab-w-a-bouguereau-a-huvos\/p\/\" \/>\n<meta property=\"og:site_name\" content=\"Roovi B2B\" \/>\n<meta property=\"article:publisher\" content=\"https:\/\/www.facebook.com\/wwwjucariero\" \/>\n<meta property=\"article:modified_time\" content=\"2022-07-06T17:49:54+00:00\" \/>\n<meta property=\"og:image\" content=\"https:\/\/business.roovi.com\/wp-content\/uploads\/2018\/04\/67364-02_ansamblu_dimensiuni_cutie_30x30x5_cm.png\" \/>\n\t<meta property=\"og:image:width\" content=\"1200\" \/>\n\t<meta property=\"og:image:height\" content=\"1200\" \/>\n\t<meta property=\"og:image:type\" content=\"image\/png\" \/>\n<meta name=\"twitter:label1\" content=\"Becs\u00fclt olvas\u00e1si id\u0151\" \/>\n\t<meta name=\"twitter:data1\" content=\"4 perc\" \/>\n<script type=\"application\/ld+json\" class=\"yoast-schema-graph\">{\"@context\":\"https:\/\/schema.org\",\"@graph\":[{\"@type\":\"WebPage\",\"@id\":\"https:\/\/business.roovi.com\/hu\/mini-puzzle-1000-darab-w-a-bouguereau-a-huvos\/p\/\",\"url\":\"https:\/\/business.roovi.com\/hu\/mini-puzzle-1000-darab-w-a-bouguereau-a-huvos\/p\/\",\"name\":\"Mini puzzle 1000 darab W. A. Bouguereau - A h\u0171v\u00f6s\",\"isPartOf\":{\"@id\":\"https:\/\/business.roovi.com\/hu\/#website\"},\"datePublished\":\"2018-04-16T10:56:17+00:00\",\"dateModified\":\"2022-07-06T17:49:54+00:00\",\"description\":\"Mini puzzle 1000 darab W. A. Bouguereau - A h\u0171v\u00f6s\",\"breadcrumb\":{\"@id\":\"https:\/\/business.roovi.com\/hu\/mini-puzzle-1000-darab-w-a-bouguereau-a-huvos\/p\/#breadcrumb\"},\"inLanguage\":\"hu\",\"potentialAction\":[{\"@type\":\"ReadAction\",\"target\":[\"https:\/\/business.roovi.com\/hu\/mini-puzzle-1000-darab-w-a-bouguereau-a-huvos\/p\/\"]}]},{\"@type\":\"BreadcrumbList\",\"@id\":\"https:\/\/business.roovi.com\/hu\/mini-puzzle-1000-darab-w-a-bouguereau-a-huvos\/p\/#breadcrumb\",\"itemListElement\":[{\"@type\":\"ListItem\",\"position\":1,\"name\":\"Home\",\"item\":\"https:\/\/business.roovi.com\/hu\/\"},{\"@type\":\"ListItem\",\"position\":2,\"name\":\"Shop\",\"item\":\"https:\/\/business.roovi.com\/hu\/shop\/\"},{\"@type\":\"ListItem\",\"position\":3,\"name\":\"Mini puzzle 1000 darab W. A. Bouguereau &#8211; A h\u0171v\u00f6s\"}]},{\"@type\":\"WebSite\",\"@id\":\"https:\/\/business.roovi.com\/hu\/#website\",\"url\":\"https:\/\/business.roovi.com\/hu\/\",\"name\":\"Roovi B2B\",\"description\":\"Roovi Business Website\",\"potentialAction\":[{\"@type\":\"SearchAction\",\"target\":{\"@type\":\"EntryPoint\",\"urlTemplate\":\"https:\/\/business.roovi.com\/hu\/?s={search_term_string}\"},\"query-input\":\"required name=search_term_string\"}],\"inLanguage\":\"hu\"}]}<\/script>\n<!-- \/ Yoast SEO plugin. -->","yoast_head_json":{"title":"Mini puzzle 1000 darab W. A. Bouguereau - A h\u0171v\u00f6s","description":"Mini puzzle 1000 darab W. A. Bouguereau - A h\u0171v\u00f6s","robots":{"index":"index","follow":"follow","max-snippet":"max-snippet:-1","max-image-preview":"max-image-preview:large","max-video-preview":"max-video-preview:-1"},"canonical":"https:\/\/business.roovi.com\/hu\/mini-puzzle-1000-darab-w-a-bouguereau-a-huvos\/p\/","og_locale":"hu_HU","og_type":"article","og_title":"Mini puzzle 1000 darab W. A. Bouguereau - A h\u0171v\u00f6s","og_description":"Mini puzzle 1000 darab W. A. Bouguereau - A h\u0171v\u00f6s","og_url":"https:\/\/business.roovi.com\/hu\/mini-puzzle-1000-darab-w-a-bouguereau-a-huvos\/p\/","og_site_name":"Roovi B2B","article_publisher":"https:\/\/www.facebook.com\/wwwjucariero","article_modified_time":"2022-07-06T17:49:54+00:00","og_image":[{"width":1200,"height":1200,"url":"https:\/\/business.roovi.com\/wp-content\/uploads\/2018\/04\/67364-02_ansamblu_dimensiuni_cutie_30x30x5_cm.png","type":"image\/png"}],"twitter_misc":{"Becs\u00fclt olvas\u00e1si id\u0151":"4 perc"},"schema":{"@context":"https:\/\/schema.org","@graph":[{"@type":"WebPage","@id":"https:\/\/business.roovi.com\/hu\/mini-puzzle-1000-darab-w-a-bouguereau-a-huvos\/p\/","url":"https:\/\/business.roovi.com\/hu\/mini-puzzle-1000-darab-w-a-bouguereau-a-huvos\/p\/","name":"Mini puzzle 1000 darab W. A. Bouguereau - A h\u0171v\u00f6s","isPartOf":{"@id":"https:\/\/business.roovi.com\/hu\/#website"},"datePublished":"2018-04-16T10:56:17+00:00","dateModified":"2022-07-06T17:49:54+00:00","description":"Mini puzzle 1000 darab W. A. Bouguereau - A h\u0171v\u00f6s","breadcrumb":{"@id":"https:\/\/business.roovi.com\/hu\/mini-puzzle-1000-darab-w-a-bouguereau-a-huvos\/p\/#breadcrumb"},"inLanguage":"hu","potentialAction":[{"@type":"ReadAction","target":["https:\/\/business.roovi.com\/hu\/mini-puzzle-1000-darab-w-a-bouguereau-a-huvos\/p\/"]}]},{"@type":"BreadcrumbList","@id":"https:\/\/business.roovi.com\/hu\/mini-puzzle-1000-darab-w-a-bouguereau-a-huvos\/p\/#breadcrumb","itemListElement":[{"@type":"ListItem","position":1,"name":"Home","item":"https:\/\/business.roovi.com\/hu\/"},{"@type":"ListItem","position":2,"name":"Shop","item":"https:\/\/business.roovi.com\/hu\/shop\/"},{"@type":"ListItem","position":3,"name":"Mini puzzle 1000 darab W. A. Bouguereau &#8211; A h\u0171v\u00f6s"}]},{"@type":"WebSite","@id":"https:\/\/business.roovi.com\/hu\/#website","url":"https:\/\/business.roovi.com\/hu\/","name":"Roovi B2B","description":"Roovi Business Website","potentialAction":[{"@type":"SearchAction","target":{"@type":"EntryPoint","urlTemplate":"https:\/\/business.roovi.com\/hu\/?s={search_term_string}"},"query-input":"required name=search_term_string"}],"inLanguage":"hu"}]}},"_links":{"self":[{"href":"https:\/\/business.roovi.com\/hu\/wp-json\/wp\/v2\/product\/41703","targetHints":{"allow":["GET"]}}],"collection":[{"href":"https:\/\/business.roovi.com\/hu\/wp-json\/wp\/v2\/product"}],"about":[{"href":"https:\/\/business.roovi.com\/hu\/wp-json\/wp\/v2\/types\/product"}],"version-history":[{"count":0,"href":"https:\/\/business.roovi.com\/hu\/wp-json\/wp\/v2\/product\/41703\/revisions"}],"wp:featuredmedia":[{"embeddable":true,"href":"https:\/\/business.roovi.com\/hu\/wp-json\/wp\/v2\/media\/63210"}],"wp:attachment":[{"href":"https:\/\/business.roovi.com\/hu\/wp-json\/wp\/v2\/media?parent=41703"}],"wp:term":[{"taxonomy":"product_brand","embeddable":true,"href":"https:\/\/business.roovi.com\/hu\/wp-json\/wp\/v2\/product_brand?post=41703"},{"taxonomy":"product_cat","embeddable":true,"href":"https:\/\/business.roovi.com\/hu\/wp-json\/wp\/v2\/product_cat?post=41703"},{"taxonomy":"product_tag","embeddable":true,"href":"https:\/\/business.roovi.com\/hu\/wp-json\/wp\/v2\/product_tag?post=41703"}],"curies":[{"name":"wp","href":"https:\/\/api.w.org\/{rel}","templated":true}]}}