{"id":41707,"date":"2018-04-16T10:56:17","date_gmt":"2018-04-16T10:56:17","guid":{"rendered":"https:\/\/business.roovi.com\/mini-puzzle-1000-piese-w-a-bouguereau-the-bird\/p\/"},"modified":"2022-10-25T11:25:59","modified_gmt":"2022-10-25T11:25:59","slug":"mini-puzzle-1000-darab-w-a-bouguereau-a-madar","status":"publish","type":"product","link":"https:\/\/business.roovi.com\/hu\/mini-puzzle-1000-darab-w-a-bouguereau-a-madar\/p\/","title":{"rendered":"Mini puzzle 1000 darab W. A. Bouguereau &#8211; A mad\u00e1r"},"content":{"rendered":"<p><strong><em>Szenved\u00e9lyesen szereted a puzzle j\u00e1t\u00e9kokat? Gyakorold a k\u00e9pess\u00e9geidet az 1000 darabos, m\u0171v\u00e9szi k\u00e9pekkel ell\u00e1tott mini kirak\u00f3s j\u00e1t\u00e9kokkal <\/em><\/strong><\/p>\n<p><span style=\"font-weight: 400;\">W.A <\/span><span style=\"font-weight: 400;\">Bouguereau h\u00edres arr\u00f3l a technik\u00e1j\u00e1r\u00f3l, amellyel szinte f\u00e9nyk\u00e9pszer\u0171 festm\u00e9nyeket alkotott. Gyermekportr\u00e9i leny\u0171g\u00f6z\u0151en tiszt\u00e1k, \u00e9s azt a benyom\u00e1st keltik, mintha a modellt ink\u00e1bb egy fot\u00f3s lencs\u00e9je, mint egy k\u00e9pzett fest\u0151 \u00f6r\u00f6k\u00edtette volna meg <\/span><span style=\"font-weight: 400;\">Tal\u00e1n ha a mi id\u0151nkben \u00e9lt volna, nagyon keresn\u00e9k \u0151t a sz\u00fcl\u0151k, akik gyermekeik \u00e1rtatlans\u00e1g\u00e1t szeretn\u00e9k \u00f6r\u00f6kre meg\u00f6r\u00f6k\u00edteni pomp\u00e1s festm\u00e9nyeken.<\/span><\/p>\n<p><span style=\"font-weight: 400;\">Mini puzzle 1000 darab <\/span><span style=\"font-weight: 400;\">W.A <\/span><span style=\"font-weight: 400;\">Bouguereau &#8211; A mad\u00e1r egy olyan gyermek leny\u0171g\u00f6z\u00f6tts\u00e9g\u00e9t \u00f6r\u00f6k\u00edti meg, aki \u00e9pp most fedezett fel valami \u00fajat, ebben az esetben egy madarat. Egy b\u00e1jos jelenet, amely a gyermekkor \u00f6r\u00f6m\u00e9t \u00e9s \u00e1rtatlans\u00e1g\u00e1t k\u00f6zvet\u00edti <\/span><\/p>\n<p><span style=\"font-weight: 400;\">A h\u00edres festm\u00e9ny leny\u0171g\u00f6z\u0151 m\u00e1solat\u00e1t te is megkaphatod, ha \u00f6sszerakod ezt a csod\u00e1latos 1000 darabos mini puzzle-t <\/span><span style=\"font-weight: 400;\">W.A <\/span><span style=\"font-weight: 400;\">Bouguereau &#8211; A mad\u00e1r. A darabok al\u00e1t\u00e1maszt\u00e1s\u00e1ra haszn\u00e1lhat egy hagyom\u00e1nyos doh\u00e1nyz\u00f3asztalt. Az \u00d6n mini m\u00e1solata 48 x 34 cm-es lesz, \u00e9s diszkr\u00e9t \u00e9s leny\u0171g\u00f6z\u0151 dekor\u00e1ci\u00f3s darab lehet.<\/span><\/p>\n<p><strong>Mi\u00e9rt v\u00e1lasszon egy 1000 darabos mini puzzle-t a m\u0171v\u00e9szi puzzle kollekci\u00f3b\u00f3l?<\/strong><\/p>\n<p><span style=\"font-weight: 400;\">Az 1000 darabos mini puzzle egyed\u00fcl\u00e1ll\u00f3 m\u00f3don r\u00e9szletesen megcsod\u00e1lhatja egy eredeti festm\u00e9ny legapr\u00f3bb r\u00e9szleteit is.<\/span><\/p>\n<p><span style=\"font-weight: 400;\">Kev\u00e9s helyet foglal, praktikus \u00e9s k\u00f6nnyen \u00f6sszeszerelhet\u0151 b\u00e1rhol, ak\u00e1r nyaral\u00e1s k\u00f6zben is.<\/span><\/p>\n<p><span style=\"font-weight: 400;\">A mini puzzle-darabk\u00e1k kezel\u00e9se kiv\u00e1l\u00f3 edz\u00e9s, amely minden \u00e9letkorban fenntartja a finom mozg\u00e9konys\u00e1got, a k\u00e9z\u00fcgyess\u00e9get \u00e9s a koordin\u00e1ci\u00f3t.<\/span><\/p>\n<p><span style=\"font-weight: 400;\">Seg\u00edt t\u00fcrelmesebb\u00e9 v\u00e1lni, \u00e9s n\u00f6veli a r\u00e9szletekre val\u00f3 figyelmet.<\/span><\/p>\n<p><span style=\"font-weight: 400;\">A puzzle-darabok kiv\u00e1l\u00f3 min\u0151s\u00e9g\u0171 kartonb\u00f3l k\u00e9sz\u00fcltek, \u00e9s ellen\u00e1llnak a t\u00f6bbsz\u00f6ri \u00f6sszeszerel\u00e9snek.<\/span><\/p>\n<p><span style=\"font-weight: 400;\">Minden 1000 darabos puzzle \u00fajrahasznos\u00edthat\u00f3 \u00e9s fenntarthat\u00f3 anyagokb\u00f3l k\u00e9sz\u00fcl.<\/span><\/p>\n<p><span style=\"font-weight: 400;\">F\u00e9lf\u00e9nyes fel\u00fclet\u0171, kellemes sz\u00ednekben, amelyek kiemelik az eredeti festm\u00e9ny sz\u00e9ps\u00e9g\u00e9t <\/span><\/p>\n<p><span style=\"font-weight: 400;\">14 \u00e9ves kor felettiek sz\u00e1m\u00e1ra alkalmas, \u00edgy t\u00f6k\u00e9letes lehet\u0151s\u00e9g arra, hogy a tizen\u00e9veseket is bevezesse a m\u0171v\u00e9szeti alkot\u00e1sok leny\u0171g\u00f6z\u0151 vil\u00e1g\u00e1ba.<\/span><\/p>\n<p><strong>Tudtad, hogy..<\/strong><\/p>\n<p><span style=\"font-weight: 400;\">A fest\u0151 <\/span><span style=\"font-weight: 400;\">W.A <\/span><span style=\"font-weight: 400;\">Bouguereau bor- \u00e9s ol\u00edvaolaj-keresked\u0151 csal\u00e1db\u00f3l sz\u00e1rmazott. A sz\u00fclei azt szerett\u00e9k volna, hogy folytassa a csal\u00e1di v\u00e1llalkoz\u00e1st. \u00c1m apja egyik \u00fcgyfele arra \u00f6szt\u00f6n\u00f6zte apj\u00e1t, hogy k\u00fcldje m\u0171v\u00e9szeti iskol\u00e1ba. \u00cdgy a fiatal Bouguereau sorsa a m\u0171v\u00e9szet \u00fatj\u00e1ra l\u00e9pett.<\/span><\/p>\n<p><span style=\"font-weight: 400;\">Hogy fiatalon t\u00f6bb p\u00e9nzt keressen, gy\u00fcm\u00f6lcslekv\u00e1rok c\u00edmk\u00e9it k\u00e9sz\u00edtette.<\/span><\/p>\n<p><span style=\"font-weight: 400;\">Bouguereau szeretett n\u0151ket festeni. \u00c1ll\u00edt\u00f3lag k\u00e9pes volt szebb\u00e9 tenni a modelljeit, mint amilyenek val\u00f3j\u00e1ban voltak.<\/span><\/p>\n<p><strong>Mini puzzle 1000 darab A mad\u00e1r &#8211; lehet\u0151s\u00e9g a kikapcsol\u00f3d\u00e1sra \u00e9s a tanul\u00e1sra<\/strong><\/p>\n<p><span style=\"font-weight: 400;\">A h\u00edres festm\u00e9nyek k\u00e9peit \u00e1br\u00e1zol\u00f3 rejtv\u00e9nyek a m\u0171v\u00e9szet szintj\u00e9re emelik a rejtv\u00e9nyek ir\u00e1nti szenved\u00e9lyedet. Az \u00f6sszeszerel\u00e9si tev\u00e9kenys\u00e9g egyszerre jelent kikapcsol\u00f3d\u00e1st \u00e9s tanul\u00e1si \u00e9lm\u00e9nyt. L\u00e9pj kapcsolatba a m\u0171v\u00e9szet vil\u00e1g\u00e1val, \u00e9s fedezd fel a h\u00edres remekm\u0171vek finom r\u00e9szleteit egy j\u00f3l siker\u00fclt kirak\u00f3s j\u00e1t\u00e9kon kereszt\u00fcl.<\/span><\/p>\n<p><span style=\"font-weight: 400;\">Egy pihentet\u0151 tev\u00e9kenys\u00e9get keres, amit szeretteivel egy\u00fctt \u00e9lvezhet? Az 1000 darabos mini kirak\u00f3s \u00e9ppen erre van sz\u00fcks\u00e9ged. A gyerekek im\u00e1dni fogj\u00e1k a kis darabk\u00e1k \u00f6sszeragaszt\u00e1s\u00e1t, \u00e9s sok \u00f3r\u00e1t t\u00f6lthetnek egy\u00fctt val\u00f3di sz\u00f3rakoz\u00e1ssal, t\u00e1vol a mobileszk\u00f6z\u00f6k k\u00e9perny\u0151it\u0151l.<\/span><\/p>\n<p><span style=\"font-weight: 400;\">Mini puzzle 1000 darab <\/span><span style=\"font-weight: 400;\">W.A <\/span><span style=\"font-weight: 400;\">A Bouguereau &#8211; A mad\u00e1r ez\u00e9rt t\u00f6bb el\u0151nyt is k\u00edn\u00e1l \u00d6nnek. Tartsa a h\u00e1zban, \u00e9s k\u00e9sz\u00edtse el \u00fajra a k\u00e9pet, amikor csak \u00fagy \u00e9rzi, hogy kreat\u00edv kih\u00edv\u00e1sra van sz\u00fcks\u00e9ge, \u00e9lvezze a csal\u00e1dj\u00e1val vagy bar\u00e1taival, vagy adja aj\u00e1nd\u00e9kba az \u00fcnnepekre.<\/span><\/p>\n","protected":false},"excerpt":{"rendered":"<p>Szenved\u00e9lyesen szereted a puzzle j\u00e1t\u00e9kokat? Gyakorold a k\u00e9pess\u00e9geidet az 1000 darabos, m\u0171v\u00e9szi k\u00e9pekkel ell\u00e1tott mini kirak\u00f3s j\u00e1t\u00e9kokkal W.A Bouguereau h\u00edres<\/p>\n","protected":false},"featured_media":63223,"template":"","meta":[],"product_brand":[],"product_cat":[1920,1919,1881],"product_tag":[],"class_list":{"0":"post-41707","1":"product","2":"type-product","3":"status-publish","4":"has-post-thumbnail","6":"product_cat-1000-darabos-kirakos-jatek","7":"product_cat-felnott-kirakos-jatekok","8":"product_cat-kirakos-jatekok","9":"pa_bax-10-hu","10":"pa_brand-d_toys-hu","11":"pa_country_of_manufacture-ro-hu","12":"pa_filter_age-14-hu","13":"pa_painter-muveszeti-gyujtemeny","14":"pa_tip_ambalaj-doboz","15":"pa_tip_puzzle-klasszikus","17":"first","18":"instock","19":"taxable","20":"shipping-taxable","21":"product-type-simple"},"yoast_head":"<!-- This site is optimized with the Yoast SEO plugin v20.1 - https:\/\/yoast.com\/wordpress\/plugins\/seo\/ -->\n<title>Mini puzzle 1000 darab W. A. Bouguereau - A mad\u00e1r<\/title>\n<meta name=\"description\" content=\"Mini puzzle 1000 darab W. A. Bouguereau - A mad\u00e1r\" \/>\n<meta name=\"robots\" content=\"index, follow, max-snippet:-1, max-image-preview:large, max-video-preview:-1\" \/>\n<link rel=\"canonical\" href=\"https:\/\/business.roovi.com\/hu\/mini-puzzle-1000-darab-w-a-bouguereau-a-madar\/p\/\" \/>\n<meta property=\"og:locale\" content=\"hu_HU\" \/>\n<meta property=\"og:type\" content=\"article\" \/>\n<meta property=\"og:title\" content=\"Mini puzzle 1000 darab W. A. Bouguereau - A mad\u00e1r\" \/>\n<meta property=\"og:description\" content=\"Mini puzzle 1000 darab W. A. Bouguereau - A mad\u00e1r\" \/>\n<meta property=\"og:url\" content=\"https:\/\/business.roovi.com\/hu\/mini-puzzle-1000-darab-w-a-bouguereau-a-madar\/p\/\" \/>\n<meta property=\"og:site_name\" content=\"Roovi B2B\" \/>\n<meta property=\"article:publisher\" content=\"https:\/\/www.facebook.com\/wwwjucariero\" \/>\n<meta property=\"article:modified_time\" content=\"2022-10-25T11:25:59+00:00\" \/>\n<meta property=\"og:image\" content=\"https:\/\/business.roovi.com\/wp-content\/uploads\/2018\/04\/67364-04-Ansamblu_dimensiuni-cutie-30x30-cm-2.png\" \/>\n\t<meta property=\"og:image:width\" content=\"1200\" \/>\n\t<meta property=\"og:image:height\" content=\"1200\" \/>\n\t<meta property=\"og:image:type\" content=\"image\/png\" \/>\n<meta name=\"twitter:label1\" content=\"Becs\u00fclt olvas\u00e1si id\u0151\" \/>\n\t<meta name=\"twitter:data1\" content=\"3 perc\" \/>\n<script type=\"application\/ld+json\" class=\"yoast-schema-graph\">{\"@context\":\"https:\/\/schema.org\",\"@graph\":[{\"@type\":\"WebPage\",\"@id\":\"https:\/\/business.roovi.com\/hu\/mini-puzzle-1000-darab-w-a-bouguereau-a-madar\/p\/\",\"url\":\"https:\/\/business.roovi.com\/hu\/mini-puzzle-1000-darab-w-a-bouguereau-a-madar\/p\/\",\"name\":\"Mini puzzle 1000 darab W. A. Bouguereau - A mad\u00e1r\",\"isPartOf\":{\"@id\":\"https:\/\/business.roovi.com\/hu\/#website\"},\"datePublished\":\"2018-04-16T10:56:17+00:00\",\"dateModified\":\"2022-10-25T11:25:59+00:00\",\"description\":\"Mini puzzle 1000 darab W. A. Bouguereau - A mad\u00e1r\",\"breadcrumb\":{\"@id\":\"https:\/\/business.roovi.com\/hu\/mini-puzzle-1000-darab-w-a-bouguereau-a-madar\/p\/#breadcrumb\"},\"inLanguage\":\"hu\",\"potentialAction\":[{\"@type\":\"ReadAction\",\"target\":[\"https:\/\/business.roovi.com\/hu\/mini-puzzle-1000-darab-w-a-bouguereau-a-madar\/p\/\"]}]},{\"@type\":\"BreadcrumbList\",\"@id\":\"https:\/\/business.roovi.com\/hu\/mini-puzzle-1000-darab-w-a-bouguereau-a-madar\/p\/#breadcrumb\",\"itemListElement\":[{\"@type\":\"ListItem\",\"position\":1,\"name\":\"Home\",\"item\":\"https:\/\/business.roovi.com\/hu\/\"},{\"@type\":\"ListItem\",\"position\":2,\"name\":\"Shop\",\"item\":\"https:\/\/business.roovi.com\/hu\/shop\/\"},{\"@type\":\"ListItem\",\"position\":3,\"name\":\"Mini puzzle 1000 darab W. A. Bouguereau &#8211; A mad\u00e1r\"}]},{\"@type\":\"WebSite\",\"@id\":\"https:\/\/business.roovi.com\/hu\/#website\",\"url\":\"https:\/\/business.roovi.com\/hu\/\",\"name\":\"Roovi B2B\",\"description\":\"Roovi Business Website\",\"potentialAction\":[{\"@type\":\"SearchAction\",\"target\":{\"@type\":\"EntryPoint\",\"urlTemplate\":\"https:\/\/business.roovi.com\/hu\/?s={search_term_string}\"},\"query-input\":\"required name=search_term_string\"}],\"inLanguage\":\"hu\"}]}<\/script>\n<!-- \/ Yoast SEO plugin. -->","yoast_head_json":{"title":"Mini puzzle 1000 darab W. A. Bouguereau - A mad\u00e1r","description":"Mini puzzle 1000 darab W. A. Bouguereau - A mad\u00e1r","robots":{"index":"index","follow":"follow","max-snippet":"max-snippet:-1","max-image-preview":"max-image-preview:large","max-video-preview":"max-video-preview:-1"},"canonical":"https:\/\/business.roovi.com\/hu\/mini-puzzle-1000-darab-w-a-bouguereau-a-madar\/p\/","og_locale":"hu_HU","og_type":"article","og_title":"Mini puzzle 1000 darab W. A. Bouguereau - A mad\u00e1r","og_description":"Mini puzzle 1000 darab W. A. Bouguereau - A mad\u00e1r","og_url":"https:\/\/business.roovi.com\/hu\/mini-puzzle-1000-darab-w-a-bouguereau-a-madar\/p\/","og_site_name":"Roovi B2B","article_publisher":"https:\/\/www.facebook.com\/wwwjucariero","article_modified_time":"2022-10-25T11:25:59+00:00","og_image":[{"width":1200,"height":1200,"url":"https:\/\/business.roovi.com\/wp-content\/uploads\/2018\/04\/67364-04-Ansamblu_dimensiuni-cutie-30x30-cm-2.png","type":"image\/png"}],"twitter_misc":{"Becs\u00fclt olvas\u00e1si id\u0151":"3 perc"},"schema":{"@context":"https:\/\/schema.org","@graph":[{"@type":"WebPage","@id":"https:\/\/business.roovi.com\/hu\/mini-puzzle-1000-darab-w-a-bouguereau-a-madar\/p\/","url":"https:\/\/business.roovi.com\/hu\/mini-puzzle-1000-darab-w-a-bouguereau-a-madar\/p\/","name":"Mini puzzle 1000 darab W. A. Bouguereau - A mad\u00e1r","isPartOf":{"@id":"https:\/\/business.roovi.com\/hu\/#website"},"datePublished":"2018-04-16T10:56:17+00:00","dateModified":"2022-10-25T11:25:59+00:00","description":"Mini puzzle 1000 darab W. A. Bouguereau - A mad\u00e1r","breadcrumb":{"@id":"https:\/\/business.roovi.com\/hu\/mini-puzzle-1000-darab-w-a-bouguereau-a-madar\/p\/#breadcrumb"},"inLanguage":"hu","potentialAction":[{"@type":"ReadAction","target":["https:\/\/business.roovi.com\/hu\/mini-puzzle-1000-darab-w-a-bouguereau-a-madar\/p\/"]}]},{"@type":"BreadcrumbList","@id":"https:\/\/business.roovi.com\/hu\/mini-puzzle-1000-darab-w-a-bouguereau-a-madar\/p\/#breadcrumb","itemListElement":[{"@type":"ListItem","position":1,"name":"Home","item":"https:\/\/business.roovi.com\/hu\/"},{"@type":"ListItem","position":2,"name":"Shop","item":"https:\/\/business.roovi.com\/hu\/shop\/"},{"@type":"ListItem","position":3,"name":"Mini puzzle 1000 darab W. A. Bouguereau &#8211; A mad\u00e1r"}]},{"@type":"WebSite","@id":"https:\/\/business.roovi.com\/hu\/#website","url":"https:\/\/business.roovi.com\/hu\/","name":"Roovi B2B","description":"Roovi Business Website","potentialAction":[{"@type":"SearchAction","target":{"@type":"EntryPoint","urlTemplate":"https:\/\/business.roovi.com\/hu\/?s={search_term_string}"},"query-input":"required name=search_term_string"}],"inLanguage":"hu"}]}},"_links":{"self":[{"href":"https:\/\/business.roovi.com\/hu\/wp-json\/wp\/v2\/product\/41707","targetHints":{"allow":["GET"]}}],"collection":[{"href":"https:\/\/business.roovi.com\/hu\/wp-json\/wp\/v2\/product"}],"about":[{"href":"https:\/\/business.roovi.com\/hu\/wp-json\/wp\/v2\/types\/product"}],"version-history":[{"count":0,"href":"https:\/\/business.roovi.com\/hu\/wp-json\/wp\/v2\/product\/41707\/revisions"}],"wp:featuredmedia":[{"embeddable":true,"href":"https:\/\/business.roovi.com\/hu\/wp-json\/wp\/v2\/media\/63223"}],"wp:attachment":[{"href":"https:\/\/business.roovi.com\/hu\/wp-json\/wp\/v2\/media?parent=41707"}],"wp:term":[{"taxonomy":"product_brand","embeddable":true,"href":"https:\/\/business.roovi.com\/hu\/wp-json\/wp\/v2\/product_brand?post=41707"},{"taxonomy":"product_cat","embeddable":true,"href":"https:\/\/business.roovi.com\/hu\/wp-json\/wp\/v2\/product_cat?post=41707"},{"taxonomy":"product_tag","embeddable":true,"href":"https:\/\/business.roovi.com\/hu\/wp-json\/wp\/v2\/product_tag?post=41707"}],"curies":[{"name":"wp","href":"https:\/\/api.w.org\/{rel}","templated":true}]}}