{"id":41823,"date":"2018-04-16T10:56:17","date_gmt":"2018-04-16T10:56:17","guid":{"rendered":"https:\/\/business.roovi.com\/puzzle-adulti-1000-piese-cartoon-collection-colosseum\/p\/"},"modified":"2022-07-06T18:04:37","modified_gmt":"2022-07-06T18:04:37","slug":"colosseum-puzzle-felnott-puzzle-1000-darab-cartoon-collection","status":"publish","type":"product","link":"https:\/\/business.roovi.com\/hu\/colosseum-puzzle-felnott-puzzle-1000-darab-cartoon-collection\/p\/","title":{"rendered":"Colosseum Puzzle &#8211; Feln\u0151tt puzzle 1000 darab &#8211; Cartoon Collection"},"content":{"rendered":"<p><span style=\"font-weight: 400\">Szeretne sok-sok \u00f3r\u00e1nyi sz\u00f3rakoz\u00e1st \u00e9s kikapcsol\u00f3d\u00e1st, hogy kiszakadjon a mindennapi rutinb\u00f3l? Fedezze fel a Cartoon collection kirak\u00f3s j\u00e1t\u00e9kot &#8211; az 1000 darabos kirak\u00f3sok anim\u00e1lt illusztr\u00e1ci\u00f3kkal \u00e9s im\u00e1dnival\u00f3 karakterekkel, amelyek eml\u00e9kezetes id\u0151t\u00f6lt\u00e9ss\u00e9 teszik az \u00f6sszetett kirak\u00f3s j\u00e1t\u00e9kot.  <\/span><\/p>\n<p><span style=\"font-weight: 400\">Azt hitted, hogy a h\u00edres Colosseumot a legeredetibb illusztr\u00e1ci\u00f3kon vagy fot\u00f3kon l\u00e1ttad m\u00e1r \u00e1br\u00e1zolva? Mi is, am\u00edg meg nem l\u00e1ttuk a Konya Attila m\u0171v\u00e9sz \u00e1ltal k\u00e9sz\u00edtett illusztr\u00e1ci\u00f3t. A vicces figur\u00e1k sokas\u00e1ga, a sz\u00f3rakoztat\u00f3 jelenetek, amelyekben kik\u00e9pzik \u0151ket, \u00e9s a kifog\u00e1stalan sz\u00ednes r\u00e9szletek egy mozg\u00e1sban l\u00e9v\u0151 vil\u00e1g benyom\u00e1s\u00e1t keltik, amely arra h\u00edvja \u00d6nt, hogy vegyen r\u00e9szt benne.<\/span><\/p>\n<p><span style=\"font-weight: 400\">Az 1000 Cartoon &#8211; Colosseum puzzle minden egyes szerepl\u0151je egyedi, \u00e9s ez megk\u00f6veteli a figyelmedet a r\u00e9szletekre. A darabok pontosan vannak v\u00e1gva \u00e9s t\u00f6k\u00e9letesen illeszkednek egym\u00e1shoz. \u00cdgy egy figyelemre m\u00e9lt\u00f3 k\u00e9pen csod\u00e1lhatod meg az \u00f6sszes leny\u0171g\u00f6z\u0151 r\u00e9szletet, amely tele van sz\u00ednekkel \u00e9s pozit\u00edv vibr\u00e1l\u00e1ssal.<\/span><\/p>\n<p><strong>Mi\u00e9rt v\u00e1lassza az 1000 darabos Cartoon &#8211; Colosseum puzzle-t?<\/strong><\/p>\n<p><span style=\"font-weight: 400\">Saj\u00e1t, 50 x 70 cm-es, k\u00fcl\u00f6nleges festm\u00e9nyt k\u00e9sz\u00edthetsz.<\/span><\/p>\n<p><span style=\"font-weight: 400\">Kiv\u00e1l\u00f3 min\u0151s\u00e9g\u0171 k\u00e9k kartonb\u00f3l k\u00e9sz\u00fclt, ami ellen\u00e1ll\u00f3v\u00e1 teszi a t\u00f6bbsz\u00f6ri haszn\u00e1latot.<\/span><\/p>\n<p><span style=\"font-weight: 400\">K\u00fcl\u00f6nleges, kellemes sz\u00ednekben pomp\u00e1z\u00f3, f\u00e9lig f\u00e9nyes kivitel\u0171, amely kiemeli az illusztr\u00e1ci\u00f3 eredetis\u00e9g\u00e9t.<\/span><\/p>\n<p><span style=\"font-weight: 400\">\u00dajrahasznos\u00edthat\u00f3 \u00e9s fenntarthat\u00f3 term\u00e9k, \u00edgy a kirak\u00f3s j\u00e1t\u00e9kkal nem k\u00e1ros\u00edtod a term\u00e9szetet.<\/span><\/p>\n<p><span style=\"font-weight: 400\">14 \u00e9v felettiek sz\u00e1m\u00e1ra alkalmas, \u00e9s tizen\u00e9ves gyermekeivel egy\u00fctt is \u00f6sszeszerelheti.<\/span><\/p>\n<p><span style=\"font-weight: 400\">Ez t\u00f6k\u00e9letes alkalom lehet arra, hogy gyermekeit lev\u00e1lassza a k\u00e9perny\u0151kr\u0151l, \u00e9s egy\u00fctt t\u00f6lts\u00e9k a szabadidej\u00fcket.<\/span><\/p>\n<p><span style=\"font-weight: 400\">Haszn\u00e1lja ki az eredeti tervez\u00e9s\u0171 \u00e9s kiv\u00e9teles kivitelez\u00e9s\u0171 kirak\u00f3s j\u00e1t\u00e9k el\u0151nyeit, \u00e9s k\u00e9pezzen ki olyan k\u00e9szs\u00e9geket, mint p\u00e9ld\u00e1ul:<\/span><\/p>\n<ul>\n<li><span style=\"font-weight: 400\">Figyelem a r\u00e9szletekre<\/span><\/li>\n<li><span style=\"font-weight: 400\">Finommotoros k\u00e9szs\u00e9gek<\/span><\/li>\n<li><span style=\"font-weight: 400\">Koncentr\u00e1ci\u00f3s k\u00e9pess\u00e9g<\/span><\/li>\n<li><span style=\"font-weight: 400\">Mem\u00f3ria<\/span><\/li>\n<li><span style=\"font-weight: 400\">Logikus gondolkod\u00e1s<\/span><\/li>\n<\/ul>\n<p><strong>Tudtad, hogy&#8230;?<\/strong><\/p>\n<p><span style=\"font-weight: 400\">A felt\u00e9telez\u00e9sek szerint 60 000 \u00e9s 100 000 k\u00f6z\u00f6tti zsid\u00f3 rabszolga vett r\u00e9szt a Colosseum \u00e9p\u00edt\u00e9s\u00e9ben.<\/span><\/p>\n<p><span style=\"font-weight: 400\">A Colosseumnak 80 bej\u00e1rata volt, \u00e9s ak\u00e1r 80 000 n\u00e9z\u0151 is befogadhatta a k\u00fcl\u00f6nb\u00f6z\u0151 sportesem\u00e9nyeket, j\u00e1t\u00e9kokat, gladi\u00e1torviadalokat \u00e9s \u00e1llatvad\u00e1szatokat.<\/span><\/p>\n<p><span style=\"font-weight: 400\">Azt mondj\u00e1k, hogy sok vadon \u00e9l\u0151 \u00e1llatfajt kiirtottak ebben az id\u0151ben. Egyes j\u00e1t\u00e9kok sor\u00e1n egyetlen nap alatt ak\u00e1r 10 000 \u00e1llatot is le\u00f6ltek.<\/span><\/p>\n<p><span style=\"font-weight: 400\">A gladi\u00e1torharcok nem a R\u00f3mai Birodalom kereszt\u00e9nys\u00e9gre val\u00f3 \u00e1tt\u00e9r\u00e9se miatt sz\u0171ntek meg, hanem p\u00e9nz\u00fcgyi okokb\u00f3l. Az 5. sz\u00e1zadban, a birodalom hanyatl\u00e1s\u00e1val dr\u00e1g\u00e1v\u00e1 v\u00e1lt a gladi\u00e1torok fizet\u00e9se \u00e9s a t\u00f6bb ezer vad\u00e1llat felkutat\u00e1sa.<\/span><\/p>\n<p><span style=\"font-weight: 400\">A j\u00e1t\u00e9kok ut\u00e1n a Colosseumot lak\u00f3\u00e9p\u00fcletk\u00e9nt, imahelyk\u00e9nt vagy temet\u0151k\u00e9nt haszn\u00e1lt\u00e1k <\/span><\/p>\n<p><strong>Cartoon 1000 darabos puzzle &#8211; Colosseum &#8211; egy mes\u00e9s gyakorlat a k\u00e9pzeletre<\/strong><\/p>\n<p><span style=\"font-weight: 400\">Sz\u00fcks\u00e9g\u00e9t \u00e9rzi, hogy kiszakadjon a rutinb\u00f3l? Az 1000 darabos Colosseum kirak\u00f3val csiszolhatod kirak\u00f3z\u00e1si k\u00e9pess\u00e9geidet \u00e9s edzheted a k\u00e9pzeletedet. Amint bel\u00e9psz a Colosseumot megsz\u00e1ll\u00f3 karakterek vil\u00e1g\u00e1ba, a t\u00f6rt\u00e9net r\u00e9sz\u00e9v\u00e9 v\u00e1lsz. \u00c9s darabr\u00f3l darabra \u00f6sszerakod.<\/span><\/p>\n<p><span style=\"font-weight: 400\">\u00dagy \u00e9rzed magad, mint egy igazi nyomoz\u00f3, aki \u00f6sszerakja a r\u00e9szleteket, elemzi a sz\u00edneket, a karaktereket \u00e9s a vicces jeleneteket, \u00e9s a v\u00e9g\u00e9n, amikor \u00f6sszeragasztod az utols\u00f3 darabot is, a sikeres \u00fcgy csod\u00e1latos el\u00e9gedetts\u00e9g\u00e9t \u00e9rzed.<\/span><\/p>\n<p><span style=\"font-weight: 400\">Az 1000 darabos Colosseum puzzle a Cartoon puzzle kollekci\u00f3b\u00f3l a bar\u00e1tokkal val\u00f3 ismerked\u00e9sre \u00e9s sz\u00f3rakoz\u00e1sra is lehet\u0151s\u00e9get adhat. B\u00e1rmelyik v\u00e1ltozatot is v\u00e1lasztod, ez a csod\u00e1latos kirak\u00f3s j\u00e1t\u00e9k fel\u00fcl fogja m\u00falni az elv\u00e1r\u00e1saidat <\/span><\/p>\n<p><span style=\"font-weight: 400\">V\u00e1s\u00e1rolja meg a Cartoon &#8211; Colosseum 1000 darabos puzzle-t, hogy var\u00e1zslatos kreat\u00edv \u00e9lm\u00e9nyben legyen r\u00e9sze, vagy aj\u00e1nd\u00e9kozza meg kedves puzzle-rajong\u00f3 bar\u00e1tait.<\/span><\/p><\/p>\n","protected":false},"excerpt":{"rendered":"<p>Szeretne sok-sok \u00f3r\u00e1nyi sz\u00f3rakoz\u00e1st \u00e9s kikapcsol\u00f3d\u00e1st, hogy kiszakadjon a mindennapi rutinb\u00f3l? Fedezze fel a Cartoon collection kirak\u00f3s j\u00e1t\u00e9kot &#8211; az<\/p>\n","protected":false},"featured_media":34811,"template":"","meta":[],"product_brand":[],"product_cat":[1920,1919,1881],"product_tag":[],"class_list":{"0":"post-41823","1":"product","2":"type-product","3":"status-publish","4":"has-post-thumbnail","6":"product_cat-1000-darabos-kirakos-jatek","7":"product_cat-felnott-kirakos-jatekok","8":"product_cat-kirakos-jatekok","9":"pa_brand-d_toys-hu","10":"pa_country_of_manufacture-ro-hu","11":"pa_filter_age-14-hu","12":"pa_painter-cartooncollection-hu","13":"pa_tip_ambalaj-doboz","14":"pa_tip_puzzle-klasszikus","16":"first","17":"instock","18":"taxable","19":"shipping-taxable","20":"product-type-simple"},"yoast_head":"<!-- This site is optimized with the Yoast SEO plugin v20.1 - https:\/\/yoast.com\/wordpress\/plugins\/seo\/ -->\n<title>Colosseum Puzzle - Feln\u0151tt puzzle 1000 darab - Cartoon Collection<\/title>\n<meta name=\"description\" content=\"Colosseum Puzzle - Feln\u0151tt puzzle 1000 darab - Cartoon Collection\" \/>\n<meta name=\"robots\" content=\"index, follow, max-snippet:-1, max-image-preview:large, max-video-preview:-1\" \/>\n<link rel=\"canonical\" href=\"https:\/\/business.roovi.com\/hu\/colosseum-puzzle-felnott-puzzle-1000-darab-cartoon-collection\/p\/\" \/>\n<meta property=\"og:locale\" content=\"hu_HU\" \/>\n<meta property=\"og:type\" content=\"article\" \/>\n<meta property=\"og:title\" content=\"Colosseum Puzzle - Feln\u0151tt puzzle 1000 darab - Cartoon Collection\" \/>\n<meta property=\"og:description\" content=\"Colosseum Puzzle - Feln\u0151tt puzzle 1000 darab - Cartoon Collection\" \/>\n<meta property=\"og:url\" content=\"https:\/\/business.roovi.com\/hu\/colosseum-puzzle-felnott-puzzle-1000-darab-cartoon-collection\/p\/\" \/>\n<meta property=\"og:site_name\" content=\"Roovi B2B\" \/>\n<meta property=\"article:publisher\" content=\"https:\/\/www.facebook.com\/wwwjucariero\" \/>\n<meta property=\"article:modified_time\" content=\"2022-07-06T18:04:37+00:00\" \/>\n<meta property=\"og:image\" content=\"https:\/\/business.roovi.com\/wp-content\/uploads\/2018\/04\/61218-10_ansamblu_dimensiuni_cutie_cm_orizontal_1200x1200.png\" \/>\n\t<meta property=\"og:image:width\" content=\"1200\" \/>\n\t<meta property=\"og:image:height\" content=\"1200\" \/>\n\t<meta property=\"og:image:type\" content=\"image\/png\" \/>\n<meta name=\"twitter:label1\" content=\"Becs\u00fclt olvas\u00e1si id\u0151\" \/>\n\t<meta name=\"twitter:data1\" content=\"4 perc\" \/>\n<script type=\"application\/ld+json\" class=\"yoast-schema-graph\">{\"@context\":\"https:\/\/schema.org\",\"@graph\":[{\"@type\":\"WebPage\",\"@id\":\"https:\/\/business.roovi.com\/hu\/colosseum-puzzle-felnott-puzzle-1000-darab-cartoon-collection\/p\/\",\"url\":\"https:\/\/business.roovi.com\/hu\/colosseum-puzzle-felnott-puzzle-1000-darab-cartoon-collection\/p\/\",\"name\":\"Colosseum Puzzle - Feln\u0151tt puzzle 1000 darab - Cartoon Collection\",\"isPartOf\":{\"@id\":\"https:\/\/business.roovi.com\/hu\/#website\"},\"datePublished\":\"2018-04-16T10:56:17+00:00\",\"dateModified\":\"2022-07-06T18:04:37+00:00\",\"description\":\"Colosseum Puzzle - Feln\u0151tt puzzle 1000 darab - Cartoon Collection\",\"breadcrumb\":{\"@id\":\"https:\/\/business.roovi.com\/hu\/colosseum-puzzle-felnott-puzzle-1000-darab-cartoon-collection\/p\/#breadcrumb\"},\"inLanguage\":\"hu\",\"potentialAction\":[{\"@type\":\"ReadAction\",\"target\":[\"https:\/\/business.roovi.com\/hu\/colosseum-puzzle-felnott-puzzle-1000-darab-cartoon-collection\/p\/\"]}]},{\"@type\":\"BreadcrumbList\",\"@id\":\"https:\/\/business.roovi.com\/hu\/colosseum-puzzle-felnott-puzzle-1000-darab-cartoon-collection\/p\/#breadcrumb\",\"itemListElement\":[{\"@type\":\"ListItem\",\"position\":1,\"name\":\"Home\",\"item\":\"https:\/\/business.roovi.com\/hu\/\"},{\"@type\":\"ListItem\",\"position\":2,\"name\":\"Shop\",\"item\":\"https:\/\/business.roovi.com\/hu\/shop\/\"},{\"@type\":\"ListItem\",\"position\":3,\"name\":\"Colosseum Puzzle &#8211; Feln\u0151tt puzzle 1000 darab &#8211; Cartoon Collection\"}]},{\"@type\":\"WebSite\",\"@id\":\"https:\/\/business.roovi.com\/hu\/#website\",\"url\":\"https:\/\/business.roovi.com\/hu\/\",\"name\":\"Roovi B2B\",\"description\":\"Roovi Business Website\",\"potentialAction\":[{\"@type\":\"SearchAction\",\"target\":{\"@type\":\"EntryPoint\",\"urlTemplate\":\"https:\/\/business.roovi.com\/hu\/?s={search_term_string}\"},\"query-input\":\"required name=search_term_string\"}],\"inLanguage\":\"hu\"}]}<\/script>\n<!-- \/ Yoast SEO plugin. -->","yoast_head_json":{"title":"Colosseum Puzzle - Feln\u0151tt puzzle 1000 darab - Cartoon Collection","description":"Colosseum Puzzle - Feln\u0151tt puzzle 1000 darab - Cartoon Collection","robots":{"index":"index","follow":"follow","max-snippet":"max-snippet:-1","max-image-preview":"max-image-preview:large","max-video-preview":"max-video-preview:-1"},"canonical":"https:\/\/business.roovi.com\/hu\/colosseum-puzzle-felnott-puzzle-1000-darab-cartoon-collection\/p\/","og_locale":"hu_HU","og_type":"article","og_title":"Colosseum Puzzle - Feln\u0151tt puzzle 1000 darab - Cartoon Collection","og_description":"Colosseum Puzzle - Feln\u0151tt puzzle 1000 darab - Cartoon Collection","og_url":"https:\/\/business.roovi.com\/hu\/colosseum-puzzle-felnott-puzzle-1000-darab-cartoon-collection\/p\/","og_site_name":"Roovi B2B","article_publisher":"https:\/\/www.facebook.com\/wwwjucariero","article_modified_time":"2022-07-06T18:04:37+00:00","og_image":[{"width":1200,"height":1200,"url":"https:\/\/business.roovi.com\/wp-content\/uploads\/2018\/04\/61218-10_ansamblu_dimensiuni_cutie_cm_orizontal_1200x1200.png","type":"image\/png"}],"twitter_misc":{"Becs\u00fclt olvas\u00e1si id\u0151":"4 perc"},"schema":{"@context":"https:\/\/schema.org","@graph":[{"@type":"WebPage","@id":"https:\/\/business.roovi.com\/hu\/colosseum-puzzle-felnott-puzzle-1000-darab-cartoon-collection\/p\/","url":"https:\/\/business.roovi.com\/hu\/colosseum-puzzle-felnott-puzzle-1000-darab-cartoon-collection\/p\/","name":"Colosseum Puzzle - Feln\u0151tt puzzle 1000 darab - Cartoon Collection","isPartOf":{"@id":"https:\/\/business.roovi.com\/hu\/#website"},"datePublished":"2018-04-16T10:56:17+00:00","dateModified":"2022-07-06T18:04:37+00:00","description":"Colosseum Puzzle - Feln\u0151tt puzzle 1000 darab - Cartoon Collection","breadcrumb":{"@id":"https:\/\/business.roovi.com\/hu\/colosseum-puzzle-felnott-puzzle-1000-darab-cartoon-collection\/p\/#breadcrumb"},"inLanguage":"hu","potentialAction":[{"@type":"ReadAction","target":["https:\/\/business.roovi.com\/hu\/colosseum-puzzle-felnott-puzzle-1000-darab-cartoon-collection\/p\/"]}]},{"@type":"BreadcrumbList","@id":"https:\/\/business.roovi.com\/hu\/colosseum-puzzle-felnott-puzzle-1000-darab-cartoon-collection\/p\/#breadcrumb","itemListElement":[{"@type":"ListItem","position":1,"name":"Home","item":"https:\/\/business.roovi.com\/hu\/"},{"@type":"ListItem","position":2,"name":"Shop","item":"https:\/\/business.roovi.com\/hu\/shop\/"},{"@type":"ListItem","position":3,"name":"Colosseum Puzzle &#8211; Feln\u0151tt puzzle 1000 darab &#8211; Cartoon Collection"}]},{"@type":"WebSite","@id":"https:\/\/business.roovi.com\/hu\/#website","url":"https:\/\/business.roovi.com\/hu\/","name":"Roovi B2B","description":"Roovi Business Website","potentialAction":[{"@type":"SearchAction","target":{"@type":"EntryPoint","urlTemplate":"https:\/\/business.roovi.com\/hu\/?s={search_term_string}"},"query-input":"required name=search_term_string"}],"inLanguage":"hu"}]}},"_links":{"self":[{"href":"https:\/\/business.roovi.com\/hu\/wp-json\/wp\/v2\/product\/41823","targetHints":{"allow":["GET"]}}],"collection":[{"href":"https:\/\/business.roovi.com\/hu\/wp-json\/wp\/v2\/product"}],"about":[{"href":"https:\/\/business.roovi.com\/hu\/wp-json\/wp\/v2\/types\/product"}],"version-history":[{"count":0,"href":"https:\/\/business.roovi.com\/hu\/wp-json\/wp\/v2\/product\/41823\/revisions"}],"wp:featuredmedia":[{"embeddable":true,"href":"https:\/\/business.roovi.com\/hu\/wp-json\/wp\/v2\/media\/34811"}],"wp:attachment":[{"href":"https:\/\/business.roovi.com\/hu\/wp-json\/wp\/v2\/media?parent=41823"}],"wp:term":[{"taxonomy":"product_brand","embeddable":true,"href":"https:\/\/business.roovi.com\/hu\/wp-json\/wp\/v2\/product_brand?post=41823"},{"taxonomy":"product_cat","embeddable":true,"href":"https:\/\/business.roovi.com\/hu\/wp-json\/wp\/v2\/product_cat?post=41823"},{"taxonomy":"product_tag","embeddable":true,"href":"https:\/\/business.roovi.com\/hu\/wp-json\/wp\/v2\/product_tag?post=41823"}],"curies":[{"name":"wp","href":"https:\/\/api.w.org\/{rel}","templated":true}]}}