{"id":41827,"date":"2018-04-16T10:56:17","date_gmt":"2018-04-16T10:56:17","guid":{"rendered":"https:\/\/business.roovi.com\/puzzle-adulti-1000-piese-cartoon-collection-dubai\/p\/"},"modified":"2022-07-06T18:04:45","modified_gmt":"2022-07-06T18:04:45","slug":"cartoon-collection-1000-darabos-felnott-puzzle-dubai","status":"publish","type":"product","link":"https:\/\/business.roovi.com\/hu\/cartoon-collection-1000-darabos-felnott-puzzle-dubai\/p\/","title":{"rendered":"Cartoon Collection 1000 darabos feln\u0151tt puzzle &#8211; Dubai"},"content":{"rendered":"<p><span style=\"font-weight: 400\">Stresszes vagy \u00e9s keresed a kikapcsol\u00f3d\u00e1s \u00e9s a laz\u00edt\u00e1s m\u00f3dj\u00e1t? L\u00e9pj be az aranyos figur\u00e1k sz\u00ednes, anim\u00e1lt vil\u00e1g\u00e1ba az egyed\u00fcl\u00e1ll\u00f3 Cartoon Collection 1000 darabos puzzle kollekci\u00f3ban. Elrep\u00edt a h\u00e9tk\u00f6znapokb\u00f3l, \u00e9s sok-sok \u00f3r\u00e1nyi pihentet\u0151 sz\u00f3rakoz\u00e1st ny\u00fajt.<\/span><\/p>\n<p><span style=\"font-weight: 400\">A Cartoon &#8211; Dubai 1000 darabos puzzle ennek a k\u00fcl\u00f6nleges gy\u0171jtem\u00e9nynek az egyik cs\u00facspontja. T\u00f6bb tucat anim\u00e1lt karakter \u00e9p\u00edti a h\u00edres Burj Al Arab Jumeirah sz\u00e1llod\u00e1t, \u00e9s gusztusosan \u00e9p\u00edtkezik. Mindannyian sz\u00e9d\u00edt\u0151 temp\u00f3ban dolgoznak \u00e9s sz\u00f3rakoznak. Be mersz n\u00e9zni az \u00e9p\u00fclet\u00fckbe?<\/span><\/p>\n<p><span style=\"font-weight: 400\">Ha szereted a kreat\u00edv kih\u00edv\u00e1sokat \u00e9s az elk\u00e9peszt\u0151 r\u00e9szletekkel teli kirak\u00f3sokat, amelyek a legapr\u00f3bb r\u00e9szletekig megk\u00f6vetelik a figyelmedet, akkor m\u00e9g jobban fogod \u00e9rt\u00e9kelni ezt az 1000 darabos puzzle-t. R\u00e1ad\u00e1sul a vil\u00e1g egyik legleny\u0171g\u00f6z\u0151bb v\u00e1ros\u00e1t, Dubajt is felfedezheted egy sz\u00f3rakoztat\u00f3 szemsz\u00f6gb\u0151l.<\/span><\/p>\n<p><span style=\"font-weight: 400\">Hogy a m\u00f3ka teljes legyen, rakja \u00f6ssze a k\u00e9pet gyermekeivel vagy bar\u00e1taival egy\u00fctt. Nem fogja \u00e9rezni, hogy az \u00f3r\u00e1k csak \u00fagy telnek, \u00e9s az egy\u00fctt t\u00f6lt\u00f6tt id\u0151 felbecs\u00fclhetetlen \u00e9rt\u00e9k\u0171.<\/span><\/p>\n<p><strong>Mi\u00e9rt v\u00e1lassza a Cartoon Collection &#8211; Dubai 1000 darabos puzzle-t?<\/strong><\/p>\n<p><span style=\"font-weight: 400\">Lehet\u0151s\u00e9ged van arra, hogy elk\u00e9sz\u00edtsd a saj\u00e1t egyedi, 1000 darabos, 50 x 70 cm-es puzzle k\u00e9pedet. Kiv\u00e1l\u00f3 min\u0151s\u00e9g\u0171 k\u00e9k kartonb\u00f3l k\u00e9sz\u00fclt, ami szil\u00e1rds\u00e1got k\u00f6lcs\u00f6n\u00f6z neki. M\u00e9g akkor is, ha t\u00f6bbsz\u00f6r \u00fajra elk\u00e9sz\u00edted, a darabok t\u00f6k\u00e9letesen illeszkednek egym\u00e1shoz.<\/span><\/p>\n<p><span style=\"font-weight: 400\">A darabok pontosan v\u00e1gottak, egyediek \u00e9s t\u00f6k\u00e9letesen illeszkednek egym\u00e1shoz, az \u00edgy kapott illusztr\u00e1ci\u00f3 pedig leny\u0171g\u00f6z\u0151.<\/span><\/p>\n<p><span style=\"font-weight: 400\">A fel\u00fclet f\u00e9lig f\u00e9nyes, \u00e9l\u00e9nk sz\u00ednekkel, amelyek kiemelik az illusztr\u00e1ci\u00f3 sz\u00e9ps\u00e9g\u00e9t.<\/span><\/p>\n<p><span style=\"font-weight: 400\">Ez egy term\u00e9szetbar\u00e1t term\u00e9k, amely \u00fajrahasznos\u00edthat\u00f3 \u00e9s fenntarthat\u00f3 anyagokb\u00f3l k\u00e9sz\u00fcl.<\/span><\/p>\n<p><span style=\"font-weight: 400\">A j\u00e1t\u00e9k 14 \u00e9ven fel\u00fcliek sz\u00e1m\u00e1ra alkalmas, \u00edgy ide\u00e1lis lehet\u0151s\u00e9g arra, hogy megoszd a puzzle-j\u00e1t\u00e9kok ir\u00e1nti szenved\u00e9lyedet tizen\u00e9ves gyermekeiddel.<\/span><\/p>\n<p><span style=\"font-weight: 400\">Aj\u00e1nd\u00e9kozhatja \u00fcnnepekre vagy sz\u00fclet\u00e9snapokra.<\/span><\/p>\n<p><span style=\"font-weight: 400\">J\u00f3 gy\u00f3gy\u00edr lehet az unalom ellen.<\/span><\/p>\n<p><strong>Tudtad, hogy&#8230;?<\/strong><\/p>\n<p><span style=\"font-weight: 400\">A Burj Al Arab belsej\u00e9t t\u00f6bb mint 1700 n\u00e9gyzetm\u00e9ternyi 24 kar\u00e1tos aranylemezzel d\u00edsz\u00edtett\u00e9k.<\/span><\/p>\n<p><span style=\"font-weight: 400\">Dubaiban tal\u00e1lhat\u00f3 a vil\u00e1g legmagasabb \u00e9p\u00fclete <\/span><span style=\"font-weight: 400\">A Burdzs Kalifa, amely 828 m\u00e9ter magas.<\/span><\/p>\n<p><span style=\"font-weight: 400\">Dubai lakoss\u00e1g\u00e1nak t\u00f6bb mint 80%-a k\u00fclf\u00f6ldi <\/span><\/p>\n<p><span style=\"font-weight: 400\">Dubaiban vannak olyan ATM-ek, ahol aranyrudakat lehet felvenni.<\/span><\/p>\n<p><span style=\"font-weight: 400\">Dubai a negyedik legl\u00e1togatottabb v\u00e1ros a vil\u00e1gon London, P\u00e1rizs \u00e9s Bangkok ut\u00e1n.<\/span><\/p>\n<p><strong>Rajzfilm 1000 darabos puzzle &#8211; Dubai megt\u00f6ri a monotonit\u00e1st \u00e9s az unalmat<\/strong><\/p>\n<p><span style=\"font-weight: 400\">Rossz id\u0151j\u00e1r\u00e1s miatt nem tudsz bej\u00f6nni? A Cartoon &#8211; Dubai 1000 darabos puzzle kih\u00edv\u00e1st jelent, hogy kiz\u00f6kkenj a rutinb\u00f3l, \u00e9s megt\u00f6ri a napok monot\u00f3ni\u00e1j\u00e1t, amikor nem tudsz kimozdulni. Legyen kreat\u00edv, \u00e9s szervezzen eml\u00e9kezetes kirak\u00f3s est\u00e9ket a gyerekeivel vagy bar\u00e1taival.<\/span><\/p>\n<p><span style=\"font-weight: 400\">Oszd sz\u00e9t a darabokat sz\u00edn szerint, keresd meg figyelmesen az 1000 kirak\u00f3s darabot, \u00e9s helyezd \u0151ket a megfelel\u0151 helyre a k\u00e9pen. Keressen egyedi inform\u00e1ci\u00f3kat Dubajr\u00f3l \u00e9s az arab orsz\u00e1gokr\u00f3l, \u00e9s mutassa be azokat eredeti m\u00f3don. A kirak\u00f3s j\u00e1t\u00e9k tanul\u00e1si lehet\u0151s\u00e9gg\u00e9 v\u00e1lik.<\/span><\/p>\n<p><span style=\"font-weight: 400\">V\u00e1lassza az 1000 darabos Dubai puzzle-t a Cartoon puzzle kollekci\u00f3b\u00f3l, \u00e9s \u00e9lvezze az egyed\u00fcl\u00e1ll\u00f3an pihentet\u0151 \u00e9s sz\u00f3rakoztat\u00f3 \u00e9lm\u00e9nyt. Tartsa otthon\u00e1ban, \u00e9s rakja \u00f6ssze a k\u00e9pet, amikor csak \u00fagy \u00e9rzi, hogy sz\u00fcks\u00e9ge van egy kreat\u00edv kih\u00edv\u00e1sra, vagy tegye be a keretbe az els\u0151 rekonstrukci\u00f3 ut\u00e1n, \u00e9s d\u00edsz\u00edtse otthon\u00e1t egy csod\u00e1latos k\u00e9ppel.<\/span><\/p>\n<p><span style=\"font-weight: 400\">Az 1000 darabos rajzfilm puzzle &#8211; Dubai nagyszer\u0171 aj\u00e1nd\u00e9k lehet olyan alkalmakra, amikor kellemesen meg akarod lepni kreat\u00edv bar\u00e1taidat.<\/span><\/p><\/p>\n","protected":false},"excerpt":{"rendered":"<p>Stresszes vagy \u00e9s keresed a kikapcsol\u00f3d\u00e1s \u00e9s a laz\u00edt\u00e1s m\u00f3dj\u00e1t? L\u00e9pj be az aranyos figur\u00e1k sz\u00ednes, anim\u00e1lt vil\u00e1g\u00e1ba az egyed\u00fcl\u00e1ll\u00f3<\/p>\n","protected":false},"featured_media":34825,"template":"","meta":[],"product_brand":[],"product_cat":[1920,1919,1881],"product_tag":[],"class_list":{"0":"post-41827","1":"product","2":"type-product","3":"status-publish","4":"has-post-thumbnail","6":"product_cat-1000-darabos-kirakos-jatek","7":"product_cat-felnott-kirakos-jatekok","8":"product_cat-kirakos-jatekok","9":"pa_brand-d_toys-hu","10":"pa_country_of_manufacture-ro-hu","11":"pa_filter_age-14-hu","12":"pa_painter-cartooncollection-hu","13":"pa_tip_ambalaj-doboz","14":"pa_tip_puzzle-klasszikus","16":"first","17":"instock","18":"taxable","19":"shipping-taxable","20":"product-type-simple"},"yoast_head":"<!-- This site is optimized with the Yoast SEO plugin v20.1 - https:\/\/yoast.com\/wordpress\/plugins\/seo\/ -->\n<title>Cartoon Collection 1000 darabos feln\u0151tt puzzle - Dubai<\/title>\n<meta name=\"description\" content=\"Cartoon Collection 1000 darabos feln\u0151tt puzzle - Dubai\" \/>\n<meta name=\"robots\" content=\"index, follow, max-snippet:-1, max-image-preview:large, max-video-preview:-1\" \/>\n<link rel=\"canonical\" href=\"https:\/\/business.roovi.com\/hu\/cartoon-collection-1000-darabos-felnott-puzzle-dubai\/p\/\" \/>\n<meta property=\"og:locale\" content=\"hu_HU\" \/>\n<meta property=\"og:type\" content=\"article\" \/>\n<meta property=\"og:title\" content=\"Cartoon Collection 1000 darabos feln\u0151tt puzzle - Dubai\" \/>\n<meta property=\"og:description\" content=\"Cartoon Collection 1000 darabos feln\u0151tt puzzle - Dubai\" \/>\n<meta property=\"og:url\" content=\"https:\/\/business.roovi.com\/hu\/cartoon-collection-1000-darabos-felnott-puzzle-dubai\/p\/\" \/>\n<meta property=\"og:site_name\" content=\"Roovi B2B\" \/>\n<meta property=\"article:publisher\" content=\"https:\/\/www.facebook.com\/wwwjucariero\" \/>\n<meta property=\"article:modified_time\" content=\"2022-07-06T18:04:45+00:00\" \/>\n<meta property=\"og:image\" content=\"https:\/\/business.roovi.com\/wp-content\/uploads\/2018\/04\/61218-12_ansamblu_dimensiuni_cutie_cm_vertical_1200x1200.png\" \/>\n\t<meta property=\"og:image:width\" content=\"1200\" \/>\n\t<meta property=\"og:image:height\" content=\"1200\" \/>\n\t<meta property=\"og:image:type\" content=\"image\/png\" \/>\n<meta name=\"twitter:label1\" content=\"Becs\u00fclt olvas\u00e1si id\u0151\" \/>\n\t<meta name=\"twitter:data1\" content=\"3 perc\" \/>\n<script type=\"application\/ld+json\" class=\"yoast-schema-graph\">{\"@context\":\"https:\/\/schema.org\",\"@graph\":[{\"@type\":\"WebPage\",\"@id\":\"https:\/\/business.roovi.com\/hu\/cartoon-collection-1000-darabos-felnott-puzzle-dubai\/p\/\",\"url\":\"https:\/\/business.roovi.com\/hu\/cartoon-collection-1000-darabos-felnott-puzzle-dubai\/p\/\",\"name\":\"Cartoon Collection 1000 darabos feln\u0151tt puzzle - Dubai\",\"isPartOf\":{\"@id\":\"https:\/\/business.roovi.com\/hu\/#website\"},\"datePublished\":\"2018-04-16T10:56:17+00:00\",\"dateModified\":\"2022-07-06T18:04:45+00:00\",\"description\":\"Cartoon Collection 1000 darabos feln\u0151tt puzzle - Dubai\",\"breadcrumb\":{\"@id\":\"https:\/\/business.roovi.com\/hu\/cartoon-collection-1000-darabos-felnott-puzzle-dubai\/p\/#breadcrumb\"},\"inLanguage\":\"hu\",\"potentialAction\":[{\"@type\":\"ReadAction\",\"target\":[\"https:\/\/business.roovi.com\/hu\/cartoon-collection-1000-darabos-felnott-puzzle-dubai\/p\/\"]}]},{\"@type\":\"BreadcrumbList\",\"@id\":\"https:\/\/business.roovi.com\/hu\/cartoon-collection-1000-darabos-felnott-puzzle-dubai\/p\/#breadcrumb\",\"itemListElement\":[{\"@type\":\"ListItem\",\"position\":1,\"name\":\"Home\",\"item\":\"https:\/\/business.roovi.com\/hu\/\"},{\"@type\":\"ListItem\",\"position\":2,\"name\":\"Shop\",\"item\":\"https:\/\/business.roovi.com\/hu\/shop\/\"},{\"@type\":\"ListItem\",\"position\":3,\"name\":\"Cartoon Collection 1000 darabos feln\u0151tt puzzle &#8211; Dubai\"}]},{\"@type\":\"WebSite\",\"@id\":\"https:\/\/business.roovi.com\/hu\/#website\",\"url\":\"https:\/\/business.roovi.com\/hu\/\",\"name\":\"Roovi B2B\",\"description\":\"Roovi Business Website\",\"potentialAction\":[{\"@type\":\"SearchAction\",\"target\":{\"@type\":\"EntryPoint\",\"urlTemplate\":\"https:\/\/business.roovi.com\/hu\/?s={search_term_string}\"},\"query-input\":\"required name=search_term_string\"}],\"inLanguage\":\"hu\"}]}<\/script>\n<!-- \/ Yoast SEO plugin. -->","yoast_head_json":{"title":"Cartoon Collection 1000 darabos feln\u0151tt puzzle - Dubai","description":"Cartoon Collection 1000 darabos feln\u0151tt puzzle - Dubai","robots":{"index":"index","follow":"follow","max-snippet":"max-snippet:-1","max-image-preview":"max-image-preview:large","max-video-preview":"max-video-preview:-1"},"canonical":"https:\/\/business.roovi.com\/hu\/cartoon-collection-1000-darabos-felnott-puzzle-dubai\/p\/","og_locale":"hu_HU","og_type":"article","og_title":"Cartoon Collection 1000 darabos feln\u0151tt puzzle - Dubai","og_description":"Cartoon Collection 1000 darabos feln\u0151tt puzzle - Dubai","og_url":"https:\/\/business.roovi.com\/hu\/cartoon-collection-1000-darabos-felnott-puzzle-dubai\/p\/","og_site_name":"Roovi B2B","article_publisher":"https:\/\/www.facebook.com\/wwwjucariero","article_modified_time":"2022-07-06T18:04:45+00:00","og_image":[{"width":1200,"height":1200,"url":"https:\/\/business.roovi.com\/wp-content\/uploads\/2018\/04\/61218-12_ansamblu_dimensiuni_cutie_cm_vertical_1200x1200.png","type":"image\/png"}],"twitter_misc":{"Becs\u00fclt olvas\u00e1si id\u0151":"3 perc"},"schema":{"@context":"https:\/\/schema.org","@graph":[{"@type":"WebPage","@id":"https:\/\/business.roovi.com\/hu\/cartoon-collection-1000-darabos-felnott-puzzle-dubai\/p\/","url":"https:\/\/business.roovi.com\/hu\/cartoon-collection-1000-darabos-felnott-puzzle-dubai\/p\/","name":"Cartoon Collection 1000 darabos feln\u0151tt puzzle - Dubai","isPartOf":{"@id":"https:\/\/business.roovi.com\/hu\/#website"},"datePublished":"2018-04-16T10:56:17+00:00","dateModified":"2022-07-06T18:04:45+00:00","description":"Cartoon Collection 1000 darabos feln\u0151tt puzzle - Dubai","breadcrumb":{"@id":"https:\/\/business.roovi.com\/hu\/cartoon-collection-1000-darabos-felnott-puzzle-dubai\/p\/#breadcrumb"},"inLanguage":"hu","potentialAction":[{"@type":"ReadAction","target":["https:\/\/business.roovi.com\/hu\/cartoon-collection-1000-darabos-felnott-puzzle-dubai\/p\/"]}]},{"@type":"BreadcrumbList","@id":"https:\/\/business.roovi.com\/hu\/cartoon-collection-1000-darabos-felnott-puzzle-dubai\/p\/#breadcrumb","itemListElement":[{"@type":"ListItem","position":1,"name":"Home","item":"https:\/\/business.roovi.com\/hu\/"},{"@type":"ListItem","position":2,"name":"Shop","item":"https:\/\/business.roovi.com\/hu\/shop\/"},{"@type":"ListItem","position":3,"name":"Cartoon Collection 1000 darabos feln\u0151tt puzzle &#8211; Dubai"}]},{"@type":"WebSite","@id":"https:\/\/business.roovi.com\/hu\/#website","url":"https:\/\/business.roovi.com\/hu\/","name":"Roovi B2B","description":"Roovi Business Website","potentialAction":[{"@type":"SearchAction","target":{"@type":"EntryPoint","urlTemplate":"https:\/\/business.roovi.com\/hu\/?s={search_term_string}"},"query-input":"required name=search_term_string"}],"inLanguage":"hu"}]}},"_links":{"self":[{"href":"https:\/\/business.roovi.com\/hu\/wp-json\/wp\/v2\/product\/41827","targetHints":{"allow":["GET"]}}],"collection":[{"href":"https:\/\/business.roovi.com\/hu\/wp-json\/wp\/v2\/product"}],"about":[{"href":"https:\/\/business.roovi.com\/hu\/wp-json\/wp\/v2\/types\/product"}],"version-history":[{"count":0,"href":"https:\/\/business.roovi.com\/hu\/wp-json\/wp\/v2\/product\/41827\/revisions"}],"wp:featuredmedia":[{"embeddable":true,"href":"https:\/\/business.roovi.com\/hu\/wp-json\/wp\/v2\/media\/34825"}],"wp:attachment":[{"href":"https:\/\/business.roovi.com\/hu\/wp-json\/wp\/v2\/media?parent=41827"}],"wp:term":[{"taxonomy":"product_brand","embeddable":true,"href":"https:\/\/business.roovi.com\/hu\/wp-json\/wp\/v2\/product_brand?post=41827"},{"taxonomy":"product_cat","embeddable":true,"href":"https:\/\/business.roovi.com\/hu\/wp-json\/wp\/v2\/product_cat?post=41827"},{"taxonomy":"product_tag","embeddable":true,"href":"https:\/\/business.roovi.com\/hu\/wp-json\/wp\/v2\/product_tag?post=41827"}],"curies":[{"name":"wp","href":"https:\/\/api.w.org\/{rel}","templated":true}]}}