{"id":41831,"date":"2018-04-16T10:56:17","date_gmt":"2018-04-16T10:56:17","guid":{"rendered":"https:\/\/business.roovi.com\/puzzle-adulti-1000-piese-cartoon-collection-eiffel-tower\/p\/"},"modified":"2022-07-06T18:04:52","modified_gmt":"2022-07-06T18:04:52","slug":"cartoon-collection-1000-darabos-felnott-puzzle-eiffel-torony","status":"publish","type":"product","link":"https:\/\/business.roovi.com\/hu\/cartoon-collection-1000-darabos-felnott-puzzle-eiffel-torony\/p\/","title":{"rendered":"Cartoon Collection 1000 darabos feln\u0151tt puzzle &#8211; Eiffel-torony"},"content":{"rendered":"<p><span style=\"font-weight: 400\">A Cartoon puzzle gy\u0171jtem\u00e9nyben tal\u00e1lhat\u00f3 puzzle j\u00e1t\u00e9kok a legjobb menek\u00fcl\u00e9s a mindennapok el\u0151l. Ezek kih\u00edv\u00e1st jelentenek az elm\u00e9dnek, edzik a kirak\u00f3s k\u00e9szs\u00e9gedet \u00e9s nagy adag sz\u00f3rakoz\u00e1st ny\u00fajtanak.<\/span><\/p>\n<p><span style=\"font-weight: 400\">Az Eiffel-torony kimer\u00edthetetlen inspir\u00e1ci\u00f3s forr\u00e1s. A Cartoon 1000 Piece Puzzle &#8211; Eiffel Tower egy sz\u00f3rakoztat\u00f3 \u00e9s eredeti n\u00e9z\u0151pontb\u00f3l mutatja be a h\u00edres francia nevezetess\u00e9get <\/span><\/p>\n<p><span style=\"font-weight: 400\">A torony \u00e9p\u00edt\u00e9s\u00e9ben t\u00f6bb tucatnyi im\u00e1dnival\u00f3 figura vesz r\u00e9szt a nagy szak\u00e9rtelemmel \u00e9s k\u00e9zm\u0171vess\u00e9ggel tervezett eredeti illusztr\u00e1ci\u00f3n. A r\u00e9szletek, karakterek \u00e9s sz\u00ednek sokas\u00e1ga minden kirak\u00f3s j\u00e1t\u00e9k rajong\u00f3j\u00e1nak \u00f6r\u00f6m\u00e9re szolg\u00e1l, aki igazi detekt\u00edvk\u00e9nt szeretn\u00e9 felfedezni a k\u00e9p kit\u00f6lt\u00e9s\u00e9hez vezet\u0151 \u00f6sszes nyomot.<\/span><\/p>\n<p><span style=\"font-weight: 400\">Egy sz\u00f3rakoztat\u00f3 kirak\u00f3s j\u00e1t\u00e9k, amelyet egyed\u00fcl is befejezhetsz, amikor egy \u00e9l\u00e9nk vil\u00e1gba szeretn\u00e9l menek\u00fclni, t\u00e1vol a mindennapok ny\u00fczsg\u00e9s\u00e9t\u0151l. Vagy \u00fajra megteheted a gyerekeiddel vagy a bar\u00e1ti t\u00e1rsas\u00e1goddal. B\u00e1rmelyik v\u00e1ltozatot is v\u00e1lasztja, a Cartoon &#8211; Eiffel-torony 1000 darabos puzzle biztosan maxim\u00e1lis sz\u00f3rakoz\u00e1st \u00e9s mes\u00e9s eml\u00e9keket ny\u00fajt.<\/span><\/p>\n<p><strong>Mi\u00e9rt v\u00e1lassza az 1000 darabos Eiffel-torony puzzle-t a Cartoon puzzle kollekci\u00f3b\u00f3l?<\/strong><\/p>\n<p><span style=\"font-weight: 400\">Amikor a k\u00e9p elk\u00e9sz\u00fcl, egy sz\u00ednes \u00e9s anim\u00e1lt 50 x 70 cm-es k\u00e9pet kap.<\/span><\/p>\n<p><span style=\"font-weight: 400\">A k\u00e9pet bekeretezheti, \u00e9s d\u00edsz\u00edtheti vele otthon\u00e1t.<\/span><\/p>\n<p><span style=\"font-weight: 400\">A kirak\u00f3s a k\u00f6vetkez\u0151 anyagokb\u00f3l k\u00e9sz\u00fclt <\/span><span style=\"font-weight: 400\">pr\u00e9mium min\u0151s\u00e9g\u0171 k\u00e9k karton, amely ellen\u00e1ll a t\u00f6bbsz\u00f6ri \u00f6sszeszerel\u00e9snek.<\/span><\/p>\n<p><span style=\"font-weight: 400\">A fel\u00fclet f\u00e9lig f\u00e9nyes, \u00e9l\u00e9nk sz\u00ednekkel, amelyek kiemelik az illusztr\u00e1ci\u00f3 sz\u00e9ps\u00e9g\u00e9t.<\/span><\/p>\n<p><span style=\"font-weight: 400\">A darabok prec\u00edzen v\u00e1gottak, egyediek \u00e9s t\u00f6k\u00e9letesen illeszkednek egym\u00e1shoz, \u00edgy egy igazi gy\u0171jt\u0151i darabot alkotnak.<\/span><\/p>\n<p><span style=\"font-weight: 400\">Fenntarthat\u00f3, \u00fajrahasznos\u00edthat\u00f3 anyagokb\u00f3l k\u00e9sz\u00fcl.<\/span><\/p>\n<p><span style=\"font-weight: 400\">14 \u00e9ves kort\u00f3l alkalmas &#8211; m\u00e9g egy okkal t\u00f6bb, hogy a tizen\u00e9vesekkel \u00fajra megcsin\u00e1ltasd <\/span><\/p>\n<p><span style=\"font-weight: 400\">A Cartoon &#8211; Eiffel-torony 1000 darabos kirak\u00f3j\u00e1t\u00e9kkal a kirak\u00f3s j\u00e1t\u00e9k sz\u00e1mos el\u0151ny\u00e9t \u00e9lvezheti:<\/span><\/p>\n<ul>\n<li><span style=\"font-weight: 400\">Fejleszti a r\u00e9szletekre val\u00f3 figyelmet.<\/span><\/li>\n<li><span style=\"font-weight: 400\">A t\u00fcrelmet \u00e9s a kitart\u00e1st fejleszti.<\/span><\/li>\n<li><span style=\"font-weight: 400\">Ellaz\u00edt \u00e9s kikapcsol.<\/span><\/li>\n<li><span style=\"font-weight: 400\">Seg\u00edt abban, hogy hossz\u00fa ideig egyetlen feladatra \u00f6sszpontos\u00edtson.<\/span><\/li>\n<li><span style=\"font-weight: 400\">Serkenti a dopamin kiv\u00e1laszt\u00e1s\u00e1t az agyban, \u00e9s az optimizmus \u00e9s a boldogs\u00e1g \u00e9rz\u00e9s\u00e9t kelti.<\/span><\/li>\n<\/ul>\n<p><strong>Tudtad, hogy&#8230;?<\/strong><\/p>\n<p><span style=\"font-weight: 400\">Az 1889-es felavat\u00e1s\u00e1t\u00f3l napjainkig t\u00f6bb mint 300 milli\u00f3an l\u00e1togatt\u00e1k meg az Eiffel-tornyot, ami a vil\u00e1g legl\u00e1togatottabb nevezetess\u00e9g\u00e9v\u00e9 teszi.<\/span><\/p>\n<p><span style=\"font-weight: 400\">Az Eiffel-torony kialak\u00edt\u00e1s\u00e1t az Eiffel-t\u00e1rsas\u00e1g \u00e1ltal a 19. sz\u00e1zadban \u00e9p\u00edtett vashidak ihlett\u00e9k.<\/span><\/p>\n<p><span style=\"font-weight: 400\">Az Eiffel-toronynak k\u00f6r\u00fclbel\u00fcl 20 \u00e9vet kellett volna kib\u00edrnia, de a tudom\u00e1nyos k\u00eds\u00e9rletek, k\u00fcl\u00f6n\u00f6sen az els\u0151 r\u00e1di\u00f3ad\u00e1sok, amelyeket Eiffel szorgalmazott, megmentett\u00e9k.<\/span><\/p>\n<p><span style=\"font-weight: 400\">A franci\u00e1knak nem tetszett ez a torony, \u00e9s a korabeli sajt\u00f3ban 1889-ben \u00fagy b\u00e9lyegezt\u00e9k meg, mint egy <\/span><em><span style=\"font-weight: 400\">\u00e9p\u00edt\u00e9szeti monstrum<\/span><\/em><span style=\"font-weight: 400\">.<\/span><\/p>\n<p><span style=\"font-weight: 400\">Gustave Eiffel a torony harmadik emelet\u00e9n egy kis lak\u00e1st alak\u00edtott ki bar\u00e1tai sz\u00e1m\u00e1ra.<\/span><\/p>\n<p><strong>Rajzfilm 1000 darabos puzzle &#8211; Az Eiffel-torony, menek\u00fcl\u00e9s a mindennapi \u00e9letb\u0151l<\/strong><\/p>\n<p><span style=\"font-weight: 400\">Minden puzzle-rajong\u00f3 \u00fagy \u00e9rzi, hogy id\u0151t kell sz\u00e1nnia szenved\u00e9ly\u00e9re, \u00e9s el kell vonulnia a puzzle-j\u00e1t\u00e9kok vil\u00e1g\u00e1ba, hogy kikapcsol\u00f3djon a mindennapi probl\u00e9m\u00e1kt\u00f3l. Az 1000 darabos Eiffel-torony puzzle a Cartoon puzzle kollekci\u00f3b\u00f3l ide\u00e1lis az ilyen pillanatokra.<\/span><\/p>\n<p><span style=\"font-weight: 400\">A sz\u00f3rakoztat\u00f3, apr\u00f3l\u00e9kosan \u00e9s maxim\u00e1lisan kidolgozott, a r\u00e9szletekre is odafigyel\u0151 jelenetek megragadj\u00e1k a figyelmedet, \u00e9s \u00f3r\u00e1kig lek\u00f6tnek a dinamikus \u00e9s humoros puzzle-illusztr\u00e1ci\u00f3val <\/span><\/p>\n<p><span style=\"font-weight: 400\">Ha szeretteiddel szereted t\u00f6lteni a puzzle-id\u0151t, szervezz egy eml\u00e9kezetes est\u00e9t, ahol az 1000 darabos Eiffel-torony puzzle aranyos man\u00f3i lesznek a f\u0151szerepl\u0151k. Nagyszer\u0171 k\u00e9pet k\u00e9sz\u00edthetsz, \u00e9s felejthetetlen eml\u00e9keket gy\u0171jthetsz szeretteiddel.<\/span><\/p>\n<p><span style=\"font-weight: 400\">V\u00e1lassza az 1000 darabos Eiffel-torony puzzle-t a Cartoon kollekci\u00f3b\u00f3l, \u00e9s tegye \u00e9rt\u00e9kess\u00e9 szabadidej\u00e9t. Ak\u00e1r egyed\u00fcl, ak\u00e1r szeretteid seg\u00edts\u00e9g\u00e9vel fejezed be, ez a csod\u00e1latos kirak\u00f3s j\u00e1t\u00e9k a monoton pillanatokat \u00e9rt\u00e9kes \u00e9s pihentet\u0151 id\u0151v\u00e9 v\u00e1ltoztatja.<\/span><\/p><\/p>\n","protected":false},"excerpt":{"rendered":"<p>A Cartoon puzzle gy\u0171jtem\u00e9nyben tal\u00e1lhat\u00f3 puzzle j\u00e1t\u00e9kok a legjobb menek\u00fcl\u00e9s a mindennapok el\u0151l. Ezek kih\u00edv\u00e1st jelentenek az elm\u00e9dnek, edzik a<\/p>\n","protected":false},"featured_media":34839,"template":"","meta":[],"product_brand":[],"product_cat":[1920,1919,1881],"product_tag":[],"class_list":{"0":"post-41831","1":"product","2":"type-product","3":"status-publish","4":"has-post-thumbnail","6":"product_cat-1000-darabos-kirakos-jatek","7":"product_cat-felnott-kirakos-jatekok","8":"product_cat-kirakos-jatekok","9":"pa_brand-d_toys-hu","10":"pa_country_of_manufacture-ro-hu","11":"pa_filter_age-14-hu","12":"pa_painter-cartooncollection-hu","13":"pa_tip_ambalaj-doboz","14":"pa_tip_puzzle-klasszikus","16":"first","17":"instock","18":"taxable","19":"shipping-taxable","20":"product-type-simple"},"yoast_head":"<!-- This site is optimized with the Yoast SEO plugin v20.1 - https:\/\/yoast.com\/wordpress\/plugins\/seo\/ -->\n<title>Cartoon Collection 1000 darabos feln\u0151tt puzzle - Eiffel-torony<\/title>\n<meta name=\"description\" content=\"Cartoon Collection 1000 darabos feln\u0151tt puzzle - Eiffel-torony\" \/>\n<meta name=\"robots\" content=\"index, follow, max-snippet:-1, max-image-preview:large, max-video-preview:-1\" \/>\n<link rel=\"canonical\" href=\"https:\/\/business.roovi.com\/hu\/cartoon-collection-1000-darabos-felnott-puzzle-eiffel-torony\/p\/\" \/>\n<meta property=\"og:locale\" content=\"hu_HU\" \/>\n<meta property=\"og:type\" content=\"article\" \/>\n<meta property=\"og:title\" content=\"Cartoon Collection 1000 darabos feln\u0151tt puzzle - Eiffel-torony\" \/>\n<meta property=\"og:description\" content=\"Cartoon Collection 1000 darabos feln\u0151tt puzzle - Eiffel-torony\" \/>\n<meta property=\"og:url\" content=\"https:\/\/business.roovi.com\/hu\/cartoon-collection-1000-darabos-felnott-puzzle-eiffel-torony\/p\/\" \/>\n<meta property=\"og:site_name\" content=\"Roovi B2B\" \/>\n<meta property=\"article:publisher\" content=\"https:\/\/www.facebook.com\/wwwjucariero\" \/>\n<meta property=\"article:modified_time\" content=\"2022-07-06T18:04:52+00:00\" \/>\n<meta property=\"og:image\" content=\"https:\/\/business.roovi.com\/wp-content\/uploads\/2018\/04\/61218-11-ansamblu_dimensiuni-cutie-cm_vertical-1200x1200.png\" \/>\n\t<meta property=\"og:image:width\" content=\"840\" \/>\n\t<meta property=\"og:image:height\" content=\"840\" \/>\n\t<meta property=\"og:image:type\" content=\"image\/png\" \/>\n<meta name=\"twitter:label1\" content=\"Becs\u00fclt olvas\u00e1si id\u0151\" \/>\n\t<meta name=\"twitter:data1\" content=\"4 perc\" \/>\n<script type=\"application\/ld+json\" class=\"yoast-schema-graph\">{\"@context\":\"https:\/\/schema.org\",\"@graph\":[{\"@type\":\"WebPage\",\"@id\":\"https:\/\/business.roovi.com\/hu\/cartoon-collection-1000-darabos-felnott-puzzle-eiffel-torony\/p\/\",\"url\":\"https:\/\/business.roovi.com\/hu\/cartoon-collection-1000-darabos-felnott-puzzle-eiffel-torony\/p\/\",\"name\":\"Cartoon Collection 1000 darabos feln\u0151tt puzzle - Eiffel-torony\",\"isPartOf\":{\"@id\":\"https:\/\/business.roovi.com\/hu\/#website\"},\"datePublished\":\"2018-04-16T10:56:17+00:00\",\"dateModified\":\"2022-07-06T18:04:52+00:00\",\"description\":\"Cartoon Collection 1000 darabos feln\u0151tt puzzle - Eiffel-torony\",\"breadcrumb\":{\"@id\":\"https:\/\/business.roovi.com\/hu\/cartoon-collection-1000-darabos-felnott-puzzle-eiffel-torony\/p\/#breadcrumb\"},\"inLanguage\":\"hu\",\"potentialAction\":[{\"@type\":\"ReadAction\",\"target\":[\"https:\/\/business.roovi.com\/hu\/cartoon-collection-1000-darabos-felnott-puzzle-eiffel-torony\/p\/\"]}]},{\"@type\":\"BreadcrumbList\",\"@id\":\"https:\/\/business.roovi.com\/hu\/cartoon-collection-1000-darabos-felnott-puzzle-eiffel-torony\/p\/#breadcrumb\",\"itemListElement\":[{\"@type\":\"ListItem\",\"position\":1,\"name\":\"Home\",\"item\":\"https:\/\/business.roovi.com\/hu\/\"},{\"@type\":\"ListItem\",\"position\":2,\"name\":\"Shop\",\"item\":\"https:\/\/business.roovi.com\/hu\/shop\/\"},{\"@type\":\"ListItem\",\"position\":3,\"name\":\"Cartoon Collection 1000 darabos feln\u0151tt puzzle &#8211; Eiffel-torony\"}]},{\"@type\":\"WebSite\",\"@id\":\"https:\/\/business.roovi.com\/hu\/#website\",\"url\":\"https:\/\/business.roovi.com\/hu\/\",\"name\":\"Roovi B2B\",\"description\":\"Roovi Business Website\",\"potentialAction\":[{\"@type\":\"SearchAction\",\"target\":{\"@type\":\"EntryPoint\",\"urlTemplate\":\"https:\/\/business.roovi.com\/hu\/?s={search_term_string}\"},\"query-input\":\"required name=search_term_string\"}],\"inLanguage\":\"hu\"}]}<\/script>\n<!-- \/ Yoast SEO plugin. -->","yoast_head_json":{"title":"Cartoon Collection 1000 darabos feln\u0151tt puzzle - Eiffel-torony","description":"Cartoon Collection 1000 darabos feln\u0151tt puzzle - Eiffel-torony","robots":{"index":"index","follow":"follow","max-snippet":"max-snippet:-1","max-image-preview":"max-image-preview:large","max-video-preview":"max-video-preview:-1"},"canonical":"https:\/\/business.roovi.com\/hu\/cartoon-collection-1000-darabos-felnott-puzzle-eiffel-torony\/p\/","og_locale":"hu_HU","og_type":"article","og_title":"Cartoon Collection 1000 darabos feln\u0151tt puzzle - Eiffel-torony","og_description":"Cartoon Collection 1000 darabos feln\u0151tt puzzle - Eiffel-torony","og_url":"https:\/\/business.roovi.com\/hu\/cartoon-collection-1000-darabos-felnott-puzzle-eiffel-torony\/p\/","og_site_name":"Roovi B2B","article_publisher":"https:\/\/www.facebook.com\/wwwjucariero","article_modified_time":"2022-07-06T18:04:52+00:00","og_image":[{"width":840,"height":840,"url":"https:\/\/business.roovi.com\/wp-content\/uploads\/2018\/04\/61218-11-ansamblu_dimensiuni-cutie-cm_vertical-1200x1200.png","type":"image\/png"}],"twitter_misc":{"Becs\u00fclt olvas\u00e1si id\u0151":"4 perc"},"schema":{"@context":"https:\/\/schema.org","@graph":[{"@type":"WebPage","@id":"https:\/\/business.roovi.com\/hu\/cartoon-collection-1000-darabos-felnott-puzzle-eiffel-torony\/p\/","url":"https:\/\/business.roovi.com\/hu\/cartoon-collection-1000-darabos-felnott-puzzle-eiffel-torony\/p\/","name":"Cartoon Collection 1000 darabos feln\u0151tt puzzle - Eiffel-torony","isPartOf":{"@id":"https:\/\/business.roovi.com\/hu\/#website"},"datePublished":"2018-04-16T10:56:17+00:00","dateModified":"2022-07-06T18:04:52+00:00","description":"Cartoon Collection 1000 darabos feln\u0151tt puzzle - Eiffel-torony","breadcrumb":{"@id":"https:\/\/business.roovi.com\/hu\/cartoon-collection-1000-darabos-felnott-puzzle-eiffel-torony\/p\/#breadcrumb"},"inLanguage":"hu","potentialAction":[{"@type":"ReadAction","target":["https:\/\/business.roovi.com\/hu\/cartoon-collection-1000-darabos-felnott-puzzle-eiffel-torony\/p\/"]}]},{"@type":"BreadcrumbList","@id":"https:\/\/business.roovi.com\/hu\/cartoon-collection-1000-darabos-felnott-puzzle-eiffel-torony\/p\/#breadcrumb","itemListElement":[{"@type":"ListItem","position":1,"name":"Home","item":"https:\/\/business.roovi.com\/hu\/"},{"@type":"ListItem","position":2,"name":"Shop","item":"https:\/\/business.roovi.com\/hu\/shop\/"},{"@type":"ListItem","position":3,"name":"Cartoon Collection 1000 darabos feln\u0151tt puzzle &#8211; Eiffel-torony"}]},{"@type":"WebSite","@id":"https:\/\/business.roovi.com\/hu\/#website","url":"https:\/\/business.roovi.com\/hu\/","name":"Roovi B2B","description":"Roovi Business Website","potentialAction":[{"@type":"SearchAction","target":{"@type":"EntryPoint","urlTemplate":"https:\/\/business.roovi.com\/hu\/?s={search_term_string}"},"query-input":"required name=search_term_string"}],"inLanguage":"hu"}]}},"_links":{"self":[{"href":"https:\/\/business.roovi.com\/hu\/wp-json\/wp\/v2\/product\/41831","targetHints":{"allow":["GET"]}}],"collection":[{"href":"https:\/\/business.roovi.com\/hu\/wp-json\/wp\/v2\/product"}],"about":[{"href":"https:\/\/business.roovi.com\/hu\/wp-json\/wp\/v2\/types\/product"}],"version-history":[{"count":0,"href":"https:\/\/business.roovi.com\/hu\/wp-json\/wp\/v2\/product\/41831\/revisions"}],"wp:featuredmedia":[{"embeddable":true,"href":"https:\/\/business.roovi.com\/hu\/wp-json\/wp\/v2\/media\/34839"}],"wp:attachment":[{"href":"https:\/\/business.roovi.com\/hu\/wp-json\/wp\/v2\/media?parent=41831"}],"wp:term":[{"taxonomy":"product_brand","embeddable":true,"href":"https:\/\/business.roovi.com\/hu\/wp-json\/wp\/v2\/product_brand?post=41831"},{"taxonomy":"product_cat","embeddable":true,"href":"https:\/\/business.roovi.com\/hu\/wp-json\/wp\/v2\/product_cat?post=41831"},{"taxonomy":"product_tag","embeddable":true,"href":"https:\/\/business.roovi.com\/hu\/wp-json\/wp\/v2\/product_tag?post=41831"}],"curies":[{"name":"wp","href":"https:\/\/api.w.org\/{rel}","templated":true}]}}