{"id":41835,"date":"2018-04-16T10:56:17","date_gmt":"2018-04-16T10:56:17","guid":{"rendered":"https:\/\/business.roovi.com\/puzzle-adulti-1000-piese-high-difficulty-fruit-fructe\/p\/"},"modified":"2022-07-06T18:09:08","modified_gmt":"2022-07-06T18:09:08","slug":"felnott-puzzle-1000-darab-magas-nehezsegu-gyumolcs-gyumolcsok","status":"publish","type":"product","link":"https:\/\/business.roovi.com\/hu\/felnott-puzzle-1000-darab-magas-nehezsegu-gyumolcs-gyumolcsok\/p\/","title":{"rendered":"Feln\u0151tt puzzle 1000 darab magas neh\u00e9zs\u00e9g\u0171 &#8211; gy\u00fcm\u00f6lcs \/ gy\u00fcm\u00f6lcs\u00f6k"},"content":{"rendered":"<p><span style=\"font-weight: 400\">Emeld a kirak\u00f3s j\u00e1t\u00e9kokat a k\u00f6vetkez\u0151 szintre az 1000 darabos puzzle modellel &#8211; Gy\u00fcm\u00f6lcs! Neh\u00e9z \u00e9s.. <\/span><span style=\"font-weight: 400\">&#8222;finom&#8221;<\/span><span style=\"font-weight: 400\">ez az 1000 darabos puzzle elszak\u00edt a h\u00e9tk\u00f6znapokt\u00f3l, \u00e9s v\u00e1ratlan el\u00e9gedetts\u00e9get ny\u00fajt.<\/span><\/p>\n<p><span style=\"font-weight: 400\">Ha a kirak\u00f3s j\u00e1t\u00e9kok szerelmese vagy, \u00e9s a szok\u00e1sos kirak\u00f3s modellek m\u00e1r t\u00fal k\u00f6nny\u0171nek t\u0171nnek, itt az ideje, hogy valami nagyobb kih\u00edv\u00e1st jelent\u0151re v\u00e1lts. A High Difficulty 1000 Piece Puzzle &#8211; Fruit a t\u00f6k\u00e9letes v\u00e1laszt\u00e1s. Egy \u00e9tv\u00e1gygerjeszt\u0151 k\u00e9p, amely kil\u00f6ki \u00d6nt a komfortz\u00f3n\u00e1j\u00e1b\u00f3l, \u00f3r\u00e1kon \u00e1t tart\u00f3 kreat\u00edv tev\u00e9kenys\u00e9gre k\u00e9szteti.<\/span><\/p>\n<p><span style=\"font-weight: 400\">Az 1000 kirak\u00f3s darab sokas\u00e1ga k\u00e1osznak t\u0171nhet sz\u00e1modra, de ahogy \u00e9szreveszed a k\u00fcl\u00f6nbs\u00e9geket, \u00e9s megtal\u00e1lod a megfelel\u0151 darabokat a nagy k\u00e9pben, r\u00e1j\u00f6ssz, hogy a k\u00e1osz val\u00f3j\u00e1ban csak az elm\u00e9dben van. \u00c9s a gondolatok a hely\u00fckre ker\u00fclnek, ahogyan a gy\u00fcm\u00f6lcs\u00f6s k\u00e9pen a darabok is megfelel\u0151en illeszkednek.  <\/span><\/p>\n<p><span style=\"font-weight: 400\">H\u00fazza k\u00f6zel a nappali doh\u00e1nyz\u00f3asztal\u00e1t &#8211; amely ide\u00e1lis az 1000 darabos kirak\u00f3s tart\u00e1s\u00e1ra -, \u00e9s kezdjen el dolgozni az els\u0151 1000 darabos, nagy neh\u00e9zs\u00e9g\u0171 kirak\u00f3s k\u00e9pen. Csomagolj be egy gy\u00fcm\u00f6lcs\u00f6s r\u00e1gcs\u00e1lnival\u00f3t is a szomsz\u00e9dba &#8211; lehet, hogy megj\u00f6n az \u00e9tv\u00e1gyad, ahogy a k\u00e9p form\u00e1t \u00f6lt.<\/span><\/p>\n<p><span style=\"font-weight: 400\">Jellemz\u0151k Nagy neh\u00e9zs\u00e9g\u0171 1000 darabos puzzle &#8211; Gy\u00fcm\u00f6lcs:<\/span><\/p>\n<p><strong>\u00d6ssze\u00e1ll\u00edtott k\u00e9p m\u00e9rete: 47 x 68 cm<\/strong><\/p>\n<p><strong>Puzzle anyag <\/strong><\/p>\n<p><strong>kiv\u00e1l\u00f3 min\u0151s\u00e9g\u0171 k\u00e9k karton<\/strong><\/p>\n<p><strong>fenntarthat\u00f3, \u00fajrahasznos\u00edthat\u00f3 anyagok<\/strong><\/p>\n<p><strong>f\u00e9lf\u00e9nyes kivitel, \u00e9l\u00e9nk sz\u00ednek<\/strong><\/p>\n<p><strong>A kirak\u00f3s darabok sz\u00e1ma: 1000<\/strong><\/p>\n<p><strong>Aj\u00e1nlott \u00e9letkor: 14+<\/strong><\/p>\n<p><span style=\"font-weight: 400\">A kirak\u00f3s j\u00e1t\u00e9kok \u00f6sszerak\u00e1sa sz\u00e1mos olyan k\u00e9szs\u00e9get fejleszt, amelyeket a mindennapi tev\u00e9kenys\u00e9gek sor\u00e1n is haszn\u00e1lhatsz:<\/span><\/p>\n<ul>\n<li><span style=\"font-weight: 400\">Figyelem a r\u00e9szletekre.<\/span><\/li>\n<li><span style=\"font-weight: 400\">Koncentr\u00e1ci\u00f3s k\u00e9pess\u00e9g.<\/span><\/li>\n<li><span style=\"font-weight: 400\">Finommotoros k\u00e9szs\u00e9gek.<\/span><\/li>\n<li><span style=\"font-weight: 400\">Kitart\u00e1s.<\/span><\/li>\n<li><span style=\"font-weight: 400\">R\u00f6vid t\u00e1v\u00fa mem\u00f3ria.<\/span><\/li>\n<li><span style=\"font-weight: 400\">Logikus gondolkod\u00e1s.<\/span><\/li>\n<\/ul>\n<p><strong>Mi\u00e9rt k\u00fcl\u00f6nleges 1000 darabos puzzle modell &#8211; Gy\u00fcm\u00f6lcs\u00f6k nagy neh\u00e9zs\u00e9g\u0171?<\/strong><\/p>\n<p><span style=\"font-weight: 400\">Ez edzi az elm\u00e9t, akt\u00edvan \u00e9s eg\u00e9szs\u00e9gesen tartja az agyat.<\/span><\/p>\n<p><span style=\"font-weight: 400\">Ellaz\u00edt \u00e9s seg\u00edt a stressz old\u00e1s\u00e1ban.<\/span><\/p>\n<p><span style=\"font-weight: 400\">Ez j\u00f3 m\u00f3dja a kreativit\u00e1s fejleszt\u00e9s\u00e9nek.<\/span><\/p>\n<p><span style=\"font-weight: 400\">Megtan\u00edt a t\u00fcrelem leck\u00e9j\u00e9re, \u00e9s eml\u00e9keztet arra, hogy nincs olyan c\u00e9l, amit lehetetlen el\u00e9rni.<\/span><\/p>\n<p><span style=\"font-weight: 400\">A festm\u00e9nyt dekor\u00e1ci\u00f3s c\u00e9lokra is haszn\u00e1lhatja.<\/span><\/p>\n<p><span style=\"font-weight: 400\">F\u00e1rads\u00e1gos munk\u00e1d gy\u00fcm\u00f6lcse el\u00e9gedetts\u00e9ggel t\u00f6lti el.<\/span><\/p>\n<p><strong>Tudtad, hogy&#8230;?<\/strong><\/p>\n<p><span style=\"font-weight: 400\">A kirak\u00f3s j\u00e1t\u00e9kok serkentik a dopamin &#8211; a boldogs\u00e1ghormon &#8211; kiv\u00e1laszt\u00e1s\u00e1t, ami megmagyar\u00e1zza a boldogs\u00e1g \u00e9s az optimizmus \u00e9rz\u00e9s\u00e9t, amit az 1000 darabos kirak\u00f3s k\u00e9p elk\u00e9sz\u00fclte ut\u00e1n \u00e9rez.<\/span><\/p>\n<p><span style=\"font-weight: 400\">A rejtv\u00e9nyj\u00e1t\u00e9kok teljes szellemi edz\u00e9st jelentenek, mivel a jobb \u00e9s a bal agyf\u00e9ltek\u00e9t is ig\u00e9nybe veszik.<\/span><\/p>\n<p><span style=\"font-weight: 400\">A kirak\u00f3s j\u00e1t\u00e9kok m\u00e9ly meditat\u00edv \u00e1llapotot id\u00e9znek el\u0151, \u00edgy amikor az 1000 darabos kirak\u00f3t\u00e1bla elk\u00e9sz\u00fcl, felfriss\u00fcltnek \u00e9s energikusnak \u00e9rzi mag\u00e1t.<\/span><\/p>\n<p><span style=\"font-weight: 400\">A rejtv\u00e9nyj\u00e1t\u00e9kok minimaliz\u00e1lj\u00e1k a neurodegenerat\u00edv betegs\u00e9gek, p\u00e9ld\u00e1ul az Alzheimer-k\u00f3r kialakul\u00e1s\u00e1nak kock\u00e1zat\u00e1t <\/span><\/p>\n<p><strong>Nagy neh\u00e9zs\u00e9g\u0171 1000 darabos puzzle &#8211; Gy\u00fcm\u00f6lcs &#8211; rendet tesz a ment\u00e1lis k\u00e1oszban<\/strong><\/p>\n<p><span style=\"font-weight: 400\">\u00dagy \u00e9rzi, hogy el\u00e1rasztj\u00e1k a gondolatok \u00e9s tervek ezrei, amelyeket nem tud ir\u00e1ny\u00edtani? Az 1000 Piece Puzzle &#8211; High Difficulty Fruit j\u00f3 orvoss\u00e1g a ment\u00e1lis k\u00e1osz rendj\u00e9nek helyre\u00e1ll\u00edt\u00e1s\u00e1ra <\/span><\/p>\n<p><span style=\"font-weight: 400\">A kirak\u00f3s j\u00e1t\u00e9k csapd\u00e1ba ejt, \u00e9s hossz\u00fa ideig egyetlen feladathoz k\u00f6t. An\u00e9lk\u00fcl, hogy megk\u00e9rdezn\u00e9, az elm\u00e9je ki\u00fcr\u00fcl a gondolatokt\u00f3l, \u00e9s megtapasztalja a ment\u00e1lis nyugalom \u00e9s ellazul\u00e1s nagyon is sz\u00fcks\u00e9ges \u00e1llapot\u00e1t. A v\u00e9g\u00e9n, amikor az utols\u00f3 darabot is beteszed, az el\u00e9gedetts\u00e9g \u00e9rz\u00e9se felbecs\u00fclhetetlen. Magabiztosnak \u00e9rzi mag\u00e1t saj\u00e1t er\u0151ss\u00e9geiben, \u00e9s \u00fajra \u00e9s \u00fajra \u00e1t akarja \u00e9lni ezt az \u00e9rz\u00e9st.<\/span><\/p>\n<p><span style=\"font-weight: 400\">V\u00e1s\u00e1rolja meg az 1000 darabos High Difficulty &#8211; Fruit kirak\u00f3s j\u00e1t\u00e9kot, \u00e9s tapasztalja meg a kirak\u00f3s j\u00e1t\u00e9k \u00faj szintj\u00e9t. Fedezd fel a t\u00f6bbi nagy neh\u00e9zs\u00e9g\u0171 feln\u0151tt kirak\u00f3s j\u00e1t\u00e9kot, \u00e9s hozd l\u00e9tre saj\u00e1t gy\u0171jtem\u00e9nyedet csod\u00e1latos k\u00e9pekb\u0151l.<\/span><\/p>\n<p><span style=\"font-weight: 400\">Az 1000 darabos High Difficulty &#8211; Gy\u00fcm\u00f6lcs puzzle-t otthon tarthatod, \u00e9s b\u00e1rmikor \u00fajra elk\u00e9sz\u00edtheted, amikor \u00fagy \u00e9rzed, hogy sz\u00fcks\u00e9ged van egy intenz\u00edv kih\u00edv\u00e1sra. Ha vannak olyan bar\u00e1taid, akik ugyanolyan szenved\u00e9lyesen szeretik a kirak\u00f3s j\u00e1t\u00e9kokat, mint te, akkor ez az 1000 darabos kirak\u00f3j\u00e1t\u00e9k remek v\u00e1laszt\u00e1s.<\/span><\/p><\/p>\n","protected":false},"excerpt":{"rendered":"<p>Emeld a kirak\u00f3s j\u00e1t\u00e9kokat a k\u00f6vetkez\u0151 szintre az 1000 darabos puzzle modellel &#8211; Gy\u00fcm\u00f6lcs! Neh\u00e9z \u00e9s.. &#8222;finom&#8221;ez az 1000 darabos<\/p>\n","protected":false},"featured_media":34853,"template":"","meta":[],"product_brand":[],"product_cat":[1920,1919,1881],"product_tag":[],"class_list":{"0":"post-41835","1":"product","2":"type-product","3":"status-publish","4":"has-post-thumbnail","6":"product_cat-1000-darabos-kirakos-jatek","7":"product_cat-felnott-kirakos-jatekok","8":"product_cat-kirakos-jatekok","9":"pa_bax-10-hu","10":"pa_brand-d_toys-hu","11":"pa_country_of_manufacture-ro-hu","12":"pa_filter_age-14-hu","13":"pa_painter-high-difficulty-hu","14":"pa_tip_ambalaj-doboz","15":"pa_tip_puzzle-klasszikus","17":"first","18":"instock","19":"taxable","20":"shipping-taxable","21":"product-type-simple"},"yoast_head":"<!-- This site is optimized with the Yoast SEO plugin v20.1 - https:\/\/yoast.com\/wordpress\/plugins\/seo\/ -->\n<title>Feln\u0151tt puzzle 1000 darab magas neh\u00e9zs\u00e9g\u0171 - gy\u00fcm\u00f6lcs \/ gy\u00fcm\u00f6lcs\u00f6k<\/title>\n<meta name=\"description\" content=\"Feln\u0151tt puzzle 1000 darab magas neh\u00e9zs\u00e9g\u0171 - gy\u00fcm\u00f6lcs \/ gy\u00fcm\u00f6lcs\u00f6k\" \/>\n<meta name=\"robots\" content=\"index, follow, max-snippet:-1, max-image-preview:large, max-video-preview:-1\" \/>\n<link rel=\"canonical\" href=\"https:\/\/business.roovi.com\/hu\/felnott-puzzle-1000-darab-magas-nehezsegu-gyumolcs-gyumolcsok\/p\/\" \/>\n<meta property=\"og:locale\" content=\"hu_HU\" \/>\n<meta property=\"og:type\" content=\"article\" \/>\n<meta property=\"og:title\" content=\"Feln\u0151tt puzzle 1000 darab magas neh\u00e9zs\u00e9g\u0171 - gy\u00fcm\u00f6lcs \/ gy\u00fcm\u00f6lcs\u00f6k\" \/>\n<meta property=\"og:description\" content=\"Feln\u0151tt puzzle 1000 darab magas neh\u00e9zs\u00e9g\u0171 - gy\u00fcm\u00f6lcs \/ gy\u00fcm\u00f6lcs\u00f6k\" \/>\n<meta property=\"og:url\" content=\"https:\/\/business.roovi.com\/hu\/felnott-puzzle-1000-darab-magas-nehezsegu-gyumolcs-gyumolcsok\/p\/\" \/>\n<meta property=\"og:site_name\" content=\"Roovi B2B\" \/>\n<meta property=\"article:publisher\" content=\"https:\/\/www.facebook.com\/wwwjucariero\" \/>\n<meta property=\"article:modified_time\" content=\"2022-07-06T18:09:08+00:00\" \/>\n<meta property=\"og:image\" content=\"https:\/\/business.roovi.com\/wp-content\/uploads\/2018\/04\/71958-01-ansamblu_dimensiuni-cutie-cm_orizontal.png\" \/>\n\t<meta property=\"og:image:width\" content=\"800\" \/>\n\t<meta property=\"og:image:height\" content=\"800\" \/>\n\t<meta property=\"og:image:type\" content=\"image\/png\" \/>\n<meta name=\"twitter:label1\" content=\"Becs\u00fclt olvas\u00e1si id\u0151\" \/>\n\t<meta name=\"twitter:data1\" content=\"4 perc\" \/>\n<script type=\"application\/ld+json\" class=\"yoast-schema-graph\">{\"@context\":\"https:\/\/schema.org\",\"@graph\":[{\"@type\":\"WebPage\",\"@id\":\"https:\/\/business.roovi.com\/hu\/felnott-puzzle-1000-darab-magas-nehezsegu-gyumolcs-gyumolcsok\/p\/\",\"url\":\"https:\/\/business.roovi.com\/hu\/felnott-puzzle-1000-darab-magas-nehezsegu-gyumolcs-gyumolcsok\/p\/\",\"name\":\"Feln\u0151tt puzzle 1000 darab magas neh\u00e9zs\u00e9g\u0171 - gy\u00fcm\u00f6lcs \/ gy\u00fcm\u00f6lcs\u00f6k\",\"isPartOf\":{\"@id\":\"https:\/\/business.roovi.com\/hu\/#website\"},\"datePublished\":\"2018-04-16T10:56:17+00:00\",\"dateModified\":\"2022-07-06T18:09:08+00:00\",\"description\":\"Feln\u0151tt puzzle 1000 darab magas neh\u00e9zs\u00e9g\u0171 - gy\u00fcm\u00f6lcs \/ gy\u00fcm\u00f6lcs\u00f6k\",\"breadcrumb\":{\"@id\":\"https:\/\/business.roovi.com\/hu\/felnott-puzzle-1000-darab-magas-nehezsegu-gyumolcs-gyumolcsok\/p\/#breadcrumb\"},\"inLanguage\":\"hu\",\"potentialAction\":[{\"@type\":\"ReadAction\",\"target\":[\"https:\/\/business.roovi.com\/hu\/felnott-puzzle-1000-darab-magas-nehezsegu-gyumolcs-gyumolcsok\/p\/\"]}]},{\"@type\":\"BreadcrumbList\",\"@id\":\"https:\/\/business.roovi.com\/hu\/felnott-puzzle-1000-darab-magas-nehezsegu-gyumolcs-gyumolcsok\/p\/#breadcrumb\",\"itemListElement\":[{\"@type\":\"ListItem\",\"position\":1,\"name\":\"Home\",\"item\":\"https:\/\/business.roovi.com\/hu\/\"},{\"@type\":\"ListItem\",\"position\":2,\"name\":\"Shop\",\"item\":\"https:\/\/business.roovi.com\/hu\/shop\/\"},{\"@type\":\"ListItem\",\"position\":3,\"name\":\"Feln\u0151tt puzzle 1000 darab magas neh\u00e9zs\u00e9g\u0171 &#8211; gy\u00fcm\u00f6lcs \/ gy\u00fcm\u00f6lcs\u00f6k\"}]},{\"@type\":\"WebSite\",\"@id\":\"https:\/\/business.roovi.com\/hu\/#website\",\"url\":\"https:\/\/business.roovi.com\/hu\/\",\"name\":\"Roovi B2B\",\"description\":\"Roovi Business Website\",\"potentialAction\":[{\"@type\":\"SearchAction\",\"target\":{\"@type\":\"EntryPoint\",\"urlTemplate\":\"https:\/\/business.roovi.com\/hu\/?s={search_term_string}\"},\"query-input\":\"required name=search_term_string\"}],\"inLanguage\":\"hu\"}]}<\/script>\n<!-- \/ Yoast SEO plugin. -->","yoast_head_json":{"title":"Feln\u0151tt puzzle 1000 darab magas neh\u00e9zs\u00e9g\u0171 - gy\u00fcm\u00f6lcs \/ gy\u00fcm\u00f6lcs\u00f6k","description":"Feln\u0151tt puzzle 1000 darab magas neh\u00e9zs\u00e9g\u0171 - gy\u00fcm\u00f6lcs \/ gy\u00fcm\u00f6lcs\u00f6k","robots":{"index":"index","follow":"follow","max-snippet":"max-snippet:-1","max-image-preview":"max-image-preview:large","max-video-preview":"max-video-preview:-1"},"canonical":"https:\/\/business.roovi.com\/hu\/felnott-puzzle-1000-darab-magas-nehezsegu-gyumolcs-gyumolcsok\/p\/","og_locale":"hu_HU","og_type":"article","og_title":"Feln\u0151tt puzzle 1000 darab magas neh\u00e9zs\u00e9g\u0171 - gy\u00fcm\u00f6lcs \/ gy\u00fcm\u00f6lcs\u00f6k","og_description":"Feln\u0151tt puzzle 1000 darab magas neh\u00e9zs\u00e9g\u0171 - gy\u00fcm\u00f6lcs \/ gy\u00fcm\u00f6lcs\u00f6k","og_url":"https:\/\/business.roovi.com\/hu\/felnott-puzzle-1000-darab-magas-nehezsegu-gyumolcs-gyumolcsok\/p\/","og_site_name":"Roovi B2B","article_publisher":"https:\/\/www.facebook.com\/wwwjucariero","article_modified_time":"2022-07-06T18:09:08+00:00","og_image":[{"width":800,"height":800,"url":"https:\/\/business.roovi.com\/wp-content\/uploads\/2018\/04\/71958-01-ansamblu_dimensiuni-cutie-cm_orizontal.png","type":"image\/png"}],"twitter_misc":{"Becs\u00fclt olvas\u00e1si id\u0151":"4 perc"},"schema":{"@context":"https:\/\/schema.org","@graph":[{"@type":"WebPage","@id":"https:\/\/business.roovi.com\/hu\/felnott-puzzle-1000-darab-magas-nehezsegu-gyumolcs-gyumolcsok\/p\/","url":"https:\/\/business.roovi.com\/hu\/felnott-puzzle-1000-darab-magas-nehezsegu-gyumolcs-gyumolcsok\/p\/","name":"Feln\u0151tt puzzle 1000 darab magas neh\u00e9zs\u00e9g\u0171 - gy\u00fcm\u00f6lcs \/ gy\u00fcm\u00f6lcs\u00f6k","isPartOf":{"@id":"https:\/\/business.roovi.com\/hu\/#website"},"datePublished":"2018-04-16T10:56:17+00:00","dateModified":"2022-07-06T18:09:08+00:00","description":"Feln\u0151tt puzzle 1000 darab magas neh\u00e9zs\u00e9g\u0171 - gy\u00fcm\u00f6lcs \/ gy\u00fcm\u00f6lcs\u00f6k","breadcrumb":{"@id":"https:\/\/business.roovi.com\/hu\/felnott-puzzle-1000-darab-magas-nehezsegu-gyumolcs-gyumolcsok\/p\/#breadcrumb"},"inLanguage":"hu","potentialAction":[{"@type":"ReadAction","target":["https:\/\/business.roovi.com\/hu\/felnott-puzzle-1000-darab-magas-nehezsegu-gyumolcs-gyumolcsok\/p\/"]}]},{"@type":"BreadcrumbList","@id":"https:\/\/business.roovi.com\/hu\/felnott-puzzle-1000-darab-magas-nehezsegu-gyumolcs-gyumolcsok\/p\/#breadcrumb","itemListElement":[{"@type":"ListItem","position":1,"name":"Home","item":"https:\/\/business.roovi.com\/hu\/"},{"@type":"ListItem","position":2,"name":"Shop","item":"https:\/\/business.roovi.com\/hu\/shop\/"},{"@type":"ListItem","position":3,"name":"Feln\u0151tt puzzle 1000 darab magas neh\u00e9zs\u00e9g\u0171 &#8211; gy\u00fcm\u00f6lcs \/ gy\u00fcm\u00f6lcs\u00f6k"}]},{"@type":"WebSite","@id":"https:\/\/business.roovi.com\/hu\/#website","url":"https:\/\/business.roovi.com\/hu\/","name":"Roovi B2B","description":"Roovi Business Website","potentialAction":[{"@type":"SearchAction","target":{"@type":"EntryPoint","urlTemplate":"https:\/\/business.roovi.com\/hu\/?s={search_term_string}"},"query-input":"required name=search_term_string"}],"inLanguage":"hu"}]}},"_links":{"self":[{"href":"https:\/\/business.roovi.com\/hu\/wp-json\/wp\/v2\/product\/41835","targetHints":{"allow":["GET"]}}],"collection":[{"href":"https:\/\/business.roovi.com\/hu\/wp-json\/wp\/v2\/product"}],"about":[{"href":"https:\/\/business.roovi.com\/hu\/wp-json\/wp\/v2\/types\/product"}],"version-history":[{"count":0,"href":"https:\/\/business.roovi.com\/hu\/wp-json\/wp\/v2\/product\/41835\/revisions"}],"wp:featuredmedia":[{"embeddable":true,"href":"https:\/\/business.roovi.com\/hu\/wp-json\/wp\/v2\/media\/34853"}],"wp:attachment":[{"href":"https:\/\/business.roovi.com\/hu\/wp-json\/wp\/v2\/media?parent=41835"}],"wp:term":[{"taxonomy":"product_brand","embeddable":true,"href":"https:\/\/business.roovi.com\/hu\/wp-json\/wp\/v2\/product_brand?post=41835"},{"taxonomy":"product_cat","embeddable":true,"href":"https:\/\/business.roovi.com\/hu\/wp-json\/wp\/v2\/product_cat?post=41835"},{"taxonomy":"product_tag","embeddable":true,"href":"https:\/\/business.roovi.com\/hu\/wp-json\/wp\/v2\/product_tag?post=41835"}],"curies":[{"name":"wp","href":"https:\/\/api.w.org\/{rel}","templated":true}]}}