{"id":41843,"date":"2018-04-16T10:56:17","date_gmt":"2018-04-16T10:56:17","guid":{"rendered":"https:\/\/business.roovi.com\/puzzle-adulti-1000-piese-vintage-posters-coins\/p\/"},"modified":"2022-07-06T18:09:21","modified_gmt":"2022-07-06T18:09:21","slug":"felnott-1000-darab-vintage-plakatok-puzzle-ermek","status":"publish","type":"product","link":"https:\/\/business.roovi.com\/hu\/felnott-1000-darab-vintage-plakatok-puzzle-ermek\/p\/","title":{"rendered":"Feln\u0151tt 1000 darab Vintage plak\u00e1tok puzzle &#8211; \u00e9rm\u00e9k"},"content":{"rendered":"<p><span style=\"font-weight: 400\">K\u00e9szen \u00e1llsz arra, hogy \u00e1tmenj a t\u00fcrelem pr\u00f3b\u00e1j\u00e1n? Sok-sok r\u00e9gi \u00e9rm\u00e9t \u00e1br\u00e1zol\u00f3 kirak\u00f3s j\u00e1t\u00e9kkal k\u00e9sz\u00fclt\u00fcnk neked: az 1000 darabos vintage coins puzzle. Fenntartja a kapcsolatot, \u00e9s ak\u00e1r 30 \u00f3r\u00e1nyi kreat\u00edv sz\u00f3rakoz\u00e1st biztos\u00edt.<\/span><\/p>\n<p><span style=\"font-weight: 400\">Ha te is azok k\u00f6z\u00e9 a kirak\u00f3s j\u00e1t\u00e9kok rajong\u00f3i k\u00f6z\u00e9 tartozol, akiknek fontosak az apr\u00f3 r\u00e9szletek, akkor a vintage puzzle gy\u0171jtem\u00e9nyb\u0151l sz\u00e1rmaz\u00f3 1000 darabos \u00e9rme\/\u00e9rme puzzle biztosan lehet\u0151s\u00e9get ad majd az \u00f6sszeszerel\u00e9si k\u00e9szs\u00e9ged gyakorl\u00e1s\u00e1ra.<\/span><\/p>\n<p><span style=\"font-weight: 400\">Vagy tal\u00e1n gyerekkor\u00e1ban leny\u0171g\u00f6zt\u00e9k az \u00e9rm\u00e9k, \u00e9s im\u00e1dta gy\u0171jteni \u0151ket. Egy ennyi r\u00e9gi darabb\u00f3l \u00e1ll\u00f3 k\u00e9pen \u00fagy \u00e9rezheti mag\u00e1t, mint a r\u00e9gi id\u0151k gy\u0171jt\u0151je, de egyben a mai m\u0171v\u00e9sz is, aki 1000 puzzle-darabot rak \u00f6ssze, \u00e9s megalkotja \u00e9lete legleny\u0171g\u00f6z\u0151bb festm\u00e9ny\u00e9t.<\/span><\/p>\n<p><span style=\"font-weight: 400\">A darabok al\u00e1t\u00e1maszt\u00e1s\u00e1hoz \u00e9s \u00f6sszeszerel\u00e9s\u00e9hez haszn\u00e1lhat egy hagyom\u00e1nyos doh\u00e1nyz\u00f3asztalt. A rekonstru\u00e1lt k\u00e9p m\u00e9rete 50 x 70 cm. Ha \u00f6r\u00f6kre eml\u00e9kezni akarsz a f\u00e1rads\u00e1gos munk\u00e1dra, tedd a festm\u00e9nyt keretbe, \u00e9s tedd ki otthonod egy olyan helyre, amelynek szem\u00e9lyis\u00e9get szeretn\u00e9l adni.<\/span><\/p>\n<p><span style=\"font-weight: 400\">1000 darabos vintage \u00e9rm\u00e9s puzzle:<\/span><\/p>\n<p><strong>Puzzle anyag <\/strong><\/p>\n<p><strong>kiv\u00e1l\u00f3 min\u0151s\u00e9g\u0171 k\u00e9k karton<\/strong><\/p>\n<p><strong>fenntarthat\u00f3, \u00fajrahasznos\u00edthat\u00f3 anyagok<\/strong><\/p>\n<p><strong>f\u00e9lf\u00e9nyes kivitel, \u00e9l\u00e9nk sz\u00ednek<\/strong><\/p>\n<p><strong>A kirak\u00f3s darabok sz\u00e1ma: 1000<\/strong><\/p>\n<p><strong>Aj\u00e1nlott \u00e9letkor: 14+<\/strong><\/p>\n<p><span style=\"font-weight: 400\">Az 1000 darabos r\u00e9gi \u00e9rm\u00e9k puzzle seg\u00edt t\u00f6bbf\u00e9le k\u00e9szs\u00e9g fejleszt\u00e9s\u00e9ben, mint p\u00e9ld\u00e1ul:<\/span><\/p>\n<ul>\n<li><span style=\"font-weight: 400\">R\u00f6vid t\u00e1v\u00fa mem\u00f3ria.<\/span><\/li>\n<li><span style=\"font-weight: 400\">\u00dcgyess\u00e9g \u00e9s koordin\u00e1ci\u00f3.<\/span><\/li>\n<li><span style=\"font-weight: 400\">Kitart\u00e1s.<\/span><\/li>\n<li><span style=\"font-weight: 400\">Koncentr\u00e1ci\u00f3s k\u00e9pess\u00e9g.<\/span><\/li>\n<li><span style=\"font-weight: 400\">Figyelem a r\u00e9szletekre.<\/span><\/li>\n<li><span style=\"font-weight: 400\">Logikus gondolkod\u00e1s.<\/span><\/li>\n<li><span style=\"font-weight: 400\">Probl\u00e9mamegold\u00f3 k\u00e9pess\u00e9g.<\/span><\/li>\n<\/ul>\n<p><strong>Tudtad, hogy&#8230;?<\/strong><\/p>\n<p><span style=\"font-weight: 400\">Az \u00e9rm\u00e9ket a Kr. e. 6. vagy 5. sz\u00e1zad k\u00f6r\u00fcl vezett\u00e9k be fizet\u00e9si m\u00f3dszerk\u00e9nt, \u00e9s feltal\u00e1l\u00e1sukat m\u00e1ig rejt\u00e9ly \u00f6vezi. H\u00e9rodotosz a l\u00eddiaiaknak tulajdon\u00edtotta \u0151ket, m\u00edg Arisztotel\u00e9sz azt \u00e1ll\u00edtotta, hogy az els\u0151 \u00e9rm\u00e9ket a phrygiai r\u00e9gi\u00f3ban vert\u00e9k.<\/span><\/p>\n<p><span style=\"font-weight: 400\">Az egyik legdr\u00e1g\u00e1bb \u00e9rme a vil\u00e1gon a <\/span><span style=\"font-weight: 400\">&#8222;Foly\u00f3 haj&#8221;, egy 1794-ben kibocs\u00e1tott ez\u00fcstdoll\u00e1r, amelynek \u00e9rt\u00e9ke 10 milli\u00f3 doll\u00e1r.<\/span><\/p>\n<p><span style=\"font-weight: 400\">A font sterlinget a 8. sz\u00e1zadban vezett\u00e9k be a forgalomba, \u00e9s ez a legr\u00e9gebbi m\u00e9g forgalomban l\u00e9v\u0151 \u00e9rme.<\/span><\/p>\n<p><span style=\"font-weight: 400\">2020 janu\u00e1rj\u00e1ban 135 milli\u00e1rd eur\u00f3\u00e9rme volt forgalomban <\/span><\/p>\n<p><strong>Az 1000 darabos r\u00e9gi \u00e9rm\u00e9k puzzle egy f\u00e1rads\u00e1gos feladatot nagyszer\u0171 sz\u00f3rakoz\u00e1ss\u00e1 v\u00e1ltoztat<\/strong><\/p>\n<p><span style=\"font-weight: 400\">Az 1000 darab r\u00e9gi \u00e9rm\u00e9s puzzle j\u00f3 alkalom lehet arra is, hogy elmer\u00fclj az emberis\u00e9g t\u00e1voli t\u00f6rt\u00e9nelm\u00e9ben, \u00e9s megismerd az els\u0151k\u00e9nt piacra ker\u00fclt \u00e9rm\u00e9k titkait. Ha szeretn\u00e9, hogy a k\u00e9pen v\u00e9gzett munka gyorsabban menjen, vonja be a gyerekeket is a kirak\u00f3s j\u00e1t\u00e9kba. K\u00e9sz\u00edtsenek el\u0151 min\u00e9l t\u00f6bb inform\u00e1ci\u00f3t az \u00e9rm\u00e9kr\u0151l, \u00e9s mes\u00e9lj\u00e9k el egy\u00fctt a p\u00e9nz t\u00f6rt\u00e9net\u00e9t <\/span><\/p>\n<p><span style=\"font-weight: 400\">A p\u00e9nz mindig aktu\u00e1lis t\u00e9ma, \u00e9s min\u00e9l hamarabb magyar\u00e1zza el a gyerekeknek, ann\u00e1l hamarabb meg\u00e9rtik az \u00e9rt\u00e9k\u00e9t. A kirak\u00f3s j\u00e1t\u00e9k &#8211; p\u00e9nzr\u0151l besz\u00e9lget\u00e9s kombin\u00e1ci\u00f3 egyszerre k\u00edn\u00e1l sz\u00f3rakoz\u00e1si \u00e9s tanul\u00e1si lehet\u0151s\u00e9get.<\/span><\/p>\n<p><span style=\"font-weight: 400\">V\u00e1lassza az 1000 darabos r\u00e9gi \u00e9rm\u00e9k puzzle-t a vintage puzzle gy\u0171jtem\u00e9nyb\u0151l, \u00e9s gyakorolja elm\u00e9j\u00e9t \u00e9lvezetes \u00e9s kreat\u00edv m\u00f3don. Ha szeretn\u00e9d kih\u00edv\u00e1s el\u00e9 \u00e1ll\u00edtani egy bar\u00e1todat, hogy pr\u00f3b\u00e1ra tedd t\u00fcrelm\u00e9t \u00e9s figyelm\u00e9t a r\u00e9szletekre, ez a kirak\u00f3s j\u00e1t\u00e9k t\u00f6k\u00e9letes aj\u00e1nd\u00e9k.<\/span><\/p><\/p>\n","protected":false},"excerpt":{"rendered":"<p>K\u00e9szen \u00e1llsz arra, hogy \u00e1tmenj a t\u00fcrelem pr\u00f3b\u00e1j\u00e1n? Sok-sok r\u00e9gi \u00e9rm\u00e9t \u00e1br\u00e1zol\u00f3 kirak\u00f3s j\u00e1t\u00e9kkal k\u00e9sz\u00fclt\u00fcnk neked: az 1000 darabos vintage<\/p>\n","protected":false},"featured_media":34881,"template":"","meta":[],"product_brand":[],"product_cat":[1920,1919,1881],"product_tag":[],"class_list":{"0":"post-41843","1":"product","2":"type-product","3":"status-publish","4":"has-post-thumbnail","6":"product_cat-1000-darabos-kirakos-jatek","7":"product_cat-felnott-kirakos-jatekok","8":"product_cat-kirakos-jatekok","9":"pa_bax-10-hu","10":"pa_brand-d_toys-hu","11":"pa_country_of_manufacture-ro-hu","12":"pa_filter_age-14-hu","13":"pa_painter-vintage-posters-hu","14":"pa_tip_ambalaj-doboz","15":"pa_tip_puzzle-klasszikus","17":"first","18":"instock","19":"taxable","20":"shipping-taxable","21":"product-type-simple"},"yoast_head":"<!-- This site is optimized with the Yoast SEO plugin v20.1 - https:\/\/yoast.com\/wordpress\/plugins\/seo\/ -->\n<title>Feln\u0151tt 1000 darab Vintage plak\u00e1tok puzzle - \u00e9rm\u00e9k<\/title>\n<meta name=\"description\" content=\"Feln\u0151tt 1000 darab Vintage plak\u00e1tok puzzle - \u00e9rm\u00e9k\" \/>\n<meta name=\"robots\" content=\"index, follow, max-snippet:-1, max-image-preview:large, max-video-preview:-1\" \/>\n<link rel=\"canonical\" href=\"https:\/\/business.roovi.com\/hu\/felnott-1000-darab-vintage-plakatok-puzzle-ermek\/p\/\" \/>\n<meta property=\"og:locale\" content=\"hu_HU\" \/>\n<meta property=\"og:type\" content=\"article\" \/>\n<meta property=\"og:title\" content=\"Feln\u0151tt 1000 darab Vintage plak\u00e1tok puzzle - \u00e9rm\u00e9k\" \/>\n<meta property=\"og:description\" content=\"Feln\u0151tt 1000 darab Vintage plak\u00e1tok puzzle - \u00e9rm\u00e9k\" \/>\n<meta property=\"og:url\" content=\"https:\/\/business.roovi.com\/hu\/felnott-1000-darab-vintage-plakatok-puzzle-ermek\/p\/\" \/>\n<meta property=\"og:site_name\" content=\"Roovi B2B\" \/>\n<meta property=\"article:publisher\" content=\"https:\/\/www.facebook.com\/wwwjucariero\" \/>\n<meta property=\"article:modified_time\" content=\"2022-07-06T18:09:21+00:00\" \/>\n<meta property=\"og:image\" content=\"https:\/\/business.roovi.com\/wp-content\/uploads\/2018\/04\/67555-13_ansamblu_dimensiuni_cutie_cm_orizontal_1200x1200.png\" \/>\n\t<meta property=\"og:image:width\" content=\"1200\" \/>\n\t<meta property=\"og:image:height\" content=\"1200\" \/>\n\t<meta property=\"og:image:type\" content=\"image\/png\" \/>\n<meta name=\"twitter:label1\" content=\"Becs\u00fclt olvas\u00e1si id\u0151\" \/>\n\t<meta name=\"twitter:data1\" content=\"3 perc\" \/>\n<script type=\"application\/ld+json\" class=\"yoast-schema-graph\">{\"@context\":\"https:\/\/schema.org\",\"@graph\":[{\"@type\":\"WebPage\",\"@id\":\"https:\/\/business.roovi.com\/hu\/felnott-1000-darab-vintage-plakatok-puzzle-ermek\/p\/\",\"url\":\"https:\/\/business.roovi.com\/hu\/felnott-1000-darab-vintage-plakatok-puzzle-ermek\/p\/\",\"name\":\"Feln\u0151tt 1000 darab Vintage plak\u00e1tok puzzle - \u00e9rm\u00e9k\",\"isPartOf\":{\"@id\":\"https:\/\/business.roovi.com\/hu\/#website\"},\"datePublished\":\"2018-04-16T10:56:17+00:00\",\"dateModified\":\"2022-07-06T18:09:21+00:00\",\"description\":\"Feln\u0151tt 1000 darab Vintage plak\u00e1tok puzzle - \u00e9rm\u00e9k\",\"breadcrumb\":{\"@id\":\"https:\/\/business.roovi.com\/hu\/felnott-1000-darab-vintage-plakatok-puzzle-ermek\/p\/#breadcrumb\"},\"inLanguage\":\"hu\",\"potentialAction\":[{\"@type\":\"ReadAction\",\"target\":[\"https:\/\/business.roovi.com\/hu\/felnott-1000-darab-vintage-plakatok-puzzle-ermek\/p\/\"]}]},{\"@type\":\"BreadcrumbList\",\"@id\":\"https:\/\/business.roovi.com\/hu\/felnott-1000-darab-vintage-plakatok-puzzle-ermek\/p\/#breadcrumb\",\"itemListElement\":[{\"@type\":\"ListItem\",\"position\":1,\"name\":\"Home\",\"item\":\"https:\/\/business.roovi.com\/hu\/\"},{\"@type\":\"ListItem\",\"position\":2,\"name\":\"Shop\",\"item\":\"https:\/\/business.roovi.com\/hu\/shop\/\"},{\"@type\":\"ListItem\",\"position\":3,\"name\":\"Feln\u0151tt 1000 darab Vintage plak\u00e1tok puzzle &#8211; \u00e9rm\u00e9k\"}]},{\"@type\":\"WebSite\",\"@id\":\"https:\/\/business.roovi.com\/hu\/#website\",\"url\":\"https:\/\/business.roovi.com\/hu\/\",\"name\":\"Roovi B2B\",\"description\":\"Roovi Business Website\",\"potentialAction\":[{\"@type\":\"SearchAction\",\"target\":{\"@type\":\"EntryPoint\",\"urlTemplate\":\"https:\/\/business.roovi.com\/hu\/?s={search_term_string}\"},\"query-input\":\"required name=search_term_string\"}],\"inLanguage\":\"hu\"}]}<\/script>\n<!-- \/ Yoast SEO plugin. -->","yoast_head_json":{"title":"Feln\u0151tt 1000 darab Vintage plak\u00e1tok puzzle - \u00e9rm\u00e9k","description":"Feln\u0151tt 1000 darab Vintage plak\u00e1tok puzzle - \u00e9rm\u00e9k","robots":{"index":"index","follow":"follow","max-snippet":"max-snippet:-1","max-image-preview":"max-image-preview:large","max-video-preview":"max-video-preview:-1"},"canonical":"https:\/\/business.roovi.com\/hu\/felnott-1000-darab-vintage-plakatok-puzzle-ermek\/p\/","og_locale":"hu_HU","og_type":"article","og_title":"Feln\u0151tt 1000 darab Vintage plak\u00e1tok puzzle - \u00e9rm\u00e9k","og_description":"Feln\u0151tt 1000 darab Vintage plak\u00e1tok puzzle - \u00e9rm\u00e9k","og_url":"https:\/\/business.roovi.com\/hu\/felnott-1000-darab-vintage-plakatok-puzzle-ermek\/p\/","og_site_name":"Roovi B2B","article_publisher":"https:\/\/www.facebook.com\/wwwjucariero","article_modified_time":"2022-07-06T18:09:21+00:00","og_image":[{"width":1200,"height":1200,"url":"https:\/\/business.roovi.com\/wp-content\/uploads\/2018\/04\/67555-13_ansamblu_dimensiuni_cutie_cm_orizontal_1200x1200.png","type":"image\/png"}],"twitter_misc":{"Becs\u00fclt olvas\u00e1si id\u0151":"3 perc"},"schema":{"@context":"https:\/\/schema.org","@graph":[{"@type":"WebPage","@id":"https:\/\/business.roovi.com\/hu\/felnott-1000-darab-vintage-plakatok-puzzle-ermek\/p\/","url":"https:\/\/business.roovi.com\/hu\/felnott-1000-darab-vintage-plakatok-puzzle-ermek\/p\/","name":"Feln\u0151tt 1000 darab Vintage plak\u00e1tok puzzle - \u00e9rm\u00e9k","isPartOf":{"@id":"https:\/\/business.roovi.com\/hu\/#website"},"datePublished":"2018-04-16T10:56:17+00:00","dateModified":"2022-07-06T18:09:21+00:00","description":"Feln\u0151tt 1000 darab Vintage plak\u00e1tok puzzle - \u00e9rm\u00e9k","breadcrumb":{"@id":"https:\/\/business.roovi.com\/hu\/felnott-1000-darab-vintage-plakatok-puzzle-ermek\/p\/#breadcrumb"},"inLanguage":"hu","potentialAction":[{"@type":"ReadAction","target":["https:\/\/business.roovi.com\/hu\/felnott-1000-darab-vintage-plakatok-puzzle-ermek\/p\/"]}]},{"@type":"BreadcrumbList","@id":"https:\/\/business.roovi.com\/hu\/felnott-1000-darab-vintage-plakatok-puzzle-ermek\/p\/#breadcrumb","itemListElement":[{"@type":"ListItem","position":1,"name":"Home","item":"https:\/\/business.roovi.com\/hu\/"},{"@type":"ListItem","position":2,"name":"Shop","item":"https:\/\/business.roovi.com\/hu\/shop\/"},{"@type":"ListItem","position":3,"name":"Feln\u0151tt 1000 darab Vintage plak\u00e1tok puzzle &#8211; \u00e9rm\u00e9k"}]},{"@type":"WebSite","@id":"https:\/\/business.roovi.com\/hu\/#website","url":"https:\/\/business.roovi.com\/hu\/","name":"Roovi B2B","description":"Roovi Business Website","potentialAction":[{"@type":"SearchAction","target":{"@type":"EntryPoint","urlTemplate":"https:\/\/business.roovi.com\/hu\/?s={search_term_string}"},"query-input":"required name=search_term_string"}],"inLanguage":"hu"}]}},"_links":{"self":[{"href":"https:\/\/business.roovi.com\/hu\/wp-json\/wp\/v2\/product\/41843","targetHints":{"allow":["GET"]}}],"collection":[{"href":"https:\/\/business.roovi.com\/hu\/wp-json\/wp\/v2\/product"}],"about":[{"href":"https:\/\/business.roovi.com\/hu\/wp-json\/wp\/v2\/types\/product"}],"version-history":[{"count":0,"href":"https:\/\/business.roovi.com\/hu\/wp-json\/wp\/v2\/product\/41843\/revisions"}],"wp:featuredmedia":[{"embeddable":true,"href":"https:\/\/business.roovi.com\/hu\/wp-json\/wp\/v2\/media\/34881"}],"wp:attachment":[{"href":"https:\/\/business.roovi.com\/hu\/wp-json\/wp\/v2\/media?parent=41843"}],"wp:term":[{"taxonomy":"product_brand","embeddable":true,"href":"https:\/\/business.roovi.com\/hu\/wp-json\/wp\/v2\/product_brand?post=41843"},{"taxonomy":"product_cat","embeddable":true,"href":"https:\/\/business.roovi.com\/hu\/wp-json\/wp\/v2\/product_cat?post=41843"},{"taxonomy":"product_tag","embeddable":true,"href":"https:\/\/business.roovi.com\/hu\/wp-json\/wp\/v2\/product_tag?post=41843"}],"curies":[{"name":"wp","href":"https:\/\/api.w.org\/{rel}","templated":true}]}}