{"id":41867,"date":"2018-04-16T10:56:17","date_gmt":"2018-04-16T10:56:17","guid":{"rendered":"https:\/\/business.roovi.com\/puzzle-1000-piese-imagini-din-romania-castelul-corvinilor-hunedoara-noaptea\/p\/"},"modified":"2022-07-06T18:09:56","modified_gmt":"2022-07-06T18:09:56","slug":"puzzle-1000-darab-kepek-romaniabol-corvinilor-kastely-hunedoara-ejszaka","status":"publish","type":"product","link":"https:\/\/business.roovi.com\/hu\/puzzle-1000-darab-kepek-romaniabol-corvinilor-kastely-hunedoara-ejszaka\/p\/","title":{"rendered":"Puzzle 1000 darab &#8211; K\u00e9pek Rom\u00e1ni\u00e1b\u00f3l &#8211; Corvinilor kast\u00e9ly Hunedoara \u00e9jszaka"},"content":{"rendered":"<p><span style=\"font-weight: 400\">A Huniazilor vagy Corvin v\u00e1r fens\u00e9gesen uralja Hunyadv\u00e1r v\u00e1ros\u00e1t, \u00e9s fontos turisztikai l\u00e1tv\u00e1nyoss\u00e1g a t\u00f6rt\u00e9nelem \u00e9s a k\u00f6z\u00e9pkor ir\u00e1nt rajong\u00f3k sz\u00e1m\u00e1ra, mivel D\u00e9lkelet-Eur\u00f3pa legnagyobb k\u00f6z\u00e9pkori m\u0171eml\u00e9k\u00e9nek sz\u00e1m\u00edt <\/span><\/p>\n<p><span style=\"font-weight: 400\">A Corvin-v\u00e1r impoz\u00e1ns \u00e9p\u00edtm\u00e9ny, hatalmas, ak\u00e1r 2 m vastag falakkal, amelyek nagy dolomitm\u00e9szk\u0151- \u00e9s folyami k\u0151t\u00f6mb\u00f6kb\u0151l k\u00e9sz\u00fcltek. Leny\u0171g\u00f6z\u0151 m\u00e9ret\u00e9t a g\u00f3tikus \u00e9p\u00edt\u00e9szeti st\u00edlus emeli ki, amely a v\u00e1r bels\u0151 tereit, tornyait \u00e9s k\u00fcls\u0151 homlokzat\u00e1t is gy\u00f6ny\u00f6r\u0171en megkoron\u00e1zza.  <\/span><\/p>\n<p><span style=\"font-weight: 400\">Az els\u0151 \u00e9p\u00edtkez\u00e9s eredete a 14. sz\u00e1zadra ny\u00falik vissza, de a helysz\u00ednen sokkal kor\u00e1bbi civiliz\u00e1ci\u00f3k nyomait is megtal\u00e1lt\u00e1k. Iancu de Hunedoara uralkod\u00e1sa alatt, aki \u00fagy d\u00f6nt\u00f6tt, hogy a r\u00e9gi v\u00e9delmi er\u0151d\u00edtm\u00e9ny tetej\u00e9re er\u0151d\u00edtm\u00e9nyt \u00e9p\u00edt, megkezd\u0151d\u00f6tt a Hunyadiak grandi\u00f3zus v\u00e1r\u00e1nak \u00e9p\u00edt\u00e9se. K\u00e9s\u0151bb a v\u00e1r Corvin M\u00e1ty\u00e1s, Hunedoara Iancu de Hunedoara fia \u00e9s Magyarorsz\u00e1g kir\u00e1ly\u00e1nak rezidenci\u00e1ja lett <\/span><\/p>\n<p><span style=\"font-weight: 400\">Egy 1000 darabos puzzle seg\u00edts\u00e9g\u00e9vel felfedezheted azokat a leny\u0171g\u00f6z\u0151 r\u00e9szleteket, amelyek a Corvin-kast\u00e9lyt Eur\u00f3pa legszebb mesebeli c\u00e9lpontjai k\u00f6z\u00e9 emelt\u00e9k, \u00e9s a vil\u00e1g egyik legszebb kast\u00e9lyak\u00e9nt tartj\u00e1k sz\u00e1mon <\/span><\/p>\n<p><span style=\"font-weight: 400\">Minden egyes t\u00f6k\u00e9letesen illeszked\u0151 puzzle-darabk\u00e1val k\u00f6rvonalazhatod a leny\u0171g\u00f6z\u0151 g\u00f3tikus tornyokat, a pilonokb\u00f3l \u00e9p\u00edtett hidat vagy a szikl\u00e1n \u00e1ll\u00f3 massz\u00edv v\u00e1rfalakat, a v\u00e9geredm\u00e9ny pedig a j\u00f3l meg\u00e9rdemelt jutalom lesz <\/span><\/p>\n<h2><span style=\"font-weight: 400\">Mi\u00e9rt v\u00e1lasszon egy 1000 darabos feln\u0151tt puzzle-t K\u00e9pek Rom\u00e1ni\u00e1b\u00f3l<\/span><\/h2>\n<ul>\n<li><span style=\"font-weight: 400\">A kirak\u00f3s j\u00e1t\u00e9k pihentet\u0151 m\u00f3dja a vil\u00e1gh\u00edr\u0171 l\u00e1tnival\u00f3k \u00e9s h\u00edres legend\u00e1k sz\u00e9ps\u00e9g\u00e9nek \u00e9s egyedis\u00e9g\u00e9nek felfedez\u00e9s\u00e9nek.<\/span><\/li>\n<li><span style=\"font-weight: 400\">A v\u00e9g\u00e9n egy leny\u0171g\u00f6z\u0151 k\u00e9pet kapsz a Corvin-v\u00e1rr\u00f3l \u00e9jszaka, amely k\u00f6nnyen festm\u00e9nny\u00e9 alak\u00edthat\u00f3 <\/span><\/li>\n<li><span style=\"font-weight: 400\">A kirak\u00f3s m\u00e9rete 68 x 47 cm, el\u00e9g nagy ahhoz, hogy dekorat\u00edv asztald\u00edsz vagy egy szem\u00e9lyes gy\u0171jtem\u00e9ny r\u00e9sze legyen.<\/span><\/li>\n<li><span style=\"font-weight: 400\">14 \u00e9ves kort\u00f3l alkalmas, k\u00f6zepes komplexit\u00e1s\u00fa <\/span><\/li>\n<li><span style=\"font-weight: 400\">A darabok nagyon j\u00f3 min\u0151s\u00e9g\u0171, tart\u00f3s kartonb\u00f3l k\u00e9sz\u00fcltek, \u00edgy a k\u00e9pet t\u00f6bbsz\u00f6r is \u00f6ssze lehet rakni an\u00e9lk\u00fcl, hogy a darabok megs\u00e9r\u00fcln\u00e9nek.<\/span><\/li>\n<li><span style=\"font-weight: 400\">Minden egyes puzzle elk\u00e9sz\u00edt\u00e9s\u00e9hez \u00fajrahasznos\u00edthat\u00f3 \u00e9s fenntarthat\u00f3 anyagokat haszn\u00e1lunk.<\/span><\/li>\n<li><span style=\"font-weight: 400\">A kellemes, f\u00e9lf\u00e9nyes fel\u00fclet kiemeli az \u00e9l\u00e9nk sz\u00edneket \u00e9s tiszt\u00e1v\u00e1 teszi a k\u00e9pet.<\/span><\/li>\n<li><span style=\"font-weight: 400\">A kirak\u00f3s j\u00e1t\u00e9k \u00e9rt\u00e9kes szellemi tr\u00e9ning, amely mindk\u00e9t agyf\u00e9ltek\u00e9t ig\u00e9nybe veszi, \u00e9s jav\u00edtja a mem\u00f3ri\u00e1t.<\/span><\/li>\n<li><span style=\"font-weight: 400\">\u00c9lvezetes m\u00f3dja a koordin\u00e1ci\u00f3, a motoros k\u00e9szs\u00e9gek \u00e9s a k\u00e9z\u00fcgyess\u00e9g edz\u00e9s\u00e9nek \u00e9s fenntart\u00e1s\u00e1nak b\u00e1rmely \u00e9letkorban.<\/span><\/li>\n<li><span style=\"font-weight: 400\">N\u00f6veli a r\u00e9szletekre val\u00f3 figyelmet \u00e9s a koncentr\u00e1ci\u00f3t.<\/span><\/li>\n<\/ul>\n<h2><span style=\"font-weight: 400\">Tudtad, hogy..<\/span><\/h2>\n<p><span style=\"font-weight: 400\">A Corvin-kast\u00e9ly az \u00e9vek sor\u00e1n sz\u00e1mos rekl\u00e1mfilm, m\u0171sor \u00e9s film forgat\u00e1si helysz\u00edn\u00e9\u00fcl szolg\u00e1lt, t\u00f6bbek k\u00f6z\u00f6tt a Vit\u00e9z Mih\u00e1ly, a Vlad, a kar\u00f3t nyelt, a Nostradamus, valamint olyan nemzetk\u00f6zi produkci\u00f3k, mint a Dragonheart 4, a Ghost Rider 2 \u00e9s az Ap\u00e1ca c\u00edm\u0171 horrorfilm.<\/span><\/p>\n<p><span style=\"font-weight: 400\">A v\u00e1r bels\u0151 udvar\u00e1n l\u00e9v\u0151 sz\u00f6k\u0151k\u00fathoz szint\u00e9n egy legenda f\u0171z\u0151dik. \u00c1ll\u00edt\u00f3lag h\u00e1rom t\u00f6r\u00f6k fogoly \u00e1satta, akiknek Iancu de Hunedoara szabads\u00e1got \u00edg\u00e9rt, ha vizet tal\u00e1lnak. 15 \u00e9vnyi munka \u00e9s 30 m\u00e9ternyi \u00e1s\u00e1s ut\u00e1n v\u00e9gre siker\u00fclt megtal\u00e1lniuk a h\u0151n \u00e1h\u00edtott vizet <\/span><\/p>\n<p><span style=\"font-weight: 400\">Iancu \u00edg\u00e9ret\u00e9t azonban feles\u00e9ge nem tartotta be, \u00e9s a 3 foglyot a hal\u00e1lba k\u00fcldt\u00e9k. \u00c1ll\u00edt\u00f3lag a k\u00fatra a k\u00f6vetkez\u0151 szavakat \u00edrt\u00e1k: &#8222;V\u00edz van, sz\u00edv nincs!&#8221;.<\/span><\/p>\n<h2><span style=\"font-weight: 400\">1000 darabos feln\u0151tt puzzle &#8211; \u00f3r\u00e1kig tart\u00f3 kikapcsol\u00f3d\u00e1s \u00e9s kikapcsol\u00f3d\u00e1s<\/span><\/h2>\n<p><span style=\"font-weight: 400\">V\u00e1laszd, hogy egyed\u00fcl\u00e1ll\u00f3 m\u00f3don fedezed fel Rom\u00e1ni\u00e1t: rakj \u00f6ssze egy puzzle-t, \u00e9s darabr\u00f3l darabra rakd \u00f6ssze Eur\u00f3pa egyik legszebb kast\u00e9ly\u00e1t <\/span><\/p>\n<p><span style=\"font-weight: 400\">Fedezze fel a Corvin-v\u00e1rat egy 1000 darabos puzzle seg\u00edts\u00e9g\u00e9vel, \u00e9s \u00e9lvezze a kreat\u00edv kikapcsol\u00f3d\u00e1st n\u00e9h\u00e1ny \u00f3r\u00e1n \u00e1t, mik\u00f6zben megtal\u00e1lja a megfelel\u0151 darabokat a k\u00e9p befejez\u00e9s\u00e9hez <\/span><\/p>\n<p><span style=\"font-weight: 400\">Emellett a rom\u00e1niai k\u00e9peket tartalmaz\u00f3 kirak\u00f3s kirak\u00e1sa is nagyon \u00e9lvezetes tev\u00e9kenys\u00e9g, amellyel \u00fajra kapcsolatba ker\u00fclhet\u00fcnk az eredet\u00fcnkkel. Egy utaz\u00e1s hossz\u00fa \u00e9s viharos t\u00f6rt\u00e9nelm\u00fcnkbe, amelyen kereszt\u00fcl leny\u0171g\u00f6z\u0151 r\u00e9szleteket \u00e9s m\u0171eml\u00e9keket fedezhet fel, mik\u00f6zben pihenhet \u00e9s kikapcsol\u00f3dhat a mindennapok ny\u00fczsg\u00e9s\u00e9b\u0151l.<\/span><\/p><\/p>\n","protected":false},"excerpt":{"rendered":"<p>A Huniazilor vagy Corvin v\u00e1r fens\u00e9gesen uralja Hunyadv\u00e1r v\u00e1ros\u00e1t, \u00e9s fontos turisztikai l\u00e1tv\u00e1nyoss\u00e1g a t\u00f6rt\u00e9nelem \u00e9s a k\u00f6z\u00e9pkor ir\u00e1nt rajong\u00f3k<\/p>\n","protected":false},"featured_media":34913,"template":"","meta":[],"product_brand":[],"product_cat":[1920,1919,1881],"product_tag":[],"class_list":{"0":"post-41867","1":"product","2":"type-product","3":"status-publish","4":"has-post-thumbnail","6":"product_cat-1000-darabos-kirakos-jatek","7":"product_cat-felnott-kirakos-jatekok","8":"product_cat-kirakos-jatekok","9":"pa_bax-10-hu","10":"pa_brand-d_toys-hu","11":"pa_country_of_manufacture-ro-hu","12":"pa_filter_age-14-hu","13":"pa_painter-romania-hu","14":"pa_tip_ambalaj-doboz","15":"pa_tip_puzzle-klasszikus","17":"first","18":"instock","19":"taxable","20":"shipping-taxable","21":"product-type-simple"},"yoast_head":"<!-- This site is optimized with the Yoast SEO plugin v20.1 - https:\/\/yoast.com\/wordpress\/plugins\/seo\/ -->\n<title>Puzzle 1000 darab - K\u00e9pek Rom\u00e1ni\u00e1b\u00f3l - Corvinilor kast\u00e9ly Hunedoara \u00e9jszaka<\/title>\n<meta name=\"description\" content=\"Puzzle 1000 darab - K\u00e9pek Rom\u00e1ni\u00e1b\u00f3l - Corvinilor kast\u00e9ly Hunedoara \u00e9jszaka\" \/>\n<meta name=\"robots\" content=\"index, follow, max-snippet:-1, max-image-preview:large, max-video-preview:-1\" \/>\n<link rel=\"canonical\" href=\"https:\/\/business.roovi.com\/hu\/puzzle-1000-darab-kepek-romaniabol-corvinilor-kastely-hunedoara-ejszaka\/p\/\" \/>\n<meta property=\"og:locale\" content=\"hu_HU\" \/>\n<meta property=\"og:type\" content=\"article\" \/>\n<meta property=\"og:title\" content=\"Puzzle 1000 darab - K\u00e9pek Rom\u00e1ni\u00e1b\u00f3l - Corvinilor kast\u00e9ly Hunedoara \u00e9jszaka\" \/>\n<meta property=\"og:description\" content=\"Puzzle 1000 darab - K\u00e9pek Rom\u00e1ni\u00e1b\u00f3l - Corvinilor kast\u00e9ly Hunedoara \u00e9jszaka\" \/>\n<meta property=\"og:url\" content=\"https:\/\/business.roovi.com\/hu\/puzzle-1000-darab-kepek-romaniabol-corvinilor-kastely-hunedoara-ejszaka\/p\/\" \/>\n<meta property=\"og:site_name\" content=\"Roovi B2B\" \/>\n<meta property=\"article:publisher\" content=\"https:\/\/www.facebook.com\/wwwjucariero\" \/>\n<meta property=\"article:modified_time\" content=\"2022-07-06T18:09:56+00:00\" \/>\n<meta property=\"og:image\" content=\"https:\/\/business.roovi.com\/wp-content\/uploads\/2018\/04\/63038_13.jpg\" \/>\n\t<meta property=\"og:image:width\" content=\"1200\" \/>\n\t<meta property=\"og:image:height\" content=\"1200\" \/>\n\t<meta property=\"og:image:type\" content=\"image\/jpeg\" \/>\n<meta name=\"twitter:label1\" content=\"Becs\u00fclt olvas\u00e1si id\u0151\" \/>\n\t<meta name=\"twitter:data1\" content=\"4 perc\" \/>\n<script type=\"application\/ld+json\" class=\"yoast-schema-graph\">{\"@context\":\"https:\/\/schema.org\",\"@graph\":[{\"@type\":\"WebPage\",\"@id\":\"https:\/\/business.roovi.com\/hu\/puzzle-1000-darab-kepek-romaniabol-corvinilor-kastely-hunedoara-ejszaka\/p\/\",\"url\":\"https:\/\/business.roovi.com\/hu\/puzzle-1000-darab-kepek-romaniabol-corvinilor-kastely-hunedoara-ejszaka\/p\/\",\"name\":\"Puzzle 1000 darab - K\u00e9pek Rom\u00e1ni\u00e1b\u00f3l - Corvinilor kast\u00e9ly Hunedoara \u00e9jszaka\",\"isPartOf\":{\"@id\":\"https:\/\/business.roovi.com\/hu\/#website\"},\"datePublished\":\"2018-04-16T10:56:17+00:00\",\"dateModified\":\"2022-07-06T18:09:56+00:00\",\"description\":\"Puzzle 1000 darab - K\u00e9pek Rom\u00e1ni\u00e1b\u00f3l - Corvinilor kast\u00e9ly Hunedoara \u00e9jszaka\",\"breadcrumb\":{\"@id\":\"https:\/\/business.roovi.com\/hu\/puzzle-1000-darab-kepek-romaniabol-corvinilor-kastely-hunedoara-ejszaka\/p\/#breadcrumb\"},\"inLanguage\":\"hu\",\"potentialAction\":[{\"@type\":\"ReadAction\",\"target\":[\"https:\/\/business.roovi.com\/hu\/puzzle-1000-darab-kepek-romaniabol-corvinilor-kastely-hunedoara-ejszaka\/p\/\"]}]},{\"@type\":\"BreadcrumbList\",\"@id\":\"https:\/\/business.roovi.com\/hu\/puzzle-1000-darab-kepek-romaniabol-corvinilor-kastely-hunedoara-ejszaka\/p\/#breadcrumb\",\"itemListElement\":[{\"@type\":\"ListItem\",\"position\":1,\"name\":\"Home\",\"item\":\"https:\/\/business.roovi.com\/hu\/\"},{\"@type\":\"ListItem\",\"position\":2,\"name\":\"Shop\",\"item\":\"https:\/\/business.roovi.com\/hu\/shop\/\"},{\"@type\":\"ListItem\",\"position\":3,\"name\":\"Puzzle 1000 darab &#8211; K\u00e9pek Rom\u00e1ni\u00e1b\u00f3l &#8211; Corvinilor kast\u00e9ly Hunedoara \u00e9jszaka\"}]},{\"@type\":\"WebSite\",\"@id\":\"https:\/\/business.roovi.com\/hu\/#website\",\"url\":\"https:\/\/business.roovi.com\/hu\/\",\"name\":\"Roovi B2B\",\"description\":\"Roovi Business Website\",\"potentialAction\":[{\"@type\":\"SearchAction\",\"target\":{\"@type\":\"EntryPoint\",\"urlTemplate\":\"https:\/\/business.roovi.com\/hu\/?s={search_term_string}\"},\"query-input\":\"required name=search_term_string\"}],\"inLanguage\":\"hu\"}]}<\/script>\n<!-- \/ Yoast SEO plugin. -->","yoast_head_json":{"title":"Puzzle 1000 darab - K\u00e9pek Rom\u00e1ni\u00e1b\u00f3l - Corvinilor kast\u00e9ly Hunedoara \u00e9jszaka","description":"Puzzle 1000 darab - K\u00e9pek Rom\u00e1ni\u00e1b\u00f3l - Corvinilor kast\u00e9ly Hunedoara \u00e9jszaka","robots":{"index":"index","follow":"follow","max-snippet":"max-snippet:-1","max-image-preview":"max-image-preview:large","max-video-preview":"max-video-preview:-1"},"canonical":"https:\/\/business.roovi.com\/hu\/puzzle-1000-darab-kepek-romaniabol-corvinilor-kastely-hunedoara-ejszaka\/p\/","og_locale":"hu_HU","og_type":"article","og_title":"Puzzle 1000 darab - K\u00e9pek Rom\u00e1ni\u00e1b\u00f3l - Corvinilor kast\u00e9ly Hunedoara \u00e9jszaka","og_description":"Puzzle 1000 darab - K\u00e9pek Rom\u00e1ni\u00e1b\u00f3l - Corvinilor kast\u00e9ly Hunedoara \u00e9jszaka","og_url":"https:\/\/business.roovi.com\/hu\/puzzle-1000-darab-kepek-romaniabol-corvinilor-kastely-hunedoara-ejszaka\/p\/","og_site_name":"Roovi B2B","article_publisher":"https:\/\/www.facebook.com\/wwwjucariero","article_modified_time":"2022-07-06T18:09:56+00:00","og_image":[{"width":1200,"height":1200,"url":"https:\/\/business.roovi.com\/wp-content\/uploads\/2018\/04\/63038_13.jpg","type":"image\/jpeg"}],"twitter_misc":{"Becs\u00fclt olvas\u00e1si id\u0151":"4 perc"},"schema":{"@context":"https:\/\/schema.org","@graph":[{"@type":"WebPage","@id":"https:\/\/business.roovi.com\/hu\/puzzle-1000-darab-kepek-romaniabol-corvinilor-kastely-hunedoara-ejszaka\/p\/","url":"https:\/\/business.roovi.com\/hu\/puzzle-1000-darab-kepek-romaniabol-corvinilor-kastely-hunedoara-ejszaka\/p\/","name":"Puzzle 1000 darab - K\u00e9pek Rom\u00e1ni\u00e1b\u00f3l - Corvinilor kast\u00e9ly Hunedoara \u00e9jszaka","isPartOf":{"@id":"https:\/\/business.roovi.com\/hu\/#website"},"datePublished":"2018-04-16T10:56:17+00:00","dateModified":"2022-07-06T18:09:56+00:00","description":"Puzzle 1000 darab - K\u00e9pek Rom\u00e1ni\u00e1b\u00f3l - Corvinilor kast\u00e9ly Hunedoara \u00e9jszaka","breadcrumb":{"@id":"https:\/\/business.roovi.com\/hu\/puzzle-1000-darab-kepek-romaniabol-corvinilor-kastely-hunedoara-ejszaka\/p\/#breadcrumb"},"inLanguage":"hu","potentialAction":[{"@type":"ReadAction","target":["https:\/\/business.roovi.com\/hu\/puzzle-1000-darab-kepek-romaniabol-corvinilor-kastely-hunedoara-ejszaka\/p\/"]}]},{"@type":"BreadcrumbList","@id":"https:\/\/business.roovi.com\/hu\/puzzle-1000-darab-kepek-romaniabol-corvinilor-kastely-hunedoara-ejszaka\/p\/#breadcrumb","itemListElement":[{"@type":"ListItem","position":1,"name":"Home","item":"https:\/\/business.roovi.com\/hu\/"},{"@type":"ListItem","position":2,"name":"Shop","item":"https:\/\/business.roovi.com\/hu\/shop\/"},{"@type":"ListItem","position":3,"name":"Puzzle 1000 darab &#8211; K\u00e9pek Rom\u00e1ni\u00e1b\u00f3l &#8211; Corvinilor kast\u00e9ly Hunedoara \u00e9jszaka"}]},{"@type":"WebSite","@id":"https:\/\/business.roovi.com\/hu\/#website","url":"https:\/\/business.roovi.com\/hu\/","name":"Roovi B2B","description":"Roovi Business Website","potentialAction":[{"@type":"SearchAction","target":{"@type":"EntryPoint","urlTemplate":"https:\/\/business.roovi.com\/hu\/?s={search_term_string}"},"query-input":"required name=search_term_string"}],"inLanguage":"hu"}]}},"_links":{"self":[{"href":"https:\/\/business.roovi.com\/hu\/wp-json\/wp\/v2\/product\/41867","targetHints":{"allow":["GET"]}}],"collection":[{"href":"https:\/\/business.roovi.com\/hu\/wp-json\/wp\/v2\/product"}],"about":[{"href":"https:\/\/business.roovi.com\/hu\/wp-json\/wp\/v2\/types\/product"}],"version-history":[{"count":0,"href":"https:\/\/business.roovi.com\/hu\/wp-json\/wp\/v2\/product\/41867\/revisions"}],"wp:featuredmedia":[{"embeddable":true,"href":"https:\/\/business.roovi.com\/hu\/wp-json\/wp\/v2\/media\/34913"}],"wp:attachment":[{"href":"https:\/\/business.roovi.com\/hu\/wp-json\/wp\/v2\/media?parent=41867"}],"wp:term":[{"taxonomy":"product_brand","embeddable":true,"href":"https:\/\/business.roovi.com\/hu\/wp-json\/wp\/v2\/product_brand?post=41867"},{"taxonomy":"product_cat","embeddable":true,"href":"https:\/\/business.roovi.com\/hu\/wp-json\/wp\/v2\/product_cat?post=41867"},{"taxonomy":"product_tag","embeddable":true,"href":"https:\/\/business.roovi.com\/hu\/wp-json\/wp\/v2\/product_tag?post=41867"}],"curies":[{"name":"wp","href":"https:\/\/api.w.org\/{rel}","templated":true}]}}