{"id":41935,"date":"2018-04-16T10:56:17","date_gmt":"2018-04-16T10:56:17","guid":{"rendered":"https:\/\/business.roovi.com\/puzzle-adulti-2000-piese-pieter-bruegel-cel-batran-the-fall-of-rebel-angels\/p\/"},"modified":"2022-10-25T11:37:56","modified_gmt":"2022-10-25T11:37:56","slug":"puzzle-pieter-bruegel-the-elder-a-lazado-angyalok-bukasa-felnott-puzzle-2000-db","status":"publish","type":"product","link":"https:\/\/business.roovi.com\/hu\/puzzle-pieter-bruegel-the-elder-a-lazado-angyalok-bukasa-felnott-puzzle-2000-db\/p\/","title":{"rendered":"Puzzle Pieter Bruegel the Elder &#8211; A l\u00e1zad\u00f3 angyalok buk\u00e1sa &#8211; feln\u0151tt puzzle 2000 db"},"content":{"rendered":"<p><span style=\"font-weight: 400; font-size: 14px;\">Szeretne egy kis sz\u00fcnetet tartani a rohan\u00f3 \u00e9let\u00e9b\u0151l? Rakja \u00f6ssze a 2000 darabos kirak\u00f3sokat Rom\u00e1nia legnagyobb m\u0171v\u00e9szi kirak\u00f3s k\u00edn\u00e1lat\u00e1b\u00f3l, \u00e9s \u00e9lvezze a kikapcsol\u00f3d\u00e1s egyed\u00fcl\u00e1ll\u00f3 pillanatait <\/span><\/p>\n<p><span style=\"font-weight: 400; font-size: 14px;\">Van sz\u00e1modra csod\u00e1latos aj\u00e1nl\u00e1sokat m\u0171v\u00e9szeti rejtv\u00e9nyek k\u00e9pek h\u00edres festm\u00e9nyek k\u00e9peit. Fogadd el a kih\u00edv\u00e1st, \u00e9s gy\u00f6ny\u00f6rk\u00f6dj a puzzle j\u00e1t\u00e9kokb\u00f3l k\u00e9sz\u00fclt legh\u00edresebb m\u0171v\u00e9szi remekm\u0171vekben!<\/span><\/p>\n<p><span style=\"font-weight: 400; font-size: 14px;\">Az id\u0151sebb Pieter Bruegel &#8211; A l\u00e1zad\u00f3 angyalok buk\u00e1sa egy kiv\u00e9teles m\u0171v\u00e9szi puzzle, amely a mennyb\u0151l sz\u00e1m\u0171z\u00f6tt bukott angyalok k\u00e9p\u00e9t \u00e1br\u00e1zolja, Lucifer vezet\u00e9s\u00e9vel. A bukott angyalok m\u00e1s istentelen teremtm\u00e9nyek k\u00f6z\u00e9 keverednek, akiket ugyanaz a sors v\u00e1r. A festm\u00e9ny sz\u00ednesen \u00e1br\u00e1zolja a bibliai t\u00e9m\u00e1t, Lucifer ki\u0171z\u00e9s\u00e9t az isteni paradicsomb\u00f3l <\/span><\/p>\n<p><span style=\"font-weight: 400; font-size: 14px;\">A sz\u00ednek sokas\u00e1ga \u00e9s a karakterek zs\u00fafolts\u00e1ga kih\u00edv\u00e1st jelent minden kirak\u00f3s j\u00e1t\u00e9k rajong\u00f3j\u00e1nak. De semmi sem hasonl\u00edthat\u00f3 ahhoz az el\u00e9gedetts\u00e9ghez, amit akkor \u00e9rzel, amikor az utols\u00f3 darabot is \u00f6sszeragasztod, \u00e9s teljes k\u00e9pet kapsz.<\/span><\/p>\n<p><span style=\"font-weight: 400; font-size: 14px;\">Pieter Bruegel the Elder Art Puzzle &#8211; A l\u00e1zad\u00f3 angyalok buk\u00e1sa &#8211; jellemz\u0151i <\/span><\/p>\n<p><span style=\"font-size: 14px;\"><strong>A rekonstru\u00e1lt k\u00e9p m\u00e9rete: 96 x 68 cm <\/strong><span style=\"font-weight: 400;\">A puzzle-darabok al\u00e1t\u00e1maszt\u00e1s\u00e1ra egy hagyom\u00e1nyos doh\u00e1nyz\u00f3asztal is haszn\u00e1lhat\u00f3.<\/span><\/span><\/p>\n<p><span style=\"font-size: 14px;\"><strong>Puzzle anyag <\/strong><\/span><\/p>\n<p><span style=\"font-size: 14px;\"><strong>kiv\u00e1l\u00f3 min\u0151s\u00e9g\u0171 k\u00e9k karton<\/strong><\/span><\/p>\n<p><span style=\"font-size: 14px;\"><strong>fenntarthat\u00f3, \u00fajrahasznos\u00edthat\u00f3 anyagok<\/strong><\/span><\/p>\n<p><span style=\"font-size: 14px;\"><strong>f\u00e9lf\u00e9nyes kivitel, \u00e9l\u00e9nk sz\u00ednek<\/strong><\/span><\/p>\n<p><span style=\"font-size: 14px;\"><strong>A kirak\u00f3s darabok sz\u00e1ma: 2000<\/strong><\/span><\/p>\n<p><span style=\"font-size: 14px;\"><strong>Aj\u00e1nlott \u00e9letkor: 14+<\/strong><\/span><\/p>\n<p><span style=\"font-size: 14px;\"><strong>Puzzle j\u00e1t\u00e9kok &#8211; nagyszer\u0171 ment\u00e1lis tr\u00e9ning<\/strong><\/span><\/p>\n<p><span style=\"font-weight: 400; font-size: 14px;\">Amikor egy feln\u0151tt kirak\u00f3s j\u00e1t\u00e9kon dolgozol, az agyadat teljes m\u00e9rt\u00e9kben megdolgoztatod. Olyan, mintha konditerembe j\u00e1rn\u00e1nk vele. A kirak\u00f3s j\u00e1t\u00e9k \u00f6ssze\u00e1ll\u00edt\u00e1sa sor\u00e1n mind a jobb agyf\u00e9lteke, amely a kreat\u00edv gondolkod\u00e1st \u00e9s az intu\u00edci\u00f3t ir\u00e1ny\u00edtja, mind a bal agyf\u00e9lteke, amely a logik\u00e1\u00e9rt felel\u0151s, r\u00e9szt vesz.<\/span><\/p>\n<p><span style=\"font-size: 14px;\"><strong>A puzzle j\u00e1t\u00e9kok seg\u00edtenek a jobb mem\u00f3ri\u00e1ban<\/strong><\/span><\/p>\n<p><span style=\"font-weight: 400; font-size: 14px;\">R\u00e1ad\u00e1sul kider\u00fclt, hogy azokn\u00e1l az emberekn\u00e9l, akik naponta legal\u00e1bb 30 percet szentelnek ennek a pihentet\u0151 tev\u00e9kenys\u00e9gnek, kisebb az Alzheimer-k\u00f3r vagy a mem\u00f3riaveszt\u00e9s kock\u00e1zata k\u00e9s\u0151bbi \u00e9let\u00fck sor\u00e1n <\/span><\/p>\n<p><span style=\"font-size: 14px;\"><strong>A fest\u00e9szetr\u0151l <\/strong><strong><em>A l\u00e1zad\u00f3 angyalok buk\u00e1sa<\/em><\/strong><strong> tudtad?<\/strong><\/span><\/p>\n<p><span style=\"font-size: 14px;\"><span style=\"font-weight: 400;\">A festm\u00e9nyt eredetileg \u00fagy gondolt\u00e1k, hogy a <\/span><span style=\"font-weight: 400;\">Hieronymus Bosch, egy m\u00e1sik holland fest\u0151 <\/span><\/span><\/p>\n<p><span style=\"font-weight: 400; font-size: 14px;\">Bruegel az Utols\u00f3 \u00edt\u00e9let mot\u00edvumait vette alapul e m\u0171 megalkot\u00e1s\u00e1hoz.<\/span><\/p>\n<p><span style=\"font-weight: 400; font-size: 14px;\">A festm\u00e9ny k\u00f6zponti alakja Mih\u00e1ly arkangyal, aki karddal felfegyverkezve gy\u0151zi le a bukott angyalokat \u00e9s d\u00e9moni l\u00e9nyeket.<\/span><\/p>\n<p><span style=\"font-weight: 400; font-size: 14px;\">A j\u00f3 \u00e9s a rossz, valamint a b\u0171n \u00e9s az er\u00e9ny k\u00f6z\u00f6tti konfliktus visszat\u00e9r\u0151 t\u00e9ma az id\u0151sebb Bruegel munk\u00e1ss\u00e1g\u00e1ban.<\/span><\/p>\n<p><span style=\"font-weight: 400; font-size: 14px;\">A h\u00edres 16. sz\u00e1zadi festm\u00e9ny a 21. sz\u00e1zad sz\u00e1m\u00e1ra is inspir\u00e1ci\u00f3s forr\u00e1s. 2016-ban egy jap\u00e1n ruh\u00e1zati m\u00e1rka haszn\u00e1lta a k\u00e9pet egy kab\u00e1tra nyomtatva \u0151szi\/t\u00e9li kollekci\u00f3j\u00e1ban.<\/span><\/p>\n<p><span style=\"font-size: 14px;\"><strong>M\u0171v\u00e9szeti rejtv\u00e9nyek: 5 el\u0151nye van<\/strong><\/span><\/p>\n<p><span style=\"font-weight: 400; font-size: 14px;\">Fejleszti a kreativit\u00e1sodat, mert \u00fagy \u00e9rzed magad, mint egy igazi detekt\u00edv, aki nyomokat keres a m\u0171v\u00e9szi kirak\u00f3s k\u00e9p \u00fajraalkot\u00e1s\u00e1hoz.<\/span><\/p>\n<p><span style=\"font-weight: 400; font-size: 14px;\">Ak\u00e1r 30 \u00f3r\u00e1nyi kikapcsol\u00f3d\u00e1st is biztos\u00edtanak \u00d6nnek, amit szeretteivel egy\u00fctt \u00e9lvezhet, ha \u00fagy d\u00f6nt, hogy egy\u00fctt szerelkeznek \u00f6ssze.<\/span><\/p>\n<p><span style=\"font-weight: 400; font-size: 14px;\">Felkelti a k\u00edv\u00e1ncsis\u00e1godat a m\u0171v\u00e9szeti \u00e9rt\u00e9kek ir\u00e1nt, mert amikor felfedezel egy csod\u00e1latos festm\u00e9nyt, t\u00f6bbet akarsz tudni a szerz\u0151j\u00e9r\u0151l \u00e9s a m\u0171r\u0151l, amelyet \u00fajraalkotsz.<\/span><\/p>\n<p><span style=\"font-weight: 400; font-size: 14px;\">Lehet\u0151s\u00e9get ad arra, hogy saj\u00e1t kez\u0171leg hozzon l\u00e9tre egy 2000 darabos kirak\u00f3s m\u0171v\u00e9szeti festm\u00e9nyt.<\/span><\/p>\n<p><span style=\"font-weight: 400; font-size: 14px;\">Fejleszti a kirak\u00f3s k\u00e9szs\u00e9gedet, amit megmutathatsz a bar\u00e1taidnak, akikkel osztozol a szenved\u00e9lyedben.<\/span><\/p>\n<p><span style=\"font-weight: 400; font-size: 14px;\">Egy h\u00edres bibliai t\u00e9ma \u00e1tdolgoz\u00e1sa egy 2000 darabos kirak\u00f3sb\u00f3l egyed\u00fcl\u00e1ll\u00f3 \u00e9lvezet. V\u00e1s\u00e1roljon Pieter Bruegel the Elder &#8211; A l\u00e1zad\u00f3 angyalok buk\u00e1sa m\u0171v\u00e9szeti puzzle-t, \u00e9s tapasztalja meg a nagyszer\u0171 pihentet\u0151 tev\u00e9kenys\u00e9get. Fedezd fel a Bruegel-dinasztia k\u00e9peivel ell\u00e1tott \u00f6sszes m\u0171v\u00e9szeti rejtv\u00e9nyt, \u00e9s hozd l\u00e9tre a saj\u00e1t leny\u0171g\u00f6z\u0151 m\u0171v\u00e9szeti gy\u0171jtem\u00e9nyedet a kirak\u00f3s j\u00e1t\u00e9kokb\u00f3l.<\/span><\/p>\n<p><span style=\"font-weight: 400; font-size: 14px;\">Az id\u0151sebb Pieter Bruegel &#8211; A l\u00e1zad\u00f3 angyalok buk\u00e1sa m\u0171v\u00e9szeti puzzle megfelel\u0151 aj\u00e1nd\u00e9k a m\u0171v\u00e9szet szerelmeseinek vagy a feln\u0151tt puzzle-rajong\u00f3knak.<\/span><\/p>\n","protected":false},"excerpt":{"rendered":"<p>Szeretne egy kis sz\u00fcnetet tartani a rohan\u00f3 \u00e9let\u00e9b\u0151l? Rakja \u00f6ssze a 2000 darabos kirak\u00f3sokat Rom\u00e1nia legnagyobb m\u0171v\u00e9szi kirak\u00f3s k\u00edn\u00e1lat\u00e1b\u00f3l, \u00e9s<\/p>\n","protected":false},"featured_media":60114,"template":"","meta":[],"product_brand":[],"product_cat":[2047,1919,1881],"product_tag":[],"class_list":{"0":"post-41935","1":"product","2":"type-product","3":"status-publish","4":"has-post-thumbnail","6":"product_cat-2000-darabos-kirakos-jatek","7":"product_cat-felnott-kirakos-jatekok","8":"product_cat-kirakos-jatekok","9":"pa_bax-10-hu","10":"pa_brand-d_toys-hu","11":"pa_country_of_manufacture-ro-hu","12":"pa_filter_age-14-hu","13":"pa_painter-pieterbreugeltheelder-hu","14":"pa_tip_ambalaj-doboz","15":"pa_tip_puzzle-klasszikus","17":"first","18":"instock","19":"taxable","20":"shipping-taxable","21":"product-type-simple"},"yoast_head":"<!-- This site is optimized with the Yoast SEO plugin v20.1 - https:\/\/yoast.com\/wordpress\/plugins\/seo\/ -->\n<title>Puzzle Pieter Bruegel the Elder - A l\u00e1zad\u00f3 angyalok buk\u00e1sa - feln\u0151tt puzzle 2000 db<\/title>\n<meta name=\"description\" content=\"Puzzle Pieter Bruegel the Elder - A l\u00e1zad\u00f3 angyalok buk\u00e1sa - feln\u0151tt puzzle 2000 db\" \/>\n<meta name=\"robots\" content=\"index, follow, max-snippet:-1, max-image-preview:large, max-video-preview:-1\" \/>\n<link rel=\"canonical\" href=\"https:\/\/business.roovi.com\/hu\/puzzle-pieter-bruegel-the-elder-a-lazado-angyalok-bukasa-felnott-puzzle-2000-db\/p\/\" \/>\n<meta property=\"og:locale\" content=\"hu_HU\" \/>\n<meta property=\"og:type\" content=\"article\" \/>\n<meta property=\"og:title\" content=\"Puzzle Pieter Bruegel the Elder - A l\u00e1zad\u00f3 angyalok buk\u00e1sa - feln\u0151tt puzzle 2000 db\" \/>\n<meta property=\"og:description\" content=\"Puzzle Pieter Bruegel the Elder - A l\u00e1zad\u00f3 angyalok buk\u00e1sa - feln\u0151tt puzzle 2000 db\" \/>\n<meta property=\"og:url\" content=\"https:\/\/business.roovi.com\/hu\/puzzle-pieter-bruegel-the-elder-a-lazado-angyalok-bukasa-felnott-puzzle-2000-db\/p\/\" \/>\n<meta property=\"og:site_name\" content=\"Roovi B2B\" \/>\n<meta property=\"article:publisher\" content=\"https:\/\/www.facebook.com\/wwwjucariero\" \/>\n<meta property=\"article:modified_time\" content=\"2022-10-25T11:37:56+00:00\" \/>\n<meta property=\"og:image\" content=\"https:\/\/business.roovi.com\/wp-content\/uploads\/2018\/04\/01_MAIN-6-1.jpg\" \/>\n\t<meta property=\"og:image:width\" content=\"1200\" \/>\n\t<meta property=\"og:image:height\" content=\"1200\" \/>\n\t<meta property=\"og:image:type\" content=\"image\/jpeg\" \/>\n<meta name=\"twitter:label1\" content=\"Becs\u00fclt olvas\u00e1si id\u0151\" \/>\n\t<meta name=\"twitter:data1\" content=\"3 perc\" \/>\n<script type=\"application\/ld+json\" class=\"yoast-schema-graph\">{\"@context\":\"https:\/\/schema.org\",\"@graph\":[{\"@type\":\"WebPage\",\"@id\":\"https:\/\/business.roovi.com\/hu\/puzzle-pieter-bruegel-the-elder-a-lazado-angyalok-bukasa-felnott-puzzle-2000-db\/p\/\",\"url\":\"https:\/\/business.roovi.com\/hu\/puzzle-pieter-bruegel-the-elder-a-lazado-angyalok-bukasa-felnott-puzzle-2000-db\/p\/\",\"name\":\"Puzzle Pieter Bruegel the Elder - A l\u00e1zad\u00f3 angyalok buk\u00e1sa - feln\u0151tt puzzle 2000 db\",\"isPartOf\":{\"@id\":\"https:\/\/business.roovi.com\/hu\/#website\"},\"datePublished\":\"2018-04-16T10:56:17+00:00\",\"dateModified\":\"2022-10-25T11:37:56+00:00\",\"description\":\"Puzzle Pieter Bruegel the Elder - A l\u00e1zad\u00f3 angyalok buk\u00e1sa - feln\u0151tt puzzle 2000 db\",\"breadcrumb\":{\"@id\":\"https:\/\/business.roovi.com\/hu\/puzzle-pieter-bruegel-the-elder-a-lazado-angyalok-bukasa-felnott-puzzle-2000-db\/p\/#breadcrumb\"},\"inLanguage\":\"hu\",\"potentialAction\":[{\"@type\":\"ReadAction\",\"target\":[\"https:\/\/business.roovi.com\/hu\/puzzle-pieter-bruegel-the-elder-a-lazado-angyalok-bukasa-felnott-puzzle-2000-db\/p\/\"]}]},{\"@type\":\"BreadcrumbList\",\"@id\":\"https:\/\/business.roovi.com\/hu\/puzzle-pieter-bruegel-the-elder-a-lazado-angyalok-bukasa-felnott-puzzle-2000-db\/p\/#breadcrumb\",\"itemListElement\":[{\"@type\":\"ListItem\",\"position\":1,\"name\":\"Home\",\"item\":\"https:\/\/business.roovi.com\/hu\/\"},{\"@type\":\"ListItem\",\"position\":2,\"name\":\"Shop\",\"item\":\"https:\/\/business.roovi.com\/hu\/shop\/\"},{\"@type\":\"ListItem\",\"position\":3,\"name\":\"Puzzle Pieter Bruegel the Elder &#8211; A l\u00e1zad\u00f3 angyalok buk\u00e1sa &#8211; feln\u0151tt puzzle 2000 db\"}]},{\"@type\":\"WebSite\",\"@id\":\"https:\/\/business.roovi.com\/hu\/#website\",\"url\":\"https:\/\/business.roovi.com\/hu\/\",\"name\":\"Roovi B2B\",\"description\":\"Roovi Business Website\",\"potentialAction\":[{\"@type\":\"SearchAction\",\"target\":{\"@type\":\"EntryPoint\",\"urlTemplate\":\"https:\/\/business.roovi.com\/hu\/?s={search_term_string}\"},\"query-input\":\"required name=search_term_string\"}],\"inLanguage\":\"hu\"}]}<\/script>\n<!-- \/ Yoast SEO plugin. -->","yoast_head_json":{"title":"Puzzle Pieter Bruegel the Elder - A l\u00e1zad\u00f3 angyalok buk\u00e1sa - feln\u0151tt puzzle 2000 db","description":"Puzzle Pieter Bruegel the Elder - A l\u00e1zad\u00f3 angyalok buk\u00e1sa - feln\u0151tt puzzle 2000 db","robots":{"index":"index","follow":"follow","max-snippet":"max-snippet:-1","max-image-preview":"max-image-preview:large","max-video-preview":"max-video-preview:-1"},"canonical":"https:\/\/business.roovi.com\/hu\/puzzle-pieter-bruegel-the-elder-a-lazado-angyalok-bukasa-felnott-puzzle-2000-db\/p\/","og_locale":"hu_HU","og_type":"article","og_title":"Puzzle Pieter Bruegel the Elder - A l\u00e1zad\u00f3 angyalok buk\u00e1sa - feln\u0151tt puzzle 2000 db","og_description":"Puzzle Pieter Bruegel the Elder - A l\u00e1zad\u00f3 angyalok buk\u00e1sa - feln\u0151tt puzzle 2000 db","og_url":"https:\/\/business.roovi.com\/hu\/puzzle-pieter-bruegel-the-elder-a-lazado-angyalok-bukasa-felnott-puzzle-2000-db\/p\/","og_site_name":"Roovi B2B","article_publisher":"https:\/\/www.facebook.com\/wwwjucariero","article_modified_time":"2022-10-25T11:37:56+00:00","og_image":[{"width":1200,"height":1200,"url":"https:\/\/business.roovi.com\/wp-content\/uploads\/2018\/04\/01_MAIN-6-1.jpg","type":"image\/jpeg"}],"twitter_misc":{"Becs\u00fclt olvas\u00e1si id\u0151":"3 perc"},"schema":{"@context":"https:\/\/schema.org","@graph":[{"@type":"WebPage","@id":"https:\/\/business.roovi.com\/hu\/puzzle-pieter-bruegel-the-elder-a-lazado-angyalok-bukasa-felnott-puzzle-2000-db\/p\/","url":"https:\/\/business.roovi.com\/hu\/puzzle-pieter-bruegel-the-elder-a-lazado-angyalok-bukasa-felnott-puzzle-2000-db\/p\/","name":"Puzzle Pieter Bruegel the Elder - A l\u00e1zad\u00f3 angyalok buk\u00e1sa - feln\u0151tt puzzle 2000 db","isPartOf":{"@id":"https:\/\/business.roovi.com\/hu\/#website"},"datePublished":"2018-04-16T10:56:17+00:00","dateModified":"2022-10-25T11:37:56+00:00","description":"Puzzle Pieter Bruegel the Elder - A l\u00e1zad\u00f3 angyalok buk\u00e1sa - feln\u0151tt puzzle 2000 db","breadcrumb":{"@id":"https:\/\/business.roovi.com\/hu\/puzzle-pieter-bruegel-the-elder-a-lazado-angyalok-bukasa-felnott-puzzle-2000-db\/p\/#breadcrumb"},"inLanguage":"hu","potentialAction":[{"@type":"ReadAction","target":["https:\/\/business.roovi.com\/hu\/puzzle-pieter-bruegel-the-elder-a-lazado-angyalok-bukasa-felnott-puzzle-2000-db\/p\/"]}]},{"@type":"BreadcrumbList","@id":"https:\/\/business.roovi.com\/hu\/puzzle-pieter-bruegel-the-elder-a-lazado-angyalok-bukasa-felnott-puzzle-2000-db\/p\/#breadcrumb","itemListElement":[{"@type":"ListItem","position":1,"name":"Home","item":"https:\/\/business.roovi.com\/hu\/"},{"@type":"ListItem","position":2,"name":"Shop","item":"https:\/\/business.roovi.com\/hu\/shop\/"},{"@type":"ListItem","position":3,"name":"Puzzle Pieter Bruegel the Elder &#8211; A l\u00e1zad\u00f3 angyalok buk\u00e1sa &#8211; feln\u0151tt puzzle 2000 db"}]},{"@type":"WebSite","@id":"https:\/\/business.roovi.com\/hu\/#website","url":"https:\/\/business.roovi.com\/hu\/","name":"Roovi B2B","description":"Roovi Business Website","potentialAction":[{"@type":"SearchAction","target":{"@type":"EntryPoint","urlTemplate":"https:\/\/business.roovi.com\/hu\/?s={search_term_string}"},"query-input":"required name=search_term_string"}],"inLanguage":"hu"}]}},"_links":{"self":[{"href":"https:\/\/business.roovi.com\/hu\/wp-json\/wp\/v2\/product\/41935","targetHints":{"allow":["GET"]}}],"collection":[{"href":"https:\/\/business.roovi.com\/hu\/wp-json\/wp\/v2\/product"}],"about":[{"href":"https:\/\/business.roovi.com\/hu\/wp-json\/wp\/v2\/types\/product"}],"version-history":[{"count":0,"href":"https:\/\/business.roovi.com\/hu\/wp-json\/wp\/v2\/product\/41935\/revisions"}],"wp:featuredmedia":[{"embeddable":true,"href":"https:\/\/business.roovi.com\/hu\/wp-json\/wp\/v2\/media\/60114"}],"wp:attachment":[{"href":"https:\/\/business.roovi.com\/hu\/wp-json\/wp\/v2\/media?parent=41935"}],"wp:term":[{"taxonomy":"product_brand","embeddable":true,"href":"https:\/\/business.roovi.com\/hu\/wp-json\/wp\/v2\/product_brand?post=41935"},{"taxonomy":"product_cat","embeddable":true,"href":"https:\/\/business.roovi.com\/hu\/wp-json\/wp\/v2\/product_cat?post=41935"},{"taxonomy":"product_tag","embeddable":true,"href":"https:\/\/business.roovi.com\/hu\/wp-json\/wp\/v2\/product_tag?post=41935"}],"curies":[{"name":"wp","href":"https:\/\/api.w.org\/{rel}","templated":true}]}}