{"id":41947,"date":"2018-04-16T10:56:17","date_gmt":"2018-04-16T10:56:17","guid":{"rendered":"https:\/\/business.roovi.com\/puzzle-adulti-1000-piese-kurti-andrea-the-frog-princess\/p\/"},"modified":"2022-07-06T18:24:09","modified_gmt":"2022-07-06T18:24:09","slug":"felnott-puzzle-1000-darab-kurti-andrea-a-bekahercegno","status":"publish","type":"product","link":"https:\/\/business.roovi.com\/hu\/felnott-puzzle-1000-darab-kurti-andrea-a-bekahercegno\/p\/","title":{"rendered":"Feln\u0151tt puzzle 1000 darab K\u00fcrti Andrea &#8211; A b\u00e9kahercegn\u0151"},"content":{"rendered":"<p><span style=\"font-weight: 400\">Inspir\u00e1ltnak \u00e9rzi mag\u00e1t \u00e9s k\u00e9szen \u00e1ll egy kreat\u00edv kih\u00edv\u00e1sra? A Frog Princess 1000 darabos puzzle izgalmas kalandd\u00e1 var\u00e1zsolja a kirak\u00f3sok ir\u00e1nti szenved\u00e9lyedet. Az egyedi illusztr\u00e1ci\u00f3t egy jelenettel friss\u00edts\u00fck fel a <\/span><em><span style=\"font-weight: 400\">A hercegn\u0151 \u00e9s a b\u00e9ka<\/span><\/em><span style=\"font-weight: 400\"> \u00e9s tapasztalja meg a klasszikus mes\u00e9k var\u00e1zs\u00e1t.<\/span><\/p>\n<p><span style=\"font-weight: 400\">J\u00e1t\u00e9k \u00e9s t\u00f6rt\u00e9net t\u00f6k\u00e9letesen \u00f6sszefon\u00f3dik a K\u00fcrti Andrea &#8211; A b\u00e9kahercegn\u0151 1000 darabos puzzle-ben <\/span><span style=\"font-weight: 400\">M\u0171v\u00e9sz<\/span> <span style=\"font-weight: 400\">K\u00fcrti Andrea ezt a k\u00fcl\u00f6nleges k\u00e9pet a gyermekkor var\u00e1zs\u00e1t id\u00e9z\u0151 klasszikus t\u00f6rt\u00e9neteket \u00e1br\u00e1zol\u00f3 eredeti illusztr\u00e1ci\u00f3inak sorozat\u00e1ba illesztette be <\/span><\/p>\n<p><span style=\"font-weight: 400\">Ha \u00e9rt\u00e9ket szeretn\u00e9l adni a szabadid\u0151dnek, vagy felejthetetlen eml\u00e9keket szeretn\u00e9l szerezni gyermekeiddel, A hercegn\u0151 \u00e9s a b\u00e9ka 1000 darabos puzzle t\u00f6k\u00e9letes v\u00e1laszt\u00e1s. Az innovat\u00edv design \u00e9s a leny\u0171g\u00f6z\u0151 r\u00e9szletek, amelyeket egy kiv\u00e1l\u00f3 m\u0171v\u00e9sz k\u00e9zm\u0171ves munk\u00e1j\u00e1val hoztak l\u00e9tre, elragad\u00f3ak lesznek, amikor k\u00e9nyelmesen \u00fclsz, hogy \u00f6sszerakd a k\u00e9pet ebben a leny\u0171g\u00f6z\u0151, 1000 darabos puzzle-ben.<\/span><\/p>\n<p><strong>Mi\u00e9rt v\u00e1lassza a Hercegn\u0151 \u00e9s a b\u00e9ka 1000 darabos puzzle-t?<\/strong><\/p>\n<p><span style=\"font-weight: 400\">\u00c9p\u00edts saj\u00e1t kez\u0171leg egy leny\u0171g\u00f6z\u0151, 50 x 70 cm-es k\u00e9pet.<\/span><\/p>\n<p><span style=\"font-weight: 400\">Ez a puzzle pr\u00e9mium min\u0151s\u00e9g\u0171 k\u00e9k kartonb\u00f3l k\u00e9sz\u00fclt.<\/span><\/p>\n<p><span style=\"font-weight: 400\">Meg\u00e1llja az id\u0151 pr\u00f3b\u00e1j\u00e1t, t\u00f6bbsz\u00f6r\u00f6sen felhaszn\u00e1lhat\u00f3.<\/span><\/p>\n<p><span style=\"font-weight: 400\">Fenntarthat\u00f3, \u00fajrahasznos\u00edthat\u00f3, k\u00f6rnyezetbar\u00e1t term\u00e9k.<\/span><\/p>\n<p><span style=\"font-weight: 400\">Kiv\u00e1l\u00f3 min\u0151s\u00e9g\u0171, f\u00e9lf\u00e9nyes kivitelben, \u00e9l\u00e9nk sz\u00ednekben.<\/span><\/p>\n<p><span style=\"font-weight: 400\">14 \u00e9vesn\u00e9l id\u0151sebbek is \u00f6ssze\u00e1ll\u00edthatj\u00e1k, \u00edgy remek lehet\u0151s\u00e9g arra, hogy a csal\u00e1dban a tizen\u00e9vesekkel t\u00f6ltsenek id\u0151t.<\/span><\/p>\n<p><span style=\"font-weight: 400\">A Hercegn\u0151 \u00e9s a b\u00e9ka 1000 darabos puzzle egy olyan m\u0171v\u00e9szi puzzle, amely edzi a puzzle-\u00f6sszeszerel\u00e9si k\u00e9szs\u00e9gedet, \u00e9s sz\u00e1mos el\u0151nnyel j\u00e1r:<\/span><\/p>\n<ul>\n<li><span style=\"font-weight: 400\">Fejleszti a kreativit\u00e1st.<\/span><\/li>\n<li><span style=\"font-weight: 400\">N\u00f6veli a r\u00e9szletekre val\u00f3 figyelmet.<\/span><\/li>\n<li><span style=\"font-weight: 400\">Ez egy lehet\u0151s\u00e9g a kikapcsol\u00f3d\u00e1sra \u00e9s a mindennapokt\u00f3l val\u00f3 elszakad\u00e1sra.<\/span><\/li>\n<li><span style=\"font-weight: 400\">Seg\u00edt egyetlen feladatra \u00f6sszpontos\u00edtani \u00e9s megoldani azt.<\/span><\/li>\n<li><span style=\"font-weight: 400\">Lehet\u0151s\u00e9get ad arra, hogy egy dekorat\u00edv t\u00e1rgyat hozzon l\u00e9tre, amellyel megsz\u00e9p\u00edtheti otthon\u00e1t.<\/span><\/li>\n<li><span style=\"font-weight: 400\">T\u00f6k\u00e9letes alkalom a bar\u00e1tokkal val\u00f3 ismerked\u00e9sre \u00e9s a szeretteinkkel val\u00f3 szoros kapcsolat kialak\u00edt\u00e1s\u00e1ra.<\/span><\/li>\n<\/ul>\n<p><strong>Tudtad, hogy&#8230;?<\/strong><\/p>\n<p><span style=\"font-weight: 400\">A puzzle-j\u00e1t\u00e9kok hasonl\u00f3 hat\u00e1ssal b\u00edrnak, mint a medit\u00e1ci\u00f3. Amikor \u00f6sszerakod a k\u00e9pet egy 1000 darabos kirak\u00f3sban, az elm\u00e9d intenz\u00edven koncentr\u00e1l \u00e9s megnyugszik. \u00d6n k\u00f6nnyed\u00e9n csatlakozik a jelen pillanathoz, \u00e9s m\u00e9ly relax\u00e1ci\u00f3t tapasztal.<\/span><\/p>\n<p><span style=\"font-weight: 400\">A kirak\u00f3s j\u00e1t\u00e9kok serkentik a dopamin, a boldogs\u00e1ghormon kiv\u00e1laszt\u00e1s\u00e1t. Ez megmagyar\u00e1zza az el\u00e9gedetts\u00e9g \u00e9s az \u00f6r\u00f6m csod\u00e1latos \u00e9rz\u00e9s\u00e9t, amikor \u00f6sszeragasztod az 1000 darabos kirak\u00f3s utols\u00f3 darabj\u00e1t.<\/span><\/p>\n<p><span style=\"font-weight: 400\">A rejtv\u00e9nyj\u00e1t\u00e9kok mindk\u00e9t agyf\u00e9ltek\u00e9t edzik, \u00e9s kiv\u00e1l\u00f3 szellemi gyakorlatot jelentenek. Emiatt azokn\u00e1l az emberekn\u00e9l, akik naponta legal\u00e1bb 30 percet t\u00f6ltenek rejtv\u00e9nyfejt\u00e9ssel, kisebb a kock\u00e1zata az olyan neurodegenerat\u00edv betegs\u00e9gek kialakul\u00e1s\u00e1nak, mint az Alzheimer-k\u00f3r vagy a demencia.<\/span><\/p>\n<p><strong>Tartson sz\u00fcnetet a digit\u00e1lis \u00e9letben az 1000 darabos kirak\u00f3s j\u00e1t\u00e9kkal Princess and the Frog (Hercegn\u0151 \u00e9s a b\u00e9ka)<\/strong><\/p>\n<p><span style=\"font-weight: 400\">\u00dagy \u00e9rzi, hogy el kell szakadnia a k\u00e9perny\u0151kt\u0151l? A Hercegn\u0151 \u00e9s a b\u00e9ka 1000 darabos puzzle j\u00f3 alkalom lehet a digit\u00e1lis m\u00e9regtelen\u00edt\u00e9sre. Ter\u00edtse ki a darabokat a nappali doh\u00e1nyz\u00f3asztal\u00e1ra, f\u0151zz\u00f6n egy kis arom\u00e1s te\u00e1t, \u00e9s \u00e9lvezze az ak\u00e1r 30 \u00f3r\u00e1nyi kikapcsol\u00f3d\u00e1st \u00e9s autentikus sz\u00f3rakoz\u00e1st.<\/span><\/p>\n<p><span style=\"font-weight: 400\">V\u00e1s\u00e1rolja meg most a Hercegn\u0151 \u00e9s a b\u00e9ka 1000 darabos puzzle-t, \u00e9s k\u00e9sz\u00edtse el saj\u00e1t mesebeli tabl\u00f3j\u00e1t. Fedezze fel a klasszikus mes\u00e9kb\u0151l sz\u00e1rmaz\u00f3, gy\u00f6ny\u00f6r\u0171 illusztr\u00e1ci\u00f3kkal ell\u00e1tott 1000 darabos kirak\u00f3sj\u00e1t\u00e9kok teljes gy\u0171jtem\u00e9ny\u00e9t, \u00e9s l\u00e9pjen be a h\u00edres mes\u00e9k var\u00e1zslatos vil\u00e1g\u00e1ba.<\/span><\/p>\n<p><span style=\"font-weight: 400\">A Hercegn\u0151 \u00e9s a b\u00e9ka 1000 darabos puzzle nagyszer\u0171 aj\u00e1nd\u00e9k lehet a kirak\u00f3s j\u00e1t\u00e9kok kedvel\u0151inek vagy a kreat\u00edv kih\u00edv\u00e1sok szerelmeseinek.<\/span><\/p><\/p>\n","protected":false},"excerpt":{"rendered":"<p>Inspir\u00e1ltnak \u00e9rzi mag\u00e1t \u00e9s k\u00e9szen \u00e1ll egy kreat\u00edv kih\u00edv\u00e1sra? A Frog Princess 1000 darabos puzzle izgalmas kalandd\u00e1 var\u00e1zsolja a kirak\u00f3sok<\/p>\n","protected":false},"featured_media":35033,"template":"","meta":[],"product_brand":[],"product_cat":[1920,1919,1881],"product_tag":[],"class_list":{"0":"post-41947","1":"product","2":"type-product","3":"status-publish","4":"has-post-thumbnail","6":"product_cat-1000-darabos-kirakos-jatek","7":"product_cat-felnott-kirakos-jatekok","8":"product_cat-kirakos-jatekok","9":"pa_bax-10-hu","10":"pa_brand-d_toys-hu","11":"pa_country_of_manufacture-ro-hu","12":"pa_filter_age-14-hu","13":"pa_painter-kurtiandrea-hu","14":"pa_tip_ambalaj-doboz","15":"pa_tip_puzzle-klasszikus","17":"first","18":"instock","19":"taxable","20":"shipping-taxable","21":"product-type-simple"},"yoast_head":"<!-- This site is optimized with the Yoast SEO plugin v20.1 - https:\/\/yoast.com\/wordpress\/plugins\/seo\/ -->\n<title>Feln\u0151tt puzzle 1000 darab K\u00fcrti Andrea - A b\u00e9kahercegn\u0151<\/title>\n<meta name=\"description\" content=\"Feln\u0151tt puzzle 1000 darab K\u00fcrti Andrea - A b\u00e9kahercegn\u0151\" \/>\n<meta name=\"robots\" content=\"index, follow, max-snippet:-1, max-image-preview:large, max-video-preview:-1\" \/>\n<link rel=\"canonical\" href=\"https:\/\/business.roovi.com\/hu\/felnott-puzzle-1000-darab-kurti-andrea-a-bekahercegno\/p\/\" \/>\n<meta property=\"og:locale\" content=\"hu_HU\" \/>\n<meta property=\"og:type\" content=\"article\" \/>\n<meta property=\"og:title\" content=\"Feln\u0151tt puzzle 1000 darab K\u00fcrti Andrea - A b\u00e9kahercegn\u0151\" \/>\n<meta property=\"og:description\" content=\"Feln\u0151tt puzzle 1000 darab K\u00fcrti Andrea - A b\u00e9kahercegn\u0151\" \/>\n<meta property=\"og:url\" content=\"https:\/\/business.roovi.com\/hu\/felnott-puzzle-1000-darab-kurti-andrea-a-bekahercegno\/p\/\" \/>\n<meta property=\"og:site_name\" content=\"Roovi B2B\" \/>\n<meta property=\"article:publisher\" content=\"https:\/\/www.facebook.com\/wwwjucariero\" \/>\n<meta property=\"article:modified_time\" content=\"2022-07-06T18:24:09+00:00\" \/>\n<meta property=\"og:image\" content=\"https:\/\/business.roovi.com\/wp-content\/uploads\/2018\/04\/72870-2_ansamblu_dimensiuni_cutie_cm_vertical_1200x1200.png\" \/>\n\t<meta property=\"og:image:width\" content=\"1200\" \/>\n\t<meta property=\"og:image:height\" content=\"1200\" \/>\n\t<meta property=\"og:image:type\" content=\"image\/png\" \/>\n<meta name=\"twitter:label1\" content=\"Becs\u00fclt olvas\u00e1si id\u0151\" \/>\n\t<meta name=\"twitter:data1\" content=\"4 perc\" \/>\n<script type=\"application\/ld+json\" class=\"yoast-schema-graph\">{\"@context\":\"https:\/\/schema.org\",\"@graph\":[{\"@type\":\"WebPage\",\"@id\":\"https:\/\/business.roovi.com\/hu\/felnott-puzzle-1000-darab-kurti-andrea-a-bekahercegno\/p\/\",\"url\":\"https:\/\/business.roovi.com\/hu\/felnott-puzzle-1000-darab-kurti-andrea-a-bekahercegno\/p\/\",\"name\":\"Feln\u0151tt puzzle 1000 darab K\u00fcrti Andrea - A b\u00e9kahercegn\u0151\",\"isPartOf\":{\"@id\":\"https:\/\/business.roovi.com\/hu\/#website\"},\"datePublished\":\"2018-04-16T10:56:17+00:00\",\"dateModified\":\"2022-07-06T18:24:09+00:00\",\"description\":\"Feln\u0151tt puzzle 1000 darab K\u00fcrti Andrea - A b\u00e9kahercegn\u0151\",\"breadcrumb\":{\"@id\":\"https:\/\/business.roovi.com\/hu\/felnott-puzzle-1000-darab-kurti-andrea-a-bekahercegno\/p\/#breadcrumb\"},\"inLanguage\":\"hu\",\"potentialAction\":[{\"@type\":\"ReadAction\",\"target\":[\"https:\/\/business.roovi.com\/hu\/felnott-puzzle-1000-darab-kurti-andrea-a-bekahercegno\/p\/\"]}]},{\"@type\":\"BreadcrumbList\",\"@id\":\"https:\/\/business.roovi.com\/hu\/felnott-puzzle-1000-darab-kurti-andrea-a-bekahercegno\/p\/#breadcrumb\",\"itemListElement\":[{\"@type\":\"ListItem\",\"position\":1,\"name\":\"Home\",\"item\":\"https:\/\/business.roovi.com\/hu\/\"},{\"@type\":\"ListItem\",\"position\":2,\"name\":\"Shop\",\"item\":\"https:\/\/business.roovi.com\/hu\/shop\/\"},{\"@type\":\"ListItem\",\"position\":3,\"name\":\"Feln\u0151tt puzzle 1000 darab K\u00fcrti Andrea &#8211; A b\u00e9kahercegn\u0151\"}]},{\"@type\":\"WebSite\",\"@id\":\"https:\/\/business.roovi.com\/hu\/#website\",\"url\":\"https:\/\/business.roovi.com\/hu\/\",\"name\":\"Roovi B2B\",\"description\":\"Roovi Business Website\",\"potentialAction\":[{\"@type\":\"SearchAction\",\"target\":{\"@type\":\"EntryPoint\",\"urlTemplate\":\"https:\/\/business.roovi.com\/hu\/?s={search_term_string}\"},\"query-input\":\"required name=search_term_string\"}],\"inLanguage\":\"hu\"}]}<\/script>\n<!-- \/ Yoast SEO plugin. -->","yoast_head_json":{"title":"Feln\u0151tt puzzle 1000 darab K\u00fcrti Andrea - A b\u00e9kahercegn\u0151","description":"Feln\u0151tt puzzle 1000 darab K\u00fcrti Andrea - A b\u00e9kahercegn\u0151","robots":{"index":"index","follow":"follow","max-snippet":"max-snippet:-1","max-image-preview":"max-image-preview:large","max-video-preview":"max-video-preview:-1"},"canonical":"https:\/\/business.roovi.com\/hu\/felnott-puzzle-1000-darab-kurti-andrea-a-bekahercegno\/p\/","og_locale":"hu_HU","og_type":"article","og_title":"Feln\u0151tt puzzle 1000 darab K\u00fcrti Andrea - A b\u00e9kahercegn\u0151","og_description":"Feln\u0151tt puzzle 1000 darab K\u00fcrti Andrea - A b\u00e9kahercegn\u0151","og_url":"https:\/\/business.roovi.com\/hu\/felnott-puzzle-1000-darab-kurti-andrea-a-bekahercegno\/p\/","og_site_name":"Roovi B2B","article_publisher":"https:\/\/www.facebook.com\/wwwjucariero","article_modified_time":"2022-07-06T18:24:09+00:00","og_image":[{"width":1200,"height":1200,"url":"https:\/\/business.roovi.com\/wp-content\/uploads\/2018\/04\/72870-2_ansamblu_dimensiuni_cutie_cm_vertical_1200x1200.png","type":"image\/png"}],"twitter_misc":{"Becs\u00fclt olvas\u00e1si id\u0151":"4 perc"},"schema":{"@context":"https:\/\/schema.org","@graph":[{"@type":"WebPage","@id":"https:\/\/business.roovi.com\/hu\/felnott-puzzle-1000-darab-kurti-andrea-a-bekahercegno\/p\/","url":"https:\/\/business.roovi.com\/hu\/felnott-puzzle-1000-darab-kurti-andrea-a-bekahercegno\/p\/","name":"Feln\u0151tt puzzle 1000 darab K\u00fcrti Andrea - A b\u00e9kahercegn\u0151","isPartOf":{"@id":"https:\/\/business.roovi.com\/hu\/#website"},"datePublished":"2018-04-16T10:56:17+00:00","dateModified":"2022-07-06T18:24:09+00:00","description":"Feln\u0151tt puzzle 1000 darab K\u00fcrti Andrea - A b\u00e9kahercegn\u0151","breadcrumb":{"@id":"https:\/\/business.roovi.com\/hu\/felnott-puzzle-1000-darab-kurti-andrea-a-bekahercegno\/p\/#breadcrumb"},"inLanguage":"hu","potentialAction":[{"@type":"ReadAction","target":["https:\/\/business.roovi.com\/hu\/felnott-puzzle-1000-darab-kurti-andrea-a-bekahercegno\/p\/"]}]},{"@type":"BreadcrumbList","@id":"https:\/\/business.roovi.com\/hu\/felnott-puzzle-1000-darab-kurti-andrea-a-bekahercegno\/p\/#breadcrumb","itemListElement":[{"@type":"ListItem","position":1,"name":"Home","item":"https:\/\/business.roovi.com\/hu\/"},{"@type":"ListItem","position":2,"name":"Shop","item":"https:\/\/business.roovi.com\/hu\/shop\/"},{"@type":"ListItem","position":3,"name":"Feln\u0151tt puzzle 1000 darab K\u00fcrti Andrea &#8211; A b\u00e9kahercegn\u0151"}]},{"@type":"WebSite","@id":"https:\/\/business.roovi.com\/hu\/#website","url":"https:\/\/business.roovi.com\/hu\/","name":"Roovi B2B","description":"Roovi Business Website","potentialAction":[{"@type":"SearchAction","target":{"@type":"EntryPoint","urlTemplate":"https:\/\/business.roovi.com\/hu\/?s={search_term_string}"},"query-input":"required name=search_term_string"}],"inLanguage":"hu"}]}},"_links":{"self":[{"href":"https:\/\/business.roovi.com\/hu\/wp-json\/wp\/v2\/product\/41947","targetHints":{"allow":["GET"]}}],"collection":[{"href":"https:\/\/business.roovi.com\/hu\/wp-json\/wp\/v2\/product"}],"about":[{"href":"https:\/\/business.roovi.com\/hu\/wp-json\/wp\/v2\/types\/product"}],"version-history":[{"count":0,"href":"https:\/\/business.roovi.com\/hu\/wp-json\/wp\/v2\/product\/41947\/revisions"}],"wp:featuredmedia":[{"embeddable":true,"href":"https:\/\/business.roovi.com\/hu\/wp-json\/wp\/v2\/media\/35033"}],"wp:attachment":[{"href":"https:\/\/business.roovi.com\/hu\/wp-json\/wp\/v2\/media?parent=41947"}],"wp:term":[{"taxonomy":"product_brand","embeddable":true,"href":"https:\/\/business.roovi.com\/hu\/wp-json\/wp\/v2\/product_brand?post=41947"},{"taxonomy":"product_cat","embeddable":true,"href":"https:\/\/business.roovi.com\/hu\/wp-json\/wp\/v2\/product_cat?post=41947"},{"taxonomy":"product_tag","embeddable":true,"href":"https:\/\/business.roovi.com\/hu\/wp-json\/wp\/v2\/product_tag?post=41947"}],"curies":[{"name":"wp","href":"https:\/\/api.w.org\/{rel}","templated":true}]}}