{"id":41951,"date":"2018-04-16T10:56:17","date_gmt":"2018-04-16T10:56:17","guid":{"rendered":"https:\/\/business.roovi.com\/puzzle-adulti-1000-piese-kurti-andrea-arabian-nights-o-mie-si-una-de-nopti\/p\/"},"modified":"2022-07-06T18:24:19","modified_gmt":"2022-07-06T18:24:19","slug":"felnott-1000-darabos-puzzle-kurti-andrea-ezeregyejszaka-ezeregy-ejszaka","status":"publish","type":"product","link":"https:\/\/business.roovi.com\/hu\/felnott-1000-darabos-puzzle-kurti-andrea-ezeregyejszaka-ezeregy-ejszaka\/p\/","title":{"rendered":"Feln\u0151tt 1000 darabos puzzle K\u00fcrti Andrea &#8211; Ezeregy\u00e9jszaka\/ Ezeregy \u00e9jszaka"},"content":{"rendered":"<p><span style=\"font-weight: 400\">Ha szereted a kirak\u00f3s j\u00e1t\u00e9kokat, \u00e9s szeretn\u00e9d felid\u00e9zni az <em>Ezeregy\u00e9jszaka<\/em> t\u00f6rt\u00e9neteinek var\u00e1zs\u00e1t <em>, az<\/em> 1000 darabos kirak\u00f3s j\u00e1t\u00e9kkal <\/span><span style=\"font-weight: 400\">Az Arabian Nights puzzle biztosan elnyeri tetsz\u00e9sedet.<\/span><\/p>\n<p><span style=\"font-weight: 400\">Egy titokzatos hercegn\u0151, kez\u00e9ben egy elvar\u00e1zsolt l\u00e1mp\u00e1val, a h\u00e1tt\u00e9rben pedig a var\u00e1zssz\u0151nyegen lebeg\u0151 aranyos Aladdin &#8211; ez a K\u00fcrti Andrea m\u0171v\u00e9sz \u00e1ltal tervezett illusztr\u00e1ci\u00f3 k\u00e9sz\u00fclt ehhez a csod\u00e1latos 1000 darabos puzzle-hez.<\/span><\/p>\n<p><span style=\"font-weight: 400\">Az <em>Ezeregy\u00e9jszaka<\/em> t\u00f6rt\u00e9netei elvar\u00e1zsolt\u00e1k gyermekkorodat? \u00c9ld \u00e1t \u00fajra a h\u00edres mes\u00e9k rejt\u00e9ly\u00e9t ezzel a gy\u00f6ny\u00f6r\u0171en megtervezett feln\u0151tt puzzle-vel <\/span><\/p>\n<p><span style=\"font-weight: 400\">A var\u00e1zslatos t\u00f6rt\u00e9netek \u00fajb\u00f3li elmes\u00e9l\u00e9s\u00e9vel, vagy arra \u00f6szt\u00f6n\u00f6zve a gyerekeket, hogy eml\u00e9kezzenek vissza a k\u00e9pen l\u00e1that\u00f3 jelenetekre, \u00fajra elj\u00e1tszhatja a k\u00e9pet gyermekeivel. Egy\u00fctt egy mes\u00e9s k\u00e9pet, valamint \u00e9rt\u00e9kes eml\u00e9keket fogtok alkotni, amelyek lelkileg gazdag\u00edtani fognak benneteket.<\/span><\/p>\n<p><strong>Mi\u00e9rt v\u00e1lassza az 1000 darabos Arabian Nights puzzle-t?<\/strong><\/p>\n<p><span style=\"font-weight: 400\">K\u00e9sz\u00edtsen l\u00e1tv\u00e1nyos festm\u00e9nyt 1000 darab 50 x 70 cm-es puzzle-darabb\u00f3l.<\/span><\/p>\n<p><span style=\"font-weight: 400\">Kiv\u00e1l\u00f3 min\u0151s\u00e9g\u0171 k\u00e9k kartonb\u00f3l k\u00e9sz\u00fclt.<\/span><\/p>\n<p><span style=\"font-weight: 400\">T\u00f6bbsz\u00f6ri haszn\u00e1latot is kib\u00edr, \u00e9s b\u00e1rmikor \u00f6sszeszerelheti, amikor csak akarja, an\u00e9lk\u00fcl, hogy f\u00e9lnie kellene a k\u00e9p s\u00e9r\u00fcl\u00e9s\u00e9t\u0151l.<\/span><\/p>\n<p><span style=\"font-weight: 400\">\u00dajrahasznos\u00edthat\u00f3, fenntarthat\u00f3 anyagokb\u00f3l k\u00e9sz\u00fclt feln\u0151tt puzzle.<\/span><\/p>\n<p><span style=\"font-weight: 400\">F\u00e9lf\u00e9nyes kivitelben, \u00e9l\u00e9nk sz\u00ednekben.<\/span><\/p>\n<p><span style=\"font-weight: 400\">A j\u00e1t\u00e9k 14 \u00e9ven fel\u00fcliek sz\u00e1m\u00e1ra alkalmas, \u00e9s lehet\u0151s\u00e9get ny\u00fajt arra, hogy megoszd a puzzle-j\u00e1t\u00e9kok ir\u00e1nti szenved\u00e9lyedet a tizen\u00e9ves gyermekeiddel.<\/span><\/p>\n<p><span style=\"font-weight: 400\">A rejtv\u00e9nyj\u00e1t\u00e9kok sz\u00e1mos k\u00e9szs\u00e9g fejleszt\u00e9s\u00e9t seg\u00edtik, amelyek a mindennapi \u00e9let \u00e9s tev\u00e9kenys\u00e9g sz\u00e1mos aspektus\u00e1ban t\u00fckr\u00f6z\u0151dnek:<\/span><\/p>\n<ul>\n<li><span style=\"font-weight: 400\">Kitart\u00e1s<\/span><\/li>\n<li><span style=\"font-weight: 400\">Figyelem a r\u00e9szletekre<\/span><\/li>\n<li><span style=\"font-weight: 400\">\u00dcgyess\u00e9g<\/span><\/li>\n<li><span style=\"font-weight: 400\">K\u00e9z-szem koordin\u00e1ci\u00f3<\/span><\/li>\n<li><span style=\"font-weight: 400\">Logikus gondolkod\u00e1s<\/span><\/li>\n<li><span style=\"font-weight: 400\">Mem\u00f3ria.<\/span><\/li>\n<\/ul>\n<p><strong>Tudtad, hogy&#8230;?<\/strong><\/p>\n<p><span style=\"font-weight: 400\">Eredeti munka <\/span><em><span style=\"font-weight: 400\">Ezeregy\u00e9jszaka<\/span><\/em><span style=\"font-weight: 400\"> egy \u0151si perzsa k\u00f6nyv, az \u00fagynevezett <\/span><em><span style=\"font-weight: 400\">Haz\u0101r Afs\u0101n<\/span><\/em> <span style=\"font-weight: 400\">amely sz\u00e1mos v\u00e9res t\u00f6rt\u00e9netet tartalmazott, amelyeket az eur\u00f3pai ford\u00edt\u00e1sokb\u00f3l elt\u00e1vol\u00edtottak.<\/span><\/p>\n<p><span style=\"font-weight: 400\">A h\u00edres Aladdin karaktere K\u00edn\u00e1b\u00f3l sz\u00e1rmazik, nem pedig az arab orsz\u00e1gokb\u00f3l, \u00e9s nem szerepelt a perzsa k\u00f6nyvben.<\/span><\/p>\n<p><span style=\"font-weight: 400\">Az Aladdin t\u00f6rt\u00e9nete, valamint n\u00e9h\u00e1ny legismertebb t\u00f6rt\u00e9net a <\/span><em><span style=\"font-weight: 400\">Az Ezeregy\u00e9jszaka,<\/span><\/em><span style=\"font-weight: 400\"> (p\u00e9ld\u00e1ul:<\/span><span style=\"font-weight: 400\"> &#8222;Ali Baba \u00e9s a 40 tolvaj&#8221;) nem szerepelt az eredeti arab kiad\u00e1sban, ezeket az eur\u00f3pai ford\u00edt\u00f3k vezett\u00e9k be a gy\u0171jtem\u00e9nybe.<\/span><\/p>\n<p><span style=\"font-weight: 400\">1885-ben a t\u00f6rt\u00e9netek cenz\u00far\u00e1zatlan, obszc\u00e9n jeleneteket \u00e9s egy\u00e9rtelm\u0171 szexu\u00e1lis utal\u00e1sokat tartalmaz\u00f3 kiad\u00e1sa jelent meg angolul a <\/span><span style=\"font-weight: 400\">Richard Francis Burton.<\/span><\/p>\n<p><strong>Arabian Nights 1000 darabos puzzle &#8211; k\u00e9sz\u00edtsd el saj\u00e1t m\u0171alkot\u00e1sodat<\/strong><\/p>\n<p><span style=\"font-weight: 400\">A kirak\u00f3s j\u00e1t\u00e9kok ir\u00e1nti szenved\u00e9ly t\u00f6bbf\u00e9le k\u00e9szs\u00e9get fejleszt, bele\u00e9rtve a festm\u00e9nyek form\u00e1j\u00e1ban megjelen\u0151 d\u00edszt\u00e1rgyak k\u00e9sz\u00edt\u00e9s\u00e9nek k\u00e9pess\u00e9g\u00e9t. Helyezd el apr\u00f3l\u00e9kosan az 1000 darab Ezeregy\u00e9jszaka kirak\u00f3s darabjait, \u00e9s szerezd meg az els\u0151 m\u0171v\u00e9szi festm\u00e9nyedet. \u00dcnnepelje meg kem\u00e9ny munk\u00e1j\u00e1t azzal, hogy bekeretezi a saj\u00e1t kez\u0171leg k\u00e9sz\u00edtett leny\u0171g\u00f6z\u0151 k\u00e9pet, \u00e9s minden nap megcsod\u00e1lhatja alkot\u00e1s\u00e1t.<\/span><\/p>\n<p><span style=\"font-weight: 400\">Az Ezeregy\u00e9jszaka 1000 darabos kirak\u00f3s j\u00e1t\u00e9k lehet\u0151s\u00e9get adhat a bar\u00e1tokkal val\u00f3 ismerked\u00e9sre is. F\u0151zd meg a legjobb \u00edzes\u00edt\u00e9s\u0171 te\u00e1t, ami a kamr\u00e1dban van, \u00e9s h\u00edvd \u00e1t a bar\u00e1taidat egy kirak\u00f3s j\u00e1t\u00e9kra. Sok \u00f3r\u00e1t fogtok egy\u00fctt t\u00f6lteni a sz\u00f3rakoz\u00e1s \u00e9s a kikapcsol\u00f3d\u00e1s jegy\u00e9ben, \u00e9s felejthetetlen eml\u00e9keket fogtok szerezni, amelyek m\u00e9g \u00e9vekig \u00f6r\u00f6mmel t\u00f6ltik majd el a lelketeket.<\/span><\/p>\n<p><span style=\"font-weight: 400\">V\u00e1lassza az Arabian Nights 1000 darabos puzzle-t, \u00e9s tartsa a h\u00e1zban azokra az alkalmakra, amikor meg akarja t\u00f6rni a monot\u00f3ni\u00e1t, \u00e9s pr\u00f3b\u00e1ra akarja tenni a kitart\u00e1s\u00e1t. Vagy aj\u00e1nd\u00e9kozd meg szeretteidet sz\u00fclet\u00e9snapra vagy \u00fcnnepekre.<\/span><\/p><\/p>\n","protected":false},"excerpt":{"rendered":"<p>Ha szereted a kirak\u00f3s j\u00e1t\u00e9kokat, \u00e9s szeretn\u00e9d felid\u00e9zni az Ezeregy\u00e9jszaka t\u00f6rt\u00e9neteinek var\u00e1zs\u00e1t , az 1000 darabos kirak\u00f3s j\u00e1t\u00e9kkal Az Arabian<\/p>\n","protected":false},"featured_media":35047,"template":"","meta":[],"product_brand":[],"product_cat":[1881,1919,1920],"product_tag":[],"class_list":{"0":"post-41951","1":"product","2":"type-product","3":"status-publish","4":"has-post-thumbnail","6":"product_cat-kirakos-jatekok","7":"product_cat-felnott-kirakos-jatekok","8":"product_cat-1000-darabos-kirakos-jatek","9":"pa_bax-10-hu","10":"pa_brand-d_toys-hu","11":"pa_country_of_manufacture-ro-hu","12":"pa_filter_age-14-hu","13":"pa_painter-kurtiandrea-hu","14":"pa_tip_ambalaj-doboz","15":"pa_tip_puzzle-klasszikus","17":"first","18":"instock","19":"taxable","20":"shipping-taxable","21":"product-type-simple"},"yoast_head":"<!-- This site is optimized with the Yoast SEO plugin v20.1 - https:\/\/yoast.com\/wordpress\/plugins\/seo\/ -->\n<title>Feln\u0151tt 1000 darabos puzzle K\u00fcrti Andrea - Ezeregy\u00e9jszaka\/ Ezeregy \u00e9jszaka<\/title>\n<meta name=\"description\" content=\"Feln\u0151tt 1000 darabos puzzle K\u00fcrti Andrea - Ezeregy\u00e9jszaka\/ Ezeregy \u00e9jszaka\" \/>\n<meta name=\"robots\" content=\"index, follow, max-snippet:-1, max-image-preview:large, max-video-preview:-1\" \/>\n<link rel=\"canonical\" href=\"https:\/\/business.roovi.com\/hu\/felnott-1000-darabos-puzzle-kurti-andrea-ezeregyejszaka-ezeregy-ejszaka\/p\/\" \/>\n<meta property=\"og:locale\" content=\"hu_HU\" \/>\n<meta property=\"og:type\" content=\"article\" \/>\n<meta property=\"og:title\" content=\"Feln\u0151tt 1000 darabos puzzle K\u00fcrti Andrea - Ezeregy\u00e9jszaka\/ Ezeregy \u00e9jszaka\" \/>\n<meta property=\"og:description\" content=\"Feln\u0151tt 1000 darabos puzzle K\u00fcrti Andrea - Ezeregy\u00e9jszaka\/ Ezeregy \u00e9jszaka\" \/>\n<meta property=\"og:url\" content=\"https:\/\/business.roovi.com\/hu\/felnott-1000-darabos-puzzle-kurti-andrea-ezeregyejszaka-ezeregy-ejszaka\/p\/\" \/>\n<meta property=\"og:site_name\" content=\"Roovi B2B\" \/>\n<meta property=\"article:publisher\" content=\"https:\/\/www.facebook.com\/wwwjucariero\" \/>\n<meta property=\"article:modified_time\" content=\"2022-07-06T18:24:19+00:00\" \/>\n<meta property=\"og:image\" content=\"https:\/\/business.roovi.com\/wp-content\/uploads\/2018\/04\/72870-3_ansamblu_dimensiuni_cutie_cm_vertical_1200x1200.png\" \/>\n\t<meta property=\"og:image:width\" content=\"1200\" \/>\n\t<meta property=\"og:image:height\" content=\"1200\" \/>\n\t<meta property=\"og:image:type\" content=\"image\/png\" \/>\n<meta name=\"twitter:label1\" content=\"Becs\u00fclt olvas\u00e1si id\u0151\" \/>\n\t<meta name=\"twitter:data1\" content=\"4 perc\" \/>\n<script type=\"application\/ld+json\" class=\"yoast-schema-graph\">{\"@context\":\"https:\/\/schema.org\",\"@graph\":[{\"@type\":\"WebPage\",\"@id\":\"https:\/\/business.roovi.com\/hu\/felnott-1000-darabos-puzzle-kurti-andrea-ezeregyejszaka-ezeregy-ejszaka\/p\/\",\"url\":\"https:\/\/business.roovi.com\/hu\/felnott-1000-darabos-puzzle-kurti-andrea-ezeregyejszaka-ezeregy-ejszaka\/p\/\",\"name\":\"Feln\u0151tt 1000 darabos puzzle K\u00fcrti Andrea - Ezeregy\u00e9jszaka\/ Ezeregy \u00e9jszaka\",\"isPartOf\":{\"@id\":\"https:\/\/business.roovi.com\/hu\/#website\"},\"datePublished\":\"2018-04-16T10:56:17+00:00\",\"dateModified\":\"2022-07-06T18:24:19+00:00\",\"description\":\"Feln\u0151tt 1000 darabos puzzle K\u00fcrti Andrea - Ezeregy\u00e9jszaka\/ Ezeregy \u00e9jszaka\",\"breadcrumb\":{\"@id\":\"https:\/\/business.roovi.com\/hu\/felnott-1000-darabos-puzzle-kurti-andrea-ezeregyejszaka-ezeregy-ejszaka\/p\/#breadcrumb\"},\"inLanguage\":\"hu\",\"potentialAction\":[{\"@type\":\"ReadAction\",\"target\":[\"https:\/\/business.roovi.com\/hu\/felnott-1000-darabos-puzzle-kurti-andrea-ezeregyejszaka-ezeregy-ejszaka\/p\/\"]}]},{\"@type\":\"BreadcrumbList\",\"@id\":\"https:\/\/business.roovi.com\/hu\/felnott-1000-darabos-puzzle-kurti-andrea-ezeregyejszaka-ezeregy-ejszaka\/p\/#breadcrumb\",\"itemListElement\":[{\"@type\":\"ListItem\",\"position\":1,\"name\":\"Home\",\"item\":\"https:\/\/business.roovi.com\/hu\/\"},{\"@type\":\"ListItem\",\"position\":2,\"name\":\"Shop\",\"item\":\"https:\/\/business.roovi.com\/hu\/shop\/\"},{\"@type\":\"ListItem\",\"position\":3,\"name\":\"Feln\u0151tt 1000 darabos puzzle K\u00fcrti Andrea &#8211; Ezeregy\u00e9jszaka\/ Ezeregy \u00e9jszaka\"}]},{\"@type\":\"WebSite\",\"@id\":\"https:\/\/business.roovi.com\/hu\/#website\",\"url\":\"https:\/\/business.roovi.com\/hu\/\",\"name\":\"Roovi B2B\",\"description\":\"Roovi Business Website\",\"potentialAction\":[{\"@type\":\"SearchAction\",\"target\":{\"@type\":\"EntryPoint\",\"urlTemplate\":\"https:\/\/business.roovi.com\/hu\/?s={search_term_string}\"},\"query-input\":\"required name=search_term_string\"}],\"inLanguage\":\"hu\"}]}<\/script>\n<!-- \/ Yoast SEO plugin. -->","yoast_head_json":{"title":"Feln\u0151tt 1000 darabos puzzle K\u00fcrti Andrea - Ezeregy\u00e9jszaka\/ Ezeregy \u00e9jszaka","description":"Feln\u0151tt 1000 darabos puzzle K\u00fcrti Andrea - Ezeregy\u00e9jszaka\/ Ezeregy \u00e9jszaka","robots":{"index":"index","follow":"follow","max-snippet":"max-snippet:-1","max-image-preview":"max-image-preview:large","max-video-preview":"max-video-preview:-1"},"canonical":"https:\/\/business.roovi.com\/hu\/felnott-1000-darabos-puzzle-kurti-andrea-ezeregyejszaka-ezeregy-ejszaka\/p\/","og_locale":"hu_HU","og_type":"article","og_title":"Feln\u0151tt 1000 darabos puzzle K\u00fcrti Andrea - Ezeregy\u00e9jszaka\/ Ezeregy \u00e9jszaka","og_description":"Feln\u0151tt 1000 darabos puzzle K\u00fcrti Andrea - Ezeregy\u00e9jszaka\/ Ezeregy \u00e9jszaka","og_url":"https:\/\/business.roovi.com\/hu\/felnott-1000-darabos-puzzle-kurti-andrea-ezeregyejszaka-ezeregy-ejszaka\/p\/","og_site_name":"Roovi B2B","article_publisher":"https:\/\/www.facebook.com\/wwwjucariero","article_modified_time":"2022-07-06T18:24:19+00:00","og_image":[{"width":1200,"height":1200,"url":"https:\/\/business.roovi.com\/wp-content\/uploads\/2018\/04\/72870-3_ansamblu_dimensiuni_cutie_cm_vertical_1200x1200.png","type":"image\/png"}],"twitter_misc":{"Becs\u00fclt olvas\u00e1si id\u0151":"4 perc"},"schema":{"@context":"https:\/\/schema.org","@graph":[{"@type":"WebPage","@id":"https:\/\/business.roovi.com\/hu\/felnott-1000-darabos-puzzle-kurti-andrea-ezeregyejszaka-ezeregy-ejszaka\/p\/","url":"https:\/\/business.roovi.com\/hu\/felnott-1000-darabos-puzzle-kurti-andrea-ezeregyejszaka-ezeregy-ejszaka\/p\/","name":"Feln\u0151tt 1000 darabos puzzle K\u00fcrti Andrea - Ezeregy\u00e9jszaka\/ Ezeregy \u00e9jszaka","isPartOf":{"@id":"https:\/\/business.roovi.com\/hu\/#website"},"datePublished":"2018-04-16T10:56:17+00:00","dateModified":"2022-07-06T18:24:19+00:00","description":"Feln\u0151tt 1000 darabos puzzle K\u00fcrti Andrea - Ezeregy\u00e9jszaka\/ Ezeregy \u00e9jszaka","breadcrumb":{"@id":"https:\/\/business.roovi.com\/hu\/felnott-1000-darabos-puzzle-kurti-andrea-ezeregyejszaka-ezeregy-ejszaka\/p\/#breadcrumb"},"inLanguage":"hu","potentialAction":[{"@type":"ReadAction","target":["https:\/\/business.roovi.com\/hu\/felnott-1000-darabos-puzzle-kurti-andrea-ezeregyejszaka-ezeregy-ejszaka\/p\/"]}]},{"@type":"BreadcrumbList","@id":"https:\/\/business.roovi.com\/hu\/felnott-1000-darabos-puzzle-kurti-andrea-ezeregyejszaka-ezeregy-ejszaka\/p\/#breadcrumb","itemListElement":[{"@type":"ListItem","position":1,"name":"Home","item":"https:\/\/business.roovi.com\/hu\/"},{"@type":"ListItem","position":2,"name":"Shop","item":"https:\/\/business.roovi.com\/hu\/shop\/"},{"@type":"ListItem","position":3,"name":"Feln\u0151tt 1000 darabos puzzle K\u00fcrti Andrea &#8211; Ezeregy\u00e9jszaka\/ Ezeregy \u00e9jszaka"}]},{"@type":"WebSite","@id":"https:\/\/business.roovi.com\/hu\/#website","url":"https:\/\/business.roovi.com\/hu\/","name":"Roovi B2B","description":"Roovi Business Website","potentialAction":[{"@type":"SearchAction","target":{"@type":"EntryPoint","urlTemplate":"https:\/\/business.roovi.com\/hu\/?s={search_term_string}"},"query-input":"required name=search_term_string"}],"inLanguage":"hu"}]}},"_links":{"self":[{"href":"https:\/\/business.roovi.com\/hu\/wp-json\/wp\/v2\/product\/41951","targetHints":{"allow":["GET"]}}],"collection":[{"href":"https:\/\/business.roovi.com\/hu\/wp-json\/wp\/v2\/product"}],"about":[{"href":"https:\/\/business.roovi.com\/hu\/wp-json\/wp\/v2\/types\/product"}],"version-history":[{"count":0,"href":"https:\/\/business.roovi.com\/hu\/wp-json\/wp\/v2\/product\/41951\/revisions"}],"wp:featuredmedia":[{"embeddable":true,"href":"https:\/\/business.roovi.com\/hu\/wp-json\/wp\/v2\/media\/35047"}],"wp:attachment":[{"href":"https:\/\/business.roovi.com\/hu\/wp-json\/wp\/v2\/media?parent=41951"}],"wp:term":[{"taxonomy":"product_brand","embeddable":true,"href":"https:\/\/business.roovi.com\/hu\/wp-json\/wp\/v2\/product_brand?post=41951"},{"taxonomy":"product_cat","embeddable":true,"href":"https:\/\/business.roovi.com\/hu\/wp-json\/wp\/v2\/product_cat?post=41951"},{"taxonomy":"product_tag","embeddable":true,"href":"https:\/\/business.roovi.com\/hu\/wp-json\/wp\/v2\/product_tag?post=41951"}],"curies":[{"name":"wp","href":"https:\/\/api.w.org\/{rel}","templated":true}]}}