{"id":41955,"date":"2018-04-16T10:56:17","date_gmt":"2018-04-16T10:56:17","guid":{"rendered":"https:\/\/business.roovi.com\/puzzle-adulti-1000-piese-kurti-andrea-sleeping-beautyfrumoasa-adormita\/p\/"},"modified":"2022-10-18T09:20:31","modified_gmt":"2022-10-18T09:20:31","slug":"felnott-1000-darabos-puzzle-kurti-andrea-csipkerozsika","status":"publish","type":"product","link":"https:\/\/business.roovi.com\/hu\/felnott-1000-darabos-puzzle-kurti-andrea-csipkerozsika\/p\/","title":{"rendered":"Feln\u0151tt 1000 darabos puzzle K\u00fcrti Andrea &#8211; Csipker\u00f3zsika"},"content":{"rendered":"<p><span style=\"font-weight: 400;\">Gyermekkorodban nem szeretted a hercegekr\u0151l \u00e9s hercegn\u0151kr\u0151l sz\u00f3l\u00f3 mes\u00e9ket, \u00e9s nem v\u00e1rtad l\u00e9legzetvisszafojtva a happy endet? \u00c9ld \u00e1t \u00fajra a gyermekkor var\u00e1zs\u00e1t Csipker\u00f3zsika 1000 darabos kirak\u00f3j\u00e1val: K\u00fcrti Andrea m\u0171v\u00e9szn\u0151 mes\u00e9s, sz\u00ednekkel \u00e9s pozit\u00edv energi\u00e1val teli illusztr\u00e1ci\u00f3ja.<\/span><\/p>\n<p><span style=\"font-weight: 400;\">Annyi k\u00e9pet \u00edrtak \u00e9s alkottak m\u00e1r a klasszikus Csipker\u00f3zsika-t\u00f6rt\u00e9net jeleneteir\u0151l, hogy az ember azt hinn\u00e9, semmi sem lephet meg. De a pillanat, amikor kinyitod ezt a csod\u00e1latos 1000 darabos puzzle-t, var\u00e1zslatos, \u00e9s K\u00fcrti Andrea m\u0171v\u00e9szn\u0151 eredeti elk\u00e9pzel\u00e9se gyermekkori nosztalgi\u00e1t \u00e9breszt.<\/span><\/p>\n<p><span style=\"font-weight: 400;\">A Csipker\u00f3zsika \u00e1ttetsz\u0151 jelenete kih\u00edv\u00e1st jelent a k\u00e9pzel\u0151er\u0151dnek \u00e9s a kitart\u00e1sodnak. Figyelj meg minden r\u00e9szletet, tal\u00e1ld meg a megfelel\u0151 darabokat, \u00e9s alkoss egy m\u0171v\u00e9szi festm\u00e9nyt \u00e9l\u00e9nk sz\u00ednekben. Vonja be a tizen\u00e9ves gyermekeit is a fantasy t\u00f6rt\u00e9netbe. \u00c9lvezni fogj\u00e1k az egy\u00fctt t\u00f6lt\u00f6tt csod\u00e1latos pillanatokat.<\/span><\/p>\n<p><strong>Mi\u00e9rt v\u00e1lassza az 1000 darabos Csipker\u00f3zsika puzzle-t?<\/strong><\/p>\n<ul>\n<li><span style=\"font-weight: 400;\">Egyed\u00fcl\u00e1ll\u00f3 lehet\u0151s\u00e9ged van egy 50 x 70 cm-es m\u0171alkot\u00e1s elk\u00e9sz\u00edt\u00e9s\u00e9re.<\/span><\/li>\n<li><span style=\"font-weight: 400;\">Ez egy 1000 darabos puzzle, amely kiv\u00e1l\u00f3 min\u0151s\u00e9g\u0171 k\u00e9k kartonb\u00f3l k\u00e9sz\u00fclt.<\/span><\/li>\n<li><span style=\"font-weight: 400;\">Fenntarthat\u00f3, \u00fajrahasznos\u00edthat\u00f3 anyagokb\u00f3l k\u00e9sz\u00fclt<\/span><\/li>\n<li><span style=\"font-weight: 400;\">Id\u0151t\u00e1ll\u00f3, \u00edgy olyan gyakran haszn\u00e1lhatja \u00fajra, amilyen gyakran csak akarja, \u00e9s a k\u00e9pmin\u0151s\u00e9g minden alkalommal kifog\u00e1stalan lesz, amikor haszn\u00e1lja.<\/span><\/li>\n<li><span style=\"font-weight: 400;\">F\u00e9lf\u00e9nyes fel\u00fclet\u0171, kellemes sz\u00ednekben.<\/span><\/li>\n<li><span style=\"font-weight: 400;\">14 \u00e9ven fel\u00fclieknek aj\u00e1nlott &#8211; j\u00f3 lehet\u0151s\u00e9g arra, hogy a tizen\u00e9ves gyerekekkel egy\u00fctt \u00e1ll\u00edts\u00e1tok \u00f6ssze.<\/span><\/li>\n<\/ul>\n<p><span style=\"font-weight: 400;\">R\u00e1ad\u00e1sul elk\u00e9peszt\u0151 el\u0151ny\u00f6ket \u00e9lvezhetsz ezzel a csod\u00e1latos 1000 darabos kirak\u00f3val:<\/span><\/p>\n<p><span style=\"font-weight: 400;\">Elszakadsz a mindennapi probl\u00e9m\u00e1kt\u00f3l, \u00e9s bel\u00e9psz egy fantasztikus mesevil\u00e1gba.<\/span><\/p>\n<p><span style=\"font-weight: 400;\">A kirak\u00f3s j\u00e1t\u00e9kok ir\u00e1nti szenved\u00e9lyedet \u00e1polod, \u00e9s csiszolod a k\u00e9pk\u00e9sz\u00edt\u00e9si k\u00e9pess\u00e9geidet.<\/span><\/p>\n<p><span style=\"font-weight: 400;\">Ez egy j\u00f3 lehet\u0151s\u00e9g arra, hogy meger\u0151s\u00edtse a kapcsolatot a tizen\u00e9ves gyermekeivel.<\/span><\/p>\n<p><span style=\"font-weight: 400;\">A vel\u00fck k\u00e9sz\u00edtett k\u00e9pet bekeretezheted, \u00e9s ki\u00e1ll\u00edthatod a szob\u00e1jukban, hogy meg\u0151rizd az egy\u00fctt t\u00f6lt\u00f6tt sz\u00e9p id\u0151k eml\u00e9k\u00e9t.<\/span><\/p>\n<p><span style=\"font-weight: 400;\">Gyermekeivel egy\u00fctt gyakorolhatja a t\u00fcrelmet \u00e9s a r\u00e9szletekre val\u00f3 odafigyel\u00e9st.<\/span><\/p>\n<p><strong>Tudtad, hogy&#8230;?<\/strong><\/p>\n<p><span style=\"font-weight: 400;\">A Csipker\u00f3zsika-t\u00f6rt\u00e9net legkor\u00e1bbi v\u00e1ltozata 1330-1344-b\u0151l sz\u00e1rmazik.<\/span><\/p>\n<p><span style=\"font-weight: 400;\">Walt Disney-nek hat \u00e9v\u00e9be \u00e9s 6 milli\u00f3 doll\u00e1rba ker\u00fclt, hogy elk\u00e9sz\u00edtse a h\u00edres anim\u00e1ci\u00f3s filmet <\/span><em><span style=\"font-weight: 400;\">Csipker\u00f3zsika<\/span><\/em><span style=\"font-weight: 400;\"> 1959-ben.<\/span><\/p>\n<p><span style=\"font-weight: 400;\">A legbuzg\u00f3bb feminist\u00e1k szerint ezt a t\u00f6rt\u00e9netet nem szabadna elmes\u00e9lni, mert r\u00e1vil\u00e1g\u00edt a n\u0151k passzivit\u00e1s\u00e1ra.<\/span><\/p>\n<p><span style=\"font-weight: 400;\"> A vit\u00e1k ellen\u00e9re a Csipker\u00f3zsika \u00e1lland\u00f3 ihletforr\u00e1s az \u00edr\u00f3k, fest\u0151k, filmesek, s\u0151t m\u00e9g a videoj\u00e1t\u00e9kok k\u00e9sz\u00edt\u0151i sz\u00e1m\u00e1ra is.<\/span><\/p>\n<p><strong>Csipker\u00f3zsika 1000 darabos kirak\u00f3ja mesebeli utakra visz el<\/strong><\/p>\n<p><span style=\"font-weight: 400;\">Amikor \u00f6sszerakod az 1000 darabos Csipker\u00f3zsika puzzle-t, bel\u00e9psz a klasszikus mes\u00e9k leny\u0171g\u00f6z\u0151 vil\u00e1g\u00e1nak kapuj\u00e1ba. A k\u00e9pzeleted nem ismer hat\u00e1rokat, olyan, mint amikor gyerek volt\u00e1l, \u00e9s mik\u00f6zben olvasod a sz\u00f6veget, elk\u00e9pzelted a t\u00f6rt\u00e9net filmj\u00e9t, \u00e9s maxim\u00e1lis intenzit\u00e1ssal \u00e9led \u00e1t a jeleneteket.<\/span><\/p>\n<p><span style=\"font-weight: 400;\">Ennek a kirak\u00f3s j\u00e1t\u00e9knak az a sz\u00e9ps\u00e9ge, hogy teljes kikapcsol\u00f3d\u00e1st \u00e9s elvonatkoztat\u00e1st ny\u00fajt. Tapasztald meg ezt a csod\u00e1latos tev\u00e9kenys\u00e9get, \u00e9s t\u00f6lt\u0151dj fel sok pozit\u00edv energi\u00e1val \u00e9s magas rezg\u00e9ssel.<\/span><\/p>\n<p><span style=\"font-weight: 400;\">Az 1000 darabos Csipker\u00f3zsika kirak\u00f3j\u00e1t\u00e9kot a h\u00e1zban tarthatod, \u00e9s b\u00e1rmikor \u00fajraj\u00e1tszhatod, amikor a monotonit\u00e1s eluralkodik a szabadid\u0151d\u00f6n. Kedves bar\u00e1taidnak is megveheted \u00fcnnepekre vagy sz\u00fclet\u00e9snapokra.<\/span><\/p>\n","protected":false},"excerpt":{"rendered":"<p>Gyermekkorodban nem szeretted a hercegekr\u0151l \u00e9s hercegn\u0151kr\u0151l sz\u00f3l\u00f3 mes\u00e9ket, \u00e9s nem v\u00e1rtad l\u00e9legzetvisszafojtva a happy endet? \u00c9ld \u00e1t \u00fajra a<\/p>\n","protected":false},"featured_media":35061,"template":"","meta":[],"product_brand":[],"product_cat":[1920,1919,1881],"product_tag":[],"class_list":{"0":"post-41955","1":"product","2":"type-product","3":"status-publish","4":"has-post-thumbnail","6":"product_cat-1000-darabos-kirakos-jatek","7":"product_cat-felnott-kirakos-jatekok","8":"product_cat-kirakos-jatekok","9":"pa_bax-10-hu","10":"pa_brand-d_toys-hu","11":"pa_country_of_manufacture-ro-hu","12":"pa_filter_age-14-hu","13":"pa_painter-kurtiandrea-hu","14":"pa_tip_ambalaj-doboz","15":"pa_tip_puzzle-klasszikus","17":"first","18":"instock","19":"taxable","20":"shipping-taxable","21":"product-type-simple"},"yoast_head":"<!-- This site is optimized with the Yoast SEO plugin v20.1 - https:\/\/yoast.com\/wordpress\/plugins\/seo\/ -->\n<title>Feln\u0151tt 1000 darabos puzzle K\u00fcrti Andrea - Csipker\u00f3zsika<\/title>\n<meta name=\"description\" content=\"Feln\u0151tt 1000 darabos puzzle K\u00fcrti Andrea - Csipker\u00f3zsika\" \/>\n<meta name=\"robots\" content=\"index, follow, max-snippet:-1, max-image-preview:large, max-video-preview:-1\" \/>\n<link rel=\"canonical\" href=\"https:\/\/business.roovi.com\/hu\/felnott-1000-darabos-puzzle-kurti-andrea-csipkerozsika\/p\/\" \/>\n<meta property=\"og:locale\" content=\"hu_HU\" \/>\n<meta property=\"og:type\" content=\"article\" \/>\n<meta property=\"og:title\" content=\"Feln\u0151tt 1000 darabos puzzle K\u00fcrti Andrea - Csipker\u00f3zsika\" \/>\n<meta property=\"og:description\" content=\"Feln\u0151tt 1000 darabos puzzle K\u00fcrti Andrea - Csipker\u00f3zsika\" \/>\n<meta property=\"og:url\" content=\"https:\/\/business.roovi.com\/hu\/felnott-1000-darabos-puzzle-kurti-andrea-csipkerozsika\/p\/\" \/>\n<meta property=\"og:site_name\" content=\"Roovi B2B\" \/>\n<meta property=\"article:publisher\" content=\"https:\/\/www.facebook.com\/wwwjucariero\" \/>\n<meta property=\"article:modified_time\" content=\"2022-10-18T09:20:31+00:00\" \/>\n<meta property=\"og:image\" content=\"https:\/\/business.roovi.com\/wp-content\/uploads\/2018\/04\/72870-4_ansamblu_dimensiuni_cutie_cm_vertical_1200x1200.png\" \/>\n\t<meta property=\"og:image:width\" content=\"1200\" \/>\n\t<meta property=\"og:image:height\" content=\"1200\" \/>\n\t<meta property=\"og:image:type\" content=\"image\/png\" \/>\n<meta name=\"twitter:label1\" content=\"Becs\u00fclt olvas\u00e1si id\u0151\" \/>\n\t<meta name=\"twitter:data1\" content=\"2 perc\" \/>\n<script type=\"application\/ld+json\" class=\"yoast-schema-graph\">{\"@context\":\"https:\/\/schema.org\",\"@graph\":[{\"@type\":\"WebPage\",\"@id\":\"https:\/\/business.roovi.com\/hu\/felnott-1000-darabos-puzzle-kurti-andrea-csipkerozsika\/p\/\",\"url\":\"https:\/\/business.roovi.com\/hu\/felnott-1000-darabos-puzzle-kurti-andrea-csipkerozsika\/p\/\",\"name\":\"Feln\u0151tt 1000 darabos puzzle K\u00fcrti Andrea - Csipker\u00f3zsika\",\"isPartOf\":{\"@id\":\"https:\/\/business.roovi.com\/hu\/#website\"},\"datePublished\":\"2018-04-16T10:56:17+00:00\",\"dateModified\":\"2022-10-18T09:20:31+00:00\",\"description\":\"Feln\u0151tt 1000 darabos puzzle K\u00fcrti Andrea - Csipker\u00f3zsika\",\"breadcrumb\":{\"@id\":\"https:\/\/business.roovi.com\/hu\/felnott-1000-darabos-puzzle-kurti-andrea-csipkerozsika\/p\/#breadcrumb\"},\"inLanguage\":\"hu\",\"potentialAction\":[{\"@type\":\"ReadAction\",\"target\":[\"https:\/\/business.roovi.com\/hu\/felnott-1000-darabos-puzzle-kurti-andrea-csipkerozsika\/p\/\"]}]},{\"@type\":\"BreadcrumbList\",\"@id\":\"https:\/\/business.roovi.com\/hu\/felnott-1000-darabos-puzzle-kurti-andrea-csipkerozsika\/p\/#breadcrumb\",\"itemListElement\":[{\"@type\":\"ListItem\",\"position\":1,\"name\":\"Home\",\"item\":\"https:\/\/business.roovi.com\/hu\/\"},{\"@type\":\"ListItem\",\"position\":2,\"name\":\"Shop\",\"item\":\"https:\/\/business.roovi.com\/hu\/shop\/\"},{\"@type\":\"ListItem\",\"position\":3,\"name\":\"Feln\u0151tt 1000 darabos puzzle K\u00fcrti Andrea &#8211; Csipker\u00f3zsika\"}]},{\"@type\":\"WebSite\",\"@id\":\"https:\/\/business.roovi.com\/hu\/#website\",\"url\":\"https:\/\/business.roovi.com\/hu\/\",\"name\":\"Roovi B2B\",\"description\":\"Roovi Business Website\",\"potentialAction\":[{\"@type\":\"SearchAction\",\"target\":{\"@type\":\"EntryPoint\",\"urlTemplate\":\"https:\/\/business.roovi.com\/hu\/?s={search_term_string}\"},\"query-input\":\"required name=search_term_string\"}],\"inLanguage\":\"hu\"}]}<\/script>\n<!-- \/ Yoast SEO plugin. -->","yoast_head_json":{"title":"Feln\u0151tt 1000 darabos puzzle K\u00fcrti Andrea - Csipker\u00f3zsika","description":"Feln\u0151tt 1000 darabos puzzle K\u00fcrti Andrea - Csipker\u00f3zsika","robots":{"index":"index","follow":"follow","max-snippet":"max-snippet:-1","max-image-preview":"max-image-preview:large","max-video-preview":"max-video-preview:-1"},"canonical":"https:\/\/business.roovi.com\/hu\/felnott-1000-darabos-puzzle-kurti-andrea-csipkerozsika\/p\/","og_locale":"hu_HU","og_type":"article","og_title":"Feln\u0151tt 1000 darabos puzzle K\u00fcrti Andrea - Csipker\u00f3zsika","og_description":"Feln\u0151tt 1000 darabos puzzle K\u00fcrti Andrea - Csipker\u00f3zsika","og_url":"https:\/\/business.roovi.com\/hu\/felnott-1000-darabos-puzzle-kurti-andrea-csipkerozsika\/p\/","og_site_name":"Roovi B2B","article_publisher":"https:\/\/www.facebook.com\/wwwjucariero","article_modified_time":"2022-10-18T09:20:31+00:00","og_image":[{"width":1200,"height":1200,"url":"https:\/\/business.roovi.com\/wp-content\/uploads\/2018\/04\/72870-4_ansamblu_dimensiuni_cutie_cm_vertical_1200x1200.png","type":"image\/png"}],"twitter_misc":{"Becs\u00fclt olvas\u00e1si id\u0151":"2 perc"},"schema":{"@context":"https:\/\/schema.org","@graph":[{"@type":"WebPage","@id":"https:\/\/business.roovi.com\/hu\/felnott-1000-darabos-puzzle-kurti-andrea-csipkerozsika\/p\/","url":"https:\/\/business.roovi.com\/hu\/felnott-1000-darabos-puzzle-kurti-andrea-csipkerozsika\/p\/","name":"Feln\u0151tt 1000 darabos puzzle K\u00fcrti Andrea - Csipker\u00f3zsika","isPartOf":{"@id":"https:\/\/business.roovi.com\/hu\/#website"},"datePublished":"2018-04-16T10:56:17+00:00","dateModified":"2022-10-18T09:20:31+00:00","description":"Feln\u0151tt 1000 darabos puzzle K\u00fcrti Andrea - Csipker\u00f3zsika","breadcrumb":{"@id":"https:\/\/business.roovi.com\/hu\/felnott-1000-darabos-puzzle-kurti-andrea-csipkerozsika\/p\/#breadcrumb"},"inLanguage":"hu","potentialAction":[{"@type":"ReadAction","target":["https:\/\/business.roovi.com\/hu\/felnott-1000-darabos-puzzle-kurti-andrea-csipkerozsika\/p\/"]}]},{"@type":"BreadcrumbList","@id":"https:\/\/business.roovi.com\/hu\/felnott-1000-darabos-puzzle-kurti-andrea-csipkerozsika\/p\/#breadcrumb","itemListElement":[{"@type":"ListItem","position":1,"name":"Home","item":"https:\/\/business.roovi.com\/hu\/"},{"@type":"ListItem","position":2,"name":"Shop","item":"https:\/\/business.roovi.com\/hu\/shop\/"},{"@type":"ListItem","position":3,"name":"Feln\u0151tt 1000 darabos puzzle K\u00fcrti Andrea &#8211; Csipker\u00f3zsika"}]},{"@type":"WebSite","@id":"https:\/\/business.roovi.com\/hu\/#website","url":"https:\/\/business.roovi.com\/hu\/","name":"Roovi B2B","description":"Roovi Business Website","potentialAction":[{"@type":"SearchAction","target":{"@type":"EntryPoint","urlTemplate":"https:\/\/business.roovi.com\/hu\/?s={search_term_string}"},"query-input":"required name=search_term_string"}],"inLanguage":"hu"}]}},"_links":{"self":[{"href":"https:\/\/business.roovi.com\/hu\/wp-json\/wp\/v2\/product\/41955","targetHints":{"allow":["GET"]}}],"collection":[{"href":"https:\/\/business.roovi.com\/hu\/wp-json\/wp\/v2\/product"}],"about":[{"href":"https:\/\/business.roovi.com\/hu\/wp-json\/wp\/v2\/types\/product"}],"version-history":[{"count":0,"href":"https:\/\/business.roovi.com\/hu\/wp-json\/wp\/v2\/product\/41955\/revisions"}],"wp:featuredmedia":[{"embeddable":true,"href":"https:\/\/business.roovi.com\/hu\/wp-json\/wp\/v2\/media\/35061"}],"wp:attachment":[{"href":"https:\/\/business.roovi.com\/hu\/wp-json\/wp\/v2\/media?parent=41955"}],"wp:term":[{"taxonomy":"product_brand","embeddable":true,"href":"https:\/\/business.roovi.com\/hu\/wp-json\/wp\/v2\/product_brand?post=41955"},{"taxonomy":"product_cat","embeddable":true,"href":"https:\/\/business.roovi.com\/hu\/wp-json\/wp\/v2\/product_cat?post=41955"},{"taxonomy":"product_tag","embeddable":true,"href":"https:\/\/business.roovi.com\/hu\/wp-json\/wp\/v2\/product_tag?post=41955"}],"curies":[{"name":"wp","href":"https:\/\/api.w.org\/{rel}","templated":true}]}}