{"id":41959,"date":"2018-04-16T10:56:17","date_gmt":"2018-04-16T10:56:17","guid":{"rendered":"https:\/\/business.roovi.com\/puzzle-adulti-1000-piese-kurti-andrea-tropical-pasari-exotice\/p\/"},"modified":"2022-07-06T18:24:34","modified_gmt":"2022-07-06T18:24:34","slug":"kurti-andrea-1000-darabos-felnott-puzzle-tropusi-egzotikus-madarak","status":"publish","type":"product","link":"https:\/\/business.roovi.com\/hu\/kurti-andrea-1000-darabos-felnott-puzzle-tropusi-egzotikus-madarak\/p\/","title":{"rendered":"K\u00fcrti Andrea 1000 darabos feln\u0151tt puzzle &#8211; Tr\u00f3pusi &#8211; Egzotikus madarak"},"content":{"rendered":"<p><span style=\"font-weight: 400\">Szeretn\u00e9l \u00e9rt\u00e9ket adni a szabadid\u0151dnek az 1000 darabos kirak\u00f3s j\u00e1t\u00e9kokkal? Mit sz\u00f3ln\u00e1l a tr\u00f3pusi k\u00e9pkirak\u00f3s j\u00e1t\u00e9kok elragad\u00f3, sz\u00ednes \u00e9s vibr\u00e1l\u00f3 gy\u0171jtem\u00e9ny\u00e9hez?<\/span><\/p>\n<p><span style=\"font-weight: 400\">K\u00fcrti Andrea 1000 darabos puzzle &#8211; Tr\u00f3pusi &#8211; Egzotikus madarak c\u00edm\u0171 kirak\u00f3s j\u00e1t\u00e9k a tr\u00f3pusi puzzle gy\u0171jtem\u00e9ny egyik darabja. K\u00fcrti Andrea m\u0171v\u00e9szn\u0151 egy \u00e9l\u00e9nk sz\u00edn\u0171 k\u00e9pet k\u00edn\u00e1l, amelyen egy tr\u00f3pusi univerzumot k\u00e9pzelt el egzotikus madarakkal.<\/span><\/p>\n<p><span style=\"font-weight: 400\">K\u00e9t sz\u00ednes papag\u00e1j \u00fcl egym\u00e1s mellett egy \u00e1gon. Alul h\u00e1rom tuk\u00e1n l\u00e1tszik egy sz\u00e9ken \u00fclni. Mindezek a csod\u00e1latos madarak leny\u0171g\u00f6z\u0151 k\u00f6rnyezetben, sz\u00ednes n\u00f6v\u00e9nyzettel k\u00f6r\u00fclv\u00e9ve tal\u00e1lhat\u00f3k. Optimizmust \u00e9s pozit\u00edv hangulatot sug\u00e1roz ez az egyedi illusztr\u00e1ci\u00f3.<\/span><\/p>\n<p><span style=\"font-weight: 400\">A sz\u00ednek gazdags\u00e1ga tal\u00e1n egy kicsit elriasztja \u00d6nt, de t\u00fcrelemmel \u00e9s kitart\u00e1ssal k\u00e9pes lesz \u00fajraalkotni az eg\u00e9sz k\u00e9pet. Megk\u00e9rheti gyermekeit vagy k\u00f6zeli bar\u00e1tait, hogy seg\u00edtsenek, \u00e9s a leny\u0171g\u00f6z\u0151 k\u00e9p mellett egy eml\u00e9kezetes, kollekt\u00edv sz\u00f3rakoz\u00e1sban is r\u00e9sze lesz.<\/span><\/p>\n<p><strong>Mi\u00e9rt v\u00e1lassza a K\u00fcrti Andrea &#8211; Tr\u00f3pusi &#8211; Egzotikus madarak 1000 darabos puzzle-t?<\/strong><\/p>\n<p><span style=\"font-weight: 400\">1000 darabb\u00f3l egy leny\u0171g\u00f6z\u0151, 50 x 70 cm-es k\u00e9pet kapsz.<\/span><\/p>\n<p><span style=\"font-weight: 400\">Ez a puzzle min\u0151s\u00e9gi, pr\u00e9mium k\u00e9k kartonb\u00f3l k\u00e9sz\u00fclt, \u00edgy t\u00f6k\u00e9letes aj\u00e1nd\u00e9k az 1000 darabos puzzle szerelmeseinek.<\/span><\/p>\n<p><span style=\"font-weight: 400\">Term\u00e9szetbar\u00e1t \u00e9s hossz\u00fa \u00e9lettartam\u00fa, fenntarthat\u00f3, \u00fajrahasznos\u00edthat\u00f3 \u00e9s tart\u00f3s anyagokb\u00f3l k\u00e9sz\u00fclt.<\/span><\/p>\n<p><span style=\"font-weight: 400\">F\u00e9lf\u00e9nyes fel\u00fclet\u0171, \u00e9s \u00e9l\u00e9nk, nagyon kellemes sz\u00ednekkel rendelkezik.<\/span><\/p>\n<p><span style=\"font-weight: 400\">A j\u00e1t\u00e9k 14 \u00e9ves kor felettiek sz\u00e1m\u00e1ra alkalmas, \u00edgy haszn\u00e1ld ki a lehet\u0151s\u00e9get, \u00e9s vezesd be \u0151ket a puzzle-j\u00e1t\u00e9kok vil\u00e1g\u00e1ba tizen\u00e9ves gyermekeidet.<\/span><\/p>\n<p><span style=\"font-weight: 400\">K\u00fcrti Andrea 1000 darabos puzzle &#8211; Tr\u00f3pusi &#8211; Egzotikus madarak elk\u00e9peszt\u0151 el\u0151ny\u00f6ket k\u00edn\u00e1l \u00d6nnek:<\/span><\/p>\n<ul>\n<li><span style=\"font-weight: 400\">Seg\u00edt ellazulni \u00e9s elmenek\u00fclni a mindennapok el\u0151l.<\/span><\/li>\n<li><span style=\"font-weight: 400\">T\u00f6k\u00e9letes alkalom a bar\u00e1tokkal val\u00f3 ismerked\u00e9sre vagy a csal\u00e1ddal val\u00f3 szorosabb kapcsolat\u00e9p\u00edt\u00e9sre.<\/span><\/li>\n<li><span style=\"font-weight: 400\">Fejleszti a k\u00e9pzel\u0151er\u0151t, \u00e9s egzotikus c\u00e9lpontokba rep\u00edti az embert.<\/span><\/li>\n<li><span style=\"font-weight: 400\">\u00dagy \u00e9rzi mag\u00e1t, mint egy igazi nyomoz\u00f3, aki egy egzotikus vil\u00e1gban keresi egy k\u00fcl\u00f6nleges eset megold\u00e1s\u00e1t.<\/span><\/li>\n<li><span style=\"font-weight: 400\">Seg\u00edt jav\u00edtani a koncentr\u00e1ci\u00f3t.<\/span><\/li>\n<\/ul>\n<p><strong>Tudtad, hogy&#8230;?<\/strong><\/p>\n<p><span style=\"font-weight: 400\">A papag\u00e1jok monog\u00e1m madarak.<\/span><\/p>\n<p><span style=\"font-weight: 400\">A papag\u00e1jok nemcsak magvakkal \u00e9s n\u00f6v\u00e9nyekkel, hanem h\u00fassal is t\u00e1pl\u00e1lkoznak, teh\u00e1t mindenev\u0151k.<\/span><\/p>\n<p><span style=\"font-weight: 400\">Egyes papag\u00e1jfajok ak\u00e1r 80 \u00e9vig is \u00e9lnek.<\/span><\/p>\n<p><span style=\"font-weight: 400\">A tuk\u00e1nok ritk\u00e1n isznak vizet, egyes fajok pedig egy\u00e1ltal\u00e1n nem isznak.<\/span><\/p>\n<p><span style=\"font-weight: 400\">A tuk\u00e1noknak hossz\u00fa, ak\u00e1r 14 cm-es nyelv\u00fck \u00e9s \u00e9les l\u00e1t\u00e1suk van.<\/span><\/p>\n<p><span style=\"font-weight: 400\">A papag\u00e1jokkal ellent\u00e9tben, amelyek hosszabb \u00e9let\u0171ek, a tuk\u00e1nok ritk\u00e1n \u00e9lnek 20 \u00e9vn\u00e9l tov\u00e1bb.<\/span><\/p>\n<p><strong>K\u00fcrti Andrea 1000 darabos puzzle Egzotikus madarak a csal\u00e1di kikapcsol\u00f3d\u00e1shoz<\/strong><\/p>\n<p><span style=\"font-weight: 400\">Ha szeretn\u00e9 feldobni a t\u00e9li napokat, amikor a nap gyorsan lemegy, \u00e9s sok id\u0151t t\u00f6lt bent, egy 1000 darabos puzzle sz\u00f3rakoztat\u00f3 \u00e9s pihentet\u0151 megold\u00e1s, amelyet \u00e9rdemes megfontolni.<\/span><\/p>\n<p><span style=\"font-weight: 400\">Ez t\u00f6k\u00e9letes alkalom lehet a csal\u00e1di kapcsolatok \u00f6sszeforraszt\u00e1s\u00e1ra vagy a szeretteinkkel val\u00f3 jobb kommunik\u00e1ci\u00f3ra. A pihen\u00e9s pillanatai mindig hasznosak, \u00e9s seg\u00edtenek a szeretteinkkel val\u00f3 kapcsolatteremt\u00e9sben <\/span><\/p>\n<p><span style=\"font-weight: 400\">Gyakorolja a k\u00f6z\u00f6s munk\u00e1t: ossza meg a darabokat, k\u00e9sz\u00edtse el \u00fajra a k\u00e9p egyes r\u00e9szeit sz\u00ednesben, vagy keresse meg egy\u00fctt a k\u00e9pkeretet alkot\u00f3 darabokat. \u00c9lvezze az utols\u00f3 darab ragaszt\u00e1s\u00e1nak izgalm\u00e1t a v\u00e9g\u00e9n, \u00e9s folytassa a tev\u00e9kenys\u00e9get, amikor csak \u00fagy \u00e9rzi, hogy kreat\u00edv tev\u00e9kenys\u00e9gre van sz\u00fcks\u00e9ge. Vagy tegye a k\u00e9pet a keretbe, \u00e9s tartsa \u00e9letben a felejthetetlen csal\u00e1di pillanatok eml\u00e9k\u00e9t.<\/span><\/p>\n<p><span style=\"font-weight: 400\">K\u00fcrti Andrea 1000 darabos puzzle &#8211; Egzotikus madarak nagyszer\u0171 aj\u00e1nd\u00e9k lehet k\u00fcl\u00f6nb\u00f6z\u0151 sz\u00fclet\u00e9snapi vagy \u00fcnnepi alkalmakra a puzzle-kedvel\u0151 bar\u00e1toknak.<\/span><\/p><\/p>\n","protected":false},"excerpt":{"rendered":"<p>Szeretn\u00e9l \u00e9rt\u00e9ket adni a szabadid\u0151dnek az 1000 darabos kirak\u00f3s j\u00e1t\u00e9kokkal? Mit sz\u00f3ln\u00e1l a tr\u00f3pusi k\u00e9pkirak\u00f3s j\u00e1t\u00e9kok elragad\u00f3, sz\u00ednes \u00e9s vibr\u00e1l\u00f3<\/p>\n","protected":false},"featured_media":35075,"template":"","meta":[],"product_brand":[],"product_cat":[1920,1919,1881],"product_tag":[],"class_list":{"0":"post-41959","1":"product","2":"type-product","3":"status-publish","4":"has-post-thumbnail","6":"product_cat-1000-darabos-kirakos-jatek","7":"product_cat-felnott-kirakos-jatekok","8":"product_cat-kirakos-jatekok","9":"pa_bax-10-hu","10":"pa_brand-d_toys-hu","11":"pa_country_of_manufacture-ro-hu","12":"pa_filter_age-14-hu","13":"pa_painter-kurtiandrea-hu","14":"pa_tip_ambalaj-doboz","15":"pa_tip_puzzle-klasszikus","17":"first","18":"instock","19":"taxable","20":"shipping-taxable","21":"product-type-simple"},"yoast_head":"<!-- This site is optimized with the Yoast SEO plugin v20.1 - https:\/\/yoast.com\/wordpress\/plugins\/seo\/ -->\n<title>K\u00fcrti Andrea 1000 darabos feln\u0151tt puzzle - Tr\u00f3pusi - Egzotikus madarak<\/title>\n<meta name=\"description\" content=\"K\u00fcrti Andrea 1000 darabos feln\u0151tt puzzle - Tr\u00f3pusi - Egzotikus madarak\" \/>\n<meta name=\"robots\" content=\"index, follow, max-snippet:-1, max-image-preview:large, max-video-preview:-1\" \/>\n<link rel=\"canonical\" href=\"https:\/\/business.roovi.com\/hu\/kurti-andrea-1000-darabos-felnott-puzzle-tropusi-egzotikus-madarak\/p\/\" \/>\n<meta property=\"og:locale\" content=\"hu_HU\" \/>\n<meta property=\"og:type\" content=\"article\" \/>\n<meta property=\"og:title\" content=\"K\u00fcrti Andrea 1000 darabos feln\u0151tt puzzle - Tr\u00f3pusi - Egzotikus madarak\" \/>\n<meta property=\"og:description\" content=\"K\u00fcrti Andrea 1000 darabos feln\u0151tt puzzle - Tr\u00f3pusi - Egzotikus madarak\" \/>\n<meta property=\"og:url\" content=\"https:\/\/business.roovi.com\/hu\/kurti-andrea-1000-darabos-felnott-puzzle-tropusi-egzotikus-madarak\/p\/\" \/>\n<meta property=\"og:site_name\" content=\"Roovi B2B\" \/>\n<meta property=\"article:publisher\" content=\"https:\/\/www.facebook.com\/wwwjucariero\" \/>\n<meta property=\"article:modified_time\" content=\"2022-07-06T18:24:34+00:00\" \/>\n<meta property=\"og:image\" content=\"https:\/\/business.roovi.com\/wp-content\/uploads\/2018\/04\/72887-01_ansamblu_dimensiuni_cutie_1200x1200.png\" \/>\n\t<meta property=\"og:image:width\" content=\"1200\" \/>\n\t<meta property=\"og:image:height\" content=\"1200\" \/>\n\t<meta property=\"og:image:type\" content=\"image\/png\" \/>\n<meta name=\"twitter:label1\" content=\"Becs\u00fclt olvas\u00e1si id\u0151\" \/>\n\t<meta name=\"twitter:data1\" content=\"3 perc\" \/>\n<script type=\"application\/ld+json\" class=\"yoast-schema-graph\">{\"@context\":\"https:\/\/schema.org\",\"@graph\":[{\"@type\":\"WebPage\",\"@id\":\"https:\/\/business.roovi.com\/hu\/kurti-andrea-1000-darabos-felnott-puzzle-tropusi-egzotikus-madarak\/p\/\",\"url\":\"https:\/\/business.roovi.com\/hu\/kurti-andrea-1000-darabos-felnott-puzzle-tropusi-egzotikus-madarak\/p\/\",\"name\":\"K\u00fcrti Andrea 1000 darabos feln\u0151tt puzzle - Tr\u00f3pusi - Egzotikus madarak\",\"isPartOf\":{\"@id\":\"https:\/\/business.roovi.com\/hu\/#website\"},\"datePublished\":\"2018-04-16T10:56:17+00:00\",\"dateModified\":\"2022-07-06T18:24:34+00:00\",\"description\":\"K\u00fcrti Andrea 1000 darabos feln\u0151tt puzzle - Tr\u00f3pusi - Egzotikus madarak\",\"breadcrumb\":{\"@id\":\"https:\/\/business.roovi.com\/hu\/kurti-andrea-1000-darabos-felnott-puzzle-tropusi-egzotikus-madarak\/p\/#breadcrumb\"},\"inLanguage\":\"hu\",\"potentialAction\":[{\"@type\":\"ReadAction\",\"target\":[\"https:\/\/business.roovi.com\/hu\/kurti-andrea-1000-darabos-felnott-puzzle-tropusi-egzotikus-madarak\/p\/\"]}]},{\"@type\":\"BreadcrumbList\",\"@id\":\"https:\/\/business.roovi.com\/hu\/kurti-andrea-1000-darabos-felnott-puzzle-tropusi-egzotikus-madarak\/p\/#breadcrumb\",\"itemListElement\":[{\"@type\":\"ListItem\",\"position\":1,\"name\":\"Home\",\"item\":\"https:\/\/business.roovi.com\/hu\/\"},{\"@type\":\"ListItem\",\"position\":2,\"name\":\"Shop\",\"item\":\"https:\/\/business.roovi.com\/hu\/shop\/\"},{\"@type\":\"ListItem\",\"position\":3,\"name\":\"K\u00fcrti Andrea 1000 darabos feln\u0151tt puzzle &#8211; Tr\u00f3pusi &#8211; Egzotikus madarak\"}]},{\"@type\":\"WebSite\",\"@id\":\"https:\/\/business.roovi.com\/hu\/#website\",\"url\":\"https:\/\/business.roovi.com\/hu\/\",\"name\":\"Roovi B2B\",\"description\":\"Roovi Business Website\",\"potentialAction\":[{\"@type\":\"SearchAction\",\"target\":{\"@type\":\"EntryPoint\",\"urlTemplate\":\"https:\/\/business.roovi.com\/hu\/?s={search_term_string}\"},\"query-input\":\"required name=search_term_string\"}],\"inLanguage\":\"hu\"}]}<\/script>\n<!-- \/ Yoast SEO plugin. -->","yoast_head_json":{"title":"K\u00fcrti Andrea 1000 darabos feln\u0151tt puzzle - Tr\u00f3pusi - Egzotikus madarak","description":"K\u00fcrti Andrea 1000 darabos feln\u0151tt puzzle - Tr\u00f3pusi - Egzotikus madarak","robots":{"index":"index","follow":"follow","max-snippet":"max-snippet:-1","max-image-preview":"max-image-preview:large","max-video-preview":"max-video-preview:-1"},"canonical":"https:\/\/business.roovi.com\/hu\/kurti-andrea-1000-darabos-felnott-puzzle-tropusi-egzotikus-madarak\/p\/","og_locale":"hu_HU","og_type":"article","og_title":"K\u00fcrti Andrea 1000 darabos feln\u0151tt puzzle - Tr\u00f3pusi - Egzotikus madarak","og_description":"K\u00fcrti Andrea 1000 darabos feln\u0151tt puzzle - Tr\u00f3pusi - Egzotikus madarak","og_url":"https:\/\/business.roovi.com\/hu\/kurti-andrea-1000-darabos-felnott-puzzle-tropusi-egzotikus-madarak\/p\/","og_site_name":"Roovi B2B","article_publisher":"https:\/\/www.facebook.com\/wwwjucariero","article_modified_time":"2022-07-06T18:24:34+00:00","og_image":[{"width":1200,"height":1200,"url":"https:\/\/business.roovi.com\/wp-content\/uploads\/2018\/04\/72887-01_ansamblu_dimensiuni_cutie_1200x1200.png","type":"image\/png"}],"twitter_misc":{"Becs\u00fclt olvas\u00e1si id\u0151":"3 perc"},"schema":{"@context":"https:\/\/schema.org","@graph":[{"@type":"WebPage","@id":"https:\/\/business.roovi.com\/hu\/kurti-andrea-1000-darabos-felnott-puzzle-tropusi-egzotikus-madarak\/p\/","url":"https:\/\/business.roovi.com\/hu\/kurti-andrea-1000-darabos-felnott-puzzle-tropusi-egzotikus-madarak\/p\/","name":"K\u00fcrti Andrea 1000 darabos feln\u0151tt puzzle - Tr\u00f3pusi - Egzotikus madarak","isPartOf":{"@id":"https:\/\/business.roovi.com\/hu\/#website"},"datePublished":"2018-04-16T10:56:17+00:00","dateModified":"2022-07-06T18:24:34+00:00","description":"K\u00fcrti Andrea 1000 darabos feln\u0151tt puzzle - Tr\u00f3pusi - Egzotikus madarak","breadcrumb":{"@id":"https:\/\/business.roovi.com\/hu\/kurti-andrea-1000-darabos-felnott-puzzle-tropusi-egzotikus-madarak\/p\/#breadcrumb"},"inLanguage":"hu","potentialAction":[{"@type":"ReadAction","target":["https:\/\/business.roovi.com\/hu\/kurti-andrea-1000-darabos-felnott-puzzle-tropusi-egzotikus-madarak\/p\/"]}]},{"@type":"BreadcrumbList","@id":"https:\/\/business.roovi.com\/hu\/kurti-andrea-1000-darabos-felnott-puzzle-tropusi-egzotikus-madarak\/p\/#breadcrumb","itemListElement":[{"@type":"ListItem","position":1,"name":"Home","item":"https:\/\/business.roovi.com\/hu\/"},{"@type":"ListItem","position":2,"name":"Shop","item":"https:\/\/business.roovi.com\/hu\/shop\/"},{"@type":"ListItem","position":3,"name":"K\u00fcrti Andrea 1000 darabos feln\u0151tt puzzle &#8211; Tr\u00f3pusi &#8211; Egzotikus madarak"}]},{"@type":"WebSite","@id":"https:\/\/business.roovi.com\/hu\/#website","url":"https:\/\/business.roovi.com\/hu\/","name":"Roovi B2B","description":"Roovi Business Website","potentialAction":[{"@type":"SearchAction","target":{"@type":"EntryPoint","urlTemplate":"https:\/\/business.roovi.com\/hu\/?s={search_term_string}"},"query-input":"required name=search_term_string"}],"inLanguage":"hu"}]}},"_links":{"self":[{"href":"https:\/\/business.roovi.com\/hu\/wp-json\/wp\/v2\/product\/41959","targetHints":{"allow":["GET"]}}],"collection":[{"href":"https:\/\/business.roovi.com\/hu\/wp-json\/wp\/v2\/product"}],"about":[{"href":"https:\/\/business.roovi.com\/hu\/wp-json\/wp\/v2\/types\/product"}],"version-history":[{"count":0,"href":"https:\/\/business.roovi.com\/hu\/wp-json\/wp\/v2\/product\/41959\/revisions"}],"wp:featuredmedia":[{"embeddable":true,"href":"https:\/\/business.roovi.com\/hu\/wp-json\/wp\/v2\/media\/35075"}],"wp:attachment":[{"href":"https:\/\/business.roovi.com\/hu\/wp-json\/wp\/v2\/media?parent=41959"}],"wp:term":[{"taxonomy":"product_brand","embeddable":true,"href":"https:\/\/business.roovi.com\/hu\/wp-json\/wp\/v2\/product_brand?post=41959"},{"taxonomy":"product_cat","embeddable":true,"href":"https:\/\/business.roovi.com\/hu\/wp-json\/wp\/v2\/product_cat?post=41959"},{"taxonomy":"product_tag","embeddable":true,"href":"https:\/\/business.roovi.com\/hu\/wp-json\/wp\/v2\/product_tag?post=41959"}],"curies":[{"name":"wp","href":"https:\/\/api.w.org\/{rel}","templated":true}]}}