{"id":41963,"date":"2018-04-16T10:56:17","date_gmt":"2018-04-16T10:56:17","guid":{"rendered":"https:\/\/business.roovi.com\/puzzle-adulti-1000-piese-kurti-andrea-tropical-flamingo\/p\/"},"modified":"2022-07-06T18:24:43","modified_gmt":"2022-07-06T18:24:43","slug":"kurti-andrea-1000-darabos-felnott-puzzle-tropusi-flamingo","status":"publish","type":"product","link":"https:\/\/business.roovi.com\/hu\/kurti-andrea-1000-darabos-felnott-puzzle-tropusi-flamingo\/p\/","title":{"rendered":"K\u00fcrti Andrea 1000 darabos feln\u0151tt puzzle &#8211; Tr\u00f3pusi &#8211; Flaming\u00f3"},"content":{"rendered":"<p><span style=\"font-weight: 400\">Szereted a kirak\u00f3s j\u00e1t\u00e9kokat, \u00e9s szeretn\u00e9l olyan egyedi k\u00e9peket l\u00e9trehozni, amelyek kih\u00edv\u00e1st jelentenek az \u00fcgyess\u00e9gednek \u00e9s a r\u00e9szletekre val\u00f3 odafigyel\u00e9sednek? Az 1000 darabos kirak\u00f3 a szokatlan m\u00f3don \u00e1br\u00e1zolt flaming\u00f3 madarakkal gy\u00f6ny\u00f6rk\u00f6dteti az \u00e9rz\u00e9keket, \u00e9s ak\u00e1r 30 \u00f3r\u00e1nyi pihentet\u0151 sz\u00f3rakoz\u00e1st ny\u00fajt.<\/span><\/p>\n<p><span style=\"font-weight: 400\">Az 1000 darabos puzzle &#8211; Flaming\u00f3 a K\u00fcrti Andrea m\u0171v\u00e9szn\u0151 tr\u00f3pusi puzzle kollekci\u00f3j\u00e1nak r\u00e9sze. A tervez\u0151 egy flaming\u00f3kb\u00f3l \u00e1ll\u00f3 kol\u00f3ni\u00e1t k\u00e9pzelt el, amelyet r\u00f3zsasz\u00edn\u0171re sz\u00ednezett, \u00e9s egzotikus, anim\u00e1lt k\u00f6rnyezetben helyezett el <\/span><\/p>\n<p><span style=\"font-weight: 400\">Ebben a leny\u0171g\u00f6z\u0151 feln\u0151tt puzzle-ben minden egyes flaming\u00f3 mad\u00e1r egyedi. A hasonl\u00f3 \u00e1rnyalatok val\u00f3sz\u00edn\u0171leg elriasztj\u00e1k \u00d6nt. De ha el\u00e9g gyakorlata van a kirak\u00f3s j\u00e1t\u00e9kokban, akkor k\u00fcl\u00f6n\u00f6sebb neh\u00e9zs\u00e9g n\u00e9lk\u00fcl \u00f6ssze tudja rakni a k\u00e9pet.<\/span><\/p>\n<p><span style=\"font-weight: 400\">Egy hagyom\u00e1nyos doh\u00e1nyz\u00f3asztalt is haszn\u00e1lhatsz a darabok al\u00e1t\u00e1maszt\u00e1s\u00e1ra, \u00e9s az 1000 darabos flaming\u00f3 puzzle k\u00e9p\u00e9nek \u00f6ssze\u00e1ll\u00edt\u00e1s\u00e1hoz. A rekonstru\u00e1lt k\u00e9p m\u00e9rete 50 x 70 cm.<\/span><\/p>\n<p><strong>Mi\u00e9rt v\u00e1lassza a K\u00fcrti Andrea &#8211; Tr\u00f3pusi &#8211; Flaming\u00f3 1000 darabos puzzle-t? <\/strong><\/p>\n<p><span style=\"font-weight: 400\">Egy leny\u0171g\u00f6z\u0151, 1000 darabos puzzle-k\u00e9pet kapsz, amely megsz\u00e9p\u00edti otthonodat.<\/span><\/p>\n<p><span style=\"font-weight: 400\">Ez a kiv\u00e1l\u00f3 min\u0151s\u00e9g\u0171 k\u00e9k kartonb\u00f3l k\u00e9sz\u00fclt puzzle-k\u00e9szlet remek aj\u00e1nd\u00e9k lehet a puzzle-rajong\u00f3 bar\u00e1toknak.<\/span><\/p>\n<p><span style=\"font-weight: 400\">Term\u00e9szetbar\u00e1t, mivel \u00fajrahasznos\u00edthat\u00f3, fenntarthat\u00f3 anyagokb\u00f3l k\u00e9sz\u00fclt.<\/span><\/p>\n<p><span style=\"font-weight: 400\">Meg\u00e1llja az id\u0151 pr\u00f3b\u00e1j\u00e1t \u00e9s a t\u00f6bbsz\u00f6ri haszn\u00e1latot, mivel tart\u00f3s anyagokb\u00f3l k\u00e9sz\u00fclt.<\/span><\/p>\n<p><span style=\"font-weight: 400\">F\u00e9lf\u00e9nyes kivitelben, \u00e9l\u00e9nk sz\u00ednekben.<\/span><\/p>\n<p><span style=\"font-weight: 400\">14 \u00e9ven fel\u00fcliek sz\u00e1m\u00e1ra is alkalmas, \u00edgy a tizen\u00e9veseket is bevonhatja az \u00f6sszeszerel\u00e9si tev\u00e9kenys\u00e9gbe.<\/span><\/p>\n<p><span style=\"font-weight: 400\">K\u00fcrti Andrea &#8211; Tropical &#8211; Flamingo 1000 darabos puzzle \u00e9s az \u00e1ltala k\u00edn\u00e1lt el\u0151ny\u00f6k:<\/span><\/p>\n<ul>\n<li><span style=\"font-weight: 400\">K\u00e9sz\u00edtsen egy mes\u00e9s k\u00e9pet, amelyet otthona egyik szob\u00e1j\u00e1ban ki\u00e1ll\u00edthat.<\/span><\/li>\n<li><span style=\"font-weight: 400\">T\u00f6k\u00e9letes lehet\u0151s\u00e9g a szabadid\u0151 kreat\u00edv elt\u00f6lt\u00e9s\u00e9re.<\/span><\/li>\n<li><span style=\"font-weight: 400\">Seg\u00edt gyakorolni a r\u00e9szletekre val\u00f3 figyelmet.<\/span><\/li>\n<li><span style=\"font-weight: 400\">Fejleszti a k\u00e9pzel\u0151er\u0151t \u00e9s az eszt\u00e9tikai \u00e9rz\u00e9ket.<\/span><\/li>\n<li><span style=\"font-weight: 400\">Ez j\u00f3 lehet\u0151s\u00e9g a szocializ\u00e1l\u00f3d\u00e1sra \u00e9s a tizen\u00e9ves gyermekekkel val\u00f3 kapcsolatteremt\u00e9sre.<\/span><\/li>\n<li><span style=\"font-weight: 400\">Ez egy m\u00f3dja lehet a kikapcsol\u00f3d\u00e1snak \u00e9s a mobilk\u00e9sz\u00fcl\u00e9k k\u00e9perny\u0151j\u00e9t\u0151l val\u00f3 elszakad\u00e1snak.<\/span><\/li>\n<li><span style=\"font-weight: 400\">Seg\u00edt a m\u00e9ly koncentr\u00e1ci\u00f3 \u00e1llapot\u00e1ba ker\u00fclni \u00e9s fenntartani azt az \u00e1llapotot.<\/span><\/li>\n<\/ul>\n<p><strong>Tudtad, hogy&#8230;?<\/strong><\/p>\n<p><span style=\"font-weight: 400\">A vil\u00e1gon 6 flaming\u00f3faj l\u00e9tezik.<\/span><\/p>\n<p><span style=\"font-weight: 400\">Mind a n\u0151st\u00e9ny, mind a h\u00edm flaming\u00f3k a toj\u00e1sokon \u00fclnek, am\u00edg a fi\u00f3k\u00e1k ki nem kelnek.<\/span><\/p>\n<p><span style=\"font-weight: 400\">Tollazatuk sz\u00edn\u00e9t b\u00e9ta-karotinban gazdag t\u00e1pl\u00e1l\u00e9kuknak k\u00f6sz\u00f6nhetik.<\/span><\/p>\n<p><span style=\"font-weight: 400\">A flaming\u00f3fi\u00f3k\u00e1knak m\u00e9g nincs g\u00f6rbe cs\u0151r\u00fck, de ezt a form\u00e1t k\u00e9s\u0151bb saj\u00e1t\u00edtj\u00e1k el.<\/span><\/p>\n<p><span style=\"font-weight: 400\">A flaming\u00f3k nem vesznek leveg\u0151t ev\u00e9s k\u00f6zben.<\/span><\/p>\n<p><span style=\"font-weight: 400\">A leghosszabb \u00e9let\u0171 flaming\u00f3 83 \u00e9vet \u00e9lt.<\/span><\/p>\n<p><strong>1000 darabos puzzle t\u00f6ri meg a hideg napok monot\u00f3ni\u00e1j\u00e1t<\/strong><\/p>\n<p><span style=\"font-weight: 400\">A rossz id\u0151j\u00e1r\u00e1s\u00fa napok nehezen j\u00f6nnek el, \u00e9s \u00fagy \u00e9rzed, hogy meg kell szak\u00edtanod a rutint? V\u00e1lassza az 1000 darabos tr\u00f3pusi &#8211; flaming\u00f3 puzzle-t, \u00e9s k\u00e9sz\u00edtsen a gyerekekkel egy csod\u00e1latos k\u00e9pet, amit nem fognak egyhamar elfelejteni. Haszn\u00e1lja ki ezt az alkalmat arra, hogy er\u0151s\u00edtse a gyermekeivel val\u00f3 kapcsolatokat, \u00e9s megtan\u00edtsa \u0151ket a csapatmunk\u00e1ra.<\/span><\/p>\n<p><span style=\"font-weight: 400\">K\u00fcrti Andrea 1000 darabos puzzle &#8211; Tr\u00f3pusi &#8211; Flaming\u00f3 kirak\u00f3j\u00e1t otthon tarthatod, \u00e9s b\u00e1rmikor \u00fajrak\u00e9sz\u00edtheted szeretteiddel, amikor \u00fagy \u00e9rzed, hogy sz\u00fcks\u00e9ged van egy kreat\u00edv kih\u00edv\u00e1sra.<\/span><\/p>\n<p><span style=\"font-weight: 400\">V\u00e1s\u00e1rolj 1000 darabos puzzle-t &#8211; flaming\u00f3 \u00e9s k\u00e9sz\u00edts egy eredeti festm\u00e9nyt, amely leny\u0171g\u00f6z\u0151en fog kin\u00e9zni otthonod egyik fal\u00e1n. Fedezd fel a tr\u00f3pusi kirak\u00f3s j\u00e1t\u00e9kokat, \u00e9s hozd l\u00e9tre saj\u00e1t, egyedi 1000 darabos kirak\u00f3s gy\u0171jtem\u00e9nyedet <\/span><\/p>\n<p><span style=\"font-weight: 400\">Szeretn\u00e9 meglepni bar\u00e1tait az \u00fcnnepekre? Az 1000 darabos flaming\u00f3 puzzle leveszi a stresszt az aj\u00e1nd\u00e9kok keres\u00e9s\u00e9r\u0151l, \u00e9s mosolyt csal szeretteid arc\u00e1ra.<\/span><\/p><\/p>\n","protected":false},"excerpt":{"rendered":"<p>Szereted a kirak\u00f3s j\u00e1t\u00e9kokat, \u00e9s szeretn\u00e9l olyan egyedi k\u00e9peket l\u00e9trehozni, amelyek kih\u00edv\u00e1st jelentenek az \u00fcgyess\u00e9gednek \u00e9s a r\u00e9szletekre val\u00f3 odafigyel\u00e9sednek?<\/p>\n","protected":false},"featured_media":35089,"template":"","meta":[],"product_brand":[],"product_cat":[1920,1919,1881],"product_tag":[],"class_list":{"0":"post-41963","1":"product","2":"type-product","3":"status-publish","4":"has-post-thumbnail","6":"product_cat-1000-darabos-kirakos-jatek","7":"product_cat-felnott-kirakos-jatekok","8":"product_cat-kirakos-jatekok","9":"pa_bax-10-hu","10":"pa_brand-d_toys-hu","11":"pa_country_of_manufacture-ro-hu","12":"pa_filter_age-14-hu","13":"pa_painter-kurtiandrea-hu","14":"pa_tip_ambalaj-doboz","15":"pa_tip_puzzle-klasszikus","17":"first","18":"instock","19":"taxable","20":"shipping-taxable","21":"product-type-simple"},"yoast_head":"<!-- This site is optimized with the Yoast SEO plugin v20.1 - https:\/\/yoast.com\/wordpress\/plugins\/seo\/ -->\n<title>K\u00fcrti Andrea 1000 darabos feln\u0151tt puzzle - Tr\u00f3pusi - Flaming\u00f3<\/title>\n<meta name=\"description\" content=\"K\u00fcrti Andrea 1000 darabos feln\u0151tt puzzle - Tr\u00f3pusi - Flaming\u00f3\" \/>\n<meta name=\"robots\" content=\"index, follow, max-snippet:-1, max-image-preview:large, max-video-preview:-1\" \/>\n<link rel=\"canonical\" href=\"https:\/\/business.roovi.com\/hu\/kurti-andrea-1000-darabos-felnott-puzzle-tropusi-flamingo\/p\/\" \/>\n<meta property=\"og:locale\" content=\"hu_HU\" \/>\n<meta property=\"og:type\" content=\"article\" \/>\n<meta property=\"og:title\" content=\"K\u00fcrti Andrea 1000 darabos feln\u0151tt puzzle - Tr\u00f3pusi - Flaming\u00f3\" \/>\n<meta property=\"og:description\" content=\"K\u00fcrti Andrea 1000 darabos feln\u0151tt puzzle - Tr\u00f3pusi - Flaming\u00f3\" \/>\n<meta property=\"og:url\" content=\"https:\/\/business.roovi.com\/hu\/kurti-andrea-1000-darabos-felnott-puzzle-tropusi-flamingo\/p\/\" \/>\n<meta property=\"og:site_name\" content=\"Roovi B2B\" \/>\n<meta property=\"article:publisher\" content=\"https:\/\/www.facebook.com\/wwwjucariero\" \/>\n<meta property=\"article:modified_time\" content=\"2022-07-06T18:24:43+00:00\" \/>\n<meta property=\"og:image\" content=\"https:\/\/business.roovi.com\/wp-content\/uploads\/2018\/04\/72887-02_ansamblu_dimensiuni_cutie_cm_vertical_1200x1200.png\" \/>\n\t<meta property=\"og:image:width\" content=\"1200\" \/>\n\t<meta property=\"og:image:height\" content=\"1200\" \/>\n\t<meta property=\"og:image:type\" content=\"image\/png\" \/>\n<meta name=\"twitter:label1\" content=\"Becs\u00fclt olvas\u00e1si id\u0151\" \/>\n\t<meta name=\"twitter:data1\" content=\"4 perc\" \/>\n<script type=\"application\/ld+json\" class=\"yoast-schema-graph\">{\"@context\":\"https:\/\/schema.org\",\"@graph\":[{\"@type\":\"WebPage\",\"@id\":\"https:\/\/business.roovi.com\/hu\/kurti-andrea-1000-darabos-felnott-puzzle-tropusi-flamingo\/p\/\",\"url\":\"https:\/\/business.roovi.com\/hu\/kurti-andrea-1000-darabos-felnott-puzzle-tropusi-flamingo\/p\/\",\"name\":\"K\u00fcrti Andrea 1000 darabos feln\u0151tt puzzle - Tr\u00f3pusi - Flaming\u00f3\",\"isPartOf\":{\"@id\":\"https:\/\/business.roovi.com\/hu\/#website\"},\"datePublished\":\"2018-04-16T10:56:17+00:00\",\"dateModified\":\"2022-07-06T18:24:43+00:00\",\"description\":\"K\u00fcrti Andrea 1000 darabos feln\u0151tt puzzle - Tr\u00f3pusi - Flaming\u00f3\",\"breadcrumb\":{\"@id\":\"https:\/\/business.roovi.com\/hu\/kurti-andrea-1000-darabos-felnott-puzzle-tropusi-flamingo\/p\/#breadcrumb\"},\"inLanguage\":\"hu\",\"potentialAction\":[{\"@type\":\"ReadAction\",\"target\":[\"https:\/\/business.roovi.com\/hu\/kurti-andrea-1000-darabos-felnott-puzzle-tropusi-flamingo\/p\/\"]}]},{\"@type\":\"BreadcrumbList\",\"@id\":\"https:\/\/business.roovi.com\/hu\/kurti-andrea-1000-darabos-felnott-puzzle-tropusi-flamingo\/p\/#breadcrumb\",\"itemListElement\":[{\"@type\":\"ListItem\",\"position\":1,\"name\":\"Home\",\"item\":\"https:\/\/business.roovi.com\/hu\/\"},{\"@type\":\"ListItem\",\"position\":2,\"name\":\"Shop\",\"item\":\"https:\/\/business.roovi.com\/hu\/shop\/\"},{\"@type\":\"ListItem\",\"position\":3,\"name\":\"K\u00fcrti Andrea 1000 darabos feln\u0151tt puzzle &#8211; Tr\u00f3pusi &#8211; Flaming\u00f3\"}]},{\"@type\":\"WebSite\",\"@id\":\"https:\/\/business.roovi.com\/hu\/#website\",\"url\":\"https:\/\/business.roovi.com\/hu\/\",\"name\":\"Roovi B2B\",\"description\":\"Roovi Business Website\",\"potentialAction\":[{\"@type\":\"SearchAction\",\"target\":{\"@type\":\"EntryPoint\",\"urlTemplate\":\"https:\/\/business.roovi.com\/hu\/?s={search_term_string}\"},\"query-input\":\"required name=search_term_string\"}],\"inLanguage\":\"hu\"}]}<\/script>\n<!-- \/ Yoast SEO plugin. -->","yoast_head_json":{"title":"K\u00fcrti Andrea 1000 darabos feln\u0151tt puzzle - Tr\u00f3pusi - Flaming\u00f3","description":"K\u00fcrti Andrea 1000 darabos feln\u0151tt puzzle - Tr\u00f3pusi - Flaming\u00f3","robots":{"index":"index","follow":"follow","max-snippet":"max-snippet:-1","max-image-preview":"max-image-preview:large","max-video-preview":"max-video-preview:-1"},"canonical":"https:\/\/business.roovi.com\/hu\/kurti-andrea-1000-darabos-felnott-puzzle-tropusi-flamingo\/p\/","og_locale":"hu_HU","og_type":"article","og_title":"K\u00fcrti Andrea 1000 darabos feln\u0151tt puzzle - Tr\u00f3pusi - Flaming\u00f3","og_description":"K\u00fcrti Andrea 1000 darabos feln\u0151tt puzzle - Tr\u00f3pusi - Flaming\u00f3","og_url":"https:\/\/business.roovi.com\/hu\/kurti-andrea-1000-darabos-felnott-puzzle-tropusi-flamingo\/p\/","og_site_name":"Roovi B2B","article_publisher":"https:\/\/www.facebook.com\/wwwjucariero","article_modified_time":"2022-07-06T18:24:43+00:00","og_image":[{"width":1200,"height":1200,"url":"https:\/\/business.roovi.com\/wp-content\/uploads\/2018\/04\/72887-02_ansamblu_dimensiuni_cutie_cm_vertical_1200x1200.png","type":"image\/png"}],"twitter_misc":{"Becs\u00fclt olvas\u00e1si id\u0151":"4 perc"},"schema":{"@context":"https:\/\/schema.org","@graph":[{"@type":"WebPage","@id":"https:\/\/business.roovi.com\/hu\/kurti-andrea-1000-darabos-felnott-puzzle-tropusi-flamingo\/p\/","url":"https:\/\/business.roovi.com\/hu\/kurti-andrea-1000-darabos-felnott-puzzle-tropusi-flamingo\/p\/","name":"K\u00fcrti Andrea 1000 darabos feln\u0151tt puzzle - Tr\u00f3pusi - Flaming\u00f3","isPartOf":{"@id":"https:\/\/business.roovi.com\/hu\/#website"},"datePublished":"2018-04-16T10:56:17+00:00","dateModified":"2022-07-06T18:24:43+00:00","description":"K\u00fcrti Andrea 1000 darabos feln\u0151tt puzzle - Tr\u00f3pusi - Flaming\u00f3","breadcrumb":{"@id":"https:\/\/business.roovi.com\/hu\/kurti-andrea-1000-darabos-felnott-puzzle-tropusi-flamingo\/p\/#breadcrumb"},"inLanguage":"hu","potentialAction":[{"@type":"ReadAction","target":["https:\/\/business.roovi.com\/hu\/kurti-andrea-1000-darabos-felnott-puzzle-tropusi-flamingo\/p\/"]}]},{"@type":"BreadcrumbList","@id":"https:\/\/business.roovi.com\/hu\/kurti-andrea-1000-darabos-felnott-puzzle-tropusi-flamingo\/p\/#breadcrumb","itemListElement":[{"@type":"ListItem","position":1,"name":"Home","item":"https:\/\/business.roovi.com\/hu\/"},{"@type":"ListItem","position":2,"name":"Shop","item":"https:\/\/business.roovi.com\/hu\/shop\/"},{"@type":"ListItem","position":3,"name":"K\u00fcrti Andrea 1000 darabos feln\u0151tt puzzle &#8211; Tr\u00f3pusi &#8211; Flaming\u00f3"}]},{"@type":"WebSite","@id":"https:\/\/business.roovi.com\/hu\/#website","url":"https:\/\/business.roovi.com\/hu\/","name":"Roovi B2B","description":"Roovi Business Website","potentialAction":[{"@type":"SearchAction","target":{"@type":"EntryPoint","urlTemplate":"https:\/\/business.roovi.com\/hu\/?s={search_term_string}"},"query-input":"required name=search_term_string"}],"inLanguage":"hu"}]}},"_links":{"self":[{"href":"https:\/\/business.roovi.com\/hu\/wp-json\/wp\/v2\/product\/41963","targetHints":{"allow":["GET"]}}],"collection":[{"href":"https:\/\/business.roovi.com\/hu\/wp-json\/wp\/v2\/product"}],"about":[{"href":"https:\/\/business.roovi.com\/hu\/wp-json\/wp\/v2\/types\/product"}],"version-history":[{"count":0,"href":"https:\/\/business.roovi.com\/hu\/wp-json\/wp\/v2\/product\/41963\/revisions"}],"wp:featuredmedia":[{"embeddable":true,"href":"https:\/\/business.roovi.com\/hu\/wp-json\/wp\/v2\/media\/35089"}],"wp:attachment":[{"href":"https:\/\/business.roovi.com\/hu\/wp-json\/wp\/v2\/media?parent=41963"}],"wp:term":[{"taxonomy":"product_brand","embeddable":true,"href":"https:\/\/business.roovi.com\/hu\/wp-json\/wp\/v2\/product_brand?post=41963"},{"taxonomy":"product_cat","embeddable":true,"href":"https:\/\/business.roovi.com\/hu\/wp-json\/wp\/v2\/product_cat?post=41963"},{"taxonomy":"product_tag","embeddable":true,"href":"https:\/\/business.roovi.com\/hu\/wp-json\/wp\/v2\/product_tag?post=41963"}],"curies":[{"name":"wp","href":"https:\/\/api.w.org\/{rel}","templated":true}]}}