{"id":41967,"date":"2018-04-16T10:56:17","date_gmt":"2018-04-16T10:56:17","guid":{"rendered":"https:\/\/business.roovi.com\/puzzle-adulti-1000-piese-kurti-andrea-tropical-pesti-exotici\/p\/"},"modified":"2022-07-06T18:24:53","modified_gmt":"2022-07-06T18:24:53","slug":"kurti-andrea-1000-darabos-felnott-puzzle-tropusi-egzotikus-halak","status":"publish","type":"product","link":"https:\/\/business.roovi.com\/hu\/kurti-andrea-1000-darabos-felnott-puzzle-tropusi-egzotikus-halak\/p\/","title":{"rendered":"K\u00fcrti Andrea 1000 darabos feln\u0151tt puzzle &#8211; Tr\u00f3pusi &#8211; Egzotikus halak"},"content":{"rendered":"<p><span style=\"font-weight: 400\">A puzzle j\u00e1t\u00e9kok rabja vagy? Fedezze fel a feln\u0151tteknek sz\u00e1nt kirak\u00f3sok leg\u00fajabb v\u00e1laszt\u00e9k\u00e1t: az 1000 darabos tr\u00f3pusi kirak\u00f3s kollekci\u00f3t. Az egzotikus n\u00f6v\u00e9ny- \u00e9s \u00e1llatvil\u00e1g eredeti, meleg sz\u00ednekkel \u00e9s leny\u0171g\u00f6z\u0151 r\u00e9szletekkel illusztr\u00e1lt \u00e1br\u00e1i egy tehets\u00e9ges kort\u00e1rs m\u0171v\u00e9sz k\u00e9pzelet\u00e9nek seg\u00edts\u00e9g\u00e9vel pr\u00f3b\u00e1ra teszik a t\u00fcrelmet \u00e9s az \u00f6sszeszerel\u00e9si k\u00e9szs\u00e9get.<\/span><\/p>\n<p><span style=\"font-weight: 400\">K\u00fcrti Andrea 1000 darabos puzzle &#8211; Tr\u00f3pusi &#8211; Egzotikus halak c\u00edm\u0171 anim\u00e1lt illusztr\u00e1ci\u00f3ja egy, az \u00f3ce\u00e1nban szabadon \u00faszk\u00e1l\u00f3, sz\u00ednes halraj. Az el\u0151t\u00e9rben egy aranyos b\u00e1lna l\u00e1tszik \u00e9lvezni a v\u00edzi \u00e9letet.<\/span><\/p>\n<p><span style=\"font-weight: 400\">Ha szeretn\u00e9d t\u00e1vol tartani tizen\u00e9ves gyermekeidet a k\u00e9perny\u0151kt\u0151l, az 1000 darabos puzzle &#8211; egzotikus halak t\u00f6k\u00e9letes lehet\u0151s\u00e9g. A gyerekeket vonzza a tengeri \u00e9l\u0151vil\u00e1g fantasztikus vil\u00e1ga. Mik\u00f6zben \u00f6ssze\u00e1ll\u00edtod ezt a gy\u00f6ny\u00f6r\u0171 k\u00e9pet, mes\u00e9lhetsz a v\u00edzi vil\u00e1g rejtelmeir\u0151l.<\/span><\/p>\n<p><span style=\"font-weight: 400\">A tinik im\u00e1dni fogj\u00e1k, hogy id\u0151t sz\u00e1nsz r\u00e1juk, \u00e9s egy\u00fctt t\u00f6bbet hoztok l\u00e9tre, mint egy 1000 darabos kirak\u00f3s k\u00e9p: felejthetetlen eml\u00e9keket, amelyek gazdag\u00edtj\u00e1k a lelk\u00fcket.<\/span><\/p>\n<p><strong>Mi\u00e9rt v\u00e1lassza a K\u00fcrti Andrea &#8211; Tr\u00f3pusi &#8211; Egzotikus halak 1000 darabos puzzle-t?<\/strong><\/p>\n<p><span style=\"font-weight: 400\">Egy csod\u00e1latos, 50 x 70 cm-es festm\u00e9nyt kapsz, amely csod\u00e1latos lesz a keretben.<\/span><\/p>\n<p><span style=\"font-weight: 400\">Kiv\u00e1l\u00f3 min\u0151s\u00e9g\u0171 k\u00e9k kartonb\u00f3l k\u00e9sz\u00fclt.<\/span><\/p>\n<p><span style=\"font-weight: 400\">K\u00f6rnyezetbar\u00e1t, mivel \u00fajrahasznos\u00edthat\u00f3, fenntarthat\u00f3 anyagokb\u00f3l k\u00e9sz\u00fclt.<\/span><\/p>\n<p><span style=\"font-weight: 400\">Tart\u00f3s anyagb\u00f3l k\u00e9sz\u00fclt, \u00e9s a k\u00e9p min\u0151s\u00e9g\u00e9nek roml\u00e1sa n\u00e9lk\u00fcl tetsz\u0151legesen gyakran \u00fajra felhaszn\u00e1lhat\u00f3.<\/span><\/p>\n<p><span style=\"font-weight: 400\">Kellemes sz\u00ednekben f\u00e9nyes kivitelben.<\/span><\/p>\n<p><span style=\"font-weight: 400\">14 \u00e9v felettiek sz\u00e1m\u00e1ra alkalmas &#8211; ez a t\u00f6k\u00e9letes lehet\u0151s\u00e9g arra, hogy a tizen\u00e9veseket bevezesse az 1000 darabos kirak\u00f3k vil\u00e1g\u00e1ba.<\/span><\/p>\n<p><strong>1000 darabos puzzle: 6 nagyszer\u0171 el\u0151ny <\/strong><\/p>\n<p><span style=\"font-weight: 400\">Lehet\u0151s\u00e9ge van egy gy\u00f6ny\u00f6r\u0171 k\u00e9pet k\u00e9sz\u00edteni, amelyet dekor\u00e1ci\u00f3s t\u00e1rgyk\u00e9nt haszn\u00e1lhat.<\/span><\/p>\n<p><span style=\"font-weight: 400\">Ez egy lehet\u0151s\u00e9g arra, hogy min\u0151s\u00e9gi id\u0151t t\u00f6lts\u00f6n a szeretteivel.<\/span><\/p>\n<p><span style=\"font-weight: 400\">Ez lehet az \u00d6n relax\u00e1ci\u00f3s \u00e9s \u00f6nvizsg\u00e1lati ideje, hasonl\u00f3an a medit\u00e1ci\u00f3s \u00fcl\u00e9shez.<\/span><\/p>\n<p><span style=\"font-weight: 400\">Megnyitja a tud\u00e1s horizontj\u00e1t, mert arra k\u00e9sztet, hogy t\u00f6bbet akarjon megtudni a tengeri \u00e9letr\u0151l.<\/span><\/p>\n<p><span style=\"font-weight: 400\">Ett\u0151l \u00f6sszess\u00e9g\u00e9ben jobban \u00e9rzi mag\u00e1t, tele van energi\u00e1val \u00e9s optimizmussal.<\/span><\/p>\n<p><span style=\"font-weight: 400\">Seg\u00edt abban, hogy egyetlen feladatra \u00f6sszpontos\u00edtson, amelyet \u00e9ppen elv\u00e9gez.<\/span><\/p>\n<p><strong>K\u00edv\u00e1ncsis\u00e1gok a leny\u0171g\u00f6z\u0151 v\u00edzi vil\u00e1gr\u00f3l<\/strong><\/p>\n<p><span style=\"font-weight: 400\">Az \u00f3ce\u00e1nok adnak otthont a f\u00f6ldi \u00e9l\u0151l\u00e9nyek 95%-\u00e1nak.<\/span><\/p>\n<p><span style=\"font-weight: 400\">A polipok v\u00e9re k\u00e9k sz\u00edn\u0171.<\/span><\/p>\n<p><span style=\"font-weight: 400\">A leghosszabb hegys\u00e9g a v\u00edz alatt van, \u00e9s k\u00f6r\u00fclbel\u00fcl 10-szer nagyobb, mint az Andok.<\/span><\/p>\n<p><span style=\"font-weight: 400\">A gyilkos b\u00e1ln\u00e1k ak\u00e1r 100 \u00e9vig is \u00e9lhetnek.<\/span><\/p>\n<p><span style=\"font-weight: 400\">A halrajokban van egy vezet\u0151. Nem el\u00f6l \u00fcl, hanem k\u00f6z\u00e9pen, \u00e9s mindenki m\u00e1s ut\u00e1na \u00faszik.<\/span><\/p>\n<p><span style=\"font-weight: 400\">Az \u00f3ce\u00e1nok sz\u00e1mos leletnek adnak otthont. A felt\u00e9telez\u00e9sek szerint mintegy 3 milli\u00f3 roncs tal\u00e1lhat\u00f3 a tengerfen\u00e9ken.<\/span><\/p>\n<p><strong>Egzotikus hal 1000 darabos puzzle: a min\u0151s\u00e9gi id\u0151 garant\u00e1l\u00e1sa<\/strong><\/p>\n<p><span style=\"font-weight: 400\">Szeretne min\u0151s\u00e9gi id\u0151t t\u00f6lteni szeretteivel? H\u00edvd \u00f6ssze a bar\u00e1ti t\u00e1rsas\u00e1godat, \u00e9s t\u00f6ltsetek el egy eml\u00e9kezetes est\u00e9t az 1000 darabos tr\u00f3pusi puzzle &#8211; egzotikus halak kirak\u00e1s\u00e1val.<\/span><\/p>\n<p><span style=\"font-weight: 400\">Ahol b\u0151s\u00e9g van, ott er\u0151 is van, \u00e9s a k\u00e9p pillanatok alatt k\u00e9sz&#8230; hal! Ossza sz\u00e9t a darabokat, dolgozza \u00e1t a k\u00e9p egyes r\u00e9szeit az \u00e9szrevett \u00e1rnyalatoknak megfelel\u0151en, \u00e9s \u00e9lvezze az igazi r\u00e9gim\u00f3di sz\u00f3rakoz\u00e1st. Ez egy egyed\u00fcl\u00e1ll\u00f3 lehet\u0151s\u00e9g a bar\u00e1ts\u00e1gok meger\u0151s\u00edt\u00e9s\u00e9re \u00e9s a legjobb bar\u00e1taiddal val\u00f3 ismerked\u00e9sre.<\/span><\/p>\n<p><span style=\"font-weight: 400\">V\u00e1s\u00e1rolja meg most K\u00fcrti Andrea 1000 darabos puzzle &#8211; Tr\u00f3pusi &#8211; Egzotikus halak \u00e9s \u00e9lvezze a megfelel\u0151 darabok megtal\u00e1l\u00e1s\u00e1nak minden kiel\u00e9g\u00edt\u0151 pillanat\u00e1t. Fedezze fel a teljes Tropical 1000 darabos puzzle gy\u0171jtem\u00e9nyt, \u00e9s hozzon l\u00e9tre leny\u0171g\u00f6z\u0151 k\u00e9peket kiv\u00e9teles grafik\u00e1j\u00fa illusztr\u00e1ci\u00f3kkal.<\/span><\/p>\n","protected":false},"excerpt":{"rendered":"<p>A puzzle j\u00e1t\u00e9kok rabja vagy? Fedezze fel a feln\u0151tteknek sz\u00e1nt kirak\u00f3sok leg\u00fajabb v\u00e1laszt\u00e9k\u00e1t: az 1000 darabos tr\u00f3pusi kirak\u00f3s kollekci\u00f3t. Az<\/p>\n","protected":false},"featured_media":35103,"template":"","meta":[],"product_brand":[],"product_cat":[1920,1919,1881],"product_tag":[],"class_list":{"0":"post-41967","1":"product","2":"type-product","3":"status-publish","4":"has-post-thumbnail","6":"product_cat-1000-darabos-kirakos-jatek","7":"product_cat-felnott-kirakos-jatekok","8":"product_cat-kirakos-jatekok","9":"pa_bax-10-hu","10":"pa_brand-d_toys-hu","11":"pa_country_of_manufacture-ro-hu","12":"pa_filter_age-14-hu","13":"pa_painter-kurtiandrea-hu","14":"pa_tip_ambalaj-doboz","15":"pa_tip_puzzle-klasszikus","17":"first","18":"instock","19":"taxable","20":"shipping-taxable","21":"product-type-simple"},"yoast_head":"<!-- This site is optimized with the Yoast SEO plugin v20.1 - https:\/\/yoast.com\/wordpress\/plugins\/seo\/ -->\n<title>K\u00fcrti Andrea 1000 darabos feln\u0151tt puzzle - Tr\u00f3pusi - Egzotikus halak<\/title>\n<meta name=\"description\" content=\"K\u00fcrti Andrea 1000 darabos feln\u0151tt puzzle - Tr\u00f3pusi - Egzotikus halak\" \/>\n<meta name=\"robots\" content=\"index, follow, max-snippet:-1, max-image-preview:large, max-video-preview:-1\" \/>\n<link rel=\"canonical\" href=\"https:\/\/business.roovi.com\/hu\/kurti-andrea-1000-darabos-felnott-puzzle-tropusi-egzotikus-halak\/p\/\" \/>\n<meta property=\"og:locale\" content=\"hu_HU\" \/>\n<meta property=\"og:type\" content=\"article\" \/>\n<meta property=\"og:title\" content=\"K\u00fcrti Andrea 1000 darabos feln\u0151tt puzzle - Tr\u00f3pusi - Egzotikus halak\" \/>\n<meta property=\"og:description\" content=\"K\u00fcrti Andrea 1000 darabos feln\u0151tt puzzle - Tr\u00f3pusi - Egzotikus halak\" \/>\n<meta property=\"og:url\" content=\"https:\/\/business.roovi.com\/hu\/kurti-andrea-1000-darabos-felnott-puzzle-tropusi-egzotikus-halak\/p\/\" \/>\n<meta property=\"og:site_name\" content=\"Roovi B2B\" \/>\n<meta property=\"article:publisher\" content=\"https:\/\/www.facebook.com\/wwwjucariero\" \/>\n<meta property=\"article:modified_time\" content=\"2022-07-06T18:24:53+00:00\" \/>\n<meta property=\"og:image\" content=\"https:\/\/business.roovi.com\/wp-content\/uploads\/2018\/04\/72887-03_ansamblu_dimensiuni_cutie_cm_orizontal_1200x1200.png\" \/>\n\t<meta property=\"og:image:width\" content=\"1200\" \/>\n\t<meta property=\"og:image:height\" content=\"1200\" \/>\n\t<meta property=\"og:image:type\" content=\"image\/png\" \/>\n<meta name=\"twitter:label1\" content=\"Becs\u00fclt olvas\u00e1si id\u0151\" \/>\n\t<meta name=\"twitter:data1\" content=\"4 perc\" \/>\n<script type=\"application\/ld+json\" class=\"yoast-schema-graph\">{\"@context\":\"https:\/\/schema.org\",\"@graph\":[{\"@type\":\"WebPage\",\"@id\":\"https:\/\/business.roovi.com\/hu\/kurti-andrea-1000-darabos-felnott-puzzle-tropusi-egzotikus-halak\/p\/\",\"url\":\"https:\/\/business.roovi.com\/hu\/kurti-andrea-1000-darabos-felnott-puzzle-tropusi-egzotikus-halak\/p\/\",\"name\":\"K\u00fcrti Andrea 1000 darabos feln\u0151tt puzzle - Tr\u00f3pusi - Egzotikus halak\",\"isPartOf\":{\"@id\":\"https:\/\/business.roovi.com\/hu\/#website\"},\"datePublished\":\"2018-04-16T10:56:17+00:00\",\"dateModified\":\"2022-07-06T18:24:53+00:00\",\"description\":\"K\u00fcrti Andrea 1000 darabos feln\u0151tt puzzle - Tr\u00f3pusi - Egzotikus halak\",\"breadcrumb\":{\"@id\":\"https:\/\/business.roovi.com\/hu\/kurti-andrea-1000-darabos-felnott-puzzle-tropusi-egzotikus-halak\/p\/#breadcrumb\"},\"inLanguage\":\"hu\",\"potentialAction\":[{\"@type\":\"ReadAction\",\"target\":[\"https:\/\/business.roovi.com\/hu\/kurti-andrea-1000-darabos-felnott-puzzle-tropusi-egzotikus-halak\/p\/\"]}]},{\"@type\":\"BreadcrumbList\",\"@id\":\"https:\/\/business.roovi.com\/hu\/kurti-andrea-1000-darabos-felnott-puzzle-tropusi-egzotikus-halak\/p\/#breadcrumb\",\"itemListElement\":[{\"@type\":\"ListItem\",\"position\":1,\"name\":\"Home\",\"item\":\"https:\/\/business.roovi.com\/hu\/\"},{\"@type\":\"ListItem\",\"position\":2,\"name\":\"Shop\",\"item\":\"https:\/\/business.roovi.com\/hu\/shop\/\"},{\"@type\":\"ListItem\",\"position\":3,\"name\":\"K\u00fcrti Andrea 1000 darabos feln\u0151tt puzzle &#8211; Tr\u00f3pusi &#8211; Egzotikus halak\"}]},{\"@type\":\"WebSite\",\"@id\":\"https:\/\/business.roovi.com\/hu\/#website\",\"url\":\"https:\/\/business.roovi.com\/hu\/\",\"name\":\"Roovi B2B\",\"description\":\"Roovi Business Website\",\"potentialAction\":[{\"@type\":\"SearchAction\",\"target\":{\"@type\":\"EntryPoint\",\"urlTemplate\":\"https:\/\/business.roovi.com\/hu\/?s={search_term_string}\"},\"query-input\":\"required name=search_term_string\"}],\"inLanguage\":\"hu\"}]}<\/script>\n<!-- \/ Yoast SEO plugin. -->","yoast_head_json":{"title":"K\u00fcrti Andrea 1000 darabos feln\u0151tt puzzle - Tr\u00f3pusi - Egzotikus halak","description":"K\u00fcrti Andrea 1000 darabos feln\u0151tt puzzle - Tr\u00f3pusi - Egzotikus halak","robots":{"index":"index","follow":"follow","max-snippet":"max-snippet:-1","max-image-preview":"max-image-preview:large","max-video-preview":"max-video-preview:-1"},"canonical":"https:\/\/business.roovi.com\/hu\/kurti-andrea-1000-darabos-felnott-puzzle-tropusi-egzotikus-halak\/p\/","og_locale":"hu_HU","og_type":"article","og_title":"K\u00fcrti Andrea 1000 darabos feln\u0151tt puzzle - Tr\u00f3pusi - Egzotikus halak","og_description":"K\u00fcrti Andrea 1000 darabos feln\u0151tt puzzle - Tr\u00f3pusi - Egzotikus halak","og_url":"https:\/\/business.roovi.com\/hu\/kurti-andrea-1000-darabos-felnott-puzzle-tropusi-egzotikus-halak\/p\/","og_site_name":"Roovi B2B","article_publisher":"https:\/\/www.facebook.com\/wwwjucariero","article_modified_time":"2022-07-06T18:24:53+00:00","og_image":[{"width":1200,"height":1200,"url":"https:\/\/business.roovi.com\/wp-content\/uploads\/2018\/04\/72887-03_ansamblu_dimensiuni_cutie_cm_orizontal_1200x1200.png","type":"image\/png"}],"twitter_misc":{"Becs\u00fclt olvas\u00e1si id\u0151":"4 perc"},"schema":{"@context":"https:\/\/schema.org","@graph":[{"@type":"WebPage","@id":"https:\/\/business.roovi.com\/hu\/kurti-andrea-1000-darabos-felnott-puzzle-tropusi-egzotikus-halak\/p\/","url":"https:\/\/business.roovi.com\/hu\/kurti-andrea-1000-darabos-felnott-puzzle-tropusi-egzotikus-halak\/p\/","name":"K\u00fcrti Andrea 1000 darabos feln\u0151tt puzzle - Tr\u00f3pusi - Egzotikus halak","isPartOf":{"@id":"https:\/\/business.roovi.com\/hu\/#website"},"datePublished":"2018-04-16T10:56:17+00:00","dateModified":"2022-07-06T18:24:53+00:00","description":"K\u00fcrti Andrea 1000 darabos feln\u0151tt puzzle - Tr\u00f3pusi - Egzotikus halak","breadcrumb":{"@id":"https:\/\/business.roovi.com\/hu\/kurti-andrea-1000-darabos-felnott-puzzle-tropusi-egzotikus-halak\/p\/#breadcrumb"},"inLanguage":"hu","potentialAction":[{"@type":"ReadAction","target":["https:\/\/business.roovi.com\/hu\/kurti-andrea-1000-darabos-felnott-puzzle-tropusi-egzotikus-halak\/p\/"]}]},{"@type":"BreadcrumbList","@id":"https:\/\/business.roovi.com\/hu\/kurti-andrea-1000-darabos-felnott-puzzle-tropusi-egzotikus-halak\/p\/#breadcrumb","itemListElement":[{"@type":"ListItem","position":1,"name":"Home","item":"https:\/\/business.roovi.com\/hu\/"},{"@type":"ListItem","position":2,"name":"Shop","item":"https:\/\/business.roovi.com\/hu\/shop\/"},{"@type":"ListItem","position":3,"name":"K\u00fcrti Andrea 1000 darabos feln\u0151tt puzzle &#8211; Tr\u00f3pusi &#8211; Egzotikus halak"}]},{"@type":"WebSite","@id":"https:\/\/business.roovi.com\/hu\/#website","url":"https:\/\/business.roovi.com\/hu\/","name":"Roovi B2B","description":"Roovi Business Website","potentialAction":[{"@type":"SearchAction","target":{"@type":"EntryPoint","urlTemplate":"https:\/\/business.roovi.com\/hu\/?s={search_term_string}"},"query-input":"required name=search_term_string"}],"inLanguage":"hu"}]}},"_links":{"self":[{"href":"https:\/\/business.roovi.com\/hu\/wp-json\/wp\/v2\/product\/41967","targetHints":{"allow":["GET"]}}],"collection":[{"href":"https:\/\/business.roovi.com\/hu\/wp-json\/wp\/v2\/product"}],"about":[{"href":"https:\/\/business.roovi.com\/hu\/wp-json\/wp\/v2\/types\/product"}],"version-history":[{"count":0,"href":"https:\/\/business.roovi.com\/hu\/wp-json\/wp\/v2\/product\/41967\/revisions"}],"wp:featuredmedia":[{"embeddable":true,"href":"https:\/\/business.roovi.com\/hu\/wp-json\/wp\/v2\/media\/35103"}],"wp:attachment":[{"href":"https:\/\/business.roovi.com\/hu\/wp-json\/wp\/v2\/media?parent=41967"}],"wp:term":[{"taxonomy":"product_brand","embeddable":true,"href":"https:\/\/business.roovi.com\/hu\/wp-json\/wp\/v2\/product_brand?post=41967"},{"taxonomy":"product_cat","embeddable":true,"href":"https:\/\/business.roovi.com\/hu\/wp-json\/wp\/v2\/product_cat?post=41967"},{"taxonomy":"product_tag","embeddable":true,"href":"https:\/\/business.roovi.com\/hu\/wp-json\/wp\/v2\/product_tag?post=41967"}],"curies":[{"name":"wp","href":"https:\/\/api.w.org\/{rel}","templated":true}]}}