{"id":41975,"date":"2018-04-16T10:56:17","date_gmt":"2018-04-16T10:56:17","guid":{"rendered":"https:\/\/business.roovi.com\/puzzle-adulti-jean-honore-fragonard-happy-loversiubiti-fericiti-1000-piese\/p\/"},"modified":"2022-07-06T18:29:15","modified_gmt":"2022-07-06T18:29:15","slug":"felnott-1000-darabos-puzzle-jean-honore-fragonard-boldog-szerelmesek","status":"publish","type":"product","link":"https:\/\/business.roovi.com\/hu\/felnott-1000-darabos-puzzle-jean-honore-fragonard-boldog-szerelmesek\/p\/","title":{"rendered":"Feln\u0151tt 1000 darabos puzzle Jean-Honor\u00e9 Fragonard &#8211; Boldog szerelmesek"},"content":{"rendered":"<p><span style=\"font-weight: 400\">\u00dcdv\u00f6z\u00f6lj\u00fck a legnagyobb, t\u00f6bb sz\u00e1z 1000 darabos kirak\u00f3sb\u00f3l \u00e1ll\u00f3 m\u0171v\u00e9szeti gal\u00e9ri\u00e1ban! Itt feln\u0151tteknek sz\u00f3l\u00f3 rejtv\u00e9nyeket tal\u00e1lsz a renesz\u00e1nsz, a barokk, a szecesszi\u00f3 \u00e9s sok m\u00e1s st\u00edlus reprezentat\u00edv k\u00e9peivel. Fedezze fel a m\u0171v\u00e9szi puzzle gy\u0171jtem\u00e9nyt, v\u00e1s\u00e1rolja meg kedvenc rejtv\u00e9nyeit \u00e9s \u00e1ll\u00edtsa \u00f6ssze az egyedi m\u0171alkot\u00e1sokat!<\/span><\/p>\n<p><span style=\"font-weight: 400\">Mi lehet pihentet\u0151bb, mint csendben n\u00e9zni egy felh\u00e1bor\u00edt\u00f3 rom\u00e1ncot, amelyet finoman kiemel a rokok\u00f3 st\u00edlus? A 18. sz\u00e1zadban nem volt \u00e9ppen mindennapos a festm\u00e9nyen \u00e1br\u00e1zolt erdei szerelmi tal\u00e1lkoz\u00e1s. Fedezze fel Jean-Honor\u00e9 Fragonard Boldog szerelmesek c\u00edm\u0171 festm\u00e9ny\u00e9nek ezt a pik\u00e1ns \u00e1br\u00e1zol\u00e1s\u00e1t egy 1000 darabos kirak\u00f3s seg\u00edts\u00e9g\u00e9vel.<\/span><\/p>\n<p><span style=\"font-weight: 400\">A Jean-Honor\u00e9 Fragonard &#8211; Happy Lovers 1000 darabos puzzle \u00e9l\u00e9nk, mer\u00e9sz \u00e9s primer sz\u00edneivel arra \u00f6szt\u00f6n\u00f6z, hogy maradj a szeretet f\u00e9szk\u00e9ben. A term\u00e9k kiv\u00e1l\u00f3 min\u0151s\u00e9g\u0171 anyagokb\u00f3l k\u00e9sz\u00fcl, \u00edgy az \u00fajrateremtett festm\u00e9ny min\u0151s\u00e9ge t\u00f6bbsz\u00f6ri \u00f6sszeszerel\u00e9ssel is ugyanolyan j\u00f3 lesz.<\/span><\/p>\n<p><span style=\"font-weight: 400\">Az 1000 darabos Jean-Honor\u00e9 Fragonard Happy Lovers puzzle egy\u00e9b jellemz\u0151i:<\/span><\/p>\n<p><strong>Az elk\u00e9sz\u00fclt festm\u00e9ny m\u00e9rete: 50 x 70 cm <\/strong><\/p>\n<p><strong>Puzzle anyag <\/strong><\/p>\n<p><strong>kiv\u00e1l\u00f3 min\u0151s\u00e9g\u0171 k\u00e9k karton<\/strong><\/p>\n<p><strong>fenntarthat\u00f3, \u00fajrahasznos\u00edthat\u00f3 anyagok<\/strong><\/p>\n<p><strong>f\u00e9lf\u00e9nyes kivitel, \u00e9l\u00e9nk sz\u00ednek<\/strong><\/p>\n<p><strong>A kirak\u00f3s darabok sz\u00e1ma: 1000<\/strong><\/p>\n<p><strong>Aj\u00e1nlott \u00e9letkor: 14+<\/strong><\/p>\n<p><strong>Mit k\u00edn\u00e1l \u00d6nnek a m\u0171v\u00e9szi rejtv\u00e9nyek \u00f6ssze\u00e1ll\u00edt\u00e1sa?<\/strong><\/p>\n<p><span style=\"font-weight: 400\">Tal\u00e1n nem is tudod, de a kirak\u00f3s j\u00e1t\u00e9k \u00f6sszerak\u00e1sa sz\u00e1mos el\u0151nnyel j\u00e1r. \u00cdme n\u00e9h\u00e1ny k\u00f6z\u00fcl\u00fck:<\/span><\/p>\n<p><strong>Relax\u00e1ci\u00f3<\/strong><\/p>\n<p><strong>Relax\u00e1ci\u00f3<\/strong><\/p>\n<p><strong>Sz\u00f3rakoz\u00e1s<\/strong><\/p>\n<p><strong>Kapcsol\u00f3d\u00e1s \u00f6nmagaddal<\/strong><\/p>\n<p><strong>Jobb mem\u00f3ria.<\/strong><\/p>\n<p><strong>Amit nem tudott a <\/strong><strong>Jean-Honor\u00e9 Fragonard?<\/strong><\/p>\n<p><span style=\"font-weight: 400\">Van n\u00e9mi vita arr\u00f3l, hogy mikor festett\u00e9k a festm\u00e9nyt <\/span><strong>Boldog szerelmesek<\/strong><span style=\"font-weight: 400\">de a kritikusok egy\u00f6ntet\u0171 v\u00e9lem\u00e9nye szerint a k\u00e9p a m\u0171v\u00e9sz p\u00e1lyafut\u00e1s\u00e1nak korai szakasz\u00e1ban k\u00e9sz\u00fclt, \u00e9s a rokok\u00f3 eszm\u00e9nyeit t\u00fckr\u00f6zi.<\/span><\/p>\n<p><span style=\"font-weight: 400\">A m\u0171v\u00e9sz ragaszkodott egy<\/span><span style=\"font-weight: 400\"> egy frivol \u00e9s erotikus m\u0171faj, amely anyagi gazdags\u00e1got hozott neki, felhagyva a Kir\u00e1lyi Akad\u00e9mia szigor\u00fas\u00e1ga \u00e1ltal dikt\u00e1lt hagyom\u00e1nyos karrierrel.<\/span><\/p>\n<p><span style=\"font-weight: 400\">Az egyik festm\u00e9nye, <\/span><strong>F\u00fcrd\u0151z\u0151 n\u0151k,<\/strong><span style=\"font-weight: 400\">  hat\u00e1ssal volt a 19. sz\u00e1zadi modern francia fest\u00e9szetre.<\/span><\/p>\n<p><strong>1000 darabos puzzle a nagy csal\u00e1di sz\u00f3rakoz\u00e1s\u00e9rt<\/strong><\/p>\n<p><span style=\"font-weight: 400\">V\u00e1s\u00e1rolja meg a Jean-Honor\u00e9 Fragonard &#8211; Boldog szerelmesek 1000 darabos kirak\u00f3st, \u00e9s h\u00edvjon ki mindenkit a h\u00e1zban, hogy \u00fajraalkossa a festm\u00e9nyt. A feln\u0151tt kirak\u00f3sok \u00f6ssze\u00e1ll\u00edt\u00e1sa csoportos tev\u00e9kenys\u00e9g is lehet. \u00cdgy megtanulnak jobban kommunik\u00e1lni, egy\u00fctt dolgozni \u00e9s kapcsol\u00f3dni. T\u00f6lts\u00f6n min\u0151s\u00e9gi id\u0151t szeretteivel egy k\u00fcl\u00f6nleges m\u0171alkot\u00e1s k\u00f6r\u00fcl <\/span><\/p>\n<p><span style=\"font-weight: 400\">V\u00e1s\u00e1rolja meg most a Jean-Honor\u00e9 Fragonard &#8211; Boldog szerelmesek c\u00edm\u0171 1000 darabos puzzle-t, \u00e9s fedezze fel egy kirak\u00f3s j\u00e1t\u00e9kban a rokok\u00f3 st\u00edlus\u00fa alkot\u00e1s bonyolult, d\u00edszes r\u00e9szleteit. K\u00e9sz\u00edtsd el saj\u00e1t m\u0171alkot\u00e1sodat ebb\u0151l a csod\u00e1latos feln\u0151tt puzzle-b\u0151l.  <\/span><\/p>\n<p><span style=\"font-weight: 400\">Nem tudja, mit vegyen a legjobb bar\u00e1tj\u00e1nak? Jean-Honor\u00e9 Fragonard &#8211; Happy Lovers 1000 darabos puzzle egy min\u0151s\u00e9gi term\u00e9k, ide\u00e1lis aj\u00e1nd\u00e9k k\u00fcl\u00f6nleges alkalmakra.<\/span><\/p><\/p>\n","protected":false},"excerpt":{"rendered":"<p>\u00dcdv\u00f6z\u00f6lj\u00fck a legnagyobb, t\u00f6bb sz\u00e1z 1000 darabos kirak\u00f3sb\u00f3l \u00e1ll\u00f3 m\u0171v\u00e9szeti gal\u00e9ri\u00e1ban! Itt feln\u0151tteknek sz\u00f3l\u00f3 rejtv\u00e9nyeket tal\u00e1lsz a renesz\u00e1nsz, a barokk,<\/p>\n","protected":false},"featured_media":63317,"template":"","meta":[],"product_brand":[],"product_cat":[1881,1919,1920],"product_tag":[],"class_list":{"0":"post-41975","1":"product","2":"type-product","3":"status-publish","4":"has-post-thumbnail","6":"product_cat-kirakos-jatekok","7":"product_cat-felnott-kirakos-jatekok","8":"product_cat-1000-darabos-kirakos-jatek","9":"pa_bax-10-hu","10":"pa_brand-d_toys-hu","11":"pa_country_of_manufacture-ro-hu","12":"pa_filter_age-14-hu","13":"pa_painter-jean-honore-fragonard-hu","14":"pa_tip_ambalaj-doboz","15":"pa_tip_puzzle-klasszikus","17":"first","18":"instock","19":"taxable","20":"shipping-taxable","21":"product-type-simple"},"yoast_head":"<!-- This site is optimized with the Yoast SEO plugin v20.1 - https:\/\/yoast.com\/wordpress\/plugins\/seo\/ -->\n<title>Feln\u0151tt 1000 darabos puzzle Jean-Honor\u00e9 Fragonard - Boldog szerelmesek<\/title>\n<meta name=\"description\" content=\"Feln\u0151tt 1000 darabos puzzle Jean-Honor\u00e9 Fragonard - Boldog szerelmesek\" \/>\n<meta name=\"robots\" content=\"index, follow, max-snippet:-1, max-image-preview:large, max-video-preview:-1\" \/>\n<link rel=\"canonical\" href=\"https:\/\/business.roovi.com\/hu\/felnott-1000-darabos-puzzle-jean-honore-fragonard-boldog-szerelmesek\/p\/\" \/>\n<meta property=\"og:locale\" content=\"hu_HU\" \/>\n<meta property=\"og:type\" content=\"article\" \/>\n<meta property=\"og:title\" content=\"Feln\u0151tt 1000 darabos puzzle Jean-Honor\u00e9 Fragonard - Boldog szerelmesek\" \/>\n<meta property=\"og:description\" content=\"Feln\u0151tt 1000 darabos puzzle Jean-Honor\u00e9 Fragonard - Boldog szerelmesek\" \/>\n<meta property=\"og:url\" content=\"https:\/\/business.roovi.com\/hu\/felnott-1000-darabos-puzzle-jean-honore-fragonard-boldog-szerelmesek\/p\/\" \/>\n<meta property=\"og:site_name\" content=\"Roovi B2B\" \/>\n<meta property=\"article:publisher\" content=\"https:\/\/www.facebook.com\/wwwjucariero\" \/>\n<meta property=\"article:modified_time\" content=\"2022-07-06T18:29:15+00:00\" \/>\n<meta property=\"og:image\" content=\"https:\/\/business.roovi.com\/wp-content\/uploads\/2018\/04\/72702-02_ansamblu_dimensiuni_cutie_cm.png\" \/>\n\t<meta property=\"og:image:width\" content=\"2000\" \/>\n\t<meta property=\"og:image:height\" content=\"2000\" \/>\n\t<meta property=\"og:image:type\" content=\"image\/png\" \/>\n<meta name=\"twitter:label1\" content=\"Becs\u00fclt olvas\u00e1si id\u0151\" \/>\n\t<meta name=\"twitter:data1\" content=\"3 perc\" \/>\n<script type=\"application\/ld+json\" class=\"yoast-schema-graph\">{\"@context\":\"https:\/\/schema.org\",\"@graph\":[{\"@type\":\"WebPage\",\"@id\":\"https:\/\/business.roovi.com\/hu\/felnott-1000-darabos-puzzle-jean-honore-fragonard-boldog-szerelmesek\/p\/\",\"url\":\"https:\/\/business.roovi.com\/hu\/felnott-1000-darabos-puzzle-jean-honore-fragonard-boldog-szerelmesek\/p\/\",\"name\":\"Feln\u0151tt 1000 darabos puzzle Jean-Honor\u00e9 Fragonard - Boldog szerelmesek\",\"isPartOf\":{\"@id\":\"https:\/\/business.roovi.com\/hu\/#website\"},\"datePublished\":\"2018-04-16T10:56:17+00:00\",\"dateModified\":\"2022-07-06T18:29:15+00:00\",\"description\":\"Feln\u0151tt 1000 darabos puzzle Jean-Honor\u00e9 Fragonard - Boldog szerelmesek\",\"breadcrumb\":{\"@id\":\"https:\/\/business.roovi.com\/hu\/felnott-1000-darabos-puzzle-jean-honore-fragonard-boldog-szerelmesek\/p\/#breadcrumb\"},\"inLanguage\":\"hu\",\"potentialAction\":[{\"@type\":\"ReadAction\",\"target\":[\"https:\/\/business.roovi.com\/hu\/felnott-1000-darabos-puzzle-jean-honore-fragonard-boldog-szerelmesek\/p\/\"]}]},{\"@type\":\"BreadcrumbList\",\"@id\":\"https:\/\/business.roovi.com\/hu\/felnott-1000-darabos-puzzle-jean-honore-fragonard-boldog-szerelmesek\/p\/#breadcrumb\",\"itemListElement\":[{\"@type\":\"ListItem\",\"position\":1,\"name\":\"Home\",\"item\":\"https:\/\/business.roovi.com\/hu\/\"},{\"@type\":\"ListItem\",\"position\":2,\"name\":\"Shop\",\"item\":\"https:\/\/business.roovi.com\/hu\/shop\/\"},{\"@type\":\"ListItem\",\"position\":3,\"name\":\"Feln\u0151tt 1000 darabos puzzle Jean-Honor\u00e9 Fragonard &#8211; Boldog szerelmesek\"}]},{\"@type\":\"WebSite\",\"@id\":\"https:\/\/business.roovi.com\/hu\/#website\",\"url\":\"https:\/\/business.roovi.com\/hu\/\",\"name\":\"Roovi B2B\",\"description\":\"Roovi Business Website\",\"potentialAction\":[{\"@type\":\"SearchAction\",\"target\":{\"@type\":\"EntryPoint\",\"urlTemplate\":\"https:\/\/business.roovi.com\/hu\/?s={search_term_string}\"},\"query-input\":\"required name=search_term_string\"}],\"inLanguage\":\"hu\"}]}<\/script>\n<!-- \/ Yoast SEO plugin. -->","yoast_head_json":{"title":"Feln\u0151tt 1000 darabos puzzle Jean-Honor\u00e9 Fragonard - Boldog szerelmesek","description":"Feln\u0151tt 1000 darabos puzzle Jean-Honor\u00e9 Fragonard - Boldog szerelmesek","robots":{"index":"index","follow":"follow","max-snippet":"max-snippet:-1","max-image-preview":"max-image-preview:large","max-video-preview":"max-video-preview:-1"},"canonical":"https:\/\/business.roovi.com\/hu\/felnott-1000-darabos-puzzle-jean-honore-fragonard-boldog-szerelmesek\/p\/","og_locale":"hu_HU","og_type":"article","og_title":"Feln\u0151tt 1000 darabos puzzle Jean-Honor\u00e9 Fragonard - Boldog szerelmesek","og_description":"Feln\u0151tt 1000 darabos puzzle Jean-Honor\u00e9 Fragonard - Boldog szerelmesek","og_url":"https:\/\/business.roovi.com\/hu\/felnott-1000-darabos-puzzle-jean-honore-fragonard-boldog-szerelmesek\/p\/","og_site_name":"Roovi B2B","article_publisher":"https:\/\/www.facebook.com\/wwwjucariero","article_modified_time":"2022-07-06T18:29:15+00:00","og_image":[{"width":2000,"height":2000,"url":"https:\/\/business.roovi.com\/wp-content\/uploads\/2018\/04\/72702-02_ansamblu_dimensiuni_cutie_cm.png","type":"image\/png"}],"twitter_misc":{"Becs\u00fclt olvas\u00e1si id\u0151":"3 perc"},"schema":{"@context":"https:\/\/schema.org","@graph":[{"@type":"WebPage","@id":"https:\/\/business.roovi.com\/hu\/felnott-1000-darabos-puzzle-jean-honore-fragonard-boldog-szerelmesek\/p\/","url":"https:\/\/business.roovi.com\/hu\/felnott-1000-darabos-puzzle-jean-honore-fragonard-boldog-szerelmesek\/p\/","name":"Feln\u0151tt 1000 darabos puzzle Jean-Honor\u00e9 Fragonard - Boldog szerelmesek","isPartOf":{"@id":"https:\/\/business.roovi.com\/hu\/#website"},"datePublished":"2018-04-16T10:56:17+00:00","dateModified":"2022-07-06T18:29:15+00:00","description":"Feln\u0151tt 1000 darabos puzzle Jean-Honor\u00e9 Fragonard - Boldog szerelmesek","breadcrumb":{"@id":"https:\/\/business.roovi.com\/hu\/felnott-1000-darabos-puzzle-jean-honore-fragonard-boldog-szerelmesek\/p\/#breadcrumb"},"inLanguage":"hu","potentialAction":[{"@type":"ReadAction","target":["https:\/\/business.roovi.com\/hu\/felnott-1000-darabos-puzzle-jean-honore-fragonard-boldog-szerelmesek\/p\/"]}]},{"@type":"BreadcrumbList","@id":"https:\/\/business.roovi.com\/hu\/felnott-1000-darabos-puzzle-jean-honore-fragonard-boldog-szerelmesek\/p\/#breadcrumb","itemListElement":[{"@type":"ListItem","position":1,"name":"Home","item":"https:\/\/business.roovi.com\/hu\/"},{"@type":"ListItem","position":2,"name":"Shop","item":"https:\/\/business.roovi.com\/hu\/shop\/"},{"@type":"ListItem","position":3,"name":"Feln\u0151tt 1000 darabos puzzle Jean-Honor\u00e9 Fragonard &#8211; Boldog szerelmesek"}]},{"@type":"WebSite","@id":"https:\/\/business.roovi.com\/hu\/#website","url":"https:\/\/business.roovi.com\/hu\/","name":"Roovi B2B","description":"Roovi Business Website","potentialAction":[{"@type":"SearchAction","target":{"@type":"EntryPoint","urlTemplate":"https:\/\/business.roovi.com\/hu\/?s={search_term_string}"},"query-input":"required name=search_term_string"}],"inLanguage":"hu"}]}},"_links":{"self":[{"href":"https:\/\/business.roovi.com\/hu\/wp-json\/wp\/v2\/product\/41975","targetHints":{"allow":["GET"]}}],"collection":[{"href":"https:\/\/business.roovi.com\/hu\/wp-json\/wp\/v2\/product"}],"about":[{"href":"https:\/\/business.roovi.com\/hu\/wp-json\/wp\/v2\/types\/product"}],"version-history":[{"count":0,"href":"https:\/\/business.roovi.com\/hu\/wp-json\/wp\/v2\/product\/41975\/revisions"}],"wp:featuredmedia":[{"embeddable":true,"href":"https:\/\/business.roovi.com\/hu\/wp-json\/wp\/v2\/media\/63317"}],"wp:attachment":[{"href":"https:\/\/business.roovi.com\/hu\/wp-json\/wp\/v2\/media?parent=41975"}],"wp:term":[{"taxonomy":"product_brand","embeddable":true,"href":"https:\/\/business.roovi.com\/hu\/wp-json\/wp\/v2\/product_brand?post=41975"},{"taxonomy":"product_cat","embeddable":true,"href":"https:\/\/business.roovi.com\/hu\/wp-json\/wp\/v2\/product_cat?post=41975"},{"taxonomy":"product_tag","embeddable":true,"href":"https:\/\/business.roovi.com\/hu\/wp-json\/wp\/v2\/product_tag?post=41975"}],"curies":[{"name":"wp","href":"https:\/\/api.w.org\/{rel}","templated":true}]}}