{"id":41983,"date":"2018-04-16T10:56:17","date_gmt":"2018-04-16T10:56:17","guid":{"rendered":"https:\/\/business.roovi.com\/puzzle-adulti-1000-piese-jean-leon-gerome-pool-in-a-harem\/p\/"},"modified":"2022-07-06T18:29:29","modified_gmt":"2022-07-06T18:29:29","slug":"jean-leon-gerome-1000-darabos-felnott-puzzle-medence-a-haremben","status":"publish","type":"product","link":"https:\/\/business.roovi.com\/hu\/jean-leon-gerome-1000-darabos-felnott-puzzle-medence-a-haremben\/p\/","title":{"rendered":"Jean-L\u00e9on G\u00e9r\u00f4me 1000 darabos feln\u0151tt puzzle &#8211; Medence a h\u00e1remben"},"content":{"rendered":"<p><span style=\"font-weight: 400\">Nyugodt \u00e9s sz\u00f3rakoztat\u00f3 tev\u00e9kenys\u00e9get keres? Mit sz\u00f3ln\u00e1l n\u00e9h\u00e1ny m\u0171v\u00e9szi kirak\u00f3s \u00f6ssze\u00e1ll\u00edt\u00e1s\u00e1hoz? V\u00e1lasszon a vil\u00e1g legh\u00edresebb festm\u00e9nyeinek k\u00e9peit tartalmaz\u00f3 feln\u0151tt kirak\u00f3s j\u00e1t\u00e9kaink k\u00f6z\u00fcl, \u00e9s \u00e9p\u00edtse fel saj\u00e1t m\u0171v\u00e9szeti gy\u0171jtem\u00e9ny\u00e9t. 1000 darabos puzzle-nk\u00e9nt ak\u00e1r 30 \u00f3ra kikapcsol\u00f3d\u00e1st is garant\u00e1lunk. R\u00e1ad\u00e1sul gy\u00f6ny\u00f6r\u0171 m\u0171v\u00e9szi festm\u00e9nyeket k\u00e9sz\u00edthetsz, amelyek pomp\u00e1san fognak mutatni a falakon.<\/span><\/p>\n<p><span style=\"font-weight: 400\">Jean-L\u00e9on G\u00e9r\u00f4me 1000 darabos puzzle &#8211; Pool in a Harem\/Piscina in un harem c\u00edm\u0171 alkot\u00e1s\u00e1t aj\u00e1nljuk figyelm\u00e9be. 1000 darabos kirak\u00f3s, amely a 19. sz\u00e1zadi muzulm\u00e1n vil\u00e1g egy eddig nem l\u00e1tott r\u00e9sz\u00e9t meg\u00f6r\u00f6k\u00edt\u0151 m\u0171vet \u00e1br\u00e1zol. A m\u0171v\u00e9sz nem feledkezik meg az etnikai csoportok explicit \u00e1br\u00e1zol\u00e1s\u00e1r\u00f3l sem: a k\u00f6z\u00e9ppontban k\u00e9t feh\u00e9r n\u0151 \u00e9s egy fekete rabszolga l\u00e1that\u00f3. G\u00e9r\u00f4me gondosan megrajzolta a padl\u00f3burkolat, a m\u00e1rv\u00e1ny, a b\u00fatorok \u00e9s m\u00e9g a ruh\u00e1zat pontos r\u00e9szleteit is <\/span><\/p>\n<p><span style=\"font-weight: 400\">Nagyszer\u0171 munk\u00e1val \u00e1llsz szemben, amelyet t\u00fcrelemmel \u00e9s kitart\u00e1ssal fogsz \u00e1tdolgozni. A v\u00e9gleges festm\u00e9ny m\u00e9rete 50 x 70 cm, \u00e9s egy k\u00f6z\u00f6ns\u00e9ges doh\u00e1nyz\u00f3asztal seg\u00edts\u00e9g\u00e9vel \u00f6ssze\u00e1ll\u00edthat\u00f3.<\/span><\/p>\n<p><span style=\"font-weight: 400\">Tov\u00e1bbi r\u00e9szletek Jean-L\u00e9on G\u00e9r\u00f4me 1000 darabos kirak\u00f3s j\u00e1t\u00e9k\u00e1r\u00f3l &#8211; Medence a h\u00e1remben\/Piscina in un harem:<\/span><\/p>\n<p><strong>Puzzle anyag <\/strong><\/p>\n<p><strong>kiv\u00e1l\u00f3 min\u0151s\u00e9g\u0171 k\u00e9k karton<\/strong><\/p>\n<p><strong>fenntarthat\u00f3, \u00fajrahasznos\u00edthat\u00f3 anyagok<\/strong><\/p>\n<p><strong>f\u00e9lf\u00e9nyes kivitel, \u00e9l\u00e9nk sz\u00ednek<\/strong><\/p>\n<p><strong>A kirak\u00f3s darabok sz\u00e1ma: 1000<\/strong><\/p>\n<p><strong>Aj\u00e1nlott \u00e9letkor: 14+<\/strong><\/p>\n<p><strong>A m\u0171v\u00e9szeti rejtv\u00e9nyek legal\u00e1bb 5 k\u00e9szs\u00e9g fejleszt\u00e9s\u00e9t seg\u00edtik el\u0151<\/strong><\/p>\n<p><strong>Ezek a k\u00f6vetkez\u0151k:<\/strong><\/p>\n<p><strong> Figyelem a r\u00e9szletekre <\/strong><span style=\"font-weight: 400\">A m\u0171v\u00e9szeti rejtv\u00e9nyek seg\u00edts\u00e9g\u00e9vel \u00fagy \u00e9rezheted magad, mint egy igazi detekt\u00edv, aki a megfelel\u0151 darabokat keresi, \u00e9s megoldja a m\u0171alkot\u00e1s rejt\u00e9lyes \u00fcgy\u00e9t.<\/span><\/p>\n<p><strong> Logika<\/strong><span style=\"font-weight: 400\"> &#8211; a hasonl\u00f3an kin\u00e9z\u0151 \u00e9s a teljes k\u00e9pet alkot\u00f3 darabok egym\u00e1shoz illeszt\u00e9s\u00e9vel.<\/span><\/p>\n<p><strong> K\u00e9pzelet.<\/strong><span style=\"font-weight: 400\"> A m\u0171v\u00e9szeti rejtv\u00e9nyek megold\u00e1s\u00e1val felt\u00e1rulnak a m\u0171alkot\u00e1sok apr\u00f3 titkai, \u00e9s a k\u00e9pzeleted a sz\u00ednek vil\u00e1g\u00e1ba kalauzol.<\/span><\/p>\n<p><strong> Kitart\u00e1s.<\/strong><span style=\"font-weight: 400\"> A m\u0171v\u00e9szi rejtv\u00e9nyek seg\u00edts\u00e9g\u00e9vel gyakorolhatod ezt a k\u00e9pess\u00e9get, \u00e9s megtanulhatod, hogy soha ne add fel, m\u00e9g akkor sem, ha a helyzet rem\u00e9nytelennek t\u0171nik.<\/span><\/p>\n<p><strong> T\u00fcrelem<\/strong><span style=\"font-weight: 400\"> amely sikeres \u00e9lm\u00e9nny\u00e9 teszi a m\u0171v\u00e9szi puzzle-\u00f6ssze\u00e1ll\u00edt\u00e1s\u00e1t.<\/span><\/p>\n<p><strong>Mit nem tudott Jean-L\u00e9on G\u00e9r\u00f4me-r\u00f3l \u00e9s a Medence a h\u00e1remben c\u00edm\u0171 m\u0171r\u0151l? <\/strong><\/p>\n<p><span style=\"font-weight: 400\">A m\u0171v\u00e9sz ezt a m\u0171vet t\u00f6bb keleti l\u00e1togat\u00e1s ut\u00e1n k\u00e9sz\u00edtette.<\/span><\/p>\n<p><span style=\"font-weight: 400\">G\u00e9r\u00f4me az \u00e9p\u00edt\u00e9szetet \u00e9s a t\u00e1jat emeli ki az &#8222;akad\u00e9mikus realizmus&#8221; n\u00e9ven ismert technik\u00e1val <\/span><\/p>\n<p><span style=\"font-weight: 400\">Hogy a festm\u00e9nyt m\u00e9g k\u00fcl\u00f6nlegesebb\u00e9 tegye, a fest\u0151 Abdullah Freres m\u0171term\u00e9b\u0151l v\u00e1s\u00e1rolt k\u00e9peket az \u00e1br\u00e1zolt helyr\u0151l. Emiatt a festm\u00e9nyt d\u00edsz\u00edt\u00e9snek tekintik.<\/span><\/p>\n<p><span style=\"font-weight: 400\">A kritikus szellem\u00e9r\u0151l ismert fest\u0151 nyilv\u00e1nosan g\u00fanyol\u00f3dott impresszionista kort\u00e1rsai k\u00f6z\u00fcl \u00c9douard Manet \u00e9s Claude Monet felett <\/span><\/p>\n<p><span style=\"font-weight: 400\">\u00c9lete utols\u00f3 25 \u00e9v\u00e9t a szobr\u00e1szatnak szentelte.<\/span><\/p>\n<p><strong>A rejtv\u00e9nyj\u00e1t\u00e9kok elszak\u00edtanak a k\u00e9perny\u0151kt\u0151l, \u00e9s \u00f6sszek\u00f6tnek szeretteiddel!<\/strong><\/p>\n<p><span style=\"font-weight: 400\">Tartson egy kis sz\u00fcnetet a k\u00e9perny\u0151k el\u0151tt, \u00e9s fedezze fel az 1000 darabos kirak\u00f3s j\u00e1t\u00e9k sz\u00e9ps\u00e9g\u00e9t szeretteivel. Edzze a gyerekeit, nagysz\u00fcleit vagy bar\u00e1ti t\u00e1rsas\u00e1g\u00e1t ebben a tev\u00e9kenys\u00e9gben. Egy\u00fctt min\u0151s\u00e9gi id\u0151t t\u00f6lthetnek el, valamint jav\u00edtj\u00e1k a csapatmunk\u00e1ra \u00e9s a hat\u00e9kony kommunik\u00e1ci\u00f3ra val\u00f3 k\u00e9pess\u00e9g\u00fcket.<\/span><span style=\"font-weight: 400\">V\u00e1s\u00e1rolja meg most Jean-L\u00e9on G\u00e9r\u00f4me m\u0171v\u00e9szi puzzle-j\u00e9t &#8211; Pool in a Harem\/Pool in a Harem \u00e9s alkosson \u00fajra egy mes\u00e9s keleti jelenetet. Keretezd be az 1000 darabos kirak\u00f3sb\u00f3l elk\u00e9sz\u00fclt festm\u00e9nyt, \u00e9s helyezd el kedvenc szob\u00e1dban <\/span><span style=\"font-weight: 400\">Ha egy j\u00f3 bar\u00e1todnak szeretn\u00e9l kedves meglepet\u00e9st okozni, akkor ez a kirak\u00f3s j\u00e1t\u00e9k a m\u0171v\u00e9szi kirak\u00f3s gy\u0171jtem\u00e9nyb\u0151l a t\u00f6k\u00e9letes v\u00e1laszt\u00e1s!<\/span><\/p>\n","protected":false},"excerpt":{"rendered":"<p>Nyugodt \u00e9s sz\u00f3rakoztat\u00f3 tev\u00e9kenys\u00e9get keres? Mit sz\u00f3ln\u00e1l n\u00e9h\u00e1ny m\u0171v\u00e9szi kirak\u00f3s \u00f6ssze\u00e1ll\u00edt\u00e1s\u00e1hoz? V\u00e1lasszon a vil\u00e1g legh\u00edresebb festm\u00e9nyeinek k\u00e9peit tartalmaz\u00f3 feln\u0151tt kirak\u00f3s<\/p>\n","protected":false},"featured_media":63352,"template":"","meta":[],"product_brand":[],"product_cat":[1920,1919,1881],"product_tag":[],"class_list":{"0":"post-41983","1":"product","2":"type-product","3":"status-publish","4":"has-post-thumbnail","6":"product_cat-1000-darabos-kirakos-jatek","7":"product_cat-felnott-kirakos-jatekok","8":"product_cat-kirakos-jatekok","9":"pa_bax-10-hu","10":"pa_brand-d_toys-hu","11":"pa_country_of_manufacture-ro-hu","12":"pa_filter_age-14-hu","13":"pa_painter-jean-leon-gerome-hu","14":"pa_tip_ambalaj-doboz","15":"pa_tip_puzzle-klasszikus","17":"first","18":"instock","19":"taxable","20":"shipping-taxable","21":"product-type-simple"},"yoast_head":"<!-- This site is optimized with the Yoast SEO plugin v20.1 - https:\/\/yoast.com\/wordpress\/plugins\/seo\/ -->\n<title>Jean-L\u00e9on G\u00e9r\u00f4me 1000 darabos feln\u0151tt puzzle - Medence a h\u00e1remben<\/title>\n<meta name=\"description\" content=\"Jean-L\u00e9on G\u00e9r\u00f4me 1000 darabos feln\u0151tt puzzle - Medence a h\u00e1remben\" \/>\n<meta name=\"robots\" content=\"index, follow, max-snippet:-1, max-image-preview:large, max-video-preview:-1\" \/>\n<link rel=\"canonical\" href=\"https:\/\/business.roovi.com\/hu\/jean-leon-gerome-1000-darabos-felnott-puzzle-medence-a-haremben\/p\/\" \/>\n<meta property=\"og:locale\" content=\"hu_HU\" \/>\n<meta property=\"og:type\" content=\"article\" \/>\n<meta property=\"og:title\" content=\"Jean-L\u00e9on G\u00e9r\u00f4me 1000 darabos feln\u0151tt puzzle - Medence a h\u00e1remben\" \/>\n<meta property=\"og:description\" content=\"Jean-L\u00e9on G\u00e9r\u00f4me 1000 darabos feln\u0151tt puzzle - Medence a h\u00e1remben\" \/>\n<meta property=\"og:url\" content=\"https:\/\/business.roovi.com\/hu\/jean-leon-gerome-1000-darabos-felnott-puzzle-medence-a-haremben\/p\/\" \/>\n<meta property=\"og:site_name\" content=\"Roovi B2B\" \/>\n<meta property=\"article:publisher\" content=\"https:\/\/www.facebook.com\/wwwjucariero\" \/>\n<meta property=\"article:modified_time\" content=\"2022-07-06T18:29:29+00:00\" \/>\n<meta property=\"og:image\" content=\"https:\/\/business.roovi.com\/wp-content\/uploads\/2018\/04\/ansamblu_dimensiuni_cutie_cm_1200x1200.png\" \/>\n\t<meta property=\"og:image:width\" content=\"1200\" \/>\n\t<meta property=\"og:image:height\" content=\"1200\" \/>\n\t<meta property=\"og:image:type\" content=\"image\/png\" \/>\n<meta name=\"twitter:label1\" content=\"Becs\u00fclt olvas\u00e1si id\u0151\" \/>\n\t<meta name=\"twitter:data1\" content=\"4 perc\" \/>\n<script type=\"application\/ld+json\" class=\"yoast-schema-graph\">{\"@context\":\"https:\/\/schema.org\",\"@graph\":[{\"@type\":\"WebPage\",\"@id\":\"https:\/\/business.roovi.com\/hu\/jean-leon-gerome-1000-darabos-felnott-puzzle-medence-a-haremben\/p\/\",\"url\":\"https:\/\/business.roovi.com\/hu\/jean-leon-gerome-1000-darabos-felnott-puzzle-medence-a-haremben\/p\/\",\"name\":\"Jean-L\u00e9on G\u00e9r\u00f4me 1000 darabos feln\u0151tt puzzle - Medence a h\u00e1remben\",\"isPartOf\":{\"@id\":\"https:\/\/business.roovi.com\/hu\/#website\"},\"datePublished\":\"2018-04-16T10:56:17+00:00\",\"dateModified\":\"2022-07-06T18:29:29+00:00\",\"description\":\"Jean-L\u00e9on G\u00e9r\u00f4me 1000 darabos feln\u0151tt puzzle - Medence a h\u00e1remben\",\"breadcrumb\":{\"@id\":\"https:\/\/business.roovi.com\/hu\/jean-leon-gerome-1000-darabos-felnott-puzzle-medence-a-haremben\/p\/#breadcrumb\"},\"inLanguage\":\"hu\",\"potentialAction\":[{\"@type\":\"ReadAction\",\"target\":[\"https:\/\/business.roovi.com\/hu\/jean-leon-gerome-1000-darabos-felnott-puzzle-medence-a-haremben\/p\/\"]}]},{\"@type\":\"BreadcrumbList\",\"@id\":\"https:\/\/business.roovi.com\/hu\/jean-leon-gerome-1000-darabos-felnott-puzzle-medence-a-haremben\/p\/#breadcrumb\",\"itemListElement\":[{\"@type\":\"ListItem\",\"position\":1,\"name\":\"Home\",\"item\":\"https:\/\/business.roovi.com\/hu\/\"},{\"@type\":\"ListItem\",\"position\":2,\"name\":\"Shop\",\"item\":\"https:\/\/business.roovi.com\/hu\/shop\/\"},{\"@type\":\"ListItem\",\"position\":3,\"name\":\"Jean-L\u00e9on G\u00e9r\u00f4me 1000 darabos feln\u0151tt puzzle &#8211; Medence a h\u00e1remben\"}]},{\"@type\":\"WebSite\",\"@id\":\"https:\/\/business.roovi.com\/hu\/#website\",\"url\":\"https:\/\/business.roovi.com\/hu\/\",\"name\":\"Roovi B2B\",\"description\":\"Roovi Business Website\",\"potentialAction\":[{\"@type\":\"SearchAction\",\"target\":{\"@type\":\"EntryPoint\",\"urlTemplate\":\"https:\/\/business.roovi.com\/hu\/?s={search_term_string}\"},\"query-input\":\"required name=search_term_string\"}],\"inLanguage\":\"hu\"}]}<\/script>\n<!-- \/ Yoast SEO plugin. -->","yoast_head_json":{"title":"Jean-L\u00e9on G\u00e9r\u00f4me 1000 darabos feln\u0151tt puzzle - Medence a h\u00e1remben","description":"Jean-L\u00e9on G\u00e9r\u00f4me 1000 darabos feln\u0151tt puzzle - Medence a h\u00e1remben","robots":{"index":"index","follow":"follow","max-snippet":"max-snippet:-1","max-image-preview":"max-image-preview:large","max-video-preview":"max-video-preview:-1"},"canonical":"https:\/\/business.roovi.com\/hu\/jean-leon-gerome-1000-darabos-felnott-puzzle-medence-a-haremben\/p\/","og_locale":"hu_HU","og_type":"article","og_title":"Jean-L\u00e9on G\u00e9r\u00f4me 1000 darabos feln\u0151tt puzzle - Medence a h\u00e1remben","og_description":"Jean-L\u00e9on G\u00e9r\u00f4me 1000 darabos feln\u0151tt puzzle - Medence a h\u00e1remben","og_url":"https:\/\/business.roovi.com\/hu\/jean-leon-gerome-1000-darabos-felnott-puzzle-medence-a-haremben\/p\/","og_site_name":"Roovi B2B","article_publisher":"https:\/\/www.facebook.com\/wwwjucariero","article_modified_time":"2022-07-06T18:29:29+00:00","og_image":[{"width":1200,"height":1200,"url":"https:\/\/business.roovi.com\/wp-content\/uploads\/2018\/04\/ansamblu_dimensiuni_cutie_cm_1200x1200.png","type":"image\/png"}],"twitter_misc":{"Becs\u00fclt olvas\u00e1si id\u0151":"4 perc"},"schema":{"@context":"https:\/\/schema.org","@graph":[{"@type":"WebPage","@id":"https:\/\/business.roovi.com\/hu\/jean-leon-gerome-1000-darabos-felnott-puzzle-medence-a-haremben\/p\/","url":"https:\/\/business.roovi.com\/hu\/jean-leon-gerome-1000-darabos-felnott-puzzle-medence-a-haremben\/p\/","name":"Jean-L\u00e9on G\u00e9r\u00f4me 1000 darabos feln\u0151tt puzzle - Medence a h\u00e1remben","isPartOf":{"@id":"https:\/\/business.roovi.com\/hu\/#website"},"datePublished":"2018-04-16T10:56:17+00:00","dateModified":"2022-07-06T18:29:29+00:00","description":"Jean-L\u00e9on G\u00e9r\u00f4me 1000 darabos feln\u0151tt puzzle - Medence a h\u00e1remben","breadcrumb":{"@id":"https:\/\/business.roovi.com\/hu\/jean-leon-gerome-1000-darabos-felnott-puzzle-medence-a-haremben\/p\/#breadcrumb"},"inLanguage":"hu","potentialAction":[{"@type":"ReadAction","target":["https:\/\/business.roovi.com\/hu\/jean-leon-gerome-1000-darabos-felnott-puzzle-medence-a-haremben\/p\/"]}]},{"@type":"BreadcrumbList","@id":"https:\/\/business.roovi.com\/hu\/jean-leon-gerome-1000-darabos-felnott-puzzle-medence-a-haremben\/p\/#breadcrumb","itemListElement":[{"@type":"ListItem","position":1,"name":"Home","item":"https:\/\/business.roovi.com\/hu\/"},{"@type":"ListItem","position":2,"name":"Shop","item":"https:\/\/business.roovi.com\/hu\/shop\/"},{"@type":"ListItem","position":3,"name":"Jean-L\u00e9on G\u00e9r\u00f4me 1000 darabos feln\u0151tt puzzle &#8211; Medence a h\u00e1remben"}]},{"@type":"WebSite","@id":"https:\/\/business.roovi.com\/hu\/#website","url":"https:\/\/business.roovi.com\/hu\/","name":"Roovi B2B","description":"Roovi Business Website","potentialAction":[{"@type":"SearchAction","target":{"@type":"EntryPoint","urlTemplate":"https:\/\/business.roovi.com\/hu\/?s={search_term_string}"},"query-input":"required name=search_term_string"}],"inLanguage":"hu"}]}},"_links":{"self":[{"href":"https:\/\/business.roovi.com\/hu\/wp-json\/wp\/v2\/product\/41983","targetHints":{"allow":["GET"]}}],"collection":[{"href":"https:\/\/business.roovi.com\/hu\/wp-json\/wp\/v2\/product"}],"about":[{"href":"https:\/\/business.roovi.com\/hu\/wp-json\/wp\/v2\/types\/product"}],"version-history":[{"count":0,"href":"https:\/\/business.roovi.com\/hu\/wp-json\/wp\/v2\/product\/41983\/revisions"}],"wp:featuredmedia":[{"embeddable":true,"href":"https:\/\/business.roovi.com\/hu\/wp-json\/wp\/v2\/media\/63352"}],"wp:attachment":[{"href":"https:\/\/business.roovi.com\/hu\/wp-json\/wp\/v2\/media?parent=41983"}],"wp:term":[{"taxonomy":"product_brand","embeddable":true,"href":"https:\/\/business.roovi.com\/hu\/wp-json\/wp\/v2\/product_brand?post=41983"},{"taxonomy":"product_cat","embeddable":true,"href":"https:\/\/business.roovi.com\/hu\/wp-json\/wp\/v2\/product_cat?post=41983"},{"taxonomy":"product_tag","embeddable":true,"href":"https:\/\/business.roovi.com\/hu\/wp-json\/wp\/v2\/product_tag?post=41983"}],"curies":[{"name":"wp","href":"https:\/\/api.w.org\/{rel}","templated":true}]}}