{"id":41987,"date":"2018-04-16T10:56:17","date_gmt":"2018-04-16T10:56:17","guid":{"rendered":"https:\/\/business.roovi.com\/puzzle-adulti-1000-piese-jean-leon-gerome-carpet-merchant-in-cairo\/p\/"},"modified":"2022-07-06T18:29:38","modified_gmt":"2022-07-06T18:29:38","slug":"jean-leon-gerome-1000-darabos-felnott-puzzle-szonyegkereskedo-kairoban","status":"publish","type":"product","link":"https:\/\/business.roovi.com\/hu\/jean-leon-gerome-1000-darabos-felnott-puzzle-szonyegkereskedo-kairoban\/p\/","title":{"rendered":"Jean-L\u00e9on G\u00e9r\u00f4me 1000 darabos feln\u0151tt puzzle &#8211; Sz\u0151nyegkeresked\u0151 Kair\u00f3ban"},"content":{"rendered":"<p><span style=\"font-weight: 400\">Egy pihentet\u0151 tev\u00e9kenys\u00e9get keresel, ami kiz\u00f6kkent a mindennapokb\u00f3l? Rakd \u00f6ssze az 1000 darabos rejtv\u00e9nyeket Rom\u00e1nia legnagyobb m\u0171v\u00e9szeti rejtv\u00e9nygy\u0171jtem\u00e9ny\u00e9b\u0151l, \u00e9s add \u00e9rt\u00e9ket a szabadid\u0151dnek! Ezenk\u00edv\u00fcl lehet\u0151s\u00e9ge van arra, hogy k\u00fcl\u00f6nleges d\u00edszt\u00e1rgyakkal d\u00edsz\u00edtse otthon\u00e1t: m\u0171v\u00e9szi puzzle-darabokb\u00f3l k\u00e9sz\u00fclt festm\u00e9nyekkel.<\/span><\/p>\n<p><span style=\"font-weight: 400\">Ha az arab vil\u00e1g egzotikum\u00e1t \u00e9s titokzatoss\u00e1g\u00e1t kedveli, az 1000 darabos Jean-L\u00e9on G\u00e9r\u00f4me &#8211; Sz\u0151nyegkeresked\u0151 Kair\u00f3ban puzzle t\u00f6k\u00e9letes v\u00e1laszt\u00e1s. Keresse meg ebben a m\u0171v\u00e9szeti rejtv\u00e9nyben azt a csod\u00e1latos festm\u00e9nyt, amely egy kair\u00f3i sz\u0151nyegpiacot \u00e1br\u00e1zol, amelyet a m\u0171v\u00e9sz 1885-ben l\u00e1togatott meg. Ez a festm\u00e9ny egyike annak az orientalista festm\u00e9nysorozatnak, amelyet G\u00e9r\u00f4me k\u00f6zel-keleti utaz\u00e1sai ut\u00e1n k\u00e9sz\u00edtett. Most egyed\u00fcl\u00e1ll\u00f3 lehet\u0151s\u00e9g ny\u00edlik arra, hogy felfedezze a 19. sz\u00e1zad leny\u0171g\u00f6z\u0151 arab vil\u00e1g\u00e1nak egy kis r\u00e9sz\u00e9t a francia m\u0171v\u00e9sz szem\u00e9vel. A rekonstru\u00e1lt k\u00e9p m\u00e9rete 50 x 70 cm, \u00e9s egy k\u00f6z\u00f6ns\u00e9ges doh\u00e1nyz\u00f3asztal seg\u00edts\u00e9g\u00e9vel \u00f6ssze\u00e1ll\u00edthat\u00f3.<\/span><\/p>\n<p><span style=\"font-weight: 400\">A Jean-L\u00e9on G\u00e9r\u00f4me &#8211; Sz\u0151nyegkeresked\u0151 Kair\u00f3ban c\u00edm\u0171 m\u0171v\u00e9szeti kirak\u00f3sr\u00f3l itt olvashat b\u0151vebben:<\/span><\/p>\n<p><strong>Anyag puzzle <\/strong><\/p>\n<p><strong>kiv\u00e1l\u00f3 min\u0151s\u00e9g\u0171 k\u00e9k karton<\/strong><\/p>\n<p><strong>fenntarthat\u00f3, \u00fajrahasznos\u00edthat\u00f3 anyagok<\/strong><\/p>\n<p><strong>f\u00e9lf\u00e9nyes kivitel, \u00e9l\u00e9nk sz\u00ednek<\/strong><\/p>\n<p><strong>A kirak\u00f3s darabok sz\u00e1ma: 1000<\/strong><\/p>\n<p><strong>Aj\u00e1nlott \u00e9letkor: 14+<\/strong><\/p>\n<p><strong>A kirak\u00f3s j\u00e1t\u00e9kok remek m\u00f3dja annak, hogy kapcsolatot teremts\u00fcnk a szeretteinkkel<\/strong><\/p>\n<p><span style=\"font-weight: 400\">Olyan tev\u00e9kenys\u00e9get keresel, amely k\u00f6zelebb visz a gyerekekhez? Fontolja meg a feln\u0151tteknek sz\u00f3l\u00f3 rejtv\u00e9nyek \u00f6ssze\u00e1ll\u00edt\u00e1s\u00e1t. A gyerekek fog\u00e9konyak a csal\u00e1di j\u00e1t\u00e9kokra, \u00e9s biztosan \u00e9rt\u00e9kelni fogj\u00e1k az egy\u00fctt t\u00f6lt\u00f6tt id\u0151t. Ezt a pihentet\u0151 tev\u00e9kenys\u00e9get aj\u00e1nlhatja bar\u00e1tainak is h\u00e9tv\u00e9g\u00e9kre, amikor a rossz id\u0151j\u00e1r\u00e1s miatt nem lehet bent maradni.<\/span><\/p>\n<p><strong>A puzzle j\u00e1t\u00e9kok t\u00e1vol tartanak a k\u00e9perny\u0151kt\u0151l<\/strong><\/p>\n<p><span style=\"font-weight: 400\">A modern eszk\u00f6z\u00f6k k\u00e9perny\u0151it\u0151l val\u00f3 t\u00e1volmarad\u00e1s neh\u00e9z lehet, de a fizikai \u00e9s ment\u00e1lis eg\u00e9szs\u00e9g szempontj\u00e1b\u00f3l l\u00e9tfontoss\u00e1g\u00fa feladat. A rejtv\u00e9nyj\u00e1t\u00e9kok minden figyelmedet lek\u00f6tik, \u00e9s var\u00e1zslatoss\u00e1 v\u00e1lnak, ha egyszer m\u00e1r r\u00e1kattant\u00e1l <\/span><\/p>\n<p><strong>A puzzle j\u00e1t\u00e9kok akt\u00edvan tartj\u00e1k az agyat<\/strong><\/p>\n<p><span style=\"font-weight: 400\">Rakd \u00f6ssze az 1000 darabos rejtv\u00e9nyeket, \u00e9s edzd az agyad minden nap! Ez a tev\u00e9kenys\u00e9g seg\u00edt fejleszteni a probl\u00e9mamegold\u00f3 k\u00e9szs\u00e9get, valamint m\u00e1s k\u00e9szs\u00e9geket, p\u00e9ld\u00e1ul a koncentr\u00e1ci\u00f3t \u00e9s a r\u00e9szletekre val\u00f3 odafigyel\u00e9st.<\/span><\/p>\n<p><strong>Tudt\u00e1l Jean-L\u00e9on G\u00e9r\u00f4me-r\u00f3l?&#8230;<\/strong><\/p>\n<p><span style=\"font-weight: 400\">K\u00f6zel-keleti utaz\u00e1sai sor\u00e1n k\u00fcl\u00f6nb\u00f6z\u0151 t\u00e1rgyi eml\u00e9keket gy\u0171jt\u00f6tt, amelyeket k\u00e9s\u0151bb festm\u00e9nyein felhaszn\u00e1lt.<\/span><\/p>\n<p><span style=\"font-weight: 400\">Keleties m\u0171vei k\u00f6z\u00fcl sokat a k\u00e9pzelete hozott l\u00e9tre.<\/span><\/p>\n<p><span style=\"font-weight: 400\">Transzatlanti sikert aratott. \u00c9let\u00e9ben 144 festm\u00e9nyt adott el gazdag amerikaiaknak, akik komplexnek \u00e9s tanuls\u00e1gosnak tal\u00e1lt\u00e1k munk\u00e1ss\u00e1g\u00e1t.<\/span><\/p>\n<p><span style=\"font-weight: 400\">Az impresszionist\u00e1k \u00e9les kritikusa volt.<\/span><\/p>\n<p><span style=\"font-weight: 400\">\u00c9lete utols\u00f3 25 \u00e9v\u00e9t a szobr\u00e1szatnak szentelte.<\/span><\/p>\n<p><span style=\"font-weight: 400\">V\u00e1lasszon m\u0171v\u00e9szeti rejtv\u00e9nyeket, \u00e9s meg is fogja:<\/span><\/p>\n<ul>\n<li><strong>jav\u00edtsa eszt\u00e9tikai \u00e9rz\u00e9k\u00e9t.<\/strong><\/li>\n<li><strong>val\u00f3di m\u0171v\u00e9szeti festm\u00e9nyeket k\u00e9sz\u00edtsen.<\/strong><\/li>\n<li><strong>fejleszd a k\u00e9pzel\u0151er\u0151det <\/strong><\/li>\n<li><strong>jav\u00edtja a kirak\u00f3s j\u00e1t\u00e9kok befejez\u00e9s\u00e9nek k\u00e9pess\u00e9g\u00e9t.<\/strong><\/li>\n<\/ul>\n<p><span style=\"font-weight: 400\">K\u00e9sz\u00edtsd el saj\u00e1t, \u00e9l\u00e9nk sz\u00edn\u0171 m\u0171alkot\u00e1sodat most az 1000 darabos Jean-L\u00e9on G\u00e9r\u00f4me &#8211; Sz\u0151nyegkeresked\u0151 Kair\u00f3ban kirak\u00f3val. V\u00e1s\u00e1rolja meg ezt a csod\u00e1latos m\u0171v\u00e9szeti puzzle-t, \u00e9s \u00e9lvezze a m\u00e9ly festm\u00e9nyt keleti t\u00e9m\u00e1val. Ez a feln\u0151tt puzzle lehet az els\u0151 a saj\u00e1t m\u0171v\u00e9szi puzzle gy\u0171jtem\u00e9nyedben. Rendelje meg, szerelje \u00f6ssze, keretezze be! <\/span><\/p>\n<p><span style=\"font-weight: 400\">Ha aj\u00e1nd\u00e9kot keresel egy k\u00fcl\u00f6nleges bar\u00e1todnak, Jean-L\u00e9on G\u00e9r\u00f4me 1000 darabos puzzle-ja &#8211; Sz\u0151nyegkeresked\u0151 Kair\u00f3ban t\u00f6k\u00e9letes v\u00e1laszt\u00e1s!<\/span><\/p><\/p>\n","protected":false},"excerpt":{"rendered":"<p>Egy pihentet\u0151 tev\u00e9kenys\u00e9get keresel, ami kiz\u00f6kkent a mindennapokb\u00f3l? Rakd \u00f6ssze az 1000 darabos rejtv\u00e9nyeket Rom\u00e1nia legnagyobb m\u0171v\u00e9szeti rejtv\u00e9nygy\u0171jtem\u00e9ny\u00e9b\u0151l, \u00e9s add<\/p>\n","protected":false},"featured_media":63360,"template":"","meta":[],"product_brand":[],"product_cat":[1607,1608,1610],"product_tag":[],"class_list":{"0":"post-41987","1":"product","2":"type-product","3":"status-publish","4":"has-post-thumbnail","6":"product_cat-puzzles","7":"product_cat-adult-jigsaw-puzzles","8":"product_cat-1000-piece-jigsaw-puzzles","9":"pa_bax-10-en","10":"pa_brand-d_toys-en","11":"pa_country_of_manufacture-ro-en","12":"pa_filter_age-14-en","13":"pa_painter-jean_leongerome-en","14":"pa_tip_ambalaj-box","15":"pa_tip_puzzle-classic","17":"first","18":"instock","19":"taxable","20":"shipping-taxable","21":"product-type-simple"},"yoast_head":"<!-- This site is optimized with the Yoast SEO plugin v20.1 - https:\/\/yoast.com\/wordpress\/plugins\/seo\/ -->\n<title>Jean-L\u00e9on G\u00e9r\u00f4me 1000 darabos feln\u0151tt puzzle - Sz\u0151nyegkeresked\u0151 Kair\u00f3ban<\/title>\n<meta name=\"description\" content=\"Jean-L\u00e9on G\u00e9r\u00f4me 1000 darabos feln\u0151tt puzzle - Sz\u0151nyegkeresked\u0151 Kair\u00f3ban\" \/>\n<meta name=\"robots\" content=\"index, follow, max-snippet:-1, max-image-preview:large, max-video-preview:-1\" \/>\n<link rel=\"canonical\" href=\"https:\/\/business.roovi.com\/hu\/jean-leon-gerome-1000-darabos-felnott-puzzle-szonyegkereskedo-kairoban\/p\/\" \/>\n<meta property=\"og:locale\" content=\"hu_HU\" \/>\n<meta property=\"og:type\" content=\"article\" \/>\n<meta property=\"og:title\" content=\"Jean-L\u00e9on G\u00e9r\u00f4me 1000 darabos feln\u0151tt puzzle - Sz\u0151nyegkeresked\u0151 Kair\u00f3ban\" \/>\n<meta property=\"og:description\" content=\"Jean-L\u00e9on G\u00e9r\u00f4me 1000 darabos feln\u0151tt puzzle - Sz\u0151nyegkeresked\u0151 Kair\u00f3ban\" \/>\n<meta property=\"og:url\" content=\"https:\/\/business.roovi.com\/hu\/jean-leon-gerome-1000-darabos-felnott-puzzle-szonyegkereskedo-kairoban\/p\/\" \/>\n<meta property=\"og:site_name\" content=\"Roovi B2B\" \/>\n<meta property=\"article:publisher\" content=\"https:\/\/www.facebook.com\/wwwjucariero\" \/>\n<meta property=\"article:modified_time\" content=\"2022-07-06T18:29:38+00:00\" \/>\n<meta property=\"og:image\" content=\"https:\/\/business.roovi.com\/wp-content\/uploads\/2018\/04\/72726-03_ansamblu_dimensiuni_cutie_cm_1200x1200.png\" \/>\n\t<meta property=\"og:image:width\" content=\"1200\" \/>\n\t<meta property=\"og:image:height\" content=\"1200\" \/>\n\t<meta property=\"og:image:type\" content=\"image\/png\" \/>\n<meta name=\"twitter:label1\" content=\"Becs\u00fclt olvas\u00e1si id\u0151\" \/>\n\t<meta name=\"twitter:data1\" content=\"4 perc\" \/>\n<script type=\"application\/ld+json\" class=\"yoast-schema-graph\">{\"@context\":\"https:\/\/schema.org\",\"@graph\":[{\"@type\":\"WebPage\",\"@id\":\"https:\/\/business.roovi.com\/hu\/jean-leon-gerome-1000-darabos-felnott-puzzle-szonyegkereskedo-kairoban\/p\/\",\"url\":\"https:\/\/business.roovi.com\/hu\/jean-leon-gerome-1000-darabos-felnott-puzzle-szonyegkereskedo-kairoban\/p\/\",\"name\":\"Jean-L\u00e9on G\u00e9r\u00f4me 1000 darabos feln\u0151tt puzzle - Sz\u0151nyegkeresked\u0151 Kair\u00f3ban\",\"isPartOf\":{\"@id\":\"https:\/\/business.roovi.com\/hu\/#website\"},\"datePublished\":\"2018-04-16T10:56:17+00:00\",\"dateModified\":\"2022-07-06T18:29:38+00:00\",\"description\":\"Jean-L\u00e9on G\u00e9r\u00f4me 1000 darabos feln\u0151tt puzzle - Sz\u0151nyegkeresked\u0151 Kair\u00f3ban\",\"breadcrumb\":{\"@id\":\"https:\/\/business.roovi.com\/hu\/jean-leon-gerome-1000-darabos-felnott-puzzle-szonyegkereskedo-kairoban\/p\/#breadcrumb\"},\"inLanguage\":\"hu\",\"potentialAction\":[{\"@type\":\"ReadAction\",\"target\":[\"https:\/\/business.roovi.com\/hu\/jean-leon-gerome-1000-darabos-felnott-puzzle-szonyegkereskedo-kairoban\/p\/\"]}]},{\"@type\":\"BreadcrumbList\",\"@id\":\"https:\/\/business.roovi.com\/hu\/jean-leon-gerome-1000-darabos-felnott-puzzle-szonyegkereskedo-kairoban\/p\/#breadcrumb\",\"itemListElement\":[{\"@type\":\"ListItem\",\"position\":1,\"name\":\"Home\",\"item\":\"https:\/\/business.roovi.com\/hu\/\"},{\"@type\":\"ListItem\",\"position\":2,\"name\":\"Shop\",\"item\":\"https:\/\/business.roovi.com\/hu\/shop\/\"},{\"@type\":\"ListItem\",\"position\":3,\"name\":\"Jean-L\u00e9on G\u00e9r\u00f4me 1000 darabos feln\u0151tt puzzle &#8211; Sz\u0151nyegkeresked\u0151 Kair\u00f3ban\"}]},{\"@type\":\"WebSite\",\"@id\":\"https:\/\/business.roovi.com\/hu\/#website\",\"url\":\"https:\/\/business.roovi.com\/hu\/\",\"name\":\"Roovi B2B\",\"description\":\"Roovi Business Website\",\"potentialAction\":[{\"@type\":\"SearchAction\",\"target\":{\"@type\":\"EntryPoint\",\"urlTemplate\":\"https:\/\/business.roovi.com\/hu\/?s={search_term_string}\"},\"query-input\":\"required name=search_term_string\"}],\"inLanguage\":\"hu\"}]}<\/script>\n<!-- \/ Yoast SEO plugin. -->","yoast_head_json":{"title":"Jean-L\u00e9on G\u00e9r\u00f4me 1000 darabos feln\u0151tt puzzle - Sz\u0151nyegkeresked\u0151 Kair\u00f3ban","description":"Jean-L\u00e9on G\u00e9r\u00f4me 1000 darabos feln\u0151tt puzzle - Sz\u0151nyegkeresked\u0151 Kair\u00f3ban","robots":{"index":"index","follow":"follow","max-snippet":"max-snippet:-1","max-image-preview":"max-image-preview:large","max-video-preview":"max-video-preview:-1"},"canonical":"https:\/\/business.roovi.com\/hu\/jean-leon-gerome-1000-darabos-felnott-puzzle-szonyegkereskedo-kairoban\/p\/","og_locale":"hu_HU","og_type":"article","og_title":"Jean-L\u00e9on G\u00e9r\u00f4me 1000 darabos feln\u0151tt puzzle - Sz\u0151nyegkeresked\u0151 Kair\u00f3ban","og_description":"Jean-L\u00e9on G\u00e9r\u00f4me 1000 darabos feln\u0151tt puzzle - Sz\u0151nyegkeresked\u0151 Kair\u00f3ban","og_url":"https:\/\/business.roovi.com\/hu\/jean-leon-gerome-1000-darabos-felnott-puzzle-szonyegkereskedo-kairoban\/p\/","og_site_name":"Roovi B2B","article_publisher":"https:\/\/www.facebook.com\/wwwjucariero","article_modified_time":"2022-07-06T18:29:38+00:00","og_image":[{"width":1200,"height":1200,"url":"https:\/\/business.roovi.com\/wp-content\/uploads\/2018\/04\/72726-03_ansamblu_dimensiuni_cutie_cm_1200x1200.png","type":"image\/png"}],"twitter_misc":{"Becs\u00fclt olvas\u00e1si id\u0151":"4 perc"},"schema":{"@context":"https:\/\/schema.org","@graph":[{"@type":"WebPage","@id":"https:\/\/business.roovi.com\/hu\/jean-leon-gerome-1000-darabos-felnott-puzzle-szonyegkereskedo-kairoban\/p\/","url":"https:\/\/business.roovi.com\/hu\/jean-leon-gerome-1000-darabos-felnott-puzzle-szonyegkereskedo-kairoban\/p\/","name":"Jean-L\u00e9on G\u00e9r\u00f4me 1000 darabos feln\u0151tt puzzle - Sz\u0151nyegkeresked\u0151 Kair\u00f3ban","isPartOf":{"@id":"https:\/\/business.roovi.com\/hu\/#website"},"datePublished":"2018-04-16T10:56:17+00:00","dateModified":"2022-07-06T18:29:38+00:00","description":"Jean-L\u00e9on G\u00e9r\u00f4me 1000 darabos feln\u0151tt puzzle - Sz\u0151nyegkeresked\u0151 Kair\u00f3ban","breadcrumb":{"@id":"https:\/\/business.roovi.com\/hu\/jean-leon-gerome-1000-darabos-felnott-puzzle-szonyegkereskedo-kairoban\/p\/#breadcrumb"},"inLanguage":"hu","potentialAction":[{"@type":"ReadAction","target":["https:\/\/business.roovi.com\/hu\/jean-leon-gerome-1000-darabos-felnott-puzzle-szonyegkereskedo-kairoban\/p\/"]}]},{"@type":"BreadcrumbList","@id":"https:\/\/business.roovi.com\/hu\/jean-leon-gerome-1000-darabos-felnott-puzzle-szonyegkereskedo-kairoban\/p\/#breadcrumb","itemListElement":[{"@type":"ListItem","position":1,"name":"Home","item":"https:\/\/business.roovi.com\/hu\/"},{"@type":"ListItem","position":2,"name":"Shop","item":"https:\/\/business.roovi.com\/hu\/shop\/"},{"@type":"ListItem","position":3,"name":"Jean-L\u00e9on G\u00e9r\u00f4me 1000 darabos feln\u0151tt puzzle &#8211; Sz\u0151nyegkeresked\u0151 Kair\u00f3ban"}]},{"@type":"WebSite","@id":"https:\/\/business.roovi.com\/hu\/#website","url":"https:\/\/business.roovi.com\/hu\/","name":"Roovi B2B","description":"Roovi Business Website","potentialAction":[{"@type":"SearchAction","target":{"@type":"EntryPoint","urlTemplate":"https:\/\/business.roovi.com\/hu\/?s={search_term_string}"},"query-input":"required name=search_term_string"}],"inLanguage":"hu"}]}},"_links":{"self":[{"href":"https:\/\/business.roovi.com\/hu\/wp-json\/wp\/v2\/product\/41987","targetHints":{"allow":["GET"]}}],"collection":[{"href":"https:\/\/business.roovi.com\/hu\/wp-json\/wp\/v2\/product"}],"about":[{"href":"https:\/\/business.roovi.com\/hu\/wp-json\/wp\/v2\/types\/product"}],"version-history":[{"count":0,"href":"https:\/\/business.roovi.com\/hu\/wp-json\/wp\/v2\/product\/41987\/revisions"}],"wp:featuredmedia":[{"embeddable":true,"href":"https:\/\/business.roovi.com\/hu\/wp-json\/wp\/v2\/media\/63360"}],"wp:attachment":[{"href":"https:\/\/business.roovi.com\/hu\/wp-json\/wp\/v2\/media?parent=41987"}],"wp:term":[{"taxonomy":"product_brand","embeddable":true,"href":"https:\/\/business.roovi.com\/hu\/wp-json\/wp\/v2\/product_brand?post=41987"},{"taxonomy":"product_cat","embeddable":true,"href":"https:\/\/business.roovi.com\/hu\/wp-json\/wp\/v2\/product_cat?post=41987"},{"taxonomy":"product_tag","embeddable":true,"href":"https:\/\/business.roovi.com\/hu\/wp-json\/wp\/v2\/product_tag?post=41987"}],"curies":[{"name":"wp","href":"https:\/\/api.w.org\/{rel}","templated":true}]}}