{"id":41991,"date":"2018-04-16T10:56:17","date_gmt":"2018-04-16T10:56:17","guid":{"rendered":"https:\/\/business.roovi.com\/puzzle-adulti-1000-piese-jean-leon-gerome-diogenes\/p\/"},"modified":"2022-07-06T18:29:46","modified_gmt":"2022-07-06T18:29:46","slug":"1000-darabos-felnott-puzzle-jean-leon-gerome-diogenes","status":"publish","type":"product","link":"https:\/\/business.roovi.com\/hu\/1000-darabos-felnott-puzzle-jean-leon-gerome-diogenes\/p\/","title":{"rendered":"1000 darabos feln\u0151tt puzzle Jean-L\u00e9on G\u00e9r\u00f4me &#8211; Diogenes"},"content":{"rendered":"<p><span style=\"font-weight: 400\">K\u00e9szen \u00e1llsz egy \u00faj kih\u00edv\u00e1sra? \u00c1ll\u00edts \u00f6ssze m\u0171v\u00e9szeti rejtv\u00e9nyeket, \u00e9s k\u00e9sz\u00edtsd el saj\u00e1t m\u0171v\u00e9szi festm\u00e9nyeidet. Sok \u00f3r\u00e1nyi pihentet\u0151 sz\u00f3rakoz\u00e1sban lesz r\u00e9szed, r\u00e1ad\u00e1sul felfedezheted a m\u00e1r ismert m\u0171alkot\u00e1sok finomabb r\u00e9szleteit is.<\/span><\/p>\n<p><span style=\"font-weight: 400\">M\u0171v\u00e9szeti rejtv\u00e9nygy\u0171jtem\u00e9ny\u00fcnkben Leonardo da Vinci, Claude Monet, Gustav Klimt \u00e9s sok m\u00e1s festm\u00e9ny k\u00e9peit tal\u00e1lod. Mindezek a remekm\u0171vek csak egy kattint\u00e1snyira vannak. V\u00e1lassza ki kedvenc m\u0171v\u00e9szeti rejtv\u00e9ny\u00e9t \u00e9s kezdje el a nagyszer\u0171 \u00f6sszeszerel\u00e9st! A v\u00e9g\u00e9n igazi m\u0171v\u00e9szeti gy\u0171jtem\u00e9nyed lesz.<\/span><\/p>\n<p><span style=\"font-weight: 400\">Van egy k\u00fcl\u00f6nleges aj\u00e1nl\u00e1sunk az \u00d6n sz\u00e1m\u00e1ra: az 1000 darabos Jean-L\u00e9on G\u00e9r\u00f4me &#8211; Diogenes puzzle, amely a francia m\u0171v\u00e9sz egyik legszebb festm\u00e9ny\u00e9nek k\u00e9p\u00e9t \u00e1br\u00e1zolja. Ha szenved\u00e9lyesen \u00e9rdekl\u0151dik a filoz\u00f3fia ir\u00e1nt, vagy egy kicsit is ismeri Diogen\u00e9sz \u00e9let\u00e9t, akkor m\u00e9g ink\u00e1bb meg fogja \u00e9rteni ezt a m\u0171alkot\u00e1st a m\u0171v\u00e9szeti kirak\u00f3sban.<\/span><\/p>\n<p><span style=\"font-weight: 400\">G\u00e9r\u00f4me Diogen\u00e9szt a h\u00edres agyagk\u00e1dban \u00e1br\u00e1zolja, amelyet a g\u00f6r\u00f6g filoz\u00f3fus otthon\u00e1nak nevezett. A festm\u00e9ny val\u00f3j\u00e1ban a filoz\u00f3fus k\u00e9pe a m\u0171v\u00e9sz szem\u00e9vel. Ennek a csod\u00e1latos, 1000 darabos puzzle-nek az \u00f6ssze\u00e1ll\u00edt\u00e1sa j\u00f3 alkalom arra is, hogy elgondolkodjunk az \u00e9let egyszer\u0171 \u00f6r\u00f6mein. D\u0151lj\u00f6n h\u00e1tra, h\u00fazza k\u00f6zel a nappali doh\u00e1nyz\u00f3asztal\u00e1t, \u00e9s hozza l\u00e9tre saj\u00e1t m\u0171alkot\u00e1s\u00e1t!<\/span><\/p>\n<p><strong>A m\u0171v\u00e9szeti rejtv\u00e9ny jellemz\u0151i: Jean-L\u00e9on G\u00e9r\u00f4me &#8211; Diogenes <\/strong><\/p>\n<p><strong>A rekonstru\u00e1lt k\u00e9p m\u00e9rete: 50 x 70 cm <\/strong><\/p>\n<p><strong>Puzzle anyag <\/strong><\/p>\n<p><strong>kiv\u00e1l\u00f3 min\u0151s\u00e9g\u0171 k\u00e9k karton<\/strong><\/p>\n<p><strong>fenntarthat\u00f3, \u00fajrahasznos\u00edthat\u00f3 anyagok<\/strong><\/p>\n<p><strong>f\u00e9lf\u00e9nyes kivitel, \u00e9l\u00e9nk sz\u00ednek<\/strong><\/p>\n<p><strong>A kirak\u00f3s darabok sz\u00e1ma: 1000<\/strong><\/p>\n<p><strong>Aj\u00e1nlott \u00e9letkor: 14+<\/strong><\/p>\n<p><strong>Milyen k\u00e9szs\u00e9geket fejleszt a kirak\u00f3sok \u00f6sszerak\u00e1sa?<\/strong><\/p>\n<p><strong>Mem\u00f3ria<\/strong><span style=\"font-weight: 400\"> &#8211; a feln\u0151tteknek sz\u00f3l\u00f3 rejtv\u00e9nyek \u00f6ssze\u00e1ll\u00edt\u00e1sa er\u0151s\u00edti az agyi kapcsolatokat \u00e9s jav\u00edtja a r\u00f6vid t\u00e1v\u00fa mem\u00f3ri\u00e1t.<\/span><\/p>\n<p><strong>Vizu\u00e1lis-t\u00e9rbeli intelligencia <\/strong><span style=\"font-weight: 400\">&#8211; amikor egy 1000 darabos kirak\u00f3st k\u00e9sz\u00edtesz, minden egyes darabot k\u00fcl\u00f6n-k\u00fcl\u00f6n elemzel, \u00e9s elk\u00e9pzeled a hely\u00e9t a nagy k\u00e9pben. Ez a gyakorlat seg\u00edt fejleszteni a vizu\u00e1lis-t\u00e9rbeli intelligenci\u00e1t.<\/span><\/p>\n<p><strong>Koncentr\u00e1ci\u00f3s k\u00e9pess\u00e9g<\/strong><span style=\"font-weight: 400\"> &#8211; egy kirak\u00f3s j\u00e1t\u00e9k t\u00f6bb \u00f3r\u00e1n \u00e1t fenntartja a kapcsolatot, \u00e9s arra neveli az elm\u00e9t, hogy egyetlen feladatra \u00f6sszpontos\u00edtson, \u00e9s minden m\u00e1s, abban a pillanatban nem fontos gondolatot vagy gondot maga m\u00f6g\u00f6tt hagyjon.<\/span><\/p>\n<p><strong>Figyelem a r\u00e9szletekre<\/strong><span style=\"font-weight: 400\"> &#8211; a feln\u0151tt kirak\u00f3s j\u00e1t\u00e9k nagyszer\u0171 figyelemgyakorlat. A mindennapi \u00e9let sz\u00e1mos ter\u00fclet\u00e9n sz\u00fcks\u00e9g van erre a k\u00e9szs\u00e9gre, ez\u00e9rt a lehet\u0151 legt\u00f6bbet kell kihozni ebb\u0151l a tev\u00e9kenys\u00e9gb\u0151l.<\/span><\/p>\n<p><strong>\u00c9rdekess\u00e9gek Jean-L\u00e9on G\u00e9r\u00f4me-r\u0151l<\/strong><\/p>\n<p><span style=\"font-weight: 400\">H\u00e1rom \u00e9vvel a Diogenes c\u00edm\u0171 festm\u00e9ny\u00e9nek ki\u00e1ll\u00edt\u00e1sa ut\u00e1n G\u00e9r\u00f4me-t kinevezt\u00e9k az Ecole des Beaux-Arts professzor\u00e1v\u00e1. Itt sz\u00e1mos francia \u00e9s a vil\u00e1g m\u00e1s orsz\u00e1gaib\u00f3l \u00e9rkez\u0151 di\u00e1kot tan\u00edtott <\/span><\/p>\n<p><span style=\"font-weight: 400\">T\u00f6bb k\u00f6zel-keleti \u00fatja ut\u00e1n a m\u0171v\u00e9sz sz\u00e1mos festm\u00e9nyt k\u00e9sz\u00edtett, amelyek az arab \u00e9s muszlim kult\u00far\u00e1t mutatj\u00e1k be. Egyes kritikusok \u00fagy v\u00e9lt\u00e9k, hogy ezek a m\u0171vek kultur\u00e1lis \u00e9s t\u00e1rsadalmi sztereot\u00edpi\u00e1knak h\u00f3dolnak. A sorozat festm\u00e9nyei azonban ma is rendk\u00edv\u00fcl \u00e9rt\u00e9kesek \u00e9s nagyra \u00e9rt\u00e9keltek.<\/span><\/p>\n<p><span style=\"font-weight: 400\">Az Igazs\u00e1got a m\u0171v\u00e9szetben egy meztelen n\u0151 form\u00e1j\u00e1ban szem\u00e9lyes\u00edtette meg, akit vagy egy \u00fcres k\u00fatba dobnak, vagy az alj\u00e1n \u00e1llva, vagy onnan kiemelkedve. Egyes m\u0171kritikusok \u00fagy v\u00e9lik, hogy ezek a festm\u00e9nyek G\u00e9r\u00f4me er\u0151szakos \u00e9s rosszindulat\u00fa kritik\u00e1j\u00e1t t\u00fckr\u00f6zik az impresszionist\u00e1kkal szemben.<\/span><\/p>\n<p><span style=\"font-weight: 400\">79 \u00e9ves kor\u00e1ban halt meg. L\u00e9legzetvisszafojtva tal\u00e1ltak r\u00e1 egy Rembrandt-festm\u00e9ny el\u0151tt \u00e9s az Igazs\u00e1got \u00e1br\u00e1zol\u00f3 egyik saj\u00e1t festm\u00e9nye mellett.<\/span><\/p>\n<p><strong>A m\u0171v\u00e9szeti rejtv\u00e9nyek a relax\u00e1ci\u00f3 \u00e9s a medit\u00e1ci\u00f3 egyed\u00fcl\u00e1ll\u00f3 pillanatait k\u00edn\u00e1lj\u00e1k<\/strong><\/p>\n<p><span style=\"font-weight: 400\">Egy m\u0171v\u00e9szi puzzle el\u0151tt \u00fclni meditat\u00edv \u00e9lm\u00e9ny, nem csak pihentet\u0151. Miel\u0151tt \u00e9szrevenn\u00e9d, az elm\u00e9d ki\u00fcr\u00fcl a gondolatokt\u00f3l \u00e9s az aggodalmakt\u00f3l, \u00e9s az egyetlen gondod az, hogy \u00fajra megteremtsd az el\u0151tted l\u00e9v\u0151 k\u00e9pet. \u00c1ltal\u00e1ban neh\u00e9z ir\u00e1ny\u00edtani az elm\u00e9det, \u00e9s egyetlen gondolatra vagy tev\u00e9kenys\u00e9gre koncentr\u00e1lni, de amikor egy m\u0171v\u00e9szeti rejtv\u00e9nyt \u00fajrakezdesz, ez k\u00f6nnyed\u00e9n megt\u00f6rt\u00e9nik. Csin\u00e1lj \u00fajra annyi m\u0171v\u00e9szi rejtv\u00e9nyt, amennyit csak tudsz, \u00e9s tapasztald meg a teljes energia \u00e9s a relax\u00e1ci\u00f3 \u00e1llapot\u00e1t!<\/span><\/p>\n<p><span style=\"font-weight: 400\">V\u00e1s\u00e1rolja meg most az 1000 darabos Jean-L\u00e9on G\u00e9r\u00f4me &#8211; Diogenes puzzle-t, \u00e9s t\u00f6ltse szabadidej\u00e9t klasszikusan pihentet\u0151 m\u00f3don. H\u00edvja meg bar\u00e1tait, \u00e9s tegye a m\u0171v\u00e9szi kirak\u00f3j\u00e1t\u00e9kot egyed\u00fcl\u00e1ll\u00f3 t\u00e1rsasj\u00e1t\u00e9kk\u00e1, amely felejthetetlen, egy\u00fctt t\u00f6lt\u00f6tt pillanatokat szerez.<\/span><\/p>\n<p><span style=\"font-weight: 400\">Ha aj\u00e1nd\u00e9kot keres egy szerett\u00e9nek, a Jean-L\u00e9on G\u00e9r\u00f4me &#8211; Diogenes m\u0171v\u00e9szi puzzle a megfelel\u0151 v\u00e1laszt\u00e1s.<\/span><\/p>\n","protected":false},"excerpt":{"rendered":"<p>K\u00e9szen \u00e1llsz egy \u00faj kih\u00edv\u00e1sra? \u00c1ll\u00edts \u00f6ssze m\u0171v\u00e9szeti rejtv\u00e9nyeket, \u00e9s k\u00e9sz\u00edtsd el saj\u00e1t m\u0171v\u00e9szi festm\u00e9nyeidet. Sok \u00f3r\u00e1nyi pihentet\u0151 sz\u00f3rakoz\u00e1sban lesz<\/p>\n","protected":false},"featured_media":63366,"template":"","meta":[],"product_brand":[],"product_cat":[1607,1608,1610],"product_tag":[],"class_list":{"0":"post-41991","1":"product","2":"type-product","3":"status-publish","4":"has-post-thumbnail","6":"product_cat-puzzles","7":"product_cat-adult-jigsaw-puzzles","8":"product_cat-1000-piece-jigsaw-puzzles","9":"pa_bax-10-en","10":"pa_brand-d_toys-en","11":"pa_country_of_manufacture-ro-en","12":"pa_filter_age-14-en","13":"pa_painter-jean_leongerome-en","14":"pa_tip_ambalaj-box","15":"pa_tip_puzzle-classic","17":"first","18":"instock","19":"taxable","20":"shipping-taxable","21":"product-type-simple"},"yoast_head":"<!-- This site is optimized with the Yoast SEO plugin v20.1 - https:\/\/yoast.com\/wordpress\/plugins\/seo\/ -->\n<title>1000 darabos feln\u0151tt puzzle Jean-L\u00e9on G\u00e9r\u00f4me - Diogenes<\/title>\n<meta name=\"description\" content=\"1000 darabos feln\u0151tt puzzle Jean-L\u00e9on G\u00e9r\u00f4me - Diogenes\" \/>\n<meta name=\"robots\" content=\"index, follow, max-snippet:-1, max-image-preview:large, max-video-preview:-1\" \/>\n<link rel=\"canonical\" href=\"https:\/\/business.roovi.com\/hu\/1000-darabos-felnott-puzzle-jean-leon-gerome-diogenes\/p\/\" \/>\n<meta property=\"og:locale\" content=\"hu_HU\" \/>\n<meta property=\"og:type\" content=\"article\" \/>\n<meta property=\"og:title\" content=\"1000 darabos feln\u0151tt puzzle Jean-L\u00e9on G\u00e9r\u00f4me - Diogenes\" \/>\n<meta property=\"og:description\" content=\"1000 darabos feln\u0151tt puzzle Jean-L\u00e9on G\u00e9r\u00f4me - Diogenes\" \/>\n<meta property=\"og:url\" content=\"https:\/\/business.roovi.com\/hu\/1000-darabos-felnott-puzzle-jean-leon-gerome-diogenes\/p\/\" \/>\n<meta property=\"og:site_name\" content=\"Roovi B2B\" \/>\n<meta property=\"article:publisher\" content=\"https:\/\/www.facebook.com\/wwwjucariero\" \/>\n<meta property=\"article:modified_time\" content=\"2022-07-06T18:29:46+00:00\" \/>\n<meta property=\"og:image\" content=\"https:\/\/business.roovi.com\/wp-content\/uploads\/2018\/04\/72726-04_ansamblu_dimensiuni_cutie_cm_orizontal_1200x1200.png\" \/>\n\t<meta property=\"og:image:width\" content=\"1200\" \/>\n\t<meta property=\"og:image:height\" content=\"1200\" \/>\n\t<meta property=\"og:image:type\" content=\"image\/png\" \/>\n<meta name=\"twitter:label1\" content=\"Becs\u00fclt olvas\u00e1si id\u0151\" \/>\n\t<meta name=\"twitter:data1\" content=\"5 perc\" \/>\n<script type=\"application\/ld+json\" class=\"yoast-schema-graph\">{\"@context\":\"https:\/\/schema.org\",\"@graph\":[{\"@type\":\"WebPage\",\"@id\":\"https:\/\/business.roovi.com\/hu\/1000-darabos-felnott-puzzle-jean-leon-gerome-diogenes\/p\/\",\"url\":\"https:\/\/business.roovi.com\/hu\/1000-darabos-felnott-puzzle-jean-leon-gerome-diogenes\/p\/\",\"name\":\"1000 darabos feln\u0151tt puzzle Jean-L\u00e9on G\u00e9r\u00f4me - Diogenes\",\"isPartOf\":{\"@id\":\"https:\/\/business.roovi.com\/hu\/#website\"},\"datePublished\":\"2018-04-16T10:56:17+00:00\",\"dateModified\":\"2022-07-06T18:29:46+00:00\",\"description\":\"1000 darabos feln\u0151tt puzzle Jean-L\u00e9on G\u00e9r\u00f4me - Diogenes\",\"breadcrumb\":{\"@id\":\"https:\/\/business.roovi.com\/hu\/1000-darabos-felnott-puzzle-jean-leon-gerome-diogenes\/p\/#breadcrumb\"},\"inLanguage\":\"hu\",\"potentialAction\":[{\"@type\":\"ReadAction\",\"target\":[\"https:\/\/business.roovi.com\/hu\/1000-darabos-felnott-puzzle-jean-leon-gerome-diogenes\/p\/\"]}]},{\"@type\":\"BreadcrumbList\",\"@id\":\"https:\/\/business.roovi.com\/hu\/1000-darabos-felnott-puzzle-jean-leon-gerome-diogenes\/p\/#breadcrumb\",\"itemListElement\":[{\"@type\":\"ListItem\",\"position\":1,\"name\":\"Home\",\"item\":\"https:\/\/business.roovi.com\/hu\/\"},{\"@type\":\"ListItem\",\"position\":2,\"name\":\"Shop\",\"item\":\"https:\/\/business.roovi.com\/hu\/shop\/\"},{\"@type\":\"ListItem\",\"position\":3,\"name\":\"1000 darabos feln\u0151tt puzzle Jean-L\u00e9on G\u00e9r\u00f4me &#8211; Diogenes\"}]},{\"@type\":\"WebSite\",\"@id\":\"https:\/\/business.roovi.com\/hu\/#website\",\"url\":\"https:\/\/business.roovi.com\/hu\/\",\"name\":\"Roovi B2B\",\"description\":\"Roovi Business Website\",\"potentialAction\":[{\"@type\":\"SearchAction\",\"target\":{\"@type\":\"EntryPoint\",\"urlTemplate\":\"https:\/\/business.roovi.com\/hu\/?s={search_term_string}\"},\"query-input\":\"required name=search_term_string\"}],\"inLanguage\":\"hu\"}]}<\/script>\n<!-- \/ Yoast SEO plugin. -->","yoast_head_json":{"title":"1000 darabos feln\u0151tt puzzle Jean-L\u00e9on G\u00e9r\u00f4me - Diogenes","description":"1000 darabos feln\u0151tt puzzle Jean-L\u00e9on G\u00e9r\u00f4me - Diogenes","robots":{"index":"index","follow":"follow","max-snippet":"max-snippet:-1","max-image-preview":"max-image-preview:large","max-video-preview":"max-video-preview:-1"},"canonical":"https:\/\/business.roovi.com\/hu\/1000-darabos-felnott-puzzle-jean-leon-gerome-diogenes\/p\/","og_locale":"hu_HU","og_type":"article","og_title":"1000 darabos feln\u0151tt puzzle Jean-L\u00e9on G\u00e9r\u00f4me - Diogenes","og_description":"1000 darabos feln\u0151tt puzzle Jean-L\u00e9on G\u00e9r\u00f4me - Diogenes","og_url":"https:\/\/business.roovi.com\/hu\/1000-darabos-felnott-puzzle-jean-leon-gerome-diogenes\/p\/","og_site_name":"Roovi B2B","article_publisher":"https:\/\/www.facebook.com\/wwwjucariero","article_modified_time":"2022-07-06T18:29:46+00:00","og_image":[{"width":1200,"height":1200,"url":"https:\/\/business.roovi.com\/wp-content\/uploads\/2018\/04\/72726-04_ansamblu_dimensiuni_cutie_cm_orizontal_1200x1200.png","type":"image\/png"}],"twitter_misc":{"Becs\u00fclt olvas\u00e1si id\u0151":"5 perc"},"schema":{"@context":"https:\/\/schema.org","@graph":[{"@type":"WebPage","@id":"https:\/\/business.roovi.com\/hu\/1000-darabos-felnott-puzzle-jean-leon-gerome-diogenes\/p\/","url":"https:\/\/business.roovi.com\/hu\/1000-darabos-felnott-puzzle-jean-leon-gerome-diogenes\/p\/","name":"1000 darabos feln\u0151tt puzzle Jean-L\u00e9on G\u00e9r\u00f4me - Diogenes","isPartOf":{"@id":"https:\/\/business.roovi.com\/hu\/#website"},"datePublished":"2018-04-16T10:56:17+00:00","dateModified":"2022-07-06T18:29:46+00:00","description":"1000 darabos feln\u0151tt puzzle Jean-L\u00e9on G\u00e9r\u00f4me - Diogenes","breadcrumb":{"@id":"https:\/\/business.roovi.com\/hu\/1000-darabos-felnott-puzzle-jean-leon-gerome-diogenes\/p\/#breadcrumb"},"inLanguage":"hu","potentialAction":[{"@type":"ReadAction","target":["https:\/\/business.roovi.com\/hu\/1000-darabos-felnott-puzzle-jean-leon-gerome-diogenes\/p\/"]}]},{"@type":"BreadcrumbList","@id":"https:\/\/business.roovi.com\/hu\/1000-darabos-felnott-puzzle-jean-leon-gerome-diogenes\/p\/#breadcrumb","itemListElement":[{"@type":"ListItem","position":1,"name":"Home","item":"https:\/\/business.roovi.com\/hu\/"},{"@type":"ListItem","position":2,"name":"Shop","item":"https:\/\/business.roovi.com\/hu\/shop\/"},{"@type":"ListItem","position":3,"name":"1000 darabos feln\u0151tt puzzle Jean-L\u00e9on G\u00e9r\u00f4me &#8211; Diogenes"}]},{"@type":"WebSite","@id":"https:\/\/business.roovi.com\/hu\/#website","url":"https:\/\/business.roovi.com\/hu\/","name":"Roovi B2B","description":"Roovi Business Website","potentialAction":[{"@type":"SearchAction","target":{"@type":"EntryPoint","urlTemplate":"https:\/\/business.roovi.com\/hu\/?s={search_term_string}"},"query-input":"required name=search_term_string"}],"inLanguage":"hu"}]}},"_links":{"self":[{"href":"https:\/\/business.roovi.com\/hu\/wp-json\/wp\/v2\/product\/41991","targetHints":{"allow":["GET"]}}],"collection":[{"href":"https:\/\/business.roovi.com\/hu\/wp-json\/wp\/v2\/product"}],"about":[{"href":"https:\/\/business.roovi.com\/hu\/wp-json\/wp\/v2\/types\/product"}],"version-history":[{"count":0,"href":"https:\/\/business.roovi.com\/hu\/wp-json\/wp\/v2\/product\/41991\/revisions"}],"wp:featuredmedia":[{"embeddable":true,"href":"https:\/\/business.roovi.com\/hu\/wp-json\/wp\/v2\/media\/63366"}],"wp:attachment":[{"href":"https:\/\/business.roovi.com\/hu\/wp-json\/wp\/v2\/media?parent=41991"}],"wp:term":[{"taxonomy":"product_brand","embeddable":true,"href":"https:\/\/business.roovi.com\/hu\/wp-json\/wp\/v2\/product_brand?post=41991"},{"taxonomy":"product_cat","embeddable":true,"href":"https:\/\/business.roovi.com\/hu\/wp-json\/wp\/v2\/product_cat?post=41991"},{"taxonomy":"product_tag","embeddable":true,"href":"https:\/\/business.roovi.com\/hu\/wp-json\/wp\/v2\/product_tag?post=41991"}],"curies":[{"name":"wp","href":"https:\/\/api.w.org\/{rel}","templated":true}]}}