{"id":42003,"date":"2018-04-16T10:56:17","date_gmt":"2018-04-16T10:56:17","guid":{"rendered":"https:\/\/business.roovi.com\/puzzle-adulti-1000-piese-john-william-waterhouse-echo-and-narcissus\/p\/"},"modified":"2022-07-06T18:34:17","modified_gmt":"2022-07-06T18:34:17","slug":"1000-darabos-felnott-puzzle-john-william-waterhouse-echo-es-narcissus","status":"publish","type":"product","link":"https:\/\/business.roovi.com\/hu\/1000-darabos-felnott-puzzle-john-william-waterhouse-echo-es-narcissus\/p\/","title":{"rendered":"1000 darabos feln\u0151tt puzzle John William Waterhouse &#8211; Echo \u00e9s Narcissus"},"content":{"rendered":"<p><span style=\"font-weight: 400\">Inspir\u00e1l\u00f3dsz? Kih\u00edvunk, hogy k\u00e9sz\u00edts 1000 darabos kirak\u00f3s j\u00e1t\u00e9kot a legnagyobb m\u0171v\u00e9szeti kirak\u00f3s gy\u0171jtem\u00e9ny\u00fcnkb\u0151l! Ak\u00e1r 30 \u00f3r\u00e1nyi pihentet\u0151 sz\u00f3rakoz\u00e1st is kaphatsz, a v\u00e9g\u00e9n pedig egy saj\u00e1t kez\u0171leg k\u00e9sz\u00edtett mesterm\u0171vet!<\/span><\/p>\n<p><span style=\"font-weight: 400\">John William Waterhouse 1000 Piece Puzzle &#8211; Echo and Narcissus c\u00edm\u0171 alkot\u00e1s\u00e1ban N\u00e1rcisz m\u00edtosz\u00e1t l\u00e1thatjuk, amint beleszeret saj\u00e1t k\u00e9pm\u00e1s\u00e1ba, festm\u00e9ny form\u00e1j\u00e1ban. Ha szenved\u00e9lyesen rajong a mitol\u00f3giai t\u00e9m\u00e1k\u00e9rt \u00e9s a m\u0171v\u00e9szet nagyszer\u0171 remekm\u0171vei\u00e9rt, ez a csod\u00e1latos festm\u00e9ny biztosan leny\u0171g\u00f6zi \u00d6nt. \u00c9s az \u00fajrateremt\u00e9s kih\u00edv\u00e1sa kellemes \u00e9lm\u00e9ny lesz.<\/span><\/p>\n<p><span style=\"font-weight: 400\">Az 1000 darabos puzzle \u00f6ssze\u00e1ll\u00edt\u00e1s\u00e1hoz egy k\u00f6z\u00f6ns\u00e9ges doh\u00e1nyz\u00f3asztalt is haszn\u00e1lhat a darabok al\u00e1t\u00e1maszt\u00e1s\u00e1ra. A rekonstru\u00e1lt k\u00e9p m\u00e9rete 50 x 70 cm.<\/span><\/p>\n<p><span style=\"font-weight: 400\">John William Waterhouse &#8211; Echo \u00e9s Narcissus m\u0171v\u00e9szeti puzzle jellemz\u0151i<\/span><\/p>\n<p><strong>Puzzle anyag <\/strong><\/p>\n<p><strong>kiv\u00e1l\u00f3 min\u0151s\u00e9g\u0171 k\u00e9k karton<\/strong><\/p>\n<p><strong>fenntarthat\u00f3, \u00fajrahasznos\u00edthat\u00f3 anyagok<\/strong><\/p>\n<p><strong>f\u00e9lf\u00e9nyes kivitel, \u00e9l\u00e9nk sz\u00ednek<\/strong><\/p>\n<p><strong>A kirak\u00f3s darabok sz\u00e1ma: 1000<\/strong><\/p>\n<p><strong>Aj\u00e1nlott \u00e9letkor: 14+<\/strong><\/p>\n<p><strong>A kirak\u00f3s j\u00e1t\u00e9kok seg\u00edtenek a stressz enyh\u00edt\u00e9s\u00e9ben<\/strong><\/p>\n<p><span style=\"font-weight: 400\">A feln\u0151tt rejtv\u00e9nyeknek megvan az a csod\u00e1latos tulajdons\u00e1guk, hogy ellaz\u00edtanak \u00e9s oldj\u00e1k a stresszt. Kider\u00fclt, hogy az \u00f6sszeszerel\u00e9si tev\u00e9kenys\u00e9g sor\u00e1n az emberi agy a &#8222;b\u00e9ta&#8221; vagy \u00e9ber \u00e1llapotb\u00f3l az &#8222;alfa&#8221; \u00e1llapotba ker\u00fcl, amit \u00e1lmod\u00e1skor tapasztalunk. Ez\u00e9rt seg\u00edtenek a rejtv\u00e9nyek:<\/span><\/p>\n<ul>\n<li><span style=\"font-weight: 400\">Jobb hangulat<\/span><\/li>\n<li><span style=\"font-weight: 400\">Kapcsol\u00f3djon ki a mindennapi probl\u00e9m\u00e1ib\u00f3l<\/span><\/li>\n<li><span style=\"font-weight: 400\">\u00c1ltal\u00e1nosan javul az eg\u00e9szs\u00e9gi \u00e1llapota.<\/span><\/li>\n<li><span style=\"font-weight: 400\">Legyen nyugodtabb \u00e9s magabiztosabb.<\/span><\/li>\n<\/ul>\n<p><strong>A  oldalr\u00f3l <\/strong><strong>John William Waterhouse ismerte?<\/strong><\/p>\n<ul>\n<li><span style=\"font-weight: 400\">M\u0171v\u00e9szcsal\u00e1db\u00f3l sz\u00e1rmazik, de pontos sz\u00fclet\u00e9si ideje nem ismert.<\/span><\/li>\n<li><span style=\"font-weight: 400\">R\u00f3m\u00e1ban sz\u00fcletett, \u00e9s gyermekkor\u00e1ban a &#8222;Nino&#8221; becenevet kapta.<\/span><\/li>\n<li><span style=\"font-weight: 400\">Eredetileg akad\u00e9mikus st\u00edlusban festett, de k\u00e9s\u0151bb \u00e1tt\u00e9rt a preraffaelita st\u00edlusra.<\/span><\/li>\n<li><span style=\"font-weight: 400\">Egy fest\u0151m\u0171v\u00e9sz feles\u00e9ge volt, akivel k\u00e9t l\u00e1nya sz\u00fcletett, akik gyermekkorukban meghaltak.<\/span><\/li>\n<li><span style=\"font-weight: 400\">Legink\u00e1bb a g\u00f6r\u00f6g mitol\u00f3gia t\u00e9m\u00e1it feldolgoz\u00f3 m\u0171veir\u0151l ismert.<\/span><\/li>\n<\/ul>\n<p><strong>5 k\u00e9szs\u00e9g, amit a m\u0171v\u00e9szeti rejtv\u00e9nyekkel fejleszthetsz<\/strong><\/p>\n<p><strong>1. Eszt\u00e9tikai \u00e9rz\u00e9k<\/strong><span style=\"font-weight: 400\"> &#8211; ha ak\u00e1r 30 \u00f3r\u00e1t is elt\u00f6lthet egy m\u0171v\u00e9szeti kirak\u00f3s t\u00e1rsas\u00e1g\u00e1ban, a sz\u00edn\u00e9rz\u00e9k\u00e9t a k\u00f6vetkez\u0151 szintre emeli.<\/span><\/p>\n<p><strong>2. K\u00e9pzelet <\/strong><span style=\"font-weight: 400\">&#8211; Egy m\u0171v\u00e9szeti rejtv\u00e9ny \u00fajb\u00f3li elk\u00e9sz\u00edt\u00e9se nagyszer\u0171 ok arra, hogy fejlessze a k\u00e9pzel\u0151erej\u00e9t. Amikor minden egyes darabot a hely\u00e9re teszel, \u00e9s a k\u00e9p elkezd form\u00e1t \u00f6lteni, akkor egy m\u00e1r megl\u00e9v\u0151 m\u0171 rejt\u00e9lye felt\u00e1rul el\u0151tted, \u00e9s megalkotod a saj\u00e1t elk\u00e9pzel\u00e9sedet r\u00f3la.<\/span><\/p>\n<p><strong>3. Kitart\u00e1s<\/strong><span style=\"font-weight: 400\"> &#8211; m\u00e9g ha n\u00e9ha neh\u00e9znek is t\u0171nik \u00f6sszerakni a teljes k\u00e9pet, akkor sem adod fel, \u00e9s addig dolgozol kem\u00e9nyen, am\u00edg az 1000 darabos kirak\u00f3s k\u00e9p elk\u00e9sz\u00fcl.<\/span><\/p>\n<p><strong>4. T\u00fcrelem<\/strong><span style=\"font-weight: 400\"> &#8211; ami sikeres \u00e9lm\u00e9nyhez vezet: az 1000 darabos kirak\u00f3s k\u00e9p elk\u00e9sz\u00fcl, \u00e9s \u00d6n nagy el\u00e9gedetts\u00e9get \u00e9rez a j\u00f3l v\u00e9gzett munka miatt.<\/span><\/p>\n<p><strong>5. Az 1000 darabos kirak\u00f3s \u00fajrak\u00e9sz\u00edt\u00e9s\u00e9hez sz\u00fcks\u00e9ges k\u00e9pess\u00e9gek<\/strong><span style=\"font-weight: 400\"> amit megmutathatsz a bar\u00e1taidnak a kirak\u00f3s j\u00e1t\u00e9kokon.<\/span><\/p>\n<p><span style=\"font-weight: 400\">V\u00e1s\u00e1roljon 1000 darabos puzzle-t most <\/span><span style=\"font-weight: 400\">John William Waterhouse &#8211; Echo \u00e9s N\u00e1rcisz, \u00e9s hagyja, hogy a sz\u00ednek felfedj\u00e9k a g\u00f6r\u00f6g m\u00edtoszt, amelyben N\u00e1rcisz beleszeret \u00f6nmag\u00e1ba, mik\u00f6zben figyelmen k\u00edv\u00fcl hagyja a gy\u00f6ny\u00f6r\u0171 Echo \u00e9rz\u00e9kis\u00e9g\u00e9t. A teljes sz\u00f3rakoz\u00e1s \u00e9s kikapcsol\u00f3d\u00e1s \u00e9lm\u00e9nye \u00e9rdek\u00e9ben h\u00edvja meg bar\u00e1tait, \u00e9s rakja \u00f6ssze a k\u00e9pet ebb\u0151l a mes\u00e9s m\u0171v\u00e9szi kirak\u00f3sb\u00f3l.<\/span><\/p>\n<p><span style=\"font-weight: 400\">Aj\u00e1nd\u00e9kokat keres \u00e9s kifogyott az \u00f6tletekb\u0151l? Puzzle <\/span><span style=\"font-weight: 400\">1000 darab <\/span><span style=\"font-weight: 400\">A John William Waterhouse &#8211; Echo \u00e9s N\u00e1rcisz ide\u00e1lis megold\u00e1s, ha felejthetetlen meglepet\u00e9st szeretn\u00e9l okozni a kirak\u00f3s j\u00e1t\u00e9kokat kedvel\u0151 bar\u00e1taidnak.<\/span><\/p><\/p>\n","protected":false},"excerpt":{"rendered":"<p>Inspir\u00e1l\u00f3dsz? Kih\u00edvunk, hogy k\u00e9sz\u00edts 1000 darabos kirak\u00f3s j\u00e1t\u00e9kot a legnagyobb m\u0171v\u00e9szeti kirak\u00f3s gy\u0171jtem\u00e9ny\u00fcnkb\u0151l! Ak\u00e1r 30 \u00f3r\u00e1nyi pihentet\u0151 sz\u00f3rakoz\u00e1st is kaphatsz,<\/p>\n","protected":false},"featured_media":63409,"template":"","meta":[],"product_brand":[],"product_cat":[1920,1919,1881],"product_tag":[],"class_list":{"0":"post-42003","1":"product","2":"type-product","3":"status-publish","4":"has-post-thumbnail","6":"product_cat-1000-darabos-kirakos-jatek","7":"product_cat-felnott-kirakos-jatekok","8":"product_cat-kirakos-jatekok","9":"pa_bax-10-hu","10":"pa_brand-d_toys-hu","11":"pa_country_of_manufacture-ro-hu","12":"pa_filter_age-14-hu","13":"pa_painter-johnwilliamwaterhouse-hu","14":"pa_tip_ambalaj-doboz","15":"pa_tip_puzzle-klasszikus","17":"first","18":"instock","19":"taxable","20":"shipping-taxable","21":"product-type-simple"},"yoast_head":"<!-- This site is optimized with the Yoast SEO plugin v20.1 - https:\/\/yoast.com\/wordpress\/plugins\/seo\/ -->\n<title>1000 darabos feln\u0151tt puzzle John William Waterhouse - Echo \u00e9s Narcissus<\/title>\n<meta name=\"description\" content=\"1000 darabos feln\u0151tt puzzle John William Waterhouse - Echo \u00e9s Narcissus\" \/>\n<meta name=\"robots\" content=\"index, follow, max-snippet:-1, max-image-preview:large, max-video-preview:-1\" \/>\n<link rel=\"canonical\" href=\"https:\/\/business.roovi.com\/hu\/1000-darabos-felnott-puzzle-john-william-waterhouse-echo-es-narcissus\/p\/\" \/>\n<meta property=\"og:locale\" content=\"hu_HU\" \/>\n<meta property=\"og:type\" content=\"article\" \/>\n<meta property=\"og:title\" content=\"1000 darabos feln\u0151tt puzzle John William Waterhouse - Echo \u00e9s Narcissus\" \/>\n<meta property=\"og:description\" content=\"1000 darabos feln\u0151tt puzzle John William Waterhouse - Echo \u00e9s Narcissus\" \/>\n<meta property=\"og:url\" content=\"https:\/\/business.roovi.com\/hu\/1000-darabos-felnott-puzzle-john-william-waterhouse-echo-es-narcissus\/p\/\" \/>\n<meta property=\"og:site_name\" content=\"Roovi B2B\" \/>\n<meta property=\"article:publisher\" content=\"https:\/\/www.facebook.com\/wwwjucariero\" \/>\n<meta property=\"article:modified_time\" content=\"2022-07-06T18:34:17+00:00\" \/>\n<meta property=\"og:image\" content=\"https:\/\/business.roovi.com\/wp-content\/uploads\/2018\/04\/72757-02_ansamblu_dimensiuni_cutie_cm_orizontal_1200x1200.png\" \/>\n\t<meta property=\"og:image:width\" content=\"1200\" \/>\n\t<meta property=\"og:image:height\" content=\"1200\" \/>\n\t<meta property=\"og:image:type\" content=\"image\/png\" \/>\n<meta name=\"twitter:label1\" content=\"Becs\u00fclt olvas\u00e1si id\u0151\" \/>\n\t<meta name=\"twitter:data1\" content=\"4 perc\" \/>\n<script type=\"application\/ld+json\" class=\"yoast-schema-graph\">{\"@context\":\"https:\/\/schema.org\",\"@graph\":[{\"@type\":\"WebPage\",\"@id\":\"https:\/\/business.roovi.com\/hu\/1000-darabos-felnott-puzzle-john-william-waterhouse-echo-es-narcissus\/p\/\",\"url\":\"https:\/\/business.roovi.com\/hu\/1000-darabos-felnott-puzzle-john-william-waterhouse-echo-es-narcissus\/p\/\",\"name\":\"1000 darabos feln\u0151tt puzzle John William Waterhouse - Echo \u00e9s Narcissus\",\"isPartOf\":{\"@id\":\"https:\/\/business.roovi.com\/hu\/#website\"},\"datePublished\":\"2018-04-16T10:56:17+00:00\",\"dateModified\":\"2022-07-06T18:34:17+00:00\",\"description\":\"1000 darabos feln\u0151tt puzzle John William Waterhouse - Echo \u00e9s Narcissus\",\"breadcrumb\":{\"@id\":\"https:\/\/business.roovi.com\/hu\/1000-darabos-felnott-puzzle-john-william-waterhouse-echo-es-narcissus\/p\/#breadcrumb\"},\"inLanguage\":\"hu\",\"potentialAction\":[{\"@type\":\"ReadAction\",\"target\":[\"https:\/\/business.roovi.com\/hu\/1000-darabos-felnott-puzzle-john-william-waterhouse-echo-es-narcissus\/p\/\"]}]},{\"@type\":\"BreadcrumbList\",\"@id\":\"https:\/\/business.roovi.com\/hu\/1000-darabos-felnott-puzzle-john-william-waterhouse-echo-es-narcissus\/p\/#breadcrumb\",\"itemListElement\":[{\"@type\":\"ListItem\",\"position\":1,\"name\":\"Home\",\"item\":\"https:\/\/business.roovi.com\/hu\/\"},{\"@type\":\"ListItem\",\"position\":2,\"name\":\"Shop\",\"item\":\"https:\/\/business.roovi.com\/hu\/shop\/\"},{\"@type\":\"ListItem\",\"position\":3,\"name\":\"1000 darabos feln\u0151tt puzzle John William Waterhouse &#8211; Echo \u00e9s Narcissus\"}]},{\"@type\":\"WebSite\",\"@id\":\"https:\/\/business.roovi.com\/hu\/#website\",\"url\":\"https:\/\/business.roovi.com\/hu\/\",\"name\":\"Roovi B2B\",\"description\":\"Roovi Business Website\",\"potentialAction\":[{\"@type\":\"SearchAction\",\"target\":{\"@type\":\"EntryPoint\",\"urlTemplate\":\"https:\/\/business.roovi.com\/hu\/?s={search_term_string}\"},\"query-input\":\"required name=search_term_string\"}],\"inLanguage\":\"hu\"}]}<\/script>\n<!-- \/ Yoast SEO plugin. -->","yoast_head_json":{"title":"1000 darabos feln\u0151tt puzzle John William Waterhouse - Echo \u00e9s Narcissus","description":"1000 darabos feln\u0151tt puzzle John William Waterhouse - Echo \u00e9s Narcissus","robots":{"index":"index","follow":"follow","max-snippet":"max-snippet:-1","max-image-preview":"max-image-preview:large","max-video-preview":"max-video-preview:-1"},"canonical":"https:\/\/business.roovi.com\/hu\/1000-darabos-felnott-puzzle-john-william-waterhouse-echo-es-narcissus\/p\/","og_locale":"hu_HU","og_type":"article","og_title":"1000 darabos feln\u0151tt puzzle John William Waterhouse - Echo \u00e9s Narcissus","og_description":"1000 darabos feln\u0151tt puzzle John William Waterhouse - Echo \u00e9s Narcissus","og_url":"https:\/\/business.roovi.com\/hu\/1000-darabos-felnott-puzzle-john-william-waterhouse-echo-es-narcissus\/p\/","og_site_name":"Roovi B2B","article_publisher":"https:\/\/www.facebook.com\/wwwjucariero","article_modified_time":"2022-07-06T18:34:17+00:00","og_image":[{"width":1200,"height":1200,"url":"https:\/\/business.roovi.com\/wp-content\/uploads\/2018\/04\/72757-02_ansamblu_dimensiuni_cutie_cm_orizontal_1200x1200.png","type":"image\/png"}],"twitter_misc":{"Becs\u00fclt olvas\u00e1si id\u0151":"4 perc"},"schema":{"@context":"https:\/\/schema.org","@graph":[{"@type":"WebPage","@id":"https:\/\/business.roovi.com\/hu\/1000-darabos-felnott-puzzle-john-william-waterhouse-echo-es-narcissus\/p\/","url":"https:\/\/business.roovi.com\/hu\/1000-darabos-felnott-puzzle-john-william-waterhouse-echo-es-narcissus\/p\/","name":"1000 darabos feln\u0151tt puzzle John William Waterhouse - Echo \u00e9s Narcissus","isPartOf":{"@id":"https:\/\/business.roovi.com\/hu\/#website"},"datePublished":"2018-04-16T10:56:17+00:00","dateModified":"2022-07-06T18:34:17+00:00","description":"1000 darabos feln\u0151tt puzzle John William Waterhouse - Echo \u00e9s Narcissus","breadcrumb":{"@id":"https:\/\/business.roovi.com\/hu\/1000-darabos-felnott-puzzle-john-william-waterhouse-echo-es-narcissus\/p\/#breadcrumb"},"inLanguage":"hu","potentialAction":[{"@type":"ReadAction","target":["https:\/\/business.roovi.com\/hu\/1000-darabos-felnott-puzzle-john-william-waterhouse-echo-es-narcissus\/p\/"]}]},{"@type":"BreadcrumbList","@id":"https:\/\/business.roovi.com\/hu\/1000-darabos-felnott-puzzle-john-william-waterhouse-echo-es-narcissus\/p\/#breadcrumb","itemListElement":[{"@type":"ListItem","position":1,"name":"Home","item":"https:\/\/business.roovi.com\/hu\/"},{"@type":"ListItem","position":2,"name":"Shop","item":"https:\/\/business.roovi.com\/hu\/shop\/"},{"@type":"ListItem","position":3,"name":"1000 darabos feln\u0151tt puzzle John William Waterhouse &#8211; Echo \u00e9s Narcissus"}]},{"@type":"WebSite","@id":"https:\/\/business.roovi.com\/hu\/#website","url":"https:\/\/business.roovi.com\/hu\/","name":"Roovi B2B","description":"Roovi Business Website","potentialAction":[{"@type":"SearchAction","target":{"@type":"EntryPoint","urlTemplate":"https:\/\/business.roovi.com\/hu\/?s={search_term_string}"},"query-input":"required name=search_term_string"}],"inLanguage":"hu"}]}},"_links":{"self":[{"href":"https:\/\/business.roovi.com\/hu\/wp-json\/wp\/v2\/product\/42003","targetHints":{"allow":["GET"]}}],"collection":[{"href":"https:\/\/business.roovi.com\/hu\/wp-json\/wp\/v2\/product"}],"about":[{"href":"https:\/\/business.roovi.com\/hu\/wp-json\/wp\/v2\/types\/product"}],"version-history":[{"count":0,"href":"https:\/\/business.roovi.com\/hu\/wp-json\/wp\/v2\/product\/42003\/revisions"}],"wp:featuredmedia":[{"embeddable":true,"href":"https:\/\/business.roovi.com\/hu\/wp-json\/wp\/v2\/media\/63409"}],"wp:attachment":[{"href":"https:\/\/business.roovi.com\/hu\/wp-json\/wp\/v2\/media?parent=42003"}],"wp:term":[{"taxonomy":"product_brand","embeddable":true,"href":"https:\/\/business.roovi.com\/hu\/wp-json\/wp\/v2\/product_brand?post=42003"},{"taxonomy":"product_cat","embeddable":true,"href":"https:\/\/business.roovi.com\/hu\/wp-json\/wp\/v2\/product_cat?post=42003"},{"taxonomy":"product_tag","embeddable":true,"href":"https:\/\/business.roovi.com\/hu\/wp-json\/wp\/v2\/product_tag?post=42003"}],"curies":[{"name":"wp","href":"https:\/\/api.w.org\/{rel}","templated":true}]}}