{"id":42007,"date":"2018-04-16T10:56:17","date_gmt":"2018-04-16T10:56:17","guid":{"rendered":"https:\/\/business.roovi.com\/puzzle-adulti-1000-piese-john-william-waterhouse-lamia\/p\/"},"modified":"2022-07-06T18:34:25","modified_gmt":"2022-07-06T18:34:25","slug":"1000-darab-felnott-puzzle-john-william-waterhouse-lamia","status":"publish","type":"product","link":"https:\/\/business.roovi.com\/hu\/1000-darab-felnott-puzzle-john-william-waterhouse-lamia\/p\/","title":{"rendered":"1000 darab feln\u0151tt puzzle John William Waterhouse &#8211; Lamia"},"content":{"rendered":"<p><span style=\"font-weight: 400\">Szeretn\u00e9l igazi nyomoz\u00f3 lenni? A m\u0171v\u00e9szeti puzzle gy\u0171jtem\u00e9ny 1000 darabos kirak\u00f3j\u00e1val fedezd fel a h\u00edres festm\u00e9nyek legrejt\u00e9lyesebb rejt\u00e9lyeit. Fogadd el a kih\u00edv\u00e1st, \u00e9s \u00e9lj \u00e1t egy pihentet\u0151 \u00e9s sz\u00f3rakoztat\u00f3 \u00e9lm\u00e9nyt a kirak\u00f3s j\u00e1t\u00e9kok t\u00e1rsas\u00e1g\u00e1ban.<\/span><\/p>\n<p><span style=\"font-weight: 400\">N\u00e9h\u00e1ny fest\u0151t leny\u0171g\u00f6ztek az \u0151si versek rejtelmei, \u00e9s eml\u00e9kezetes jeleneteket festettek sz\u00ednesben. John William Waterhouse 1000 darabos puzzle-je &#8211; Lamia egy ilyen p\u00e9lda. Waterhouse gyakran festett g\u00f6r\u00f6g-r\u00f3mai t\u00e9m\u00e1kat <\/span><em><span style=\"font-weight: 400\">Lamia<\/span><\/em><span style=\"font-weight: 400\"> john Keats 1820-as verse ihlette.<\/span><\/p>\n<p><span style=\"font-weight: 400\">Tal\u00e1ld meg az 1000 darabos kirak\u00f3sban azt a jelenetet, amelyben egy fiatal lovag m\u00e9lyen beleszeret egy gy\u00f6ny\u00f6r\u0171 l\u00e1nyba, aki val\u00f3j\u00e1ban egy sz\u00f6rny\u0171 k\u00edgy\u00f3, amely emberi alakot \u00f6lt, hogy naiv fiatalembereket ejtsen csapd\u00e1ba.<\/span><\/p>\n<p><span style=\"font-weight: 400\">Meg fog lep\u0151dni a lovag intenz\u00edv tekintete, aki elveszett a szeretett l\u00e9ny b\u00e1jaiban. Az egyetlen nyom, amely el\u00e1rulja a sz\u00f6rny kil\u00e9t\u00e9t, a l\u00e1nyt k\u00f6r\u00fclvev\u0151 izz\u00f3 k\u00edgy\u00f3b\u0151r. K\u00e9pezd \u00fajra a k\u00e9pet ebben a verses tabl\u00f3ban, \u00e9s \u00e9lvezd a rejtett jelent\u00e9ssel b\u00edr\u00f3 m\u0171alkot\u00e1st.<\/span><\/p>\n<p><span style=\"font-weight: 400\">Olvasson t\u00f6bbet err\u0151l a m\u0171v\u00e9szeti rejtv\u00e9nyr\u0151l az al\u00e1bbiakban:<\/span><\/p>\n<p><strong>Anyag puzzle <\/strong><\/p>\n<p><strong>kiv\u00e1l\u00f3 min\u0151s\u00e9g\u0171 k\u00e9k karton<\/strong><\/p>\n<p><strong>fenntarthat\u00f3, \u00fajrahasznos\u00edthat\u00f3 anyagok<\/strong><\/p>\n<p><strong>f\u00e9lf\u00e9nyes kivitel, \u00e9l\u00e9nk sz\u00ednek<\/strong><\/p>\n<p><strong>A kirak\u00f3s darabok sz\u00e1ma: 1000<\/strong><\/p>\n<p><strong>Aj\u00e1nlott \u00e9letkor: 14+<\/strong><\/p>\n<p><strong>John William Waterhouse Art Puzzle &#8211; Lamia pihen \u00e9s gy\u00f6ny\u00f6rk\u00f6dtet<\/strong><\/p>\n<p><span style=\"font-weight: 400\">Egy leny\u0171g\u00f6z\u0151 k\u00e9p \u00fajrateremt\u00e9se egy m\u0171v\u00e9szi kirak\u00f3sb\u00f3l minden \u00e9rz\u00e9kszervnek \u00e9lvezet. R\u00e1ad\u00e1sul sz\u00e1mos el\u0151nyt is kapsz:<\/span><\/p>\n<ul>\n<li><span style=\"font-weight: 400\">Fejleszti a r\u00e9szletekre val\u00f3 figyelmet.<\/span><\/li>\n<li><span style=\"font-weight: 400\">A logikus gondolkod\u00e1st a hasonl\u00f3 darabok \u00f6sszerak\u00e1s\u00e1val fejleszted.<\/span><\/li>\n<li><span style=\"font-weight: 400\">Gazdag\u00edtod a k\u00e9pzeleted <\/span><\/li>\n<li><span style=\"font-weight: 400\">Gyakorolja a t\u00fcrelmet \u00e9s a kitart\u00e1st.<\/span><\/li>\n<li><span style=\"font-weight: 400\">Megtanulod, hogy ne add fel, ha \u00fagy t\u0171nik, nem tal\u00e1lsz megold\u00e1st.<\/span><\/li>\n<\/ul>\n<p><strong>6 inform\u00e1ci\u00f3 John William Waterhouse-r\u00f3l<\/strong><\/p>\n<ul>\n<li><span style=\"font-weight: 400\">Olasz sz\u00e1rmaz\u00e1s\u00fa angol fest\u0151, h\u00edres a preraffaelita st\u00edlus\u00fa festm\u00e9nyeir\u0151l.<\/span><\/li>\n<li><span style=\"font-weight: 400\">Egyszer\u0171, csendes \u00e9s rendk\u00edv\u00fcl diszkr\u00e9t \u00e9letet \u00e9lt. \u00c9let\u00e9r\u0151l nem sokat tudunk.<\/span><\/li>\n<li><span style=\"font-weight: 400\">Bar\u00e1tai \u00e9s csal\u00e1dja Nin\u00f3nak h\u00edvt\u00e1k.<\/span><\/li>\n<li><span style=\"font-weight: 400\">Egyedi fest\u00e9szeti st\u00edlust alkalmazott, klasszikus \u00e9s mitikus jeleneteket \u00e1br\u00e1zolva.<\/span><\/li>\n<li><span style=\"font-weight: 400\">A term\u00e9szetes sz\u00e9ps\u00e9g \u00e9s a sz\u00e9p, er\u0151s n\u0151i alakok ir\u00e1nti szenved\u00e9lye miatt sz\u00e1mos portr\u00e9t festett a kor h\u00edres n\u0151alakjair\u00f3l.<\/span><\/li>\n<li><span style=\"font-weight: 400\">R\u00e1kban halt meg, h\u00e1trahagyva <\/span><em><span style=\"font-weight: 400\">Ophelia sorozat, <\/span><\/em><span style=\"font-weight: 400\">egy olyan t\u00e9ma, amellyel intenz\u00edven foglalkozott.<\/span><em><span style=\"font-weight: 400\"> <\/span><\/em><\/li>\n<\/ul>\n<p><strong>Szerezz egy k\u00fcl\u00f6nleges d\u00edszt\u00e1rgyat egy m\u0171v\u00e9szeti kirak\u00f3sb\u00f3l <\/strong><strong>John William Waterhouse &#8211; Lamia<\/strong><\/p>\n<p><span style=\"font-weight: 400\">Egy sz\u00e9p k\u00e9p \u00e1tdolgoz\u00e1sa nemcsak pihentet\u0151 tev\u00e9kenys\u00e9g, hanem egy b\u00e9k\u00e9s vil\u00e1gba vezet\u0151 \u00fat is. Azzal az el\u00e9gedetts\u00e9ggel is megaj\u00e1nd\u00e9koz, hogy saj\u00e1t kez\u0171leg alkotott egy remekm\u0171vet, amelyet b\u00e1rmikor megcsod\u00e1lhat, \u00e9s amellyel d\u00edsz\u00edtheti kedvenc szob\u00e1j\u00e1t <\/span><\/p>\n<p><span style=\"font-weight: 400\">\u00c9lvezze a m\u0171v\u00e9szi puzzle minden el\u0151ny\u00e9t, ha megv\u00e1s\u00e1rolja ezt a csod\u00e1latos 1000 darabos puzzle-t <\/span><span style=\"font-weight: 400\">John William Waterhouse &#8211; Lamia<\/span><span style=\"font-weight: 400\"><\/span><\/p>\n<p><span style=\"font-weight: 400\">Gazdag\u00edtsa gy\u0171jtem\u00e9ny\u00e9t 1000 darabos kirak\u00f3s festm\u00e9nyekkel, vagy aj\u00e1nd\u00e9kozza ezt a csod\u00e1latos kirak\u00f3s k\u00e9szletet.<\/span><\/p><\/p>\n","protected":false},"excerpt":{"rendered":"<p>Szeretn\u00e9l igazi nyomoz\u00f3 lenni? A m\u0171v\u00e9szeti puzzle gy\u0171jtem\u00e9ny 1000 darabos kirak\u00f3j\u00e1val fedezd fel a h\u00edres festm\u00e9nyek legrejt\u00e9lyesebb rejt\u00e9lyeit. Fogadd el<\/p>\n","protected":false},"featured_media":63397,"template":"","meta":[],"product_brand":[],"product_cat":[1920,1919,1881],"product_tag":[],"class_list":{"0":"post-42007","1":"product","2":"type-product","3":"status-publish","4":"has-post-thumbnail","6":"product_cat-1000-darabos-kirakos-jatek","7":"product_cat-felnott-kirakos-jatekok","8":"product_cat-kirakos-jatekok","9":"pa_bax-10-hu","10":"pa_brand-d_toys-hu","11":"pa_country_of_manufacture-ro-hu","12":"pa_filter_age-14-hu","13":"pa_painter-johnwilliamwaterhouse-hu","14":"pa_tip_ambalaj-doboz","15":"pa_tip_puzzle-klasszikus","17":"first","18":"onbackorder","19":"taxable","20":"shipping-taxable","21":"product-type-simple"},"yoast_head":"<!-- This site is optimized with the Yoast SEO plugin v20.1 - https:\/\/yoast.com\/wordpress\/plugins\/seo\/ -->\n<title>1000 darab feln\u0151tt puzzle John William Waterhouse - Lamia<\/title>\n<meta name=\"description\" content=\"1000 darab feln\u0151tt puzzle John William Waterhouse - Lamia\" \/>\n<meta name=\"robots\" content=\"index, follow, max-snippet:-1, max-image-preview:large, max-video-preview:-1\" \/>\n<link rel=\"canonical\" href=\"https:\/\/business.roovi.com\/hu\/1000-darab-felnott-puzzle-john-william-waterhouse-lamia\/p\/\" \/>\n<meta property=\"og:locale\" content=\"hu_HU\" \/>\n<meta property=\"og:type\" content=\"article\" \/>\n<meta property=\"og:title\" content=\"1000 darab feln\u0151tt puzzle John William Waterhouse - Lamia\" \/>\n<meta property=\"og:description\" content=\"1000 darab feln\u0151tt puzzle John William Waterhouse - Lamia\" \/>\n<meta property=\"og:url\" content=\"https:\/\/business.roovi.com\/hu\/1000-darab-felnott-puzzle-john-william-waterhouse-lamia\/p\/\" \/>\n<meta property=\"og:site_name\" content=\"Roovi B2B\" \/>\n<meta property=\"article:publisher\" content=\"https:\/\/www.facebook.com\/wwwjucariero\" \/>\n<meta property=\"article:modified_time\" content=\"2022-07-06T18:34:25+00:00\" \/>\n<meta property=\"og:image\" content=\"https:\/\/business.roovi.com\/wp-content\/uploads\/2018\/04\/72757-03_ansamblu_dimensiuni_cutie_cm_vertical.png\" \/>\n\t<meta property=\"og:image:width\" content=\"1200\" \/>\n\t<meta property=\"og:image:height\" content=\"1200\" \/>\n\t<meta property=\"og:image:type\" content=\"image\/png\" \/>\n<meta name=\"twitter:label1\" content=\"Becs\u00fclt olvas\u00e1si id\u0151\" \/>\n\t<meta name=\"twitter:data1\" content=\"3 perc\" \/>\n<script type=\"application\/ld+json\" class=\"yoast-schema-graph\">{\"@context\":\"https:\/\/schema.org\",\"@graph\":[{\"@type\":\"WebPage\",\"@id\":\"https:\/\/business.roovi.com\/hu\/1000-darab-felnott-puzzle-john-william-waterhouse-lamia\/p\/\",\"url\":\"https:\/\/business.roovi.com\/hu\/1000-darab-felnott-puzzle-john-william-waterhouse-lamia\/p\/\",\"name\":\"1000 darab feln\u0151tt puzzle John William Waterhouse - Lamia\",\"isPartOf\":{\"@id\":\"https:\/\/business.roovi.com\/hu\/#website\"},\"datePublished\":\"2018-04-16T10:56:17+00:00\",\"dateModified\":\"2022-07-06T18:34:25+00:00\",\"description\":\"1000 darab feln\u0151tt puzzle John William Waterhouse - Lamia\",\"breadcrumb\":{\"@id\":\"https:\/\/business.roovi.com\/hu\/1000-darab-felnott-puzzle-john-william-waterhouse-lamia\/p\/#breadcrumb\"},\"inLanguage\":\"hu\",\"potentialAction\":[{\"@type\":\"ReadAction\",\"target\":[\"https:\/\/business.roovi.com\/hu\/1000-darab-felnott-puzzle-john-william-waterhouse-lamia\/p\/\"]}]},{\"@type\":\"BreadcrumbList\",\"@id\":\"https:\/\/business.roovi.com\/hu\/1000-darab-felnott-puzzle-john-william-waterhouse-lamia\/p\/#breadcrumb\",\"itemListElement\":[{\"@type\":\"ListItem\",\"position\":1,\"name\":\"Home\",\"item\":\"https:\/\/business.roovi.com\/hu\/\"},{\"@type\":\"ListItem\",\"position\":2,\"name\":\"Shop\",\"item\":\"https:\/\/business.roovi.com\/hu\/shop\/\"},{\"@type\":\"ListItem\",\"position\":3,\"name\":\"1000 darab feln\u0151tt puzzle John William Waterhouse &#8211; Lamia\"}]},{\"@type\":\"WebSite\",\"@id\":\"https:\/\/business.roovi.com\/hu\/#website\",\"url\":\"https:\/\/business.roovi.com\/hu\/\",\"name\":\"Roovi B2B\",\"description\":\"Roovi Business Website\",\"potentialAction\":[{\"@type\":\"SearchAction\",\"target\":{\"@type\":\"EntryPoint\",\"urlTemplate\":\"https:\/\/business.roovi.com\/hu\/?s={search_term_string}\"},\"query-input\":\"required name=search_term_string\"}],\"inLanguage\":\"hu\"}]}<\/script>\n<!-- \/ Yoast SEO plugin. -->","yoast_head_json":{"title":"1000 darab feln\u0151tt puzzle John William Waterhouse - Lamia","description":"1000 darab feln\u0151tt puzzle John William Waterhouse - Lamia","robots":{"index":"index","follow":"follow","max-snippet":"max-snippet:-1","max-image-preview":"max-image-preview:large","max-video-preview":"max-video-preview:-1"},"canonical":"https:\/\/business.roovi.com\/hu\/1000-darab-felnott-puzzle-john-william-waterhouse-lamia\/p\/","og_locale":"hu_HU","og_type":"article","og_title":"1000 darab feln\u0151tt puzzle John William Waterhouse - Lamia","og_description":"1000 darab feln\u0151tt puzzle John William Waterhouse - Lamia","og_url":"https:\/\/business.roovi.com\/hu\/1000-darab-felnott-puzzle-john-william-waterhouse-lamia\/p\/","og_site_name":"Roovi B2B","article_publisher":"https:\/\/www.facebook.com\/wwwjucariero","article_modified_time":"2022-07-06T18:34:25+00:00","og_image":[{"width":1200,"height":1200,"url":"https:\/\/business.roovi.com\/wp-content\/uploads\/2018\/04\/72757-03_ansamblu_dimensiuni_cutie_cm_vertical.png","type":"image\/png"}],"twitter_misc":{"Becs\u00fclt olvas\u00e1si id\u0151":"3 perc"},"schema":{"@context":"https:\/\/schema.org","@graph":[{"@type":"WebPage","@id":"https:\/\/business.roovi.com\/hu\/1000-darab-felnott-puzzle-john-william-waterhouse-lamia\/p\/","url":"https:\/\/business.roovi.com\/hu\/1000-darab-felnott-puzzle-john-william-waterhouse-lamia\/p\/","name":"1000 darab feln\u0151tt puzzle John William Waterhouse - Lamia","isPartOf":{"@id":"https:\/\/business.roovi.com\/hu\/#website"},"datePublished":"2018-04-16T10:56:17+00:00","dateModified":"2022-07-06T18:34:25+00:00","description":"1000 darab feln\u0151tt puzzle John William Waterhouse - Lamia","breadcrumb":{"@id":"https:\/\/business.roovi.com\/hu\/1000-darab-felnott-puzzle-john-william-waterhouse-lamia\/p\/#breadcrumb"},"inLanguage":"hu","potentialAction":[{"@type":"ReadAction","target":["https:\/\/business.roovi.com\/hu\/1000-darab-felnott-puzzle-john-william-waterhouse-lamia\/p\/"]}]},{"@type":"BreadcrumbList","@id":"https:\/\/business.roovi.com\/hu\/1000-darab-felnott-puzzle-john-william-waterhouse-lamia\/p\/#breadcrumb","itemListElement":[{"@type":"ListItem","position":1,"name":"Home","item":"https:\/\/business.roovi.com\/hu\/"},{"@type":"ListItem","position":2,"name":"Shop","item":"https:\/\/business.roovi.com\/hu\/shop\/"},{"@type":"ListItem","position":3,"name":"1000 darab feln\u0151tt puzzle John William Waterhouse &#8211; Lamia"}]},{"@type":"WebSite","@id":"https:\/\/business.roovi.com\/hu\/#website","url":"https:\/\/business.roovi.com\/hu\/","name":"Roovi B2B","description":"Roovi Business Website","potentialAction":[{"@type":"SearchAction","target":{"@type":"EntryPoint","urlTemplate":"https:\/\/business.roovi.com\/hu\/?s={search_term_string}"},"query-input":"required name=search_term_string"}],"inLanguage":"hu"}]}},"_links":{"self":[{"href":"https:\/\/business.roovi.com\/hu\/wp-json\/wp\/v2\/product\/42007","targetHints":{"allow":["GET"]}}],"collection":[{"href":"https:\/\/business.roovi.com\/hu\/wp-json\/wp\/v2\/product"}],"about":[{"href":"https:\/\/business.roovi.com\/hu\/wp-json\/wp\/v2\/types\/product"}],"version-history":[{"count":0,"href":"https:\/\/business.roovi.com\/hu\/wp-json\/wp\/v2\/product\/42007\/revisions"}],"wp:featuredmedia":[{"embeddable":true,"href":"https:\/\/business.roovi.com\/hu\/wp-json\/wp\/v2\/media\/63397"}],"wp:attachment":[{"href":"https:\/\/business.roovi.com\/hu\/wp-json\/wp\/v2\/media?parent=42007"}],"wp:term":[{"taxonomy":"product_brand","embeddable":true,"href":"https:\/\/business.roovi.com\/hu\/wp-json\/wp\/v2\/product_brand?post=42007"},{"taxonomy":"product_cat","embeddable":true,"href":"https:\/\/business.roovi.com\/hu\/wp-json\/wp\/v2\/product_cat?post=42007"},{"taxonomy":"product_tag","embeddable":true,"href":"https:\/\/business.roovi.com\/hu\/wp-json\/wp\/v2\/product_tag?post=42007"}],"curies":[{"name":"wp","href":"https:\/\/api.w.org\/{rel}","templated":true}]}}