{"id":42011,"date":"2018-04-16T10:56:17","date_gmt":"2018-04-16T10:56:17","guid":{"rendered":"https:\/\/business.roovi.com\/puzzle-adulti-1000-piese-john-william-waterhouse-the-soul-of-the-rose\/p\/"},"modified":"2022-07-06T18:34:31","modified_gmt":"2022-07-06T18:34:31","slug":"1000-darabos-felnott-puzzle-john-william-waterhouse-a-rozsa-lelke","status":"publish","type":"product","link":"https:\/\/business.roovi.com\/hu\/1000-darabos-felnott-puzzle-john-william-waterhouse-a-rozsa-lelke\/p\/","title":{"rendered":"1000 darabos feln\u0151tt puzzle John William Waterhouse &#8211; A r\u00f3zsa lelke"},"content":{"rendered":"<p><span style=\"font-weight: 400\">\u00dcdv\u00f6z\u00f6lj\u00fck az 1000 darabos rejtv\u00e9nyek legnagyobb virtu\u00e1lis m\u0171v\u00e9szeti gal\u00e9ri\u00e1j\u00e1ban! A vil\u00e1g legnagyszer\u0171bb festm\u00e9nyei csak egy kattint\u00e1snyira vannak. Rendelje meg \u0151ket most, alkossa \u00fajra a h\u00edres festm\u00e9nyek k\u00e9peit, \u00e9s d\u00edsz\u00edtse otthon\u00e1t az 1000 darabos kirak\u00f3sokb\u00f3l k\u00e9sz\u00fclt egyedi m\u0171v\u00e9szi festm\u00e9nyekkel.<\/span><\/p>\n<p><span style=\"font-weight: 400\">John William Waterhouse h\u00edres irodalmi m\u0171vekb\u0151l mer\u00edtett ihletet festm\u00e9nyeihez. Ez a helyzet a John William Waterhouse &#8211; The Soul of the Rose m\u0171v\u00e9szeti kirak\u00f3s k\u00e9p\u00e9vel, A r\u00f3zsa lelk\u00e9vel. Alfred Lord Tennyson munk\u00e1ss\u00e1ga leny\u0171g\u00f6zte a fest\u0151t, aki v\u00e1sznain fens\u00e9gesen jelen\u00edti meg a szerz\u0151 verseit <\/span><\/p>\n<p><span style=\"font-weight: 400\">A festm\u00e9ny \u00e9rz\u00e9kis\u00e9ge, n\u0151iess\u00e9ge \u00e9s eleganci\u00e1ja l\u00e9p\u00e9sr\u0151l l\u00e9p\u00e9sre megh\u00f3d\u00edtja \u00d6nt, ahogy az 1000 puzzle minden egyes darabj\u00e1t \u00f6sszeragasztja. D\u0151lj\u00f6n h\u00e1tra, \u00e9s hagyja mag\u00e1t elragadni a harmonikus sz\u00ednek romantikus vil\u00e1g\u00e1ba. A darabok al\u00e1t\u00e1maszt\u00e1s\u00e1ra haszn\u00e1lhat egy k\u00f6z\u00f6ns\u00e9ges doh\u00e1nyz\u00f3asztalt. A v\u00e9geredm\u00e9ny egy mes\u00e9s 50 x 70 cm-es festm\u00e9ny.<\/span><\/p>\n<p><span style=\"font-weight: 400\">Jellemz\u0151k 1000 darabos puzzle John William Waterhouse &#8211; A r\u00f3zsa lelke<\/span><\/p>\n<p><strong>Puzzle anyag <\/strong><\/p>\n<p><strong>kiv\u00e1l\u00f3 min\u0151s\u00e9g\u0171 k\u00e9k karton<\/strong><\/p>\n<p><strong>fenntarthat\u00f3, \u00fajrahasznos\u00edthat\u00f3 anyagok<\/strong><\/p>\n<p><strong>f\u00e9lf\u00e9nyes kivitel, \u00e9l\u00e9nk sz\u00ednek<\/strong><\/p>\n<p><strong>A kirak\u00f3s darabok sz\u00e1ma: 1000<\/strong><\/p>\n<p><strong>Aj\u00e1nlott \u00e9letkor: 14+<\/strong><\/p>\n<p><strong>Az 1000 darabos rejtv\u00e9nyek seg\u00edtenek a mem\u00f3ria edz\u00e9s\u00e9ben<\/strong><\/p>\n<p><span style=\"font-weight: 400\">Nem tudod, mit reggelizt\u00e9l? Elfelejtette, hol parkolt az aut\u00f3j\u00e1val, amikor a szupermarketbe ment? Vagy nem tudja, hogyan v\u00e9gezze el id\u0151ben az \u00f6sszes projektj\u00e9t? Mindannyiunknak vannak mem\u00f3riaprobl\u00e9m\u00e1ink. Csak t\u00f6bb pihen\u00e9sre \u00e9s egy kis ment\u00e1lis tr\u00e9ningre van sz\u00fcks\u00e9ged. Az 1000 darabos puzzle mindkett\u0151t \u00e9s m\u00e9g t\u00f6bbet is ad:<\/span><\/p>\n<ul>\n<li><span style=\"font-weight: 400\">Fejleszti a k\u00e9pzel\u0151er\u0151t.<\/span><\/li>\n<li><span style=\"font-weight: 400\">Seg\u00edt kitart\u00f3nak lenni.<\/span><\/li>\n<li><span style=\"font-weight: 400\">Kik\u00e9pzi a r\u00e9szletekre val\u00f3 odafigyel\u00e9st.<\/span><\/li>\n<li><span style=\"font-weight: 400\">Tartsa eg\u00e9szs\u00e9gesen az agy\u00e1t.<\/span><\/li>\n<li><span style=\"font-weight: 400\">Megszak\u00edtja a kapcsolatot a telefon k\u00e9perny\u0151j\u00e9vel.<\/span><\/li>\n<\/ul>\n<p><strong>Szeretn\u00e9 tudni, ki volt John William Waterhouse?<\/strong><\/p>\n<ul>\n<li><span style=\"font-weight: 400\">R\u00f3m\u00e1ban sz\u00fcletett fest\u0151 sz\u00fcl\u0151k gyermekek\u00e9nt, \u00e9s Angli\u00e1ban n\u0151tt fel. Bar\u00e1tai \u00e9s csal\u00e1dja eg\u00e9sz \u00e9let\u00e9ben Nin\u00f3nak h\u00edvt\u00e1k.<\/span><\/li>\n<li><span style=\"font-weight: 400\">\u00c9let\u00e9r\u0151l nagyon keveset tudunk, \u00edgy modelljeinek neve is ismeretlen maradt.<\/span><\/li>\n<li><span style=\"font-weight: 400\">Sz\u00e1mos irodalmi \u00e9s mitol\u00f3giai t\u00e9m\u00e1j\u00fa festm\u00e9nyt festett.<\/span><\/li>\n<li><span style=\"font-weight: 400\">B\u00e1r \u00e9lete utols\u00f3 \u00e9veit a r\u00e1kbetegs\u00e9g jellemezte, a m\u0171v\u00e9sz \u00e9lete utols\u00f3 pillanat\u00e1ig festett.<\/span><\/li>\n<\/ul>\n<p><span style=\"font-weight: 400\">Minden egyes m\u0171v\u00e9szeti puzzle seg\u00edt fejleszteni az olyan elk\u00e9peszt\u0151 k\u00e9pess\u00e9geket, mint a csapatszellem a k\u00e9pek szeretteiddel val\u00f3 \u00f6sszerak\u00e1sakor, az eszt\u00e9tikai \u00e9rz\u00e9k, a koncentr\u00e1ci\u00f3s k\u00e9pess\u00e9g vagy a logikus gondolkod\u00e1s.<\/span><\/p>\n<p><span style=\"font-weight: 400\">Tegye a monoton pillanatokat min\u0151s\u00e9gi id\u0151t\u00f6lt\u00e9ss\u00e9 a John William Waterhouse &#8211; The Soul of the Rose 1000 darabos kirak\u00f3s j\u00e1t\u00e9k m\u0171alkot\u00e1sainak \u00f6sszerak\u00e1s\u00e1val. Megtarthatod ezt a csod\u00e1latos kirak\u00f3s j\u00e1t\u00e9kot, \u00e9s b\u00e1rmikor \u00fajrakezdheted, amikor csak akarod. A festm\u00e9ny minden alkalommal ugyanolyan csod\u00e1latos lesz, mert a felhaszn\u00e1lt anyagok pr\u00e9mium min\u0151s\u00e9g\u0171ek.<\/span><\/p>\n<p><span style=\"font-weight: 400\">V\u00e1s\u00e1rolja meg John William Waterhouse &#8211; A r\u00f3zsa lelke 1000 darabos kirak\u00f3j\u00e1t mag\u00e1nak, vagy aj\u00e1nd\u00e9kozza meg bar\u00e1tainak \u00fcnnepekre vagy \u00e9vfordul\u00f3kra.<\/span><\/p><\/p>\n","protected":false},"excerpt":{"rendered":"<p>\u00dcdv\u00f6z\u00f6lj\u00fck az 1000 darabos rejtv\u00e9nyek legnagyobb virtu\u00e1lis m\u0171v\u00e9szeti gal\u00e9ri\u00e1j\u00e1ban! A vil\u00e1g legnagyszer\u0171bb festm\u00e9nyei csak egy kattint\u00e1snyira vannak. Rendelje meg \u0151ket<\/p>\n","protected":false},"featured_media":63415,"template":"","meta":[],"product_brand":[],"product_cat":[1920,1919,1881],"product_tag":[],"class_list":{"0":"post-42011","1":"product","2":"type-product","3":"status-publish","4":"has-post-thumbnail","6":"product_cat-1000-darabos-kirakos-jatek","7":"product_cat-felnott-kirakos-jatekok","8":"product_cat-kirakos-jatekok","9":"pa_bax-10-hu","10":"pa_brand-d_toys-hu","11":"pa_country_of_manufacture-ro-hu","12":"pa_filter_age-14-hu","13":"pa_painter-johnwilliamwaterhouse-hu","14":"pa_tip_ambalaj-doboz","15":"pa_tip_puzzle-klasszikus","17":"first","18":"instock","19":"taxable","20":"shipping-taxable","21":"product-type-simple"},"yoast_head":"<!-- This site is optimized with the Yoast SEO plugin v20.1 - https:\/\/yoast.com\/wordpress\/plugins\/seo\/ -->\n<title>1000 darabos feln\u0151tt puzzle John William Waterhouse - A r\u00f3zsa lelke<\/title>\n<meta name=\"description\" content=\"1000 darabos feln\u0151tt puzzle John William Waterhouse - A r\u00f3zsa lelke\" \/>\n<meta name=\"robots\" content=\"index, follow, max-snippet:-1, max-image-preview:large, max-video-preview:-1\" \/>\n<link rel=\"canonical\" href=\"https:\/\/business.roovi.com\/hu\/1000-darabos-felnott-puzzle-john-william-waterhouse-a-rozsa-lelke\/p\/\" \/>\n<meta property=\"og:locale\" content=\"hu_HU\" \/>\n<meta property=\"og:type\" content=\"article\" \/>\n<meta property=\"og:title\" content=\"1000 darabos feln\u0151tt puzzle John William Waterhouse - A r\u00f3zsa lelke\" \/>\n<meta property=\"og:description\" content=\"1000 darabos feln\u0151tt puzzle John William Waterhouse - A r\u00f3zsa lelke\" \/>\n<meta property=\"og:url\" content=\"https:\/\/business.roovi.com\/hu\/1000-darabos-felnott-puzzle-john-william-waterhouse-a-rozsa-lelke\/p\/\" \/>\n<meta property=\"og:site_name\" content=\"Roovi B2B\" \/>\n<meta property=\"article:publisher\" content=\"https:\/\/www.facebook.com\/wwwjucariero\" \/>\n<meta property=\"article:modified_time\" content=\"2022-07-06T18:34:31+00:00\" \/>\n<meta property=\"og:image\" content=\"https:\/\/business.roovi.com\/wp-content\/uploads\/2018\/04\/72757-04_ansamblu_dimensiuni_cutie_cm_vertical.png\" \/>\n\t<meta property=\"og:image:width\" content=\"1200\" \/>\n\t<meta property=\"og:image:height\" content=\"1200\" \/>\n\t<meta property=\"og:image:type\" content=\"image\/png\" \/>\n<meta name=\"twitter:label1\" content=\"Becs\u00fclt olvas\u00e1si id\u0151\" \/>\n\t<meta name=\"twitter:data1\" content=\"3 perc\" \/>\n<script type=\"application\/ld+json\" class=\"yoast-schema-graph\">{\"@context\":\"https:\/\/schema.org\",\"@graph\":[{\"@type\":\"WebPage\",\"@id\":\"https:\/\/business.roovi.com\/hu\/1000-darabos-felnott-puzzle-john-william-waterhouse-a-rozsa-lelke\/p\/\",\"url\":\"https:\/\/business.roovi.com\/hu\/1000-darabos-felnott-puzzle-john-william-waterhouse-a-rozsa-lelke\/p\/\",\"name\":\"1000 darabos feln\u0151tt puzzle John William Waterhouse - A r\u00f3zsa lelke\",\"isPartOf\":{\"@id\":\"https:\/\/business.roovi.com\/hu\/#website\"},\"datePublished\":\"2018-04-16T10:56:17+00:00\",\"dateModified\":\"2022-07-06T18:34:31+00:00\",\"description\":\"1000 darabos feln\u0151tt puzzle John William Waterhouse - A r\u00f3zsa lelke\",\"breadcrumb\":{\"@id\":\"https:\/\/business.roovi.com\/hu\/1000-darabos-felnott-puzzle-john-william-waterhouse-a-rozsa-lelke\/p\/#breadcrumb\"},\"inLanguage\":\"hu\",\"potentialAction\":[{\"@type\":\"ReadAction\",\"target\":[\"https:\/\/business.roovi.com\/hu\/1000-darabos-felnott-puzzle-john-william-waterhouse-a-rozsa-lelke\/p\/\"]}]},{\"@type\":\"BreadcrumbList\",\"@id\":\"https:\/\/business.roovi.com\/hu\/1000-darabos-felnott-puzzle-john-william-waterhouse-a-rozsa-lelke\/p\/#breadcrumb\",\"itemListElement\":[{\"@type\":\"ListItem\",\"position\":1,\"name\":\"Home\",\"item\":\"https:\/\/business.roovi.com\/hu\/\"},{\"@type\":\"ListItem\",\"position\":2,\"name\":\"Shop\",\"item\":\"https:\/\/business.roovi.com\/hu\/shop\/\"},{\"@type\":\"ListItem\",\"position\":3,\"name\":\"1000 darabos feln\u0151tt puzzle John William Waterhouse &#8211; A r\u00f3zsa lelke\"}]},{\"@type\":\"WebSite\",\"@id\":\"https:\/\/business.roovi.com\/hu\/#website\",\"url\":\"https:\/\/business.roovi.com\/hu\/\",\"name\":\"Roovi B2B\",\"description\":\"Roovi Business Website\",\"potentialAction\":[{\"@type\":\"SearchAction\",\"target\":{\"@type\":\"EntryPoint\",\"urlTemplate\":\"https:\/\/business.roovi.com\/hu\/?s={search_term_string}\"},\"query-input\":\"required name=search_term_string\"}],\"inLanguage\":\"hu\"}]}<\/script>\n<!-- \/ Yoast SEO plugin. -->","yoast_head_json":{"title":"1000 darabos feln\u0151tt puzzle John William Waterhouse - A r\u00f3zsa lelke","description":"1000 darabos feln\u0151tt puzzle John William Waterhouse - A r\u00f3zsa lelke","robots":{"index":"index","follow":"follow","max-snippet":"max-snippet:-1","max-image-preview":"max-image-preview:large","max-video-preview":"max-video-preview:-1"},"canonical":"https:\/\/business.roovi.com\/hu\/1000-darabos-felnott-puzzle-john-william-waterhouse-a-rozsa-lelke\/p\/","og_locale":"hu_HU","og_type":"article","og_title":"1000 darabos feln\u0151tt puzzle John William Waterhouse - A r\u00f3zsa lelke","og_description":"1000 darabos feln\u0151tt puzzle John William Waterhouse - A r\u00f3zsa lelke","og_url":"https:\/\/business.roovi.com\/hu\/1000-darabos-felnott-puzzle-john-william-waterhouse-a-rozsa-lelke\/p\/","og_site_name":"Roovi B2B","article_publisher":"https:\/\/www.facebook.com\/wwwjucariero","article_modified_time":"2022-07-06T18:34:31+00:00","og_image":[{"width":1200,"height":1200,"url":"https:\/\/business.roovi.com\/wp-content\/uploads\/2018\/04\/72757-04_ansamblu_dimensiuni_cutie_cm_vertical.png","type":"image\/png"}],"twitter_misc":{"Becs\u00fclt olvas\u00e1si id\u0151":"3 perc"},"schema":{"@context":"https:\/\/schema.org","@graph":[{"@type":"WebPage","@id":"https:\/\/business.roovi.com\/hu\/1000-darabos-felnott-puzzle-john-william-waterhouse-a-rozsa-lelke\/p\/","url":"https:\/\/business.roovi.com\/hu\/1000-darabos-felnott-puzzle-john-william-waterhouse-a-rozsa-lelke\/p\/","name":"1000 darabos feln\u0151tt puzzle John William Waterhouse - A r\u00f3zsa lelke","isPartOf":{"@id":"https:\/\/business.roovi.com\/hu\/#website"},"datePublished":"2018-04-16T10:56:17+00:00","dateModified":"2022-07-06T18:34:31+00:00","description":"1000 darabos feln\u0151tt puzzle John William Waterhouse - A r\u00f3zsa lelke","breadcrumb":{"@id":"https:\/\/business.roovi.com\/hu\/1000-darabos-felnott-puzzle-john-william-waterhouse-a-rozsa-lelke\/p\/#breadcrumb"},"inLanguage":"hu","potentialAction":[{"@type":"ReadAction","target":["https:\/\/business.roovi.com\/hu\/1000-darabos-felnott-puzzle-john-william-waterhouse-a-rozsa-lelke\/p\/"]}]},{"@type":"BreadcrumbList","@id":"https:\/\/business.roovi.com\/hu\/1000-darabos-felnott-puzzle-john-william-waterhouse-a-rozsa-lelke\/p\/#breadcrumb","itemListElement":[{"@type":"ListItem","position":1,"name":"Home","item":"https:\/\/business.roovi.com\/hu\/"},{"@type":"ListItem","position":2,"name":"Shop","item":"https:\/\/business.roovi.com\/hu\/shop\/"},{"@type":"ListItem","position":3,"name":"1000 darabos feln\u0151tt puzzle John William Waterhouse &#8211; A r\u00f3zsa lelke"}]},{"@type":"WebSite","@id":"https:\/\/business.roovi.com\/hu\/#website","url":"https:\/\/business.roovi.com\/hu\/","name":"Roovi B2B","description":"Roovi Business Website","potentialAction":[{"@type":"SearchAction","target":{"@type":"EntryPoint","urlTemplate":"https:\/\/business.roovi.com\/hu\/?s={search_term_string}"},"query-input":"required name=search_term_string"}],"inLanguage":"hu"}]}},"_links":{"self":[{"href":"https:\/\/business.roovi.com\/hu\/wp-json\/wp\/v2\/product\/42011","targetHints":{"allow":["GET"]}}],"collection":[{"href":"https:\/\/business.roovi.com\/hu\/wp-json\/wp\/v2\/product"}],"about":[{"href":"https:\/\/business.roovi.com\/hu\/wp-json\/wp\/v2\/types\/product"}],"version-history":[{"count":0,"href":"https:\/\/business.roovi.com\/hu\/wp-json\/wp\/v2\/product\/42011\/revisions"}],"wp:featuredmedia":[{"embeddable":true,"href":"https:\/\/business.roovi.com\/hu\/wp-json\/wp\/v2\/media\/63415"}],"wp:attachment":[{"href":"https:\/\/business.roovi.com\/hu\/wp-json\/wp\/v2\/media?parent=42011"}],"wp:term":[{"taxonomy":"product_brand","embeddable":true,"href":"https:\/\/business.roovi.com\/hu\/wp-json\/wp\/v2\/product_brand?post=42011"},{"taxonomy":"product_cat","embeddable":true,"href":"https:\/\/business.roovi.com\/hu\/wp-json\/wp\/v2\/product_cat?post=42011"},{"taxonomy":"product_tag","embeddable":true,"href":"https:\/\/business.roovi.com\/hu\/wp-json\/wp\/v2\/product_tag?post=42011"}],"curies":[{"name":"wp","href":"https:\/\/api.w.org\/{rel}","templated":true}]}}