{"id":42019,"date":"2018-04-16T10:56:17","date_gmt":"2018-04-16T10:56:17","guid":{"rendered":"https:\/\/business.roovi.com\/puzzle-adulti-1000-piese-james-tissot-a-convalescent\/p\/"},"modified":"2022-07-06T18:34:44","modified_gmt":"2022-07-06T18:34:44","slug":"james-tissot-1000-darabos-felnott-puzzle-a-labadozo","status":"publish","type":"product","link":"https:\/\/business.roovi.com\/hu\/james-tissot-1000-darabos-felnott-puzzle-a-labadozo\/p\/","title":{"rendered":"James Tissot 1000 darabos feln\u0151tt puzzle &#8211; A l\u00e1badoz\u00f3"},"content":{"rendered":"<p><span style=\"font-weight: 400\">Gondolkodott m\u00e1r azon, hogy mi inspir\u00e1lja a m\u0171v\u00e9szeket arra, hogy saj\u00e1t, egyedi st\u00edlusukban alkossanak, \u00e9s mi k\u00e9sztette \u0151ket arra, hogy egy adott m\u0171v\u00e9szeti \u00e1ghoz k\u00f6zel\u00edtsenek?<\/span><\/p>\n<p><span style=\"font-weight: 400\">Ha szenved\u00e9lyesen rajong a m\u0171v\u00e9szet\u00e9rt, vagy csak egy puzzle-rajong\u00f3hoz m\u00e9lt\u00f3 kih\u00edv\u00e1sra v\u00e1gyik, akkor a James Tissot A l\u00e1badoz\u00f3 c\u00edm\u0171 festm\u00e9ny\u00e9t \u00e1br\u00e1zol\u00f3 1000 darabos puzzle lehet a megfelel\u0151 v\u00e1laszt\u00e1s <\/span><\/p>\n<p><span style=\"font-weight: 400\">Ez a m\u0171v\u00e9szi puzzle James Tissot egyik festm\u00e9ny\u00e9t \u00e1br\u00e1zolja, amely a francia-porosz h\u00e1bor\u00fat k\u00f6vet\u0151 politikai menek\u00fcltk\u00e9nt Angli\u00e1ban \u00e9lt. Term\u00e9keny id\u0151szak, amely alatt sz\u00e1mos olajfestm\u00e9nyt alkotott v\u00e1szonra, \u00e9s a viktori\u00e1nus brit nemess\u00e9g f\u00e9ny\u0171z\u0151 \u00e9let\u00e9t \u00e1br\u00e1zol\u00f3 realista pillanatk\u00e9peivel lepte meg rajong\u00f3it.<\/span><\/p>\n<p><span style=\"font-weight: 400\">R\u00e9szletes jelenetei legink\u00e1bb azzal a pontoss\u00e1ggal ny\u0171g\u00f6znek le, amellyel siker\u00fcl meg\u00f6r\u00f6k\u00edtenie \u0151ket, mint egy f\u00e9nyk\u00e9pen, m\u00e9g akkor is, ha nincs vonz\u00f3 sz\u00ednpaletta, mint p\u00e9ld\u00e1ul ezen a fak\u00f3 tomnathi t\u00e1jk\u00e9pen <\/span><\/p>\n<p><span style=\"font-weight: 400\">A Convalescent 1876-ban k\u00e9sz\u00fclt, amikor Tissot megismerkedett szeretett m\u00fazs\u00e1j\u00e1val, Kathleen Newtonnal, aki egyben \u00e9lett\u00e1rsa is lett, \u00e9s akivel visszavonult a pazar t\u00e1rsas\u00e1gi \u00e9lett\u0151l, \u00e9s egy sz\u0171k intim k\u00f6rt alak\u00edtott ki.    <\/span><\/p>\n<p><span style=\"font-weight: 400\">Mint a legt\u00f6bb festm\u00e9nyen, amelyek a legapr\u00f3bb r\u00e9szletekig \u00e1br\u00e1zolj\u00e1k az arisztokrat\u00e1k \u00e9let\u00e9nek jeleneteit, ezen a puzzle-festm\u00e9nyen is l\u00e1thatjuk a r\u00e9szletek kifinomults\u00e1g\u00e1t, ahogy darabr\u00f3l darabra rekonstru\u00e1ljuk az eg\u00e9sz k\u00e9pet. Az arckifejez\u00e9sekt\u0151l kezdve a testtart\u00e1son \u00e1t a gesztusokig minden egyes aspektus apr\u00f3l\u00e9kosan reproduk\u00e1lva van, hogy a val\u00f3s\u00e1got t\u00fckr\u00f6zze <\/span><\/p>\n<h3><span style=\"font-size: 18px\"><strong>Mi\u00e9rt v\u00e1lassza a James Tissot 1000 darabos feln\u0151tt puzzle-t?<\/strong><\/span><\/h3>\n<ul>\n<li><span style=\"font-weight: 400\">\u00d6n kap egy leny\u0171g\u00f6z\u0151en r\u00e9szletes festm\u00e9nyt: A Convalescent by James Tissot<\/span><\/li>\n<li><span style=\"font-weight: 400\">M\u0171v\u00e9szeti puzzle m\u00e9rete 50 x 70 cm<\/span><\/li>\n<li><span style=\"font-weight: 400\">Kiv\u00e1l\u00f3 min\u0151s\u00e9g\u0171 kartonb\u00f3l k\u00e9sz\u00fclt darabok, t\u00f6bbsz\u00f6ri haszn\u00e1latnak is ellen\u00e1llnak<\/span><\/li>\n<li><span style=\"font-weight: 400\">Fenntarthat\u00f3 \u00e9s \u00fajrahasznos\u00edthat\u00f3 anyagokb\u00f3l k\u00e9sz\u00fclt<\/span><\/li>\n<li><span style=\"font-weight: 400\">A fel\u00fclet f\u00e9lig f\u00e9nyes, a sz\u00ednek \u00e9l\u00e9nkek \u00e9s \u00e9l\u00e9nkek<\/span><\/li>\n<li><span style=\"font-weight: 400\">14 \u00e9ves kort\u00f3l alkalmas &#8211; nagyszer\u0171 lehet\u0151s\u00e9g, hogy a tizen\u00e9vesek megismerkedjenek a m\u0171v\u00e9szet leny\u0171g\u00f6z\u0151 vil\u00e1g\u00e1val<\/span><\/li>\n<\/ul>\n<p><span style=\"font-weight: 400\">Egy m\u0171v\u00e9szeti puzzle \u00f6ssze\u00e1ll\u00edt\u00e1s\u00e1nak sz\u00e1mos el\u0151nye van, amelyek t\u00f6bb szinten is t\u00fckr\u00f6z\u0151dnek:<\/span><\/p>\n<ul>\n<li><span style=\"font-weight: 400\">Te t\u00fcrelmet \u00e1polsz <\/span><\/li>\n<li><span style=\"font-weight: 400\">A r\u00e9szletekre val\u00f3 odafigyel\u00e9s fejleszt\u00e9se<\/span><\/li>\n<li><span style=\"font-weight: 400\">Kik\u00e9pezed a k\u00e9pess\u00e9geidet <\/span><\/li>\n<li><span style=\"font-weight: 400\">Ez egy pihentet\u0151 tev\u00e9kenys\u00e9g<\/span><\/li>\n<li><span style=\"font-weight: 400\">J\u00f3 alkalom lehet arra, hogy min\u0151s\u00e9gi id\u0151t t\u00f6lts\u00f6n a bar\u00e1tokkal \u00e9s a csal\u00e1ddal<\/span><\/li>\n<li><span style=\"font-weight: 400\">Seg\u00edt hosszabb ideig koncentr\u00e1lni <\/span><\/li>\n<\/ul>\n<h3><span style=\"font-size: 18px\"><strong>Tudtad, hogy&#8230;?<\/strong><\/span><\/h3>\n<p><span style=\"font-weight: 400\">Az Egy l\u00e1badoz\u00f3 c\u00edm\u0171 festm\u00e9ny Tissot egyik utols\u00f3 olyan festm\u00e9nye, amelyen nem Kathleen Newton volt a m\u00fazs\u00e1ja, akit el\u0151sz\u00f6r 1876 v\u00e9g\u00e9n festett meg, \u00e9s aki szinte minden k\u00e9s\u0151bbi alkot\u00e1s\u00e1n\u00e1l inspir\u00e1lta <\/span><\/p>\n<p><span style=\"font-weight: 400\">M\u00fazs\u00e1ja 1882-ben bek\u00f6vetkezett hal\u00e1la ut\u00e1n James Tissot-t nagyon \u00e9rdekelni kezdte a spiritualizmus &#8211; m\u00e9g szerelme szellem\u00e9vel is megpr\u00f3b\u00e1lt kapcsolatba l\u00e9pni, \u00e9s ez az \u00e9rdekl\u0151d\u00e9s k\u00e9s\u0151bbi alkot\u00e1saiban is t\u00fckr\u00f6z\u0151d\u00f6tt <\/span><\/p>\n<p><span style=\"font-weight: 400\">Alkot\u00e1sai \u00edgy egyre gyakrabban \u00e1br\u00e1zoltak vall\u00e1si jeleneteket, felv\u00e1ltva az el\u0151kel\u0151 h\u00f6lgyek k\u00e9peit. Besz\u00e9des p\u00e9lda erre a m\u00e9ly \u00e9rzelmekkel teli What our Saviour saw from the Cross c\u00edm\u0171 m\u0171ve, amelyben saj\u00e1t f\u00e1jdalm\u00e1t mesterien \u00fclteti \u00e1t szerepl\u0151i arc\u00e1ra.<\/span><\/p>\n<p><span style=\"font-weight: 400\">James Tissot azonban annak \u00e9rdek\u00e9ben, hogy m\u0171vei a lehet\u0151 legh\u0171bbek legyenek a val\u00f3s\u00e1ghoz, maga m\u00f6g\u00f6tt hagyta Angli\u00e1t, \u00e9s a K\u00f6zel-Keletre utazott, hogy tanulm\u00e1nyozza \u00e9s a lehet\u0151 legh\u0171bben adja vissza az ott \u00e9l\u0151 emberek saj\u00e1toss\u00e1gait.<\/span><\/p>\n<p><span style=\"font-size: 18px\"><strong>Feln\u0151tt puzzle A Convalescent, egy lehet\u0151s\u00e9g a kikapcsol\u00f3d\u00e1sra a bar\u00e1tokkal<\/strong><\/span><\/p>\n<p><span style=\"font-weight: 400\">Azokra a t\u00e9li est\u00e9kre, amikor a nap kor\u00e1n lemegy, \u00e9s a hideg miatt nem tudsz hossz\u00fa s\u00e9t\u00e1kat tenni a term\u00e9szetben, egy 1000 darabos kirak\u00f3s t\u00f6k\u00e9letes kikapcsol\u00f3d\u00e1s \u00e9s sz\u00f3rakoz\u00e1s a bar\u00e1tokkal <\/span><\/p>\n<p><span style=\"font-weight: 400\">Oszd sz\u00e9t a darabokat sz\u00ednek szerint, illeszd \u00f6ssze ennek a James Tissot A l\u00e1badoz\u00f3 c\u00edm\u0171 festm\u00e9ny\u00e9t \u00e1br\u00e1zol\u00f3 m\u0171v\u00e9szi kirak\u00f3snak a k\u00fcl\u00f6n\u00e1ll\u00f3 ter\u00fcleteit, \u00e9s \u00e9lvezd a k\u00e9pet teljess\u00e9 tev\u0151 utols\u00f3 darab \u00f6r\u00f6m\u00e9t <\/span><\/p>\n<p><span style=\"font-weight: 400\">Feln\u0151tteknek sz\u00f3l\u00f3 puzzle, amelyet aj\u00e1nd\u00e9kba adhatsz, vagy otthon tarthatsz, \u00e9s b\u00e1rmikor \u00f6ssze\u00e1ll\u00edthatod, amikor \u00fagy \u00e9rzed, hogy sz\u00fcks\u00e9ged van egy sz\u00f3rakoztat\u00f3 kih\u00edv\u00e1sra, amely kih\u00edv\u00e1st jelent a k\u00e9szs\u00e9gedre, a r\u00e9szletekre val\u00f3 odafigyel\u00e9sre, a csapatszellemre \u00e9s az egy\u00fcttm\u0171k\u00f6d\u00e9sre <\/span><span style=\"font-weight: 400\"> <\/span><\/p>\n","protected":false},"excerpt":{"rendered":"<p>Gondolkodott m\u00e1r azon, hogy mi inspir\u00e1lja a m\u0171v\u00e9szeket arra, hogy saj\u00e1t, egyedi st\u00edlusukban alkossanak, \u00e9s mi k\u00e9sztette \u0151ket arra, hogy<\/p>\n","protected":false},"featured_media":35289,"template":"","meta":[],"product_brand":[],"product_cat":[1881,1919,1920],"product_tag":[],"class_list":{"0":"post-42019","1":"product","2":"type-product","3":"status-publish","4":"has-post-thumbnail","6":"product_cat-kirakos-jatekok","7":"product_cat-felnott-kirakos-jatekok","8":"product_cat-1000-darabos-kirakos-jatek","9":"pa_bax-10-hu","10":"pa_brand-d_toys-hu","11":"pa_country_of_manufacture-ro-hu","12":"pa_filter_age-14-hu","13":"pa_painter-james-tissot-hu","14":"pa_tip_ambalaj-doboz","15":"pa_tip_puzzle-klasszikus","17":"first","18":"onbackorder","19":"taxable","20":"shipping-taxable","21":"product-type-simple"},"yoast_head":"<!-- This site is optimized with the Yoast SEO plugin v20.1 - https:\/\/yoast.com\/wordpress\/plugins\/seo\/ -->\n<title>James Tissot 1000 darabos feln\u0151tt puzzle - A l\u00e1badoz\u00f3<\/title>\n<meta name=\"description\" content=\"James Tissot 1000 darabos feln\u0151tt puzzle - A l\u00e1badoz\u00f3\" \/>\n<meta name=\"robots\" content=\"index, follow, max-snippet:-1, max-image-preview:large, max-video-preview:-1\" \/>\n<link rel=\"canonical\" href=\"https:\/\/business.roovi.com\/hu\/james-tissot-1000-darabos-felnott-puzzle-a-labadozo\/p\/\" \/>\n<meta property=\"og:locale\" content=\"hu_HU\" \/>\n<meta property=\"og:type\" content=\"article\" \/>\n<meta property=\"og:title\" content=\"James Tissot 1000 darabos feln\u0151tt puzzle - A l\u00e1badoz\u00f3\" \/>\n<meta property=\"og:description\" content=\"James Tissot 1000 darabos feln\u0151tt puzzle - A l\u00e1badoz\u00f3\" \/>\n<meta property=\"og:url\" content=\"https:\/\/business.roovi.com\/hu\/james-tissot-1000-darabos-felnott-puzzle-a-labadozo\/p\/\" \/>\n<meta property=\"og:site_name\" content=\"Roovi B2B\" \/>\n<meta property=\"article:publisher\" content=\"https:\/\/www.facebook.com\/wwwjucariero\" \/>\n<meta property=\"article:modified_time\" content=\"2022-07-06T18:34:44+00:00\" \/>\n<meta property=\"og:image\" content=\"https:\/\/business.roovi.com\/wp-content\/uploads\/2018\/04\/p1000_tissot_72771ti01tissot_72771ti02_r700_64x88cm_no_stanc2.jpg\" \/>\n\t<meta property=\"og:image:width\" content=\"1200\" \/>\n\t<meta property=\"og:image:height\" content=\"1200\" \/>\n\t<meta property=\"og:image:type\" content=\"image\/jpeg\" \/>\n<meta name=\"twitter:label1\" content=\"Becs\u00fclt olvas\u00e1si id\u0151\" \/>\n\t<meta name=\"twitter:data1\" content=\"4 perc\" \/>\n<script type=\"application\/ld+json\" class=\"yoast-schema-graph\">{\"@context\":\"https:\/\/schema.org\",\"@graph\":[{\"@type\":\"WebPage\",\"@id\":\"https:\/\/business.roovi.com\/hu\/james-tissot-1000-darabos-felnott-puzzle-a-labadozo\/p\/\",\"url\":\"https:\/\/business.roovi.com\/hu\/james-tissot-1000-darabos-felnott-puzzle-a-labadozo\/p\/\",\"name\":\"James Tissot 1000 darabos feln\u0151tt puzzle - A l\u00e1badoz\u00f3\",\"isPartOf\":{\"@id\":\"https:\/\/business.roovi.com\/hu\/#website\"},\"datePublished\":\"2018-04-16T10:56:17+00:00\",\"dateModified\":\"2022-07-06T18:34:44+00:00\",\"description\":\"James Tissot 1000 darabos feln\u0151tt puzzle - A l\u00e1badoz\u00f3\",\"breadcrumb\":{\"@id\":\"https:\/\/business.roovi.com\/hu\/james-tissot-1000-darabos-felnott-puzzle-a-labadozo\/p\/#breadcrumb\"},\"inLanguage\":\"hu\",\"potentialAction\":[{\"@type\":\"ReadAction\",\"target\":[\"https:\/\/business.roovi.com\/hu\/james-tissot-1000-darabos-felnott-puzzle-a-labadozo\/p\/\"]}]},{\"@type\":\"BreadcrumbList\",\"@id\":\"https:\/\/business.roovi.com\/hu\/james-tissot-1000-darabos-felnott-puzzle-a-labadozo\/p\/#breadcrumb\",\"itemListElement\":[{\"@type\":\"ListItem\",\"position\":1,\"name\":\"Home\",\"item\":\"https:\/\/business.roovi.com\/hu\/\"},{\"@type\":\"ListItem\",\"position\":2,\"name\":\"Shop\",\"item\":\"https:\/\/business.roovi.com\/hu\/shop\/\"},{\"@type\":\"ListItem\",\"position\":3,\"name\":\"James Tissot 1000 darabos feln\u0151tt puzzle &#8211; A l\u00e1badoz\u00f3\"}]},{\"@type\":\"WebSite\",\"@id\":\"https:\/\/business.roovi.com\/hu\/#website\",\"url\":\"https:\/\/business.roovi.com\/hu\/\",\"name\":\"Roovi B2B\",\"description\":\"Roovi Business Website\",\"potentialAction\":[{\"@type\":\"SearchAction\",\"target\":{\"@type\":\"EntryPoint\",\"urlTemplate\":\"https:\/\/business.roovi.com\/hu\/?s={search_term_string}\"},\"query-input\":\"required name=search_term_string\"}],\"inLanguage\":\"hu\"}]}<\/script>\n<!-- \/ Yoast SEO plugin. -->","yoast_head_json":{"title":"James Tissot 1000 darabos feln\u0151tt puzzle - A l\u00e1badoz\u00f3","description":"James Tissot 1000 darabos feln\u0151tt puzzle - A l\u00e1badoz\u00f3","robots":{"index":"index","follow":"follow","max-snippet":"max-snippet:-1","max-image-preview":"max-image-preview:large","max-video-preview":"max-video-preview:-1"},"canonical":"https:\/\/business.roovi.com\/hu\/james-tissot-1000-darabos-felnott-puzzle-a-labadozo\/p\/","og_locale":"hu_HU","og_type":"article","og_title":"James Tissot 1000 darabos feln\u0151tt puzzle - A l\u00e1badoz\u00f3","og_description":"James Tissot 1000 darabos feln\u0151tt puzzle - A l\u00e1badoz\u00f3","og_url":"https:\/\/business.roovi.com\/hu\/james-tissot-1000-darabos-felnott-puzzle-a-labadozo\/p\/","og_site_name":"Roovi B2B","article_publisher":"https:\/\/www.facebook.com\/wwwjucariero","article_modified_time":"2022-07-06T18:34:44+00:00","og_image":[{"width":1200,"height":1200,"url":"https:\/\/business.roovi.com\/wp-content\/uploads\/2018\/04\/p1000_tissot_72771ti01tissot_72771ti02_r700_64x88cm_no_stanc2.jpg","type":"image\/jpeg"}],"twitter_misc":{"Becs\u00fclt olvas\u00e1si id\u0151":"4 perc"},"schema":{"@context":"https:\/\/schema.org","@graph":[{"@type":"WebPage","@id":"https:\/\/business.roovi.com\/hu\/james-tissot-1000-darabos-felnott-puzzle-a-labadozo\/p\/","url":"https:\/\/business.roovi.com\/hu\/james-tissot-1000-darabos-felnott-puzzle-a-labadozo\/p\/","name":"James Tissot 1000 darabos feln\u0151tt puzzle - A l\u00e1badoz\u00f3","isPartOf":{"@id":"https:\/\/business.roovi.com\/hu\/#website"},"datePublished":"2018-04-16T10:56:17+00:00","dateModified":"2022-07-06T18:34:44+00:00","description":"James Tissot 1000 darabos feln\u0151tt puzzle - A l\u00e1badoz\u00f3","breadcrumb":{"@id":"https:\/\/business.roovi.com\/hu\/james-tissot-1000-darabos-felnott-puzzle-a-labadozo\/p\/#breadcrumb"},"inLanguage":"hu","potentialAction":[{"@type":"ReadAction","target":["https:\/\/business.roovi.com\/hu\/james-tissot-1000-darabos-felnott-puzzle-a-labadozo\/p\/"]}]},{"@type":"BreadcrumbList","@id":"https:\/\/business.roovi.com\/hu\/james-tissot-1000-darabos-felnott-puzzle-a-labadozo\/p\/#breadcrumb","itemListElement":[{"@type":"ListItem","position":1,"name":"Home","item":"https:\/\/business.roovi.com\/hu\/"},{"@type":"ListItem","position":2,"name":"Shop","item":"https:\/\/business.roovi.com\/hu\/shop\/"},{"@type":"ListItem","position":3,"name":"James Tissot 1000 darabos feln\u0151tt puzzle &#8211; A l\u00e1badoz\u00f3"}]},{"@type":"WebSite","@id":"https:\/\/business.roovi.com\/hu\/#website","url":"https:\/\/business.roovi.com\/hu\/","name":"Roovi B2B","description":"Roovi Business Website","potentialAction":[{"@type":"SearchAction","target":{"@type":"EntryPoint","urlTemplate":"https:\/\/business.roovi.com\/hu\/?s={search_term_string}"},"query-input":"required name=search_term_string"}],"inLanguage":"hu"}]}},"_links":{"self":[{"href":"https:\/\/business.roovi.com\/hu\/wp-json\/wp\/v2\/product\/42019","targetHints":{"allow":["GET"]}}],"collection":[{"href":"https:\/\/business.roovi.com\/hu\/wp-json\/wp\/v2\/product"}],"about":[{"href":"https:\/\/business.roovi.com\/hu\/wp-json\/wp\/v2\/types\/product"}],"version-history":[{"count":0,"href":"https:\/\/business.roovi.com\/hu\/wp-json\/wp\/v2\/product\/42019\/revisions"}],"wp:featuredmedia":[{"embeddable":true,"href":"https:\/\/business.roovi.com\/hu\/wp-json\/wp\/v2\/media\/35289"}],"wp:attachment":[{"href":"https:\/\/business.roovi.com\/hu\/wp-json\/wp\/v2\/media?parent=42019"}],"wp:term":[{"taxonomy":"product_brand","embeddable":true,"href":"https:\/\/business.roovi.com\/hu\/wp-json\/wp\/v2\/product_brand?post=42019"},{"taxonomy":"product_cat","embeddable":true,"href":"https:\/\/business.roovi.com\/hu\/wp-json\/wp\/v2\/product_cat?post=42019"},{"taxonomy":"product_tag","embeddable":true,"href":"https:\/\/business.roovi.com\/hu\/wp-json\/wp\/v2\/product_tag?post=42019"}],"curies":[{"name":"wp","href":"https:\/\/api.w.org\/{rel}","templated":true}]}}