{"id":42031,"date":"2018-04-16T10:56:17","date_gmt":"2018-04-16T10:56:17","guid":{"rendered":"https:\/\/business.roovi.com\/puzzle-adulti-1000-piese-edouard-manet-springprimavara\/p\/"},"modified":"2023-02-21T11:29:11","modified_gmt":"2023-02-21T11:29:11","slug":"felnott-1000-darabos-puzzle-edouard-manet-tavasz-primavara","status":"publish","type":"product","link":"https:\/\/business.roovi.com\/hu\/felnott-1000-darabos-puzzle-edouard-manet-tavasz-primavara\/p\/","title":{"rendered":"Feln\u0151tt 1000 darabos puzzle \u00c9douard Manet &#8211; Tavasz"},"content":{"rendered":"<p><span style=\"font-weight: 400;\">Szeretn\u00e9 a saj\u00e1t otthon\u00e1ban megcsod\u00e1lni Mona Lisa festm\u00e9ny\u00e9t, \u00e9s a m\u0171v\u00e9sz ecsetj\u00e9nek legapr\u00f3bb nyomait is meg\u00f6r\u00f6k\u00edteni? M\u0171v\u00e9szeti rejtv\u00e9nygy\u0171jtem\u00e9ny\u00fcnkben megtal\u00e1lod ennek a h\u00edres festm\u00e9nynek a k\u00e9p\u00e9t \u00e9s m\u00e9g sok m\u00e1st is. Leny\u0171g\u00f6z\u0151 festm\u00e9nyekb\u0151l \u00e1ll\u00f3 saj\u00e1t gy\u0171jtem\u00e9nyt hozhatsz l\u00e9tre 1000 darabos kirak\u00f3sokb\u00f3l. Fedezze fel most a feln\u0151tteknek sz\u00f3l\u00f3 rejtv\u00e9nyek teljes v\u00e1laszt\u00e9k\u00e1t!<\/span><\/p>\n<p><span style=\"font-weight: 400;\">Szeretne egy 1000 darabos puzzle-t bonyolult r\u00e9szletekkel? Az \u00c9douard Manet &#8211; Tavasz m\u0171v\u00e9szeti kirak\u00f3j\u00e1t\u00e9k pont az, amit keresel. A kirak\u00f3s Manet utols\u00f3 nyilv\u00e1nos siker\u00e9t \u00e1br\u00e1zolja. A festm\u00e9ny a p\u00e1rizsi sz\u00edn\u00e9szn\u0151t, Jeanne DeMarsy-t \u00e1br\u00e1zolja, mint a tavasz megtestes\u00edt\u0151j\u00e9t. A n\u0151 vir\u00e1gos ruh\u00e1t visel, eserny\u0151vel \u00e9s f\u0151k\u00f6t\u0151vel, z\u00f6ld levelekb\u0151l \u00e1ll\u00f3 buja h\u00e1tt\u00e9r \u00e9s tiszta k\u00e9k \u00e9gbolt el\u0151tt <\/span><\/p>\n<p><span style=\"font-weight: 400;\">\u00dclj\u00f6n le k\u00e9nyelmesen a nappali doh\u00e1nyz\u00f3asztala el\u00e9, \u00e9s kezdjen el dolgozni egy leny\u0171g\u00f6z\u0151 festm\u00e9nyen. Egy 50 x 70 cm-es k\u00e9pet kapsz, amelyet bekeretezhetsz \u00e9s kitehetsz a faladra.<\/span><\/p>\n<p><span style=\"font-weight: 400;\">Az \u00c9douard Manet &#8211; Spring Art Puzzle jellemz\u0151i<\/span><\/p>\n<p><strong>Puzzle anyag <\/strong><\/p>\n<p><strong>kiv\u00e1l\u00f3 min\u0151s\u00e9g\u0171 k\u00e9k karton<\/strong><\/p>\n<p><strong>fenntarthat\u00f3, \u00fajrahasznos\u00edthat\u00f3 anyagok<\/strong><\/p>\n<p><strong>f\u00e9lf\u00e9nyes kivitel, \u00e9l\u00e9nk sz\u00ednek<\/strong><\/p>\n<p><strong>A kirak\u00f3s darabok sz\u00e1ma: 1000<\/strong><\/p>\n<p><strong>Aj\u00e1nlott \u00e9letkor: 14+<\/strong><\/p>\n<p><strong>A rejtv\u00e9nyj\u00e1t\u00e9kok alv\u00f3 \u00fczemm\u00f3dba helyezik a virtu\u00e1lis \u00e9letedet<\/strong><\/p>\n<p><span style=\"font-weight: 400;\">Sz\u00fcks\u00e9ge van egy kis sz\u00fcnetre a k\u00e9perny\u0151kt\u0151l? A kirak\u00f3s j\u00e1t\u00e9kok a legjobb v\u00e1laszt\u00e1s, ha min\u0151s\u00e9gi id\u0151t szeretn\u00e9l t\u00f6lteni az okoseszk\u00f6z\u00f6k k\u00e9perny\u0151it\u0151l t\u00e1vol. R\u00e1ad\u00e1sul lehet\u0151s\u00e9get ad arra, hogy egyedi d\u00edszt\u00e1rgyakat hozzon l\u00e9tre, amelyeket otthon\u00e1ban ki\u00e1ll\u00edthat.<\/span><\/p>\n<p><span style=\"font-weight: 400;\">A kreat\u00edv \u00e9s pihentet\u0151 tev\u00e9kenys\u00e9g el\u0151nye mellett m\u00e1s el\u0151ny\u00f6kkel is j\u00e1r:<\/span><\/p>\n<p><span style=\"font-weight: 400;\">Fejleszti a r\u00e9szletekre val\u00f3 figyelmet \u00e9s a koncentr\u00e1ci\u00f3s k\u00e9pess\u00e9get.<\/span><\/p>\n<p><span style=\"font-weight: 400;\">A mem\u00f3ri\u00e1dat edzed.<\/span><\/p>\n<p><span style=\"font-weight: 400;\">Jav\u00edtja a hangulat\u00e1t.<\/span><\/p>\n<p><span style=\"font-weight: 400;\">\u00d6sszekapcsol\u00f3dsz a csal\u00e1doddal vagy a bar\u00e1taiddal, amikor egy\u00fctt dolgoztok egy 1000 darabos kirak\u00f3s j\u00e1t\u00e9kon.<\/span><\/p>\n<p><strong>5 t\u00e9ny Manet-r\u0151l \u00e9s fest\u00e9szet\u00e9r\u0151l <\/strong><strong><em>Tavaszi<\/em><\/strong><\/p>\n<p><span style=\"font-weight: 400;\">A festm\u00e9ny jelenleg a <\/span><span style=\"font-weight: 400;\">J. Paul Getty M\u00fazeum, amely 2014-ben 65 milli\u00f3 doll\u00e1rt fizetett \u00e9rte.<\/span><\/p>\n<p><span style=\"font-weight: 400;\">A festm\u00e9ny egy 4 alkot\u00e1sb\u00f3l \u00e1ll\u00f3 sorozat r\u00e9sze lett volna, amely mind a 4 \u00e9vszakot k\u00e9pvisel\u0151, kac\u00e9r n\u0151ket \u00e1br\u00e1zol. Manet soha nem fejezte be a projektet.<\/span><\/p>\n<p><span style=\"font-weight: 400;\">A m\u0171v\u00e9sz egy \u00e9vvel azut\u00e1n halt meg, hogy ezt a m\u0171v\u00e9t ki\u00e1ll\u00edtotta a P\u00e1rizsi Szalonban.<\/span><\/p>\n<p><span style=\"font-weight: 400;\">Manet a r\u00e9gi mesterek \u00e1ltal inspir\u00e1lt fest\u00e9szeti st\u00edlust alak\u00edtott ki, de a modern v\u00e1ros k\u00e9peire \u00f6sszpontos\u00edtott.<\/span><\/p>\n<p><span style=\"font-weight: 400;\">H\u00e9tk\u00f6znapi embereket festett mindennapi tev\u00e9kenys\u00e9geik k\u00f6zben, de mer\u00e9sz st\u00edlusa sok korabeli kritikust meglepett, \u00e9s t\u00f6bbsz\u00f6r elutas\u00edtott\u00e1k.<\/span><\/p>\n<p><strong>M\u0171v\u00e9szeti rejtv\u00e9nyek: 3 csod\u00e1latos el\u0151nyt k\u00edn\u00e1lnak \u00d6nnek<\/strong><\/p>\n<p><span style=\"font-weight: 400;\">A vil\u00e1g nagy m\u0171v\u00e9szeti remekm\u0171veinek k\u00e9peinek \u00fajrateremt\u00e9se csod\u00e1latos kih\u00edv\u00e1s. \u00cdme csak 3 ok, ami\u00e9rt \u00e9rdemes ezeket a kirak\u00f3s j\u00e1t\u00e9kokat v\u00e1lasztani:<\/span><\/p>\n<ul>\n<li><span style=\"font-weight: 400;\">1000 puzzle-darabb\u00f3l \u00fajraalkothatsz h\u00edres m\u0171alkot\u00e1sokat, majd bekeretezheted \u0151ket.<\/span><\/li>\n<li><span style=\"font-weight: 400;\">Fejleszti az eszt\u00e9tikai \u00e9rz\u00e9k\u00e9t &#8211; ha a szabadidej\u00e9t sz\u00e9ps\u00e9ggel \u00e9s kifinomults\u00e1ggal t\u00f6lti, lehetetlen nem csiszolni az eszt\u00e9tikai \u00edzl\u00e9s\u00e9t.<\/span><\/li>\n<li><span style=\"font-weight: 400;\">Fejleszti a kirak\u00f3s-\u00f6ssze\u00e1ll\u00edt\u00e1si k\u00e9szs\u00e9g\u00e9t.<\/span><\/li>\n<\/ul>\n<p><span style=\"font-weight: 400;\">V\u00e1s\u00e1roljon 1000 darabos kirak\u00f3s j\u00e1t\u00e9kot <\/span><span style=\"font-weight: 400;\">\u00c9douard Manet &#8211; Spring a m\u0171v\u00e9szeti rejtv\u00e9nyek gy\u0171jtem\u00e9ny\u00e9b\u0151l, \u00e9s \u00e9lvezd a kirak\u00f3s j\u00e1t\u00e9kok ny\u00fajtotta el\u0151ny\u00f6ket. Rakd \u00f6ssze a m\u0171v\u00e9szeti k\u00e9pet ebben a csod\u00e1latos feln\u0151tt puzzle-ben, \u00e9s hozd l\u00e9tre saj\u00e1t k\u00fcl\u00f6nleges m\u0171v\u00e9szeti gy\u0171jtem\u00e9nyedet.<\/span><\/p>\n<p><span style=\"font-weight: 400;\">Az \u00c9douard Manet Art Puzzle &#8211; Tavasz ide\u00e1lis aj\u00e1nd\u00e9k a puzzle-j\u00e1t\u00e9kokat vagy a m\u0171v\u00e9szeti alkot\u00e1sokat kedvel\u0151 bar\u00e1toknak. Lepje meg \u0151ket kellemesen, \u00e9s adja nekik ezt a feln\u0151tt puzzle-t \u00fcnnepekre vagy \u00e9vfordul\u00f3kra.<\/span><\/p>\n","protected":false},"excerpt":{"rendered":"<p>Szeretn\u00e9 a saj\u00e1t otthon\u00e1ban megcsod\u00e1lni Mona Lisa festm\u00e9ny\u00e9t, \u00e9s a m\u0171v\u00e9sz ecsetj\u00e9nek legapr\u00f3bb nyomait is meg\u00f6r\u00f6k\u00edteni? M\u0171v\u00e9szeti rejtv\u00e9nygy\u0171jtem\u00e9ny\u00fcnkben megtal\u00e1lod ennek<\/p>\n","protected":false},"featured_media":63580,"template":"","meta":[],"product_brand":[],"product_cat":[1920,1919,1881],"product_tag":[],"class_list":{"0":"post-42031","1":"product","2":"type-product","3":"status-publish","4":"has-post-thumbnail","6":"product_cat-1000-darabos-kirakos-jatek","7":"product_cat-felnott-kirakos-jatekok","8":"product_cat-kirakos-jatekok","9":"pa_bax-10-hu","10":"pa_brand-d_toys-hu","11":"pa_country_of_manufacture-ro-hu","12":"pa_filter_age-14-hu","13":"pa_painter-edouard-manet-hu","14":"pa_tip_ambalaj-doboz","15":"pa_tip_puzzle-klasszikus","17":"first","18":"onbackorder","19":"taxable","20":"shipping-taxable","21":"product-type-simple"},"yoast_head":"<!-- This site is optimized with the Yoast SEO plugin v20.1 - https:\/\/yoast.com\/wordpress\/plugins\/seo\/ -->\n<title>Feln\u0151tt 1000 darabos puzzle \u00c9douard Manet - Tavasz\/Primavara<\/title>\n<meta name=\"description\" content=\"Feln\u0151tt 1000 darabos puzzle \u00c9douard Manet - Tavasz\/Primavara\" \/>\n<meta name=\"robots\" content=\"index, follow, max-snippet:-1, max-image-preview:large, max-video-preview:-1\" \/>\n<link rel=\"canonical\" href=\"https:\/\/business.roovi.com\/hu\/felnott-1000-darabos-puzzle-edouard-manet-tavasz-primavara\/p\/\" \/>\n<meta property=\"og:locale\" content=\"hu_HU\" \/>\n<meta property=\"og:type\" content=\"article\" \/>\n<meta property=\"og:title\" content=\"Feln\u0151tt 1000 darabos puzzle \u00c9douard Manet - Tavasz\/Primavara\" \/>\n<meta property=\"og:description\" content=\"Feln\u0151tt 1000 darabos puzzle \u00c9douard Manet - Tavasz\/Primavara\" \/>\n<meta property=\"og:url\" content=\"https:\/\/business.roovi.com\/hu\/felnott-1000-darabos-puzzle-edouard-manet-tavasz-primavara\/p\/\" \/>\n<meta property=\"og:site_name\" content=\"Roovi B2B\" \/>\n<meta property=\"article:publisher\" content=\"https:\/\/www.facebook.com\/wwwjucariero\" \/>\n<meta property=\"article:modified_time\" content=\"2023-02-21T11:29:11+00:00\" \/>\n<meta property=\"og:image\" content=\"https:\/\/business.roovi.com\/wp-content\/uploads\/2018\/04\/73068-MA-02-WEB.jpg\" \/>\n\t<meta property=\"og:image:width\" content=\"1200\" \/>\n\t<meta property=\"og:image:height\" content=\"1200\" \/>\n\t<meta property=\"og:image:type\" content=\"image\/jpeg\" \/>\n<meta name=\"twitter:label1\" content=\"Becs\u00fclt olvas\u00e1si id\u0151\" \/>\n\t<meta name=\"twitter:data1\" content=\"3 perc\" \/>\n<script type=\"application\/ld+json\" class=\"yoast-schema-graph\">{\"@context\":\"https:\/\/schema.org\",\"@graph\":[{\"@type\":\"WebPage\",\"@id\":\"https:\/\/business.roovi.com\/hu\/felnott-1000-darabos-puzzle-edouard-manet-tavasz-primavara\/p\/\",\"url\":\"https:\/\/business.roovi.com\/hu\/felnott-1000-darabos-puzzle-edouard-manet-tavasz-primavara\/p\/\",\"name\":\"Feln\u0151tt 1000 darabos puzzle \u00c9douard Manet - Tavasz\/Primavara\",\"isPartOf\":{\"@id\":\"https:\/\/business.roovi.com\/hu\/#website\"},\"datePublished\":\"2018-04-16T10:56:17+00:00\",\"dateModified\":\"2023-02-21T11:29:11+00:00\",\"description\":\"Feln\u0151tt 1000 darabos puzzle \u00c9douard Manet - Tavasz\/Primavara\",\"breadcrumb\":{\"@id\":\"https:\/\/business.roovi.com\/hu\/felnott-1000-darabos-puzzle-edouard-manet-tavasz-primavara\/p\/#breadcrumb\"},\"inLanguage\":\"hu\",\"potentialAction\":[{\"@type\":\"ReadAction\",\"target\":[\"https:\/\/business.roovi.com\/hu\/felnott-1000-darabos-puzzle-edouard-manet-tavasz-primavara\/p\/\"]}]},{\"@type\":\"BreadcrumbList\",\"@id\":\"https:\/\/business.roovi.com\/hu\/felnott-1000-darabos-puzzle-edouard-manet-tavasz-primavara\/p\/#breadcrumb\",\"itemListElement\":[{\"@type\":\"ListItem\",\"position\":1,\"name\":\"Home\",\"item\":\"https:\/\/business.roovi.com\/hu\/\"},{\"@type\":\"ListItem\",\"position\":2,\"name\":\"Shop\",\"item\":\"https:\/\/business.roovi.com\/hu\/shop\/\"},{\"@type\":\"ListItem\",\"position\":3,\"name\":\"Feln\u0151tt 1000 darabos puzzle \u00c9douard Manet &#8211; Tavasz\"}]},{\"@type\":\"WebSite\",\"@id\":\"https:\/\/business.roovi.com\/hu\/#website\",\"url\":\"https:\/\/business.roovi.com\/hu\/\",\"name\":\"Roovi B2B\",\"description\":\"Roovi Business Website\",\"potentialAction\":[{\"@type\":\"SearchAction\",\"target\":{\"@type\":\"EntryPoint\",\"urlTemplate\":\"https:\/\/business.roovi.com\/hu\/?s={search_term_string}\"},\"query-input\":\"required name=search_term_string\"}],\"inLanguage\":\"hu\"}]}<\/script>\n<!-- \/ Yoast SEO plugin. -->","yoast_head_json":{"title":"Feln\u0151tt 1000 darabos puzzle \u00c9douard Manet - Tavasz\/Primavara","description":"Feln\u0151tt 1000 darabos puzzle \u00c9douard Manet - Tavasz\/Primavara","robots":{"index":"index","follow":"follow","max-snippet":"max-snippet:-1","max-image-preview":"max-image-preview:large","max-video-preview":"max-video-preview:-1"},"canonical":"https:\/\/business.roovi.com\/hu\/felnott-1000-darabos-puzzle-edouard-manet-tavasz-primavara\/p\/","og_locale":"hu_HU","og_type":"article","og_title":"Feln\u0151tt 1000 darabos puzzle \u00c9douard Manet - Tavasz\/Primavara","og_description":"Feln\u0151tt 1000 darabos puzzle \u00c9douard Manet - Tavasz\/Primavara","og_url":"https:\/\/business.roovi.com\/hu\/felnott-1000-darabos-puzzle-edouard-manet-tavasz-primavara\/p\/","og_site_name":"Roovi B2B","article_publisher":"https:\/\/www.facebook.com\/wwwjucariero","article_modified_time":"2023-02-21T11:29:11+00:00","og_image":[{"width":1200,"height":1200,"url":"https:\/\/business.roovi.com\/wp-content\/uploads\/2018\/04\/73068-MA-02-WEB.jpg","type":"image\/jpeg"}],"twitter_misc":{"Becs\u00fclt olvas\u00e1si id\u0151":"3 perc"},"schema":{"@context":"https:\/\/schema.org","@graph":[{"@type":"WebPage","@id":"https:\/\/business.roovi.com\/hu\/felnott-1000-darabos-puzzle-edouard-manet-tavasz-primavara\/p\/","url":"https:\/\/business.roovi.com\/hu\/felnott-1000-darabos-puzzle-edouard-manet-tavasz-primavara\/p\/","name":"Feln\u0151tt 1000 darabos puzzle \u00c9douard Manet - Tavasz\/Primavara","isPartOf":{"@id":"https:\/\/business.roovi.com\/hu\/#website"},"datePublished":"2018-04-16T10:56:17+00:00","dateModified":"2023-02-21T11:29:11+00:00","description":"Feln\u0151tt 1000 darabos puzzle \u00c9douard Manet - Tavasz\/Primavara","breadcrumb":{"@id":"https:\/\/business.roovi.com\/hu\/felnott-1000-darabos-puzzle-edouard-manet-tavasz-primavara\/p\/#breadcrumb"},"inLanguage":"hu","potentialAction":[{"@type":"ReadAction","target":["https:\/\/business.roovi.com\/hu\/felnott-1000-darabos-puzzle-edouard-manet-tavasz-primavara\/p\/"]}]},{"@type":"BreadcrumbList","@id":"https:\/\/business.roovi.com\/hu\/felnott-1000-darabos-puzzle-edouard-manet-tavasz-primavara\/p\/#breadcrumb","itemListElement":[{"@type":"ListItem","position":1,"name":"Home","item":"https:\/\/business.roovi.com\/hu\/"},{"@type":"ListItem","position":2,"name":"Shop","item":"https:\/\/business.roovi.com\/hu\/shop\/"},{"@type":"ListItem","position":3,"name":"Feln\u0151tt 1000 darabos puzzle \u00c9douard Manet &#8211; Tavasz"}]},{"@type":"WebSite","@id":"https:\/\/business.roovi.com\/hu\/#website","url":"https:\/\/business.roovi.com\/hu\/","name":"Roovi B2B","description":"Roovi Business Website","potentialAction":[{"@type":"SearchAction","target":{"@type":"EntryPoint","urlTemplate":"https:\/\/business.roovi.com\/hu\/?s={search_term_string}"},"query-input":"required name=search_term_string"}],"inLanguage":"hu"}]}},"_links":{"self":[{"href":"https:\/\/business.roovi.com\/hu\/wp-json\/wp\/v2\/product\/42031","targetHints":{"allow":["GET"]}}],"collection":[{"href":"https:\/\/business.roovi.com\/hu\/wp-json\/wp\/v2\/product"}],"about":[{"href":"https:\/\/business.roovi.com\/hu\/wp-json\/wp\/v2\/types\/product"}],"version-history":[{"count":0,"href":"https:\/\/business.roovi.com\/hu\/wp-json\/wp\/v2\/product\/42031\/revisions"}],"wp:featuredmedia":[{"embeddable":true,"href":"https:\/\/business.roovi.com\/hu\/wp-json\/wp\/v2\/media\/63580"}],"wp:attachment":[{"href":"https:\/\/business.roovi.com\/hu\/wp-json\/wp\/v2\/media?parent=42031"}],"wp:term":[{"taxonomy":"product_brand","embeddable":true,"href":"https:\/\/business.roovi.com\/hu\/wp-json\/wp\/v2\/product_brand?post=42031"},{"taxonomy":"product_cat","embeddable":true,"href":"https:\/\/business.roovi.com\/hu\/wp-json\/wp\/v2\/product_cat?post=42031"},{"taxonomy":"product_tag","embeddable":true,"href":"https:\/\/business.roovi.com\/hu\/wp-json\/wp\/v2\/product_tag?post=42031"}],"curies":[{"name":"wp","href":"https:\/\/api.w.org\/{rel}","templated":true}]}}