{"id":42035,"date":"2018-04-16T10:56:17","date_gmt":"2018-04-16T10:56:17","guid":{"rendered":"https:\/\/business.roovi.com\/puzzle-adulti-1000-piese-edouard-manet-in-the-conservatoryin-sera\/p\/"},"modified":"2022-07-06T18:39:25","modified_gmt":"2022-07-06T18:39:25","slug":"felnott-1000-darabos-puzzle-edouard-manet-a-konzervatoriumban-in-sera","status":"publish","type":"product","link":"https:\/\/business.roovi.com\/hu\/felnott-1000-darabos-puzzle-edouard-manet-a-konzervatoriumban-in-sera\/p\/","title":{"rendered":"Feln\u0151tt 1000 darabos puzzle \u00c9douard Manet &#8211; A konzervat\u00f3riumban\/In sera"},"content":{"rendered":"<p><span style=\"font-weight: 400\">Szereted a rejtv\u00e9nyeket \u00e9s mindig inspir\u00e1l\u00f3dsz? Kih\u00edvunk t\u00e9ged, hogy megoldd a h\u00edres m\u0171alkot\u00e1sok \u00f6sszetett k\u00e9peit Rom\u00e1nia legnagyobb m\u0171v\u00e9szeti rejtv\u00e9nyk\u00edn\u00e1lat\u00e1b\u00f3l. Itt 1000 darabos kirak\u00f3s j\u00e1t\u00e9kokat tal\u00e1l a renesz\u00e1nsz, a barokk \u00e9s m\u00e1s m\u0171v\u00e9szeti korszakok h\u00edres festm\u00e9nyeinek k\u00e9peivel. B\u00f6ng\u00e9sszen online aj\u00e1nlatunkban \u00e9s v\u00e1lassza ki kedvenc m\u0171v\u00e9szi rejtv\u00e9ny\u00e9t!<\/span><\/p>\n<p><span style=\"font-weight: 400\">\u00c9douard Manet , az egyedi st\u00edlus\u00fa fest\u0151, a francia fest\u00e9szet els\u0151 modernist\u00e1ja most egy kiv\u00e9teles puzzle j\u00e1t\u00e9kban t\u00e1rul el\u00e9d. 1000 darabos puzzle \u00c9douard Manet &#8211; <\/span><em><span style=\"font-weight: 400\">A konzervat\u00f3riumban <\/span><\/em><span style=\"font-weight: 400\">\u00fajraalkotja a francia m\u0171v\u00e9sz h\u00edres festm\u00e9ny\u00e9nek k\u00e9p\u00e9t. A festm\u00e9nyt a m\u0171v\u00e9sz egyik legkonzervat\u00edvabb alkot\u00e1s\u00e1nak tartj\u00e1k, aki mer\u00e9sz t\u00e9m\u00e1ival sokkolta a 19. sz\u00e1zadi kritikusokat <\/span><\/p>\n<p><span style=\"font-weight: 400\">A p\u00e1rost nagy r\u00e9szletess\u00e9ggel festett\u00e9k meg, \u00e9s ha szereted az \u00f6sszetett k\u00e9peket a feln\u0151tt kirak\u00f3s j\u00e1t\u00e9kokban, akkor ez az 1000 darabos kirak\u00f3s biztosan megfelel neked. R\u00e1ad\u00e1sul lehet\u0151s\u00e9ged ny\u00edlik arra is, hogy megfesthess egy kialakult k\u00e9pet, \u00e9s egy m\u0171v\u00e9szi 1000 darabos puzzle-festm\u00e9nnyel d\u00edsz\u00edtsd otthonodat.<\/span><\/p>\n<p><span style=\"font-weight: 400\">\u00c9douard Manet m\u0171v\u00e9szeti puzzle jellemz\u0151i &#8211; <\/span><em><span style=\"font-weight: 400\">Az \u00fcvegh\u00e1zban\/az \u00fcvegh\u00e1zban:<\/span><\/em><\/p>\n<p><strong>A reproduk\u00e1lt k\u00e9p m\u00e9rete: 50 x 70 cm <\/strong><span style=\"font-weight: 400\">A darabok al\u00e1t\u00e1maszt\u00e1s\u00e1ra haszn\u00e1lhat egy hagyom\u00e1nyos doh\u00e1nyz\u00f3asztalt.<\/span><\/p>\n<p><strong>Puzzle anyag <\/strong><\/p>\n<p><strong>kiv\u00e1l\u00f3 min\u0151s\u00e9g\u0171 k\u00e9k karton<\/strong><\/p>\n<p><strong>fenntarthat\u00f3, \u00fajrahasznos\u00edthat\u00f3 anyagok<\/strong><\/p>\n<p><strong>f\u00e9lf\u00e9nyes kivitel, \u00e9l\u00e9nk sz\u00ednek<\/strong><\/p>\n<p><strong>A kirak\u00f3s darabok sz\u00e1ma: 1000<\/strong><\/p>\n<p><strong>Aj\u00e1nlott \u00e9letkor: 14+<\/strong><\/p>\n<p><strong>Puzzle j\u00e1t\u00e9kok \u00e9s az \u00e1ltaluk fejlesztett k\u00e9szs\u00e9gek<\/strong><\/p>\n<p><span style=\"font-weight: 400\">A feln\u0151tteknek sz\u00f3l\u00f3 rejtv\u00e9nyek remek kikapcsol\u00f3d\u00e1si lehet\u0151s\u00e9get ny\u00fajtanak, \u00e9s kreat\u00edvan t\u00f6ltheti el szabadidej\u00e9t. Mi t\u00f6bb, a kirak\u00f3s j\u00e1t\u00e9kok sz\u00e1mos eg\u00e9szs\u00e9g\u00fcgyi el\u0151nnyel j\u00e1rnak. \u00cdme 3 k\u00f6z\u00fcl\u00fck:<\/span><\/p>\n<p><strong>Eg\u00e9szs\u00e9gesen tartj\u00e1k az agyat <\/strong><span style=\"font-weight: 400\">A rejtv\u00e9nyj\u00e1t\u00e9kok mindk\u00e9t agyf\u00e9ltek\u00e9t edzik, \u00e9s lefoglalj\u00e1k az agyadat, ak\u00e1rcsak egy edz\u0151teremben. Ha teh\u00e1t naponta legal\u00e1bb 30 percig kirakod a feln\u0151tteknek sz\u00e1nt rejtv\u00e9nyeket, jelent\u0151sen cs\u00f6kkenti az Alzheimer-k\u00f3r vagy a demencia kock\u00e1zat\u00e1t.<\/span><\/p>\n<p><strong>Eg\u00e9szs\u00e9gesen tartj\u00e1k a sz\u00edv\u00e9t.<\/strong><span style=\"font-weight: 400\"> A nyugodt test eg\u00e9szs\u00e9ges test. Kider\u00fclt, hogy a kirak\u00f3s j\u00e1t\u00e9k \u00e1ltal kiv\u00e1ltott nyugalom seg\u00edt cs\u00f6kkenteni a v\u00e9rnyom\u00e1st \u00e9s fenntartani a sz\u00edvm\u0171k\u00f6d\u00e9st.<\/span><\/p>\n<p><strong>Optimista \u00e1llapotot adnak.<\/strong><span style=\"font-weight: 400\"> A feln\u0151ttek kirak\u00f3s j\u00e1t\u00e9kaiban szerepl\u0151 k\u00e9pek \u00f6sszerak\u00e1sa sor\u00e1n az emberi agy t\u00f6bb dopamint v\u00e1laszt ki. Ez az anyag felel\u0151s a j\u00f3 k\u00f6z\u00e9rzet\u00e9rt \u00e9s az optimizmus\u00e9rt. \u00cdme a tudom\u00e1nyos magyar\u00e1zat arra az el\u00e9gedetts\u00e9gre, amit az 1000 darabos kirak\u00f3j\u00e1t\u00e9kok befejez\u00e9se okoz.<\/span><\/p>\n<p><strong>Amit nem tudott Manet-r\u0151l \u00e9s fest\u00e9szet\u00e9r\u0151l <\/strong><strong><em>A konzervat\u00f3riumban<\/em><\/strong><\/p>\n<p><span style=\"font-weight: 400\">\u00c9douard Manet gazdag csal\u00e1dba sz\u00fcletett, \u00e9s nem kellett a fest\u00e9szetb\u0151l meg\u00e9lnie.<\/span><\/p>\n<p><span style=\"font-weight: 400\">\u00c9lete sor\u00e1n sz\u00e1mos m\u0171v\u00e9szbar\u00e1tj\u00e1t seg\u00edtette p\u00e9nzzel.<\/span><\/p>\n<p><span style=\"font-weight: 400\">Zongoratan\u00e1rn\u0151je ir\u00e1nti szenved\u00e9ly\u00e9t, akit apja hal\u00e1la ut\u00e1n vett feles\u00e9g\u00fcl, titokban tartotta.<\/span><\/p>\n<p><span style=\"font-weight: 400\">Egyes m\u0171vek, mint p\u00e9ld\u00e1ul <\/span><em><span style=\"font-weight: 400\">&#8222;Reggeli a f\u0171ben&#8221;<\/span><\/em><span style=\"font-weight: 400\">  a kritikusok \u00edzl\u00e9stelennek \u00e9s vulg\u00e1risnak min\u0151s\u00edtett\u00e9k.<\/span><\/p>\n<p><span style=\"font-weight: 400\">A p\u00e1r a festm\u00e9nyen <\/span><em><span style=\"font-weight: 400\">A konzervat\u00f3riumban<\/span><\/em><span style=\"font-weight: 400\">  a fest\u0151 k\u00eds\u00e9ret\u00e9hez tartoztak.<\/span><\/p>\n<p><span style=\"font-weight: 400\">A festm\u00e9nyen t\u00fckr\u00f6z\u0151d\u0151 h\u00e1zasp\u00e1r t\u00e1vols\u00e1gtart\u00e1sa volt a legf\u0151bb kritika, amelyet a m\u0171v\u00e9sszel szemben a m\u0171v\u00e9sz m\u0171v\u00e9vel kapcsolatban megfogalmaztak.<\/span><\/p>\n<p><strong>A m\u0171v\u00e9szeti rejtv\u00e9nyek fejlesztik az eszt\u00e9tikai \u00e9rz\u00e9ket<\/strong><\/p>\n<p><span style=\"font-weight: 400\">A szabadid\u0151d elt\u00f6lt\u00e9se a t\u00f6bb sz\u00e1z darabos m\u0171v\u00e9szeti rejtv\u00e9nyek k\u00f6z\u00f6tt az egyik m\u00f3dja annak, hogy fejleszd a m\u0171v\u00e9szet ir\u00e1nti \u00edzl\u00e9sedet. \u00cdgy sok-sok \u00f3r\u00e1nyi kikapcsol\u00f3d\u00e1st \u00e9lvezhet, \u00e9s finom\u00edthatja eszt\u00e9tikai \u00e9rz\u00e9k\u00e9t. R\u00e1ad\u00e1sul e f\u00e1rads\u00e1gos tev\u00e9kenys\u00e9g v\u00e9g\u00e9n bekeretezheti saj\u00e1t m\u0171alkot\u00e1s\u00e1t, \u00e9s m\u00e9g sok\u00e1ig gy\u00f6ny\u00f6rk\u00f6dhet benne.<\/span><\/p>\n<p><span style=\"font-weight: 400\">V\u00e1s\u00e1rolja meg most az 1000 darabos puzzle \u00c9douard Manet &#8211; <\/span><em><span style=\"font-weight: 400\">A konzervat\u00f3riumban <\/span><\/em><span style=\"font-weight: 400\">\u00e9s \u00e1ll\u00edtsa \u00f6ssze a m\u0171alkot\u00e1st csal\u00e1dj\u00e1val vagy bar\u00e1taival. \u00c9lvezze a kikapcsol\u00f3d\u00e1s egyed\u00fcl\u00e1ll\u00f3 pillanatait szeretteivel egy k\u00fcl\u00f6nleges kirak\u00f3s j\u00e1t\u00e9k t\u00e1rsas\u00e1g\u00e1ban. Ez a feln\u0151tteknek sz\u00f3l\u00f3 puzzle kiv\u00e9teles aj\u00e1nd\u00e9k lehet a puzzle-j\u00e1t\u00e9kok\u00e9rt rajong\u00f3 bar\u00e1toknak.<\/span><\/p><\/p>\n","protected":false},"excerpt":{"rendered":"<p>Szereted a rejtv\u00e9nyeket \u00e9s mindig inspir\u00e1l\u00f3dsz? Kih\u00edvunk t\u00e9ged, hogy megoldd a h\u00edres m\u0171alkot\u00e1sok \u00f6sszetett k\u00e9peit Rom\u00e1nia legnagyobb m\u0171v\u00e9szeti rejtv\u00e9nyk\u00edn\u00e1lat\u00e1b\u00f3l. Itt<\/p>\n","protected":false},"featured_media":63572,"template":"","meta":[],"product_brand":[],"product_cat":[1920,1919,1881],"product_tag":[],"class_list":{"0":"post-42035","1":"product","2":"type-product","3":"status-publish","4":"has-post-thumbnail","6":"product_cat-1000-darabos-kirakos-jatek","7":"product_cat-felnott-kirakos-jatekok","8":"product_cat-kirakos-jatekok","9":"pa_bax-10-hu","10":"pa_brand-d_toys-hu","11":"pa_country_of_manufacture-ro-hu","12":"pa_filter_age-14-hu","13":"pa_painter-edouard-manet-hu","14":"pa_tip_ambalaj-doboz","15":"pa_tip_puzzle-klasszikus","17":"first","18":"instock","19":"taxable","20":"shipping-taxable","21":"product-type-simple"},"yoast_head":"<!-- This site is optimized with the Yoast SEO plugin v20.1 - https:\/\/yoast.com\/wordpress\/plugins\/seo\/ -->\n<title>Feln\u0151tt 1000 darabos puzzle \u00c9douard Manet - A konzervat\u00f3riumban\/In sera<\/title>\n<meta name=\"description\" content=\"Feln\u0151tt 1000 darabos puzzle \u00c9douard Manet - A konzervat\u00f3riumban\/In sera\" \/>\n<meta name=\"robots\" content=\"index, follow, max-snippet:-1, max-image-preview:large, max-video-preview:-1\" \/>\n<link rel=\"canonical\" href=\"https:\/\/business.roovi.com\/hu\/felnott-1000-darabos-puzzle-edouard-manet-a-konzervatoriumban-in-sera\/p\/\" \/>\n<meta property=\"og:locale\" content=\"hu_HU\" \/>\n<meta property=\"og:type\" content=\"article\" \/>\n<meta property=\"og:title\" content=\"Feln\u0151tt 1000 darabos puzzle \u00c9douard Manet - A konzervat\u00f3riumban\/In sera\" \/>\n<meta property=\"og:description\" content=\"Feln\u0151tt 1000 darabos puzzle \u00c9douard Manet - A konzervat\u00f3riumban\/In sera\" \/>\n<meta property=\"og:url\" content=\"https:\/\/business.roovi.com\/hu\/felnott-1000-darabos-puzzle-edouard-manet-a-konzervatoriumban-in-sera\/p\/\" \/>\n<meta property=\"og:site_name\" content=\"Roovi B2B\" \/>\n<meta property=\"article:publisher\" content=\"https:\/\/www.facebook.com\/wwwjucariero\" \/>\n<meta property=\"article:modified_time\" content=\"2022-07-06T18:39:25+00:00\" \/>\n<meta property=\"og:image\" content=\"https:\/\/business.roovi.com\/wp-content\/uploads\/2018\/04\/73068-03_ansamblu_dimensiuni_cutie_cm_orizontal_1200x1200.png\" \/>\n\t<meta property=\"og:image:width\" content=\"1200\" \/>\n\t<meta property=\"og:image:height\" content=\"1200\" \/>\n\t<meta property=\"og:image:type\" content=\"image\/png\" \/>\n<meta name=\"twitter:label1\" content=\"Becs\u00fclt olvas\u00e1si id\u0151\" \/>\n\t<meta name=\"twitter:data1\" content=\"4 perc\" \/>\n<script type=\"application\/ld+json\" class=\"yoast-schema-graph\">{\"@context\":\"https:\/\/schema.org\",\"@graph\":[{\"@type\":\"WebPage\",\"@id\":\"https:\/\/business.roovi.com\/hu\/felnott-1000-darabos-puzzle-edouard-manet-a-konzervatoriumban-in-sera\/p\/\",\"url\":\"https:\/\/business.roovi.com\/hu\/felnott-1000-darabos-puzzle-edouard-manet-a-konzervatoriumban-in-sera\/p\/\",\"name\":\"Feln\u0151tt 1000 darabos puzzle \u00c9douard Manet - A konzervat\u00f3riumban\/In sera\",\"isPartOf\":{\"@id\":\"https:\/\/business.roovi.com\/hu\/#website\"},\"datePublished\":\"2018-04-16T10:56:17+00:00\",\"dateModified\":\"2022-07-06T18:39:25+00:00\",\"description\":\"Feln\u0151tt 1000 darabos puzzle \u00c9douard Manet - A konzervat\u00f3riumban\/In sera\",\"breadcrumb\":{\"@id\":\"https:\/\/business.roovi.com\/hu\/felnott-1000-darabos-puzzle-edouard-manet-a-konzervatoriumban-in-sera\/p\/#breadcrumb\"},\"inLanguage\":\"hu\",\"potentialAction\":[{\"@type\":\"ReadAction\",\"target\":[\"https:\/\/business.roovi.com\/hu\/felnott-1000-darabos-puzzle-edouard-manet-a-konzervatoriumban-in-sera\/p\/\"]}]},{\"@type\":\"BreadcrumbList\",\"@id\":\"https:\/\/business.roovi.com\/hu\/felnott-1000-darabos-puzzle-edouard-manet-a-konzervatoriumban-in-sera\/p\/#breadcrumb\",\"itemListElement\":[{\"@type\":\"ListItem\",\"position\":1,\"name\":\"Home\",\"item\":\"https:\/\/business.roovi.com\/hu\/\"},{\"@type\":\"ListItem\",\"position\":2,\"name\":\"Shop\",\"item\":\"https:\/\/business.roovi.com\/hu\/shop\/\"},{\"@type\":\"ListItem\",\"position\":3,\"name\":\"Feln\u0151tt 1000 darabos puzzle \u00c9douard Manet &#8211; A konzervat\u00f3riumban\/In sera\"}]},{\"@type\":\"WebSite\",\"@id\":\"https:\/\/business.roovi.com\/hu\/#website\",\"url\":\"https:\/\/business.roovi.com\/hu\/\",\"name\":\"Roovi B2B\",\"description\":\"Roovi Business Website\",\"potentialAction\":[{\"@type\":\"SearchAction\",\"target\":{\"@type\":\"EntryPoint\",\"urlTemplate\":\"https:\/\/business.roovi.com\/hu\/?s={search_term_string}\"},\"query-input\":\"required name=search_term_string\"}],\"inLanguage\":\"hu\"}]}<\/script>\n<!-- \/ Yoast SEO plugin. -->","yoast_head_json":{"title":"Feln\u0151tt 1000 darabos puzzle \u00c9douard Manet - A konzervat\u00f3riumban\/In sera","description":"Feln\u0151tt 1000 darabos puzzle \u00c9douard Manet - A konzervat\u00f3riumban\/In sera","robots":{"index":"index","follow":"follow","max-snippet":"max-snippet:-1","max-image-preview":"max-image-preview:large","max-video-preview":"max-video-preview:-1"},"canonical":"https:\/\/business.roovi.com\/hu\/felnott-1000-darabos-puzzle-edouard-manet-a-konzervatoriumban-in-sera\/p\/","og_locale":"hu_HU","og_type":"article","og_title":"Feln\u0151tt 1000 darabos puzzle \u00c9douard Manet - A konzervat\u00f3riumban\/In sera","og_description":"Feln\u0151tt 1000 darabos puzzle \u00c9douard Manet - A konzervat\u00f3riumban\/In sera","og_url":"https:\/\/business.roovi.com\/hu\/felnott-1000-darabos-puzzle-edouard-manet-a-konzervatoriumban-in-sera\/p\/","og_site_name":"Roovi B2B","article_publisher":"https:\/\/www.facebook.com\/wwwjucariero","article_modified_time":"2022-07-06T18:39:25+00:00","og_image":[{"width":1200,"height":1200,"url":"https:\/\/business.roovi.com\/wp-content\/uploads\/2018\/04\/73068-03_ansamblu_dimensiuni_cutie_cm_orizontal_1200x1200.png","type":"image\/png"}],"twitter_misc":{"Becs\u00fclt olvas\u00e1si id\u0151":"4 perc"},"schema":{"@context":"https:\/\/schema.org","@graph":[{"@type":"WebPage","@id":"https:\/\/business.roovi.com\/hu\/felnott-1000-darabos-puzzle-edouard-manet-a-konzervatoriumban-in-sera\/p\/","url":"https:\/\/business.roovi.com\/hu\/felnott-1000-darabos-puzzle-edouard-manet-a-konzervatoriumban-in-sera\/p\/","name":"Feln\u0151tt 1000 darabos puzzle \u00c9douard Manet - A konzervat\u00f3riumban\/In sera","isPartOf":{"@id":"https:\/\/business.roovi.com\/hu\/#website"},"datePublished":"2018-04-16T10:56:17+00:00","dateModified":"2022-07-06T18:39:25+00:00","description":"Feln\u0151tt 1000 darabos puzzle \u00c9douard Manet - A konzervat\u00f3riumban\/In sera","breadcrumb":{"@id":"https:\/\/business.roovi.com\/hu\/felnott-1000-darabos-puzzle-edouard-manet-a-konzervatoriumban-in-sera\/p\/#breadcrumb"},"inLanguage":"hu","potentialAction":[{"@type":"ReadAction","target":["https:\/\/business.roovi.com\/hu\/felnott-1000-darabos-puzzle-edouard-manet-a-konzervatoriumban-in-sera\/p\/"]}]},{"@type":"BreadcrumbList","@id":"https:\/\/business.roovi.com\/hu\/felnott-1000-darabos-puzzle-edouard-manet-a-konzervatoriumban-in-sera\/p\/#breadcrumb","itemListElement":[{"@type":"ListItem","position":1,"name":"Home","item":"https:\/\/business.roovi.com\/hu\/"},{"@type":"ListItem","position":2,"name":"Shop","item":"https:\/\/business.roovi.com\/hu\/shop\/"},{"@type":"ListItem","position":3,"name":"Feln\u0151tt 1000 darabos puzzle \u00c9douard Manet &#8211; A konzervat\u00f3riumban\/In sera"}]},{"@type":"WebSite","@id":"https:\/\/business.roovi.com\/hu\/#website","url":"https:\/\/business.roovi.com\/hu\/","name":"Roovi B2B","description":"Roovi Business Website","potentialAction":[{"@type":"SearchAction","target":{"@type":"EntryPoint","urlTemplate":"https:\/\/business.roovi.com\/hu\/?s={search_term_string}"},"query-input":"required name=search_term_string"}],"inLanguage":"hu"}]}},"_links":{"self":[{"href":"https:\/\/business.roovi.com\/hu\/wp-json\/wp\/v2\/product\/42035","targetHints":{"allow":["GET"]}}],"collection":[{"href":"https:\/\/business.roovi.com\/hu\/wp-json\/wp\/v2\/product"}],"about":[{"href":"https:\/\/business.roovi.com\/hu\/wp-json\/wp\/v2\/types\/product"}],"version-history":[{"count":0,"href":"https:\/\/business.roovi.com\/hu\/wp-json\/wp\/v2\/product\/42035\/revisions"}],"wp:featuredmedia":[{"embeddable":true,"href":"https:\/\/business.roovi.com\/hu\/wp-json\/wp\/v2\/media\/63572"}],"wp:attachment":[{"href":"https:\/\/business.roovi.com\/hu\/wp-json\/wp\/v2\/media?parent=42035"}],"wp:term":[{"taxonomy":"product_brand","embeddable":true,"href":"https:\/\/business.roovi.com\/hu\/wp-json\/wp\/v2\/product_brand?post=42035"},{"taxonomy":"product_cat","embeddable":true,"href":"https:\/\/business.roovi.com\/hu\/wp-json\/wp\/v2\/product_cat?post=42035"},{"taxonomy":"product_tag","embeddable":true,"href":"https:\/\/business.roovi.com\/hu\/wp-json\/wp\/v2\/product_tag?post=42035"}],"curies":[{"name":"wp","href":"https:\/\/api.w.org\/{rel}","templated":true}]}}