{"id":42039,"date":"2018-04-16T10:56:17","date_gmt":"2018-04-16T10:56:17","guid":{"rendered":"https:\/\/business.roovi.com\/puzzle-adulti-1000-piese-edgar-degas-in-a-cafe\/p\/"},"modified":"2022-07-06T18:39:35","modified_gmt":"2022-07-06T18:39:35","slug":"edgar-degas-1000-darabos-felnott-puzzle-egy-kavezoban","status":"publish","type":"product","link":"https:\/\/business.roovi.com\/hu\/edgar-degas-1000-darabos-felnott-puzzle-egy-kavezoban\/p\/","title":{"rendered":"Edgar Degas 1000 darabos feln\u0151tt puzzle &#8211; Egy k\u00e1v\u00e9z\u00f3ban"},"content":{"rendered":"<p><strong><em>A m\u0171v\u00e9szeti kirak\u00f3s j\u00e1t\u00e9kokkal \u00fagy \u00e9rezheted magad, mintha egy m\u0171v\u00e9szeti ki\u00e1ll\u00edt\u00e1son lenn\u00e9l, ahol h\u00edres fest\u0151k mutatj\u00e1k be legjobban siker\u00fclt remekm\u0171veiket. Rakd \u00f6ssze a csod\u00e1latos 1000 darabos kirak\u00f3sokat, \u00e9s tapasztald meg a leny\u0171g\u00f6z\u0151 kreat\u00edv \u00e9lm\u00e9nyt.<\/em><\/strong><\/p>\n<p><span style=\"font-weight: 400\">Edgar Degas 1000 darabos puzzle &#8211; <\/span><span style=\"font-weight: 400\">Az In a Caf\u00e9 leny\u0171g\u00f6z\u0151 k\u00e9pet ad a L&#8217;Absinthe n\u00e9ven is ismert festm\u00e9nyr\u0151l &#8211; <\/span><em><span style=\"font-weight: 400\">Abszint iv\u00f3k<\/span><\/em><span style=\"font-weight: 400\">. Egy f\u00e9rfi \u00e9s egy n\u0151, akik b\u00e1r egym\u00e1s mellett \u00fclnek, a t\u00e9rbe b\u00e1mulnak, \u00e9s teljesen el vannak z\u00e1rva a k\u00fclvil\u00e1gt\u00f3l. A m\u0171 az abszint, az akkoriban n\u00e9pszer\u0171, de k\u00e9s\u0151bb betiltott vesz\u00e9lyes ital el\u00edt\u00e9l\u00e9se.<\/span><\/p>\n<p><span style=\"font-weight: 400\">Edgar Degas az impresszionizmus egyik legfontosabb k\u00e9pvisel\u0151je, aki \u00e9let\u00e9ben a fels\u0151 t\u00edzezer fest\u0151jek\u00e9nt volt ismert, \u00e9s festm\u00e9nyei a t\u00e1rsadalom szok\u00e1sait t\u00fckr\u00f6zt\u00e9k <\/span><\/p>\n<p><span style=\"font-weight: 400\">Ilyen az In a Caf\u00e9 c\u00edm\u0171 festm\u00e9ny is, amelynek f\u0151szerepl\u0151i Ellen Andr\u00e9 sz\u00edn\u00e9szn\u0151 \u00e9s Marcellin Desboutin m\u0171v\u00e9sz. A festm\u00e9ny t\u00f6nkretette a k\u00e9t modell h\u00edrnev\u00e9t, \u00e9s a fest\u0151 k\u00e9nytelen volt nyilv\u00e1nosan kijelenteni, hogy \u0151k ketten nem alkoholist\u00e1k.<\/span><\/p>\n<p><span style=\"font-weight: 400\">Rakd \u00f6ssze az 1000 darabos Abszintiv\u00f3k puzzle-t, \u00e9s vedd \u00e9szre a m\u0171v\u00e9sz ecsetj\u00e9nek legfinomabb ecsetvon\u00e1sait is. Ha a k\u00e9p elk\u00e9sz\u00fclt, keretezze be az \u00edgy kapott festm\u00e9nyt, \u00e9s d\u00edsz\u00edtse otthon\u00e1t Degas remekm\u0171v\u00e9nek t\u00f6k\u00e9letes m\u00e1solat\u00e1val.<\/span><\/p>\n<p><span style=\"font-weight: 400\">Egy k\u00f6z\u00f6ns\u00e9ges doh\u00e1nyz\u00f3asztalt is haszn\u00e1lhat a darab al\u00e1t\u00e1maszt\u00e1s\u00e1ra. A rekonstru\u00e1lt k\u00e9p m\u00e9rete 68 x 47 cm. A kirak\u00f3s j\u00e1t\u00e9k egy\u00e9b jellemz\u0151i:<\/span><\/p>\n<p><strong>Puzzle anyag <\/strong><\/p>\n<p><strong>kiv\u00e1l\u00f3 min\u0151s\u00e9g\u0171 k\u00e9k karton<\/strong><\/p>\n<p><strong>fenntarthat\u00f3, \u00fajrahasznos\u00edthat\u00f3 anyagok<\/strong><\/p>\n<p><strong>f\u00e9lf\u00e9nyes kivitel, \u00e9l\u00e9nk sz\u00ednek<\/strong><\/p>\n<p><strong>A kirak\u00f3s darabok sz\u00e1ma: 1000<\/strong><\/p>\n<p><strong>Aj\u00e1nlott \u00e9letkor: 14+<\/strong><\/p>\n<p><span style=\"font-weight: 400\">A kirak\u00f3s j\u00e1t\u00e9kok sz\u00e1mos el\u0151ny\u00f6kkel j\u00e1rnak, amelyek sz\u00e1mos szinten t\u00fckr\u00f6z\u0151dnek:<\/span><\/p>\n<p><span style=\"font-weight: 400\">Ez fejleszti a t\u00fcrelmet \u00e9s a r\u00e9szletekre val\u00f3 odafigyel\u00e9st.<\/span><\/p>\n<p><span style=\"font-weight: 400\">Seg\u00edt abban, hogy hossz\u00fa ideig egyetlen feladatra \u00f6sszpontos\u00edtson.<\/span><\/p>\n<p><span style=\"font-weight: 400\">Ez egy m\u00f3dja a kikapcsol\u00f3d\u00e1snak \u00e9s a mindennapokt\u00f3l val\u00f3 elszakad\u00e1snak.<\/span><\/p>\n<p><span style=\"font-weight: 400\">Lehet\u0151s\u00e9get adnak a kreativit\u00e1s \u00e9s a mem\u00f3ria fejleszt\u00e9s\u00e9re.<\/span><\/p>\n<p><span style=\"font-weight: 400\">Kiv\u00e1l\u00f3 szellemi tr\u00e9ninget jelentenek, seg\u00edtik az agy eg\u00e9szs\u00e9g\u00e9nek meg\u0151rz\u00e9s\u00e9t.<\/span><\/p>\n<p><span style=\"font-weight: 400\">J\u00f3 alkalom lehet a szocializ\u00e1l\u00f3d\u00e1sra \u00e9s a szeretteinkkel val\u00f3 kapcsolatteremt\u00e9sre.<\/span><\/p>\n<p><strong>Tudtad, hogy..<\/strong><\/p>\n<p><span style=\"font-weight: 400\">Edgar Degas p\u00e1lyafut\u00e1sa elej\u00e9n szabadidej\u00e9t a Louvre-ban ki\u00e1ll\u00edtott m\u0171alkot\u00e1sok m\u00e1sol\u00e1s\u00e1val t\u00f6lt\u00f6tte. Itt tal\u00e1lkozott \u00c9douard Manet-vel, akivel gy\u00f6ny\u00f6r\u0171 bar\u00e1ts\u00e1got k\u00f6t\u00f6tt.<\/span><\/p>\n<p><span style=\"font-weight: 400\">Degas igazi megsz\u00e1llottja volt a balerin\u00e1knak. T\u00f6bb mint f\u00e9l \u00e9vsz\u00e1zadon \u00e1t festett, v\u00e1zolt \u00e9s szobr\u00e1szkodott kecses t\u00e1ncosn\u0151ket \u00e1br\u00e1zol\u00f3 k\u00e9peket.<\/span><\/p>\n<p><span style=\"font-weight: 400\">\u00c9lete utols\u00f3 szakasz\u00e1ban l\u00e1t\u00e1sa s\u00falyosan megromlott, \u00e9s a szobr\u00e1szat fel\u00e9 fordult.<\/span><\/p>\n<p><span style=\"font-weight: 400\">2015-ben legismertebb szobra, a La Petite Danseuse de quatorze ans 15,8 milli\u00f3 font\u00e9rt kelt el egy aukci\u00f3n.<\/span><\/p>\n<p><strong>Fedezze fel a m\u0171v\u00e9szet vil\u00e1g\u00e1t az Edgar Degas &#8211; In a Caf\u00e9 1000 darabos kirak\u00f3val <\/strong><\/p>\n<p><span style=\"font-weight: 400\">Leny\u0171g\u00f6z a m\u0171v\u00e9szet vil\u00e1ga? Az 1000 darabos Edgar Degas &#8211; Egy k\u00e1v\u00e9z\u00f3ban puzzle seg\u00edts\u00e9g\u00e9vel egyed\u00fcl\u00e1ll\u00f3 lehet\u0151s\u00e9ged ny\u00edlik arra, hogy a legapr\u00f3bb r\u00e9szletekig felfedezd a pomp\u00e1s remekm\u0171vet. Minden egyes \u00f6sszeill\u0151 darabbal egyre m\u00e9lyebbre \u00e9s m\u00e9lyebbre mer\u00fclsz a sz\u00ednek leny\u0171g\u00f6z\u0151 vil\u00e1g\u00e1ban. A nyugalom \u00e9s a t\u00e1vols\u00e1gtart\u00e1s olyan \u00e1llapot\u00e1t \u00e9led \u00e1t, amely eml\u00e9keztet arra, hogy milyen kellemes \u00e9lvezni az \u00e9let egyszer\u0171 dolgait.<\/span><\/p>\n<p><span style=\"font-weight: 400\">Ak\u00e1r az\u00e9rt v\u00e1lasztja ezt a kirak\u00f3s j\u00e1t\u00e9kot, hogy elvonuljon a mindennapok ny\u00fczsg\u00e9s\u00e9t\u0151l, ak\u00e1r az\u00e9rt, hogy n\u00e9h\u00e1ny \u00f3r\u00e1t t\u00f6lts\u00f6n el pihentet\u0151 sz\u00f3rakoz\u00e1ssal szeretteivel, \u00e9lvezni fogja az 1000 darabos kirak\u00f3s j\u00e1t\u00e9k minden el\u0151ny\u00e9t.  Ak\u00e1r k\u00fcl\u00f6nleges \u00fcnnepi aj\u00e1nd\u00e9kot szeretne adni, ak\u00e1r kellemesen meglepni egy bar\u00e1tj\u00e1t, az Edgar Degas &#8211; In a Caf\u00e9 m\u0171v\u00e9szeti puzzle t\u00f6k\u00e9letes v\u00e1laszt\u00e1s.<\/span><\/p><\/p>\n","protected":false},"excerpt":{"rendered":"<p>A m\u0171v\u00e9szeti kirak\u00f3s j\u00e1t\u00e9kokkal \u00fagy \u00e9rezheted magad, mintha egy m\u0171v\u00e9szeti ki\u00e1ll\u00edt\u00e1son lenn\u00e9l, ahol h\u00edres fest\u0151k mutatj\u00e1k be legjobban siker\u00fclt remekm\u0171veiket.<\/p>\n","protected":false},"featured_media":63479,"template":"","meta":[],"product_brand":[],"product_cat":[1920,1919,1881],"product_tag":[],"class_list":{"0":"post-42039","1":"product","2":"type-product","3":"status-publish","4":"has-post-thumbnail","6":"product_cat-1000-darabos-kirakos-jatek","7":"product_cat-felnott-kirakos-jatekok","8":"product_cat-kirakos-jatekok","9":"pa_bax-10-hu","10":"pa_brand-d_toys-hu","11":"pa_country_of_manufacture-ro-hu","12":"pa_filter_age-14-hu","13":"pa_painter-edgardegas-hu","14":"pa_tip_ambalaj-doboz","15":"pa_tip_puzzle-klasszikus","17":"first","18":"instock","19":"taxable","20":"shipping-taxable","21":"product-type-simple"},"yoast_head":"<!-- This site is optimized with the Yoast SEO plugin v20.1 - https:\/\/yoast.com\/wordpress\/plugins\/seo\/ -->\n<title>Edgar Degas 1000 darabos feln\u0151tt puzzle - Egy k\u00e1v\u00e9z\u00f3ban<\/title>\n<meta name=\"description\" content=\"Edgar Degas 1000 darabos feln\u0151tt puzzle - Egy k\u00e1v\u00e9z\u00f3ban\" \/>\n<meta name=\"robots\" content=\"index, follow, max-snippet:-1, max-image-preview:large, max-video-preview:-1\" \/>\n<link rel=\"canonical\" href=\"https:\/\/business.roovi.com\/hu\/edgar-degas-1000-darabos-felnott-puzzle-egy-kavezoban\/p\/\" \/>\n<meta property=\"og:locale\" content=\"hu_HU\" \/>\n<meta property=\"og:type\" content=\"article\" \/>\n<meta property=\"og:title\" content=\"Edgar Degas 1000 darabos feln\u0151tt puzzle - Egy k\u00e1v\u00e9z\u00f3ban\" \/>\n<meta property=\"og:description\" content=\"Edgar Degas 1000 darabos feln\u0151tt puzzle - Egy k\u00e1v\u00e9z\u00f3ban\" \/>\n<meta property=\"og:url\" content=\"https:\/\/business.roovi.com\/hu\/edgar-degas-1000-darabos-felnott-puzzle-egy-kavezoban\/p\/\" \/>\n<meta property=\"og:site_name\" content=\"Roovi B2B\" \/>\n<meta property=\"article:publisher\" content=\"https:\/\/www.facebook.com\/wwwjucariero\" \/>\n<meta property=\"article:modified_time\" content=\"2022-07-06T18:39:35+00:00\" \/>\n<meta property=\"og:image\" content=\"https:\/\/business.roovi.com\/wp-content\/uploads\/2018\/04\/72801-01_ansamblu_dimensiuni_cutie_cm_vertical.png\" \/>\n\t<meta property=\"og:image:width\" content=\"1200\" \/>\n\t<meta property=\"og:image:height\" content=\"1200\" \/>\n\t<meta property=\"og:image:type\" content=\"image\/png\" \/>\n<meta name=\"twitter:label1\" content=\"Becs\u00fclt olvas\u00e1si id\u0151\" \/>\n\t<meta name=\"twitter:data1\" content=\"4 perc\" \/>\n<script type=\"application\/ld+json\" class=\"yoast-schema-graph\">{\"@context\":\"https:\/\/schema.org\",\"@graph\":[{\"@type\":\"WebPage\",\"@id\":\"https:\/\/business.roovi.com\/hu\/edgar-degas-1000-darabos-felnott-puzzle-egy-kavezoban\/p\/\",\"url\":\"https:\/\/business.roovi.com\/hu\/edgar-degas-1000-darabos-felnott-puzzle-egy-kavezoban\/p\/\",\"name\":\"Edgar Degas 1000 darabos feln\u0151tt puzzle - Egy k\u00e1v\u00e9z\u00f3ban\",\"isPartOf\":{\"@id\":\"https:\/\/business.roovi.com\/hu\/#website\"},\"datePublished\":\"2018-04-16T10:56:17+00:00\",\"dateModified\":\"2022-07-06T18:39:35+00:00\",\"description\":\"Edgar Degas 1000 darabos feln\u0151tt puzzle - Egy k\u00e1v\u00e9z\u00f3ban\",\"breadcrumb\":{\"@id\":\"https:\/\/business.roovi.com\/hu\/edgar-degas-1000-darabos-felnott-puzzle-egy-kavezoban\/p\/#breadcrumb\"},\"inLanguage\":\"hu\",\"potentialAction\":[{\"@type\":\"ReadAction\",\"target\":[\"https:\/\/business.roovi.com\/hu\/edgar-degas-1000-darabos-felnott-puzzle-egy-kavezoban\/p\/\"]}]},{\"@type\":\"BreadcrumbList\",\"@id\":\"https:\/\/business.roovi.com\/hu\/edgar-degas-1000-darabos-felnott-puzzle-egy-kavezoban\/p\/#breadcrumb\",\"itemListElement\":[{\"@type\":\"ListItem\",\"position\":1,\"name\":\"Home\",\"item\":\"https:\/\/business.roovi.com\/hu\/\"},{\"@type\":\"ListItem\",\"position\":2,\"name\":\"Shop\",\"item\":\"https:\/\/business.roovi.com\/hu\/shop\/\"},{\"@type\":\"ListItem\",\"position\":3,\"name\":\"Edgar Degas 1000 darabos feln\u0151tt puzzle &#8211; Egy k\u00e1v\u00e9z\u00f3ban\"}]},{\"@type\":\"WebSite\",\"@id\":\"https:\/\/business.roovi.com\/hu\/#website\",\"url\":\"https:\/\/business.roovi.com\/hu\/\",\"name\":\"Roovi B2B\",\"description\":\"Roovi Business Website\",\"potentialAction\":[{\"@type\":\"SearchAction\",\"target\":{\"@type\":\"EntryPoint\",\"urlTemplate\":\"https:\/\/business.roovi.com\/hu\/?s={search_term_string}\"},\"query-input\":\"required name=search_term_string\"}],\"inLanguage\":\"hu\"}]}<\/script>\n<!-- \/ Yoast SEO plugin. -->","yoast_head_json":{"title":"Edgar Degas 1000 darabos feln\u0151tt puzzle - Egy k\u00e1v\u00e9z\u00f3ban","description":"Edgar Degas 1000 darabos feln\u0151tt puzzle - Egy k\u00e1v\u00e9z\u00f3ban","robots":{"index":"index","follow":"follow","max-snippet":"max-snippet:-1","max-image-preview":"max-image-preview:large","max-video-preview":"max-video-preview:-1"},"canonical":"https:\/\/business.roovi.com\/hu\/edgar-degas-1000-darabos-felnott-puzzle-egy-kavezoban\/p\/","og_locale":"hu_HU","og_type":"article","og_title":"Edgar Degas 1000 darabos feln\u0151tt puzzle - Egy k\u00e1v\u00e9z\u00f3ban","og_description":"Edgar Degas 1000 darabos feln\u0151tt puzzle - Egy k\u00e1v\u00e9z\u00f3ban","og_url":"https:\/\/business.roovi.com\/hu\/edgar-degas-1000-darabos-felnott-puzzle-egy-kavezoban\/p\/","og_site_name":"Roovi B2B","article_publisher":"https:\/\/www.facebook.com\/wwwjucariero","article_modified_time":"2022-07-06T18:39:35+00:00","og_image":[{"width":1200,"height":1200,"url":"https:\/\/business.roovi.com\/wp-content\/uploads\/2018\/04\/72801-01_ansamblu_dimensiuni_cutie_cm_vertical.png","type":"image\/png"}],"twitter_misc":{"Becs\u00fclt olvas\u00e1si id\u0151":"4 perc"},"schema":{"@context":"https:\/\/schema.org","@graph":[{"@type":"WebPage","@id":"https:\/\/business.roovi.com\/hu\/edgar-degas-1000-darabos-felnott-puzzle-egy-kavezoban\/p\/","url":"https:\/\/business.roovi.com\/hu\/edgar-degas-1000-darabos-felnott-puzzle-egy-kavezoban\/p\/","name":"Edgar Degas 1000 darabos feln\u0151tt puzzle - Egy k\u00e1v\u00e9z\u00f3ban","isPartOf":{"@id":"https:\/\/business.roovi.com\/hu\/#website"},"datePublished":"2018-04-16T10:56:17+00:00","dateModified":"2022-07-06T18:39:35+00:00","description":"Edgar Degas 1000 darabos feln\u0151tt puzzle - Egy k\u00e1v\u00e9z\u00f3ban","breadcrumb":{"@id":"https:\/\/business.roovi.com\/hu\/edgar-degas-1000-darabos-felnott-puzzle-egy-kavezoban\/p\/#breadcrumb"},"inLanguage":"hu","potentialAction":[{"@type":"ReadAction","target":["https:\/\/business.roovi.com\/hu\/edgar-degas-1000-darabos-felnott-puzzle-egy-kavezoban\/p\/"]}]},{"@type":"BreadcrumbList","@id":"https:\/\/business.roovi.com\/hu\/edgar-degas-1000-darabos-felnott-puzzle-egy-kavezoban\/p\/#breadcrumb","itemListElement":[{"@type":"ListItem","position":1,"name":"Home","item":"https:\/\/business.roovi.com\/hu\/"},{"@type":"ListItem","position":2,"name":"Shop","item":"https:\/\/business.roovi.com\/hu\/shop\/"},{"@type":"ListItem","position":3,"name":"Edgar Degas 1000 darabos feln\u0151tt puzzle &#8211; Egy k\u00e1v\u00e9z\u00f3ban"}]},{"@type":"WebSite","@id":"https:\/\/business.roovi.com\/hu\/#website","url":"https:\/\/business.roovi.com\/hu\/","name":"Roovi B2B","description":"Roovi Business Website","potentialAction":[{"@type":"SearchAction","target":{"@type":"EntryPoint","urlTemplate":"https:\/\/business.roovi.com\/hu\/?s={search_term_string}"},"query-input":"required name=search_term_string"}],"inLanguage":"hu"}]}},"_links":{"self":[{"href":"https:\/\/business.roovi.com\/hu\/wp-json\/wp\/v2\/product\/42039","targetHints":{"allow":["GET"]}}],"collection":[{"href":"https:\/\/business.roovi.com\/hu\/wp-json\/wp\/v2\/product"}],"about":[{"href":"https:\/\/business.roovi.com\/hu\/wp-json\/wp\/v2\/types\/product"}],"version-history":[{"count":0,"href":"https:\/\/business.roovi.com\/hu\/wp-json\/wp\/v2\/product\/42039\/revisions"}],"wp:featuredmedia":[{"embeddable":true,"href":"https:\/\/business.roovi.com\/hu\/wp-json\/wp\/v2\/media\/63479"}],"wp:attachment":[{"href":"https:\/\/business.roovi.com\/hu\/wp-json\/wp\/v2\/media?parent=42039"}],"wp:term":[{"taxonomy":"product_brand","embeddable":true,"href":"https:\/\/business.roovi.com\/hu\/wp-json\/wp\/v2\/product_brand?post=42039"},{"taxonomy":"product_cat","embeddable":true,"href":"https:\/\/business.roovi.com\/hu\/wp-json\/wp\/v2\/product_cat?post=42039"},{"taxonomy":"product_tag","embeddable":true,"href":"https:\/\/business.roovi.com\/hu\/wp-json\/wp\/v2\/product_tag?post=42039"}],"curies":[{"name":"wp","href":"https:\/\/api.w.org\/{rel}","templated":true}]}}