{"id":42043,"date":"2018-04-16T10:56:17","date_gmt":"2018-04-16T10:56:17","guid":{"rendered":"https:\/\/business.roovi.com\/puzzle-adulti-1000-piese-pierre-auguste-renoir-chestnut-tree-in-bloom\/p\/"},"modified":"2022-07-06T18:39:41","modified_gmt":"2022-07-06T18:39:41","slug":"pierre-auguste-renoir-1000-darabos-felnott-puzzle-viragzo-gesztenyefa","status":"publish","type":"product","link":"https:\/\/business.roovi.com\/hu\/pierre-auguste-renoir-1000-darabos-felnott-puzzle-viragzo-gesztenyefa\/p\/","title":{"rendered":"Pierre-Auguste Renoir 1000 darabos feln\u0151tt puzzle &#8211; Vir\u00e1gz\u00f3 gesztenyefa"},"content":{"rendered":"<p><span style=\"font-weight: 400;font-size: 14px;line-height: 14px\">Rakd \u00f6ssze az 1000 darabos puzzle-t \u00e9s adj sz\u00ednt a szabadid\u0151dnek! Itt olyan m\u0171v\u00e9szeti rejtv\u00e9nyeket tal\u00e1lsz, amelyek Leonardo da Vinci, Rembrandt, Van Gogh \u00e9s sok m\u00e1s h\u00edres fest\u0151 h\u00edres festm\u00e9nyeinek k\u00e9peit \u00e1br\u00e1zolj\u00e1k. Fedezd fel a teljes k\u00edn\u00e1latot, \u00e9s k\u00e9sz\u00edtsd el saj\u00e1t remekm\u0171veidet a csod\u00e1latos puzzle-j\u00e1t\u00e9kokb\u00f3l.<\/span><\/p>\n<p><span style=\"font-weight: 400;font-size: 14px;line-height: 14px\">A Pierre-Auguste Renoir &#8211; Gesztenyefa vir\u00e1gz\u00f3ban 1000 darabos puzzle k\u00f6zel hozza \u00d6nt Renoir egyik legleny\u0171g\u00f6z\u0151bb t\u00e1jk\u00e9p\u00e9hez. A festm\u00e9ny a nagy m\u0171v\u00e9sz jellegzetes st\u00edlus\u00e1ban, vibr\u00e1l\u00f3 \u00e9s kifejez\u0151 sz\u00ednekkel k\u00e9sz\u00fclt, \u00e9s kiegyens\u00falyozott \u00e1rnyalatokkal a harm\u00f3nia \u00e1llapot\u00e1t k\u00f6zvet\u00edti. A Pierre-Auguste Renoir &#8211; Vir\u00e1gz\u00f3 gesztenye 1000 darabos puzzle \u00f6ssze\u00e1ll\u00edt\u00e1s\u00e1val a ti\u00e9d lehet ez a csod\u00e1latos m\u0171alkot\u00e1s. Az 50 x 70 cm-es k\u00e9p \u00fajraalkot\u00e1s\u00e1hoz egy hagyom\u00e1nyos doh\u00e1nyz\u00f3asztalra \u00e9s sok t\u00fcrelemre van sz\u00fcks\u00e9g.<\/span><\/p>\n<p><span style=\"font-weight: 400;font-size: 14px;line-height: 14px\">A Pierre-Auguste Renoir &#8211; Vir\u00e1gz\u00f3 gesztenyefa m\u0171v\u00e9szeti puzzle jellemz\u0151i:<\/span><\/p>\n<p><span style=\"font-size: 14px;line-height: 14px\"><strong>Puzzle anyag <\/strong><\/span><\/p>\n<p><span style=\"font-size: 14px;line-height: 14px\"><strong>kiv\u00e1l\u00f3 min\u0151s\u00e9g\u0171 k\u00e9k karton<\/strong><\/span><\/p>\n<p><span style=\"font-size: 14px;line-height: 14px\"><strong>fenntarthat\u00f3, \u00fajrahasznos\u00edthat\u00f3 anyagok<\/strong><\/span><\/p>\n<p><span style=\"font-size: 14px;line-height: 14px\"><strong>f\u00e9lf\u00e9nyes kivitel, \u00e9l\u00e9nk sz\u00ednek<\/strong><\/span><\/p>\n<p><span style=\"font-size: 14px;line-height: 14px\"><strong>A kirak\u00f3s darabok sz\u00e1ma: 1000<\/strong><\/span><\/p>\n<p><span style=\"font-size: 14px;line-height: 14px\"><strong>Aj\u00e1nlott \u00e9letkor: 14+<\/strong><\/span><\/p>\n<p><span style=\"font-size: 14px;line-height: 14px\"><strong>A kirak\u00f3s j\u00e1t\u00e9kok seg\u00edtik a termel\u00e9kenys\u00e9g n\u00f6vel\u00e9s\u00e9t<\/strong><\/span><\/p>\n<p><span style=\"font-weight: 400;font-size: 14px;line-height: 14px\">Amikor \u00f6sszerakod az 1000 darabos kirak\u00f3t, nyugodtabb vagy, \u00e9s k\u00f6nnyebben koncentr\u00e1lsz. Min\u00e9l jobban koncentr\u00e1lsz, ann\u00e1l produkt\u00edvabb vagy. Ha teh\u00e1t \u00e1ltal\u00e1ban gondot okoz a koncentr\u00e1l\u00e1s tanul\u00e1s vagy munka k\u00f6zben, fontolja meg, hogy ezt a k\u00e9pess\u00e9get feln\u0151tt kirak\u00f3s j\u00e1t\u00e9kokkal gyakorolja.<\/span><\/p>\n<p><span style=\"font-size: 14px;line-height: 14px\"><strong>A puzzle j\u00e1t\u00e9kok seg\u00edtik a mem\u00f3ria fejleszt\u00e9s\u00e9t<\/strong><\/span><\/p>\n<p><span style=\"font-weight: 400;font-size: 14px;line-height: 14px\">A feln\u0151tteknek sz\u00e1nt kirak\u00f3s j\u00e1t\u00e9k \u00f6ssze\u00e1ll\u00edt\u00e1sa rendk\u00edv\u00fcl j\u00f3t\u00e9konyan hat az agym\u0171k\u00f6d\u00e9sre, mivel felgyors\u00edtja a gondolkod\u00e1si folyamatokat. \u00cdgy ahogy gyakorolsz, gyorsabban megtal\u00e1lod a megfelel\u0151 darabokat, egyre r\u00f6videbb id\u0151 alatt veszed fel a k\u00fcl\u00f6nb\u00f6z\u0151 form\u00e1kat \u00e9s sz\u00edneket, \u00e9s mindez seg\u00edt fenntartani \u00e9s jav\u00edtani a mem\u00f3ri\u00e1dat.<\/span><\/p>\n<p><span style=\"font-size: 14px;line-height: 14px\"><strong>A puzzle j\u00e1t\u00e9kok hasonl\u00f3ak a medit\u00e1ci\u00f3s \u00fcl\u00e9sekhez<\/strong><\/span><\/p>\n<p><span style=\"font-weight: 400;font-size: 14px;line-height: 14px\">Az 1000 darabos kirak\u00f3 kir\u00e1nt a mindennapi rutinb\u00f3l, \u00e9s seg\u00edt kitiszt\u00edtani a gondolatokat. Amikor \u00f6sszerakod a k\u00e9pet egy feln\u0151tt puzzle-ben, egyetlen tev\u00e9kenys\u00e9gre koncentr\u00e1lsz, \u00e9s minden m\u00e1s gondolat h\u00e1tt\u00e9rbe szorul. Ez a tev\u00e9kenys\u00e9g nagyon hasonl\u00edt a meditat\u00edv \u00e1llapothoz. \u00c9lvezd h\u00e1t a nyugalmat \u00e9s az energi\u00e1t, amit a kirak\u00f3s j\u00e1t\u00e9kok adnak neked!<\/span><\/p>\n<p><span style=\"font-size: 14px;line-height: 14px\"><strong>5 dolog, amit nem tudt\u00e1l Pierre-Auguste Renoirr\u00f3l<\/strong><\/span><\/p>\n<p><span style=\"font-weight: 400;font-size: 14px;line-height: 14px\">13 \u00e9vesen porcel\u00e1nd\u00edsz\u00edt\u0151k\u00e9nt kapott munk\u00e1t, \u00e9s a megkeresett p\u00e9nzb\u0151l fizette m\u0171v\u00e9szeti tanulm\u00e1nyait.<\/span><\/p>\n<p><span style=\"font-size: 14px;line-height: 14px\"><span style=\"font-weight: 400\">Portr\u00e9t festett <\/span><span style=\"font-weight: 400\">Richard Wagner k\u00f6r\u00fclbel\u00fcl 35 perc alatt. Nagy rajong\u00f3ja volt a zen\u00e9sznek.<\/span><\/span><\/p>\n<p><span style=\"font-weight: 400;font-size: 14px;line-height: 14px\">Egy forradalmi csoport k\u00e9mked\u00e9ssel v\u00e1dolta meg, mivel gyan\u00fasnak tal\u00e1lt\u00e1k, hogy mindig a Szajna partj\u00e1n \u00fcld\u00f6g\u00e9l. A m\u0171v\u00e9sz val\u00f3j\u00e1ban csak festett, \u00e9s egy forradalm\u00e1r mentette meg a sz\u00e9ls\u0151s\u00e9gesek kez\u00e9b\u0151l, aki felismerte \u0151t, \u00e9s akinek az \u00e9let\u00e9t Renoir m\u00e1s k\u00f6r\u00fclm\u00e9nyek k\u00f6z\u00f6tt m\u00e1r megmentette.<\/span><\/p>\n<p><span style=\"font-weight: 400;font-size: 14px;line-height: 14px\">P\u00e1rizsban Nicolae Grigorescu rom\u00e1n fest\u0151m\u0171v\u00e9sz koll\u00e9g\u00e1ja volt.<\/span><\/p>\n<p><span style=\"font-weight: 400;font-size: 14px;line-height: 14px\">\u00c9lete v\u00e9g\u00e9ig festett, b\u00e1r reumatoid artritisz gy\u00f6t\u00f6rte, egy sz\u00f6rny\u0171 betegs\u00e9g, amely a kez\u00e9t s\u00fajtotta <\/span><\/p>\n<h1><span style=\"font-size: 14px;line-height: 14px\"><strong>3 csod\u00e1latos el\u0151nye a m\u0171v\u00e9szeti rejtv\u00e9nyeknek<\/strong><\/span><\/h1>\n<p><span style=\"font-weight: 400;font-size: 14px;line-height: 14px\">1. Seg\u00edt \u00fajra felfedezni a sz\u00e9ps\u00e9get egy egyszer\u0171 \u00e9s pihentet\u0151 tev\u00e9kenys\u00e9gen kereszt\u00fcl<\/span><\/p>\n<p><span style=\"font-weight: 400;font-size: 14px;line-height: 14px\">2. Olyan m\u0171v\u00e9szeti vil\u00e1gba kalauzolja el \u00d6nt, amelyet eddig tal\u00e1n nem volt lehet\u0151s\u00e9ge felfedezni.<\/span><\/p>\n<p><span style=\"font-weight: 400;font-size: 14px;line-height: 14px\">3. Lehet\u0151s\u00e9get ad arra, hogy a legapr\u00f3bb r\u00e9szletekben is megcsod\u00e1lhassuk a megalapozott m\u0171alkot\u00e1sokat.<\/span><\/p>\n<p><span style=\"font-weight: 400;font-size: 14px;line-height: 14px\">Renoir m\u0171v\u00e9szete ma is leny\u0171g\u00f6z\u0151. Fedezze fel a Gesztenyefa vir\u00e1gzik\/Castan in Bloom sz\u00e9ps\u00e9g\u00e9t \u00e9s kifinomults\u00e1g\u00e1t ezen a csod\u00e1latos m\u0171v\u00e9szi kirak\u00f3n kereszt\u00fcl. V\u00e1s\u00e1rolja meg Pierre-Auguste Renoir &#8211; Gesztenyefa vir\u00e1gz\u00f3ban\/Castan in Bloom 1000 darabos kirak\u00f3j\u00e1t a m\u0171v\u00e9szeti kirak\u00f3k gy\u0171jtem\u00e9ny\u00e9b\u0151l mag\u00e1nak, vagy aj\u00e1nd\u00e9kozza meg egy bar\u00e1tj\u00e1nak, aki szereti a kirak\u00f3s j\u00e1t\u00e9kokat.<\/span><\/p><\/p>\n","protected":false},"excerpt":{"rendered":"<p>Rakd \u00f6ssze az 1000 darabos puzzle-t \u00e9s adj sz\u00ednt a szabadid\u0151dnek! Itt olyan m\u0171v\u00e9szeti rejtv\u00e9nyeket tal\u00e1lsz, amelyek Leonardo da Vinci,<\/p>\n","protected":false},"featured_media":62954,"template":"","meta":[],"product_brand":[],"product_cat":[1920,1919,1881],"product_tag":[],"class_list":{"0":"post-42043","1":"product","2":"type-product","3":"status-publish","4":"has-post-thumbnail","6":"product_cat-1000-darabos-kirakos-jatek","7":"product_cat-felnott-kirakos-jatekok","8":"product_cat-kirakos-jatekok","9":"pa_bax-10-hu","10":"pa_brand-d_toys-hu","11":"pa_country_of_manufacture-ro-hu","12":"pa_filter_age-14-hu","13":"pa_painter-pierreaugusterenoir-hu","14":"pa_tip_ambalaj-doboz","15":"pa_tip_puzzle-klasszikus","17":"first","18":"instock","19":"taxable","20":"shipping-taxable","21":"product-type-simple"},"yoast_head":"<!-- This site is optimized with the Yoast SEO plugin v20.1 - https:\/\/yoast.com\/wordpress\/plugins\/seo\/ -->\n<title>Pierre-Auguste Renoir 1000 darabos feln\u0151tt puzzle - Vir\u00e1gz\u00f3 gesztenyefa<\/title>\n<meta name=\"description\" content=\"Pierre-Auguste Renoir 1000 darabos feln\u0151tt puzzle - Vir\u00e1gz\u00f3 gesztenyefa\" \/>\n<meta name=\"robots\" content=\"index, follow, max-snippet:-1, max-image-preview:large, max-video-preview:-1\" \/>\n<link rel=\"canonical\" href=\"https:\/\/business.roovi.com\/hu\/pierre-auguste-renoir-1000-darabos-felnott-puzzle-viragzo-gesztenyefa\/p\/\" \/>\n<meta property=\"og:locale\" content=\"hu_HU\" \/>\n<meta property=\"og:type\" content=\"article\" \/>\n<meta property=\"og:title\" content=\"Pierre-Auguste Renoir 1000 darabos feln\u0151tt puzzle - Vir\u00e1gz\u00f3 gesztenyefa\" \/>\n<meta property=\"og:description\" content=\"Pierre-Auguste Renoir 1000 darabos feln\u0151tt puzzle - Vir\u00e1gz\u00f3 gesztenyefa\" \/>\n<meta property=\"og:url\" content=\"https:\/\/business.roovi.com\/hu\/pierre-auguste-renoir-1000-darabos-felnott-puzzle-viragzo-gesztenyefa\/p\/\" \/>\n<meta property=\"og:site_name\" content=\"Roovi B2B\" \/>\n<meta property=\"article:publisher\" content=\"https:\/\/www.facebook.com\/wwwjucariero\" \/>\n<meta property=\"article:modified_time\" content=\"2022-07-06T18:39:41+00:00\" \/>\n<meta property=\"og:image\" content=\"https:\/\/business.roovi.com\/wp-content\/uploads\/2018\/04\/66909-07_ansamblu_dimensiuni_cutie_cm_1200x1200.png\" \/>\n\t<meta property=\"og:image:width\" content=\"1200\" \/>\n\t<meta property=\"og:image:height\" content=\"1200\" \/>\n\t<meta property=\"og:image:type\" content=\"image\/png\" \/>\n<meta name=\"twitter:label1\" content=\"Becs\u00fclt olvas\u00e1si id\u0151\" \/>\n\t<meta name=\"twitter:data1\" content=\"4 perc\" \/>\n<script type=\"application\/ld+json\" class=\"yoast-schema-graph\">{\"@context\":\"https:\/\/schema.org\",\"@graph\":[{\"@type\":\"WebPage\",\"@id\":\"https:\/\/business.roovi.com\/hu\/pierre-auguste-renoir-1000-darabos-felnott-puzzle-viragzo-gesztenyefa\/p\/\",\"url\":\"https:\/\/business.roovi.com\/hu\/pierre-auguste-renoir-1000-darabos-felnott-puzzle-viragzo-gesztenyefa\/p\/\",\"name\":\"Pierre-Auguste Renoir 1000 darabos feln\u0151tt puzzle - Vir\u00e1gz\u00f3 gesztenyefa\",\"isPartOf\":{\"@id\":\"https:\/\/business.roovi.com\/hu\/#website\"},\"datePublished\":\"2018-04-16T10:56:17+00:00\",\"dateModified\":\"2022-07-06T18:39:41+00:00\",\"description\":\"Pierre-Auguste Renoir 1000 darabos feln\u0151tt puzzle - Vir\u00e1gz\u00f3 gesztenyefa\",\"breadcrumb\":{\"@id\":\"https:\/\/business.roovi.com\/hu\/pierre-auguste-renoir-1000-darabos-felnott-puzzle-viragzo-gesztenyefa\/p\/#breadcrumb\"},\"inLanguage\":\"hu\",\"potentialAction\":[{\"@type\":\"ReadAction\",\"target\":[\"https:\/\/business.roovi.com\/hu\/pierre-auguste-renoir-1000-darabos-felnott-puzzle-viragzo-gesztenyefa\/p\/\"]}]},{\"@type\":\"BreadcrumbList\",\"@id\":\"https:\/\/business.roovi.com\/hu\/pierre-auguste-renoir-1000-darabos-felnott-puzzle-viragzo-gesztenyefa\/p\/#breadcrumb\",\"itemListElement\":[{\"@type\":\"ListItem\",\"position\":1,\"name\":\"Home\",\"item\":\"https:\/\/business.roovi.com\/hu\/\"},{\"@type\":\"ListItem\",\"position\":2,\"name\":\"Shop\",\"item\":\"https:\/\/business.roovi.com\/hu\/shop\/\"},{\"@type\":\"ListItem\",\"position\":3,\"name\":\"Pierre-Auguste Renoir 1000 darabos feln\u0151tt puzzle &#8211; Vir\u00e1gz\u00f3 gesztenyefa\"}]},{\"@type\":\"WebSite\",\"@id\":\"https:\/\/business.roovi.com\/hu\/#website\",\"url\":\"https:\/\/business.roovi.com\/hu\/\",\"name\":\"Roovi B2B\",\"description\":\"Roovi Business Website\",\"potentialAction\":[{\"@type\":\"SearchAction\",\"target\":{\"@type\":\"EntryPoint\",\"urlTemplate\":\"https:\/\/business.roovi.com\/hu\/?s={search_term_string}\"},\"query-input\":\"required name=search_term_string\"}],\"inLanguage\":\"hu\"}]}<\/script>\n<!-- \/ Yoast SEO plugin. -->","yoast_head_json":{"title":"Pierre-Auguste Renoir 1000 darabos feln\u0151tt puzzle - Vir\u00e1gz\u00f3 gesztenyefa","description":"Pierre-Auguste Renoir 1000 darabos feln\u0151tt puzzle - Vir\u00e1gz\u00f3 gesztenyefa","robots":{"index":"index","follow":"follow","max-snippet":"max-snippet:-1","max-image-preview":"max-image-preview:large","max-video-preview":"max-video-preview:-1"},"canonical":"https:\/\/business.roovi.com\/hu\/pierre-auguste-renoir-1000-darabos-felnott-puzzle-viragzo-gesztenyefa\/p\/","og_locale":"hu_HU","og_type":"article","og_title":"Pierre-Auguste Renoir 1000 darabos feln\u0151tt puzzle - Vir\u00e1gz\u00f3 gesztenyefa","og_description":"Pierre-Auguste Renoir 1000 darabos feln\u0151tt puzzle - Vir\u00e1gz\u00f3 gesztenyefa","og_url":"https:\/\/business.roovi.com\/hu\/pierre-auguste-renoir-1000-darabos-felnott-puzzle-viragzo-gesztenyefa\/p\/","og_site_name":"Roovi B2B","article_publisher":"https:\/\/www.facebook.com\/wwwjucariero","article_modified_time":"2022-07-06T18:39:41+00:00","og_image":[{"width":1200,"height":1200,"url":"https:\/\/business.roovi.com\/wp-content\/uploads\/2018\/04\/66909-07_ansamblu_dimensiuni_cutie_cm_1200x1200.png","type":"image\/png"}],"twitter_misc":{"Becs\u00fclt olvas\u00e1si id\u0151":"4 perc"},"schema":{"@context":"https:\/\/schema.org","@graph":[{"@type":"WebPage","@id":"https:\/\/business.roovi.com\/hu\/pierre-auguste-renoir-1000-darabos-felnott-puzzle-viragzo-gesztenyefa\/p\/","url":"https:\/\/business.roovi.com\/hu\/pierre-auguste-renoir-1000-darabos-felnott-puzzle-viragzo-gesztenyefa\/p\/","name":"Pierre-Auguste Renoir 1000 darabos feln\u0151tt puzzle - Vir\u00e1gz\u00f3 gesztenyefa","isPartOf":{"@id":"https:\/\/business.roovi.com\/hu\/#website"},"datePublished":"2018-04-16T10:56:17+00:00","dateModified":"2022-07-06T18:39:41+00:00","description":"Pierre-Auguste Renoir 1000 darabos feln\u0151tt puzzle - Vir\u00e1gz\u00f3 gesztenyefa","breadcrumb":{"@id":"https:\/\/business.roovi.com\/hu\/pierre-auguste-renoir-1000-darabos-felnott-puzzle-viragzo-gesztenyefa\/p\/#breadcrumb"},"inLanguage":"hu","potentialAction":[{"@type":"ReadAction","target":["https:\/\/business.roovi.com\/hu\/pierre-auguste-renoir-1000-darabos-felnott-puzzle-viragzo-gesztenyefa\/p\/"]}]},{"@type":"BreadcrumbList","@id":"https:\/\/business.roovi.com\/hu\/pierre-auguste-renoir-1000-darabos-felnott-puzzle-viragzo-gesztenyefa\/p\/#breadcrumb","itemListElement":[{"@type":"ListItem","position":1,"name":"Home","item":"https:\/\/business.roovi.com\/hu\/"},{"@type":"ListItem","position":2,"name":"Shop","item":"https:\/\/business.roovi.com\/hu\/shop\/"},{"@type":"ListItem","position":3,"name":"Pierre-Auguste Renoir 1000 darabos feln\u0151tt puzzle &#8211; Vir\u00e1gz\u00f3 gesztenyefa"}]},{"@type":"WebSite","@id":"https:\/\/business.roovi.com\/hu\/#website","url":"https:\/\/business.roovi.com\/hu\/","name":"Roovi B2B","description":"Roovi Business Website","potentialAction":[{"@type":"SearchAction","target":{"@type":"EntryPoint","urlTemplate":"https:\/\/business.roovi.com\/hu\/?s={search_term_string}"},"query-input":"required name=search_term_string"}],"inLanguage":"hu"}]}},"_links":{"self":[{"href":"https:\/\/business.roovi.com\/hu\/wp-json\/wp\/v2\/product\/42043","targetHints":{"allow":["GET"]}}],"collection":[{"href":"https:\/\/business.roovi.com\/hu\/wp-json\/wp\/v2\/product"}],"about":[{"href":"https:\/\/business.roovi.com\/hu\/wp-json\/wp\/v2\/types\/product"}],"version-history":[{"count":0,"href":"https:\/\/business.roovi.com\/hu\/wp-json\/wp\/v2\/product\/42043\/revisions"}],"wp:featuredmedia":[{"embeddable":true,"href":"https:\/\/business.roovi.com\/hu\/wp-json\/wp\/v2\/media\/62954"}],"wp:attachment":[{"href":"https:\/\/business.roovi.com\/hu\/wp-json\/wp\/v2\/media?parent=42043"}],"wp:term":[{"taxonomy":"product_brand","embeddable":true,"href":"https:\/\/business.roovi.com\/hu\/wp-json\/wp\/v2\/product_brand?post=42043"},{"taxonomy":"product_cat","embeddable":true,"href":"https:\/\/business.roovi.com\/hu\/wp-json\/wp\/v2\/product_cat?post=42043"},{"taxonomy":"product_tag","embeddable":true,"href":"https:\/\/business.roovi.com\/hu\/wp-json\/wp\/v2\/product_tag?post=42043"}],"curies":[{"name":"wp","href":"https:\/\/api.w.org\/{rel}","templated":true}]}}