{"id":42047,"date":"2018-04-16T10:56:17","date_gmt":"2018-04-16T10:56:17","guid":{"rendered":"https:\/\/business.roovi.com\/puzzle-adulti-1000-piese-pierre-auguste-renoir-the-doges-palace\/p\/"},"modified":"2022-07-06T18:39:48","modified_gmt":"2022-07-06T18:39:48","slug":"pierre-auguste-renoir-1000-darabos-felnott-puzzle-a-dozse-palotaja","status":"publish","type":"product","link":"https:\/\/business.roovi.com\/hu\/pierre-auguste-renoir-1000-darabos-felnott-puzzle-a-dozse-palotaja\/p\/","title":{"rendered":"Pierre-Auguste Renoir 1000 darabos feln\u0151tt puzzle &#8211; A d\u00f3zse palot\u00e1ja"},"content":{"rendered":"<p><span style=\"font-weight: 400;font-size: 14px\">\u00dcdv\u00f6z\u00f6lj\u00fck a m\u0171v\u00e9szeti rejtv\u00e9nyek legnagyobb gal\u00e9ri\u00e1j\u00e1ban! Szereted da Vinci rejt\u00e9lyeit? Vagy ink\u00e1bb Botticelli fondorlatos st\u00edlus\u00e1t kedveli? Keresse meg ezeknek \u00e9s m\u00e1s h\u00edres fest\u0151knek a festm\u00e9nyeit a m\u0171v\u00e9szeti rejtv\u00e9nyek 1000 darabos rejtv\u00e9nygy\u0171jtem\u00e9ny\u00fcnkben.<\/span><\/p>\n<p><span style=\"font-size: 14px\"><span style=\"font-weight: 400\">Pierre-Auguste Renoir 1000 darabos puzzle &#8211; <\/span><span style=\"font-weight: 400\">A D\u00f3zse palot\u00e1ja\/Palat du Doge azt a k\u00e9pet adja vissza, amely a m\u0171v\u00e9szt els\u0151 velencei l\u00e1togat\u00e1sakor leny\u0171g\u00f6zte. A csatorna fodroz\u00f3d\u00f3 viz\u00e9ben t\u00fckr\u00f6z\u0151d\u0151 \u00e9p\u00fcletek nagy pontoss\u00e1ggal vannak megfestve.  A naps\u00fct\u00f6tte falak r\u00f3zsasz\u00edn \u00e9s kr\u00e9msz\u00edn\u0171 sz\u00ednei kontrasztban \u00e1llnak az \u00e9gbolt gazdag k\u00e9kj\u00e9vel. Rakja \u00f6ssze ezt a csod\u00e1latos k\u00e9pet, \u00e9s egy 50 x 70 cm-es festm\u00e9nyt kap, amely fens\u00e9gesen fog \u00e1llni az egyik falon.<\/span><\/span><\/p>\n<p><span style=\"font-weight: 400\">B\u0151vebben a m\u0171v\u00e9szeti kirak\u00f3sr\u00f3l itt olvashatsz <\/span><span style=\"font-weight: 400\">Pierre-Auguste Renoir &#8211; <\/span><span style=\"font-weight: 400\">A D\u00f3zse-palota:<\/span><\/p>\n<p><strong>Puzzle anyag <\/strong><\/p>\n<p><strong>kiv\u00e1l\u00f3 min\u0151s\u00e9g\u0171 k\u00e9k karton<\/strong><\/p>\n<p><strong>fenntarthat\u00f3, \u00fajrahasznos\u00edthat\u00f3 anyagok<\/strong><\/p>\n<p><strong>f\u00e9lf\u00e9nyes kivitel, \u00e9l\u00e9nk sz\u00ednek<\/strong><\/p>\n<p><strong>A kirak\u00f3s darabok sz\u00e1ma: 1000<\/strong><\/p>\n<p><strong>Aj\u00e1nlott \u00e9letkor: 14+<\/strong><\/p>\n<p><strong>Puzzle j\u00e1t\u00e9kok \u00e9s eg\u00e9szs\u00e9g\u00fcgyi el\u0151ny\u00f6k<\/strong><\/p>\n<p><span style=\"font-weight: 400\">A feln\u0151tteknek sz\u00e1nt kirak\u00f3s j\u00e1t\u00e9kok nagyszer\u0171 eszk\u00f6zei a kikapcsol\u00f3d\u00e1snak, de az eg\u00e9szs\u00e9gre is t\u00f6bbsz\u00f6r\u00f6s el\u0151ny\u00f6kkel j\u00e1rnak. \u00cdme n\u00e9h\u00e1ny k\u00f6z\u00fcl\u00fck:<\/span><\/p>\n<p><strong>Jav\u00edtott mem\u00f3ria<\/strong><span style=\"font-weight: 400\"> &#8211; amikor 1000 darabos kirak\u00f3s j\u00e1t\u00e9kokat rak \u00f6ssze, a mem\u00f3ri\u00e1j\u00e1t gyakorolja az\u00e1ltal, hogy eml\u00e9kszik a form\u00e1kra, sz\u00ednekre, a darabok elhelyezked\u00e9s\u00e9re a nagy k\u00e9pben.<\/span><\/p>\n<p><strong>Jav\u00edtott figyelem<\/strong><span style=\"font-weight: 400\"> &#8211; a kirak\u00f3s j\u00e1t\u00e9kok mind a bal agyf\u00e9ltek\u00e9t, amely a logikus gondolkod\u00e1s\u00e9rt felel\u0151s, mind a jobb agyf\u00e9ltek\u00e9t, amely a kreativit\u00e1st ir\u00e1ny\u00edtja, edzik. \u00cdgy az agy edz\u0151dik \u00e9s javul a figyelem.<\/span><\/p>\n<p><strong>Jav\u00edtott t\u00e9rbeli k\u00e9pess\u00e9gek<\/strong><span style=\"font-weight: 400\"> &#8211; vizu\u00e1lis k\u00e9szs\u00e9gek &#8211; amikor befejezed az 1000 darabos kirak\u00f3t, elemzed az egyes darabokat, \u00e9s megpr\u00f3b\u00e1lod kital\u00e1lni, hogy hol illeszkednek a nagyobb k\u00e9pbe. Ez a gyakorlat m\u00e1s tev\u00e9kenys\u00e9gekben is seg\u00edt, p\u00e9ld\u00e1ul az aut\u00f3 leparkol\u00e1s\u00e1ban, a t\u00e1ncl\u00e9p\u00e9sek megtanul\u00e1s\u00e1ban vagy a t\u00e9rk\u00e9pek haszn\u00e1lat\u00e1ban.<\/span><\/p>\n<p><strong>A neurodegenerat\u00edv betegs\u00e9gek elleni v\u00e9delem<\/strong><span style=\"font-weight: 400\"> &#8211; Azokn\u00e1l az emberekn\u00e9l, akik kirak\u00f3s j\u00e1t\u00e9kokat j\u00e1tszanak, alacsonyabb az olyan betegs\u00e9gek kialakul\u00e1s\u00e1nak kock\u00e1zata, mint az Alzheimer-k\u00f3r, a demencia vagy a mem\u00f3riaveszt\u00e9s.<\/span><\/p>\n<p><strong>Ki volt <\/strong><strong>Pierre-Auguste Renoir?<\/strong><\/p>\n<p><span style=\"font-weight: 400\">Renoir atipikus impresszionista fest\u0151 volt, mert m\u0171veiben figur\u00e1lis m\u0171v\u00e9szettel \u00e9s portr\u00e9kkal is foglalkozott, ellent\u00e9tben m\u00e1s impresszionist\u00e1kkal, akik ink\u00e1bb a term\u00e9szet t\u00e9m\u00e1ira \u00f6sszpontos\u00edtottak.<\/span><\/p>\n<p><span style=\"font-weight: 400\">Szer\u00e9ny csal\u00e1db\u00f3l sz\u00e1rmazott, \u00e9s a szeg\u00e9nys\u00e9g miatt elszalasztotta a lehet\u0151s\u00e9get, hogy \u00e9nekes legyen.<\/span><\/p>\n<p><span style=\"font-weight: 400\">Csod\u00e1lta a zen\u00e9sz Richard Wagnert, \u00e9s mintegy 35 percben eml\u00e9kezetes k\u00e9pet festett r\u00f3la.<\/span><\/p>\n<p><span style=\"font-weight: 400\">Fiatalkor\u00e1ban sok \u00f3r\u00e1t t\u00f6lt\u00f6tt a Louvre-ban, h\u00edres m\u0171v\u00e9szek m\u0171veit m\u00e1solva. Feln\u0151ttk\u00e9nt m\u0171veit ki\u00e1ll\u00edtott\u00e1k az \u00e1ltala annyira szeretett m\u00fazeumban.<\/span><\/p>\n<p><span style=\"font-weight: 400\">Fia, a filmrendez\u0151 Jean Renoir a fest\u0151 sz\u00e1mos m\u0171v\u00e9t adom\u00e1nyozta, de n\u00e9h\u00e1nyat el is adott, hogy finansz\u00edrozza a filmes projekteket p\u00e1ly\u00e1ja elej\u00e9n.<\/span><\/p>\n<h4><span style=\"font-weight: 400\">Reum\u00e1s \u00edz\u00fcleti gyullad\u00e1sban szenvedett, de ez nem akad\u00e1lyozta meg a fest\u00e9sben. \u00c9lete utols\u00f3 szakasz\u00e1ban engedetlen kez\u00e9hez k\u00f6t\u00f6tte az ecsetet, \u00e9s tov\u00e1bbra is kisebb festm\u00e9nyeket festett.<\/span><\/h4>\n<h4><span style=\"font-size: 14px\"><strong>Egy\u00e9b k\u00e9szs\u00e9gek, amelyeket a m\u0171v\u00e9szeti rejtv\u00e9nyeknek k\u00f6sz\u00f6nhet\u0151en fejleszthetsz<\/strong><\/span><\/h4>\n<h4><span style=\"font-weight: 400\">Az 1000 darabos rejtv\u00e9nyek m\u0171v\u00e9szet\u00e9nek mestere leszel.<\/span><\/h4>\n<h4><span style=\"font-weight: 400\">Kialakul az eszt\u00e9tikai \u00e9rz\u00e9ked.<\/span><\/h4>\n<h4><span style=\"font-weight: 400\">Az 1000 darabos kirak\u00f3sokb\u00f3l saj\u00e1t m\u0171alkot\u00e1sokat k\u00e9sz\u00edthetsz.<\/span><\/h4>\n<h4><span style=\"font-weight: 400\">Megny\u00edlik benned a v\u00e1gy, hogy t\u00f6bbet tudj meg a m\u0171v\u00e9szet vil\u00e1g\u00e1r\u00f3l.<\/span><\/h4>\n<p><span style=\"font-weight: 400\">V\u00e1s\u00e1roljon most <\/span><span style=\"font-weight: 400\">pierre-Auguste Renoir 1000 darabos puzzle &#8211; <\/span><span style=\"font-weight: 400\">Doge&#8217;s Palace\/Palat du Doge \u00e9s \u00e9lvezze a 19. sz\u00e1zadi Velence leny\u0171g\u00f6z\u0151 l\u00e1tv\u00e1ny\u00e1t! Gy\u0171jtsd \u00f6ssze a bar\u00e1taidat, rakj\u00e1tok \u00f6ssze ezt a csod\u00e1latos m\u0171v\u00e9szi kirak\u00f3t, \u00e9s t\u00f6ltsetek egy\u00fctt sok-sok \u00f3r\u00e1t min\u0151s\u00e9gi id\u0151t\u00f6lt\u00e9ssel. Az 1000 darabos puzzle-t aj\u00e1nd\u00e9kba adhatja <\/span><span style=\"font-weight: 400\">Pierre-Auguste Renoir &#8211; <\/span><span style=\"font-weight: 400\">Palace of the Doges a puzzle-j\u00e1t\u00e9kokat kedvel\u0151 csal\u00e1dtagoknak vagy bar\u00e1toknak.<\/span><\/p><\/p>\n","protected":false},"excerpt":{"rendered":"<p>\u00dcdv\u00f6z\u00f6lj\u00fck a m\u0171v\u00e9szeti rejtv\u00e9nyek legnagyobb gal\u00e9ri\u00e1j\u00e1ban! Szereted da Vinci rejt\u00e9lyeit? Vagy ink\u00e1bb Botticelli fondorlatos st\u00edlus\u00e1t kedveli? Keresse meg ezeknek \u00e9s<\/p>\n","protected":false},"featured_media":62967,"template":"","meta":[],"product_brand":[],"product_cat":[1920,1919,1881],"product_tag":[],"class_list":{"0":"post-42047","1":"product","2":"type-product","3":"status-publish","4":"has-post-thumbnail","6":"product_cat-1000-darabos-kirakos-jatek","7":"product_cat-felnott-kirakos-jatekok","8":"product_cat-kirakos-jatekok","9":"pa_bax-10-hu","10":"pa_brand-d_toys-hu","11":"pa_country_of_manufacture-ro-hu","12":"pa_filter_age-14-hu","13":"pa_painter-pierreaugusterenoir-hu","14":"pa_tip_ambalaj-doboz","15":"pa_tip_puzzle-klasszikus","17":"first","18":"instock","19":"taxable","20":"shipping-taxable","21":"product-type-simple"},"yoast_head":"<!-- This site is optimized with the Yoast SEO plugin v20.1 - https:\/\/yoast.com\/wordpress\/plugins\/seo\/ -->\n<title>Pierre-Auguste Renoir 1000 darabos feln\u0151tt puzzle - A d\u00f3zse palot\u00e1ja<\/title>\n<meta name=\"description\" content=\"Pierre-Auguste Renoir 1000 darabos feln\u0151tt puzzle - A d\u00f3zse palot\u00e1ja\" \/>\n<meta name=\"robots\" content=\"index, follow, max-snippet:-1, max-image-preview:large, max-video-preview:-1\" \/>\n<link rel=\"canonical\" href=\"https:\/\/business.roovi.com\/hu\/pierre-auguste-renoir-1000-darabos-felnott-puzzle-a-dozse-palotaja\/p\/\" \/>\n<meta property=\"og:locale\" content=\"hu_HU\" \/>\n<meta property=\"og:type\" content=\"article\" \/>\n<meta property=\"og:title\" content=\"Pierre-Auguste Renoir 1000 darabos feln\u0151tt puzzle - A d\u00f3zse palot\u00e1ja\" \/>\n<meta property=\"og:description\" content=\"Pierre-Auguste Renoir 1000 darabos feln\u0151tt puzzle - A d\u00f3zse palot\u00e1ja\" \/>\n<meta property=\"og:url\" content=\"https:\/\/business.roovi.com\/hu\/pierre-auguste-renoir-1000-darabos-felnott-puzzle-a-dozse-palotaja\/p\/\" \/>\n<meta property=\"og:site_name\" content=\"Roovi B2B\" \/>\n<meta property=\"article:publisher\" content=\"https:\/\/www.facebook.com\/wwwjucariero\" \/>\n<meta property=\"article:modified_time\" content=\"2022-07-06T18:39:48+00:00\" \/>\n<meta property=\"og:image\" content=\"https:\/\/business.roovi.com\/wp-content\/uploads\/2018\/04\/66909-08_ansamblu_dimensiuni_cutie_cm_1200x1200.png\" \/>\n\t<meta property=\"og:image:width\" content=\"1200\" \/>\n\t<meta property=\"og:image:height\" content=\"1200\" \/>\n\t<meta property=\"og:image:type\" content=\"image\/png\" \/>\n<meta name=\"twitter:label1\" content=\"Becs\u00fclt olvas\u00e1si id\u0151\" \/>\n\t<meta name=\"twitter:data1\" content=\"4 perc\" \/>\n<script type=\"application\/ld+json\" class=\"yoast-schema-graph\">{\"@context\":\"https:\/\/schema.org\",\"@graph\":[{\"@type\":\"WebPage\",\"@id\":\"https:\/\/business.roovi.com\/hu\/pierre-auguste-renoir-1000-darabos-felnott-puzzle-a-dozse-palotaja\/p\/\",\"url\":\"https:\/\/business.roovi.com\/hu\/pierre-auguste-renoir-1000-darabos-felnott-puzzle-a-dozse-palotaja\/p\/\",\"name\":\"Pierre-Auguste Renoir 1000 darabos feln\u0151tt puzzle - A d\u00f3zse palot\u00e1ja\",\"isPartOf\":{\"@id\":\"https:\/\/business.roovi.com\/hu\/#website\"},\"datePublished\":\"2018-04-16T10:56:17+00:00\",\"dateModified\":\"2022-07-06T18:39:48+00:00\",\"description\":\"Pierre-Auguste Renoir 1000 darabos feln\u0151tt puzzle - A d\u00f3zse palot\u00e1ja\",\"breadcrumb\":{\"@id\":\"https:\/\/business.roovi.com\/hu\/pierre-auguste-renoir-1000-darabos-felnott-puzzle-a-dozse-palotaja\/p\/#breadcrumb\"},\"inLanguage\":\"hu\",\"potentialAction\":[{\"@type\":\"ReadAction\",\"target\":[\"https:\/\/business.roovi.com\/hu\/pierre-auguste-renoir-1000-darabos-felnott-puzzle-a-dozse-palotaja\/p\/\"]}]},{\"@type\":\"BreadcrumbList\",\"@id\":\"https:\/\/business.roovi.com\/hu\/pierre-auguste-renoir-1000-darabos-felnott-puzzle-a-dozse-palotaja\/p\/#breadcrumb\",\"itemListElement\":[{\"@type\":\"ListItem\",\"position\":1,\"name\":\"Home\",\"item\":\"https:\/\/business.roovi.com\/hu\/\"},{\"@type\":\"ListItem\",\"position\":2,\"name\":\"Shop\",\"item\":\"https:\/\/business.roovi.com\/hu\/shop\/\"},{\"@type\":\"ListItem\",\"position\":3,\"name\":\"Pierre-Auguste Renoir 1000 darabos feln\u0151tt puzzle &#8211; A d\u00f3zse palot\u00e1ja\"}]},{\"@type\":\"WebSite\",\"@id\":\"https:\/\/business.roovi.com\/hu\/#website\",\"url\":\"https:\/\/business.roovi.com\/hu\/\",\"name\":\"Roovi B2B\",\"description\":\"Roovi Business Website\",\"potentialAction\":[{\"@type\":\"SearchAction\",\"target\":{\"@type\":\"EntryPoint\",\"urlTemplate\":\"https:\/\/business.roovi.com\/hu\/?s={search_term_string}\"},\"query-input\":\"required name=search_term_string\"}],\"inLanguage\":\"hu\"}]}<\/script>\n<!-- \/ Yoast SEO plugin. -->","yoast_head_json":{"title":"Pierre-Auguste Renoir 1000 darabos feln\u0151tt puzzle - A d\u00f3zse palot\u00e1ja","description":"Pierre-Auguste Renoir 1000 darabos feln\u0151tt puzzle - A d\u00f3zse palot\u00e1ja","robots":{"index":"index","follow":"follow","max-snippet":"max-snippet:-1","max-image-preview":"max-image-preview:large","max-video-preview":"max-video-preview:-1"},"canonical":"https:\/\/business.roovi.com\/hu\/pierre-auguste-renoir-1000-darabos-felnott-puzzle-a-dozse-palotaja\/p\/","og_locale":"hu_HU","og_type":"article","og_title":"Pierre-Auguste Renoir 1000 darabos feln\u0151tt puzzle - A d\u00f3zse palot\u00e1ja","og_description":"Pierre-Auguste Renoir 1000 darabos feln\u0151tt puzzle - A d\u00f3zse palot\u00e1ja","og_url":"https:\/\/business.roovi.com\/hu\/pierre-auguste-renoir-1000-darabos-felnott-puzzle-a-dozse-palotaja\/p\/","og_site_name":"Roovi B2B","article_publisher":"https:\/\/www.facebook.com\/wwwjucariero","article_modified_time":"2022-07-06T18:39:48+00:00","og_image":[{"width":1200,"height":1200,"url":"https:\/\/business.roovi.com\/wp-content\/uploads\/2018\/04\/66909-08_ansamblu_dimensiuni_cutie_cm_1200x1200.png","type":"image\/png"}],"twitter_misc":{"Becs\u00fclt olvas\u00e1si id\u0151":"4 perc"},"schema":{"@context":"https:\/\/schema.org","@graph":[{"@type":"WebPage","@id":"https:\/\/business.roovi.com\/hu\/pierre-auguste-renoir-1000-darabos-felnott-puzzle-a-dozse-palotaja\/p\/","url":"https:\/\/business.roovi.com\/hu\/pierre-auguste-renoir-1000-darabos-felnott-puzzle-a-dozse-palotaja\/p\/","name":"Pierre-Auguste Renoir 1000 darabos feln\u0151tt puzzle - A d\u00f3zse palot\u00e1ja","isPartOf":{"@id":"https:\/\/business.roovi.com\/hu\/#website"},"datePublished":"2018-04-16T10:56:17+00:00","dateModified":"2022-07-06T18:39:48+00:00","description":"Pierre-Auguste Renoir 1000 darabos feln\u0151tt puzzle - A d\u00f3zse palot\u00e1ja","breadcrumb":{"@id":"https:\/\/business.roovi.com\/hu\/pierre-auguste-renoir-1000-darabos-felnott-puzzle-a-dozse-palotaja\/p\/#breadcrumb"},"inLanguage":"hu","potentialAction":[{"@type":"ReadAction","target":["https:\/\/business.roovi.com\/hu\/pierre-auguste-renoir-1000-darabos-felnott-puzzle-a-dozse-palotaja\/p\/"]}]},{"@type":"BreadcrumbList","@id":"https:\/\/business.roovi.com\/hu\/pierre-auguste-renoir-1000-darabos-felnott-puzzle-a-dozse-palotaja\/p\/#breadcrumb","itemListElement":[{"@type":"ListItem","position":1,"name":"Home","item":"https:\/\/business.roovi.com\/hu\/"},{"@type":"ListItem","position":2,"name":"Shop","item":"https:\/\/business.roovi.com\/hu\/shop\/"},{"@type":"ListItem","position":3,"name":"Pierre-Auguste Renoir 1000 darabos feln\u0151tt puzzle &#8211; A d\u00f3zse palot\u00e1ja"}]},{"@type":"WebSite","@id":"https:\/\/business.roovi.com\/hu\/#website","url":"https:\/\/business.roovi.com\/hu\/","name":"Roovi B2B","description":"Roovi Business Website","potentialAction":[{"@type":"SearchAction","target":{"@type":"EntryPoint","urlTemplate":"https:\/\/business.roovi.com\/hu\/?s={search_term_string}"},"query-input":"required name=search_term_string"}],"inLanguage":"hu"}]}},"_links":{"self":[{"href":"https:\/\/business.roovi.com\/hu\/wp-json\/wp\/v2\/product\/42047","targetHints":{"allow":["GET"]}}],"collection":[{"href":"https:\/\/business.roovi.com\/hu\/wp-json\/wp\/v2\/product"}],"about":[{"href":"https:\/\/business.roovi.com\/hu\/wp-json\/wp\/v2\/types\/product"}],"version-history":[{"count":0,"href":"https:\/\/business.roovi.com\/hu\/wp-json\/wp\/v2\/product\/42047\/revisions"}],"wp:featuredmedia":[{"embeddable":true,"href":"https:\/\/business.roovi.com\/hu\/wp-json\/wp\/v2\/media\/62967"}],"wp:attachment":[{"href":"https:\/\/business.roovi.com\/hu\/wp-json\/wp\/v2\/media?parent=42047"}],"wp:term":[{"taxonomy":"product_brand","embeddable":true,"href":"https:\/\/business.roovi.com\/hu\/wp-json\/wp\/v2\/product_brand?post=42047"},{"taxonomy":"product_cat","embeddable":true,"href":"https:\/\/business.roovi.com\/hu\/wp-json\/wp\/v2\/product_cat?post=42047"},{"taxonomy":"product_tag","embeddable":true,"href":"https:\/\/business.roovi.com\/hu\/wp-json\/wp\/v2\/product_tag?post=42047"}],"curies":[{"name":"wp","href":"https:\/\/api.w.org\/{rel}","templated":true}]}}