{"id":42051,"date":"2018-04-16T10:56:17","date_gmt":"2018-04-16T10:56:17","guid":{"rendered":"https:\/\/business.roovi.com\/puzzle-adulti-1000-piese-paul-gauguin-tahitian-women-on-the-beach\/p\/"},"modified":"2022-07-06T18:39:54","modified_gmt":"2022-07-06T18:39:54","slug":"felnott-puzzle-1000-darab-paul-gauguin-tahiti-nok-a-tengerparton","status":"publish","type":"product","link":"https:\/\/business.roovi.com\/hu\/felnott-puzzle-1000-darab-paul-gauguin-tahiti-nok-a-tengerparton\/p\/","title":{"rendered":"Feln\u0151tt puzzle 1000 darab Paul Gauguin &#8211; Tahiti n\u0151k a tengerparton"},"content":{"rendered":"<p><span style=\"font-weight: 400\">Fedezze fel az 1000 darabos puzzle-t, amely Paul Gauguin egyik olyan t\u00e9m\u00e1j\u00e1t dolgozza fel, amely megsz\u00e1llottan foglalkoztatta Paul Gauguint p\u00e1lyafut\u00e1sa utols\u00f3 szakasz\u00e1ban. Paul Gauguin a polin\u00e9ziai n\u00e9pek primit\u00edv \u00e9s tiszta \u00e9let\u00e9nek felfedez\u00e9se ir\u00e1nti v\u00e1gya miatt utazott Tahitira, \u00e9s ott maradt \u00e9lete v\u00e9g\u00e9ig, m\u0171veiben pedig egyed\u00fcl\u00e1ll\u00f3 m\u00f3don \u00f6r\u00f6k\u00edtette meg a hely \u00e9s a n\u00e9p eredetis\u00e9g\u00e9t <\/span><\/p>\n<p><span style=\"font-weight: 400\">A N\u0151k a tengerparton c\u00edm\u0171 tahiti festm\u00e9ny, amelyet ezzel a festm\u00e9nykirak\u00f3val \u00fajraalkothatsz, a posztimpresszionista st\u00edlusban k\u00e9sz\u00fclt a szigetre \u00e9rkez\u00e9se ut\u00e1ni els\u0151 h\u00f3napokban, \u00e9s a hangulatok amalg\u00e1mj\u00e1t \u00f6r\u00f6k\u00edti meg, a pihen\u00e9st\u0151l a t\u00e1vols\u00e1gtart\u00e1son \u00e1t a k\u00f6r\u00fcl\u00f6tte zajl\u00f3 esem\u00e9nyekkel szembeni gondtalans\u00e1gig.  <\/span><\/p>\n<p><span style=\"font-weight: 400\">Paul Gauguinnek siker\u00fcl \u00e9rdekes m\u00f3don k\u00f6zvet\u00edtenie a k\u00e9t n\u0151 k\u00e9p\u00e9t, a tahiti lakosok von\u00e1sainak \u00e9s a misszion\u00e1riusok \u00e1ltal a szigetre hozott eur\u00f3pai \u00f6lt\u00f6z\u00e9kre utal\u00f3 ruh\u00e1zat kombin\u00e1ci\u00f3j\u00e1val.<\/span><\/p>\n<p><span style=\"font-weight: 400\">A v\u00e1szonra festett olajfestm\u00e9ny \u00e9l\u00e9nk, meleg sz\u00ednei h\u0171en jelennek meg ebben a m\u0171v\u00e9szi puzzle-ben, amelynek siker\u00fcl a ter\u00fclet melegs\u00e9g\u00e9t el\u0151t\u00e9rbe helyezni.<\/span><\/p>\n<h3><span style=\"font-size: 18px\"><strong>Mi\u00e9rt v\u00e1lasszon egy feln\u0151tt 1000 darabos Paul Gauguin puzzle-t?<\/strong><\/span><\/h3>\n<ul>\n<li><span style=\"font-weight: 400\">Megkapja Paul Gauguin leny\u0171g\u00f6z\u0151en r\u00e9szletes festm\u00e9ny\u00e9t: Tahiti n\u0151k a tengerparton <\/span><\/li>\n<li><span style=\"font-weight: 400\">M\u0171v\u00e9szeti puzzle m\u00e9rete 68 x 47 cm<\/span><\/li>\n<li><span style=\"font-weight: 400\">Kiv\u00e1l\u00f3 min\u0151s\u00e9g\u0171, tart\u00f3s kartonb\u00f3l k\u00e9sz\u00fclt darabok<\/span><\/li>\n<li><span style=\"font-weight: 400\">Fenntarthat\u00f3 \u00e9s \u00fajrahasznos\u00edthat\u00f3 anyagokb\u00f3l k\u00e9sz\u00fclt<\/span><\/li>\n<li><span style=\"font-weight: 400\">A fel\u00fclet f\u00e9lig f\u00e9nyes, a sz\u00ednek \u00e9l\u00e9nkek \u00e9s \u00e9l\u00e9nkek<\/span><\/li>\n<li><span style=\"font-weight: 400\">14 \u00e9ves kort\u00f3l alkalmas &#8211; nagyszer\u0171 lehet\u0151s\u00e9g, hogy a tizen\u00e9vesek megismerkedjenek a m\u0171v\u00e9szet leny\u0171g\u00f6z\u0151 vil\u00e1g\u00e1val<\/span><\/li>\n<\/ul>\n<p><span style=\"font-weight: 400\">Egy m\u0171v\u00e9szeti puzzle \u00f6ssze\u00e1ll\u00edt\u00e1s\u00e1nak sz\u00e1mos el\u0151nye van, amelyek t\u00f6bb szinten is t\u00fckr\u00f6z\u0151dnek:<\/span><\/p>\n<ul>\n<li><span style=\"font-weight: 400\">T\u00e1mogatja a koncentr\u00e1ci\u00f3t<\/span><\/li>\n<li><span style=\"font-weight: 400\">Edzi a mem\u00f3ri\u00e1t<\/span><\/li>\n<li><span style=\"font-weight: 400\">Ez egy pihentet\u0151 \u00e9s sz\u00f3rakoztat\u00f3 tev\u00e9kenys\u00e9g<\/span><\/li>\n<li><span style=\"font-weight: 400\">J\u00f3 alkalom lehet a szeretteinkkel val\u00f3 kapcsolattart\u00e1sra<\/span><\/li>\n<li><span style=\"font-weight: 400\">T\u00f6lts\u00f6n t\u00f6bb min\u0151s\u00e9gi id\u0151t a k\u00e9perny\u0151kt\u0151l t\u00e1vol <\/span><\/li>\n<\/ul>\n<h3><strong>Tudtad, hogy&#8230;?<\/strong><\/h3>\n<p><span style=\"font-weight: 400\">Paul Gauguin amat\u0151r m\u0171v\u00e9szk\u00e9nt, hobbib\u00f3l kezdett el festeni, \u00e9s csak hal\u00e1la ut\u00e1n figyeltek fel a munk\u00e1ss\u00e1g\u00e1ra. Csak 40 \u00e9ves kor\u00e1ban kezdett el teljesen a m\u0171v\u00e9szetnek szentelni, miut\u00e1n t\u0151zsde\u00fcgyn\u00f6kk\u00e9nt \u00e9s \u00fczletk\u00f6t\u0151k\u00e9nt dolgozott, de nem sok sikerrel.<\/span><\/p>\n<p><span style=\"font-weight: 400\">Eg\u00e9sz \u00e9let\u00e9ben mindig is kereste azt a k\u00fcl\u00f6nleges dolgot, ami inspir\u00e1lja, a bennsz\u00fcl\u00f6ttekhez hasonl\u00f3 primit\u00edv \u00e9letet, amelyr\u0151l \u00fagy v\u00e9lte, hogy m\u00e9g mindig mag\u00e1ban hordozza a tisztas\u00e1g l\u00e9nyeg\u00e9t <\/span><\/p>\n<p><span style=\"font-weight: 400\">A realista mozgalomt\u00f3l elt\u00e9r\u0151en festm\u00e9nyei nem val\u00f3s, hanem torz k\u00e9peket \u00e1br\u00e1zolnak, figur\u00e1i gyakran ar\u00e1nytalan testr\u00e9szeket \u00e1br\u00e1zolnak, amelyeket s\u00f6t\u00e9t sz\u00ednekkel, kem\u00e9ny vonalakkal rajzolnak ki.<\/span><\/p>\n<h3><strong>Sz\u00ednes \u00e9s vil\u00e1gos 1000 darabos puzzle<\/strong><\/h3>\n<p><span style=\"font-weight: 400\">\u00c1ll\u00edtsd \u00f6ssze a k\u00e9t tahiti n\u0151 portr\u00e9j\u00e1t \u00e1br\u00e1zol\u00f3 m\u0171v\u00e9szi puzzle-t, \u00e9s \u00e1llj a kih\u00edv\u00e1s el\u00e9, hogy Gauguin milyen sz\u00ednekkel \u00e9s \u00e9les, hat\u00e1rozott vonalakkal tolm\u00e1csolja m\u0171v\u00e9szet\u00e9t <\/span><\/p>\n<p><span style=\"font-weight: 400\">Egy hossz\u00fa h\u00e9tv\u00e9ge a szeretteivel, egy kirak\u00f3s est a bar\u00e1taival, vagy mi\u00e9rt ne lehetne egy napot magadnak, t\u00f6k\u00e9letes alkalom lehet arra, hogy befejezd ezt az 1000 darabos kirak\u00f3t <\/span><\/p>\n<p><span style=\"font-weight: 400\">A szeretteinkkel val\u00f3 \u00fajb\u00f3li kapcsolatteremt\u00e9s pillanatai nagyon fontosak. Azok a pillanatok, amikor egy\u00fctt dolgoztok, megkeresitek a r\u00e9szleteket, \u00f6sszerakj\u00e1tok a darabokat, \u00e9s fokozatosan \u00f6sszerakj\u00e1tok a k\u00e9pet, val\u00f3j\u00e1ban azok a pillanatok (vagy \u00f3r\u00e1k), amikor m\u00e9g jobban \u00f6sszeforr a kapcsolatotok <\/span><\/p>\n<p><span style=\"font-weight: 400\">V\u00e1lassza ezt a m\u0171v\u00e9szeti puzzle-t mag\u00e1nak, \u00e9s pihenjen, mik\u00f6zben \u00f6sszerakja, vagy adja aj\u00e1nd\u00e9kba, \u00e9s tegye boldogg\u00e1 a m\u0171v\u00e9szet szerelmeseit <\/span><\/p><\/p>\n","protected":false},"excerpt":{"rendered":"<p>Fedezze fel az 1000 darabos puzzle-t, amely Paul Gauguin egyik olyan t\u00e9m\u00e1j\u00e1t dolgozza fel, amely megsz\u00e1llottan foglalkoztatta Paul Gauguint p\u00e1lyafut\u00e1sa<\/p>\n","protected":false},"featured_media":35391,"template":"","meta":[],"product_brand":[],"product_cat":[1920,1919,1881],"product_tag":[],"class_list":{"0":"post-42051","1":"product","2":"type-product","3":"status-publish","4":"has-post-thumbnail","6":"product_cat-1000-darabos-kirakos-jatek","7":"product_cat-felnott-kirakos-jatekok","8":"product_cat-kirakos-jatekok","9":"pa_bax-10-hu","10":"pa_brand-d_toys-hu","11":"pa_country_of_manufacture-ro-hu","12":"pa_filter_age-14-hu","13":"pa_painter-paul-gauguin-hu","14":"pa_tip_ambalaj-doboz","15":"pa_tip_puzzle-klasszikus","17":"first","18":"instock","19":"taxable","20":"shipping-taxable","21":"product-type-simple"},"yoast_head":"<!-- This site is optimized with the Yoast SEO plugin v20.1 - https:\/\/yoast.com\/wordpress\/plugins\/seo\/ -->\n<title>Feln\u0151tt puzzle 1000 darab Paul Gauguin - Tahiti n\u0151k a tengerparton<\/title>\n<meta name=\"description\" content=\"Feln\u0151tt puzzle 1000 darab Paul Gauguin - Tahiti n\u0151k a tengerparton\" \/>\n<meta name=\"robots\" content=\"index, follow, max-snippet:-1, max-image-preview:large, max-video-preview:-1\" \/>\n<link rel=\"canonical\" href=\"https:\/\/business.roovi.com\/hu\/felnott-puzzle-1000-darab-paul-gauguin-tahiti-nok-a-tengerparton\/p\/\" \/>\n<meta property=\"og:locale\" content=\"hu_HU\" \/>\n<meta property=\"og:type\" content=\"article\" \/>\n<meta property=\"og:title\" content=\"Feln\u0151tt puzzle 1000 darab Paul Gauguin - Tahiti n\u0151k a tengerparton\" \/>\n<meta property=\"og:description\" content=\"Feln\u0151tt puzzle 1000 darab Paul Gauguin - Tahiti n\u0151k a tengerparton\" \/>\n<meta property=\"og:url\" content=\"https:\/\/business.roovi.com\/hu\/felnott-puzzle-1000-darab-paul-gauguin-tahiti-nok-a-tengerparton\/p\/\" \/>\n<meta property=\"og:site_name\" content=\"Roovi B2B\" \/>\n<meta property=\"article:publisher\" content=\"https:\/\/www.facebook.com\/wwwjucariero\" \/>\n<meta property=\"article:modified_time\" content=\"2022-07-06T18:39:54+00:00\" \/>\n<meta property=\"og:image\" content=\"https:\/\/business.roovi.com\/wp-content\/uploads\/2018\/04\/p1000_gauguin_72818_ga01-02_r700_64x88cm_no_stanc.jpg\" \/>\n\t<meta property=\"og:image:width\" content=\"1200\" \/>\n\t<meta property=\"og:image:height\" content=\"1200\" \/>\n\t<meta property=\"og:image:type\" content=\"image\/jpeg\" \/>\n<meta name=\"twitter:label1\" content=\"Becs\u00fclt olvas\u00e1si id\u0151\" \/>\n\t<meta name=\"twitter:data1\" content=\"3 perc\" \/>\n<script type=\"application\/ld+json\" class=\"yoast-schema-graph\">{\"@context\":\"https:\/\/schema.org\",\"@graph\":[{\"@type\":\"WebPage\",\"@id\":\"https:\/\/business.roovi.com\/hu\/felnott-puzzle-1000-darab-paul-gauguin-tahiti-nok-a-tengerparton\/p\/\",\"url\":\"https:\/\/business.roovi.com\/hu\/felnott-puzzle-1000-darab-paul-gauguin-tahiti-nok-a-tengerparton\/p\/\",\"name\":\"Feln\u0151tt puzzle 1000 darab Paul Gauguin - Tahiti n\u0151k a tengerparton\",\"isPartOf\":{\"@id\":\"https:\/\/business.roovi.com\/hu\/#website\"},\"datePublished\":\"2018-04-16T10:56:17+00:00\",\"dateModified\":\"2022-07-06T18:39:54+00:00\",\"description\":\"Feln\u0151tt puzzle 1000 darab Paul Gauguin - Tahiti n\u0151k a tengerparton\",\"breadcrumb\":{\"@id\":\"https:\/\/business.roovi.com\/hu\/felnott-puzzle-1000-darab-paul-gauguin-tahiti-nok-a-tengerparton\/p\/#breadcrumb\"},\"inLanguage\":\"hu\",\"potentialAction\":[{\"@type\":\"ReadAction\",\"target\":[\"https:\/\/business.roovi.com\/hu\/felnott-puzzle-1000-darab-paul-gauguin-tahiti-nok-a-tengerparton\/p\/\"]}]},{\"@type\":\"BreadcrumbList\",\"@id\":\"https:\/\/business.roovi.com\/hu\/felnott-puzzle-1000-darab-paul-gauguin-tahiti-nok-a-tengerparton\/p\/#breadcrumb\",\"itemListElement\":[{\"@type\":\"ListItem\",\"position\":1,\"name\":\"Home\",\"item\":\"https:\/\/business.roovi.com\/hu\/\"},{\"@type\":\"ListItem\",\"position\":2,\"name\":\"Shop\",\"item\":\"https:\/\/business.roovi.com\/hu\/shop\/\"},{\"@type\":\"ListItem\",\"position\":3,\"name\":\"Feln\u0151tt puzzle 1000 darab Paul Gauguin &#8211; Tahiti n\u0151k a tengerparton\"}]},{\"@type\":\"WebSite\",\"@id\":\"https:\/\/business.roovi.com\/hu\/#website\",\"url\":\"https:\/\/business.roovi.com\/hu\/\",\"name\":\"Roovi B2B\",\"description\":\"Roovi Business Website\",\"potentialAction\":[{\"@type\":\"SearchAction\",\"target\":{\"@type\":\"EntryPoint\",\"urlTemplate\":\"https:\/\/business.roovi.com\/hu\/?s={search_term_string}\"},\"query-input\":\"required name=search_term_string\"}],\"inLanguage\":\"hu\"}]}<\/script>\n<!-- \/ Yoast SEO plugin. -->","yoast_head_json":{"title":"Feln\u0151tt puzzle 1000 darab Paul Gauguin - Tahiti n\u0151k a tengerparton","description":"Feln\u0151tt puzzle 1000 darab Paul Gauguin - Tahiti n\u0151k a tengerparton","robots":{"index":"index","follow":"follow","max-snippet":"max-snippet:-1","max-image-preview":"max-image-preview:large","max-video-preview":"max-video-preview:-1"},"canonical":"https:\/\/business.roovi.com\/hu\/felnott-puzzle-1000-darab-paul-gauguin-tahiti-nok-a-tengerparton\/p\/","og_locale":"hu_HU","og_type":"article","og_title":"Feln\u0151tt puzzle 1000 darab Paul Gauguin - Tahiti n\u0151k a tengerparton","og_description":"Feln\u0151tt puzzle 1000 darab Paul Gauguin - Tahiti n\u0151k a tengerparton","og_url":"https:\/\/business.roovi.com\/hu\/felnott-puzzle-1000-darab-paul-gauguin-tahiti-nok-a-tengerparton\/p\/","og_site_name":"Roovi B2B","article_publisher":"https:\/\/www.facebook.com\/wwwjucariero","article_modified_time":"2022-07-06T18:39:54+00:00","og_image":[{"width":1200,"height":1200,"url":"https:\/\/business.roovi.com\/wp-content\/uploads\/2018\/04\/p1000_gauguin_72818_ga01-02_r700_64x88cm_no_stanc.jpg","type":"image\/jpeg"}],"twitter_misc":{"Becs\u00fclt olvas\u00e1si id\u0151":"3 perc"},"schema":{"@context":"https:\/\/schema.org","@graph":[{"@type":"WebPage","@id":"https:\/\/business.roovi.com\/hu\/felnott-puzzle-1000-darab-paul-gauguin-tahiti-nok-a-tengerparton\/p\/","url":"https:\/\/business.roovi.com\/hu\/felnott-puzzle-1000-darab-paul-gauguin-tahiti-nok-a-tengerparton\/p\/","name":"Feln\u0151tt puzzle 1000 darab Paul Gauguin - Tahiti n\u0151k a tengerparton","isPartOf":{"@id":"https:\/\/business.roovi.com\/hu\/#website"},"datePublished":"2018-04-16T10:56:17+00:00","dateModified":"2022-07-06T18:39:54+00:00","description":"Feln\u0151tt puzzle 1000 darab Paul Gauguin - Tahiti n\u0151k a tengerparton","breadcrumb":{"@id":"https:\/\/business.roovi.com\/hu\/felnott-puzzle-1000-darab-paul-gauguin-tahiti-nok-a-tengerparton\/p\/#breadcrumb"},"inLanguage":"hu","potentialAction":[{"@type":"ReadAction","target":["https:\/\/business.roovi.com\/hu\/felnott-puzzle-1000-darab-paul-gauguin-tahiti-nok-a-tengerparton\/p\/"]}]},{"@type":"BreadcrumbList","@id":"https:\/\/business.roovi.com\/hu\/felnott-puzzle-1000-darab-paul-gauguin-tahiti-nok-a-tengerparton\/p\/#breadcrumb","itemListElement":[{"@type":"ListItem","position":1,"name":"Home","item":"https:\/\/business.roovi.com\/hu\/"},{"@type":"ListItem","position":2,"name":"Shop","item":"https:\/\/business.roovi.com\/hu\/shop\/"},{"@type":"ListItem","position":3,"name":"Feln\u0151tt puzzle 1000 darab Paul Gauguin &#8211; Tahiti n\u0151k a tengerparton"}]},{"@type":"WebSite","@id":"https:\/\/business.roovi.com\/hu\/#website","url":"https:\/\/business.roovi.com\/hu\/","name":"Roovi B2B","description":"Roovi Business Website","potentialAction":[{"@type":"SearchAction","target":{"@type":"EntryPoint","urlTemplate":"https:\/\/business.roovi.com\/hu\/?s={search_term_string}"},"query-input":"required name=search_term_string"}],"inLanguage":"hu"}]}},"_links":{"self":[{"href":"https:\/\/business.roovi.com\/hu\/wp-json\/wp\/v2\/product\/42051","targetHints":{"allow":["GET"]}}],"collection":[{"href":"https:\/\/business.roovi.com\/hu\/wp-json\/wp\/v2\/product"}],"about":[{"href":"https:\/\/business.roovi.com\/hu\/wp-json\/wp\/v2\/types\/product"}],"version-history":[{"count":0,"href":"https:\/\/business.roovi.com\/hu\/wp-json\/wp\/v2\/product\/42051\/revisions"}],"wp:featuredmedia":[{"embeddable":true,"href":"https:\/\/business.roovi.com\/hu\/wp-json\/wp\/v2\/media\/35391"}],"wp:attachment":[{"href":"https:\/\/business.roovi.com\/hu\/wp-json\/wp\/v2\/media?parent=42051"}],"wp:term":[{"taxonomy":"product_brand","embeddable":true,"href":"https:\/\/business.roovi.com\/hu\/wp-json\/wp\/v2\/product_brand?post=42051"},{"taxonomy":"product_cat","embeddable":true,"href":"https:\/\/business.roovi.com\/hu\/wp-json\/wp\/v2\/product_cat?post=42051"},{"taxonomy":"product_tag","embeddable":true,"href":"https:\/\/business.roovi.com\/hu\/wp-json\/wp\/v2\/product_tag?post=42051"}],"curies":[{"name":"wp","href":"https:\/\/api.w.org\/{rel}","templated":true}]}}