{"id":42055,"date":"2018-04-16T10:56:17","date_gmt":"2018-04-16T10:56:17","guid":{"rendered":"https:\/\/business.roovi.com\/puzzle-adulti-1000-piese-gustav-klimt-mada-primavesi\/p\/"},"modified":"2022-07-06T18:44:10","modified_gmt":"2022-07-06T18:44:10","slug":"felnott-1000-darabos-gustav-klimt-puzzle-mada-primavesi","status":"publish","type":"product","link":"https:\/\/business.roovi.com\/hu\/felnott-1000-darabos-gustav-klimt-puzzle-mada-primavesi\/p\/","title":{"rendered":"Feln\u0151tt 1000 darabos Gustav Klimt puzzle &#8211; M\u00e4da Primavesi"},"content":{"rendered":"<p><span style=\"font-weight: 400\">\u00d6r\u00fcl\u00fcnk, hogy csatlakozott a gal\u00e9ri\u00e1nkhoz, ahol a legnagyobb m\u0171v\u00e9szeti rejtv\u00e9nygy\u0171jtem\u00e9ny\u00fcnk tal\u00e1lhat\u00f3! 1000 darabos rejtv\u00e9nyeket k\u00e9sz\u00edtett\u00fcnk a vil\u00e1g legh\u00edresebb festm\u00e9nyeinek k\u00e9peivel. A <em>Mona Lisa<\/em>, a <em>Cs\u00f3k<\/em> vagy a <em>Csillagos \u00e9j<\/em> csak n\u00e9h\u00e1ny a remekm\u0171vek k\u00f6z\u00fcl, amelyek otthon\u00e1nak fal\u00e1t d\u00edsz\u00edthetik. V\u00e1lassza ki kedvenc m\u0171v\u00e9szeti rejtv\u00e9nyeit, \u00e9s \u00e9p\u00edtse meg v\u00e1gyott festm\u00e9nyeit!<\/span><\/p>\n<p><span style=\"font-weight: 400\">Fedezze fel Gustav Klimt leny\u0171g\u00f6z\u0151 m\u0171v\u00e9szet\u00e9t az 1000 darabos Gustav Klimt kirak\u00f3val &#8211; <\/span><span style=\"font-weight: 400\">M\u00e4da<\/span><span style=\"font-weight: 400\"> Primavesi. A k\u00e9pen egy 9 \u00e9ves kisl\u00e1ny, M\u00e4da Primavesi l\u00e1that\u00f3, aki hat\u00e1rozottnak \u00e9s magabiztosnak t\u0171nik. A m\u0171v\u00e9sz p\u00e9ld\u00e1san megragadta a l\u00e1ny fi\u00fas term\u00e9szet\u00e9t \u00e9s \u00e9rett karakter\u00e9t, \u00e9s tavaszi mint\u00e1k kombin\u00e1ci\u00f3ja k\u00f6zepette p\u00f3zolta <\/span><\/p>\n<p><span style=\"font-weight: 400\">Gustav Klimt m\u0171v\u00e9szeti puzzle &#8211; <\/span><span style=\"font-weight: 400\">M\u00e4da<\/span><span style=\"font-weight: 400\"> Primavesi visszaadja az eredeti festm\u00e9ny leny\u0171g\u00f6z\u0151 r\u00e9szleteit, \u00e9s amint elk\u00e9sz\u00fcl, \u00f6r\u00f6m lesz r\u00e1n\u00e9zni. A v\u00e9gs\u0151 k\u00e9p m\u00e9rete 50 x 70 cm, \u00e9s az elk\u00e9sz\u00edt\u00e9s\u00e9hez mind\u00f6ssze egy hagyom\u00e1nyos doh\u00e1nyz\u00f3asztalra van sz\u00fcks\u00e9g.  <\/span><\/p>\n<p><span style=\"font-weight: 400\">Jellemz\u0151k 1000 darabos Gustav Klimt puzzle &#8211; <\/span><span style=\"font-weight: 400\">M\u00e4da<\/span><span style=\"font-weight: 400\"> Primavesi:<\/span><\/p>\n<p><strong>Puzzle anyag <\/strong><\/p>\n<p><strong>kiv\u00e1l\u00f3 min\u0151s\u00e9g\u0171 k\u00e9k karton<\/strong><\/p>\n<p><strong>fenntarthat\u00f3, \u00fajrahasznos\u00edthat\u00f3 anyagok<\/strong><\/p>\n<p><strong>f\u00e9lf\u00e9nyes kivitel, \u00e9l\u00e9nk sz\u00ednek<\/strong><\/p>\n<p><strong>A kirak\u00f3s darabok sz\u00e1ma: 1000<\/strong><\/p>\n<p><strong>Aj\u00e1nlott \u00e9letkor: 14+<\/strong><\/p>\n<p><strong>3 k\u00e9szs\u00e9g, amit az 1000 darabos rejtv\u00e9nyeknek k\u00f6sz\u00f6nhet\u0151en fejleszthetsz<\/strong><\/p>\n<p><span style=\"font-weight: 400\">Azt m\u00e1r tudod, hogy a kirak\u00f3s j\u00e1t\u00e9kok sz\u00f3rakoztat\u00f3ak, viccesek \u00e9s pihentet\u0151ek. De ezen fel\u00fcl seg\u00edtenek bizonyos k\u00e9szs\u00e9gek fejleszt\u00e9s\u00e9ben vagy jav\u00edt\u00e1s\u00e1ban. \u00cdme 3 k\u00f6z\u00fcl\u00fck:<\/span><\/p>\n<p><strong>Probl\u00e9mamegold\u00f3 k\u00e9szs\u00e9g <\/strong><span style=\"font-weight: 400\">Az 1000 darabos kirak\u00f3s egy olyan probl\u00e9ma, amelyet n\u00e9ha nem is olyan k\u00f6nny\u0171 megoldani. A t\u00f6bb sz\u00e1z kirak\u00f3s darab k\u00f6z\u00f6tt a hely\u00fckre ill\u0151 darabok keres\u00e9se nagy koncentr\u00e1ci\u00f3t \u00e9s figyelmet ig\u00e9nyel. De mivel a k\u00e9p mag\u00e1val ragad, \u00e9s be akarod fejezni, nem adod fel, \u00e9s a munka t\u00f6bb \u00f3r\u00e1s pihentet\u0151 munka ut\u00e1n elk\u00e9sz\u00fcl. Mindez a kreat\u00edv folyamat seg\u00edteni fog \u00d6nnek m\u00e1s helyzetekben is, amelyekkel a mindennapi tev\u00e9kenys\u00e9gei sor\u00e1n meg kell k\u00fczdenie.<\/span><\/p>\n<p><strong>Figyelem a r\u00e9szletekre <\/strong><span style=\"font-weight: 400\">Az 1000 darabos kirak\u00f3s \u00f6ssze\u00e1ll\u00edt\u00e1sa a legapr\u00f3bb r\u00e9szletekre is maxim\u00e1lis figyelmet ig\u00e9nyel. Ha eleinte nem is rendelkezel ezzel a k\u00e9pess\u00e9ggel, id\u0151vel ki fogod fejleszteni, \u00e9s a gyakorl\u00e1s r\u00e9v\u00e9n kirak\u00f3smesterr\u00e9 v\u00e1lhatsz. Ez a k\u00e9szs\u00e9g az \u00e9leted sz\u00e1mos m\u00e1s ter\u00fclet\u00e9n is hasznos lehet, k\u00fcl\u00f6n\u00f6sen, ha olyan tev\u00e9kenys\u00e9geket v\u00e9gzel, amelyek megk\u00f6vetelik a r\u00e9szletekre val\u00f3 odafigyel\u00e9st.<\/span><\/p>\n<p><strong>Koncentr\u00e1ci\u00f3s k\u00e9pess\u00e9g <\/strong><span style=\"font-weight: 400\">Gyakran nehez\u00e9re esik egy dologra koncentr\u00e1lni \u00e9s egy feladatot befejezni? Ez sokakkal el\u0151fordul, f\u0151k\u00e9nt az\u00e9rt, mert az elm\u00e9nket annyi inform\u00e1ci\u00f3val t\u00e1madj\u00e1k. Mindent egyszerre akarunk, \u00e9s nehezen tudunk egyszerre csak egy feladatra koncentr\u00e1lni. Rakd \u00f6ssze az 1000 darabos puzzle-t, \u00e9s k\u00f6nnyebben fogsz tudni koncentr\u00e1lni, \u00e9s fokozatosan megoldani a magad el\u00e9 kit\u0171z\u00f6tt feladatokat.<\/span><\/p>\n<p><strong>A  oldalr\u00f3l <\/strong><strong>M\u00e4da<\/strong><strong> Klimt Primavesi tudtad ezt?<\/strong><\/p>\n<p><span style=\"font-weight: 400\">M\u00e4da<\/span><span style=\"font-weight: 400\"> Primavesi az iparos \u00e9s feles\u00e9ge, Eugenia l\u00e1nya volt, egy gazdag csal\u00e1d\u00e9, amely t\u00e1mogatta a progressz\u00edv b\u00e9csi design m\u0171v\u00e9szet\u00e9t.<\/span><\/p>\n<p><span style=\"font-weight: 400\">A festm\u00e9ny kifejezi Primavesis\u00e9k kifinomult \u00edzl\u00e9s\u00e9t a progressz\u00edv m\u0171v\u00e9szet ir\u00e1nt.<\/span><\/p>\n<p><span style=\"font-weight: 400\">M\u00e4da \u00fagy jellemezte Klimtet, mint aki feln\u0151ttk\u00e9nt rendk\u00edv\u00fcl kedves \u00e9s toler\u00e1ns volt kamaszkori t\u00fcrelmetlens\u00e9g\u00e9vel szemben.<\/span><\/p>\n<p><span style=\"font-weight: 400\">A l\u00e1ny k\u00e9r\u00e9s\u00e9re, hogy \u00edrjon egy mondatot az autogramf\u00fczet\u00e9be, Klimt ezt \u00edrta <\/span><em><span style=\"font-weight: 400\">&#8222;A nappal olyan, mint az \u00e9jszaka, ha nem l\u00e1tlak. Boldogabb vagyok, ha r\u00f3lad \u00e1lmodom.&#8221;<\/span><\/em><\/p>\n<p><span style=\"font-weight: 400\">E k\u00e9p ut\u00e1n Klimt megfestette a l\u00e1ny \u00e9desanyj\u00e1nak, Eug\u00e9ni\u00e1nak a portr\u00e9j\u00e1t is.<\/span><\/p>\n<p><span style=\"font-weight: 400\">M\u00e4da a The New York Timesnak adott interj\u00faj\u00e1ban elmondta, hogy becsl\u00e9sei szerint a m\u0171v\u00e9sz mintegy 200 v\u00e1zlatot k\u00e9sz\u00edtett r\u00f3la.<\/span><\/p>\n<p><strong>M\u0171v\u00e9szeti rejtv\u00e9nyek &#8211; a kikapcsol\u00f3d\u00e1s \u00e9s az elvonatkoztat\u00e1s o\u00e1zisa<\/strong><\/p>\n<p><span style=\"font-weight: 400\">Ha nyugodt \u00e9s pihentet\u0151 pillanatokra v\u00e1gyik, a m\u0171v\u00e9szi rejtv\u00e9nyek t\u00f6k\u00e9letes v\u00e1laszt\u00e1snak bizonyulnak. A m\u0171v\u00e9szeti rejtv\u00e9nyek nem csak seg\u00edtenek elszakadni a mindennapi \u00e9let gondjait\u00f3l, hanem a sz\u00ednek \u00e9s a sz\u00e9ps\u00e9g csod\u00e1latos vil\u00e1g\u00e1ba is bepillant\u00e1st engednek. R\u00e1ad\u00e1sul seg\u00edtenek fejleszteni az eszt\u00e9tikai \u00e9rz\u00e9kedet \u00e9s csiszolni a rejtv\u00e9nyek rekonstru\u00e1l\u00e1s\u00e1ban val\u00f3 j\u00e1rtass\u00e1godat.<\/span><\/p>\n<p><span style=\"font-weight: 400\">Ha egyedi d\u00edszt\u00e1rgyat szeretne, v\u00e1s\u00e1rolja meg a Gustav Klimt Art Puzzle &#8211; <\/span><span style=\"font-weight: 400\">M\u00e4da<\/span><span style=\"font-weight: 400\"> Primavesi. Ez a csod\u00e1latos kirak\u00f3s j\u00e1t\u00e9k a m\u0171v\u00e9szeti kirak\u00f3sok gy\u0171jtem\u00e9ny\u00e9b\u0151l lehet\u0151s\u00e9get ad arra, hogy egy 1000 darabos kirak\u00f3sb\u00f3l saj\u00e1t m\u0171v\u00e9szeti festm\u00e9nyt k\u00e9sz\u00edts. A k\u00e9p leny\u0171g\u00f6z\u0151en fog kin\u00e9zni a keretben, \u00e9s kifinomult megjelen\u00e9st k\u00f6lcs\u00f6n\u00f6z otthon\u00e1nak.<\/span><\/p>\n<p><span style=\"font-weight: 400\">Gustav Klimt 1000 darabos puzzle &#8211; <\/span><span style=\"font-weight: 400\">M\u00e4da<\/span><span style=\"font-weight: 400\"> A Primavesi t\u00f6k\u00e9letes v\u00e1laszt\u00e1s egy kellemes aj\u00e1nd\u00e9khoz szerettei sz\u00e1m\u00e1ra.<\/span><\/p><\/p>\n","protected":false},"excerpt":{"rendered":"<p>\u00d6r\u00fcl\u00fcnk, hogy csatlakozott a gal\u00e9ri\u00e1nkhoz, ahol a legnagyobb m\u0171v\u00e9szeti rejtv\u00e9nygy\u0171jtem\u00e9ny\u00fcnk tal\u00e1lhat\u00f3! 1000 darabos rejtv\u00e9nyeket k\u00e9sz\u00edtett\u00fcnk a vil\u00e1g legh\u00edresebb festm\u00e9nyeinek k\u00e9peivel.<\/p>\n","protected":false},"featured_media":35395,"template":"","meta":[],"product_brand":[],"product_cat":[1920,1919,1881],"product_tag":[],"class_list":{"0":"post-42055","1":"product","2":"type-product","3":"status-publish","4":"has-post-thumbnail","6":"product_cat-1000-darabos-kirakos-jatek","7":"product_cat-felnott-kirakos-jatekok","8":"product_cat-kirakos-jatekok","9":"pa_bax-10-hu","10":"pa_brand-d_toys-hu","11":"pa_country_of_manufacture-ro-hu","12":"pa_filter_age-14-hu","13":"pa_painter-gustavklimt-hu","14":"pa_tip_ambalaj-doboz","15":"pa_tip_puzzle-klasszikus","17":"first","18":"instock","19":"taxable","20":"shipping-taxable","21":"product-type-simple"},"yoast_head":"<!-- This site is optimized with the Yoast SEO plugin v20.1 - https:\/\/yoast.com\/wordpress\/plugins\/seo\/ -->\n<title>Feln\u0151tt 1000 darabos Gustav Klimt puzzle - M\u00e4da Primavesi<\/title>\n<meta name=\"description\" content=\"Feln\u0151tt 1000 darabos Gustav Klimt puzzle - M\u00e4da Primavesi\" \/>\n<meta name=\"robots\" content=\"index, follow, max-snippet:-1, max-image-preview:large, max-video-preview:-1\" \/>\n<link rel=\"canonical\" href=\"https:\/\/business.roovi.com\/hu\/felnott-1000-darabos-gustav-klimt-puzzle-mada-primavesi\/p\/\" \/>\n<meta property=\"og:locale\" content=\"hu_HU\" \/>\n<meta property=\"og:type\" content=\"article\" \/>\n<meta property=\"og:title\" content=\"Feln\u0151tt 1000 darabos Gustav Klimt puzzle - M\u00e4da Primavesi\" \/>\n<meta property=\"og:description\" content=\"Feln\u0151tt 1000 darabos Gustav Klimt puzzle - M\u00e4da Primavesi\" \/>\n<meta property=\"og:url\" content=\"https:\/\/business.roovi.com\/hu\/felnott-1000-darabos-gustav-klimt-puzzle-mada-primavesi\/p\/\" \/>\n<meta property=\"og:site_name\" content=\"Roovi B2B\" \/>\n<meta property=\"article:publisher\" content=\"https:\/\/www.facebook.com\/wwwjucariero\" \/>\n<meta property=\"article:modified_time\" content=\"2022-07-06T18:44:10+00:00\" \/>\n<meta property=\"og:image\" content=\"https:\/\/business.roovi.com\/wp-content\/uploads\/2018\/04\/66923-07_ansamblu_dimensiuni_cutie_cm_1200x1200.png\" \/>\n\t<meta property=\"og:image:width\" content=\"1200\" \/>\n\t<meta property=\"og:image:height\" content=\"1200\" \/>\n\t<meta property=\"og:image:type\" content=\"image\/png\" \/>\n<meta name=\"twitter:label1\" content=\"Becs\u00fclt olvas\u00e1si id\u0151\" \/>\n\t<meta name=\"twitter:data1\" content=\"5 perc\" \/>\n<script type=\"application\/ld+json\" class=\"yoast-schema-graph\">{\"@context\":\"https:\/\/schema.org\",\"@graph\":[{\"@type\":\"WebPage\",\"@id\":\"https:\/\/business.roovi.com\/hu\/felnott-1000-darabos-gustav-klimt-puzzle-mada-primavesi\/p\/\",\"url\":\"https:\/\/business.roovi.com\/hu\/felnott-1000-darabos-gustav-klimt-puzzle-mada-primavesi\/p\/\",\"name\":\"Feln\u0151tt 1000 darabos Gustav Klimt puzzle - M\u00e4da Primavesi\",\"isPartOf\":{\"@id\":\"https:\/\/business.roovi.com\/hu\/#website\"},\"datePublished\":\"2018-04-16T10:56:17+00:00\",\"dateModified\":\"2022-07-06T18:44:10+00:00\",\"description\":\"Feln\u0151tt 1000 darabos Gustav Klimt puzzle - M\u00e4da Primavesi\",\"breadcrumb\":{\"@id\":\"https:\/\/business.roovi.com\/hu\/felnott-1000-darabos-gustav-klimt-puzzle-mada-primavesi\/p\/#breadcrumb\"},\"inLanguage\":\"hu\",\"potentialAction\":[{\"@type\":\"ReadAction\",\"target\":[\"https:\/\/business.roovi.com\/hu\/felnott-1000-darabos-gustav-klimt-puzzle-mada-primavesi\/p\/\"]}]},{\"@type\":\"BreadcrumbList\",\"@id\":\"https:\/\/business.roovi.com\/hu\/felnott-1000-darabos-gustav-klimt-puzzle-mada-primavesi\/p\/#breadcrumb\",\"itemListElement\":[{\"@type\":\"ListItem\",\"position\":1,\"name\":\"Home\",\"item\":\"https:\/\/business.roovi.com\/hu\/\"},{\"@type\":\"ListItem\",\"position\":2,\"name\":\"Shop\",\"item\":\"https:\/\/business.roovi.com\/hu\/shop\/\"},{\"@type\":\"ListItem\",\"position\":3,\"name\":\"Feln\u0151tt 1000 darabos Gustav Klimt puzzle &#8211; M\u00e4da Primavesi\"}]},{\"@type\":\"WebSite\",\"@id\":\"https:\/\/business.roovi.com\/hu\/#website\",\"url\":\"https:\/\/business.roovi.com\/hu\/\",\"name\":\"Roovi B2B\",\"description\":\"Roovi Business Website\",\"potentialAction\":[{\"@type\":\"SearchAction\",\"target\":{\"@type\":\"EntryPoint\",\"urlTemplate\":\"https:\/\/business.roovi.com\/hu\/?s={search_term_string}\"},\"query-input\":\"required name=search_term_string\"}],\"inLanguage\":\"hu\"}]}<\/script>\n<!-- \/ Yoast SEO plugin. -->","yoast_head_json":{"title":"Feln\u0151tt 1000 darabos Gustav Klimt puzzle - M\u00e4da Primavesi","description":"Feln\u0151tt 1000 darabos Gustav Klimt puzzle - M\u00e4da Primavesi","robots":{"index":"index","follow":"follow","max-snippet":"max-snippet:-1","max-image-preview":"max-image-preview:large","max-video-preview":"max-video-preview:-1"},"canonical":"https:\/\/business.roovi.com\/hu\/felnott-1000-darabos-gustav-klimt-puzzle-mada-primavesi\/p\/","og_locale":"hu_HU","og_type":"article","og_title":"Feln\u0151tt 1000 darabos Gustav Klimt puzzle - M\u00e4da Primavesi","og_description":"Feln\u0151tt 1000 darabos Gustav Klimt puzzle - M\u00e4da Primavesi","og_url":"https:\/\/business.roovi.com\/hu\/felnott-1000-darabos-gustav-klimt-puzzle-mada-primavesi\/p\/","og_site_name":"Roovi B2B","article_publisher":"https:\/\/www.facebook.com\/wwwjucariero","article_modified_time":"2022-07-06T18:44:10+00:00","og_image":[{"width":1200,"height":1200,"url":"https:\/\/business.roovi.com\/wp-content\/uploads\/2018\/04\/66923-07_ansamblu_dimensiuni_cutie_cm_1200x1200.png","type":"image\/png"}],"twitter_misc":{"Becs\u00fclt olvas\u00e1si id\u0151":"5 perc"},"schema":{"@context":"https:\/\/schema.org","@graph":[{"@type":"WebPage","@id":"https:\/\/business.roovi.com\/hu\/felnott-1000-darabos-gustav-klimt-puzzle-mada-primavesi\/p\/","url":"https:\/\/business.roovi.com\/hu\/felnott-1000-darabos-gustav-klimt-puzzle-mada-primavesi\/p\/","name":"Feln\u0151tt 1000 darabos Gustav Klimt puzzle - M\u00e4da Primavesi","isPartOf":{"@id":"https:\/\/business.roovi.com\/hu\/#website"},"datePublished":"2018-04-16T10:56:17+00:00","dateModified":"2022-07-06T18:44:10+00:00","description":"Feln\u0151tt 1000 darabos Gustav Klimt puzzle - M\u00e4da Primavesi","breadcrumb":{"@id":"https:\/\/business.roovi.com\/hu\/felnott-1000-darabos-gustav-klimt-puzzle-mada-primavesi\/p\/#breadcrumb"},"inLanguage":"hu","potentialAction":[{"@type":"ReadAction","target":["https:\/\/business.roovi.com\/hu\/felnott-1000-darabos-gustav-klimt-puzzle-mada-primavesi\/p\/"]}]},{"@type":"BreadcrumbList","@id":"https:\/\/business.roovi.com\/hu\/felnott-1000-darabos-gustav-klimt-puzzle-mada-primavesi\/p\/#breadcrumb","itemListElement":[{"@type":"ListItem","position":1,"name":"Home","item":"https:\/\/business.roovi.com\/hu\/"},{"@type":"ListItem","position":2,"name":"Shop","item":"https:\/\/business.roovi.com\/hu\/shop\/"},{"@type":"ListItem","position":3,"name":"Feln\u0151tt 1000 darabos Gustav Klimt puzzle &#8211; M\u00e4da Primavesi"}]},{"@type":"WebSite","@id":"https:\/\/business.roovi.com\/hu\/#website","url":"https:\/\/business.roovi.com\/hu\/","name":"Roovi B2B","description":"Roovi Business Website","potentialAction":[{"@type":"SearchAction","target":{"@type":"EntryPoint","urlTemplate":"https:\/\/business.roovi.com\/hu\/?s={search_term_string}"},"query-input":"required name=search_term_string"}],"inLanguage":"hu"}]}},"_links":{"self":[{"href":"https:\/\/business.roovi.com\/hu\/wp-json\/wp\/v2\/product\/42055","targetHints":{"allow":["GET"]}}],"collection":[{"href":"https:\/\/business.roovi.com\/hu\/wp-json\/wp\/v2\/product"}],"about":[{"href":"https:\/\/business.roovi.com\/hu\/wp-json\/wp\/v2\/types\/product"}],"version-history":[{"count":0,"href":"https:\/\/business.roovi.com\/hu\/wp-json\/wp\/v2\/product\/42055\/revisions"}],"wp:featuredmedia":[{"embeddable":true,"href":"https:\/\/business.roovi.com\/hu\/wp-json\/wp\/v2\/media\/35395"}],"wp:attachment":[{"href":"https:\/\/business.roovi.com\/hu\/wp-json\/wp\/v2\/media?parent=42055"}],"wp:term":[{"taxonomy":"product_brand","embeddable":true,"href":"https:\/\/business.roovi.com\/hu\/wp-json\/wp\/v2\/product_brand?post=42055"},{"taxonomy":"product_cat","embeddable":true,"href":"https:\/\/business.roovi.com\/hu\/wp-json\/wp\/v2\/product_cat?post=42055"},{"taxonomy":"product_tag","embeddable":true,"href":"https:\/\/business.roovi.com\/hu\/wp-json\/wp\/v2\/product_tag?post=42055"}],"curies":[{"name":"wp","href":"https:\/\/api.w.org\/{rel}","templated":true}]}}