{"id":42059,"date":"2018-04-16T10:56:17","date_gmt":"2018-04-16T10:56:17","guid":{"rendered":"https:\/\/business.roovi.com\/puzzle-adulti-1000-piese-gustav-klimt-farm-garden-with-sunflowers\/p\/"},"modified":"2022-07-06T18:44:19","modified_gmt":"2022-07-06T18:44:19","slug":"gustav-klimt-1000-darabos-felnott-puzzle-farm-kert-napraforgokkal","status":"publish","type":"product","link":"https:\/\/business.roovi.com\/hu\/gustav-klimt-1000-darabos-felnott-puzzle-farm-kert-napraforgokkal\/p\/","title":{"rendered":"Gustav Klimt 1000 darabos feln\u0151tt puzzle &#8211; Farm kert napraforg\u00f3kkal"},"content":{"rendered":"<p><span style=\"font-weight: 400\">Inspir\u00e1l\u00f3dsz? Kih\u00edvjuk \u00d6nt, hogy pr\u00f3b\u00e1ra tegye a r\u00e9szletekre val\u00f3 odafigyel\u00e9s\u00e9t \u00e9s t\u00fcrelm\u00e9t a m\u0171v\u00e9szi kirak\u00f3s gy\u0171jtem\u00e9ny\u00fcnk legcsod\u00e1latosabb 1000 darabos kirak\u00f3ival.<\/span><\/p>\n<p><span style=\"font-weight: 400\">A Gustav Klimt &#8211; Farmkert napraforg\u00f3kkal &#8211; 1000 darabos puzzle a h\u00edres osztr\u00e1k m\u0171v\u00e9sz sz\u00ednes \u00e9s vir\u00e1gos festm\u00e9ny\u00e9t \u00e1br\u00e1zolja.<\/span><\/p>\n<p><span style=\"font-weight: 400\">Klimt Van Gogh st\u00edlus\u00e1t tanulm\u00e1nyozta, aki t\u00f6bbsz\u00f6r festett napraforg\u00f3kat. Klimt vir\u00e1gai az el\u0151t\u00e9rbe vannak integr\u00e1lva, \u00e9s gy\u00f6ny\u00f6r\u0171 sz\u00ednvil\u00e1gukat kiemeli a kontrasztos z\u00f6ld r\u00e9t.<\/span><\/p>\n<p><span style=\"font-weight: 400\">Az 1000 darabos kirak\u00f3s k\u00e9p \u00fajrateremt\u00e9se t\u00f6bb tucat apr\u00f3 vir\u00e1ggal \u00e9s sz\u00ednes r\u00e9szletekkel olyan feladat, amely nagym\u00e9rt\u00e9kben ig\u00e9nybe veszi a koncentr\u00e1ci\u00f3t \u00e9s a figyelmet. De ez egy egyed\u00fcl\u00e1ll\u00f3 lehet\u0151s\u00e9g arra, hogy gyakorold a kirak\u00f3s k\u00e9szs\u00e9gedet, \u00e9s egy leny\u0171g\u00f6z\u0151 m\u0171alkot\u00e1st hozz l\u00e9tre.<\/span><\/p>\n<p><span style=\"font-weight: 400\">Egy hagyom\u00e1nyos doh\u00e1nyz\u00f3asztalt is haszn\u00e1lhat az 1000 puzzle-darab megt\u00e1maszt\u00e1s\u00e1ra. A rekonstru\u00e1lt k\u00e9p m\u00e9rete 70 x 50 cm, \u00e9s csod\u00e1latos lesz egy keretben az egyik falon.<\/span><\/p>\n<p><span style=\"font-weight: 400\">Jellemz\u0151k Gustav Klimt m\u0171v\u00e9szeti puzzle &#8211; Kert napraforg\u00f3kkal:<\/span><\/p>\n<p><strong>Puzzle anyag <\/strong><\/p>\n<p><strong>kiv\u00e1l\u00f3 min\u0151s\u00e9g\u0171 k\u00e9k karton<\/strong><\/p>\n<p><strong>fenntarthat\u00f3, \u00fajrahasznos\u00edthat\u00f3 anyagok<\/strong><\/p>\n<p><strong>f\u00e9lf\u00e9nyes kivitel, \u00e9l\u00e9nk sz\u00ednek<\/strong><\/p>\n<p><strong>A kirak\u00f3s darabok sz\u00e1ma: 1000<\/strong><\/p>\n<p><strong>Aj\u00e1nlott \u00e9letkor: 14+<\/strong><\/p>\n<p><strong>Mi\u00e9rt k\u00fcl\u00f6nleges 1000 darabos puzzle Gustav Klimt &#8211; Kert napraforg\u00f3kkal?<\/strong><\/p>\n<p><span style=\"font-weight: 400\">Lehet\u0151s\u00e9ged van 1000 puzzle-darabb\u00f3l egy m\u0171v\u00e9szi festm\u00e9nyt l\u00e9trehozni, \u00e9s megcsod\u00e1lhatod az eredeti festm\u00e9ny legapr\u00f3bb r\u00e9szleteit is.<\/span><\/p>\n<p><span style=\"font-weight: 400\">Az \u00edgy kapott festm\u00e9ny olyan d\u00edszt\u00e1rgy lehet, amely kifinomult megjelen\u00e9st k\u00f6lcs\u00f6n\u00f6z otthon\u00e1nak.<\/span><\/p>\n<p><span style=\"font-weight: 400\">\u00dagy \u00e9rzed magad, mint egy igazi detekt\u00edv, aki elemzi a nyomokat, \u00e9s keresi a megfelel\u0151 darabokat, hogy felfedje a m\u0171alkot\u00e1s rejt\u00e9ly\u00e9t.<\/span><\/p>\n<p><span style=\"font-weight: 400\">Itt a lehet\u0151s\u00e9g, hogy fejlessze eszt\u00e9tikai \u00e9rz\u00e9k\u00e9t \u00e9s \u00e9rt\u00e9kelje a m\u0171v\u00e9szetet.<\/span><\/p>\n<p><span style=\"font-weight: 400\">Felkelti a k\u00edv\u00e1ncsis\u00e1got a m\u0171alkot\u00e1sok \u00e9s a hiteles alkot\u00e1s m\u00f6g\u00f6tt \u00e1ll\u00f3 fest\u0151k ir\u00e1nt.<\/span><\/p>\n<p><strong>Tudtad, hogy&#8230;?<\/strong><\/p>\n<p><span style=\"font-weight: 400\">Gustav Klimt szeretett gy\u00f6ny\u00f6r\u0171 meztelen n\u0151kkel k\u00f6r\u00fclv\u00e9ve festeni?<\/span><\/p>\n<p><span style=\"font-weight: 400\"> &#8222;Minden m\u0171v\u00e9szet erotikus&#8221; &#8211; ez a kijelent\u00e9s az \u00f6v\u00e9.<\/span><\/p>\n<p><span style=\"font-weight: 400\">Klimt szerette a n\u0151ket, \u00e9s a pletyk\u00e1k szerint intim kapcsolatban \u00e1llt mindazokkal a n\u0151kkel, akikr\u0151l portr\u00e9kat festett. 14 t\u00f6rv\u00e9nytelen gyermeke sz\u00fcletett, \u00e9s soha nem volt h\u00e1zas <\/span><\/p>\n<p><span style=\"font-weight: 400\">Festm\u00e9nyei <\/span><em><span style=\"font-weight: 400\">Adele Bloch-Bauer I. portr\u00e9ja <\/span><\/em><span style=\"font-weight: 400\">volt a valaha \u00e1rver\u00e9sen eladott legdr\u00e1g\u00e1bb m\u0171alkot\u00e1s: 135 milli\u00f3 doll\u00e1rt fizettek \u00e9rte.<\/span><\/p>\n<p><span style=\"font-weight: 400\">Sz\u00e1mos m\u0171v\u00e9t a n\u00e1cik el\u00e9gett\u00e9k. 1945-ben felgy\u00fajtott\u00e1k a Schloss Immendorf kast\u00e9lyt, ahol t\u00f6bb festm\u00e9nye is volt.<\/span><\/p>\n<p><strong>M\u0171v\u00e9szeti rejtv\u00e9nyek &#8211; a relax\u00e1ci\u00f3 \u00e9s a medit\u00e1ci\u00f3 ideje <\/strong><\/p>\n<p><span style=\"font-weight: 400\">A m\u0171v\u00e9szeti rejtv\u00e9ny betekint\u00e9st ny\u00fajt a m\u0171v\u00e9szet vil\u00e1g\u00e1ba. Az elme megszabadul a gondolatokt\u00f3l vagy aggodalmakt\u00f3l, \u00e9s a m\u00e9ly relax\u00e1ci\u00f3 kellemes \u00e9lm\u00e9ny\u00e9t \u00e9li \u00e1t.<\/span><\/p>\n<p><span style=\"font-weight: 400\">A kirak\u00f3s j\u00e1t\u00e9k hat\u00e1sa is hasonl\u00f3 a medit\u00e1ci\u00f3hoz. Miut\u00e1n megszabadult\u00e1l a t\u00e9ged nyomaszt\u00f3 gondolatokt\u00f3l, egyetlen feladatra koncentr\u00e1lsz, a k\u00e9p rekonstru\u00e1l\u00e1s\u00e1ra a m\u0171v\u00e9szi kirak\u00f3sban. \u00c9lvezed a jelent, \u00e9s a v\u00e9g\u00e9n, amikor a festm\u00e9ny elk\u00e9sz\u00fcl, az optimizmus \u00e9s a boldogs\u00e1g csod\u00e1latos \u00e1llapot\u00e1t \u00e9led \u00e1t. Mindezek a j\u00f3t\u00e9kony hat\u00e1sok az \u00e9leted sz\u00e1mos ter\u00fclet\u00e9n megmutatkoznak majd:<\/span><\/p>\n<ul>\n<li><span style=\"font-weight: 400\">Pihentet\u0151bb lesz az alv\u00e1sod<\/span><\/li>\n<li><span style=\"font-weight: 400\">\u00dajra kapcsolatba ker\u00fclsz \u00f6nmagaddal, \u00e9s b\u00e9k\u00e9ben leszel \u00f6nmagaddal.<\/span><\/li>\n<li><span style=\"font-weight: 400\">K\u00e9pes leszel a stresszold\u00e1sra.<\/span><\/li>\n<li><span style=\"font-weight: 400\">Kezelni fogja a szorong\u00e1s\u00e1t.<\/span><\/li>\n<\/ul>\n<p><span style=\"font-weight: 400\">Csak j\u00f3 okod van arra, hogy Gustav Klimt m\u0171v\u00e9szeti kirak\u00f3j\u00e1t v\u00e1laszd &#8211; Kert napraforg\u00f3kkal. V\u00e1s\u00e1rolja meg most ezt az 1000 darabos kirak\u00f3t, \u00e9s \u00e9lvezze a kirak\u00f3sok ir\u00e1nti szenved\u00e9ly\u00e9nek minden el\u0151ny\u00e9t <\/span><\/p>\n<p><span style=\"font-weight: 400\">A Gustav Klimt &#8211; Napraforg\u00f3 kert 1000 darabos puzzle t\u00f6k\u00e9letes aj\u00e1nd\u00e9k, ha kifogyt\u00e1l az aj\u00e1nd\u00e9k\u00f6tletekb\u0151l, vagy ha szeretn\u00e9d kellemesen meglepni egy feln\u0151tt puzzle-rajong\u00f3 bar\u00e1todat.<\/span><\/p><\/p>\n","protected":false},"excerpt":{"rendered":"<p>Inspir\u00e1l\u00f3dsz? Kih\u00edvjuk \u00d6nt, hogy pr\u00f3b\u00e1ra tegye a r\u00e9szletekre val\u00f3 odafigyel\u00e9s\u00e9t \u00e9s t\u00fcrelm\u00e9t a m\u0171v\u00e9szi kirak\u00f3s gy\u0171jtem\u00e9ny\u00fcnk legcsod\u00e1latosabb 1000 darabos kirak\u00f3ival.<\/p>\n","protected":false},"featured_media":35409,"template":"","meta":[],"product_brand":[],"product_cat":[1920,1919,1881],"product_tag":[],"class_list":{"0":"post-42059","1":"product","2":"type-product","3":"status-publish","4":"has-post-thumbnail","6":"product_cat-1000-darabos-kirakos-jatek","7":"product_cat-felnott-kirakos-jatekok","8":"product_cat-kirakos-jatekok","9":"pa_bax-10-hu","10":"pa_brand-d_toys-hu","11":"pa_country_of_manufacture-ro-hu","12":"pa_filter_age-14-hu","13":"pa_painter-gustavklimt-hu","14":"pa_tip_ambalaj-doboz","15":"pa_tip_puzzle-klasszikus","17":"first","18":"instock","19":"taxable","20":"shipping-taxable","21":"product-type-simple"},"yoast_head":"<!-- This site is optimized with the Yoast SEO plugin v20.1 - https:\/\/yoast.com\/wordpress\/plugins\/seo\/ -->\n<title>Gustav Klimt 1000 darabos feln\u0151tt puzzle - Farm kert napraforg\u00f3kkal<\/title>\n<meta name=\"description\" content=\"Gustav Klimt 1000 darabos feln\u0151tt puzzle - Farm kert napraforg\u00f3kkal\" \/>\n<meta name=\"robots\" content=\"index, follow, max-snippet:-1, max-image-preview:large, max-video-preview:-1\" \/>\n<link rel=\"canonical\" href=\"https:\/\/business.roovi.com\/hu\/gustav-klimt-1000-darabos-felnott-puzzle-farm-kert-napraforgokkal\/p\/\" \/>\n<meta property=\"og:locale\" content=\"hu_HU\" \/>\n<meta property=\"og:type\" content=\"article\" \/>\n<meta property=\"og:title\" content=\"Gustav Klimt 1000 darabos feln\u0151tt puzzle - Farm kert napraforg\u00f3kkal\" \/>\n<meta property=\"og:description\" content=\"Gustav Klimt 1000 darabos feln\u0151tt puzzle - Farm kert napraforg\u00f3kkal\" \/>\n<meta property=\"og:url\" content=\"https:\/\/business.roovi.com\/hu\/gustav-klimt-1000-darabos-felnott-puzzle-farm-kert-napraforgokkal\/p\/\" \/>\n<meta property=\"og:site_name\" content=\"Roovi B2B\" \/>\n<meta property=\"article:publisher\" content=\"https:\/\/www.facebook.com\/wwwjucariero\" \/>\n<meta property=\"article:modified_time\" content=\"2022-07-06T18:44:19+00:00\" \/>\n<meta property=\"og:image\" content=\"https:\/\/business.roovi.com\/wp-content\/uploads\/2018\/04\/66923-8_ansamblu_dimensiuni_cutie_cm_1200x1200.png\" \/>\n\t<meta property=\"og:image:width\" content=\"1200\" \/>\n\t<meta property=\"og:image:height\" content=\"1200\" \/>\n\t<meta property=\"og:image:type\" content=\"image\/png\" \/>\n<meta name=\"twitter:label1\" content=\"Becs\u00fclt olvas\u00e1si id\u0151\" \/>\n\t<meta name=\"twitter:data1\" content=\"4 perc\" \/>\n<script type=\"application\/ld+json\" class=\"yoast-schema-graph\">{\"@context\":\"https:\/\/schema.org\",\"@graph\":[{\"@type\":\"WebPage\",\"@id\":\"https:\/\/business.roovi.com\/hu\/gustav-klimt-1000-darabos-felnott-puzzle-farm-kert-napraforgokkal\/p\/\",\"url\":\"https:\/\/business.roovi.com\/hu\/gustav-klimt-1000-darabos-felnott-puzzle-farm-kert-napraforgokkal\/p\/\",\"name\":\"Gustav Klimt 1000 darabos feln\u0151tt puzzle - Farm kert napraforg\u00f3kkal\",\"isPartOf\":{\"@id\":\"https:\/\/business.roovi.com\/hu\/#website\"},\"datePublished\":\"2018-04-16T10:56:17+00:00\",\"dateModified\":\"2022-07-06T18:44:19+00:00\",\"description\":\"Gustav Klimt 1000 darabos feln\u0151tt puzzle - Farm kert napraforg\u00f3kkal\",\"breadcrumb\":{\"@id\":\"https:\/\/business.roovi.com\/hu\/gustav-klimt-1000-darabos-felnott-puzzle-farm-kert-napraforgokkal\/p\/#breadcrumb\"},\"inLanguage\":\"hu\",\"potentialAction\":[{\"@type\":\"ReadAction\",\"target\":[\"https:\/\/business.roovi.com\/hu\/gustav-klimt-1000-darabos-felnott-puzzle-farm-kert-napraforgokkal\/p\/\"]}]},{\"@type\":\"BreadcrumbList\",\"@id\":\"https:\/\/business.roovi.com\/hu\/gustav-klimt-1000-darabos-felnott-puzzle-farm-kert-napraforgokkal\/p\/#breadcrumb\",\"itemListElement\":[{\"@type\":\"ListItem\",\"position\":1,\"name\":\"Home\",\"item\":\"https:\/\/business.roovi.com\/hu\/\"},{\"@type\":\"ListItem\",\"position\":2,\"name\":\"Shop\",\"item\":\"https:\/\/business.roovi.com\/hu\/shop\/\"},{\"@type\":\"ListItem\",\"position\":3,\"name\":\"Gustav Klimt 1000 darabos feln\u0151tt puzzle &#8211; Farm kert napraforg\u00f3kkal\"}]},{\"@type\":\"WebSite\",\"@id\":\"https:\/\/business.roovi.com\/hu\/#website\",\"url\":\"https:\/\/business.roovi.com\/hu\/\",\"name\":\"Roovi B2B\",\"description\":\"Roovi Business Website\",\"potentialAction\":[{\"@type\":\"SearchAction\",\"target\":{\"@type\":\"EntryPoint\",\"urlTemplate\":\"https:\/\/business.roovi.com\/hu\/?s={search_term_string}\"},\"query-input\":\"required name=search_term_string\"}],\"inLanguage\":\"hu\"}]}<\/script>\n<!-- \/ Yoast SEO plugin. -->","yoast_head_json":{"title":"Gustav Klimt 1000 darabos feln\u0151tt puzzle - Farm kert napraforg\u00f3kkal","description":"Gustav Klimt 1000 darabos feln\u0151tt puzzle - Farm kert napraforg\u00f3kkal","robots":{"index":"index","follow":"follow","max-snippet":"max-snippet:-1","max-image-preview":"max-image-preview:large","max-video-preview":"max-video-preview:-1"},"canonical":"https:\/\/business.roovi.com\/hu\/gustav-klimt-1000-darabos-felnott-puzzle-farm-kert-napraforgokkal\/p\/","og_locale":"hu_HU","og_type":"article","og_title":"Gustav Klimt 1000 darabos feln\u0151tt puzzle - Farm kert napraforg\u00f3kkal","og_description":"Gustav Klimt 1000 darabos feln\u0151tt puzzle - Farm kert napraforg\u00f3kkal","og_url":"https:\/\/business.roovi.com\/hu\/gustav-klimt-1000-darabos-felnott-puzzle-farm-kert-napraforgokkal\/p\/","og_site_name":"Roovi B2B","article_publisher":"https:\/\/www.facebook.com\/wwwjucariero","article_modified_time":"2022-07-06T18:44:19+00:00","og_image":[{"width":1200,"height":1200,"url":"https:\/\/business.roovi.com\/wp-content\/uploads\/2018\/04\/66923-8_ansamblu_dimensiuni_cutie_cm_1200x1200.png","type":"image\/png"}],"twitter_misc":{"Becs\u00fclt olvas\u00e1si id\u0151":"4 perc"},"schema":{"@context":"https:\/\/schema.org","@graph":[{"@type":"WebPage","@id":"https:\/\/business.roovi.com\/hu\/gustav-klimt-1000-darabos-felnott-puzzle-farm-kert-napraforgokkal\/p\/","url":"https:\/\/business.roovi.com\/hu\/gustav-klimt-1000-darabos-felnott-puzzle-farm-kert-napraforgokkal\/p\/","name":"Gustav Klimt 1000 darabos feln\u0151tt puzzle - Farm kert napraforg\u00f3kkal","isPartOf":{"@id":"https:\/\/business.roovi.com\/hu\/#website"},"datePublished":"2018-04-16T10:56:17+00:00","dateModified":"2022-07-06T18:44:19+00:00","description":"Gustav Klimt 1000 darabos feln\u0151tt puzzle - Farm kert napraforg\u00f3kkal","breadcrumb":{"@id":"https:\/\/business.roovi.com\/hu\/gustav-klimt-1000-darabos-felnott-puzzle-farm-kert-napraforgokkal\/p\/#breadcrumb"},"inLanguage":"hu","potentialAction":[{"@type":"ReadAction","target":["https:\/\/business.roovi.com\/hu\/gustav-klimt-1000-darabos-felnott-puzzle-farm-kert-napraforgokkal\/p\/"]}]},{"@type":"BreadcrumbList","@id":"https:\/\/business.roovi.com\/hu\/gustav-klimt-1000-darabos-felnott-puzzle-farm-kert-napraforgokkal\/p\/#breadcrumb","itemListElement":[{"@type":"ListItem","position":1,"name":"Home","item":"https:\/\/business.roovi.com\/hu\/"},{"@type":"ListItem","position":2,"name":"Shop","item":"https:\/\/business.roovi.com\/hu\/shop\/"},{"@type":"ListItem","position":3,"name":"Gustav Klimt 1000 darabos feln\u0151tt puzzle &#8211; Farm kert napraforg\u00f3kkal"}]},{"@type":"WebSite","@id":"https:\/\/business.roovi.com\/hu\/#website","url":"https:\/\/business.roovi.com\/hu\/","name":"Roovi B2B","description":"Roovi Business Website","potentialAction":[{"@type":"SearchAction","target":{"@type":"EntryPoint","urlTemplate":"https:\/\/business.roovi.com\/hu\/?s={search_term_string}"},"query-input":"required name=search_term_string"}],"inLanguage":"hu"}]}},"_links":{"self":[{"href":"https:\/\/business.roovi.com\/hu\/wp-json\/wp\/v2\/product\/42059","targetHints":{"allow":["GET"]}}],"collection":[{"href":"https:\/\/business.roovi.com\/hu\/wp-json\/wp\/v2\/product"}],"about":[{"href":"https:\/\/business.roovi.com\/hu\/wp-json\/wp\/v2\/types\/product"}],"version-history":[{"count":0,"href":"https:\/\/business.roovi.com\/hu\/wp-json\/wp\/v2\/product\/42059\/revisions"}],"wp:featuredmedia":[{"embeddable":true,"href":"https:\/\/business.roovi.com\/hu\/wp-json\/wp\/v2\/media\/35409"}],"wp:attachment":[{"href":"https:\/\/business.roovi.com\/hu\/wp-json\/wp\/v2\/media?parent=42059"}],"wp:term":[{"taxonomy":"product_brand","embeddable":true,"href":"https:\/\/business.roovi.com\/hu\/wp-json\/wp\/v2\/product_brand?post=42059"},{"taxonomy":"product_cat","embeddable":true,"href":"https:\/\/business.roovi.com\/hu\/wp-json\/wp\/v2\/product_cat?post=42059"},{"taxonomy":"product_tag","embeddable":true,"href":"https:\/\/business.roovi.com\/hu\/wp-json\/wp\/v2\/product_tag?post=42059"}],"curies":[{"name":"wp","href":"https:\/\/api.w.org\/{rel}","templated":true}]}}