{"id":42071,"date":"2018-04-16T10:56:17","date_gmt":"2018-04-16T10:56:17","guid":{"rendered":"https:\/\/business.roovi.com\/puzzle-adulti-1000-piese-wassily-kandinsky-sketch-for-composition-ii\/p\/"},"modified":"2022-07-06T18:44:43","modified_gmt":"2022-07-06T18:44:43","slug":"1000-darab-wassily-kandinszkij-felnott-puzzle-vazlat-a-kompozicio-ii-hez","status":"publish","type":"product","link":"https:\/\/business.roovi.com\/hu\/1000-darab-wassily-kandinszkij-felnott-puzzle-vazlat-a-kompozicio-ii-hez\/p\/","title":{"rendered":"&#8222;1000 darab Wassily Kandinszkij feln\u0151tt puzzle &#8211; V\u00e1zlat a &#8222;&#8221;Kompoz\u00edci\u00f3 II&#8221;-hez&#8221;&#8221;"},"content":{"rendered":"<p><span style=\"font-weight: 400;font-size: 14px\">K\u00e9szen \u00e1llsz egy \u00faj kih\u00edv\u00e1sra? Tesztelje t\u00fcrelm\u00e9t \u00e9s figyelm\u00e9t a r\u00e9szletekre a Wassily Kandinsky &#8211; Sketch for &#8222;Composition II&#8221; c\u00edm\u0171 1000 darabos kirak\u00f3s j\u00e1t\u00e9kkal. Ez a csod\u00e1latos m\u0171v\u00e9szeti puzzle a Kandinszkij \u00e1ltal k\u00e9sz\u00edtett absztrakt m\u0171 vibr\u00e1l\u00f3 \u00e9s sz\u00ednes k\u00e9p\u00e9t adja vissza. A &#8222;Kompoz\u00edci\u00f3 II&#8221; v\u00e1zlata a l\u00f3 \u00e9s lovas mot\u00edvumot sz\u00ednek \u00e9s form\u00e1k \u00f6sszetett kompoz\u00edci\u00f3j\u00e1v\u00e1 fejleszti <\/span><\/p>\n<p><span style=\"font-weight: 400;font-size: 14px\">Kandinszkij sz\u00e1mos &#8222;kompoz\u00edci\u00f3t&#8221; alkotott p\u00e1lyafut\u00e1sa sor\u00e1n, \u00e9s m\u00e9lyen spiritu\u00e1lis jelent\u00e9st tulajdon\u00edtott nekik. Merj bel\u00e9pni ebbe az absztrakt vil\u00e1gba, \u00e9s fedezd fel az orosz fest\u0151 m\u0171v\u00e9szet\u00e9nek jelent\u00e9s\u00e9t ezen a Wassily Kandinsky &#8211; Sketch for &#8222;Composition II&#8221; m\u0171v\u00e9szeti puzzle-n kereszt\u00fcl. A darabok al\u00e1t\u00e1maszt\u00e1s\u00e1ra haszn\u00e1lhat egy k\u00f6z\u00f6ns\u00e9ges doh\u00e1nyz\u00f3asztalt. A v\u00e9gleges festm\u00e9ny m\u00e9rete 50 x 70 cm. Olvasson t\u00f6bbet err\u0151l a m\u0171v\u00e9szeti rejtv\u00e9nyr\u0151l az al\u00e1bbiakban.<\/span><\/p>\n<p><span style=\"font-size: 14px\"><strong>Puzzle anyag <\/strong><\/span><\/p>\n<p><span style=\"font-size: 14px\"><strong>kiv\u00e1l\u00f3 min\u0151s\u00e9g\u0171 k\u00e9k karton<\/strong><\/span><\/p>\n<p><span style=\"font-size: 14px\"><strong>fenntarthat\u00f3, \u00fajrahasznos\u00edthat\u00f3 anyagok<\/strong><\/span><\/p>\n<p><span style=\"font-size: 14px\"><strong>f\u00e9lf\u00e9nyes kivitel, \u00e9l\u00e9nk sz\u00ednek<\/strong><\/span><\/p>\n<p><span style=\"font-size: 14px\"><strong>A kirak\u00f3s darabok sz\u00e1ma: 1000<\/strong><\/span><\/p>\n<p><span style=\"font-size: 14px\"><strong>Aj\u00e1nlott \u00e9letkor: 14+<\/strong><\/span><\/p>\n<p><span style=\"font-size: 14px\"><strong>1000 darabos puzzle a kikapcsol\u00f3d\u00e1shoz \u00e9s sz\u00f3rakoz\u00e1shoz<\/strong><\/span><\/p>\n<p><span style=\"font-weight: 400;font-size: 14px\">Az 1000 darabos kirak\u00f3s j\u00e1t\u00e9k \u00f6ssze\u00e1ll\u00edt\u00e1sa kikapcsol\u00f3d\u00e1st ny\u00fajt, \u00e9s megt\u00f6ri az es\u0151s vagy hideg d\u00e9lut\u00e1nok monot\u00f3ni\u00e1j\u00e1t. A kirak\u00f3s j\u00e1t\u00e9kokba bevonhatja gyermekeit, nagysz\u00fcleit vagy bar\u00e1tait, \u00e9s egy\u00fctt remek\u00fcl sz\u00f3rakozhatnak. R\u00e1ad\u00e1sul a kirak\u00f3s j\u00e1t\u00e9kok seg\u00edtenek:<\/span><\/p>\n<ul>\n<li><span style=\"font-weight: 400;font-size: 14px\">Neh\u00e9z feladatok k\u00f6z\u00f6s megold\u00e1sa<\/span><\/li>\n<li><span style=\"font-weight: 400;font-size: 14px\">Ismerj\u00e9k meg jobban egym\u00e1st \u00e9s kommunik\u00e1ljanak hat\u00e9konyan.<\/span><\/li>\n<li><span style=\"font-weight: 400;font-size: 14px\">Gyakorolja a r\u00e9szletekre val\u00f3 odafigyel\u00e9st \u00e9s a t\u00fcrelmet.<\/span><\/li>\n<li><span style=\"font-weight: 400;font-size: 14px\">Csiszold 1000 darabos kirak\u00f3s j\u00e1t\u00e9kodat.<\/span><\/li>\n<\/ul>\n<p><span style=\"font-size: 14px\"><strong>Tudt\u00e1l Wassily Kandinszkijr\u00f3l?<\/strong><\/span><\/p>\n<p><span style=\"font-weight: 400;font-size: 14px\">\u0150 az els\u0151 fest\u0151, aki absztrakt festm\u00e9nyeket alkotott.<\/span><\/p>\n<p><span style=\"font-size: 14px\"><span style=\"font-weight: 400\">Jogot tanult, \u00e9s visszautas\u00edtotta a jogi professzori \u00e1ll\u00e1st az egyetemen <\/span><span style=\"font-weight: 400\">Dorpat<\/span> <span style=\"font-weight: 400\">\u00e9sztorsz\u00e1gban a fest\u00e9szet rov\u00e1s\u00e1ra.<\/span><\/span><\/p>\n<p><span style=\"font-weight: 400;font-size: 14px\">Sz\u00e1mos m\u0171v\u00e9t a zene ihlette. Gyakran \u00edrt arr\u00f3l, hogy ez a m\u0171v\u00e9szet milyen hat\u00e1ssal volt saj\u00e1t munk\u00e1ss\u00e1g\u00e1ra.<\/span><\/p>\n<p><span style=\"font-weight: 400;font-size: 14px\">Sz\u00e1mos m\u0171ve elveszett az id\u0151k sor\u00e1n. M\u0171vei nem feleltek meg a szovjet szocializmusnak, \u00e9s a n\u00e1cik &#8222;degener\u00e1ltnak&#8221; nevezt\u00e9k m\u0171v\u00e9szet\u00e9t.<\/span><\/p>\n<p><span style=\"font-weight: 400;font-size: 14px\"> &#8222;A &#8222;Composition II&#8221; v\u00e1zlat\u00e1t heves kritika \u00e9rte, a korszak szakemberei szerint \u00fagy t\u0171nt, mintha egy \u0151r\u00fclt vagy tiltott szerek hat\u00e1sa alatt \u00e1ll\u00f3 szem\u00e9ly k\u00e9sz\u00edtette volna.<\/span><\/p>\n<p><span style=\"font-size: 14px\"><strong>M\u0171v\u00e9szeti rejtv\u00e9nyek: menek\u00fcl\u00e9s egy csod\u00e1latos vil\u00e1gba<\/strong><\/span><\/p>\n<p><span style=\"font-weight: 400;font-size: 14px\">A h\u00edres festm\u00e9nyek k\u00e9peinek 1000 darabos kirak\u00f3s j\u00e1t\u00e9kban val\u00f3 \u00fajrateremt\u00e9se j\u00f3l meg\u00e9rdemelt menek\u00fcl\u00e9s a mindennapi gondok el\u0151l. \u00dagy \u00e9rzed magad, mint egy igazi m\u0171v\u00e9sz, aki darabr\u00f3l darabra rakja \u00f6ssze, \u00e9s \u00fajraalkot egy \u00f6sszetett mesterm\u0171vet. Egy sz\u00ednekkel, szimb\u00f3lumokkal \u00e9s pozit\u00edv rezg\u00e9sekkel teli vil\u00e1got fedezhetsz fel, amely k\u00f6r\u00fclvesz t\u00e9ged, \u00e9s m\u00e9lyen ellaz\u00edt \u00e9s \u00fajra kapcsolatba hoz \u00f6nmagaddal.<\/span><\/p>\n<p><span style=\"font-weight: 400;font-size: 14px\">V\u00e1s\u00e1rolja meg Wassily Kandinszkij &#8211; Sketch for &#8222;Composition II&#8221; m\u0171v\u00e9szeti puzzle-t, \u00e9s fedezze fel a h\u00edres orosz fest\u0151 absztrakt m\u0171veinek elk\u00e9peszt\u0151 szimbolik\u00e1j\u00e1t. Fedezze fel a m\u0171v\u00e9szeti rejtv\u00e9nyekben k\u00e9pviselt absztrakt m\u0171alkot\u00e1sok teljes gy\u0171jtem\u00e9ny\u00e9t, \u00e9s hozza l\u00e9tre saj\u00e1t eredeti gal\u00e9ri\u00e1j\u00e1t a gy\u00f6ny\u00f6r\u0171 festm\u00e9nyekb\u0151l.<\/span><\/p>\n<p><span style=\"font-weight: 400;font-size: 14px\">Kiv\u00e1l\u00f3 aj\u00e1nd\u00e9kot keres? Az 1000 darabos Wassily Kandinsky &#8211; Sketch for &#8222;Composition II&#8221; puzzle a m\u0171v\u00e9szeti puzzle gy\u0171jtem\u00e9ny\u00fcnkb\u0151l pont az, amire sz\u00fcks\u00e9ge van!<\/span><\/p><\/p>\n","protected":false},"excerpt":{"rendered":"<p>K\u00e9szen \u00e1llsz egy \u00faj kih\u00edv\u00e1sra? Tesztelje t\u00fcrelm\u00e9t \u00e9s figyelm\u00e9t a r\u00e9szletekre a Wassily Kandinsky &#8211; Sketch for &#8222;Composition II&#8221; c\u00edm\u0171<\/p>\n","protected":false},"featured_media":63534,"template":"","meta":[],"product_brand":[],"product_cat":[1920,1919,1881],"product_tag":[],"class_list":{"0":"post-42071","1":"product","2":"type-product","3":"status-publish","4":"has-post-thumbnail","6":"product_cat-1000-darabos-kirakos-jatek","7":"product_cat-felnott-kirakos-jatekok","8":"product_cat-kirakos-jatekok","9":"pa_bax-10-hu","10":"pa_brand-d_toys-hu","11":"pa_country_of_manufacture-ro-hu","12":"pa_filter_age-14-hu","13":"pa_painter-wassilykandinsky-hu","14":"pa_tip_ambalaj-doboz","15":"pa_tip_puzzle-klasszikus","17":"first","18":"instock","19":"taxable","20":"shipping-taxable","21":"product-type-simple"},"yoast_head":"<!-- This site is optimized with the Yoast SEO plugin v20.1 - https:\/\/yoast.com\/wordpress\/plugins\/seo\/ -->\n<title>&quot;1000 darab Wassily Kandinszkij feln\u0151tt puzzle - V\u00e1zlat a &quot;&quot;Kompoz\u00edci\u00f3 II&quot;-hez&quot;&quot;<\/title>\n<meta name=\"description\" content=\"&quot;1000 darab Wassily Kandinszkij feln\u0151tt puzzle - V\u00e1zlat a &quot;&quot;Kompoz\u00edci\u00f3 II&quot;-hez&quot;&quot;\" \/>\n<meta name=\"robots\" content=\"index, follow, max-snippet:-1, max-image-preview:large, max-video-preview:-1\" \/>\n<link rel=\"canonical\" href=\"https:\/\/business.roovi.com\/hu\/1000-darab-wassily-kandinszkij-felnott-puzzle-vazlat-a-kompozicio-ii-hez\/p\/\" \/>\n<meta property=\"og:locale\" content=\"hu_HU\" \/>\n<meta property=\"og:type\" content=\"article\" \/>\n<meta property=\"og:title\" content=\"&quot;1000 darab Wassily Kandinszkij feln\u0151tt puzzle - V\u00e1zlat a &quot;&quot;Kompoz\u00edci\u00f3 II&quot;-hez&quot;&quot;\" \/>\n<meta property=\"og:description\" content=\"&quot;1000 darab Wassily Kandinszkij feln\u0151tt puzzle - V\u00e1zlat a &quot;&quot;Kompoz\u00edci\u00f3 II&quot;-hez&quot;&quot;\" \/>\n<meta property=\"og:url\" content=\"https:\/\/business.roovi.com\/hu\/1000-darab-wassily-kandinszkij-felnott-puzzle-vazlat-a-kompozicio-ii-hez\/p\/\" \/>\n<meta property=\"og:site_name\" content=\"Roovi B2B\" \/>\n<meta property=\"article:publisher\" content=\"https:\/\/www.facebook.com\/wwwjucariero\" \/>\n<meta property=\"article:modified_time\" content=\"2022-07-06T18:44:43+00:00\" \/>\n<meta property=\"og:image\" content=\"https:\/\/business.roovi.com\/wp-content\/uploads\/2018\/04\/72849-01_ansamblu_dimensiuni_cutie_cm_orizontal.png\" \/>\n\t<meta property=\"og:image:width\" content=\"1200\" \/>\n\t<meta property=\"og:image:height\" content=\"1200\" \/>\n\t<meta property=\"og:image:type\" content=\"image\/png\" \/>\n<meta name=\"twitter:label1\" content=\"Becs\u00fclt olvas\u00e1si id\u0151\" \/>\n\t<meta name=\"twitter:data1\" content=\"3 perc\" \/>\n<script type=\"application\/ld+json\" class=\"yoast-schema-graph\">{\"@context\":\"https:\/\/schema.org\",\"@graph\":[{\"@type\":\"WebPage\",\"@id\":\"https:\/\/business.roovi.com\/hu\/1000-darab-wassily-kandinszkij-felnott-puzzle-vazlat-a-kompozicio-ii-hez\/p\/\",\"url\":\"https:\/\/business.roovi.com\/hu\/1000-darab-wassily-kandinszkij-felnott-puzzle-vazlat-a-kompozicio-ii-hez\/p\/\",\"name\":\"\\\"1000 darab Wassily Kandinszkij feln\u0151tt puzzle - V\u00e1zlat a \\\"\\\"Kompoz\u00edci\u00f3 II\\\"-hez\\\"\\\"\",\"isPartOf\":{\"@id\":\"https:\/\/business.roovi.com\/hu\/#website\"},\"datePublished\":\"2018-04-16T10:56:17+00:00\",\"dateModified\":\"2022-07-06T18:44:43+00:00\",\"description\":\"\\\"1000 darab Wassily Kandinszkij feln\u0151tt puzzle - V\u00e1zlat a \\\"\\\"Kompoz\u00edci\u00f3 II\\\"-hez\\\"\\\"\",\"breadcrumb\":{\"@id\":\"https:\/\/business.roovi.com\/hu\/1000-darab-wassily-kandinszkij-felnott-puzzle-vazlat-a-kompozicio-ii-hez\/p\/#breadcrumb\"},\"inLanguage\":\"hu\",\"potentialAction\":[{\"@type\":\"ReadAction\",\"target\":[\"https:\/\/business.roovi.com\/hu\/1000-darab-wassily-kandinszkij-felnott-puzzle-vazlat-a-kompozicio-ii-hez\/p\/\"]}]},{\"@type\":\"BreadcrumbList\",\"@id\":\"https:\/\/business.roovi.com\/hu\/1000-darab-wassily-kandinszkij-felnott-puzzle-vazlat-a-kompozicio-ii-hez\/p\/#breadcrumb\",\"itemListElement\":[{\"@type\":\"ListItem\",\"position\":1,\"name\":\"Home\",\"item\":\"https:\/\/business.roovi.com\/hu\/\"},{\"@type\":\"ListItem\",\"position\":2,\"name\":\"Shop\",\"item\":\"https:\/\/business.roovi.com\/hu\/shop\/\"},{\"@type\":\"ListItem\",\"position\":3,\"name\":\"&#8220;1000 darab Wassily Kandinszkij feln\u0151tt puzzle &#8211; V\u00e1zlat a &#8220;&#8221;Kompoz\u00edci\u00f3 II&#8221;-hez&#8221;&#8221;\"}]},{\"@type\":\"WebSite\",\"@id\":\"https:\/\/business.roovi.com\/hu\/#website\",\"url\":\"https:\/\/business.roovi.com\/hu\/\",\"name\":\"Roovi B2B\",\"description\":\"Roovi Business Website\",\"potentialAction\":[{\"@type\":\"SearchAction\",\"target\":{\"@type\":\"EntryPoint\",\"urlTemplate\":\"https:\/\/business.roovi.com\/hu\/?s={search_term_string}\"},\"query-input\":\"required name=search_term_string\"}],\"inLanguage\":\"hu\"}]}<\/script>\n<!-- \/ Yoast SEO plugin. -->","yoast_head_json":{"title":"\"1000 darab Wassily Kandinszkij feln\u0151tt puzzle - V\u00e1zlat a \"\"Kompoz\u00edci\u00f3 II\"-hez\"\"","description":"\"1000 darab Wassily Kandinszkij feln\u0151tt puzzle - V\u00e1zlat a \"\"Kompoz\u00edci\u00f3 II\"-hez\"\"","robots":{"index":"index","follow":"follow","max-snippet":"max-snippet:-1","max-image-preview":"max-image-preview:large","max-video-preview":"max-video-preview:-1"},"canonical":"https:\/\/business.roovi.com\/hu\/1000-darab-wassily-kandinszkij-felnott-puzzle-vazlat-a-kompozicio-ii-hez\/p\/","og_locale":"hu_HU","og_type":"article","og_title":"\"1000 darab Wassily Kandinszkij feln\u0151tt puzzle - V\u00e1zlat a \"\"Kompoz\u00edci\u00f3 II\"-hez\"\"","og_description":"\"1000 darab Wassily Kandinszkij feln\u0151tt puzzle - V\u00e1zlat a \"\"Kompoz\u00edci\u00f3 II\"-hez\"\"","og_url":"https:\/\/business.roovi.com\/hu\/1000-darab-wassily-kandinszkij-felnott-puzzle-vazlat-a-kompozicio-ii-hez\/p\/","og_site_name":"Roovi B2B","article_publisher":"https:\/\/www.facebook.com\/wwwjucariero","article_modified_time":"2022-07-06T18:44:43+00:00","og_image":[{"width":1200,"height":1200,"url":"https:\/\/business.roovi.com\/wp-content\/uploads\/2018\/04\/72849-01_ansamblu_dimensiuni_cutie_cm_orizontal.png","type":"image\/png"}],"twitter_misc":{"Becs\u00fclt olvas\u00e1si id\u0151":"3 perc"},"schema":{"@context":"https:\/\/schema.org","@graph":[{"@type":"WebPage","@id":"https:\/\/business.roovi.com\/hu\/1000-darab-wassily-kandinszkij-felnott-puzzle-vazlat-a-kompozicio-ii-hez\/p\/","url":"https:\/\/business.roovi.com\/hu\/1000-darab-wassily-kandinszkij-felnott-puzzle-vazlat-a-kompozicio-ii-hez\/p\/","name":"\"1000 darab Wassily Kandinszkij feln\u0151tt puzzle - V\u00e1zlat a \"\"Kompoz\u00edci\u00f3 II\"-hez\"\"","isPartOf":{"@id":"https:\/\/business.roovi.com\/hu\/#website"},"datePublished":"2018-04-16T10:56:17+00:00","dateModified":"2022-07-06T18:44:43+00:00","description":"\"1000 darab Wassily Kandinszkij feln\u0151tt puzzle - V\u00e1zlat a \"\"Kompoz\u00edci\u00f3 II\"-hez\"\"","breadcrumb":{"@id":"https:\/\/business.roovi.com\/hu\/1000-darab-wassily-kandinszkij-felnott-puzzle-vazlat-a-kompozicio-ii-hez\/p\/#breadcrumb"},"inLanguage":"hu","potentialAction":[{"@type":"ReadAction","target":["https:\/\/business.roovi.com\/hu\/1000-darab-wassily-kandinszkij-felnott-puzzle-vazlat-a-kompozicio-ii-hez\/p\/"]}]},{"@type":"BreadcrumbList","@id":"https:\/\/business.roovi.com\/hu\/1000-darab-wassily-kandinszkij-felnott-puzzle-vazlat-a-kompozicio-ii-hez\/p\/#breadcrumb","itemListElement":[{"@type":"ListItem","position":1,"name":"Home","item":"https:\/\/business.roovi.com\/hu\/"},{"@type":"ListItem","position":2,"name":"Shop","item":"https:\/\/business.roovi.com\/hu\/shop\/"},{"@type":"ListItem","position":3,"name":"&#8220;1000 darab Wassily Kandinszkij feln\u0151tt puzzle &#8211; V\u00e1zlat a &#8220;&#8221;Kompoz\u00edci\u00f3 II&#8221;-hez&#8221;&#8221;"}]},{"@type":"WebSite","@id":"https:\/\/business.roovi.com\/hu\/#website","url":"https:\/\/business.roovi.com\/hu\/","name":"Roovi B2B","description":"Roovi Business Website","potentialAction":[{"@type":"SearchAction","target":{"@type":"EntryPoint","urlTemplate":"https:\/\/business.roovi.com\/hu\/?s={search_term_string}"},"query-input":"required name=search_term_string"}],"inLanguage":"hu"}]}},"_links":{"self":[{"href":"https:\/\/business.roovi.com\/hu\/wp-json\/wp\/v2\/product\/42071","targetHints":{"allow":["GET"]}}],"collection":[{"href":"https:\/\/business.roovi.com\/hu\/wp-json\/wp\/v2\/product"}],"about":[{"href":"https:\/\/business.roovi.com\/hu\/wp-json\/wp\/v2\/types\/product"}],"version-history":[{"count":0,"href":"https:\/\/business.roovi.com\/hu\/wp-json\/wp\/v2\/product\/42071\/revisions"}],"wp:featuredmedia":[{"embeddable":true,"href":"https:\/\/business.roovi.com\/hu\/wp-json\/wp\/v2\/media\/63534"}],"wp:attachment":[{"href":"https:\/\/business.roovi.com\/hu\/wp-json\/wp\/v2\/media?parent=42071"}],"wp:term":[{"taxonomy":"product_brand","embeddable":true,"href":"https:\/\/business.roovi.com\/hu\/wp-json\/wp\/v2\/product_brand?post=42071"},{"taxonomy":"product_cat","embeddable":true,"href":"https:\/\/business.roovi.com\/hu\/wp-json\/wp\/v2\/product_cat?post=42071"},{"taxonomy":"product_tag","embeddable":true,"href":"https:\/\/business.roovi.com\/hu\/wp-json\/wp\/v2\/product_tag?post=42071"}],"curies":[{"name":"wp","href":"https:\/\/api.w.org\/{rel}","templated":true}]}}